{"id":6597,"date":"2024-02-05T08:42:45","date_gmt":"2024-02-05T08:42:45","guid":{"rendered":"https:\/\/longchangchemical.com\/?post_type=product&#038;p=6597"},"modified":"2025-12-17T02:50:36","modified_gmt":"2025-12-17T02:50:36","slug":"mps-cas-17636-10-1","status":"publish","type":"product","link":"https:\/\/longchangchemical.com\/hu\/product\/mps-cas-17636-10-1\/","title":{"rendered":"N\u00e1trium-3-merkaptoprop\u00e1nszulfon\u00e1t\/ MPS CAS 17636-10-1"},"content":{"rendered":"<h1><strong>N\u00e1trium-3-merkaptoprop\u00e1nszulfon\u00e1t\/ MPS CAS 17636-10-1<\/strong><\/h1>\n<p>Az MPS fokozhatja a r\u00e9zfel\u00fclet korr\u00f3zi\u00f3\u00e1ll\u00f3s\u00e1g\u00e1t, \u00e9s poli\u00e9terrel egy\u00fctt haszn\u00e1lhat\u00f3 f\u00e9nyes \u00e9s k\u00e9pl\u00e9keny galvaniz\u00e1l\u00f3 r\u00e9teg el\u0151\u00e1ll\u00edt\u00e1s\u00e1hoz.<\/p>\n<p>&nbsp;<\/p>\n<p><strong><b>Standard<\/b><\/strong><\/p>\n<table>\n<tbody>\n<tr>\n<td width=\"229\">T\u00e9tel<\/td>\n<td width=\"224\">Specifik\u00e1ci\u00f3<\/td>\n<\/tr>\n<tr>\n<td width=\"229\">Megjelen\u00e9s<\/td>\n<td width=\"224\">Feh\u00e9rb\u0151l vil\u00e1goss\u00e1rg\u00e1ba hajl\u00f3 teljes\u00edtm\u00e9ny<\/td>\n<\/tr>\n<tr>\n<td width=\"229\">Oldhat\u00f3s\u00e1g (5% vizes oldat):<\/td>\n<td width=\"224\">\u00c1tl\u00e1tsz\u00f3 \u00e9s tiszta<\/td>\n<\/tr>\n<tr>\n<td width=\"229\">Tisztas\u00e1g (HPLC)<\/td>\n<td width=\"224\">\uff1e99.0%<\/td>\n<\/tr>\n<tr>\n<td width=\"229\">Nedvess\u00e9g<\/td>\n<td width=\"224\">\uff1c1.0%<\/td>\n<\/tr>\n<\/tbody>\n<\/table>\n<p><strong><b>\u00a0<\/b><\/strong><\/p>\n<p><strong>Alkalmaz\u00e1s: <\/strong><\/p>\n<p>Az MPS-t a galvaniz\u00e1l\u00f3 adal\u00e9kok k\u00f6ztes anyagak\u00e9nt haszn\u00e1lj\u00e1k a r\u00e9zfeh\u00e9r\u00edt\u0151k el\u0151\u00e1ll\u00edt\u00e1s\u00e1hoz, k\u00fcl\u00f6n\u00f6sen a nyomtatott \u00e1ramk\u00f6ri lapok galvaniz\u00e1l\u00e1s\u00e1hoz.<\/p>\n<p>&nbsp;<\/p>\n<p><strong><b>P<\/b><\/strong><strong><b>ackag<\/b><\/strong><strong><b>e<\/b><\/strong><strong><b>:<\/b><\/strong>25kgs\/Drum; 50kgs\/Drum<\/p>\n<p><strong><b>\u00a0<\/b><\/strong><\/p>\n<p><strong><b>T\u00e1rol\u00e1s: <\/b><\/strong><\/p>\n<p>V\u00e9dett a nedvess\u00e9gt\u0151l \u00e9s az es\u0151t\u0151l.<\/p>\n<p>Ker\u00fclje el a sz\u00e1ll\u00edt\u00e1s sor\u00e1n \u00f6sszet\u00f6rt csomagot.<\/p>\n<p>Sz\u00e1raz \u00e9s szell\u0151ztetett rakt\u00e1rban t\u00e1rolja.<\/p>\n<h2><strong><b>L\u00e9pjen kapcsolatba vel\u00fcnk most!<\/b><\/strong><\/h2>\n<h4><strong><b>Ha sz\u00fcks\u00e9ge van Price-ra, k\u00e9rj\u00fck, t\u00f6ltse ki el\u00e9rhet\u0151s\u00e9g\u00e9t az al\u00e1bbi \u0171rlapon, \u00e1ltal\u00e1ban 24 \u00f3r\u00e1n bel\u00fcl felvessz\u00fck \u00d6nnel a kapcsolatot. \u00d6n is k\u00fcldhet nekem e-mailt\u00a0<span style=\"color: #00ccff;\"><a style=\"color: #00ccff;\" href=\"mailto:info@longchangchemical.com\">info@longchangchemical.com<\/a>\u00a0<\/span>munkaid\u0151ben ( 8:30-18:00 UTC+8 H.-Szombat ) vagy haszn\u00e1lja a weboldal \u00e9l\u0151 chatj\u00e9t, hogy azonnali v\u00e1laszt kapjon.<\/b><\/strong><\/h4>","protected":false},"excerpt":{"rendered":"<p><strong>K\u00e9miai n\u00e9v:<\/strong>\u00a03-Merkapto-1-prop\u00e1n-szulfonsav n\u00e1triums\u00f3<\/p>\n<p><strong>Szinonim\u00e1ja: <\/strong>N\u00e1trium-3-merkaptopropanszulfon\u00e1t; MPS<\/p>\n<p><strong>CAS-sz\u00e1m:<\/strong>\u00a017636-10-1<\/p>\n<p><strong>MF<\/strong>: C3H7O3S2Na\u00a0\u00a0 <strong>MW<\/strong><strong>: <\/strong>178.2<\/p>\n<p><strong>Molekul\u00e1ris szerkezet\uff1a<\/strong><img decoding=\"async\" class=\"alignnone size-full wp-image-6598\" src=\"https:\/\/longchangchemical.com\/wp-content\/uploads\/2024\/02\/MPS.png\" alt=\"\" width=\"384\" height=\"230\" \/><\/p>","protected":false},"featured_media":6598,"comment_status":"open","ping_status":"closed","template":"","meta":[],"product_brand":[],"product_cat":[135],"product_tag":[],"class_list":{"0":"post-6597","1":"product","2":"type-product","3":"status-publish","4":"has-post-thumbnail","6":"product_cat-santicor-corrosion-inhibitor","8":"first","9":"instock","10":"shipping-taxable","11":"product-type-simple"},"yoast_head":"<!-- This site is optimized with the Yoast SEO plugin v25.3.1 - https:\/\/yoast.com\/wordpress\/plugins\/seo\/ -->\n<title>China MPS Chemical Manufacturer - CAS 17636-10-1 supplier - Longchang Chemical<\/title>\n<meta name=\"description\" content=\"Sodium 3-mercaptopropanesulphonate is used as an intermediate in electroplating additives for the preparation of copper brighteners, Longchang Chemical can Offer the best price.\" \/>\n<meta name=\"robots\" content=\"index, follow, max-snippet:-1, max-image-preview:large, max-video-preview:-1\" \/>\n<link rel=\"canonical\" href=\"https:\/\/longchangchemical.com\/hu\/product\/mps-cas-17636-10-1\/\" \/>\n<meta property=\"og:locale\" content=\"hu_HU\" \/>\n<meta property=\"og:type\" content=\"article\" \/>\n<meta property=\"og:title\" content=\"China MPS Chemical Manufacturer - CAS 17636-10-1 supplier - Longchang Chemical\" \/>\n<meta property=\"og:description\" content=\"Sodium 3-mercaptopropanesulphonate is used as an intermediate in electroplating additives for the preparation of copper brighteners, Longchang Chemical can Offer the best price.\" \/>\n<meta property=\"og:url\" content=\"https:\/\/longchangchemical.com\/hu\/product\/mps-cas-17636-10-1\/\" \/>\n<meta property=\"og:site_name\" content=\"Longchang Chemical\" \/>\n<meta property=\"article:modified_time\" content=\"2025-12-17T02:50:36+00:00\" \/>\n<meta property=\"og:image\" content=\"https:\/\/longchangchemical.com\/wp-content\/uploads\/2024\/02\/MPS.png\" \/>\n\t<meta property=\"og:image:width\" content=\"384\" \/>\n\t<meta property=\"og:image:height\" content=\"230\" \/>\n\t<meta property=\"og:image:type\" content=\"image\/png\" \/>\n<meta name=\"twitter:card\" content=\"summary_large_image\" \/>\n<script type=\"application\/ld+json\" class=\"yoast-schema-graph\">{\"@context\":\"https:\/\/schema.org\",\"@graph\":[{\"@type\":\"WebPage\",\"@id\":\"https:\/\/longchangchemical.com\/product\/mps-cas-17636-10-1\/\",\"url\":\"https:\/\/longchangchemical.com\/product\/mps-cas-17636-10-1\/\",\"name\":\"China MPS Chemical Manufacturer - CAS 17636-10-1 supplier - Longchang Chemical\",\"isPartOf\":{\"@id\":\"https:\/\/longchangchemical.com\/#website\"},\"primaryImageOfPage\":{\"@id\":\"https:\/\/longchangchemical.com\/product\/mps-cas-17636-10-1\/#primaryimage\"},\"image\":{\"@id\":\"https:\/\/longchangchemical.com\/product\/mps-cas-17636-10-1\/#primaryimage\"},\"thumbnailUrl\":\"https:\/\/longchangchemical.com\/wp-content\/uploads\/2024\/02\/MPS.png\",\"datePublished\":\"2024-02-05T08:42:45+00:00\",\"dateModified\":\"2025-12-17T02:50:36+00:00\",\"description\":\"Sodium 3-mercaptopropanesulphonate is used as an intermediate in electroplating additives for the preparation of copper brighteners, Longchang Chemical can Offer the best price.\",\"breadcrumb\":{\"@id\":\"https:\/\/longchangchemical.com\/product\/mps-cas-17636-10-1\/#breadcrumb\"},\"inLanguage\":\"hu\",\"potentialAction\":[{\"@type\":\"ReadAction\",\"target\":[\"https:\/\/longchangchemical.com\/product\/mps-cas-17636-10-1\/\"]}]},{\"@type\":\"ImageObject\",\"inLanguage\":\"hu\",\"@id\":\"https:\/\/longchangchemical.com\/product\/mps-cas-17636-10-1\/#primaryimage\",\"url\":\"https:\/\/longchangchemical.com\/wp-content\/uploads\/2024\/02\/MPS.png\",\"contentUrl\":\"https:\/\/longchangchemical.com\/wp-content\/uploads\/2024\/02\/MPS.png\",\"width\":384,\"height\":230},{\"@type\":\"BreadcrumbList\",\"@id\":\"https:\/\/longchangchemical.com\/product\/mps-cas-17636-10-1\/#breadcrumb\",\"itemListElement\":[{\"@type\":\"ListItem\",\"position\":1,\"name\":\"Home\",\"item\":\"https:\/\/longchangchemical.com\/\"},{\"@type\":\"ListItem\",\"position\":2,\"name\":\"Products Longchang\",\"item\":\"https:\/\/longchangchemical.com\/product\/\"},{\"@type\":\"ListItem\",\"position\":3,\"name\":\"Sodium 3-mercaptopropanesulphonate\/ MPS CAS 17636-10-1\"}]},{\"@type\":\"WebSite\",\"@id\":\"https:\/\/longchangchemical.com\/#website\",\"url\":\"https:\/\/longchangchemical.com\/\",\"name\":\"Longchang Chemical\",\"description\":\"China chemical manufacturer \uff06 supplier\",\"publisher\":{\"@id\":\"https:\/\/longchangchemical.com\/#organization\"},\"potentialAction\":[{\"@type\":\"SearchAction\",\"target\":{\"@type\":\"EntryPoint\",\"urlTemplate\":\"https:\/\/longchangchemical.com\/?s={search_term_string}\"},\"query-input\":{\"@type\":\"PropertyValueSpecification\",\"valueRequired\":true,\"valueName\":\"search_term_string\"}}],\"inLanguage\":\"hu\"},{\"@type\":\"Organization\",\"@id\":\"https:\/\/longchangchemical.com\/#organization\",\"name\":\"Longchang Chemical\",\"url\":\"https:\/\/longchangchemical.com\/\",\"logo\":{\"@type\":\"ImageObject\",\"inLanguage\":\"hu\",\"@id\":\"https:\/\/longchangchemical.com\/#\/schema\/logo\/image\/\",\"url\":\"https:\/\/longchangchemical.com\/wp-content\/uploads\/2020\/08\/cropped-longchang-logo.png\",\"contentUrl\":\"https:\/\/longchangchemical.com\/wp-content\/uploads\/2020\/08\/cropped-longchang-logo.png\",\"width\":512,\"height\":512,\"caption\":\"Longchang Chemical\"},\"image\":{\"@id\":\"https:\/\/longchangchemical.com\/#\/schema\/logo\/image\/\"}}]}<\/script>\n<!-- \/ Yoast SEO plugin. -->","yoast_head_json":{"title":"K\u00edna MPS Chemical Manufacturer - CAS 17636-10-1 sz\u00e1ll\u00edt\u00f3 - Longchang Chemical","description":"A n\u00e1trium-3-merkaptopropanszulfon\u00e1tot a galvaniz\u00e1l\u00f3 adal\u00e9kanyagok k\u00f6ztes anyagak\u00e9nt haszn\u00e1lj\u00e1k a r\u00e9zfeh\u00e9r\u00edt\u0151k el\u0151\u00e1ll\u00edt\u00e1s\u00e1hoz, a Longchang Chemical a legjobb \u00e1rat k\u00edn\u00e1lja.","robots":{"index":"index","follow":"follow","max-snippet":"max-snippet:-1","max-image-preview":"max-image-preview:large","max-video-preview":"max-video-preview:-1"},"canonical":"https:\/\/longchangchemical.com\/hu\/product\/mps-cas-17636-10-1\/","og_locale":"hu_HU","og_type":"article","og_title":"China MPS Chemical Manufacturer - CAS 17636-10-1 supplier - Longchang Chemical","og_description":"Sodium 3-mercaptopropanesulphonate is used as an intermediate in electroplating additives for the preparation of copper brighteners, Longchang Chemical can Offer the best price.","og_url":"https:\/\/longchangchemical.com\/hu\/product\/mps-cas-17636-10-1\/","og_site_name":"Longchang Chemical","article_modified_time":"2025-12-17T02:50:36+00:00","og_image":[{"width":384,"height":230,"url":"https:\/\/longchangchemical.com\/wp-content\/uploads\/2024\/02\/MPS.png","type":"image\/png"}],"twitter_card":"summary_large_image","schema":{"@context":"https:\/\/schema.org","@graph":[{"@type":"WebPage","@id":"https:\/\/longchangchemical.com\/product\/mps-cas-17636-10-1\/","url":"https:\/\/longchangchemical.com\/product\/mps-cas-17636-10-1\/","name":"K\u00edna MPS Chemical Manufacturer - CAS 17636-10-1 sz\u00e1ll\u00edt\u00f3 - Longchang Chemical","isPartOf":{"@id":"https:\/\/longchangchemical.com\/#website"},"primaryImageOfPage":{"@id":"https:\/\/longchangchemical.com\/product\/mps-cas-17636-10-1\/#primaryimage"},"image":{"@id":"https:\/\/longchangchemical.com\/product\/mps-cas-17636-10-1\/#primaryimage"},"thumbnailUrl":"https:\/\/longchangchemical.com\/wp-content\/uploads\/2024\/02\/MPS.png","datePublished":"2024-02-05T08:42:45+00:00","dateModified":"2025-12-17T02:50:36+00:00","description":"A n\u00e1trium-3-merkaptopropanszulfon\u00e1tot a galvaniz\u00e1l\u00f3 adal\u00e9kanyagok k\u00f6ztes anyagak\u00e9nt haszn\u00e1lj\u00e1k a r\u00e9zfeh\u00e9r\u00edt\u0151k el\u0151\u00e1ll\u00edt\u00e1s\u00e1hoz, a Longchang Chemical a legjobb \u00e1rat k\u00edn\u00e1lja.","breadcrumb":{"@id":"https:\/\/longchangchemical.com\/product\/mps-cas-17636-10-1\/#breadcrumb"},"inLanguage":"hu","potentialAction":[{"@type":"ReadAction","target":["https:\/\/longchangchemical.com\/product\/mps-cas-17636-10-1\/"]}]},{"@type":"ImageObject","inLanguage":"hu","@id":"https:\/\/longchangchemical.com\/product\/mps-cas-17636-10-1\/#primaryimage","url":"https:\/\/longchangchemical.com\/wp-content\/uploads\/2024\/02\/MPS.png","contentUrl":"https:\/\/longchangchemical.com\/wp-content\/uploads\/2024\/02\/MPS.png","width":384,"height":230},{"@type":"BreadcrumbList","@id":"https:\/\/longchangchemical.com\/product\/mps-cas-17636-10-1\/#breadcrumb","itemListElement":[{"@type":"ListItem","position":1,"name":"Home","item":"https:\/\/longchangchemical.com\/"},{"@type":"ListItem","position":2,"name":"Products Longchang","item":"https:\/\/longchangchemical.com\/product\/"},{"@type":"ListItem","position":3,"name":"Sodium 3-mercaptopropanesulphonate\/ MPS CAS 17636-10-1"}]},{"@type":"WebSite","@id":"https:\/\/longchangchemical.com\/#website","url":"https:\/\/longchangchemical.com\/","name":"Longchang Chemical","description":"K\u00edna k\u00e9miai gy\u00e1rt\u00f3 \uff06 sz\u00e1ll\u00edt\u00f3","publisher":{"@id":"https:\/\/longchangchemical.com\/#organization"},"potentialAction":[{"@type":"SearchAction","target":{"@type":"EntryPoint","urlTemplate":"https:\/\/longchangchemical.com\/?s={search_term_string}"},"query-input":{"@type":"PropertyValueSpecification","valueRequired":true,"valueName":"search_term_string"}}],"inLanguage":"hu"},{"@type":"Organization","@id":"https:\/\/longchangchemical.com\/#organization","name":"Longchang Chemical","url":"https:\/\/longchangchemical.com\/","logo":{"@type":"ImageObject","inLanguage":"hu","@id":"https:\/\/longchangchemical.com\/#\/schema\/logo\/image\/","url":"https:\/\/longchangchemical.com\/wp-content\/uploads\/2020\/08\/cropped-longchang-logo.png","contentUrl":"https:\/\/longchangchemical.com\/wp-content\/uploads\/2020\/08\/cropped-longchang-logo.png","width":512,"height":512,"caption":"Longchang Chemical"},"image":{"@id":"https:\/\/longchangchemical.com\/#\/schema\/logo\/image\/"}}]}},"_links":{"self":[{"href":"https:\/\/longchangchemical.com\/hu\/wp-json\/wp\/v2\/product\/6597","targetHints":{"allow":["GET"]}}],"collection":[{"href":"https:\/\/longchangchemical.com\/hu\/wp-json\/wp\/v2\/product"}],"about":[{"href":"https:\/\/longchangchemical.com\/hu\/wp-json\/wp\/v2\/types\/product"}],"replies":[{"embeddable":true,"href":"https:\/\/longchangchemical.com\/hu\/wp-json\/wp\/v2\/comments?post=6597"}],"wp:featuredmedia":[{"embeddable":true,"href":"https:\/\/longchangchemical.com\/hu\/wp-json\/wp\/v2\/media\/6598"}],"wp:attachment":[{"href":"https:\/\/longchangchemical.com\/hu\/wp-json\/wp\/v2\/media?parent=6597"}],"wp:term":[{"taxonomy":"product_brand","embeddable":true,"href":"https:\/\/longchangchemical.com\/hu\/wp-json\/wp\/v2\/product_brand?post=6597"},{"taxonomy":"product_cat","embeddable":true,"href":"https:\/\/longchangchemical.com\/hu\/wp-json\/wp\/v2\/product_cat?post=6597"},{"taxonomy":"product_tag","embeddable":true,"href":"https:\/\/longchangchemical.com\/hu\/wp-json\/wp\/v2\/product_tag?post=6597"}],"curies":[{"name":"wp","href":"https:\/\/api.w.org\/{rel}","templated":true}]}}