{"id":6595,"date":"2024-02-05T08:03:22","date_gmt":"2024-02-05T08:03:22","guid":{"rendered":"https:\/\/longchangchemical.com\/?post_type=product&#038;p=6595"},"modified":"2025-12-17T02:56:24","modified_gmt":"2025-12-17T02:56:24","slug":"sodium-molybdate-cas-7631-95-0","status":"publish","type":"product","link":"https:\/\/longchangchemical.com\/hu\/product\/sodium-molybdate-cas-7631-95-0\/","title":{"rendered":"N\u00e1trium-molibd\u00e1t \/ din\u00e1trium-molibd\u00e1t CAS 7631-95-0"},"content":{"rendered":"<h1><strong>N\u00e1trium-molibd\u00e1t \/ din\u00e1trium-molibd\u00e1t CAS 7631-95-0<\/strong><\/h1>\n<p>A n\u00e1trium-molibd\u00e1t sz\u00edntelen foszforpehelykrist\u00e1ly. V\u00edzben k\u00f6nnyen old\u00f3dik, acetonban nem old\u00f3dik, 100 Celsius-fokon a krist\u00e1lyv\u00edz elt\u00e1vol\u00edt\u00e1sa \u00e9rdek\u00e9ben. Alkaloidok \u00e9s m\u00e1s anyagok reagensek, sz\u00ednez\u00e9kek, molibd\u00e9nv\u00f6r\u00f6s pigmentek, kataliz\u00e1torok, molibd\u00e9ns\u00f3k \u00e9s napf\u00e9nynek ellen\u00e1ll\u00f3 sz\u00ednkiv\u00e1laszt\u00f3k el\u0151\u00e1ll\u00edt\u00e1s\u00e1ra haszn\u00e1lj\u00e1k. Emellett nyersanyagk\u00e9nt szolg\u00e1l az \u00e9g\u00e9sg\u00e1tl\u00f3k gy\u00e1rt\u00e1s\u00e1hoz \u00e9s f\u00e9mkorr\u00f3zi\u00f3g\u00e1tl\u00f3k\u00e9nt a szennyez\u00e9smentes h\u0171t\u0151v\u00edzrendszerekben.<\/p>\n<p>&nbsp;<\/p>\n<p><strong><b>Standard<\/b><\/strong><\/p>\n<table>\n<tbody>\n<tr>\n<td width=\"189\">T\u00e9tel<\/td>\n<td width=\"264\">Specifik\u00e1ci\u00f3<\/td>\n<\/tr>\n<tr>\n<td width=\"189\">Megjelen\u00e9s<\/td>\n<td width=\"264\">Feh\u00e9r szil\u00e1rd<\/td>\n<\/tr>\n<tr>\n<td width=\"189\">Mo<\/td>\n<td width=\"264\">\u226539<\/td>\n<\/tr>\n<tr>\n<td width=\"189\">Fe<\/td>\n<td width=\"264\">\u22640.005<\/td>\n<\/tr>\n<tr>\n<td width=\"189\">SO<sub>4<\/sub><\/td>\n<td width=\"264\">\u22640.1<\/td>\n<\/tr>\n<tr>\n<td width=\"189\">Mint<\/td>\n<td width=\"264\">\u22640.001<\/td>\n<\/tr>\n<tr>\n<td width=\"189\">Cl<\/td>\n<td width=\"264\">\u22640.02<\/td>\n<\/tr>\n<tr>\n<td width=\"189\">Nedvess\u00e9g<\/td>\n<td width=\"264\">\u22640.05<\/td>\n<\/tr>\n<tr>\n<td width=\"189\">PH<\/td>\n<td width=\"264\">8.5-9<\/td>\n<\/tr>\n<\/tbody>\n<\/table>\n<p><strong><b>\u00a0<\/b><\/strong><\/p>\n<p><strong>Alkalmaz\u00e1s: <\/strong><\/p>\n<p>Alkaloidok, sz\u00ednez\u00e9kek, m\u0171tr\u00e1gy\u00e1k, pigmentek, kataliz\u00e1torok, \u00e9g\u00e9sg\u00e1tl\u00f3k \u00e9s f\u00e9mg\u00e1tl\u00f3k el\u0151\u00e1ll\u00edt\u00e1s\u00e1hoz haszn\u00e1lj\u00e1k a szennyez\u00e9smentes h\u0171t\u0151v\u00edzrendszerek, valamint a galvaniz\u00e1l\u00f3 pol\u00edroz\u00f3szerek \u00e9s vegyi reagensek gy\u00e1rt\u00e1s\u00e1hoz.<\/p>\n<p>&nbsp;<\/p>\n<p><strong><b>P<\/b><\/strong><strong><b>ackag<\/b><\/strong><strong><b>e<\/b><\/strong><strong><b>:<\/b><\/strong>25kgs\/Drum; 50kgs\/Drum<\/p>\n<p><strong><b>\u00a0<\/b><\/strong><\/p>\n<p><strong><b>T\u00e1rol\u00e1s: <\/b><\/strong><\/p>\n<p>H\u0171v\u00f6s, sz\u00e1raz \u00e9s szell\u0151s helyen t\u00e1roljuk.<\/p>\n<h2><strong><b>L\u00e9pjen kapcsolatba vel\u00fcnk most!<\/b><\/strong><\/h2>\n<h4><strong><b>Ha sz\u00fcks\u00e9ge van Price-ra, k\u00e9rj\u00fck, t\u00f6ltse ki el\u00e9rhet\u0151s\u00e9g\u00e9t az al\u00e1bbi \u0171rlapon, \u00e1ltal\u00e1ban 24 \u00f3r\u00e1n bel\u00fcl felvessz\u00fck \u00d6nnel a kapcsolatot. \u00d6n is k\u00fcldhet nekem e-mailt\u00a0<span style=\"color: #00ccff;\"><a style=\"color: #00ccff;\" href=\"mailto:info@longchangchemical.com\">info@longchangchemical.com<\/a>\u00a0<\/span>munkaid\u0151ben ( 8:30-18:00 UTC+8 H.-Szombat ) vagy haszn\u00e1lja a weboldal \u00e9l\u0151 chatj\u00e9t, hogy azonnali v\u00e1laszt kapjon.<\/b><\/strong><\/h4>","protected":false},"excerpt":{"rendered":"<p><strong>K\u00e9miai n\u00e9v:<\/strong>\u00a0N\u00e1trium-molibd\u00e1t<\/p>\n<p><strong>Szinonim\u00e1ja: <\/strong>Din\u00e1trium-molibd\u00e1t<\/p>\n<p><strong>CAS-sz\u00e1m:<\/strong>\u00a07631-95-0<\/p>\n<p><strong>MF<\/strong>: MoNa2O4\u00a0 <strong>MW<\/strong><strong>: <\/strong>205.91714<\/p>\n<p><strong>Molekul\u00e1ris szerkezet\uff1a<img decoding=\"async\" class=\"alignnone size-full wp-image-6596\" src=\"https:\/\/longchangchemical.com\/wp-content\/uploads\/2024\/02\/Sodium-molybdate.png\" alt=\"\" width=\"165\" height=\"86\" \/><\/strong><\/p>\n<p><strong><b>\u00a0<\/b><\/strong><\/p>","protected":false},"featured_media":6715,"comment_status":"open","ping_status":"closed","template":"","meta":[],"product_brand":[],"product_cat":[135],"product_tag":[],"class_list":{"0":"post-6595","1":"product","2":"type-product","3":"status-publish","4":"has-post-thumbnail","6":"product_cat-santicor-corrosion-inhibitor","8":"first","9":"instock","10":"shipping-taxable","11":"product-type-simple"},"yoast_head":"<!-- This site is optimized with the Yoast SEO plugin v25.3.1 - https:\/\/yoast.com\/wordpress\/plugins\/seo\/ -->\n<title>China Sodium molybdate Manufacturer \/ Disodium molybdate supplier CAS 7631-95-0 - Longchang Chemical<\/title>\n<meta name=\"description\" content=\"Sodium molybdate Used in the manufacture of alkaloids, dyestuffs, fertilisers, pigments, catalysts, flame retardants and metal inhibitors for pollution-free cooling water systems, as well as in galvanising polish and chemical reagents.\" \/>\n<meta name=\"robots\" content=\"index, follow, max-snippet:-1, max-image-preview:large, max-video-preview:-1\" \/>\n<link rel=\"canonical\" href=\"https:\/\/longchangchemical.com\/hu\/product\/sodium-molybdate-cas-7631-95-0\/\" \/>\n<meta property=\"og:locale\" content=\"hu_HU\" \/>\n<meta property=\"og:type\" content=\"article\" \/>\n<meta property=\"og:title\" content=\"China Sodium molybdate Manufacturer \/ Disodium molybdate supplier CAS 7631-95-0 - Longchang Chemical\" \/>\n<meta property=\"og:description\" content=\"Sodium molybdate Used in the manufacture of alkaloids, dyestuffs, fertilisers, pigments, catalysts, flame retardants and metal inhibitors for pollution-free cooling water systems, as well as in galvanising polish and chemical reagents.\" \/>\n<meta property=\"og:url\" content=\"https:\/\/longchangchemical.com\/hu\/product\/sodium-molybdate-cas-7631-95-0\/\" \/>\n<meta property=\"og:site_name\" content=\"Longchang Chemical\" \/>\n<meta property=\"article:modified_time\" content=\"2025-12-17T02:56:24+00:00\" \/>\n<meta property=\"og:image\" content=\"https:\/\/longchangchemical.com\/wp-content\/uploads\/2024\/02\/Sodium-molybdate-Disodium-molybdate-CAS-7631-95-0.jpg\" \/>\n\t<meta property=\"og:image:width\" content=\"800\" \/>\n\t<meta property=\"og:image:height\" content=\"800\" \/>\n\t<meta property=\"og:image:type\" content=\"image\/jpeg\" \/>\n<meta name=\"twitter:card\" content=\"summary_large_image\" \/>\n<script type=\"application\/ld+json\" class=\"yoast-schema-graph\">{\"@context\":\"https:\/\/schema.org\",\"@graph\":[{\"@type\":\"WebPage\",\"@id\":\"https:\/\/longchangchemical.com\/product\/sodium-molybdate-cas-7631-95-0\/\",\"url\":\"https:\/\/longchangchemical.com\/product\/sodium-molybdate-cas-7631-95-0\/\",\"name\":\"China Sodium molybdate Manufacturer \/ Disodium molybdate supplier CAS 7631-95-0 - Longchang Chemical\",\"isPartOf\":{\"@id\":\"https:\/\/longchangchemical.com\/#website\"},\"primaryImageOfPage\":{\"@id\":\"https:\/\/longchangchemical.com\/product\/sodium-molybdate-cas-7631-95-0\/#primaryimage\"},\"image\":{\"@id\":\"https:\/\/longchangchemical.com\/product\/sodium-molybdate-cas-7631-95-0\/#primaryimage\"},\"thumbnailUrl\":\"https:\/\/longchangchemical.com\/wp-content\/uploads\/2024\/02\/Sodium-molybdate-Disodium-molybdate-CAS-7631-95-0.jpg\",\"datePublished\":\"2024-02-05T08:03:22+00:00\",\"dateModified\":\"2025-12-17T02:56:24+00:00\",\"description\":\"Sodium molybdate Used in the manufacture of alkaloids, dyestuffs, fertilisers, pigments, catalysts, flame retardants and metal inhibitors for pollution-free cooling water systems, as well as in galvanising polish and chemical reagents.\",\"breadcrumb\":{\"@id\":\"https:\/\/longchangchemical.com\/product\/sodium-molybdate-cas-7631-95-0\/#breadcrumb\"},\"inLanguage\":\"hu\",\"potentialAction\":[{\"@type\":\"ReadAction\",\"target\":[\"https:\/\/longchangchemical.com\/product\/sodium-molybdate-cas-7631-95-0\/\"]}]},{\"@type\":\"ImageObject\",\"inLanguage\":\"hu\",\"@id\":\"https:\/\/longchangchemical.com\/product\/sodium-molybdate-cas-7631-95-0\/#primaryimage\",\"url\":\"https:\/\/longchangchemical.com\/wp-content\/uploads\/2024\/02\/Sodium-molybdate-Disodium-molybdate-CAS-7631-95-0.jpg\",\"contentUrl\":\"https:\/\/longchangchemical.com\/wp-content\/uploads\/2024\/02\/Sodium-molybdate-Disodium-molybdate-CAS-7631-95-0.jpg\",\"width\":800,\"height\":800},{\"@type\":\"BreadcrumbList\",\"@id\":\"https:\/\/longchangchemical.com\/product\/sodium-molybdate-cas-7631-95-0\/#breadcrumb\",\"itemListElement\":[{\"@type\":\"ListItem\",\"position\":1,\"name\":\"Home\",\"item\":\"https:\/\/longchangchemical.com\/\"},{\"@type\":\"ListItem\",\"position\":2,\"name\":\"Products Longchang\",\"item\":\"https:\/\/longchangchemical.com\/product\/\"},{\"@type\":\"ListItem\",\"position\":3,\"name\":\"Sodium molybdate \/ Disodium molybdate CAS 7631-95-0\"}]},{\"@type\":\"WebSite\",\"@id\":\"https:\/\/longchangchemical.com\/#website\",\"url\":\"https:\/\/longchangchemical.com\/\",\"name\":\"Longchang Chemical\",\"description\":\"China chemical manufacturer \uff06 supplier\",\"publisher\":{\"@id\":\"https:\/\/longchangchemical.com\/#organization\"},\"potentialAction\":[{\"@type\":\"SearchAction\",\"target\":{\"@type\":\"EntryPoint\",\"urlTemplate\":\"https:\/\/longchangchemical.com\/?s={search_term_string}\"},\"query-input\":{\"@type\":\"PropertyValueSpecification\",\"valueRequired\":true,\"valueName\":\"search_term_string\"}}],\"inLanguage\":\"hu\"},{\"@type\":\"Organization\",\"@id\":\"https:\/\/longchangchemical.com\/#organization\",\"name\":\"Longchang Chemical\",\"url\":\"https:\/\/longchangchemical.com\/\",\"logo\":{\"@type\":\"ImageObject\",\"inLanguage\":\"hu\",\"@id\":\"https:\/\/longchangchemical.com\/#\/schema\/logo\/image\/\",\"url\":\"https:\/\/longchangchemical.com\/wp-content\/uploads\/2020\/08\/cropped-longchang-logo.png\",\"contentUrl\":\"https:\/\/longchangchemical.com\/wp-content\/uploads\/2020\/08\/cropped-longchang-logo.png\",\"width\":512,\"height\":512,\"caption\":\"Longchang Chemical\"},\"image\":{\"@id\":\"https:\/\/longchangchemical.com\/#\/schema\/logo\/image\/\"}}]}<\/script>\n<!-- \/ Yoast SEO plugin. -->","yoast_head_json":{"title":"K\u00edna n\u00e1trium-molibd\u00e1t gy\u00e1rt\u00f3 \/ din\u00e1trium-molibd\u00e1t sz\u00e1ll\u00edt\u00f3 CAS 7631-95-0 - Longchang Chemical","description":"N\u00e1trium-molibd\u00e1t Alkaloidok, sz\u00ednez\u00e9kek, m\u0171tr\u00e1gy\u00e1k, pigmentek, kataliz\u00e1torok, \u00e9g\u00e9sg\u00e1tl\u00f3k \u00e9s f\u00e9mg\u00e1tl\u00f3k gy\u00e1rt\u00e1s\u00e1hoz a szennyez\u00e9smentes h\u0171t\u0151v\u00edzrendszerekben, valamint galvaniz\u00e1l\u00f3 pol\u00edroz\u00f3szerekben \u00e9s vegyi reagensekben.","robots":{"index":"index","follow":"follow","max-snippet":"max-snippet:-1","max-image-preview":"max-image-preview:large","max-video-preview":"max-video-preview:-1"},"canonical":"https:\/\/longchangchemical.com\/hu\/product\/sodium-molybdate-cas-7631-95-0\/","og_locale":"hu_HU","og_type":"article","og_title":"China Sodium molybdate Manufacturer \/ Disodium molybdate supplier CAS 7631-95-0 - Longchang Chemical","og_description":"Sodium molybdate Used in the manufacture of alkaloids, dyestuffs, fertilisers, pigments, catalysts, flame retardants and metal inhibitors for pollution-free cooling water systems, as well as in galvanising polish and chemical reagents.","og_url":"https:\/\/longchangchemical.com\/hu\/product\/sodium-molybdate-cas-7631-95-0\/","og_site_name":"Longchang Chemical","article_modified_time":"2025-12-17T02:56:24+00:00","og_image":[{"width":800,"height":800,"url":"https:\/\/longchangchemical.com\/wp-content\/uploads\/2024\/02\/Sodium-molybdate-Disodium-molybdate-CAS-7631-95-0.jpg","type":"image\/jpeg"}],"twitter_card":"summary_large_image","schema":{"@context":"https:\/\/schema.org","@graph":[{"@type":"WebPage","@id":"https:\/\/longchangchemical.com\/product\/sodium-molybdate-cas-7631-95-0\/","url":"https:\/\/longchangchemical.com\/product\/sodium-molybdate-cas-7631-95-0\/","name":"K\u00edna n\u00e1trium-molibd\u00e1t gy\u00e1rt\u00f3 \/ din\u00e1trium-molibd\u00e1t sz\u00e1ll\u00edt\u00f3 CAS 7631-95-0 - Longchang Chemical","isPartOf":{"@id":"https:\/\/longchangchemical.com\/#website"},"primaryImageOfPage":{"@id":"https:\/\/longchangchemical.com\/product\/sodium-molybdate-cas-7631-95-0\/#primaryimage"},"image":{"@id":"https:\/\/longchangchemical.com\/product\/sodium-molybdate-cas-7631-95-0\/#primaryimage"},"thumbnailUrl":"https:\/\/longchangchemical.com\/wp-content\/uploads\/2024\/02\/Sodium-molybdate-Disodium-molybdate-CAS-7631-95-0.jpg","datePublished":"2024-02-05T08:03:22+00:00","dateModified":"2025-12-17T02:56:24+00:00","description":"N\u00e1trium-molibd\u00e1t Alkaloidok, sz\u00ednez\u00e9kek, m\u0171tr\u00e1gy\u00e1k, pigmentek, kataliz\u00e1torok, \u00e9g\u00e9sg\u00e1tl\u00f3k \u00e9s f\u00e9mg\u00e1tl\u00f3k gy\u00e1rt\u00e1s\u00e1hoz a szennyez\u00e9smentes h\u0171t\u0151v\u00edzrendszerekben, valamint galvaniz\u00e1l\u00f3 pol\u00edroz\u00f3szerekben \u00e9s vegyi reagensekben.","breadcrumb":{"@id":"https:\/\/longchangchemical.com\/product\/sodium-molybdate-cas-7631-95-0\/#breadcrumb"},"inLanguage":"hu","potentialAction":[{"@type":"ReadAction","target":["https:\/\/longchangchemical.com\/product\/sodium-molybdate-cas-7631-95-0\/"]}]},{"@type":"ImageObject","inLanguage":"hu","@id":"https:\/\/longchangchemical.com\/product\/sodium-molybdate-cas-7631-95-0\/#primaryimage","url":"https:\/\/longchangchemical.com\/wp-content\/uploads\/2024\/02\/Sodium-molybdate-Disodium-molybdate-CAS-7631-95-0.jpg","contentUrl":"https:\/\/longchangchemical.com\/wp-content\/uploads\/2024\/02\/Sodium-molybdate-Disodium-molybdate-CAS-7631-95-0.jpg","width":800,"height":800},{"@type":"BreadcrumbList","@id":"https:\/\/longchangchemical.com\/product\/sodium-molybdate-cas-7631-95-0\/#breadcrumb","itemListElement":[{"@type":"ListItem","position":1,"name":"Home","item":"https:\/\/longchangchemical.com\/"},{"@type":"ListItem","position":2,"name":"Products Longchang","item":"https:\/\/longchangchemical.com\/product\/"},{"@type":"ListItem","position":3,"name":"Sodium molybdate \/ Disodium molybdate CAS 7631-95-0"}]},{"@type":"WebSite","@id":"https:\/\/longchangchemical.com\/#website","url":"https:\/\/longchangchemical.com\/","name":"Longchang Chemical","description":"K\u00edna k\u00e9miai gy\u00e1rt\u00f3 \uff06 sz\u00e1ll\u00edt\u00f3","publisher":{"@id":"https:\/\/longchangchemical.com\/#organization"},"potentialAction":[{"@type":"SearchAction","target":{"@type":"EntryPoint","urlTemplate":"https:\/\/longchangchemical.com\/?s={search_term_string}"},"query-input":{"@type":"PropertyValueSpecification","valueRequired":true,"valueName":"search_term_string"}}],"inLanguage":"hu"},{"@type":"Organization","@id":"https:\/\/longchangchemical.com\/#organization","name":"Longchang Chemical","url":"https:\/\/longchangchemical.com\/","logo":{"@type":"ImageObject","inLanguage":"hu","@id":"https:\/\/longchangchemical.com\/#\/schema\/logo\/image\/","url":"https:\/\/longchangchemical.com\/wp-content\/uploads\/2020\/08\/cropped-longchang-logo.png","contentUrl":"https:\/\/longchangchemical.com\/wp-content\/uploads\/2020\/08\/cropped-longchang-logo.png","width":512,"height":512,"caption":"Longchang Chemical"},"image":{"@id":"https:\/\/longchangchemical.com\/#\/schema\/logo\/image\/"}}]}},"_links":{"self":[{"href":"https:\/\/longchangchemical.com\/hu\/wp-json\/wp\/v2\/product\/6595","targetHints":{"allow":["GET"]}}],"collection":[{"href":"https:\/\/longchangchemical.com\/hu\/wp-json\/wp\/v2\/product"}],"about":[{"href":"https:\/\/longchangchemical.com\/hu\/wp-json\/wp\/v2\/types\/product"}],"replies":[{"embeddable":true,"href":"https:\/\/longchangchemical.com\/hu\/wp-json\/wp\/v2\/comments?post=6595"}],"wp:featuredmedia":[{"embeddable":true,"href":"https:\/\/longchangchemical.com\/hu\/wp-json\/wp\/v2\/media\/6715"}],"wp:attachment":[{"href":"https:\/\/longchangchemical.com\/hu\/wp-json\/wp\/v2\/media?parent=6595"}],"wp:term":[{"taxonomy":"product_brand","embeddable":true,"href":"https:\/\/longchangchemical.com\/hu\/wp-json\/wp\/v2\/product_brand?post=6595"},{"taxonomy":"product_cat","embeddable":true,"href":"https:\/\/longchangchemical.com\/hu\/wp-json\/wp\/v2\/product_cat?post=6595"},{"taxonomy":"product_tag","embeddable":true,"href":"https:\/\/longchangchemical.com\/hu\/wp-json\/wp\/v2\/product_tag?post=6595"}],"curies":[{"name":"wp","href":"https:\/\/api.w.org\/{rel}","templated":true}]}}