{"id":6583,"date":"2024-02-05T06:36:35","date_gmt":"2024-02-05T06:36:35","guid":{"rendered":"https:\/\/longchangchemical.com\/?post_type=product&#038;p=6583"},"modified":"2026-05-08T03:00:01","modified_gmt":"2026-05-08T03:00:01","slug":"pef-cas-28728-19-0","status":"publish","type":"product","link":"https:\/\/longchangchemical.com\/hu\/product\/pef-cas-28728-19-0\/","title":{"rendered":"Polietil\u00e9n-2,5-furandikarboxil\u00e1t \/ PEF CAS 28728-19-0"},"content":{"rendered":"<h2><strong>Polietil\u00e9n-2,5-furandikarboxil\u00e1t \/ PEF CAS 28728-19-0<\/strong><\/h2>\n<p>A polietil\u00e9n-glikol-2,5-furandikarboxil\u00e1t (PEF) egy 100 sz\u00e1zal\u00e9kban \u00fajrahasznos\u00edthat\u00f3, bioalap\u00fa polimer, amelyet n\u00f6v\u00e9nyi forr\u00e1sokb\u00f3l sz\u00e1rmaz\u00f3 meg\u00fajul\u00f3 nyersanyagok felhaszn\u00e1l\u00e1s\u00e1val \u00e1ll\u00edtanak el\u0151.A PEF-et egy \u00faj gener\u00e1ci\u00f3s poli\u00e9szterk\u00e9nt \u00edrj\u00e1k le, amely nagy potenci\u00e1llal rendelkezik a hagyom\u00e1nyos szintetikus forr\u00e1sokb\u00f3l sz\u00e1rmaz\u00f3 tart\u00f3s polietil\u00e9n-tereftal\u00e1t (PET) felv\u00e1lt\u00e1s\u00e1ra. A PEF sz\u00e1mos el\u0151nyt k\u00edn\u00e1l a PET-hez k\u00e9pest: nem csak a term\u00e9k teljes sz\u00e9nl\u00e1bnyom\u00e1t cs\u00f6kkenti, de jav\u00edtja a csomagol\u00e1s fenntarthat\u00f3s\u00e1g\u00e1t is, \u00e9s mivel a PET-hez k\u00e9pest magasabb az oxig\u00e9nnel, sz\u00e9n-dioxiddal \u00e9s v\u00edzg\u0151zzel szembeni g\u00e1zz\u00e1r\u00f3 k\u00e9pess\u00e9ge, a PET \u00e9rdekes alternat\u00edv\u00e1j\u00e1nak tekinthet\u0151 az olyan csomagol\u00e1si alkalmaz\u00e1sokban, mint a palackok, f\u00f3li\u00e1k \u00e9s \u00e9lelmiszer-t\u00e1lc\u00e1k.<\/p>\n<p>&nbsp;<\/p>\n<p><strong><b>Standard<\/b><\/strong><\/p>\n<table>\n<tbody>\n<tr>\n<td width=\"189\">T\u00e9tel<\/td>\n<td width=\"264\">Specifik\u00e1ci\u00f3<\/td>\n<\/tr>\n<tr>\n<td width=\"189\">Forr\u00e1spont<\/td>\n<td width=\"264\">195-265 \u00b0C\uff08383-509 \u00b0F\uff1b468-538 K\uff09<\/td>\n<\/tr>\n<tr>\n<td width=\"189\">S\u0171r\u0171s\u00e9g<\/td>\n<td width=\"264\">1.43g\/cm\u00b3<\/td>\n<\/tr>\n<\/tbody>\n<\/table>\n<p><strong><b>\u00a0<\/b><\/strong><\/p>\n<p><strong>Alkalmaz\u00e1s: <\/strong><\/p>\n<p>Els\u0151sorban a ruh\u00e1zati \u00e9s textiliparban, valamint a csomagol\u00f3iparban haszn\u00e1lj\u00e1k.<\/p>\n<p><strong><b>P<\/b><\/strong><strong><b>ackag<\/b><\/strong><strong><b>e<\/b><\/strong><strong><b>:<\/b><\/strong>25 kg\/dob<\/p>\n<p><strong><b>\u00a0<\/b><\/strong><\/p>\n<p><strong><b>T\u00e1rol\u00e1s: <\/b><\/strong><\/p>\n<p>H\u0171v\u00f6s, sz\u00e1raz \u00e9s szell\u0151s helyen t\u00e1roljuk.<\/p>\n<h2><strong><b>L\u00e9pjen kapcsolatba vel\u00fcnk most!<\/b><\/strong><\/h2>\n<h4><strong><b>Ha sz\u00fcks\u00e9ge van Price-ra, k\u00e9rj\u00fck, t\u00f6ltse ki el\u00e9rhet\u0151s\u00e9g\u00e9t az al\u00e1bbi \u0171rlapon, \u00e1ltal\u00e1ban 24 \u00f3r\u00e1n bel\u00fcl felvessz\u00fck \u00d6nnel a kapcsolatot. \u00d6n is k\u00fcldhet nekem e-mailt\u00a0<span style=\"color: #00ccff;\"><a style=\"color: #00ccff;\" href=\"mailto:info@longchangchemical.com\">info@longchangchemical.com<\/a>\u00a0<\/span>munkaid\u0151ben ( 8:30-18:00 UTC+8 H.-Szombat ) vagy haszn\u00e1lja a weboldal \u00e9l\u0151 chatj\u00e9t, hogy azonnali v\u00e1laszt kapjon.<\/b><\/strong><\/h4>","protected":false},"excerpt":{"rendered":"<p><strong>K\u00e9miai n\u00e9v:<\/strong>\u00a0Polietil\u00e9n-2,5-furandikarboxil\u00e1t<\/p>\n<p><strong>Szinonim\u00e1ja: <\/strong>PEF;Poli(2,5-furandionsav-glikol\u00e9szter)<\/p>\n<p><strong>CAS-sz\u00e1m:<\/strong>\u00a028728-19-0<\/p>\n<p><strong>MF<\/strong>: (C8H6O5)n\u00a0 <strong>MW<\/strong><strong>: <\/strong>&#8211;<\/p>\n<p><strong>Molekul\u00e1ris szerkezet\uff1a<\/strong><img decoding=\"async\" class=\"alignnone size-full wp-image-6584\" src=\"https:\/\/longchangchemical.com\/wp-content\/uploads\/2024\/02\/PEF.png\" alt=\"\" width=\"235\" height=\"198\" \/><\/p>","protected":false},"featured_media":0,"comment_status":"open","ping_status":"closed","template":"","meta":[],"product_brand":[],"product_cat":[69],"product_tag":[],"class_list":{"0":"post-6583","1":"product","2":"type-product","3":"status-publish","5":"product_cat-catalysts-chemical-auxiliary-agents","7":"first","8":"instock","9":"shipping-taxable","10":"product-type-simple"},"yoast_head":"<!-- This site is optimized with the Yoast SEO plugin v25.3.1 - https:\/\/yoast.com\/wordpress\/plugins\/seo\/ -->\n<title>China Polyethylene 2,5-furandicarboxylate Manufacturer \/ PEF CAS 28728-19-0 supplier - Longchang Chemical<\/title>\n<meta name=\"description\" content=\"Polyethylene 2,5-furandicarboxylate PEF CAS 28728-19-0 is used in industrial processing and formulation applications.\" \/>\n<meta name=\"robots\" content=\"index, follow, max-snippet:-1, max-image-preview:large, max-video-preview:-1\" \/>\n<link rel=\"canonical\" href=\"https:\/\/longchangchemical.com\/hu\/product\/pef-cas-28728-19-0\/\" \/>\n<meta property=\"og:locale\" content=\"hu_HU\" \/>\n<meta property=\"og:type\" content=\"article\" \/>\n<meta property=\"og:title\" content=\"China Polyethylene 2,5-furandicarboxylate Manufacturer \/ PEF CAS 28728-19-0 supplier - Longchang Chemical\" \/>\n<meta property=\"og:description\" content=\"Polyethylene 2,5-furandicarboxylate PEF CAS 28728-19-0 is used in industrial processing and formulation applications.\" \/>\n<meta property=\"og:url\" content=\"https:\/\/longchangchemical.com\/hu\/product\/pef-cas-28728-19-0\/\" \/>\n<meta property=\"og:site_name\" content=\"Longchang Chemical\" \/>\n<meta property=\"article:modified_time\" content=\"2026-05-08T03:00:01+00:00\" \/>\n<meta property=\"og:image\" content=\"https:\/\/longchangchemical.com\/wp-content\/uploads\/2024\/02\/logo-jpeg.jpg\" \/>\n\t<meta property=\"og:image:width\" content=\"1000\" \/>\n\t<meta property=\"og:image:height\" content=\"1000\" \/>\n\t<meta property=\"og:image:type\" content=\"image\/jpeg\" \/>\n<meta name=\"twitter:card\" content=\"summary_large_image\" \/>\n<script type=\"application\/ld+json\" class=\"yoast-schema-graph\">{\"@context\":\"https:\/\/schema.org\",\"@graph\":[{\"@type\":\"WebPage\",\"@id\":\"https:\/\/longchangchemical.com\/product\/pef-cas-28728-19-0\/\",\"url\":\"https:\/\/longchangchemical.com\/product\/pef-cas-28728-19-0\/\",\"name\":\"China Polyethylene 2,5-furandicarboxylate Manufacturer \/ PEF CAS 28728-19-0 supplier - Longchang Chemical\",\"isPartOf\":{\"@id\":\"https:\/\/longchangchemical.com\/#website\"},\"datePublished\":\"2024-02-05T06:36:35+00:00\",\"dateModified\":\"2026-05-08T03:00:01+00:00\",\"description\":\"Polyethylene 2,5-furandicarboxylate PEF CAS 28728-19-0 is used in industrial processing and formulation applications.\",\"breadcrumb\":{\"@id\":\"https:\/\/longchangchemical.com\/product\/pef-cas-28728-19-0\/#breadcrumb\"},\"inLanguage\":\"hu\",\"potentialAction\":[{\"@type\":\"ReadAction\",\"target\":[\"https:\/\/longchangchemical.com\/product\/pef-cas-28728-19-0\/\"]}]},{\"@type\":\"BreadcrumbList\",\"@id\":\"https:\/\/longchangchemical.com\/product\/pef-cas-28728-19-0\/#breadcrumb\",\"itemListElement\":[{\"@type\":\"ListItem\",\"position\":1,\"name\":\"Home\",\"item\":\"https:\/\/longchangchemical.com\/\"},{\"@type\":\"ListItem\",\"position\":2,\"name\":\"Products Longchang\",\"item\":\"https:\/\/longchangchemical.com\/product\/\"},{\"@type\":\"ListItem\",\"position\":3,\"name\":\"Polyethylene 2,5-furandicarboxylate \/ PEF CAS 28728-19-0\"}]},{\"@type\":\"WebSite\",\"@id\":\"https:\/\/longchangchemical.com\/#website\",\"url\":\"https:\/\/longchangchemical.com\/\",\"name\":\"Longchang Chemical\",\"description\":\"China chemical manufacturer \uff06 supplier\",\"publisher\":{\"@id\":\"https:\/\/longchangchemical.com\/#organization\"},\"potentialAction\":[{\"@type\":\"SearchAction\",\"target\":{\"@type\":\"EntryPoint\",\"urlTemplate\":\"https:\/\/longchangchemical.com\/?s={search_term_string}\"},\"query-input\":{\"@type\":\"PropertyValueSpecification\",\"valueRequired\":true,\"valueName\":\"search_term_string\"}}],\"inLanguage\":\"hu\"},{\"@type\":\"Organization\",\"@id\":\"https:\/\/longchangchemical.com\/#organization\",\"name\":\"Longchang Chemical\",\"url\":\"https:\/\/longchangchemical.com\/\",\"logo\":{\"@type\":\"ImageObject\",\"inLanguage\":\"hu\",\"@id\":\"https:\/\/longchangchemical.com\/#\/schema\/logo\/image\/\",\"url\":\"https:\/\/longchangchemical.com\/wp-content\/uploads\/2020\/08\/cropped-longchang-logo.png\",\"contentUrl\":\"https:\/\/longchangchemical.com\/wp-content\/uploads\/2020\/08\/cropped-longchang-logo.png\",\"width\":512,\"height\":512,\"caption\":\"Longchang Chemical\"},\"image\":{\"@id\":\"https:\/\/longchangchemical.com\/#\/schema\/logo\/image\/\"}}]}<\/script>\n<!-- \/ Yoast SEO plugin. -->","yoast_head_json":{"title":"K\u00edna polietil\u00e9n 2,5-furandikarboxil\u00e1t gy\u00e1rt\u00f3 \/ PEF CAS 28728-19-0 sz\u00e1ll\u00edt\u00f3 - Longchang Chemical","description":"Polyethylene 2,5-furandicarboxylate PEF CAS 28728-19-0 is used in industrial processing and formulation applications.","robots":{"index":"index","follow":"follow","max-snippet":"max-snippet:-1","max-image-preview":"max-image-preview:large","max-video-preview":"max-video-preview:-1"},"canonical":"https:\/\/longchangchemical.com\/hu\/product\/pef-cas-28728-19-0\/","og_locale":"hu_HU","og_type":"article","og_title":"China Polyethylene 2,5-furandicarboxylate Manufacturer \/ PEF CAS 28728-19-0 supplier - Longchang Chemical","og_description":"Polyethylene 2,5-furandicarboxylate PEF CAS 28728-19-0 is used in industrial processing and formulation applications.","og_url":"https:\/\/longchangchemical.com\/hu\/product\/pef-cas-28728-19-0\/","og_site_name":"Longchang Chemical","article_modified_time":"2026-05-08T03:00:01+00:00","og_image":[{"width":1000,"height":1000,"url":"https:\/\/longchangchemical.com\/wp-content\/uploads\/2024\/02\/logo-jpeg.jpg","type":"image\/jpeg"}],"twitter_card":"summary_large_image","schema":{"@context":"https:\/\/schema.org","@graph":[{"@type":"WebPage","@id":"https:\/\/longchangchemical.com\/product\/pef-cas-28728-19-0\/","url":"https:\/\/longchangchemical.com\/product\/pef-cas-28728-19-0\/","name":"K\u00edna polietil\u00e9n 2,5-furandikarboxil\u00e1t gy\u00e1rt\u00f3 \/ PEF CAS 28728-19-0 sz\u00e1ll\u00edt\u00f3 - Longchang Chemical","isPartOf":{"@id":"https:\/\/longchangchemical.com\/#website"},"datePublished":"2024-02-05T06:36:35+00:00","dateModified":"2026-05-08T03:00:01+00:00","description":"Polyethylene 2,5-furandicarboxylate PEF CAS 28728-19-0 is used in industrial processing and formulation applications.","breadcrumb":{"@id":"https:\/\/longchangchemical.com\/product\/pef-cas-28728-19-0\/#breadcrumb"},"inLanguage":"hu","potentialAction":[{"@type":"ReadAction","target":["https:\/\/longchangchemical.com\/product\/pef-cas-28728-19-0\/"]}]},{"@type":"BreadcrumbList","@id":"https:\/\/longchangchemical.com\/product\/pef-cas-28728-19-0\/#breadcrumb","itemListElement":[{"@type":"ListItem","position":1,"name":"Home","item":"https:\/\/longchangchemical.com\/"},{"@type":"ListItem","position":2,"name":"Products Longchang","item":"https:\/\/longchangchemical.com\/product\/"},{"@type":"ListItem","position":3,"name":"Polyethylene 2,5-furandicarboxylate \/ PEF CAS 28728-19-0"}]},{"@type":"WebSite","@id":"https:\/\/longchangchemical.com\/#website","url":"https:\/\/longchangchemical.com\/","name":"Longchang Chemical","description":"K\u00edna k\u00e9miai gy\u00e1rt\u00f3 \uff06 sz\u00e1ll\u00edt\u00f3","publisher":{"@id":"https:\/\/longchangchemical.com\/#organization"},"potentialAction":[{"@type":"SearchAction","target":{"@type":"EntryPoint","urlTemplate":"https:\/\/longchangchemical.com\/?s={search_term_string}"},"query-input":{"@type":"PropertyValueSpecification","valueRequired":true,"valueName":"search_term_string"}}],"inLanguage":"hu"},{"@type":"Organization","@id":"https:\/\/longchangchemical.com\/#organization","name":"Longchang Chemical","url":"https:\/\/longchangchemical.com\/","logo":{"@type":"ImageObject","inLanguage":"hu","@id":"https:\/\/longchangchemical.com\/#\/schema\/logo\/image\/","url":"https:\/\/longchangchemical.com\/wp-content\/uploads\/2020\/08\/cropped-longchang-logo.png","contentUrl":"https:\/\/longchangchemical.com\/wp-content\/uploads\/2020\/08\/cropped-longchang-logo.png","width":512,"height":512,"caption":"Longchang Chemical"},"image":{"@id":"https:\/\/longchangchemical.com\/#\/schema\/logo\/image\/"}}]}},"_links":{"self":[{"href":"https:\/\/longchangchemical.com\/hu\/wp-json\/wp\/v2\/product\/6583","targetHints":{"allow":["GET"]}}],"collection":[{"href":"https:\/\/longchangchemical.com\/hu\/wp-json\/wp\/v2\/product"}],"about":[{"href":"https:\/\/longchangchemical.com\/hu\/wp-json\/wp\/v2\/types\/product"}],"replies":[{"embeddable":true,"href":"https:\/\/longchangchemical.com\/hu\/wp-json\/wp\/v2\/comments?post=6583"}],"wp:attachment":[{"href":"https:\/\/longchangchemical.com\/hu\/wp-json\/wp\/v2\/media?parent=6583"}],"wp:term":[{"taxonomy":"product_brand","embeddable":true,"href":"https:\/\/longchangchemical.com\/hu\/wp-json\/wp\/v2\/product_brand?post=6583"},{"taxonomy":"product_cat","embeddable":true,"href":"https:\/\/longchangchemical.com\/hu\/wp-json\/wp\/v2\/product_cat?post=6583"},{"taxonomy":"product_tag","embeddable":true,"href":"https:\/\/longchangchemical.com\/hu\/wp-json\/wp\/v2\/product_tag?post=6583"}],"curies":[{"name":"wp","href":"https:\/\/api.w.org\/{rel}","templated":true}]}}