{"id":6360,"date":"2023-12-27T08:52:36","date_gmt":"2023-12-27T08:52:36","guid":{"rendered":"https:\/\/longchangchemical.com\/?post_type=product&#038;p=6360"},"modified":"2024-04-28T02:39:48","modified_gmt":"2024-04-28T02:39:48","slug":"sodium-pyroantimonate-cas-12507-68-5","status":"publish","type":"product","link":"https:\/\/longchangchemical.com\/hu\/product\/sodium-pyroantimonate-cas-12507-68-5\/","title":{"rendered":"N\u00e1trium-piroantimon\u00e1t CAS 12507-68-5"},"content":{"rendered":"<h1><strong>N\u00e1trium-piroantimon\u00e1t CAS 12507-68-5<\/strong><\/h1>\n<table>\n<tbody>\n<tr>\n<td width=\"189\">T\u00e9tel<\/td>\n<td width=\"264\">Specifik\u00e1ci\u00f3<\/td>\n<\/tr>\n<tr>\n<td width=\"189\">Megjelen\u00e9s<\/td>\n<td width=\"264\">Feh\u00e9r hatalom<\/td>\n<\/tr>\n<tr>\n<td width=\"189\">Sb(Sb2O3)<\/td>\n<td width=\"264\">58,4\u00b10,8%<\/td>\n<\/tr>\n<tr>\n<td width=\"189\">Na<sub>2<\/sub>O<\/td>\n<td width=\"264\">12-13%<\/td>\n<\/tr>\n<tr>\n<td width=\"189\">Fe<sub>2<\/sub>O<sub>3<\/sub><\/td>\n<td width=\"264\">\u22640,01%<\/td>\n<\/tr>\n<tr>\n<td width=\"189\">Mint<sub>2<\/sub>O<sub>3<\/sub><\/td>\n<td width=\"264\">\u22640,02%<\/td>\n<\/tr>\n<tr>\n<td width=\"189\">PbO<\/td>\n<td width=\"264\">\uff1c0.10%<\/td>\n<\/tr>\n<tr>\n<td width=\"189\">Nedvess\u00e9g<\/td>\n<td width=\"264\">\u22640.30<\/td>\n<\/tr>\n<\/tbody>\n<\/table>\n<h2><strong>N\u00e1trium-piroantimon\u00e1t Alkalmaz\u00e1s:<\/strong><\/h2>\n<p>A n\u00e1trium-piroantimon\u00e1t az antimon szervetlen s\u00f3vegy\u00fclete, alacsony toxicit\u00e1s\u00fa, antimon term\u00e9kekb\u0151l, p\u00e9ld\u00e1ul antimon-oxidb\u00f3l l\u00faggal \u00e9s gy\u00e1rt\u00e1ssal \u00e1ll\u00edtj\u00e1k el\u0151. Megjelen\u00e9se feh\u00e9r por, k\u00e9tf\u00e9le szemcs\u00e9s krist\u00e1lyosod\u00e1s \u00e9s egyenl\u0151 tengely\u0171 krist\u00e1lyosod\u00e1s. Olvad\u00e1spontja 1200 \u2103, forr\u00e1spontja 1400 \u2103. Old\u00f3dik bork\u0151savban, n\u00e1trium-szulfid oldatban, koncentr\u00e1lt, alkoholban, amm\u00f3niums\u00f3ban enyh\u00e9n old\u00f3dik, ecetsavban, h\u00edg l\u00fagban \u00e9s h\u00edg szervetlen savban nem old\u00f3dik, hideg v\u00edzben nem old\u00f3dik. J\u00f3 k\u00e9miai stabilit\u00e1s.<\/p>\n<p>A n\u00e1trium-piroantimon\u00e1tot els\u0151sorban tiszt\u00edt\u00f3 \u00e9s habmentes\u00edt\u0151 szerk\u00e9nt haszn\u00e1lj\u00e1k fotovoltaikus napelemes \u00fcveg, fekete-feh\u00e9r \u00e9s sz\u00ednes kijelz\u0151cs\u0151 \u00fcveghez. \u00dcvegsz\u00e1l, dr\u00e1gak\u0151 \u00fcveg, kiv\u00e1l\u00f3 min\u0151s\u00e9g\u0171 \u00fcveg ed\u00e9nyek \u00e9s m\u00e1s kiv\u00e1l\u00f3 min\u0151s\u00e9g\u0171 \u00fcveg tiszt\u00edt\u00f3 habz\u00e1sg\u00e1tl\u00f3, \u00e9s sz\u00e9lesebb k\u00f6rben haszn\u00e1lj\u00e1k a m\u0171szaki h\u0151re l\u00e1gyul\u00f3 m\u0171anyagok, gumi l\u00e1ngmentes\u00edt\u0151, mint p\u00e9ld\u00e1ul l\u00e1ngmentes elektronikus berendez\u00e9sek h\u00e9ja, l\u00e1ngmentes kocsik, l\u00e1ngmentes vezet\u00e9kek. Haszn\u00e1lj\u00e1k tov\u00e1bb\u00e1 textil, m\u0171anyag \u00e9s \u00e9p\u00edt\u0151anyagok \u00e9g\u00e9sg\u00e1tl\u00f3jak\u00e9nt is. Sz\u00e9les k\u00f6rben haszn\u00e1lj\u00e1k tiszt\u00edt\u00f3szerk\u00e9nt az antimon-oxid helyettes\u00edt\u00e9s\u00e9re a vil\u00e1gon.<\/p>\n<p>A nemzetk\u00f6zi piacon sz\u00e9les k\u00f6rben haszn\u00e1lj\u00e1k \u00e9g\u00e9sg\u00e1tl\u00f3k\u00e9nt az antimon-oxid helyettes\u00edt\u00e9s\u00e9re. Tudom\u00e1nyos k\u00eds\u00e9rletek \u00e9s a gy\u00e1rt\u00e1s meger\u0151s\u00edtette, hogy kiv\u00e1l\u00f3bb m\u0171szaki teljes\u00edtm\u00e9nnyel rendelkezik. Minden kiv\u00e1l\u00f3bb \u00e9g\u00e9sg\u00e1tl\u00f3val rendelkez\u0151 polimerekben, tel\u00edtett poli\u00e9szterekben \u00e9s m\u0171szaki h\u0151re l\u00e1gyul\u00f3 m\u0171anyagokban haszn\u00e1lt, alacsonyabb f\u00e9nyk\u00e9sleltet\u0151 \u00e9s alacsonyabb sz\u00ednez\u0151er\u0151vel rendelkez\u0151 poli\u00e9szterekben haszn\u00e1lt, alacsony reaktivit\u00e1s\u00fa tulajdons\u00e1gokkal rendelkezik, ami el\u0151ny\u00f6s az \u00e9rz\u00e9keny polimerekben (pl. PET), \u00e9s az \u00e1ltal\u00e1nosan haszn\u00e1lt antimon-oxid-\u00e9g\u00e9sg\u00e1tl\u00f3 hajlamos a depolimeriz\u00e1ci\u00f3ra a m\u0171k\u00f6d\u00e9si folyamatban.<\/p>\n<p>&nbsp;<\/p>\n<h2><strong><b>N\u00e1trium-piroantimon\u00e1t P<\/b><\/strong><strong><b>ackag<\/b><\/strong><strong><b>e<\/b><\/strong><\/h2>\n<p>25kgs\/zs\u00e1k; 1000kgs\/zs\u00e1k<\/p>\n<p><strong><b>\u00a0<\/b><\/strong><\/p>\n<h2><strong><b>N\u00e1trium-piroantimon\u00e1t t\u00e1rol\u00e1s: <\/b><\/strong><\/h2>\n<p>V\u00e9dett a nedvess\u00e9gt\u0151l \u00e9s az es\u0151t\u0151l.<\/p>\n<p>Ker\u00fclje el a sz\u00e1ll\u00edt\u00e1s sor\u00e1n \u00f6sszet\u00f6rt csomagot.<\/p>\n<p>Sz\u00e1raz \u00e9s szell\u0151ztetett rakt\u00e1rban t\u00e1rolja.<\/p>","protected":false},"excerpt":{"rendered":"<p>K\u00e9miai n\u00e9v: N\u00e1trium-piroantimon\u00e1t<br \/>\nCAS-sz\u00e1m: 12507-68-5<br \/>\nMF: NaSb(OH)6 MW: 246,75<\/p>","protected":false},"featured_media":0,"comment_status":"open","ping_status":"closed","template":"","meta":[],"product_brand":[],"product_cat":[153],"product_tag":[],"class_list":{"0":"post-6360","1":"product","2":"type-product","3":"status-publish","5":"product_cat-Lcflare-flame-retardant","7":"first","8":"instock","9":"shipping-taxable","10":"product-type-simple"},"yoast_head":"<!-- This site is optimized with the Yoast SEO plugin v25.3.1 - https:\/\/yoast.com\/wordpress\/plugins\/seo\/ -->\n<title>China Sodium Pyroantimonate Manufacturer CAS 12507-68-5 - Longchang Chemical<\/title>\n<meta name=\"description\" content=\"Buy Sodium pyroantimonate cas 12507-68-5 from Longchang Chemical. leading Distributor supplier of Sodium tolyltriazole.\" \/>\n<meta name=\"robots\" content=\"index, follow, max-snippet:-1, max-image-preview:large, max-video-preview:-1\" \/>\n<link rel=\"canonical\" href=\"https:\/\/longchangchemical.com\/hu\/product\/sodium-pyroantimonate-cas-12507-68-5\/\" \/>\n<meta property=\"og:locale\" content=\"hu_HU\" \/>\n<meta property=\"og:type\" content=\"article\" \/>\n<meta property=\"og:title\" content=\"China Sodium Pyroantimonate Manufacturer CAS 12507-68-5 - Longchang Chemical\" \/>\n<meta property=\"og:description\" content=\"Buy Sodium pyroantimonate cas 12507-68-5 from Longchang Chemical. leading Distributor supplier of Sodium tolyltriazole.\" \/>\n<meta property=\"og:url\" content=\"https:\/\/longchangchemical.com\/hu\/product\/sodium-pyroantimonate-cas-12507-68-5\/\" \/>\n<meta property=\"og:site_name\" content=\"Longchang Chemical\" \/>\n<meta property=\"article:modified_time\" content=\"2024-04-28T02:39:48+00:00\" \/>\n<meta property=\"og:image\" content=\"https:\/\/longchangchemical.com\/wp-content\/uploads\/2024\/02\/logo-jpeg.jpg\" \/>\n\t<meta property=\"og:image:width\" content=\"1000\" \/>\n\t<meta property=\"og:image:height\" content=\"1000\" \/>\n\t<meta property=\"og:image:type\" content=\"image\/jpeg\" \/>\n<meta name=\"twitter:card\" content=\"summary_large_image\" \/>\n<script type=\"application\/ld+json\" class=\"yoast-schema-graph\">{\"@context\":\"https:\/\/schema.org\",\"@graph\":[{\"@type\":\"WebPage\",\"@id\":\"https:\/\/longchangchemical.com\/product\/sodium-pyroantimonate-cas-12507-68-5\/\",\"url\":\"https:\/\/longchangchemical.com\/product\/sodium-pyroantimonate-cas-12507-68-5\/\",\"name\":\"China Sodium Pyroantimonate Manufacturer CAS 12507-68-5 - Longchang Chemical\",\"isPartOf\":{\"@id\":\"https:\/\/longchangchemical.com\/#website\"},\"datePublished\":\"2023-12-27T08:52:36+00:00\",\"dateModified\":\"2024-04-28T02:39:48+00:00\",\"description\":\"Buy Sodium pyroantimonate cas 12507-68-5 from Longchang Chemical. leading Distributor supplier of Sodium tolyltriazole.\",\"breadcrumb\":{\"@id\":\"https:\/\/longchangchemical.com\/product\/sodium-pyroantimonate-cas-12507-68-5\/#breadcrumb\"},\"inLanguage\":\"hu\",\"potentialAction\":[{\"@type\":\"ReadAction\",\"target\":[\"https:\/\/longchangchemical.com\/product\/sodium-pyroantimonate-cas-12507-68-5\/\"]}]},{\"@type\":\"BreadcrumbList\",\"@id\":\"https:\/\/longchangchemical.com\/product\/sodium-pyroantimonate-cas-12507-68-5\/#breadcrumb\",\"itemListElement\":[{\"@type\":\"ListItem\",\"position\":1,\"name\":\"Home\",\"item\":\"https:\/\/longchangchemical.com\/\"},{\"@type\":\"ListItem\",\"position\":2,\"name\":\"Products Longchang\",\"item\":\"https:\/\/longchangchemical.com\/product\/\"},{\"@type\":\"ListItem\",\"position\":3,\"name\":\"Sodium Pyroantimonate CAS 12507-68-5\"}]},{\"@type\":\"WebSite\",\"@id\":\"https:\/\/longchangchemical.com\/#website\",\"url\":\"https:\/\/longchangchemical.com\/\",\"name\":\"Longchang Chemical\",\"description\":\"China chemical manufacturer \uff06 supplier\",\"publisher\":{\"@id\":\"https:\/\/longchangchemical.com\/#organization\"},\"potentialAction\":[{\"@type\":\"SearchAction\",\"target\":{\"@type\":\"EntryPoint\",\"urlTemplate\":\"https:\/\/longchangchemical.com\/?s={search_term_string}\"},\"query-input\":{\"@type\":\"PropertyValueSpecification\",\"valueRequired\":true,\"valueName\":\"search_term_string\"}}],\"inLanguage\":\"hu\"},{\"@type\":\"Organization\",\"@id\":\"https:\/\/longchangchemical.com\/#organization\",\"name\":\"Longchang Chemical\",\"url\":\"https:\/\/longchangchemical.com\/\",\"logo\":{\"@type\":\"ImageObject\",\"inLanguage\":\"hu\",\"@id\":\"https:\/\/longchangchemical.com\/#\/schema\/logo\/image\/\",\"url\":\"https:\/\/longchangchemical.com\/wp-content\/uploads\/2020\/08\/cropped-longchang-logo.png\",\"contentUrl\":\"https:\/\/longchangchemical.com\/wp-content\/uploads\/2020\/08\/cropped-longchang-logo.png\",\"width\":512,\"height\":512,\"caption\":\"Longchang Chemical\"},\"image\":{\"@id\":\"https:\/\/longchangchemical.com\/#\/schema\/logo\/image\/\"}}]}<\/script>\n<!-- \/ Yoast SEO plugin. -->","yoast_head_json":{"title":"K\u00edna n\u00e1trium-piroantimon\u00e1t gy\u00e1rt\u00f3 CAS 12507-68-5 - Longchang Chemical","description":"V\u00e1s\u00e1roljon n\u00e1trium-piroantimon\u00e1tot cas 12507-68-5 a Longchang Chemical. vezet\u0151 forgalmaz\u00f3 sz\u00e1ll\u00edt\u00f3ja n\u00e1trium-toliltriazol.","robots":{"index":"index","follow":"follow","max-snippet":"max-snippet:-1","max-image-preview":"max-image-preview:large","max-video-preview":"max-video-preview:-1"},"canonical":"https:\/\/longchangchemical.com\/hu\/product\/sodium-pyroantimonate-cas-12507-68-5\/","og_locale":"hu_HU","og_type":"article","og_title":"China Sodium Pyroantimonate Manufacturer CAS 12507-68-5 - Longchang Chemical","og_description":"Buy Sodium pyroantimonate cas 12507-68-5 from Longchang Chemical. leading Distributor supplier of Sodium tolyltriazole.","og_url":"https:\/\/longchangchemical.com\/hu\/product\/sodium-pyroantimonate-cas-12507-68-5\/","og_site_name":"Longchang Chemical","article_modified_time":"2024-04-28T02:39:48+00:00","og_image":[{"width":1000,"height":1000,"url":"https:\/\/longchangchemical.com\/wp-content\/uploads\/2024\/02\/logo-jpeg.jpg","type":"image\/jpeg"}],"twitter_card":"summary_large_image","schema":{"@context":"https:\/\/schema.org","@graph":[{"@type":"WebPage","@id":"https:\/\/longchangchemical.com\/product\/sodium-pyroantimonate-cas-12507-68-5\/","url":"https:\/\/longchangchemical.com\/product\/sodium-pyroantimonate-cas-12507-68-5\/","name":"K\u00edna n\u00e1trium-piroantimon\u00e1t gy\u00e1rt\u00f3 CAS 12507-68-5 - Longchang Chemical","isPartOf":{"@id":"https:\/\/longchangchemical.com\/#website"},"datePublished":"2023-12-27T08:52:36+00:00","dateModified":"2024-04-28T02:39:48+00:00","description":"V\u00e1s\u00e1roljon n\u00e1trium-piroantimon\u00e1tot cas 12507-68-5 a Longchang Chemical. vezet\u0151 forgalmaz\u00f3 sz\u00e1ll\u00edt\u00f3ja n\u00e1trium-toliltriazol.","breadcrumb":{"@id":"https:\/\/longchangchemical.com\/product\/sodium-pyroantimonate-cas-12507-68-5\/#breadcrumb"},"inLanguage":"hu","potentialAction":[{"@type":"ReadAction","target":["https:\/\/longchangchemical.com\/product\/sodium-pyroantimonate-cas-12507-68-5\/"]}]},{"@type":"BreadcrumbList","@id":"https:\/\/longchangchemical.com\/product\/sodium-pyroantimonate-cas-12507-68-5\/#breadcrumb","itemListElement":[{"@type":"ListItem","position":1,"name":"Home","item":"https:\/\/longchangchemical.com\/"},{"@type":"ListItem","position":2,"name":"Products Longchang","item":"https:\/\/longchangchemical.com\/product\/"},{"@type":"ListItem","position":3,"name":"Sodium Pyroantimonate CAS 12507-68-5"}]},{"@type":"WebSite","@id":"https:\/\/longchangchemical.com\/#website","url":"https:\/\/longchangchemical.com\/","name":"Longchang Chemical","description":"K\u00edna k\u00e9miai gy\u00e1rt\u00f3 \uff06 sz\u00e1ll\u00edt\u00f3","publisher":{"@id":"https:\/\/longchangchemical.com\/#organization"},"potentialAction":[{"@type":"SearchAction","target":{"@type":"EntryPoint","urlTemplate":"https:\/\/longchangchemical.com\/?s={search_term_string}"},"query-input":{"@type":"PropertyValueSpecification","valueRequired":true,"valueName":"search_term_string"}}],"inLanguage":"hu"},{"@type":"Organization","@id":"https:\/\/longchangchemical.com\/#organization","name":"Longchang Chemical","url":"https:\/\/longchangchemical.com\/","logo":{"@type":"ImageObject","inLanguage":"hu","@id":"https:\/\/longchangchemical.com\/#\/schema\/logo\/image\/","url":"https:\/\/longchangchemical.com\/wp-content\/uploads\/2020\/08\/cropped-longchang-logo.png","contentUrl":"https:\/\/longchangchemical.com\/wp-content\/uploads\/2020\/08\/cropped-longchang-logo.png","width":512,"height":512,"caption":"Longchang Chemical"},"image":{"@id":"https:\/\/longchangchemical.com\/#\/schema\/logo\/image\/"}}]}},"_links":{"self":[{"href":"https:\/\/longchangchemical.com\/hu\/wp-json\/wp\/v2\/product\/6360","targetHints":{"allow":["GET"]}}],"collection":[{"href":"https:\/\/longchangchemical.com\/hu\/wp-json\/wp\/v2\/product"}],"about":[{"href":"https:\/\/longchangchemical.com\/hu\/wp-json\/wp\/v2\/types\/product"}],"replies":[{"embeddable":true,"href":"https:\/\/longchangchemical.com\/hu\/wp-json\/wp\/v2\/comments?post=6360"}],"wp:attachment":[{"href":"https:\/\/longchangchemical.com\/hu\/wp-json\/wp\/v2\/media?parent=6360"}],"wp:term":[{"taxonomy":"product_brand","embeddable":true,"href":"https:\/\/longchangchemical.com\/hu\/wp-json\/wp\/v2\/product_brand?post=6360"},{"taxonomy":"product_cat","embeddable":true,"href":"https:\/\/longchangchemical.com\/hu\/wp-json\/wp\/v2\/product_cat?post=6360"},{"taxonomy":"product_tag","embeddable":true,"href":"https:\/\/longchangchemical.com\/hu\/wp-json\/wp\/v2\/product_tag?post=6360"}],"curies":[{"name":"wp","href":"https:\/\/api.w.org\/{rel}","templated":true}]}}