{"id":6256,"date":"2023-10-16T06:50:35","date_gmt":"2023-10-16T06:50:35","guid":{"rendered":"https:\/\/longchangchemical.com\/?post_type=product&#038;p=6256"},"modified":"2026-05-08T02:59:59","modified_gmt":"2026-05-08T02:59:59","slug":"creatine-monohydrate-cas-6020-87-7","status":"publish","type":"product","link":"https:\/\/longchangchemical.com\/hu\/product\/creatine-monohydrate-cas-6020-87-7\/","title":{"rendered":"Sinofads\u00ae kreatin-monohidr\u00e1t CAS 6020-87-7"},"content":{"rendered":"<h2><strong>Kreatin-monohidr\u00e1t<\/strong><\/h2>\n<p><strong><b>CAS-sz\u00e1m<\/b><\/strong>: 6020-87-7<\/p>\n<p><strong>EINECS-sz\u00e1m<\/strong>: 611-954-8<\/p>\n<p><strong><b>Molekul\u00e1ris k\u00e9plet:<\/b><\/strong><strong><b>\u00a0<\/b><\/strong>\u00a0C4H11N3O3<\/p>\n<p><strong><b>Molekulaszerkezet:<\/b><\/strong><\/p>\n<p><img decoding=\"async\" class=\"alignnone size-full wp-image-5299\" src=\"https:\/\/longchangchemical.com\/wp-content\/uploads\/2023\/10\/6020-87-7.gif\" alt=\"\" width=\"214\" height=\"156\" \/><\/p>\n<p>&nbsp;<\/p>\n<table>\n<tbody>\n<tr>\n<td width=\"191\">T\u00e9tel<\/td>\n<td width=\"313\">Specifik\u00e1ci\u00f3<\/td>\n<\/tr>\n<tr>\n<td width=\"191\">&nbsp;<\/p>\n<p>Fizikai megjelen\u00e9s<\/td>\n<td width=\"313\">&nbsp;<\/p>\n<p>Feh\u00e9r por<\/td>\n<\/tr>\n<tr>\n<td width=\"191\">&nbsp;<\/p>\n<p>A k\u00e9nsav tesztje<\/td>\n<td width=\"313\">&nbsp;<\/p>\n<p>Nincs sz\u00e9nsavas\u00edt\u00e1s<\/td>\n<\/tr>\n<tr>\n<td width=\"191\">&nbsp;<\/p>\n<p>\u00d6mlesztett s\u0171r\u0171s\u00e9g<\/td>\n<td width=\"313\">&nbsp;<\/p>\n<p>400g\/L~550g\/L<\/td>\n<\/tr>\n<tr>\n<td width=\"191\">&nbsp;<\/p>\n<p>Csapol\u00e1s s\u0171r\u0171s\u00e9ge<\/td>\n<td width=\"313\">&nbsp;<\/p>\n<p>500g\/L~650g\/L<\/td>\n<\/tr>\n<tr>\n<td width=\"191\">&nbsp;<\/p>\n<p>H\u00e1l\u00f3m\u00e9ret<\/td>\n<td width=\"313\">&nbsp;<\/p>\n<p>200 h\u00e1l\u00f3szem<\/td>\n<\/tr>\n<tr>\n<td width=\"191\">&nbsp;<\/p>\n<p>Kreatinin<\/td>\n<td width=\"313\">&nbsp;<\/p>\n<p>\u2264100ppm<\/td>\n<\/tr>\n<tr>\n<td width=\"191\">&nbsp;<\/p>\n<p>Szulf\u00e1t<\/td>\n<td width=\"313\">&nbsp;<\/p>\n<p>\u22640,03%<\/td>\n<\/tr>\n<tr>\n<td width=\"191\">&nbsp;<\/p>\n<p>Dicyanamid<\/td>\n<td width=\"313\">&nbsp;<\/p>\n<p>\u226450 ppm<\/td>\n<\/tr>\n<tr>\n<td width=\"191\">&nbsp;<\/p>\n<p>Dihidrotriazin<\/td>\n<td width=\"313\">&nbsp;<\/p>\n<p>\u22643ppm<\/td>\n<\/tr>\n<tr>\n<td width=\"191\">&nbsp;<\/p>\n<p>Cianid<\/td>\n<td width=\"313\">&nbsp;<\/p>\n<p>\u22641ppm<\/td>\n<\/tr>\n<tr>\n<td width=\"191\">&nbsp;<\/p>\n<p>Szennyez\u0151d\u00e9sek<\/td>\n<td width=\"313\">&nbsp;<\/p>\n<p>\u22641.00%<\/td>\n<\/tr>\n<tr>\n<td width=\"191\">&nbsp;<\/p>\n<p>Neh\u00e9zf\u00e9mek<\/td>\n<td width=\"313\">&nbsp;<\/p>\n<p>\u226410 ppm<\/td>\n<\/tr>\n<tr>\n<td width=\"191\">&nbsp;<\/p>\n<p>Arz\u00e9n<\/td>\n<td width=\"313\">&nbsp;<\/p>\n<p>\u22641ppm<\/td>\n<\/tr>\n<tr>\n<td width=\"191\">&nbsp;<\/p>\n<p>Lead<\/td>\n<td width=\"313\">&nbsp;<\/p>\n<p>\u22641ppm<\/td>\n<\/tr>\n<tr>\n<td width=\"191\">&nbsp;<\/p>\n<p>Kadmium<\/td>\n<td width=\"313\">&nbsp;<\/p>\n<p>\u22641ppm<\/td>\n<\/tr>\n<tr>\n<td width=\"191\">&nbsp;<\/p>\n<p>Merk\u00far<\/td>\n<td width=\"313\">&nbsp;<\/p>\n<p>\u22640,1 ppm<\/td>\n<\/tr>\n<tr>\n<td width=\"191\">&nbsp;<\/p>\n<p>Sz\u00e1r\u00edt\u00e1si vesztes\u00e9g<\/td>\n<td width=\"313\">&nbsp;<\/p>\n<p>\u226412.0%<\/td>\n<\/tr>\n<tr>\n<td width=\"191\">&nbsp;<\/p>\n<p>Gy\u00fajt\u00e1si marad\u00e9k<\/td>\n<td width=\"313\">\u22640,30%<\/td>\n<\/tr>\n<tr>\n<td width=\"191\">&nbsp;<\/p>\n<p>Tartalomvizsg\u00e1lat<\/td>\n<td width=\"313\">\u226599.90%<\/td>\n<\/tr>\n<tr>\n<td width=\"191\">&nbsp;<\/p>\n<p>Teljes t\u00e1ny\u00e9rsz\u00e1m<\/td>\n<td width=\"313\">\u2264210cfu\/g<\/td>\n<\/tr>\n<tr>\n<td width=\"191\">&nbsp;<\/p>\n<p>Coliform<\/td>\n<td width=\"313\">Negat\u00edv<\/td>\n<\/tr>\n<tr>\n<td width=\"191\">&nbsp;<\/p>\n<p>E.Coli \u00e9s Samlmonella<\/td>\n<td width=\"313\">Negat\u00edv<\/td>\n<\/tr>\n<tr>\n<td width=\"191\">&nbsp;<\/p>\n<p>\u00c9leszt\u0151 \u00e9s pen\u00e9sz<\/td>\n<td width=\"313\">Negat\u00edv<\/td>\n<\/tr>\n<tr>\n<td width=\"191\">&nbsp;<\/p>\n<p>Staphylococcus Aureus<\/td>\n<td width=\"313\">Negat\u00edv<\/td>\n<\/tr>\n<\/tbody>\n<\/table>\n<h2><strong><b>Kreatin-monohidr\u00e1t Haszn\u00e1lat<\/b><\/strong><strong><b>:<\/b><\/strong><\/h2>\n<p>A kreatin-monohidr\u00e1tr\u00f3l \u00fagy gondolj\u00e1k, hogy jav\u00edtja az er\u0151t, n\u00f6veli a sov\u00e1ny izomt\u00f6meget, \u00e9s seg\u00edti az izmok gyorsabb regener\u00e1l\u00f3d\u00e1s\u00e1t edz\u00e9s k\u00f6zben. Ez az izoml\u00f6k\u00e9s seg\u00edthet a sportol\u00f3knak abban, hogy gyorsas\u00e1gi \u00e9s energiakit\u00f6r\u00e9seket \u00e9rjenek el, k\u00fcl\u00f6n\u00f6sen r\u00f6vid, nagy intenzit\u00e1s\u00fa tev\u00e9kenys\u00e9gek, p\u00e9ld\u00e1ul s\u00falyemel\u00e9s vagy sprintel\u00e9s sor\u00e1n.<\/p>\n<p>A kreatin-hidr\u00e1tnak sz\u00e1mos hat\u00e1sa van az emberi szervezetre, t\u00f6bbek k\u00f6z\u00f6tt:<\/p>\n<p>1. N\u00f6veli a v\u00e1zizomzat kreatintartalm\u00e1t \u00e9s jav\u00edtja az energiatartal\u00e9kot<br \/>\n2. Szab\u00e1lyozza a cukoranyagcsere \u00fatj\u00e1t \u00e9s cs\u00f6kkenti a tejsavtermel\u00e9st<br \/>\n3. N\u00f6veli az intramuszkul\u00e1ris glikog\u00e9nrakt\u00e1rakat<br \/>\n4. N\u00f6veli az antioxid\u00e1ns funkci\u00f3t<\/p>\n<p>Az N-Guanyl-N-metilglicin t\u00e1pl\u00e1l\u00e9kkieg\u00e9sz\u00edt\u0151k\u00e9nt haszn\u00e1lhat\u00f3 a v\u00e1zizomzat alkalmazkod\u00e1s\u00e1nak el\u0151seg\u00edt\u00e9s\u00e9re a meger\u0151ltet\u0151 testmozg\u00e1shoz \u00e9s a f\u00e1radts\u00e1g lek\u00fczd\u00e9s\u00e9re gyenge testalkat\u00fa egy\u00e9nekn\u00e9l. Sz\u00edvbetegs\u00e9gek \u00e9s l\u00e9gz\u00e9si el\u00e9gtelens\u00e9g kezel\u00e9s\u00e9re szolg\u00e1l\u00f3 gy\u00f3gyszerek k\u00e9sz\u00edt\u00e9s\u00e9hez is felhaszn\u00e1lhat\u00f3. Emberi n\u00f6veked\u00e9si hormont tartalmaz\u00f3 gy\u00f3gyszerk\u00e9sz\u00edtm\u00e9nyek el\u0151\u00e1ll\u00edt\u00e1sa. Mivel a kreatin nem hormon, nem okoz semmilyen beavatkoz\u00e1st vagy k\u00e1rosod\u00e1st az emberi szervezet endokrin rendszer\u00e9ben, \u00e9s nem okoz gy\u00f3gyszerf\u00fcgg\u0151s\u00e9get vagy fiziol\u00f3giai mell\u00e9khat\u00e1sokat.<\/p>\n<h2><strong><b>Kreatin-monohidr\u00e1t csomag<\/b><\/strong><strong><b>:<\/b><\/strong><\/h2>\n<p>25 kg\/doboz; 27 db 1 raklapra csomagolva<\/p>\n<h2><strong><b>Kreatin-monohidr\u00e1t T\u00e1rol\u00e1s:<\/b><\/strong><\/h2>\n<p>Sz\u00e1raz, tiszta, j\u00f3l szell\u0151z\u0151 rakt\u00e1rban tartj\u00e1k.<\/p>\n<p>Ker\u00fclje a f\u00e9nynek \u00e9s a meleg\u00edt\u00e9snek val\u00f3 kitetts\u00e9get.<\/p>\n<p>A term\u00e9k v\u00e9delme a sziv\u00e1rg\u00e1st\u00f3l, es\u0151t\u0151l \u00e9s a szigetel\u00e9st\u0151l sz\u00e1ll\u00edt\u00e1s k\u00f6zben.<\/p>\n<h2><strong><b>L\u00e9pjen kapcsolatba vel\u00fcnk most!<\/b><\/strong><\/h2>\n<h4><strong><b>Ha COA, MSDS vagy TDS-re van sz\u00fcks\u00e9ge, k\u00e9rj\u00fck, t\u00f6ltse ki el\u00e9rhet\u0151s\u00e9g\u00e9t az al\u00e1bbi \u0171rlapon, \u00e1ltal\u00e1ban 24 \u00f3r\u00e1n bel\u00fcl felvessz\u00fck \u00d6nnel a kapcsolatot. \u00d6n is k\u00fcldhet nekem e-mailt\u00a0<a href=\"mailto:info@longchangchemical.com\"><span style=\"color: #00ccff;\">info@longchangchemical.com<\/span><\/a>\u00a0munkaid\u0151ben ( 8:30-18:00 UTC+8 H.-Szombat ) vagy haszn\u00e1lja a weboldal \u00e9l\u0151 chatj\u00e9t, hogy azonnali v\u00e1laszt kapjon.<\/b><\/strong><\/h4>","protected":false},"excerpt":{"rendered":"<p>K\u00e9miai n\u00e9v: kreatin-monohidr\u00e1t<\/p>\n<p>CAS-sz\u00e1m: 6020-87-7<\/p>\n<p>Molekul\u00e1ris k\u00e9plet: C4H11N3O3<\/p>\n<p>Molekulat\u00f6meg: 149,15<\/p>\n<p>Csomag: 25 kg\/karton<\/p>","protected":false},"featured_media":6257,"comment_status":"open","ping_status":"closed","template":"","meta":[],"product_brand":[],"product_cat":[15],"product_tag":[],"class_list":{"0":"post-6256","1":"product","2":"type-product","3":"status-publish","4":"has-post-thumbnail","6":"product_cat-food-additives","8":"first","9":"instock","10":"shipping-taxable","11":"product-type-simple"},"yoast_head":"<!-- This site is optimized with the Yoast SEO plugin v25.3.1 - https:\/\/yoast.com\/wordpress\/plugins\/seo\/ -->\n<title>Sinofads Creatine monohydrate CAS 6020-87-7 Food Additive | Longchang Chemical<\/title>\n<meta name=\"description\" content=\"Sinofads Creatine monohydrate CAS 6020-87-7 Food Additive is a food additive for food processing and formulation. Key properties include increase lean\" \/>\n<meta name=\"robots\" content=\"index, follow, max-snippet:-1, max-image-preview:large, max-video-preview:-1\" \/>\n<link rel=\"canonical\" href=\"https:\/\/longchangchemical.com\/hu\/product\/creatine-monohydrate-cas-6020-87-7\/\" \/>\n<meta property=\"og:locale\" content=\"hu_HU\" \/>\n<meta property=\"og:type\" content=\"article\" \/>\n<meta property=\"og:title\" content=\"Sinofads Creatine monohydrate CAS 6020-87-7 Food Additive | Longchang Chemical\" \/>\n<meta property=\"og:description\" content=\"Sinofads Creatine monohydrate CAS 6020-87-7 Food Additive is a food additive for food processing and formulation. Key properties include increase lean\" \/>\n<meta property=\"og:url\" content=\"https:\/\/longchangchemical.com\/hu\/product\/creatine-monohydrate-cas-6020-87-7\/\" \/>\n<meta property=\"og:site_name\" content=\"Longchang Chemical\" \/>\n<meta property=\"article:modified_time\" content=\"2026-05-08T02:59:59+00:00\" \/>\n<meta property=\"og:image\" content=\"https:\/\/longchangchemical.com\/wp-content\/uploads\/2023\/10\/Creatine-monohydrate.jpg\" \/>\n\t<meta property=\"og:image:width\" content=\"800\" \/>\n\t<meta property=\"og:image:height\" content=\"800\" \/>\n\t<meta property=\"og:image:type\" content=\"image\/jpeg\" \/>\n<meta name=\"twitter:card\" content=\"summary_large_image\" \/>\n<script type=\"application\/ld+json\" class=\"yoast-schema-graph\">{\"@context\":\"https:\/\/schema.org\",\"@graph\":[{\"@type\":\"WebPage\",\"@id\":\"https:\/\/longchangchemical.com\/product\/creatine-monohydrate-cas-6020-87-7\/\",\"url\":\"https:\/\/longchangchemical.com\/product\/creatine-monohydrate-cas-6020-87-7\/\",\"name\":\"Sinofads Creatine monohydrate CAS 6020-87-7 Food Additive | Longchang Chemical\",\"isPartOf\":{\"@id\":\"https:\/\/longchangchemical.com\/#website\"},\"primaryImageOfPage\":{\"@id\":\"https:\/\/longchangchemical.com\/product\/creatine-monohydrate-cas-6020-87-7\/#primaryimage\"},\"image\":{\"@id\":\"https:\/\/longchangchemical.com\/product\/creatine-monohydrate-cas-6020-87-7\/#primaryimage\"},\"thumbnailUrl\":\"https:\/\/longchangchemical.com\/wp-content\/uploads\/2023\/10\/Creatine-monohydrate.jpg\",\"datePublished\":\"2023-10-16T06:50:35+00:00\",\"dateModified\":\"2026-05-08T02:59:59+00:00\",\"description\":\"Sinofads Creatine monohydrate CAS 6020-87-7 Food Additive is a food additive for food processing and formulation. Key properties include increase lean\",\"breadcrumb\":{\"@id\":\"https:\/\/longchangchemical.com\/product\/creatine-monohydrate-cas-6020-87-7\/#breadcrumb\"},\"inLanguage\":\"hu\",\"potentialAction\":[{\"@type\":\"ReadAction\",\"target\":[\"https:\/\/longchangchemical.com\/product\/creatine-monohydrate-cas-6020-87-7\/\"]}]},{\"@type\":\"ImageObject\",\"inLanguage\":\"hu\",\"@id\":\"https:\/\/longchangchemical.com\/product\/creatine-monohydrate-cas-6020-87-7\/#primaryimage\",\"url\":\"https:\/\/longchangchemical.com\/wp-content\/uploads\/2023\/10\/Creatine-monohydrate.jpg\",\"contentUrl\":\"https:\/\/longchangchemical.com\/wp-content\/uploads\/2023\/10\/Creatine-monohydrate.jpg\",\"width\":800,\"height\":800,\"caption\":\"Creatine monohydrate\"},{\"@type\":\"BreadcrumbList\",\"@id\":\"https:\/\/longchangchemical.com\/product\/creatine-monohydrate-cas-6020-87-7\/#breadcrumb\",\"itemListElement\":[{\"@type\":\"ListItem\",\"position\":1,\"name\":\"Home\",\"item\":\"https:\/\/longchangchemical.com\/\"},{\"@type\":\"ListItem\",\"position\":2,\"name\":\"Products Longchang\",\"item\":\"https:\/\/longchangchemical.com\/product\/\"},{\"@type\":\"ListItem\",\"position\":3,\"name\":\"Sinofads\u00ae Creatine monohydrate CAS 6020-87-7\"}]},{\"@type\":\"WebSite\",\"@id\":\"https:\/\/longchangchemical.com\/#website\",\"url\":\"https:\/\/longchangchemical.com\/\",\"name\":\"Longchang Chemical\",\"description\":\"China chemical manufacturer \uff06 supplier\",\"publisher\":{\"@id\":\"https:\/\/longchangchemical.com\/#organization\"},\"potentialAction\":[{\"@type\":\"SearchAction\",\"target\":{\"@type\":\"EntryPoint\",\"urlTemplate\":\"https:\/\/longchangchemical.com\/?s={search_term_string}\"},\"query-input\":{\"@type\":\"PropertyValueSpecification\",\"valueRequired\":true,\"valueName\":\"search_term_string\"}}],\"inLanguage\":\"hu\"},{\"@type\":\"Organization\",\"@id\":\"https:\/\/longchangchemical.com\/#organization\",\"name\":\"Longchang Chemical\",\"url\":\"https:\/\/longchangchemical.com\/\",\"logo\":{\"@type\":\"ImageObject\",\"inLanguage\":\"hu\",\"@id\":\"https:\/\/longchangchemical.com\/#\/schema\/logo\/image\/\",\"url\":\"https:\/\/longchangchemical.com\/wp-content\/uploads\/2020\/08\/cropped-longchang-logo.png\",\"contentUrl\":\"https:\/\/longchangchemical.com\/wp-content\/uploads\/2020\/08\/cropped-longchang-logo.png\",\"width\":512,\"height\":512,\"caption\":\"Longchang Chemical\"},\"image\":{\"@id\":\"https:\/\/longchangchemical.com\/#\/schema\/logo\/image\/\"}}]}<\/script>\n<!-- \/ Yoast SEO plugin. -->","yoast_head_json":{"title":"Sinofads Creatine monohydrate CAS 6020-87-7 Food Additive | Longchang Chemical","description":"Sinofads Creatine monohydrate CAS 6020-87-7 Food Additive is a food additive for food processing and formulation. Key properties include increase lean","robots":{"index":"index","follow":"follow","max-snippet":"max-snippet:-1","max-image-preview":"max-image-preview:large","max-video-preview":"max-video-preview:-1"},"canonical":"https:\/\/longchangchemical.com\/hu\/product\/creatine-monohydrate-cas-6020-87-7\/","og_locale":"hu_HU","og_type":"article","og_title":"Sinofads Creatine monohydrate CAS 6020-87-7 Food Additive | Longchang Chemical","og_description":"Sinofads Creatine monohydrate CAS 6020-87-7 Food Additive is a food additive for food processing and formulation. Key properties include increase lean","og_url":"https:\/\/longchangchemical.com\/hu\/product\/creatine-monohydrate-cas-6020-87-7\/","og_site_name":"Longchang Chemical","article_modified_time":"2026-05-08T02:59:59+00:00","og_image":[{"width":800,"height":800,"url":"https:\/\/longchangchemical.com\/wp-content\/uploads\/2023\/10\/Creatine-monohydrate.jpg","type":"image\/jpeg"}],"twitter_card":"summary_large_image","schema":{"@context":"https:\/\/schema.org","@graph":[{"@type":"WebPage","@id":"https:\/\/longchangchemical.com\/product\/creatine-monohydrate-cas-6020-87-7\/","url":"https:\/\/longchangchemical.com\/product\/creatine-monohydrate-cas-6020-87-7\/","name":"Sinofads Creatine monohydrate CAS 6020-87-7 Food Additive | Longchang Chemical","isPartOf":{"@id":"https:\/\/longchangchemical.com\/#website"},"primaryImageOfPage":{"@id":"https:\/\/longchangchemical.com\/product\/creatine-monohydrate-cas-6020-87-7\/#primaryimage"},"image":{"@id":"https:\/\/longchangchemical.com\/product\/creatine-monohydrate-cas-6020-87-7\/#primaryimage"},"thumbnailUrl":"https:\/\/longchangchemical.com\/wp-content\/uploads\/2023\/10\/Creatine-monohydrate.jpg","datePublished":"2023-10-16T06:50:35+00:00","dateModified":"2026-05-08T02:59:59+00:00","description":"Sinofads Creatine monohydrate CAS 6020-87-7 Food Additive is a food additive for food processing and formulation. Key properties include increase lean","breadcrumb":{"@id":"https:\/\/longchangchemical.com\/product\/creatine-monohydrate-cas-6020-87-7\/#breadcrumb"},"inLanguage":"hu","potentialAction":[{"@type":"ReadAction","target":["https:\/\/longchangchemical.com\/product\/creatine-monohydrate-cas-6020-87-7\/"]}]},{"@type":"ImageObject","inLanguage":"hu","@id":"https:\/\/longchangchemical.com\/product\/creatine-monohydrate-cas-6020-87-7\/#primaryimage","url":"https:\/\/longchangchemical.com\/wp-content\/uploads\/2023\/10\/Creatine-monohydrate.jpg","contentUrl":"https:\/\/longchangchemical.com\/wp-content\/uploads\/2023\/10\/Creatine-monohydrate.jpg","width":800,"height":800,"caption":"Creatine monohydrate"},{"@type":"BreadcrumbList","@id":"https:\/\/longchangchemical.com\/product\/creatine-monohydrate-cas-6020-87-7\/#breadcrumb","itemListElement":[{"@type":"ListItem","position":1,"name":"Home","item":"https:\/\/longchangchemical.com\/"},{"@type":"ListItem","position":2,"name":"Products Longchang","item":"https:\/\/longchangchemical.com\/product\/"},{"@type":"ListItem","position":3,"name":"Sinofads\u00ae Creatine monohydrate CAS 6020-87-7"}]},{"@type":"WebSite","@id":"https:\/\/longchangchemical.com\/#website","url":"https:\/\/longchangchemical.com\/","name":"Longchang Chemical","description":"K\u00edna k\u00e9miai gy\u00e1rt\u00f3 \uff06 sz\u00e1ll\u00edt\u00f3","publisher":{"@id":"https:\/\/longchangchemical.com\/#organization"},"potentialAction":[{"@type":"SearchAction","target":{"@type":"EntryPoint","urlTemplate":"https:\/\/longchangchemical.com\/?s={search_term_string}"},"query-input":{"@type":"PropertyValueSpecification","valueRequired":true,"valueName":"search_term_string"}}],"inLanguage":"hu"},{"@type":"Organization","@id":"https:\/\/longchangchemical.com\/#organization","name":"Longchang Chemical","url":"https:\/\/longchangchemical.com\/","logo":{"@type":"ImageObject","inLanguage":"hu","@id":"https:\/\/longchangchemical.com\/#\/schema\/logo\/image\/","url":"https:\/\/longchangchemical.com\/wp-content\/uploads\/2020\/08\/cropped-longchang-logo.png","contentUrl":"https:\/\/longchangchemical.com\/wp-content\/uploads\/2020\/08\/cropped-longchang-logo.png","width":512,"height":512,"caption":"Longchang Chemical"},"image":{"@id":"https:\/\/longchangchemical.com\/#\/schema\/logo\/image\/"}}]}},"_links":{"self":[{"href":"https:\/\/longchangchemical.com\/hu\/wp-json\/wp\/v2\/product\/6256","targetHints":{"allow":["GET"]}}],"collection":[{"href":"https:\/\/longchangchemical.com\/hu\/wp-json\/wp\/v2\/product"}],"about":[{"href":"https:\/\/longchangchemical.com\/hu\/wp-json\/wp\/v2\/types\/product"}],"replies":[{"embeddable":true,"href":"https:\/\/longchangchemical.com\/hu\/wp-json\/wp\/v2\/comments?post=6256"}],"wp:featuredmedia":[{"embeddable":true,"href":"https:\/\/longchangchemical.com\/hu\/wp-json\/wp\/v2\/media\/6257"}],"wp:attachment":[{"href":"https:\/\/longchangchemical.com\/hu\/wp-json\/wp\/v2\/media?parent=6256"}],"wp:term":[{"taxonomy":"product_brand","embeddable":true,"href":"https:\/\/longchangchemical.com\/hu\/wp-json\/wp\/v2\/product_brand?post=6256"},{"taxonomy":"product_cat","embeddable":true,"href":"https:\/\/longchangchemical.com\/hu\/wp-json\/wp\/v2\/product_cat?post=6256"},{"taxonomy":"product_tag","embeddable":true,"href":"https:\/\/longchangchemical.com\/hu\/wp-json\/wp\/v2\/product_tag?post=6256"}],"curies":[{"name":"wp","href":"https:\/\/api.w.org\/{rel}","templated":true}]}}