{"id":6255,"date":"2023-10-11T06:40:25","date_gmt":"2023-10-11T06:40:25","guid":{"rendered":"https:\/\/longchangchemical.com\/?post_type=product&#038;p=6255"},"modified":"2026-01-12T04:08:55","modified_gmt":"2026-01-12T04:08:55","slug":"synocat-bdmaee-cas-3033-62-3","status":"publish","type":"product","link":"https:\/\/longchangchemical.com\/hu\/product\/synocat-bdmaee-cas-3033-62-3\/","title":{"rendered":"BDMAEE CAS 3033-62-3"},"content":{"rendered":"<p><strong>CAS NO.<\/strong>: 3033-62-3<\/p>\n<p><strong>K\u00e9miai n\u00e9v:<\/strong>N,N,N,N',N'-tetrametil-2,2\u2032-oxibisz(etilamin)<\/p>\n<p><strong>Szinonim\u00e1ja<\/strong>:BIS(DIMETHYLAMINOETHYL) ETHER; JEFFCAT ZF-20 ;DBACO BL-19; NIAX Catalyst A-99 ;2,2'-oxibisz[n,n-dimetil-etanamin;2,2'-oxibisz[N,N-dimetil-etanamin;A 99 (amin);dabco bl11;dabco bl19;<\/p>\n<p><strong>Specifik\u00e1ci\u00f3:<\/strong><\/p>\n<table width=\"427\">\n<tbody>\n<tr>\n<td width=\"412\">T\u00e9tel<\/td>\n<td width=\"297\">Standard<\/td>\n<\/tr>\n<tr>\n<td width=\"412\">Megjelen\u00e9s<\/td>\n<td width=\"297\">Sz\u00edntelen folyad\u00e9k<\/td>\n<\/tr>\n<tr>\n<td width=\"412\">S\u0171r\u0171s\u00e9g (25 \u2103, g\/cm3)<\/td>\n<td width=\"297\">0.85<\/td>\n<\/tr>\n<tr>\n<td width=\"412\">Lobban\u00e1spont(\u2103)<\/td>\n<td width=\"297\">65<\/td>\n<\/tr>\n<tr>\n<td width=\"412\">Tisztas\u00e1g (%)<\/td>\n<td width=\"297\">\u2265 99<\/td>\n<\/tr>\n<tr>\n<td width=\"412\">Nedvess\u00e9g (%)<\/td>\n<td width=\"297\">\u2264 0.10<\/td>\n<\/tr>\n<\/tbody>\n<\/table>\n<p><strong>Csomagol\u00e1s<\/strong>:170kgs\/Vasdob vagy IBC dob<\/p>\n<p><strong>Alkalmaz\u00e1s:<\/strong><\/p>\n<p>Nagy hat\u00e9konys\u00e1g\u00fa tercier aminkataliz\u00e1tork\u00e9nt szinte valamennyi habos\u00edtott m\u0171anyag term\u00e9k gy\u00e1rt\u00e1s\u00e1ra alkalmas, f\u0151k\u00e9nt rugalmas habterm\u00e9kek, k\u00fcl\u00f6n\u00f6sen nagy rugalmass\u00e1g\u00fa \u00e9s RIM term\u00e9kek el\u0151\u00e1ll\u00edt\u00e1s\u00e1ra. Magas katalitikus aktivit\u00e1s, stabil habk\u00e9pz\u0151d\u00e9s, nagy \u00f3nt\u0171r\u00e9s \u00e9s a k\u00e9plet k\u00f6nny\u0171 be\u00e1ll\u00edt\u00e1sa jellemzi. A vele el\u0151\u00e1ll\u00edtott term\u00e9kek m\u00e1s term\u00e9kekn\u00e9l jobb fizikai \u00e9s k\u00e9miai tulajdons\u00e1gokkal rendelkeznek, mint p\u00e9ld\u00e1ul a rugalmass\u00e1g \u00e9s a ny\u00fal\u00e1s.<\/p>\n<p><strong><b>T\u00e1rol\u00e1s:<\/b><\/strong><\/p>\n<p>Sz\u00e1raz, tiszta, j\u00f3l szell\u0151z\u0151 rakt\u00e1rban tartj\u00e1k.<\/p>\n<p>Az oxid\u00e1ci\u00f3 megel\u0151z\u00e9se \u00e9rdek\u00e9ben ker\u00fclje a f\u00e9nynek \u00e9s a meleg\u00edt\u00e9snek val\u00f3 kit\u00e9telt.<\/p>\n<p>A term\u00e9k v\u00e9delme a sziv\u00e1rg\u00e1st\u00f3l, es\u0151t\u0151l \u00e9s a szigetel\u00e9st\u0151l sz\u00e1ll\u00edt\u00e1s k\u00f6zben.<\/p>\n<h2><strong><b>L\u00e9pjen kapcsolatba vel\u00fcnk most!<\/b><\/strong><\/h2>\n<h4><strong><b>Ha COA, MSDS vagy TDS-re van sz\u00fcks\u00e9ge, k\u00e9rj\u00fck, t\u00f6ltse ki el\u00e9rhet\u0151s\u00e9g\u00e9t az al\u00e1bbi \u0171rlapon, \u00e1ltal\u00e1ban 24 \u00f3r\u00e1n bel\u00fcl felvessz\u00fck \u00d6nnel a kapcsolatot. \u00d6n is k\u00fcldhet nekem e-mailt\u00a0<a href=\"mailto:info@longchangchemical.com\"><span style=\"color: #00ccff;\">info@longchangchemical.com<\/span><\/a>\u00a0munkaid\u0151ben ( 8:30-18:00 UTC+8 H.-Szombat ) vagy haszn\u00e1lja a weboldal \u00e9l\u0151 chatj\u00e9t, hogy azonnali v\u00e1laszt kapjon.<\/b><\/strong><\/h4>","protected":false},"excerpt":{"rendered":"<p>K\u00e9miai n\u00e9v: Bisz(2-dimetilaminoetil)\u00e9ter<\/p>\n<p>CAS NO.: 3033-62-3<\/p>\n<p>K\u00e9plet: C8H20N2O<\/p>\n<p>Tartalom: \u226599%<\/p>\n<p>Csomag: 170kgs \/ vasdob vagy IBC dob<\/p>","protected":false},"featured_media":6320,"comment_status":"closed","ping_status":"closed","template":"","meta":[],"product_brand":[],"product_cat":[119],"product_tag":[],"class_list":{"0":"post-6255","1":"product","2":"type-product","3":"status-publish","4":"has-post-thumbnail","6":"product_cat-synocat-polyurethane-catalyst","8":"first","9":"instock","10":"shipping-taxable","11":"product-type-simple"},"yoast_head":"<!-- This site is optimized with the Yoast SEO plugin v25.3.1 - https:\/\/yoast.com\/wordpress\/plugins\/seo\/ -->\n<title>china PU catalyst BDMAEE \/ Bis(2-dimethylaminoethyl) ether Cas 3033-62-3 manufacturer - Longchang Chemical<\/title>\n<meta name=\"description\" content=\"BDMAEE (REACH Covered) can replace BIS(DIMETHYLAMINOETHYL) ETHER; JEFFCAT ZF-20 ;DBACO BL-19; NIAX Catalyst A-99 ;2,2\u2019-oxybis[n,n-dimethyl-ethanamin;2,2\u2019-oxybis[N,N-dimethyl-Ethanamine;A 99 (Amine);dabco bl11;dabco bl19; used as pu catalyst and is the key product of Longchang Chemical. We are the leading PU catalyst manufacturer and supplier in China with the best quanlity and competitive price.\" \/>\n<meta name=\"robots\" content=\"index, follow, max-snippet:-1, max-image-preview:large, max-video-preview:-1\" \/>\n<link rel=\"canonical\" href=\"https:\/\/longchangchemical.com\/hu\/product\/synocat-bdmaee-cas-3033-62-3\/\" \/>\n<meta property=\"og:locale\" content=\"hu_HU\" \/>\n<meta property=\"og:type\" content=\"article\" \/>\n<meta property=\"og:title\" content=\"china PU catalyst BDMAEE \/ Bis(2-dimethylaminoethyl) ether Cas 3033-62-3 manufacturer - Longchang Chemical\" \/>\n<meta property=\"og:description\" content=\"BDMAEE (REACH Covered) can replace BIS(DIMETHYLAMINOETHYL) ETHER; JEFFCAT ZF-20 ;DBACO BL-19; NIAX Catalyst A-99 ;2,2\u2019-oxybis[n,n-dimethyl-ethanamin;2,2\u2019-oxybis[N,N-dimethyl-Ethanamine;A 99 (Amine);dabco bl11;dabco bl19; used as pu catalyst and is the key product of Longchang Chemical. We are the leading PU catalyst manufacturer and supplier in China with the best quanlity and competitive price.\" \/>\n<meta property=\"og:url\" content=\"https:\/\/longchangchemical.com\/hu\/product\/synocat-bdmaee-cas-3033-62-3\/\" \/>\n<meta property=\"og:site_name\" content=\"Longchang Chemical\" \/>\n<meta property=\"article:modified_time\" content=\"2026-01-12T04:08:55+00:00\" \/>\n<meta property=\"og:image\" content=\"https:\/\/longchangchemical.com\/wp-content\/uploads\/2023\/10\/Synocat\u00ae-BDMAEE.jpg\" \/>\n\t<meta property=\"og:image:width\" content=\"800\" \/>\n\t<meta property=\"og:image:height\" content=\"800\" \/>\n\t<meta property=\"og:image:type\" content=\"image\/jpeg\" \/>\n<meta name=\"twitter:card\" content=\"summary_large_image\" \/>\n<script type=\"application\/ld+json\" class=\"yoast-schema-graph\">{\"@context\":\"https:\/\/schema.org\",\"@graph\":[{\"@type\":\"WebPage\",\"@id\":\"https:\/\/longchangchemical.com\/product\/synocat-bdmaee-cas-3033-62-3\/\",\"url\":\"https:\/\/longchangchemical.com\/product\/synocat-bdmaee-cas-3033-62-3\/\",\"name\":\"china PU catalyst BDMAEE \/ Bis(2-dimethylaminoethyl) ether Cas 3033-62-3 manufacturer - Longchang Chemical\",\"isPartOf\":{\"@id\":\"https:\/\/longchangchemical.com\/#website\"},\"primaryImageOfPage\":{\"@id\":\"https:\/\/longchangchemical.com\/product\/synocat-bdmaee-cas-3033-62-3\/#primaryimage\"},\"image\":{\"@id\":\"https:\/\/longchangchemical.com\/product\/synocat-bdmaee-cas-3033-62-3\/#primaryimage\"},\"thumbnailUrl\":\"https:\/\/longchangchemical.com\/wp-content\/uploads\/2023\/10\/Synocat\u00ae-BDMAEE.jpg\",\"datePublished\":\"2023-10-11T06:40:25+00:00\",\"dateModified\":\"2026-01-12T04:08:55+00:00\",\"description\":\"BDMAEE (REACH Covered) can replace BIS(DIMETHYLAMINOETHYL) ETHER; JEFFCAT ZF-20 ;DBACO BL-19; NIAX Catalyst A-99 ;2,2\u2019-oxybis[n,n-dimethyl-ethanamin;2,2\u2019-oxybis[N,N-dimethyl-Ethanamine;A 99 (Amine);dabco bl11;dabco bl19; used as pu catalyst and is the key product of Longchang Chemical. We are the leading PU catalyst manufacturer and supplier in China with the best quanlity and competitive price.\",\"breadcrumb\":{\"@id\":\"https:\/\/longchangchemical.com\/product\/synocat-bdmaee-cas-3033-62-3\/#breadcrumb\"},\"inLanguage\":\"hu\",\"potentialAction\":[{\"@type\":\"ReadAction\",\"target\":[\"https:\/\/longchangchemical.com\/product\/synocat-bdmaee-cas-3033-62-3\/\"]}]},{\"@type\":\"ImageObject\",\"inLanguage\":\"hu\",\"@id\":\"https:\/\/longchangchemical.com\/product\/synocat-bdmaee-cas-3033-62-3\/#primaryimage\",\"url\":\"https:\/\/longchangchemical.com\/wp-content\/uploads\/2023\/10\/Synocat\u00ae-BDMAEE.jpg\",\"contentUrl\":\"https:\/\/longchangchemical.com\/wp-content\/uploads\/2023\/10\/Synocat\u00ae-BDMAEE.jpg\",\"width\":800,\"height\":800},{\"@type\":\"BreadcrumbList\",\"@id\":\"https:\/\/longchangchemical.com\/product\/synocat-bdmaee-cas-3033-62-3\/#breadcrumb\",\"itemListElement\":[{\"@type\":\"ListItem\",\"position\":1,\"name\":\"Home\",\"item\":\"https:\/\/longchangchemical.com\/\"},{\"@type\":\"ListItem\",\"position\":2,\"name\":\"Products Longchang\",\"item\":\"https:\/\/longchangchemical.com\/product\/\"},{\"@type\":\"ListItem\",\"position\":3,\"name\":\"BDMAEE CAS 3033-62-3\"}]},{\"@type\":\"WebSite\",\"@id\":\"https:\/\/longchangchemical.com\/#website\",\"url\":\"https:\/\/longchangchemical.com\/\",\"name\":\"Longchang Chemical\",\"description\":\"China chemical manufacturer \uff06 supplier\",\"publisher\":{\"@id\":\"https:\/\/longchangchemical.com\/#organization\"},\"potentialAction\":[{\"@type\":\"SearchAction\",\"target\":{\"@type\":\"EntryPoint\",\"urlTemplate\":\"https:\/\/longchangchemical.com\/?s={search_term_string}\"},\"query-input\":{\"@type\":\"PropertyValueSpecification\",\"valueRequired\":true,\"valueName\":\"search_term_string\"}}],\"inLanguage\":\"hu\"},{\"@type\":\"Organization\",\"@id\":\"https:\/\/longchangchemical.com\/#organization\",\"name\":\"Longchang Chemical\",\"url\":\"https:\/\/longchangchemical.com\/\",\"logo\":{\"@type\":\"ImageObject\",\"inLanguage\":\"hu\",\"@id\":\"https:\/\/longchangchemical.com\/#\/schema\/logo\/image\/\",\"url\":\"https:\/\/longchangchemical.com\/wp-content\/uploads\/2020\/08\/cropped-longchang-logo.png\",\"contentUrl\":\"https:\/\/longchangchemical.com\/wp-content\/uploads\/2020\/08\/cropped-longchang-logo.png\",\"width\":512,\"height\":512,\"caption\":\"Longchang Chemical\"},\"image\":{\"@id\":\"https:\/\/longchangchemical.com\/#\/schema\/logo\/image\/\"}}]}<\/script>\n<!-- \/ Yoast SEO plugin. -->","yoast_head_json":{"title":"K\u00edna PU kataliz\u00e1tor BDMAEE \/ Bis(2-dimetil-aminoetil) ether Cas 3033-62-3 gy\u00e1rt\u00f3 - Longchang Chemical","description":"A BDMAEE (REACH-k\u00f6teles) helyettes\u00edtheti a BIS(DIMETHYLAMINOETHYL) ETHER-t; JEFFCAT ZF-20 ;DBACO BL-19; NIAX Catalyst A-99 ;2,2'-oxybis[n,n-dimetil-etanamin;2,2'-oxybis[N,N-dimetil-etanamin;A 99 (amin);dabco bl11;dabco bl19; pu kataliz\u00e1tork\u00e9nt haszn\u00e1lt \u00e9s a Longchang Chemical kulcsfontoss\u00e1g\u00fa term\u00e9ke. Mi vagyunk a vezet\u0151 PU kataliz\u00e1tor gy\u00e1rt\u00f3ja \u00e9s sz\u00e1ll\u00edt\u00f3ja K\u00edn\u00e1ban a legjobb min\u0151s\u00e9ggel \u00e9s versenyk\u00e9pes \u00e1rral.","robots":{"index":"index","follow":"follow","max-snippet":"max-snippet:-1","max-image-preview":"max-image-preview:large","max-video-preview":"max-video-preview:-1"},"canonical":"https:\/\/longchangchemical.com\/hu\/product\/synocat-bdmaee-cas-3033-62-3\/","og_locale":"hu_HU","og_type":"article","og_title":"china PU catalyst BDMAEE \/ Bis(2-dimethylaminoethyl) ether Cas 3033-62-3 manufacturer - Longchang Chemical","og_description":"BDMAEE (REACH Covered) can replace BIS(DIMETHYLAMINOETHYL) ETHER; JEFFCAT ZF-20 ;DBACO BL-19; NIAX Catalyst A-99 ;2,2\u2019-oxybis[n,n-dimethyl-ethanamin;2,2\u2019-oxybis[N,N-dimethyl-Ethanamine;A 99 (Amine);dabco bl11;dabco bl19; used as pu catalyst and is the key product of Longchang Chemical. We are the leading PU catalyst manufacturer and supplier in China with the best quanlity and competitive price.","og_url":"https:\/\/longchangchemical.com\/hu\/product\/synocat-bdmaee-cas-3033-62-3\/","og_site_name":"Longchang Chemical","article_modified_time":"2026-01-12T04:08:55+00:00","og_image":[{"width":800,"height":800,"url":"https:\/\/longchangchemical.com\/wp-content\/uploads\/2023\/10\/Synocat\u00ae-BDMAEE.jpg","type":"image\/jpeg"}],"twitter_card":"summary_large_image","schema":{"@context":"https:\/\/schema.org","@graph":[{"@type":"WebPage","@id":"https:\/\/longchangchemical.com\/product\/synocat-bdmaee-cas-3033-62-3\/","url":"https:\/\/longchangchemical.com\/product\/synocat-bdmaee-cas-3033-62-3\/","name":"K\u00edna PU kataliz\u00e1tor BDMAEE \/ Bis(2-dimetil-aminoetil) ether Cas 3033-62-3 gy\u00e1rt\u00f3 - Longchang Chemical","isPartOf":{"@id":"https:\/\/longchangchemical.com\/#website"},"primaryImageOfPage":{"@id":"https:\/\/longchangchemical.com\/product\/synocat-bdmaee-cas-3033-62-3\/#primaryimage"},"image":{"@id":"https:\/\/longchangchemical.com\/product\/synocat-bdmaee-cas-3033-62-3\/#primaryimage"},"thumbnailUrl":"https:\/\/longchangchemical.com\/wp-content\/uploads\/2023\/10\/Synocat\u00ae-BDMAEE.jpg","datePublished":"2023-10-11T06:40:25+00:00","dateModified":"2026-01-12T04:08:55+00:00","description":"A BDMAEE (REACH-k\u00f6teles) helyettes\u00edtheti a BIS(DIMETHYLAMINOETHYL) ETHER-t; JEFFCAT ZF-20 ;DBACO BL-19; NIAX Catalyst A-99 ;2,2'-oxybis[n,n-dimetil-etanamin;2,2'-oxybis[N,N-dimetil-etanamin;A 99 (amin);dabco bl11;dabco bl19; pu kataliz\u00e1tork\u00e9nt haszn\u00e1lt \u00e9s a Longchang Chemical kulcsfontoss\u00e1g\u00fa term\u00e9ke. Mi vagyunk a vezet\u0151 PU kataliz\u00e1tor gy\u00e1rt\u00f3ja \u00e9s sz\u00e1ll\u00edt\u00f3ja K\u00edn\u00e1ban a legjobb min\u0151s\u00e9ggel \u00e9s versenyk\u00e9pes \u00e1rral.","breadcrumb":{"@id":"https:\/\/longchangchemical.com\/product\/synocat-bdmaee-cas-3033-62-3\/#breadcrumb"},"inLanguage":"hu","potentialAction":[{"@type":"ReadAction","target":["https:\/\/longchangchemical.com\/product\/synocat-bdmaee-cas-3033-62-3\/"]}]},{"@type":"ImageObject","inLanguage":"hu","@id":"https:\/\/longchangchemical.com\/product\/synocat-bdmaee-cas-3033-62-3\/#primaryimage","url":"https:\/\/longchangchemical.com\/wp-content\/uploads\/2023\/10\/Synocat\u00ae-BDMAEE.jpg","contentUrl":"https:\/\/longchangchemical.com\/wp-content\/uploads\/2023\/10\/Synocat\u00ae-BDMAEE.jpg","width":800,"height":800},{"@type":"BreadcrumbList","@id":"https:\/\/longchangchemical.com\/product\/synocat-bdmaee-cas-3033-62-3\/#breadcrumb","itemListElement":[{"@type":"ListItem","position":1,"name":"Home","item":"https:\/\/longchangchemical.com\/"},{"@type":"ListItem","position":2,"name":"Products Longchang","item":"https:\/\/longchangchemical.com\/product\/"},{"@type":"ListItem","position":3,"name":"BDMAEE CAS 3033-62-3"}]},{"@type":"WebSite","@id":"https:\/\/longchangchemical.com\/#website","url":"https:\/\/longchangchemical.com\/","name":"Longchang Chemical","description":"K\u00edna k\u00e9miai gy\u00e1rt\u00f3 \uff06 sz\u00e1ll\u00edt\u00f3","publisher":{"@id":"https:\/\/longchangchemical.com\/#organization"},"potentialAction":[{"@type":"SearchAction","target":{"@type":"EntryPoint","urlTemplate":"https:\/\/longchangchemical.com\/?s={search_term_string}"},"query-input":{"@type":"PropertyValueSpecification","valueRequired":true,"valueName":"search_term_string"}}],"inLanguage":"hu"},{"@type":"Organization","@id":"https:\/\/longchangchemical.com\/#organization","name":"Longchang Chemical","url":"https:\/\/longchangchemical.com\/","logo":{"@type":"ImageObject","inLanguage":"hu","@id":"https:\/\/longchangchemical.com\/#\/schema\/logo\/image\/","url":"https:\/\/longchangchemical.com\/wp-content\/uploads\/2020\/08\/cropped-longchang-logo.png","contentUrl":"https:\/\/longchangchemical.com\/wp-content\/uploads\/2020\/08\/cropped-longchang-logo.png","width":512,"height":512,"caption":"Longchang Chemical"},"image":{"@id":"https:\/\/longchangchemical.com\/#\/schema\/logo\/image\/"}}]}},"_links":{"self":[{"href":"https:\/\/longchangchemical.com\/hu\/wp-json\/wp\/v2\/product\/6255","targetHints":{"allow":["GET"]}}],"collection":[{"href":"https:\/\/longchangchemical.com\/hu\/wp-json\/wp\/v2\/product"}],"about":[{"href":"https:\/\/longchangchemical.com\/hu\/wp-json\/wp\/v2\/types\/product"}],"replies":[{"embeddable":true,"href":"https:\/\/longchangchemical.com\/hu\/wp-json\/wp\/v2\/comments?post=6255"}],"wp:featuredmedia":[{"embeddable":true,"href":"https:\/\/longchangchemical.com\/hu\/wp-json\/wp\/v2\/media\/6320"}],"wp:attachment":[{"href":"https:\/\/longchangchemical.com\/hu\/wp-json\/wp\/v2\/media?parent=6255"}],"wp:term":[{"taxonomy":"product_brand","embeddable":true,"href":"https:\/\/longchangchemical.com\/hu\/wp-json\/wp\/v2\/product_brand?post=6255"},{"taxonomy":"product_cat","embeddable":true,"href":"https:\/\/longchangchemical.com\/hu\/wp-json\/wp\/v2\/product_cat?post=6255"},{"taxonomy":"product_tag","embeddable":true,"href":"https:\/\/longchangchemical.com\/hu\/wp-json\/wp\/v2\/product_tag?post=6255"}],"curies":[{"name":"wp","href":"https:\/\/api.w.org\/{rel}","templated":true}]}}