{"id":6238,"date":"2023-09-14T07:58:33","date_gmt":"2023-09-14T07:58:33","guid":{"rendered":"https:\/\/longchangchemical.com\/?post_type=product&#038;p=6238"},"modified":"2025-04-01T07:07:27","modified_gmt":"2025-04-01T07:07:27","slug":"agesin-dp-d264r-2","status":"publish","type":"product","link":"https:\/\/longchangchemical.com\/hu\/product\/agesin-dp-d264r-2\/","title":{"rendered":"CHLUMICRYL\u00ae DP-D264R \/ Magas M.W. blokk st\u00edlus\u00fa kopolimer oldat pigment affinit\u00e1s\u00fa csoportokkal"},"content":{"rendered":"<p><strong>Term\u00e9k sz\u00e1ma<\/strong>: DP-D264R<\/p>\n<p><strong>Egyen\u00e9rt\u00e9k\u0171 alternat\u00edv\u00e1k...<\/strong>\u00a0Elementis Disponer 983<\/p>\n<p><strong>Specifik\u00e1ci\u00f3<\/strong><\/p>\n<table width=\"100%\" cellspacing=\"0\" cellpadding=\"0\">\n<tbody>\n<tr>\n<td>\u00d6sszet\u00e9tel<\/td>\n<td>Magas M.W. blokk st\u00edlus\u00fa kopolimer oldat pigment affinit\u00e1s\u00fa csoportokkal<\/td>\n<\/tr>\n<tr>\n<td>Megjelen\u00e9s<\/td>\n<td>\u00c1tl\u00e1tsz\u00f3 vagy enyh\u00e9n s\u00e1rg\u00e1s-tiszta folyad\u00e9k<\/td>\n<\/tr>\n<tr>\n<td>old\u00f3szer<\/td>\n<td>K\u00e9tb\u00e1zis\u00fa \u00e9szter<\/td>\n<\/tr>\n<tr>\n<td>Hat\u00f3anyag<\/td>\n<td>63%<\/td>\n<\/tr>\n<tr>\n<td>S\u0171r\u0171s\u00e9g<\/td>\n<td>1,10-1,14g\/ml(25\u00b11)\u2103<\/td>\n<\/tr>\n<tr>\n<td>Viszkozit\u00e1s<\/td>\n<td>\u2265Q(bubor\u00e9kos viszkozim\u00e9ter)(25\u00b10,2)\u2103<\/td>\n<\/tr>\n<tr>\n<td>Lobban\u00e1spont<\/td>\n<td>\uff1e100\u2103<\/td>\n<\/tr>\n<\/tbody>\n<\/table>\n<p>Megjegyz\u00e9s: Ez az adatlap tipikus, nem szabv\u00e1nyos eredm\u00e9nyeket k\u00edv\u00e1n megadni.A COA f\u00fcggv\u00e9ny\u00e9ben.<\/p>\n<p><strong>Alkalmaz\u00e1si rendszer<\/strong><\/p>\n<p>Old\u00f3szer alap\u00fa<\/p>\n<p><strong>Tulajdons\u00e1gok<\/strong><\/p>\n<p>\u25cf A magas M.W. blokk st\u00edlus\u00fa diszperg\u00e1l\u00f3szer a pigment-affinit\u00e1s\u00fa csoport \u00e9s a pigmentfel\u00fclet k\u00f6lcs\u00f6nhat\u00e1sa r\u00e9v\u00e9n hat\u00e9kony, \u00e9s az alacsony M.W. polimer m\u00e9diumai.<br \/>\n\u25cf Az alacsony M.W. \u00e1ltal okozott barrierfilm cs\u00f6kkenti a pigmentr\u00e9szecsk\u00e9k k\u00f6z\u00f6tti vonz\u00f3er\u0151t, \u00edgy jobb stabilit\u00e1st biztos\u00edt a diszperg\u00e1l\u00e1shoz.<\/p>\n<p>\u25cf Kiv\u00e1l\u00f3 sz\u00ednvisszaad\u00e1si k\u00e9pess\u00e9g \u00e9s f\u00e9nyess\u00e9g a sz\u00e9nfeket\u00e9hez.<\/p>\n<p>\u25cf Alkalmas 2-pack \u00e9s h\u0151re l\u00e1gyul\u00f3 rendszerekhez, kiv\u00e9ve a h\u0151re l\u00e1gyul\u00f3 akrilfest\u00e9keket<\/p>\n<p><strong>Bejegyz\u00e9s<\/strong><\/p>\n<p>A pigmentek hozz\u00e1ad\u00e1sa el\u0151tt kell be\u00e9p\u00edteni a malmi alapba.<\/p>\n<p><strong>Javasoljon kieg\u00e9sz\u00edt\u00e9st<\/strong><\/p>\n<p>Szervetlen pigment 1-10%<br \/>\nSzerves pigment 15-35%<br \/>\nSz\u00e9nfekete 25-100%<\/p>\n<p><strong>csomag<\/strong><\/p>\n<p>25KG \/ 180KG<\/p>\n<p><strong><b>T\u00e1rol\u00e1s:<\/b><\/strong><\/p>\n<div>\n<p>Sz\u00e1raz, tiszta, j\u00f3l szell\u0151z\u0151 rakt\u00e1rban tartj\u00e1k.<\/p>\n<p>Ker\u00fclje a f\u00e9nynek \u00e9s a meleg\u00edt\u00e9snek val\u00f3 kitetts\u00e9get.<\/p>\n<p>A term\u00e9k v\u00e9delme a sziv\u00e1rg\u00e1st\u00f3l, es\u0151t\u0151l \u00e9s a szigetel\u00e9st\u0151l sz\u00e1ll\u00edt\u00e1s k\u00f6zben.<\/p>\n<\/div>","protected":false},"excerpt":{"rendered":"<p>Term\u00e9kle\u00edr\u00e1s: A term\u00e9k le\u00edr\u00e1sa: Magas M.W. blokk st\u00edlus\u00fa kopolimer oldat pigment affinit\u00e1s\u00fa csoportokkal<\/p>\n<p>Egyen\u00e9rt\u00e9k\u0171 alternat\u00edv\u00e1k: Elementis Disponer 983<\/p>\n<p>Alkalmaz\u00e1si rendszer: Old\u00f3szer alap\u00fa<\/p>\n<p>Viszkozit\u00e1s: \u2265Q(bubor\u00e9kos viszkozim\u00e9ter)(25\u00b10,2)\u2103<\/p>\n<p>Csomag: 25KG vagy 180KG\/dob<\/p>","protected":false},"featured_media":0,"comment_status":"closed","ping_status":"closed","template":"","meta":[],"product_brand":[],"product_cat":[138,150],"product_tag":[],"class_list":{"0":"post-6238","1":"product","2":"type-product","3":"status-publish","5":"product_cat-coating-and-ink-additives","6":"product_cat-dispersant","8":"first","9":"instock","10":"shipping-taxable","11":"product-type-simple"},"yoast_head":"<!-- This site is optimized with the Yoast SEO plugin v25.3.1 - https:\/\/yoast.com\/wordpress\/plugins\/seo\/ -->\n<title>DP-D264R High M.W. block style copolymer solution with | Longchang Chemical<\/title>\n<meta name=\"description\" content=\"DP-D264R High M.W. block style copolymer solution with pigment affinity groups Coating Additive is a coating additive for coatings, inks and specialty\" \/>\n<meta name=\"robots\" content=\"index, follow, max-snippet:-1, max-image-preview:large, max-video-preview:-1\" \/>\n<link rel=\"canonical\" href=\"https:\/\/longchangchemical.com\/hu\/product\/agesin-dp-d264r-2\/\" \/>\n<meta property=\"og:locale\" content=\"hu_HU\" \/>\n<meta property=\"og:type\" content=\"article\" \/>\n<meta property=\"og:title\" content=\"DP-D264R High M.W. block style copolymer solution with | Longchang Chemical\" \/>\n<meta property=\"og:description\" content=\"DP-D264R High M.W. block style copolymer solution with pigment affinity groups Coating Additive is a coating additive for coatings, inks and specialty\" \/>\n<meta property=\"og:url\" content=\"https:\/\/longchangchemical.com\/hu\/product\/agesin-dp-d264r-2\/\" \/>\n<meta property=\"og:site_name\" content=\"Longchang Chemical\" \/>\n<meta property=\"article:modified_time\" content=\"2025-04-01T07:07:27+00:00\" \/>\n<meta property=\"og:image\" content=\"https:\/\/longchangchemical.com\/wp-content\/uploads\/2024\/02\/logo-jpeg.jpg\" \/>\n\t<meta property=\"og:image:width\" content=\"1000\" \/>\n\t<meta property=\"og:image:height\" content=\"1000\" \/>\n\t<meta property=\"og:image:type\" content=\"image\/jpeg\" \/>\n<meta name=\"twitter:card\" content=\"summary_large_image\" \/>\n<script type=\"application\/ld+json\" class=\"yoast-schema-graph\">{\"@context\":\"https:\/\/schema.org\",\"@graph\":[{\"@type\":\"WebPage\",\"@id\":\"https:\/\/longchangchemical.com\/product\/agesin-dp-d264r-2\/\",\"url\":\"https:\/\/longchangchemical.com\/product\/agesin-dp-d264r-2\/\",\"name\":\"DP-D264R High M.W. block style copolymer solution with | Longchang Chemical\",\"isPartOf\":{\"@id\":\"https:\/\/longchangchemical.com\/#website\"},\"datePublished\":\"2023-09-14T07:58:33+00:00\",\"dateModified\":\"2025-04-01T07:07:27+00:00\",\"description\":\"DP-D264R High M.W. block style copolymer solution with pigment affinity groups Coating Additive is a coating additive for coatings, inks and specialty\",\"breadcrumb\":{\"@id\":\"https:\/\/longchangchemical.com\/product\/agesin-dp-d264r-2\/#breadcrumb\"},\"inLanguage\":\"hu\",\"potentialAction\":[{\"@type\":\"ReadAction\",\"target\":[\"https:\/\/longchangchemical.com\/product\/agesin-dp-d264r-2\/\"]}]},{\"@type\":\"BreadcrumbList\",\"@id\":\"https:\/\/longchangchemical.com\/product\/agesin-dp-d264r-2\/#breadcrumb\",\"itemListElement\":[{\"@type\":\"ListItem\",\"position\":1,\"name\":\"Home\",\"item\":\"https:\/\/longchangchemical.com\/\"},{\"@type\":\"ListItem\",\"position\":2,\"name\":\"Products Longchang\",\"item\":\"https:\/\/longchangchemical.com\/product\/\"},{\"@type\":\"ListItem\",\"position\":3,\"name\":\"CHLUMICRYL\u00ae DP-D264R \/ High M.W. block style copolymer solution with pigment affinity groups\"}]},{\"@type\":\"WebSite\",\"@id\":\"https:\/\/longchangchemical.com\/#website\",\"url\":\"https:\/\/longchangchemical.com\/\",\"name\":\"Longchang Chemical\",\"description\":\"China chemical manufacturer \uff06 supplier\",\"publisher\":{\"@id\":\"https:\/\/longchangchemical.com\/#organization\"},\"potentialAction\":[{\"@type\":\"SearchAction\",\"target\":{\"@type\":\"EntryPoint\",\"urlTemplate\":\"https:\/\/longchangchemical.com\/?s={search_term_string}\"},\"query-input\":{\"@type\":\"PropertyValueSpecification\",\"valueRequired\":true,\"valueName\":\"search_term_string\"}}],\"inLanguage\":\"hu\"},{\"@type\":\"Organization\",\"@id\":\"https:\/\/longchangchemical.com\/#organization\",\"name\":\"Longchang Chemical\",\"url\":\"https:\/\/longchangchemical.com\/\",\"logo\":{\"@type\":\"ImageObject\",\"inLanguage\":\"hu\",\"@id\":\"https:\/\/longchangchemical.com\/#\/schema\/logo\/image\/\",\"url\":\"https:\/\/longchangchemical.com\/wp-content\/uploads\/2020\/08\/cropped-longchang-logo.png\",\"contentUrl\":\"https:\/\/longchangchemical.com\/wp-content\/uploads\/2020\/08\/cropped-longchang-logo.png\",\"width\":512,\"height\":512,\"caption\":\"Longchang Chemical\"},\"image\":{\"@id\":\"https:\/\/longchangchemical.com\/#\/schema\/logo\/image\/\"}}]}<\/script>\n<!-- \/ Yoast SEO plugin. -->","yoast_head_json":{"title":"DP-D264R High M.W. block style copolymer solution with | Longchang Chemical","description":"DP-D264R High M.W. block style copolymer solution with pigment affinity groups Coating Additive is a coating additive for coatings, inks and specialty","robots":{"index":"index","follow":"follow","max-snippet":"max-snippet:-1","max-image-preview":"max-image-preview:large","max-video-preview":"max-video-preview:-1"},"canonical":"https:\/\/longchangchemical.com\/hu\/product\/agesin-dp-d264r-2\/","og_locale":"hu_HU","og_type":"article","og_title":"DP-D264R High M.W. block style copolymer solution with | Longchang Chemical","og_description":"DP-D264R High M.W. block style copolymer solution with pigment affinity groups Coating Additive is a coating additive for coatings, inks and specialty","og_url":"https:\/\/longchangchemical.com\/hu\/product\/agesin-dp-d264r-2\/","og_site_name":"Longchang Chemical","article_modified_time":"2025-04-01T07:07:27+00:00","og_image":[{"width":1000,"height":1000,"url":"https:\/\/longchangchemical.com\/wp-content\/uploads\/2024\/02\/logo-jpeg.jpg","type":"image\/jpeg"}],"twitter_card":"summary_large_image","schema":{"@context":"https:\/\/schema.org","@graph":[{"@type":"WebPage","@id":"https:\/\/longchangchemical.com\/product\/agesin-dp-d264r-2\/","url":"https:\/\/longchangchemical.com\/product\/agesin-dp-d264r-2\/","name":"DP-D264R High M.W. block style copolymer solution with | Longchang Chemical","isPartOf":{"@id":"https:\/\/longchangchemical.com\/#website"},"datePublished":"2023-09-14T07:58:33+00:00","dateModified":"2025-04-01T07:07:27+00:00","description":"DP-D264R High M.W. block style copolymer solution with pigment affinity groups Coating Additive is a coating additive for coatings, inks and specialty","breadcrumb":{"@id":"https:\/\/longchangchemical.com\/product\/agesin-dp-d264r-2\/#breadcrumb"},"inLanguage":"hu","potentialAction":[{"@type":"ReadAction","target":["https:\/\/longchangchemical.com\/product\/agesin-dp-d264r-2\/"]}]},{"@type":"BreadcrumbList","@id":"https:\/\/longchangchemical.com\/product\/agesin-dp-d264r-2\/#breadcrumb","itemListElement":[{"@type":"ListItem","position":1,"name":"Home","item":"https:\/\/longchangchemical.com\/"},{"@type":"ListItem","position":2,"name":"Products Longchang","item":"https:\/\/longchangchemical.com\/product\/"},{"@type":"ListItem","position":3,"name":"CHLUMICRYL\u00ae DP-D264R \/ High M.W. block style copolymer solution with pigment affinity groups"}]},{"@type":"WebSite","@id":"https:\/\/longchangchemical.com\/#website","url":"https:\/\/longchangchemical.com\/","name":"Longchang Chemical","description":"K\u00edna k\u00e9miai gy\u00e1rt\u00f3 \uff06 sz\u00e1ll\u00edt\u00f3","publisher":{"@id":"https:\/\/longchangchemical.com\/#organization"},"potentialAction":[{"@type":"SearchAction","target":{"@type":"EntryPoint","urlTemplate":"https:\/\/longchangchemical.com\/?s={search_term_string}"},"query-input":{"@type":"PropertyValueSpecification","valueRequired":true,"valueName":"search_term_string"}}],"inLanguage":"hu"},{"@type":"Organization","@id":"https:\/\/longchangchemical.com\/#organization","name":"Longchang Chemical","url":"https:\/\/longchangchemical.com\/","logo":{"@type":"ImageObject","inLanguage":"hu","@id":"https:\/\/longchangchemical.com\/#\/schema\/logo\/image\/","url":"https:\/\/longchangchemical.com\/wp-content\/uploads\/2020\/08\/cropped-longchang-logo.png","contentUrl":"https:\/\/longchangchemical.com\/wp-content\/uploads\/2020\/08\/cropped-longchang-logo.png","width":512,"height":512,"caption":"Longchang Chemical"},"image":{"@id":"https:\/\/longchangchemical.com\/#\/schema\/logo\/image\/"}}]}},"_links":{"self":[{"href":"https:\/\/longchangchemical.com\/hu\/wp-json\/wp\/v2\/product\/6238","targetHints":{"allow":["GET"]}}],"collection":[{"href":"https:\/\/longchangchemical.com\/hu\/wp-json\/wp\/v2\/product"}],"about":[{"href":"https:\/\/longchangchemical.com\/hu\/wp-json\/wp\/v2\/types\/product"}],"replies":[{"embeddable":true,"href":"https:\/\/longchangchemical.com\/hu\/wp-json\/wp\/v2\/comments?post=6238"}],"wp:attachment":[{"href":"https:\/\/longchangchemical.com\/hu\/wp-json\/wp\/v2\/media?parent=6238"}],"wp:term":[{"taxonomy":"product_brand","embeddable":true,"href":"https:\/\/longchangchemical.com\/hu\/wp-json\/wp\/v2\/product_brand?post=6238"},{"taxonomy":"product_cat","embeddable":true,"href":"https:\/\/longchangchemical.com\/hu\/wp-json\/wp\/v2\/product_cat?post=6238"},{"taxonomy":"product_tag","embeddable":true,"href":"https:\/\/longchangchemical.com\/hu\/wp-json\/wp\/v2\/product_tag?post=6238"}],"curies":[{"name":"wp","href":"https:\/\/api.w.org\/{rel}","templated":true}]}}