{"id":6205,"date":"2023-08-18T07:59:18","date_gmt":"2023-08-18T07:59:18","guid":{"rendered":"https:\/\/longchangchemical.com\/?post_type=product&#038;p=6205"},"modified":"2026-05-08T08:26:25","modified_gmt":"2026-05-08T08:26:25","slug":"uv-5151-cas-104810-48-2","status":"publish","type":"product","link":"https:\/\/longchangchemical.com\/hu\/product\/uv-5151-cas-104810-48-2\/","title":{"rendered":"CHLUMILS\u00ae UV 5151 \/ F\u00e9nystabiliz\u00e1tor 5151 CAS 104810-48-2"},"content":{"rendered":"<h2><strong>UV 5151 \/ F\u00e9nystabiliz\u00e1tor 5151 CAS 104810-48-2<\/strong><\/h2>\n<table style=\"border-collapse: collapse; width: 366.77pt;\" border=\"0\" width=\"489\" cellspacing=\"0\" cellpadding=\"0\">\n<tbody>\n<tr style=\"height: 17.25pt;\">\n<td class=\"et2\" style=\"height: 17.25pt; width: 164.25pt;\" width=\"219\" height=\"23\">Megjelen\u00e9s<\/td>\n<td class=\"et3\" style=\"width: 202.50pt;\" width=\"270\">Borosty\u00e1ns\u00e1rga sz\u00edn\u0171 viszk\u00f3zus folyad\u00e9k<\/td>\n<\/tr>\n<tr style=\"height: 17.25pt;\">\n<td class=\"et2\" style=\"height: 17.25pt; width: 164.25pt;\" width=\"219\" height=\"23\">Tartalom<\/td>\n<td class=\"et3\" style=\"width: 202.50pt;\" width=\"270\">\u226593%<\/td>\n<\/tr>\n<tr style=\"height: 17.25pt;\">\n<td class=\"et2\" style=\"height: 17.25pt; width: 164.25pt;\" width=\"219\" height=\"23\">Viszkozit\u00e1s@20<span class=\"font3\">\u2103<\/span><\/td>\n<td class=\"et3\" style=\"width: 202.50pt;\" width=\"270\">7000mPa.s<\/td>\n<\/tr>\n<tr style=\"height: 17.25pt;\">\n<td class=\"et2\" style=\"height: 17.25pt; width: 164.25pt;\" width=\"219\" height=\"23\">S\u0171r\u0171s\u00e9g<\/td>\n<td class=\"et3\" style=\"width: 202.50pt;\" width=\"270\">1,10g\/cm3<\/td>\n<\/tr>\n<tr style=\"height: 17.25pt;\">\n<td class=\"et2\" style=\"height: 17.25pt; width: 164.25pt;\" width=\"219\" height=\"23\">Ash<\/td>\n<td class=\"et3\" style=\"width: 202.50pt;\" width=\"270\">\u22640,1%<\/td>\n<\/tr>\n<tr style=\"height: 17.25pt;\">\n<td class=\"et2\" style=\"height: 17.25pt; width: 164.25pt;\" width=\"219\" height=\"23\">Volatilit\u00e1s<\/td>\n<td class=\"et3\" style=\"width: 202.50pt;\" width=\"270\">\u22640,5%<\/td>\n<\/tr>\n<tr style=\"height: 17.25pt;\">\n<td class=\"et4\" style=\"height: 34.50pt; width: 164.25pt;\" rowspan=\"2\" width=\"219\" height=\"46\">Transzmittancia<\/td>\n<td class=\"et3\" style=\"width: 202.50pt;\" width=\"270\">460nm\u226595%<\/td>\n<\/tr>\n<tr style=\"height: 17.25pt;\">\n<td class=\"et3\" style=\"width: 202.50pt;\" width=\"270\">500nm\u226597%<\/td>\n<\/tr>\n<tr style=\"height: 17.25pt;\">\n<td class=\"et2\" style=\"height: 17.25pt; width: 164.25pt;\" width=\"219\" height=\"23\">Csomagol\u00e1si specifik\u00e1ci\u00f3<\/td>\n<td class=\"et3\" style=\"width: 202.50pt;\" width=\"270\">25kg 200kg<\/td>\n<\/tr>\n<\/tbody>\n<\/table>\n<h2><strong>UV 5151 Haszn\u00e1lat<\/strong><\/h2>\n<p>Az UV5151 f\u00e9nystabiliz\u00e1tor foly\u00e9kony hidroxifenilbenzotriazol UV-abszorber \u00e9s foly\u00e9kony akad\u00e1lyozott amin f\u00e9nystabiliz\u00e1tor szinergikus kever\u00e9ke, amelyet j\u00f3 kompatibilit\u00e1s, alacsony ill\u00e9konys\u00e1g, j\u00f3 diszperzi\u00f3, alacsony migr\u00e1ci\u00f3, j\u00f3 h\u0151stabilit\u00e1s \u00e9s magas f\u00e9nystabilit\u00e1s jellemez. Speci\u00e1lis hidroxilcsoport, k\u00f6nnyen emulge\u00e1lhat\u00f3 vizes rendszerben, a vizes rendszerben val\u00f3 diszperzi\u00f3 vizes old\u00f3szerekben, p\u00e9ld\u00e1ul dietil\u00e9nglikol-dietil-\u00e9terben val\u00f3 old\u00e1ssal \u00e9rhet\u0151 el. Alkalmas a magas h\u0151m\u00e9rs\u00e9kleten t\u00f6rt\u00e9n\u0151 s\u00fct\u00e9shez \u00e9s az aut\u00f3ipari bevonatok, ipari bevonatok, fa bevonatok kem\u00e9ny k\u00f6vetelm\u00e9nyeihez, k\u00fcl\u00f6n\u00f6sen a v\u00edzb\u00e1zis\u00fa bevonatokhoz.<\/p>\n<p>&nbsp;<\/p>\n<p><span style=\"color: #0267c1;\"><!--more--><\/span><\/p>\n<blockquote>\n<h3>L\u00e9pjen kapcsolatba vel\u00fcnk most!<\/h3>\n<h3>Ha \u00e1r- vagy mintatesztre van sz\u00fcks\u00e9ge, k\u00e9rj\u00fck, k\u00fcldj\u00f6n e-mailt a k\u00f6vetkez\u0151 c\u00edmre <span style=\"color: #0267c1;\"><a style=\"color: #0267c1;\" href=\"mailto:info@longchangchemical.com\"><strong>info@longchangchemical.com<\/strong><\/a><\/span>vagy haszn\u00e1lja a weboldal \u00e9l\u0151 chatj\u00e9t, hogy azonnali v\u00e1laszt kapjon.<\/h3>\n<\/blockquote>\n<p>&nbsp;<\/p>","protected":false},"excerpt":{"rendered":"<p>UV 5151 Light stabilizer 5151 CAS 104810-48-2 is a light stabilizer for polyolefin, coating and outdoor polymer systems. Key properties include which is characterized by good compatibility, low volatility, and good dispersion.<\/p>","protected":false},"featured_media":6206,"comment_status":"open","ping_status":"closed","template":"","meta":[],"product_brand":[],"product_cat":[104],"product_tag":[],"class_list":{"0":"post-6205","1":"product","2":"type-product","3":"status-publish","4":"has-post-thumbnail","6":"product_cat-light-stabilizer","8":"first","9":"instock","10":"shipping-taxable","11":"product-type-simple"},"yoast_head":"<!-- This site is optimized with the Yoast SEO plugin v25.3.1 - https:\/\/yoast.com\/wordpress\/plugins\/seo\/ -->\n<title>China UV 5151 \/ Light stabilizer 5151 CAS 104810-48-2 Manufacturer - Longchang Chemical<\/title>\n<meta name=\"description\" content=\"UV 5151 \/ Light stabilizer 5151 CAS 104810-48-2 is a key product of Longchang Chemical. We provide the best price. We are the leading manufacturer in China with the best quality and competitive price.\" \/>\n<meta name=\"robots\" content=\"index, follow, max-snippet:-1, max-image-preview:large, max-video-preview:-1\" \/>\n<link rel=\"canonical\" href=\"https:\/\/longchangchemical.com\/hu\/product\/uv-5151-cas-104810-48-2\/\" \/>\n<meta property=\"og:locale\" content=\"hu_HU\" \/>\n<meta property=\"og:type\" content=\"article\" \/>\n<meta property=\"og:title\" content=\"China UV 5151 \/ Light stabilizer 5151 CAS 104810-48-2 Manufacturer - Longchang Chemical\" \/>\n<meta property=\"og:description\" content=\"UV 5151 \/ Light stabilizer 5151 CAS 104810-48-2 is a key product of Longchang Chemical. We provide the best price. We are the leading manufacturer in China with the best quality and competitive price.\" \/>\n<meta property=\"og:url\" content=\"https:\/\/longchangchemical.com\/hu\/product\/uv-5151-cas-104810-48-2\/\" \/>\n<meta property=\"og:site_name\" content=\"Longchang Chemical\" \/>\n<meta property=\"article:modified_time\" content=\"2026-05-08T08:26:25+00:00\" \/>\n<meta property=\"og:image\" content=\"https:\/\/longchangchemical.com\/wp-content\/uploads\/2023\/08\/UV-5151.png\" \/>\n\t<meta property=\"og:image:width\" content=\"440\" \/>\n\t<meta property=\"og:image:height\" content=\"747\" \/>\n\t<meta property=\"og:image:type\" content=\"image\/png\" \/>\n<meta name=\"twitter:card\" content=\"summary_large_image\" \/>\n<script type=\"application\/ld+json\" class=\"yoast-schema-graph\">{\"@context\":\"https:\/\/schema.org\",\"@graph\":[{\"@type\":\"WebPage\",\"@id\":\"https:\/\/longchangchemical.com\/product\/uv-5151-cas-104810-48-2\/\",\"url\":\"https:\/\/longchangchemical.com\/product\/uv-5151-cas-104810-48-2\/\",\"name\":\"China UV 5151 \/ Light stabilizer 5151 CAS 104810-48-2 Manufacturer - Longchang Chemical\",\"isPartOf\":{\"@id\":\"https:\/\/longchangchemical.com\/#website\"},\"primaryImageOfPage\":{\"@id\":\"https:\/\/longchangchemical.com\/product\/uv-5151-cas-104810-48-2\/#primaryimage\"},\"image\":{\"@id\":\"https:\/\/longchangchemical.com\/product\/uv-5151-cas-104810-48-2\/#primaryimage\"},\"thumbnailUrl\":\"https:\/\/longchangchemical.com\/wp-content\/uploads\/2023\/08\/UV-5151.png\",\"datePublished\":\"2023-08-18T07:59:18+00:00\",\"dateModified\":\"2026-05-08T08:26:25+00:00\",\"description\":\"UV 5151 \/ Light stabilizer 5151 CAS 104810-48-2 is a key product of Longchang Chemical. We provide the best price. We are the leading manufacturer in China with the best quality and competitive price.\",\"breadcrumb\":{\"@id\":\"https:\/\/longchangchemical.com\/product\/uv-5151-cas-104810-48-2\/#breadcrumb\"},\"inLanguage\":\"hu\",\"potentialAction\":[{\"@type\":\"ReadAction\",\"target\":[\"https:\/\/longchangchemical.com\/product\/uv-5151-cas-104810-48-2\/\"]}]},{\"@type\":\"ImageObject\",\"inLanguage\":\"hu\",\"@id\":\"https:\/\/longchangchemical.com\/product\/uv-5151-cas-104810-48-2\/#primaryimage\",\"url\":\"https:\/\/longchangchemical.com\/wp-content\/uploads\/2023\/08\/UV-5151.png\",\"contentUrl\":\"https:\/\/longchangchemical.com\/wp-content\/uploads\/2023\/08\/UV-5151.png\",\"width\":440,\"height\":747},{\"@type\":\"BreadcrumbList\",\"@id\":\"https:\/\/longchangchemical.com\/product\/uv-5151-cas-104810-48-2\/#breadcrumb\",\"itemListElement\":[{\"@type\":\"ListItem\",\"position\":1,\"name\":\"Home\",\"item\":\"https:\/\/longchangchemical.com\/\"},{\"@type\":\"ListItem\",\"position\":2,\"name\":\"Products Longchang\",\"item\":\"https:\/\/longchangchemical.com\/product\/\"},{\"@type\":\"ListItem\",\"position\":3,\"name\":\"CHLUMILS\u00ae UV 5151 \/ Light stabilizer 5151 CAS 104810-48-2\"}]},{\"@type\":\"WebSite\",\"@id\":\"https:\/\/longchangchemical.com\/#website\",\"url\":\"https:\/\/longchangchemical.com\/\",\"name\":\"Longchang Chemical\",\"description\":\"China chemical manufacturer \uff06 supplier\",\"publisher\":{\"@id\":\"https:\/\/longchangchemical.com\/#organization\"},\"potentialAction\":[{\"@type\":\"SearchAction\",\"target\":{\"@type\":\"EntryPoint\",\"urlTemplate\":\"https:\/\/longchangchemical.com\/?s={search_term_string}\"},\"query-input\":{\"@type\":\"PropertyValueSpecification\",\"valueRequired\":true,\"valueName\":\"search_term_string\"}}],\"inLanguage\":\"hu\"},{\"@type\":\"Organization\",\"@id\":\"https:\/\/longchangchemical.com\/#organization\",\"name\":\"Longchang Chemical\",\"url\":\"https:\/\/longchangchemical.com\/\",\"logo\":{\"@type\":\"ImageObject\",\"inLanguage\":\"hu\",\"@id\":\"https:\/\/longchangchemical.com\/#\/schema\/logo\/image\/\",\"url\":\"https:\/\/longchangchemical.com\/wp-content\/uploads\/2020\/08\/cropped-longchang-logo.png\",\"contentUrl\":\"https:\/\/longchangchemical.com\/wp-content\/uploads\/2020\/08\/cropped-longchang-logo.png\",\"width\":512,\"height\":512,\"caption\":\"Longchang Chemical\"},\"image\":{\"@id\":\"https:\/\/longchangchemical.com\/#\/schema\/logo\/image\/\"}}]}<\/script>\n<!-- \/ Yoast SEO plugin. -->","yoast_head_json":{"title":"K\u00edna UV 5151 \/ F\u00e9nystabiliz\u00e1tor 5151 CAS 104810-48-2 gy\u00e1rt\u00f3 - Longchang Chemical","description":"UV 5151 \/ F\u00e9nystabiliz\u00e1tor 5151 CAS 104810-48-2 a Longchang Chemical egyik legfontosabb term\u00e9ke. A legjobb \u00e1rat biztos\u00edtjuk. Mi vagyunk a vezet\u0151 gy\u00e1rt\u00f3 K\u00edn\u00e1ban a legjobb min\u0151s\u00e9ggel \u00e9s versenyk\u00e9pes \u00e1rral.","robots":{"index":"index","follow":"follow","max-snippet":"max-snippet:-1","max-image-preview":"max-image-preview:large","max-video-preview":"max-video-preview:-1"},"canonical":"https:\/\/longchangchemical.com\/hu\/product\/uv-5151-cas-104810-48-2\/","og_locale":"hu_HU","og_type":"article","og_title":"China UV 5151 \/ Light stabilizer 5151 CAS 104810-48-2 Manufacturer - Longchang Chemical","og_description":"UV 5151 \/ Light stabilizer 5151 CAS 104810-48-2 is a key product of Longchang Chemical. We provide the best price. We are the leading manufacturer in China with the best quality and competitive price.","og_url":"https:\/\/longchangchemical.com\/hu\/product\/uv-5151-cas-104810-48-2\/","og_site_name":"Longchang Chemical","article_modified_time":"2026-05-08T08:26:25+00:00","og_image":[{"width":440,"height":747,"url":"https:\/\/longchangchemical.com\/wp-content\/uploads\/2023\/08\/UV-5151.png","type":"image\/png"}],"twitter_card":"summary_large_image","schema":{"@context":"https:\/\/schema.org","@graph":[{"@type":"WebPage","@id":"https:\/\/longchangchemical.com\/product\/uv-5151-cas-104810-48-2\/","url":"https:\/\/longchangchemical.com\/product\/uv-5151-cas-104810-48-2\/","name":"K\u00edna UV 5151 \/ F\u00e9nystabiliz\u00e1tor 5151 CAS 104810-48-2 gy\u00e1rt\u00f3 - Longchang Chemical","isPartOf":{"@id":"https:\/\/longchangchemical.com\/#website"},"primaryImageOfPage":{"@id":"https:\/\/longchangchemical.com\/product\/uv-5151-cas-104810-48-2\/#primaryimage"},"image":{"@id":"https:\/\/longchangchemical.com\/product\/uv-5151-cas-104810-48-2\/#primaryimage"},"thumbnailUrl":"https:\/\/longchangchemical.com\/wp-content\/uploads\/2023\/08\/UV-5151.png","datePublished":"2023-08-18T07:59:18+00:00","dateModified":"2026-05-08T08:26:25+00:00","description":"UV 5151 \/ F\u00e9nystabiliz\u00e1tor 5151 CAS 104810-48-2 a Longchang Chemical egyik legfontosabb term\u00e9ke. A legjobb \u00e1rat biztos\u00edtjuk. Mi vagyunk a vezet\u0151 gy\u00e1rt\u00f3 K\u00edn\u00e1ban a legjobb min\u0151s\u00e9ggel \u00e9s versenyk\u00e9pes \u00e1rral.","breadcrumb":{"@id":"https:\/\/longchangchemical.com\/product\/uv-5151-cas-104810-48-2\/#breadcrumb"},"inLanguage":"hu","potentialAction":[{"@type":"ReadAction","target":["https:\/\/longchangchemical.com\/product\/uv-5151-cas-104810-48-2\/"]}]},{"@type":"ImageObject","inLanguage":"hu","@id":"https:\/\/longchangchemical.com\/product\/uv-5151-cas-104810-48-2\/#primaryimage","url":"https:\/\/longchangchemical.com\/wp-content\/uploads\/2023\/08\/UV-5151.png","contentUrl":"https:\/\/longchangchemical.com\/wp-content\/uploads\/2023\/08\/UV-5151.png","width":440,"height":747},{"@type":"BreadcrumbList","@id":"https:\/\/longchangchemical.com\/product\/uv-5151-cas-104810-48-2\/#breadcrumb","itemListElement":[{"@type":"ListItem","position":1,"name":"Home","item":"https:\/\/longchangchemical.com\/"},{"@type":"ListItem","position":2,"name":"Products Longchang","item":"https:\/\/longchangchemical.com\/product\/"},{"@type":"ListItem","position":3,"name":"CHLUMILS\u00ae UV 5151 \/ Light stabilizer 5151 CAS 104810-48-2"}]},{"@type":"WebSite","@id":"https:\/\/longchangchemical.com\/#website","url":"https:\/\/longchangchemical.com\/","name":"Longchang Chemical","description":"K\u00edna k\u00e9miai gy\u00e1rt\u00f3 \uff06 sz\u00e1ll\u00edt\u00f3","publisher":{"@id":"https:\/\/longchangchemical.com\/#organization"},"potentialAction":[{"@type":"SearchAction","target":{"@type":"EntryPoint","urlTemplate":"https:\/\/longchangchemical.com\/?s={search_term_string}"},"query-input":{"@type":"PropertyValueSpecification","valueRequired":true,"valueName":"search_term_string"}}],"inLanguage":"hu"},{"@type":"Organization","@id":"https:\/\/longchangchemical.com\/#organization","name":"Longchang Chemical","url":"https:\/\/longchangchemical.com\/","logo":{"@type":"ImageObject","inLanguage":"hu","@id":"https:\/\/longchangchemical.com\/#\/schema\/logo\/image\/","url":"https:\/\/longchangchemical.com\/wp-content\/uploads\/2020\/08\/cropped-longchang-logo.png","contentUrl":"https:\/\/longchangchemical.com\/wp-content\/uploads\/2020\/08\/cropped-longchang-logo.png","width":512,"height":512,"caption":"Longchang Chemical"},"image":{"@id":"https:\/\/longchangchemical.com\/#\/schema\/logo\/image\/"}}]}},"_links":{"self":[{"href":"https:\/\/longchangchemical.com\/hu\/wp-json\/wp\/v2\/product\/6205","targetHints":{"allow":["GET"]}}],"collection":[{"href":"https:\/\/longchangchemical.com\/hu\/wp-json\/wp\/v2\/product"}],"about":[{"href":"https:\/\/longchangchemical.com\/hu\/wp-json\/wp\/v2\/types\/product"}],"replies":[{"embeddable":true,"href":"https:\/\/longchangchemical.com\/hu\/wp-json\/wp\/v2\/comments?post=6205"}],"wp:featuredmedia":[{"embeddable":true,"href":"https:\/\/longchangchemical.com\/hu\/wp-json\/wp\/v2\/media\/6206"}],"wp:attachment":[{"href":"https:\/\/longchangchemical.com\/hu\/wp-json\/wp\/v2\/media?parent=6205"}],"wp:term":[{"taxonomy":"product_brand","embeddable":true,"href":"https:\/\/longchangchemical.com\/hu\/wp-json\/wp\/v2\/product_brand?post=6205"},{"taxonomy":"product_cat","embeddable":true,"href":"https:\/\/longchangchemical.com\/hu\/wp-json\/wp\/v2\/product_cat?post=6205"},{"taxonomy":"product_tag","embeddable":true,"href":"https:\/\/longchangchemical.com\/hu\/wp-json\/wp\/v2\/product_tag?post=6205"}],"curies":[{"name":"wp","href":"https:\/\/api.w.org\/{rel}","templated":true}]}}