{"id":6198,"date":"2023-08-07T13:13:26","date_gmt":"2023-08-07T13:13:26","guid":{"rendered":"https:\/\/longchangchemical.com\/?post_type=product&#038;p=6198"},"modified":"2026-05-08T02:59:59","modified_gmt":"2026-05-08T02:59:59","slug":"agesinfs-d9013r","status":"publish","type":"product","link":"https:\/\/longchangchemical.com\/hu\/product\/agesinfs-d9013r\/","title":{"rendered":"CHLUMICRYL\u00ae FS-D9013R"},"content":{"rendered":"<h2>Fluorkarbon kopolimer oldat<\/h2>\n<p><strong>Term\u00e9k sz\u00e1ma<\/strong>: FS-D9013R<\/p>\n<p><strong>Specifik\u00e1ci\u00f3<\/strong><br \/>\n\u00d6sszet\u00e9tel Fluorsz\u00e9n-kopolimer oldat<br \/>\nMegjelen\u00e9s \u00c1tl\u00e1tsz\u00f3 vagy enyh\u00e9n s\u00e1rg\u00e1s-tiszta folyad\u00e9k<br \/>\nOld\u00f3szer K\u00e9tb\u00e1zis\u00fa \u00e9szter<br \/>\nHat\u00f3anyag 13%<br \/>\nS\u0171r\u0171s\u00e9g 1,11-1,15g\/ml(25\u00b11)\u2103<br \/>\nViszkozit\u00e1s 6-25s (Tu-4 viszkozim\u00e9ter) (25\u00b10,2)\u2103<br \/>\nLobban\u00e1spont \uff1e100\u2103<br \/>\nMegjegyz\u00e9s: Ez az adatlap tipikus, nem szabv\u00e1nyos eredm\u00e9nyeket k\u00edv\u00e1n megadni.A COA f\u00fcggv\u00e9ny\u00e9ben.<\/p>\n<p><strong>Alkalmaz\u00e1si rendszer<\/strong><br \/>\nOld\u00f3szer alap\u00fa UV kikem\u00e9ny\u00edt\u00e9s<\/p>\n<p><strong>Tulajdons\u00e1gok<\/strong><br \/>\nJ\u00f3 hossz\u00fahull\u00e1m\u00fa kiegyenl\u00edt\u00e9s. Megakad\u00e1lyozza a narancsh\u00e9j jelens\u00e9get.<br \/>\nKit\u0171n\u0151 k\u00e9pess\u00e9g a kr\u00e9tak\u00e9pz\u0151d\u00e9s elleni v\u00e9delemre.<br \/>\nGyors szintl\u00e9p\u00e9si sebess\u00e9g.<br \/>\nMagas h\u0151m\u00e9rs\u00e9kleti ellen\u00e1ll\u00e1s. \u00dajrabevonhat\u00f3.<br \/>\nAzokban a rendszerekben, ahol a szilikon adal\u00e9kok nem haszn\u00e1lhat\u00f3k, gyakran haszn\u00e1lj\u00e1k \u0151ket zsugorod\u00e1sg\u00e1tl\u00f3 adal\u00e9kk\u00e9nt.<br \/>\nA kiv\u00e1l\u00f3 vizesed\u00e9sg\u00e1tl\u00f3 hat\u00e1s a k\u00f6z\u00f6s UV alapoz\u00f3ban, nem befoly\u00e1solja az \u00fajrabevon\u00e1st. Meg kell jegyezni, hogy nem alkalmazhat\u00f3 UV v\u00e1kuumos galvaniz\u00e1l\u00f3 alapoz\u00f3ban, amely befoly\u00e1solja az \u00fajb\u00f3li bevonatot.<\/p>\n<p><strong>Bejegyz\u00e9s<\/strong><br \/>\nMegfelel\u0151 old\u00f3szerrel kell h\u00edg\u00edtani. A gy\u00e1rt\u00e1si folyamat b\u00e1rmely szakasz\u00e1ban hozz\u00e1adhat\u00f3, bele\u00e9rtve az ut\u00f3lagos hozz\u00e1ad\u00e1st is.<\/p>\n<p><strong>Javasoljon kieg\u00e9sz\u00edt\u00e9st<\/strong><br \/>\nHozz\u00e1ad\u00e1s a teljes k\u00e9sz\u00edtm\u00e9nyhez 0,1-1,0%<\/p>\n<p><strong>csomag<\/strong><\/p>\n<p>25KG \/ 180KG<\/p>\n<p><strong><b>T\u00e1rol\u00e1s:<\/b><\/strong><\/p>\n<div>\n<p>Sz\u00e1raz, tiszta, j\u00f3l szell\u0151z\u0151 rakt\u00e1rban tartj\u00e1k.<\/p>\n<p>Ker\u00fclje a f\u00e9nynek \u00e9s a meleg\u00edt\u00e9snek val\u00f3 kitetts\u00e9get.<\/p>\n<p>A term\u00e9k v\u00e9delme a sziv\u00e1rg\u00e1st\u00f3l, es\u0151t\u0151l \u00e9s a szigetel\u00e9st\u0151l sz\u00e1ll\u00edt\u00e1s k\u00f6zben.<\/p>\n<\/div>","protected":false},"excerpt":{"rendered":"<p>Term\u00e9kle\u00edr\u00e1s: A term\u00e9k le\u00edr\u00e1sa: Fluorsz\u00e9n-kopolimer oldat<\/p>\n<p>Egyen\u00e9rt\u00e9k\u0171 alternat\u00edv\u00e1k: n\/a<\/p>\n<p>Alkalmaz\u00e1si rendszer: UV kikem\u00e9ny\u00edt\u00e9s: old\u00f3szer alap\u00fa \/UV kikem\u00e9ny\u00edt\u00e9s<\/p>\n<p>Old\u00f3szer: Dib\u00e1zikus \u00e9szter<\/p>\n<p>Viszkozit\u00e1s: 6-25s (Tu-4 viszkozim\u00e9ter) (25\u00b10,2)\u2103<\/p>\n<p>Csomag: 25KG vagy 180KG\/dob<\/p>","protected":false},"featured_media":6292,"comment_status":"closed","ping_status":"closed","template":"","meta":[],"product_brand":[],"product_cat":[138,147],"product_tag":[],"class_list":{"0":"post-6198","1":"product","2":"type-product","3":"status-publish","4":"has-post-thumbnail","6":"product_cat-coating-and-ink-additives","7":"product_cat-fluorine-surfactant","9":"first","10":"instock","11":"shipping-taxable","12":"product-type-simple"},"yoast_head":"<!-- This site is optimized with the Yoast SEO plugin v25.3.1 - https:\/\/yoast.com\/wordpress\/plugins\/seo\/ -->\n<title>FS-D9013R Coating Additive | Longchang Chemical<\/title>\n<meta name=\"description\" content=\"FS-D9013R Coating Additive is a coating additive for coatings, inks and specialty surface modification.\" \/>\n<meta name=\"robots\" content=\"index, follow, max-snippet:-1, max-image-preview:large, max-video-preview:-1\" \/>\n<link rel=\"canonical\" href=\"https:\/\/longchangchemical.com\/hu\/product\/agesinfs-d9013r\/\" \/>\n<meta property=\"og:locale\" content=\"hu_HU\" \/>\n<meta property=\"og:type\" content=\"article\" \/>\n<meta property=\"og:title\" content=\"FS-D9013R Coating Additive | Longchang Chemical\" \/>\n<meta property=\"og:description\" content=\"FS-D9013R Coating Additive is a coating additive for coatings, inks and specialty surface modification.\" \/>\n<meta property=\"og:url\" content=\"https:\/\/longchangchemical.com\/hu\/product\/agesinfs-d9013r\/\" \/>\n<meta property=\"og:site_name\" content=\"Longchang Chemical\" \/>\n<meta property=\"article:modified_time\" content=\"2026-05-08T02:59:59+00:00\" \/>\n<meta property=\"og:image\" content=\"https:\/\/longchangchemical.com\/wp-content\/uploads\/2023\/08\/-FS-D9013R.jpg\" \/>\n\t<meta property=\"og:image:width\" content=\"800\" \/>\n\t<meta property=\"og:image:height\" content=\"800\" \/>\n\t<meta property=\"og:image:type\" content=\"image\/jpeg\" \/>\n<meta name=\"twitter:card\" content=\"summary_large_image\" \/>\n<script type=\"application\/ld+json\" class=\"yoast-schema-graph\">{\"@context\":\"https:\/\/schema.org\",\"@graph\":[{\"@type\":\"WebPage\",\"@id\":\"https:\/\/longchangchemical.com\/product\/agesinfs-d9013r\/\",\"url\":\"https:\/\/longchangchemical.com\/product\/agesinfs-d9013r\/\",\"name\":\"FS-D9013R Coating Additive | Longchang Chemical\",\"isPartOf\":{\"@id\":\"https:\/\/longchangchemical.com\/#website\"},\"primaryImageOfPage\":{\"@id\":\"https:\/\/longchangchemical.com\/product\/agesinfs-d9013r\/#primaryimage\"},\"image\":{\"@id\":\"https:\/\/longchangchemical.com\/product\/agesinfs-d9013r\/#primaryimage\"},\"thumbnailUrl\":\"https:\/\/longchangchemical.com\/wp-content\/uploads\/2023\/08\/-FS-D9013R.jpg\",\"datePublished\":\"2023-08-07T13:13:26+00:00\",\"dateModified\":\"2026-05-08T02:59:59+00:00\",\"description\":\"FS-D9013R Coating Additive is a coating additive for coatings, inks and specialty surface modification.\",\"breadcrumb\":{\"@id\":\"https:\/\/longchangchemical.com\/product\/agesinfs-d9013r\/#breadcrumb\"},\"inLanguage\":\"hu\",\"potentialAction\":[{\"@type\":\"ReadAction\",\"target\":[\"https:\/\/longchangchemical.com\/product\/agesinfs-d9013r\/\"]}]},{\"@type\":\"ImageObject\",\"inLanguage\":\"hu\",\"@id\":\"https:\/\/longchangchemical.com\/product\/agesinfs-d9013r\/#primaryimage\",\"url\":\"https:\/\/longchangchemical.com\/wp-content\/uploads\/2023\/08\/-FS-D9013R.jpg\",\"contentUrl\":\"https:\/\/longchangchemical.com\/wp-content\/uploads\/2023\/08\/-FS-D9013R.jpg\",\"width\":800,\"height\":800,\"caption\":\"FS-D9013R\"},{\"@type\":\"BreadcrumbList\",\"@id\":\"https:\/\/longchangchemical.com\/product\/agesinfs-d9013r\/#breadcrumb\",\"itemListElement\":[{\"@type\":\"ListItem\",\"position\":1,\"name\":\"Home\",\"item\":\"https:\/\/longchangchemical.com\/\"},{\"@type\":\"ListItem\",\"position\":2,\"name\":\"Products Longchang\",\"item\":\"https:\/\/longchangchemical.com\/product\/\"},{\"@type\":\"ListItem\",\"position\":3,\"name\":\"CHLUMICRYL\u00ae FS-D9013R\"}]},{\"@type\":\"WebSite\",\"@id\":\"https:\/\/longchangchemical.com\/#website\",\"url\":\"https:\/\/longchangchemical.com\/\",\"name\":\"Longchang Chemical\",\"description\":\"China chemical manufacturer \uff06 supplier\",\"publisher\":{\"@id\":\"https:\/\/longchangchemical.com\/#organization\"},\"potentialAction\":[{\"@type\":\"SearchAction\",\"target\":{\"@type\":\"EntryPoint\",\"urlTemplate\":\"https:\/\/longchangchemical.com\/?s={search_term_string}\"},\"query-input\":{\"@type\":\"PropertyValueSpecification\",\"valueRequired\":true,\"valueName\":\"search_term_string\"}}],\"inLanguage\":\"hu\"},{\"@type\":\"Organization\",\"@id\":\"https:\/\/longchangchemical.com\/#organization\",\"name\":\"Longchang Chemical\",\"url\":\"https:\/\/longchangchemical.com\/\",\"logo\":{\"@type\":\"ImageObject\",\"inLanguage\":\"hu\",\"@id\":\"https:\/\/longchangchemical.com\/#\/schema\/logo\/image\/\",\"url\":\"https:\/\/longchangchemical.com\/wp-content\/uploads\/2020\/08\/cropped-longchang-logo.png\",\"contentUrl\":\"https:\/\/longchangchemical.com\/wp-content\/uploads\/2020\/08\/cropped-longchang-logo.png\",\"width\":512,\"height\":512,\"caption\":\"Longchang Chemical\"},\"image\":{\"@id\":\"https:\/\/longchangchemical.com\/#\/schema\/logo\/image\/\"}}]}<\/script>\n<!-- \/ Yoast SEO plugin. -->","yoast_head_json":{"title":"FS-D9013R Coating Additive | Longchang Chemical","description":"FS-D9013R Coating Additive is a coating additive for coatings, inks and specialty surface modification.","robots":{"index":"index","follow":"follow","max-snippet":"max-snippet:-1","max-image-preview":"max-image-preview:large","max-video-preview":"max-video-preview:-1"},"canonical":"https:\/\/longchangchemical.com\/hu\/product\/agesinfs-d9013r\/","og_locale":"hu_HU","og_type":"article","og_title":"FS-D9013R Coating Additive | Longchang Chemical","og_description":"FS-D9013R Coating Additive is a coating additive for coatings, inks and specialty surface modification.","og_url":"https:\/\/longchangchemical.com\/hu\/product\/agesinfs-d9013r\/","og_site_name":"Longchang Chemical","article_modified_time":"2026-05-08T02:59:59+00:00","og_image":[{"width":800,"height":800,"url":"https:\/\/longchangchemical.com\/wp-content\/uploads\/2023\/08\/-FS-D9013R.jpg","type":"image\/jpeg"}],"twitter_card":"summary_large_image","schema":{"@context":"https:\/\/schema.org","@graph":[{"@type":"WebPage","@id":"https:\/\/longchangchemical.com\/product\/agesinfs-d9013r\/","url":"https:\/\/longchangchemical.com\/product\/agesinfs-d9013r\/","name":"FS-D9013R Coating Additive | Longchang Chemical","isPartOf":{"@id":"https:\/\/longchangchemical.com\/#website"},"primaryImageOfPage":{"@id":"https:\/\/longchangchemical.com\/product\/agesinfs-d9013r\/#primaryimage"},"image":{"@id":"https:\/\/longchangchemical.com\/product\/agesinfs-d9013r\/#primaryimage"},"thumbnailUrl":"https:\/\/longchangchemical.com\/wp-content\/uploads\/2023\/08\/-FS-D9013R.jpg","datePublished":"2023-08-07T13:13:26+00:00","dateModified":"2026-05-08T02:59:59+00:00","description":"FS-D9013R Coating Additive is a coating additive for coatings, inks and specialty surface modification.","breadcrumb":{"@id":"https:\/\/longchangchemical.com\/product\/agesinfs-d9013r\/#breadcrumb"},"inLanguage":"hu","potentialAction":[{"@type":"ReadAction","target":["https:\/\/longchangchemical.com\/product\/agesinfs-d9013r\/"]}]},{"@type":"ImageObject","inLanguage":"hu","@id":"https:\/\/longchangchemical.com\/product\/agesinfs-d9013r\/#primaryimage","url":"https:\/\/longchangchemical.com\/wp-content\/uploads\/2023\/08\/-FS-D9013R.jpg","contentUrl":"https:\/\/longchangchemical.com\/wp-content\/uploads\/2023\/08\/-FS-D9013R.jpg","width":800,"height":800,"caption":"FS-D9013R"},{"@type":"BreadcrumbList","@id":"https:\/\/longchangchemical.com\/product\/agesinfs-d9013r\/#breadcrumb","itemListElement":[{"@type":"ListItem","position":1,"name":"Home","item":"https:\/\/longchangchemical.com\/"},{"@type":"ListItem","position":2,"name":"Products Longchang","item":"https:\/\/longchangchemical.com\/product\/"},{"@type":"ListItem","position":3,"name":"CHLUMICRYL\u00ae FS-D9013R"}]},{"@type":"WebSite","@id":"https:\/\/longchangchemical.com\/#website","url":"https:\/\/longchangchemical.com\/","name":"Longchang Chemical","description":"K\u00edna k\u00e9miai gy\u00e1rt\u00f3 \uff06 sz\u00e1ll\u00edt\u00f3","publisher":{"@id":"https:\/\/longchangchemical.com\/#organization"},"potentialAction":[{"@type":"SearchAction","target":{"@type":"EntryPoint","urlTemplate":"https:\/\/longchangchemical.com\/?s={search_term_string}"},"query-input":{"@type":"PropertyValueSpecification","valueRequired":true,"valueName":"search_term_string"}}],"inLanguage":"hu"},{"@type":"Organization","@id":"https:\/\/longchangchemical.com\/#organization","name":"Longchang Chemical","url":"https:\/\/longchangchemical.com\/","logo":{"@type":"ImageObject","inLanguage":"hu","@id":"https:\/\/longchangchemical.com\/#\/schema\/logo\/image\/","url":"https:\/\/longchangchemical.com\/wp-content\/uploads\/2020\/08\/cropped-longchang-logo.png","contentUrl":"https:\/\/longchangchemical.com\/wp-content\/uploads\/2020\/08\/cropped-longchang-logo.png","width":512,"height":512,"caption":"Longchang Chemical"},"image":{"@id":"https:\/\/longchangchemical.com\/#\/schema\/logo\/image\/"}}]}},"_links":{"self":[{"href":"https:\/\/longchangchemical.com\/hu\/wp-json\/wp\/v2\/product\/6198","targetHints":{"allow":["GET"]}}],"collection":[{"href":"https:\/\/longchangchemical.com\/hu\/wp-json\/wp\/v2\/product"}],"about":[{"href":"https:\/\/longchangchemical.com\/hu\/wp-json\/wp\/v2\/types\/product"}],"replies":[{"embeddable":true,"href":"https:\/\/longchangchemical.com\/hu\/wp-json\/wp\/v2\/comments?post=6198"}],"wp:featuredmedia":[{"embeddable":true,"href":"https:\/\/longchangchemical.com\/hu\/wp-json\/wp\/v2\/media\/6292"}],"wp:attachment":[{"href":"https:\/\/longchangchemical.com\/hu\/wp-json\/wp\/v2\/media?parent=6198"}],"wp:term":[{"taxonomy":"product_brand","embeddable":true,"href":"https:\/\/longchangchemical.com\/hu\/wp-json\/wp\/v2\/product_brand?post=6198"},{"taxonomy":"product_cat","embeddable":true,"href":"https:\/\/longchangchemical.com\/hu\/wp-json\/wp\/v2\/product_cat?post=6198"},{"taxonomy":"product_tag","embeddable":true,"href":"https:\/\/longchangchemical.com\/hu\/wp-json\/wp\/v2\/product_tag?post=6198"}],"curies":[{"name":"wp","href":"https:\/\/api.w.org\/{rel}","templated":true}]}}