{"id":6188,"date":"2023-07-20T14:25:12","date_gmt":"2023-07-20T14:25:12","guid":{"rendered":"https:\/\/longchangchemical.com\/?post_type=product&#038;p=6188"},"modified":"2026-05-08T02:59:59","modified_gmt":"2026-05-08T02:59:59","slug":"agesin-la-d559","status":"publish","type":"product","link":"https:\/\/longchangchemical.com\/hu\/product\/agesin-la-d559\/","title":{"rendered":"CHLUMICRYL\u00ae LA-D559"},"content":{"rendered":"<h2>OH funkci\u00f3s csoporttal m\u00f3dos\u00edtott poli\u00e9teres polidimetil-szilox\u00e1n<\/h2>\n<p><strong>Term\u00e9k sz\u00e1ma<\/strong>: LA-D559<\/p>\n<p><strong><b>Egyen\u00e9rt\u00e9k\u0171 alternat\u00edva<\/b><\/strong><strong><b>s<\/b><\/strong>: DOW CORNING 29<\/p>\n<p><strong>Specifik\u00e1ci\u00f3<\/strong><\/p>\n<table width=\"100%\" cellspacing=\"0\" cellpadding=\"0\">\n<tbody>\n<tr>\n<td>\u00d6sszet\u00e9tel<\/td>\n<td>Poli\u00e9terrel m\u00f3dos\u00edtott polietil-polydimetil<br \/>\nOH funkci\u00f3s csoporttal rendelkez\u0151 szilox\u00e1n<\/td>\n<\/tr>\n<tr>\n<td>Megjelen\u00e9s<\/td>\n<td>enyh\u00e9n s\u00e1rg\u00e1s, tiszta folyad\u00e9k (alacsony h\u0151m\u00e9rs\u00e9kleten paszta)<br \/>\nh\u0151m\u00e9rs\u00e9klet)<\/td>\n<\/tr>\n<tr>\n<td>old\u00f3szer<\/td>\n<td>--<\/td>\n<\/tr>\n<tr>\n<td>S\u0171r\u0171s\u00e9g<\/td>\n<td>1,01-1,05g\/ml(25\u00b11)\u2103<\/td>\n<\/tr>\n<tr>\n<td>Viszkozit\u00e1s<\/td>\n<td>F-M (bubor\u00e9kos viszkozim\u00e9ter) (25\u00b10,2)\u2103<\/td>\n<\/tr>\n<tr>\n<td>Hat\u00f3anyag<\/td>\n<td>100%<\/td>\n<\/tr>\n<tr>\n<td>Lobban\u00e1spont<\/td>\n<td>\uff1e100\u2103<\/td>\n<\/tr>\n<\/tbody>\n<\/table>\n<p>Megjegyz\u00e9s: Ez az adatlap tipikus, nem szabv\u00e1nyos eredm\u00e9nyeket k\u00edv\u00e1n megadni.A COA f\u00fcggv\u00e9ny\u00e9ben.<\/p>\n<p><strong>Alkalmaz\u00e1si rendszer<\/strong><\/p>\n<p>UV gy\u00f3gy\u00edt\u00e1s<\/p>\n<p><strong>Tulajdons\u00e1gok<\/strong><\/p>\n<p>\u25cf Szerves szilikon kopolimer ABA k\u00e9miai szerkezettel, bele\u00e9rtve a reakt\u00edv csoportot is. N\u00f6veli a kiegyenl\u00edt\u0151d\u00e9st, a nedvesed\u00e9st \u00e9s a f\u00e9nyess\u00e9get fest\u00e9kek \u00e9s tint\u00e1k eset\u00e9ben.<br \/>\n\u25cf 20 \u2103 alatt zavaros \u00e9s viszk\u00f3zus lehet. Meleg\u00edt\u00e9s ut\u00e1n tiszt\u00e1v\u00e1 \u00e9s foly\u00e9konny\u00e1 v\u00e1lik. Ez nem befoly\u00e1solja a min\u0151s\u00e9get.<\/p>\n<p><strong>Bejegyz\u00e9s<\/strong><\/p>\n<p>Az adal\u00e9kanyagok k\u00f6zvetlen\u00fcl be\u00e9p\u00edthet\u0151k, vagy szerves old\u00f3szerrel vagy v\u00edzzel h\u00edg\u00edtva adhat\u00f3k a gyant\u00e1hoz.<\/p>\n<p><strong>Javasoljon kieg\u00e9sz\u00edt\u00e9st<\/strong><\/p>\n<p>Hozz\u00e1ad\u00e1s a teljes k\u00e9sz\u00edtm\u00e9nyhez 0,05-0,5%<\/p>\n<p><strong>csomag<\/strong><\/p>\n<p>25KG \/ 180KG<\/p>\n<p><strong><b>T\u00e1rol\u00e1s:<\/b><\/strong><\/p>\n<div>\n<p>Sz\u00e1raz, tiszta, j\u00f3l szell\u0151z\u0151 rakt\u00e1rban tartj\u00e1k.<\/p>\n<p>Ker\u00fclje a f\u00e9nynek \u00e9s a meleg\u00edt\u00e9snek val\u00f3 kitetts\u00e9get.<\/p>\n<p>A term\u00e9k v\u00e9delme a sziv\u00e1rg\u00e1st\u00f3l, es\u0151t\u0151l \u00e9s a szigetel\u00e9st\u0151l sz\u00e1ll\u00edt\u00e1s k\u00f6zben.<\/p>\n<\/div>","protected":false},"excerpt":{"rendered":"<table class=\"woocommerce-product-attributes shop_attributes\">\n<tbody>\n<tr class=\"woocommerce-product-attributes-item woocommerce-product-attributes-item--attribute_product-description\">\n<th class=\"woocommerce-product-attributes-item__label\">Term\u00e9kle\u00edr\u00e1s: A term\u00e9k le\u00edr\u00e1sa:<\/th>\n<td class=\"woocommerce-product-attributes-item__value\">OH funkci\u00f3s csoporttal m\u00f3dos\u00edtott poli\u00e9teres polidimetil-szilox\u00e1n<\/td>\n<\/tr>\n<tr class=\"woocommerce-product-attributes-item woocommerce-product-attributes-item--attribute_equivalent-alternatives\">\n<th class=\"woocommerce-product-attributes-item__label\">Egyen\u00e9rt\u00e9k\u0171 alternat\u00edv\u00e1k<\/th>\n<td class=\"woocommerce-product-attributes-item__value\">DOW CORNING 29<\/td>\n<\/tr>\n<tr class=\"woocommerce-product-attributes-item woocommerce-product-attributes-item--attribute_application-system\">\n<th class=\"woocommerce-product-attributes-item__label\">Alkalmaz\u00e1si rendszer<\/th>\n<td class=\"woocommerce-product-attributes-item__value\">UV gy\u00f3gy\u00edt\u00e1s<\/td>\n<\/tr>\n<tr class=\"woocommerce-product-attributes-item woocommerce-product-attributes-item--attribute_solvent\">\n<th class=\"woocommerce-product-attributes-item__label\">old\u00f3szer<\/th>\n<td class=\"woocommerce-product-attributes-item__value\">--<\/td>\n<\/tr>\n<tr class=\"woocommerce-product-attributes-item woocommerce-product-attributes-item--attribute_viscosity\">\n<th class=\"woocommerce-product-attributes-item__label\">Viszkozit\u00e1s<\/th>\n<td class=\"woocommerce-product-attributes-item__value\">F-M (bubor\u00e9kos viszkozim\u00e9ter) (25\u00b10,2)\u2103<\/td>\n<\/tr>\n<tr class=\"woocommerce-product-attributes-item woocommerce-product-attributes-item--attribute_package\">\n<th class=\"woocommerce-product-attributes-item__label\">Csomag<\/th>\n<td class=\"woocommerce-product-attributes-item__value\">25KG vagy 180KG\/dob<\/td>\n<\/tr>\n<\/tbody>\n<\/table>","protected":false},"featured_media":0,"comment_status":"closed","ping_status":"closed","template":"","meta":[],"product_brand":[],"product_cat":[138,146],"product_tag":[],"class_list":{"0":"post-6188","1":"product","2":"type-product","3":"status-publish","5":"product_cat-coating-and-ink-additives","6":"product_cat-leveling-agent","8":"first","9":"instock","10":"shipping-taxable","11":"product-type-simple"},"yoast_head":"<!-- This site is optimized with the Yoast SEO plugin v25.3.1 - https:\/\/yoast.com\/wordpress\/plugins\/seo\/ -->\n<title>LA-D559 Leveling Agent | Longchang Chemical<\/title>\n<meta name=\"description\" content=\"LA-D559 Leveling Agent is an organosilicon leveling agent for coatings, inks and surface leveling applications.\" \/>\n<meta name=\"robots\" content=\"index, follow, max-snippet:-1, max-image-preview:large, max-video-preview:-1\" \/>\n<link rel=\"canonical\" href=\"https:\/\/longchangchemical.com\/hu\/product\/agesin-la-d559\/\" \/>\n<meta property=\"og:locale\" content=\"hu_HU\" \/>\n<meta property=\"og:type\" content=\"article\" \/>\n<meta property=\"og:title\" content=\"LA-D559 Leveling Agent | Longchang Chemical\" \/>\n<meta property=\"og:description\" content=\"LA-D559 Leveling Agent is an organosilicon leveling agent for coatings, inks and surface leveling applications.\" \/>\n<meta property=\"og:url\" content=\"https:\/\/longchangchemical.com\/hu\/product\/agesin-la-d559\/\" \/>\n<meta property=\"og:site_name\" content=\"Longchang Chemical\" \/>\n<meta property=\"article:modified_time\" content=\"2026-05-08T02:59:59+00:00\" \/>\n<meta property=\"og:image\" content=\"https:\/\/longchangchemical.com\/wp-content\/uploads\/2024\/02\/logo-jpeg.jpg\" \/>\n\t<meta property=\"og:image:width\" content=\"1000\" \/>\n\t<meta property=\"og:image:height\" content=\"1000\" \/>\n\t<meta property=\"og:image:type\" content=\"image\/jpeg\" \/>\n<meta name=\"twitter:card\" content=\"summary_large_image\" \/>\n<script type=\"application\/ld+json\" class=\"yoast-schema-graph\">{\"@context\":\"https:\/\/schema.org\",\"@graph\":[{\"@type\":\"WebPage\",\"@id\":\"https:\/\/longchangchemical.com\/product\/agesin-la-d559\/\",\"url\":\"https:\/\/longchangchemical.com\/product\/agesin-la-d559\/\",\"name\":\"LA-D559 Leveling Agent | Longchang Chemical\",\"isPartOf\":{\"@id\":\"https:\/\/longchangchemical.com\/#website\"},\"datePublished\":\"2023-07-20T14:25:12+00:00\",\"dateModified\":\"2026-05-08T02:59:59+00:00\",\"description\":\"LA-D559 Leveling Agent is an organosilicon leveling agent for coatings, inks and surface leveling applications.\",\"breadcrumb\":{\"@id\":\"https:\/\/longchangchemical.com\/product\/agesin-la-d559\/#breadcrumb\"},\"inLanguage\":\"hu\",\"potentialAction\":[{\"@type\":\"ReadAction\",\"target\":[\"https:\/\/longchangchemical.com\/product\/agesin-la-d559\/\"]}]},{\"@type\":\"BreadcrumbList\",\"@id\":\"https:\/\/longchangchemical.com\/product\/agesin-la-d559\/#breadcrumb\",\"itemListElement\":[{\"@type\":\"ListItem\",\"position\":1,\"name\":\"Home\",\"item\":\"https:\/\/longchangchemical.com\/\"},{\"@type\":\"ListItem\",\"position\":2,\"name\":\"Products Longchang\",\"item\":\"https:\/\/longchangchemical.com\/product\/\"},{\"@type\":\"ListItem\",\"position\":3,\"name\":\"CHLUMICRYL\u00ae LA-D559\"}]},{\"@type\":\"WebSite\",\"@id\":\"https:\/\/longchangchemical.com\/#website\",\"url\":\"https:\/\/longchangchemical.com\/\",\"name\":\"Longchang Chemical\",\"description\":\"China chemical manufacturer \uff06 supplier\",\"publisher\":{\"@id\":\"https:\/\/longchangchemical.com\/#organization\"},\"potentialAction\":[{\"@type\":\"SearchAction\",\"target\":{\"@type\":\"EntryPoint\",\"urlTemplate\":\"https:\/\/longchangchemical.com\/?s={search_term_string}\"},\"query-input\":{\"@type\":\"PropertyValueSpecification\",\"valueRequired\":true,\"valueName\":\"search_term_string\"}}],\"inLanguage\":\"hu\"},{\"@type\":\"Organization\",\"@id\":\"https:\/\/longchangchemical.com\/#organization\",\"name\":\"Longchang Chemical\",\"url\":\"https:\/\/longchangchemical.com\/\",\"logo\":{\"@type\":\"ImageObject\",\"inLanguage\":\"hu\",\"@id\":\"https:\/\/longchangchemical.com\/#\/schema\/logo\/image\/\",\"url\":\"https:\/\/longchangchemical.com\/wp-content\/uploads\/2020\/08\/cropped-longchang-logo.png\",\"contentUrl\":\"https:\/\/longchangchemical.com\/wp-content\/uploads\/2020\/08\/cropped-longchang-logo.png\",\"width\":512,\"height\":512,\"caption\":\"Longchang Chemical\"},\"image\":{\"@id\":\"https:\/\/longchangchemical.com\/#\/schema\/logo\/image\/\"}}]}<\/script>\n<!-- \/ Yoast SEO plugin. -->","yoast_head_json":{"title":"LA-D559 Leveling Agent | Longchang Chemical","description":"LA-D559 Leveling Agent is an organosilicon leveling agent for coatings, inks and surface leveling applications.","robots":{"index":"index","follow":"follow","max-snippet":"max-snippet:-1","max-image-preview":"max-image-preview:large","max-video-preview":"max-video-preview:-1"},"canonical":"https:\/\/longchangchemical.com\/hu\/product\/agesin-la-d559\/","og_locale":"hu_HU","og_type":"article","og_title":"LA-D559 Leveling Agent | Longchang Chemical","og_description":"LA-D559 Leveling Agent is an organosilicon leveling agent for coatings, inks and surface leveling applications.","og_url":"https:\/\/longchangchemical.com\/hu\/product\/agesin-la-d559\/","og_site_name":"Longchang Chemical","article_modified_time":"2026-05-08T02:59:59+00:00","og_image":[{"width":1000,"height":1000,"url":"https:\/\/longchangchemical.com\/wp-content\/uploads\/2024\/02\/logo-jpeg.jpg","type":"image\/jpeg"}],"twitter_card":"summary_large_image","schema":{"@context":"https:\/\/schema.org","@graph":[{"@type":"WebPage","@id":"https:\/\/longchangchemical.com\/product\/agesin-la-d559\/","url":"https:\/\/longchangchemical.com\/product\/agesin-la-d559\/","name":"LA-D559 Leveling Agent | Longchang Chemical","isPartOf":{"@id":"https:\/\/longchangchemical.com\/#website"},"datePublished":"2023-07-20T14:25:12+00:00","dateModified":"2026-05-08T02:59:59+00:00","description":"LA-D559 Leveling Agent is an organosilicon leveling agent for coatings, inks and surface leveling applications.","breadcrumb":{"@id":"https:\/\/longchangchemical.com\/product\/agesin-la-d559\/#breadcrumb"},"inLanguage":"hu","potentialAction":[{"@type":"ReadAction","target":["https:\/\/longchangchemical.com\/product\/agesin-la-d559\/"]}]},{"@type":"BreadcrumbList","@id":"https:\/\/longchangchemical.com\/product\/agesin-la-d559\/#breadcrumb","itemListElement":[{"@type":"ListItem","position":1,"name":"Home","item":"https:\/\/longchangchemical.com\/"},{"@type":"ListItem","position":2,"name":"Products Longchang","item":"https:\/\/longchangchemical.com\/product\/"},{"@type":"ListItem","position":3,"name":"CHLUMICRYL\u00ae LA-D559"}]},{"@type":"WebSite","@id":"https:\/\/longchangchemical.com\/#website","url":"https:\/\/longchangchemical.com\/","name":"Longchang Chemical","description":"K\u00edna k\u00e9miai gy\u00e1rt\u00f3 \uff06 sz\u00e1ll\u00edt\u00f3","publisher":{"@id":"https:\/\/longchangchemical.com\/#organization"},"potentialAction":[{"@type":"SearchAction","target":{"@type":"EntryPoint","urlTemplate":"https:\/\/longchangchemical.com\/?s={search_term_string}"},"query-input":{"@type":"PropertyValueSpecification","valueRequired":true,"valueName":"search_term_string"}}],"inLanguage":"hu"},{"@type":"Organization","@id":"https:\/\/longchangchemical.com\/#organization","name":"Longchang Chemical","url":"https:\/\/longchangchemical.com\/","logo":{"@type":"ImageObject","inLanguage":"hu","@id":"https:\/\/longchangchemical.com\/#\/schema\/logo\/image\/","url":"https:\/\/longchangchemical.com\/wp-content\/uploads\/2020\/08\/cropped-longchang-logo.png","contentUrl":"https:\/\/longchangchemical.com\/wp-content\/uploads\/2020\/08\/cropped-longchang-logo.png","width":512,"height":512,"caption":"Longchang Chemical"},"image":{"@id":"https:\/\/longchangchemical.com\/#\/schema\/logo\/image\/"}}]}},"_links":{"self":[{"href":"https:\/\/longchangchemical.com\/hu\/wp-json\/wp\/v2\/product\/6188","targetHints":{"allow":["GET"]}}],"collection":[{"href":"https:\/\/longchangchemical.com\/hu\/wp-json\/wp\/v2\/product"}],"about":[{"href":"https:\/\/longchangchemical.com\/hu\/wp-json\/wp\/v2\/types\/product"}],"replies":[{"embeddable":true,"href":"https:\/\/longchangchemical.com\/hu\/wp-json\/wp\/v2\/comments?post=6188"}],"wp:attachment":[{"href":"https:\/\/longchangchemical.com\/hu\/wp-json\/wp\/v2\/media?parent=6188"}],"wp:term":[{"taxonomy":"product_brand","embeddable":true,"href":"https:\/\/longchangchemical.com\/hu\/wp-json\/wp\/v2\/product_brand?post=6188"},{"taxonomy":"product_cat","embeddable":true,"href":"https:\/\/longchangchemical.com\/hu\/wp-json\/wp\/v2\/product_cat?post=6188"},{"taxonomy":"product_tag","embeddable":true,"href":"https:\/\/longchangchemical.com\/hu\/wp-json\/wp\/v2\/product_tag?post=6188"}],"curies":[{"name":"wp","href":"https:\/\/api.w.org\/{rel}","templated":true}]}}