{"id":6187,"date":"2023-07-18T07:56:43","date_gmt":"2023-07-18T07:56:43","guid":{"rendered":"https:\/\/longchangchemical.com\/?post_type=product&#038;p=6187"},"modified":"2025-04-01T07:08:06","modified_gmt":"2025-04-01T07:08:06","slug":"agesin-wd-d545","status":"publish","type":"product","link":"https:\/\/longchangchemical.com\/hu\/product\/agesin-wd-d545\/","title":{"rendered":"CHLUMICRYL\u00ae WD-D545"},"content":{"rendered":"<div class=\"col-md-6\">\n<h1>Poli\u00e9terrel m\u00f3dos\u00edtott polietil-szilox\u00e1n<\/h1>\n<p><strong>Term\u00e9k sz\u00e1ma<\/strong>: WD-D545<\/p>\n<p><strong>Egyen\u00e9rt\u00e9k\u0171 alternat\u00edv\u00e1k...<\/strong>\u00a0Tego Wet KL 245<\/p>\n<p><strong>Specifik\u00e1ci\u00f3<\/strong><\/p>\n<table width=\"592\" cellspacing=\"0\" cellpadding=\"0\">\n<tbody>\n<tr>\n<td>\u00d6sszet\u00e9tel<\/td>\n<td>Poli\u00e9terrel m\u00f3dos\u00edtott polietil-szilox\u00e1n<\/td>\n<\/tr>\n<tr>\n<td>Megjelen\u00e9s<\/td>\n<td>\u00c1tl\u00e1tsz\u00f3 vagy enyh\u00e9n s\u00e1rg\u00e1s-tiszta folyad\u00e9k<\/td>\n<\/tr>\n<tr>\n<td>old\u00f3szer<\/td>\n<td>--<\/td>\n<\/tr>\n<tr>\n<td>Hat\u00f3anyag<\/td>\n<td>100%<\/td>\n<\/tr>\n<tr>\n<td>S\u0171r\u0171s\u00e9g<\/td>\n<td>1,01-1,05 g\/ml(25\u00b11)\u2103<\/td>\n<\/tr>\n<tr>\n<td>Viszkozit\u00e1s<\/td>\n<td>10-32 (T-4viscometer)<\/td>\n<\/tr>\n<tr>\n<td>Tartalom<\/td>\n<td>\u226592 %(105 \u21033h)<\/td>\n<\/tr>\n<\/tbody>\n<\/table>\n<p>Megjegyz\u00e9s: A hat\u00f3anyag \u00e9s a nem ill\u00e9kony anyag mennyis\u00e9ge k\u00f6z\u00f6tti k\u00fcl\u00f6nbs\u00e9g az alacsony molekulat\u00f6meg\u0171 poli\u00e9terek szint\u00e9zissel kapcsolatos t\u00f6bblet\u00e9b\u0151l ad\u00f3dik, amelyet vizsg\u00e1lati m\u00f3dszer\u00fcnkkel az ill\u00e9kony tartalom r\u00e9szek\u00e9nt hat\u00e1rozunk meg.<\/p>\n<p><strong>Alkalmaz\u00e1si rendszer<\/strong><\/p>\n<p>V\u00edzb\u00e1zis\u00fa fa fest\u00e9k ,v\u00edzb\u00e1zis\u00fa ipari fest\u00e9k ,v\u00edzb\u00e1zis\u00fa m\u0171anyag fest\u00e9k<\/p>\n<p><strong>Tulajdons\u00e1gok<\/strong><\/p>\n<p>\u25cf Leghat\u00e9konyabban cs\u00f6kkenti a fel\u00fcleti fesz\u00fclts\u00e9get.<\/p>\n<p>\u25cf Kiv\u00e1l\u00f3 nedves\u00edt\u00e9si \u00e9s terjed\u00e9si k\u00e9pess\u00e9g.<\/p>\n<p>\u25cf 0,2% v\u00edzhez t\u00f6rt\u00e9n\u0151 hozz\u00e1ad\u00e1sakor a v\u00edz fel\u00fcleti fesz\u00fclts\u00e9ge 20,5mN\/m-re cs\u00f6kken. Alacsony h\u0151m\u00e9rs\u00e9kleten fagy\u00e1s k\u00f6vetkezhet be. Felmeleg\u00edt\u00e9s ut\u00e1n \u00e1tl\u00e1tsz\u00f3v\u00e1 \u00e9s foly\u00e9konny\u00e1 v\u00e1lna, de nem befoly\u00e1solja a term\u00e9kek min\u0151s\u00e9g\u00e9t.<\/p>\n<p><strong>Bejegyz\u00e9s<\/strong><\/p>\n<p>Az adal\u00e9kanyagok a gy\u00e1rt\u00e1si folyamat b\u00e1rmely szakasz\u00e1ban be\u00e9p\u00edthet\u0151k, bele\u00e9rtve az ut\u00f3lagos adagol\u00e1st is.<\/p>\n<p><strong>Javasolja a kieg\u00e9sz\u00edt\u00e9st:\u00a0<\/strong>Hozz\u00e1ad\u00e1s a teljes k\u00e9sz\u00edtm\u00e9nyhez 0,1-0,5%<\/p>\n<p><strong><b>Alkalmaz\u00e1si aj\u00e1nl\u00e1s<\/b><\/strong><\/p>\n<table>\n<tbody>\n<tr>\n<td width=\"232\">\u00c1tl\u00e1that\u00f3s\u00e1g a lakkban<\/td>\n<td width=\"147\">4<\/td>\n<\/tr>\n<tr>\n<td width=\"232\">Habz\u00e1sg\u00e1tl\u00f3<\/td>\n<td width=\"147\">0<\/td>\n<\/tr>\n<tr>\n<td width=\"232\">Dinamikus fel\u00fcleti fesz\u00fclts\u00e9g<\/td>\n<td width=\"147\">4<\/td>\n<\/tr>\n<tr>\n<td width=\"232\">Statikus fel\u00fcleti fesz\u00fclts\u00e9g<\/td>\n<td width=\"147\">3<\/td>\n<\/tr>\n<tr>\n<td width=\"232\">Slip<\/td>\n<td width=\"147\">0<\/td>\n<\/tr>\n<\/tbody>\n<\/table>\n<p>0=nem el\u00e9rhet\u0151 5=nagyon hat\u00e9kony<\/p>\n<p><strong>csomag<\/strong><\/p>\n<p>25KG \/ 180KG<\/p>\n<p><strong><b>T\u00e1rol\u00e1s:<\/b><\/strong><\/p>\n<div>\n<p>Sz\u00e1raz, tiszta, j\u00f3l szell\u0151z\u0151 rakt\u00e1rban tartj\u00e1k.<\/p>\n<p>Ker\u00fclje a f\u00e9nynek \u00e9s a meleg\u00edt\u00e9snek val\u00f3 kitetts\u00e9get.<\/p>\n<p>A term\u00e9k v\u00e9delme a sziv\u00e1rg\u00e1st\u00f3l, es\u0151t\u0151l \u00e9s a szigetel\u00e9st\u0151l sz\u00e1ll\u00edt\u00e1s k\u00f6zben.<\/p>\n<\/div>\n<\/div>\n<div class=\"col-md-6\">\n<h3>R\u00e9szletek<\/h3>\n<\/div>","protected":false},"excerpt":{"rendered":"<table class=\"woocommerce-product-attributes shop_attributes\">\n<tbody>\n<tr class=\"woocommerce-product-attributes-item woocommerce-product-attributes-item--attribute_product-description\">\n<th class=\"woocommerce-product-attributes-item__label\">Term\u00e9kle\u00edr\u00e1s: A term\u00e9k le\u00edr\u00e1sa:<\/th>\n<td class=\"woocommerce-product-attributes-item__value\">Poli\u00e9terrel m\u00f3dos\u00edtott polietil-szilox\u00e1n<\/td>\n<\/tr>\n<tr class=\"woocommerce-product-attributes-item woocommerce-product-attributes-item--attribute_equivalent-alternatives\">\n<th class=\"woocommerce-product-attributes-item__label\">Egyen\u00e9rt\u00e9k\u0171 alternat\u00edv\u00e1k<\/th>\n<td class=\"woocommerce-product-attributes-item__value\">Tego Wet KL 245<\/td>\n<\/tr>\n<tr class=\"woocommerce-product-attributes-item woocommerce-product-attributes-item--attribute_application-system\">\n<th class=\"woocommerce-product-attributes-item__label\">Alkalmaz\u00e1si rendszer<\/th>\n<td class=\"woocommerce-product-attributes-item__value\">V\u00edzb\u00e1zis\u00fa fa \/ ipari \/ m\u0171anyag fest\u00e9k<\/td>\n<\/tr>\n<tr class=\"woocommerce-product-attributes-item woocommerce-product-attributes-item--attribute_viscosity\">\n<th class=\"woocommerce-product-attributes-item__label\">Viszkozit\u00e1s<\/th>\n<td class=\"woocommerce-product-attributes-item__value\">\u2265Q(bubor\u00e9kos viszkozim\u00e9ter)(25\u00b10,2)\u2103<\/td>\n<\/tr>\n<tr class=\"woocommerce-product-attributes-item woocommerce-product-attributes-item--attribute_package\">\n<th class=\"woocommerce-product-attributes-item__label\">Csomag<\/th>\n<td class=\"woocommerce-product-attributes-item__value\">25KG vagy 180KG\/dob<\/td>\n<\/tr>\n<\/tbody>\n<\/table>","protected":false},"featured_media":0,"comment_status":"closed","ping_status":"closed","template":"","meta":[],"product_brand":[],"product_cat":[138,145],"product_tag":[],"class_list":{"0":"post-6187","1":"product","2":"type-product","3":"status-publish","5":"product_cat-coating-and-ink-additives","6":"product_cat-wetting-agent","8":"first","9":"instock","10":"shipping-taxable","11":"product-type-simple"},"yoast_head":"<!-- This site is optimized with the Yoast SEO plugin v25.3.1 - https:\/\/yoast.com\/wordpress\/plugins\/seo\/ -->\n<title>China CHLUMICRYL\u00ae WD-D545 Manufacturer - Longchang Chemical<\/title>\n<meta name=\"description\" content=\"CHLUMICRYL\u00ae WD-D545 is a key product of Longchang Chemical. We provide the best price. We are the leading manufacturer in China with the best quality and competitive price.\" \/>\n<meta name=\"robots\" content=\"index, follow, max-snippet:-1, max-image-preview:large, max-video-preview:-1\" \/>\n<link rel=\"canonical\" href=\"https:\/\/longchangchemical.com\/hu\/product\/agesin-wd-d545\/\" \/>\n<meta property=\"og:locale\" content=\"hu_HU\" \/>\n<meta property=\"og:type\" content=\"article\" \/>\n<meta property=\"og:title\" content=\"China CHLUMICRYL\u00ae WD-D545 Manufacturer - Longchang Chemical\" \/>\n<meta property=\"og:description\" content=\"CHLUMICRYL\u00ae WD-D545 is a key product of Longchang Chemical. We provide the best price. We are the leading manufacturer in China with the best quality and competitive price.\" \/>\n<meta property=\"og:url\" content=\"https:\/\/longchangchemical.com\/hu\/product\/agesin-wd-d545\/\" \/>\n<meta property=\"og:site_name\" content=\"Longchang Chemical\" \/>\n<meta property=\"article:modified_time\" content=\"2025-04-01T07:08:06+00:00\" \/>\n<meta property=\"og:image\" content=\"https:\/\/longchangchemical.com\/wp-content\/uploads\/2024\/02\/logo-jpeg.jpg\" \/>\n\t<meta property=\"og:image:width\" content=\"1000\" \/>\n\t<meta property=\"og:image:height\" content=\"1000\" \/>\n\t<meta property=\"og:image:type\" content=\"image\/jpeg\" \/>\n<meta name=\"twitter:card\" content=\"summary_large_image\" \/>\n<script type=\"application\/ld+json\" class=\"yoast-schema-graph\">{\"@context\":\"https:\/\/schema.org\",\"@graph\":[{\"@type\":\"WebPage\",\"@id\":\"https:\/\/longchangchemical.com\/product\/agesin-wd-d545\/\",\"url\":\"https:\/\/longchangchemical.com\/product\/agesin-wd-d545\/\",\"name\":\"China CHLUMICRYL\u00ae WD-D545 Manufacturer - Longchang Chemical\",\"isPartOf\":{\"@id\":\"https:\/\/longchangchemical.com\/#website\"},\"datePublished\":\"2023-07-18T07:56:43+00:00\",\"dateModified\":\"2025-04-01T07:08:06+00:00\",\"description\":\"CHLUMICRYL\u00ae WD-D545 is a key product of Longchang Chemical. We provide the best price. We are the leading manufacturer in China with the best quality and competitive price.\",\"breadcrumb\":{\"@id\":\"https:\/\/longchangchemical.com\/product\/agesin-wd-d545\/#breadcrumb\"},\"inLanguage\":\"hu\",\"potentialAction\":[{\"@type\":\"ReadAction\",\"target\":[\"https:\/\/longchangchemical.com\/product\/agesin-wd-d545\/\"]}]},{\"@type\":\"BreadcrumbList\",\"@id\":\"https:\/\/longchangchemical.com\/product\/agesin-wd-d545\/#breadcrumb\",\"itemListElement\":[{\"@type\":\"ListItem\",\"position\":1,\"name\":\"Home\",\"item\":\"https:\/\/longchangchemical.com\/\"},{\"@type\":\"ListItem\",\"position\":2,\"name\":\"Products Longchang\",\"item\":\"https:\/\/longchangchemical.com\/product\/\"},{\"@type\":\"ListItem\",\"position\":3,\"name\":\"CHLUMICRYL\u00ae WD-D545\"}]},{\"@type\":\"WebSite\",\"@id\":\"https:\/\/longchangchemical.com\/#website\",\"url\":\"https:\/\/longchangchemical.com\/\",\"name\":\"Longchang Chemical\",\"description\":\"China chemical manufacturer \uff06 supplier\",\"publisher\":{\"@id\":\"https:\/\/longchangchemical.com\/#organization\"},\"potentialAction\":[{\"@type\":\"SearchAction\",\"target\":{\"@type\":\"EntryPoint\",\"urlTemplate\":\"https:\/\/longchangchemical.com\/?s={search_term_string}\"},\"query-input\":{\"@type\":\"PropertyValueSpecification\",\"valueRequired\":true,\"valueName\":\"search_term_string\"}}],\"inLanguage\":\"hu\"},{\"@type\":\"Organization\",\"@id\":\"https:\/\/longchangchemical.com\/#organization\",\"name\":\"Longchang Chemical\",\"url\":\"https:\/\/longchangchemical.com\/\",\"logo\":{\"@type\":\"ImageObject\",\"inLanguage\":\"hu\",\"@id\":\"https:\/\/longchangchemical.com\/#\/schema\/logo\/image\/\",\"url\":\"https:\/\/longchangchemical.com\/wp-content\/uploads\/2020\/08\/cropped-longchang-logo.png\",\"contentUrl\":\"https:\/\/longchangchemical.com\/wp-content\/uploads\/2020\/08\/cropped-longchang-logo.png\",\"width\":512,\"height\":512,\"caption\":\"Longchang Chemical\"},\"image\":{\"@id\":\"https:\/\/longchangchemical.com\/#\/schema\/logo\/image\/\"}}]}<\/script>\n<!-- \/ Yoast SEO plugin. -->","yoast_head_json":{"title":"K\u00edna CHLUMICRYL\u00ae WD-D545 Gy\u00e1rt\u00f3 - Longchang Chemical","description":"A CHLUMICRYL\u00ae WD-D545 a Longchang Chemical egyik legfontosabb term\u00e9ke. Mi biztos\u00edtjuk a legjobb \u00e1rat. Mi vagyunk a vezet\u0151 gy\u00e1rt\u00f3 K\u00edn\u00e1ban a legjobb min\u0151s\u00e9ggel \u00e9s versenyk\u00e9pes \u00e1rral.","robots":{"index":"index","follow":"follow","max-snippet":"max-snippet:-1","max-image-preview":"max-image-preview:large","max-video-preview":"max-video-preview:-1"},"canonical":"https:\/\/longchangchemical.com\/hu\/product\/agesin-wd-d545\/","og_locale":"hu_HU","og_type":"article","og_title":"China CHLUMICRYL\u00ae WD-D545 Manufacturer - Longchang Chemical","og_description":"CHLUMICRYL\u00ae WD-D545 is a key product of Longchang Chemical. We provide the best price. We are the leading manufacturer in China with the best quality and competitive price.","og_url":"https:\/\/longchangchemical.com\/hu\/product\/agesin-wd-d545\/","og_site_name":"Longchang Chemical","article_modified_time":"2025-04-01T07:08:06+00:00","og_image":[{"width":1000,"height":1000,"url":"https:\/\/longchangchemical.com\/wp-content\/uploads\/2024\/02\/logo-jpeg.jpg","type":"image\/jpeg"}],"twitter_card":"summary_large_image","schema":{"@context":"https:\/\/schema.org","@graph":[{"@type":"WebPage","@id":"https:\/\/longchangchemical.com\/product\/agesin-wd-d545\/","url":"https:\/\/longchangchemical.com\/product\/agesin-wd-d545\/","name":"K\u00edna CHLUMICRYL\u00ae WD-D545 Gy\u00e1rt\u00f3 - Longchang Chemical","isPartOf":{"@id":"https:\/\/longchangchemical.com\/#website"},"datePublished":"2023-07-18T07:56:43+00:00","dateModified":"2025-04-01T07:08:06+00:00","description":"A CHLUMICRYL\u00ae WD-D545 a Longchang Chemical egyik legfontosabb term\u00e9ke. Mi biztos\u00edtjuk a legjobb \u00e1rat. Mi vagyunk a vezet\u0151 gy\u00e1rt\u00f3 K\u00edn\u00e1ban a legjobb min\u0151s\u00e9ggel \u00e9s versenyk\u00e9pes \u00e1rral.","breadcrumb":{"@id":"https:\/\/longchangchemical.com\/product\/agesin-wd-d545\/#breadcrumb"},"inLanguage":"hu","potentialAction":[{"@type":"ReadAction","target":["https:\/\/longchangchemical.com\/product\/agesin-wd-d545\/"]}]},{"@type":"BreadcrumbList","@id":"https:\/\/longchangchemical.com\/product\/agesin-wd-d545\/#breadcrumb","itemListElement":[{"@type":"ListItem","position":1,"name":"Home","item":"https:\/\/longchangchemical.com\/"},{"@type":"ListItem","position":2,"name":"Products Longchang","item":"https:\/\/longchangchemical.com\/product\/"},{"@type":"ListItem","position":3,"name":"CHLUMICRYL\u00ae WD-D545"}]},{"@type":"WebSite","@id":"https:\/\/longchangchemical.com\/#website","url":"https:\/\/longchangchemical.com\/","name":"Longchang Chemical","description":"K\u00edna k\u00e9miai gy\u00e1rt\u00f3 \uff06 sz\u00e1ll\u00edt\u00f3","publisher":{"@id":"https:\/\/longchangchemical.com\/#organization"},"potentialAction":[{"@type":"SearchAction","target":{"@type":"EntryPoint","urlTemplate":"https:\/\/longchangchemical.com\/?s={search_term_string}"},"query-input":{"@type":"PropertyValueSpecification","valueRequired":true,"valueName":"search_term_string"}}],"inLanguage":"hu"},{"@type":"Organization","@id":"https:\/\/longchangchemical.com\/#organization","name":"Longchang Chemical","url":"https:\/\/longchangchemical.com\/","logo":{"@type":"ImageObject","inLanguage":"hu","@id":"https:\/\/longchangchemical.com\/#\/schema\/logo\/image\/","url":"https:\/\/longchangchemical.com\/wp-content\/uploads\/2020\/08\/cropped-longchang-logo.png","contentUrl":"https:\/\/longchangchemical.com\/wp-content\/uploads\/2020\/08\/cropped-longchang-logo.png","width":512,"height":512,"caption":"Longchang Chemical"},"image":{"@id":"https:\/\/longchangchemical.com\/#\/schema\/logo\/image\/"}}]}},"_links":{"self":[{"href":"https:\/\/longchangchemical.com\/hu\/wp-json\/wp\/v2\/product\/6187","targetHints":{"allow":["GET"]}}],"collection":[{"href":"https:\/\/longchangchemical.com\/hu\/wp-json\/wp\/v2\/product"}],"about":[{"href":"https:\/\/longchangchemical.com\/hu\/wp-json\/wp\/v2\/types\/product"}],"replies":[{"embeddable":true,"href":"https:\/\/longchangchemical.com\/hu\/wp-json\/wp\/v2\/comments?post=6187"}],"wp:attachment":[{"href":"https:\/\/longchangchemical.com\/hu\/wp-json\/wp\/v2\/media?parent=6187"}],"wp:term":[{"taxonomy":"product_brand","embeddable":true,"href":"https:\/\/longchangchemical.com\/hu\/wp-json\/wp\/v2\/product_brand?post=6187"},{"taxonomy":"product_cat","embeddable":true,"href":"https:\/\/longchangchemical.com\/hu\/wp-json\/wp\/v2\/product_cat?post=6187"},{"taxonomy":"product_tag","embeddable":true,"href":"https:\/\/longchangchemical.com\/hu\/wp-json\/wp\/v2\/product_tag?post=6187"}],"curies":[{"name":"wp","href":"https:\/\/api.w.org\/{rel}","templated":true}]}}