{"id":6186,"date":"2023-07-18T04:03:41","date_gmt":"2023-07-18T04:03:41","guid":{"rendered":"https:\/\/longchangchemical.com\/?post_type=product&#038;p=6186"},"modified":"2025-04-01T07:08:10","modified_gmt":"2025-04-01T07:08:10","slug":"agesin-wd-d547-wetting-agent","status":"publish","type":"product","link":"https:\/\/longchangchemical.com\/hu\/product\/agesin-wd-d547-wetting-agent\/","title":{"rendered":"CHLUMICRYL\u00ae WD-D547 \/ nedves\u00edt\u0151szer"},"content":{"rendered":"<h1>Poli\u00e9terrel m\u00f3dos\u00edtott polietil-szilox\u00e1n<\/h1>\n<p><strong>Term\u00e9k sz\u00e1ma<\/strong>: WD-D547<\/p>\n<p><strong>Egyen\u00e9rt\u00e9k\u0171 alternat\u00edv\u00e1k...<\/strong>\u00a0BYK-346;Tego Wet 270<\/p>\n<p><strong><b>Specifik\u00e1ci\u00f3<\/b><\/strong><strong><b>:<\/b><\/strong><\/p>\n<table>\n<tbody>\n<tr>\n<td width=\"177\">\u00d6sszet\u00e9tel<\/td>\n<td width=\"448\">Poli\u00e9terrel m\u00f3dos\u00edtott polietil-szilox\u00e1n<\/td>\n<\/tr>\n<tr>\n<td width=\"177\">Megjelen\u00e9s<\/td>\n<td width=\"448\">Enyh\u00e9n s\u00e1rg\u00e1s, tiszta folyad\u00e9k<\/td>\n<\/tr>\n<tr>\n<td width=\"177\">old\u00f3szer<\/td>\n<td width=\"448\">--<\/td>\n<\/tr>\n<tr>\n<td width=\"177\">S\u0171r\u0171s\u00e9g (g\/ml) (25\u00b11)\u2103<\/td>\n<td width=\"448\">0.96-1.00<\/td>\n<\/tr>\n<tr>\n<td width=\"177\">Viszkozit\u00e1s(s) (25\u00b10,2)\u2103<\/td>\n<td width=\"448\">7-24 (T-4 viszkozim\u00e9ter)<\/td>\n<\/tr>\n<tr>\n<td width=\"177\">Hat\u00f3anyag %<\/td>\n<td width=\"448\">100<\/td>\n<\/tr>\n<\/tbody>\n<\/table>\n<p><em><i>Megjegyz\u00e9s: Ez az adat<\/i><\/em><em><i>\u00a0<\/i><\/em><em><i>A lap tipikus eredm\u00e9nyeket k\u00edv\u00e1n megadni, nem szabv\u00e1nyos.A COA f\u00fcggv\u00e9ny\u00e9ben.<\/i><\/em><\/p>\n<p><strong><b>Alkalmaz\u00e1si rendszer<\/b><\/strong><strong><b>:<\/b><\/strong><\/p>\n<p>V\u00edzb\u00e1zis\u00fa fest\u00e9k ,old\u00f3szeres \u00e9s old\u00f3szermentes fest\u00e9k, UV Cure fest\u00e9k.<\/p>\n<p><strong><b>Tulajdons\u00e1gok<\/b><\/strong><strong><b>:<\/b><\/strong><\/p>\n<ul>\n<li>Leghat\u00e9konyabban cs\u00f6kkenti a fel\u00fcleti fesz\u00fclts\u00e9get a v\u00edzrendszerben.<\/li>\n<li>Kiv\u00e1l\u00f3 nedves\u00edt\u0151 \u00e9s ter\u00edt\u0151 k\u00e9pess\u00e9g.<\/li>\n<li>J\u00f3 teljes\u00edtm\u00e9nyt ny\u00fajt a vizesed\u00e9s elleni, \u00fajrabevon\u00f3, habmentes\u00edt\u0151, valamint a kiegyenl\u00edt\u00e9s ter\u00e9n.<\/li>\n<\/ul>\n<p><strong><b>Bejegyz\u00e9s<\/b><\/strong><strong><b>:<\/b><\/strong><\/p>\n<p>Az adal\u00e9kanyagok k\u00f6zvetlen\u00fcl be\u00e9p\u00edthet\u0151k vagy a hozz\u00e1ad\u00e1s el\u0151tt h\u00edg\u00edthat\u00f3k.<\/p>\n<p><strong><b>Javasoljon kieg\u00e9sz\u00edt\u00e9st<\/b><\/strong>:0.1-0.5%<\/p>\n<p><strong><b>Alkalmaz\u00e1si aj\u00e1nl\u00e1s<\/b><\/strong><\/p>\n<table>\n<tbody>\n<tr>\n<td width=\"232\">\u00c1tl\u00e1that\u00f3s\u00e1g a lakkban<\/td>\n<td width=\"147\">1<\/td>\n<\/tr>\n<tr>\n<td width=\"232\">Habz\u00e1sg\u00e1tl\u00f3<\/td>\n<td width=\"147\">3<\/td>\n<\/tr>\n<tr>\n<td width=\"232\">Dinamikus fel\u00fcleti fesz\u00fclts\u00e9g<\/td>\n<td width=\"147\">3<\/td>\n<\/tr>\n<tr>\n<td width=\"232\">Statikus fel\u00fcleti fesz\u00fclts\u00e9g<\/td>\n<td width=\"147\">4<\/td>\n<\/tr>\n<tr>\n<td width=\"232\">Slip<\/td>\n<td width=\"147\">0<\/td>\n<\/tr>\n<\/tbody>\n<\/table>\n<p>0=nem el\u00e9rhet\u0151 5=nagyon hat\u00e9kony<\/p>\n<p><strong>csomag<\/strong><\/p>\n<p>25KG \/ 180KG<\/p>\n<p><strong><b>T\u00e1rol\u00e1s:<\/b><\/strong><\/p>\n<div>\n<p>Sz\u00e1raz, tiszta, j\u00f3l szell\u0151z\u0151 rakt\u00e1rban tartj\u00e1k.<\/p>\n<p>Ker\u00fclje a f\u00e9nynek \u00e9s a meleg\u00edt\u00e9snek val\u00f3 kitetts\u00e9get.<\/p>\n<p>A term\u00e9k v\u00e9delme a sziv\u00e1rg\u00e1st\u00f3l, es\u0151t\u0151l \u00e9s a szigetel\u00e9st\u0151l sz\u00e1ll\u00edt\u00e1s k\u00f6zben.<\/p>\n<h2><strong><b>L\u00e9pjen kapcsolatba vel\u00fcnk most!<\/b><\/strong><\/h2>\n<h4><strong><b>Ha COA, MSDS vagy TDS-re van sz\u00fcks\u00e9ge, k\u00e9rj\u00fck, t\u00f6ltse ki el\u00e9rhet\u0151s\u00e9g\u00e9t az al\u00e1bbi \u0171rlapon, \u00e1ltal\u00e1ban 24 \u00f3r\u00e1n bel\u00fcl felvessz\u00fck \u00d6nnel a kapcsolatot. \u00d6n is k\u00fcldhet nekem e-mailt<span style=\"color: #00ccff;\"> <a style=\"color: #00ccff;\" href=\"mailto:info@longchangchemical.com\">info@longchangchemical.com<\/a><\/span> munkaid\u0151ben ( 8:30-18:00 UTC+8 H.-Szombat ) vagy haszn\u00e1lja a weboldal \u00e9l\u0151 chatj\u00e9t, hogy azonnali v\u00e1laszt kapjon.<\/b><\/strong><\/h4>\n<\/div>","protected":false},"excerpt":{"rendered":"<p>Term\u00e9kle\u00edr\u00e1s: A term\u00e9k le\u00edr\u00e1sa: Poli\u00e9terrel m\u00f3dos\u00edtott polidimetil-szilox\u00e1n<\/p>\n<p>Egyen\u00e9rt\u00e9k\u0171 alternat\u00edv\u00e1k: BYK-346;Tego Wet 270<\/p>\n<p>Alkalmaz\u00e1si rendszer: UV-kem\u00e9ny\u00edt\u00e9s: v\u00edzb\u00e1zis\u00fa \/ old\u00f3szeres \u00e9s old\u00f3szermentes \/ UV Cure<\/p>\n<p>Viszkozit\u00e1s: 7-24 (T-4 viszkozim\u00e9ter)<\/p>\n<p>Csomag: 25KG vagy 180KG\/dob<\/p>","protected":false},"featured_media":0,"comment_status":"closed","ping_status":"closed","template":"","meta":[],"product_brand":[],"product_cat":[138,145],"product_tag":[],"class_list":{"0":"post-6186","1":"product","2":"type-product","3":"status-publish","5":"product_cat-coating-and-ink-additives","6":"product_cat-wetting-agent","8":"first","9":"instock","10":"shipping-taxable","11":"product-type-simple"},"yoast_head":"<!-- This site is optimized with the Yoast SEO plugin v25.3.1 - https:\/\/yoast.com\/wordpress\/plugins\/seo\/ -->\n<title>China CHLUMICRYL\u00ae WD-D547 \/ Wetting agent Manufacturer - Longchang Chemical<\/title>\n<meta name=\"description\" content=\"CHLUMICRYL\u00ae WD-D547 \/ Wetting agent is a key product of Longchang Chemical. We provide the best price. We are the leading manufacturer in China with the best quality and competitive price.\" \/>\n<meta name=\"robots\" content=\"index, follow, max-snippet:-1, max-image-preview:large, max-video-preview:-1\" \/>\n<link rel=\"canonical\" href=\"https:\/\/longchangchemical.com\/hu\/product\/agesin-wd-d547-wetting-agent\/\" \/>\n<meta property=\"og:locale\" content=\"hu_HU\" \/>\n<meta property=\"og:type\" content=\"article\" \/>\n<meta property=\"og:title\" content=\"China CHLUMICRYL\u00ae WD-D547 \/ Wetting agent Manufacturer - Longchang Chemical\" \/>\n<meta property=\"og:description\" content=\"CHLUMICRYL\u00ae WD-D547 \/ Wetting agent is a key product of Longchang Chemical. We provide the best price. We are the leading manufacturer in China with the best quality and competitive price.\" \/>\n<meta property=\"og:url\" content=\"https:\/\/longchangchemical.com\/hu\/product\/agesin-wd-d547-wetting-agent\/\" \/>\n<meta property=\"og:site_name\" content=\"Longchang Chemical\" \/>\n<meta property=\"article:modified_time\" content=\"2025-04-01T07:08:10+00:00\" \/>\n<meta property=\"og:image\" content=\"https:\/\/longchangchemical.com\/wp-content\/uploads\/2024\/02\/logo-jpeg.jpg\" \/>\n\t<meta property=\"og:image:width\" content=\"1000\" \/>\n\t<meta property=\"og:image:height\" content=\"1000\" \/>\n\t<meta property=\"og:image:type\" content=\"image\/jpeg\" \/>\n<meta name=\"twitter:card\" content=\"summary_large_image\" \/>\n<script type=\"application\/ld+json\" class=\"yoast-schema-graph\">{\"@context\":\"https:\/\/schema.org\",\"@graph\":[{\"@type\":\"WebPage\",\"@id\":\"https:\/\/longchangchemical.com\/product\/agesin-wd-d547-wetting-agent\/\",\"url\":\"https:\/\/longchangchemical.com\/product\/agesin-wd-d547-wetting-agent\/\",\"name\":\"China CHLUMICRYL\u00ae WD-D547 \/ Wetting agent Manufacturer - Longchang Chemical\",\"isPartOf\":{\"@id\":\"https:\/\/longchangchemical.com\/#website\"},\"datePublished\":\"2023-07-18T04:03:41+00:00\",\"dateModified\":\"2025-04-01T07:08:10+00:00\",\"description\":\"CHLUMICRYL\u00ae WD-D547 \/ Wetting agent is a key product of Longchang Chemical. We provide the best price. We are the leading manufacturer in China with the best quality and competitive price.\",\"breadcrumb\":{\"@id\":\"https:\/\/longchangchemical.com\/product\/agesin-wd-d547-wetting-agent\/#breadcrumb\"},\"inLanguage\":\"hu\",\"potentialAction\":[{\"@type\":\"ReadAction\",\"target\":[\"https:\/\/longchangchemical.com\/product\/agesin-wd-d547-wetting-agent\/\"]}]},{\"@type\":\"BreadcrumbList\",\"@id\":\"https:\/\/longchangchemical.com\/product\/agesin-wd-d547-wetting-agent\/#breadcrumb\",\"itemListElement\":[{\"@type\":\"ListItem\",\"position\":1,\"name\":\"Home\",\"item\":\"https:\/\/longchangchemical.com\/\"},{\"@type\":\"ListItem\",\"position\":2,\"name\":\"Products Longchang\",\"item\":\"https:\/\/longchangchemical.com\/product\/\"},{\"@type\":\"ListItem\",\"position\":3,\"name\":\"CHLUMICRYL\u00ae WD-D547 \/ Wetting agent\"}]},{\"@type\":\"WebSite\",\"@id\":\"https:\/\/longchangchemical.com\/#website\",\"url\":\"https:\/\/longchangchemical.com\/\",\"name\":\"Longchang Chemical\",\"description\":\"China chemical manufacturer \uff06 supplier\",\"publisher\":{\"@id\":\"https:\/\/longchangchemical.com\/#organization\"},\"potentialAction\":[{\"@type\":\"SearchAction\",\"target\":{\"@type\":\"EntryPoint\",\"urlTemplate\":\"https:\/\/longchangchemical.com\/?s={search_term_string}\"},\"query-input\":{\"@type\":\"PropertyValueSpecification\",\"valueRequired\":true,\"valueName\":\"search_term_string\"}}],\"inLanguage\":\"hu\"},{\"@type\":\"Organization\",\"@id\":\"https:\/\/longchangchemical.com\/#organization\",\"name\":\"Longchang Chemical\",\"url\":\"https:\/\/longchangchemical.com\/\",\"logo\":{\"@type\":\"ImageObject\",\"inLanguage\":\"hu\",\"@id\":\"https:\/\/longchangchemical.com\/#\/schema\/logo\/image\/\",\"url\":\"https:\/\/longchangchemical.com\/wp-content\/uploads\/2020\/08\/cropped-longchang-logo.png\",\"contentUrl\":\"https:\/\/longchangchemical.com\/wp-content\/uploads\/2020\/08\/cropped-longchang-logo.png\",\"width\":512,\"height\":512,\"caption\":\"Longchang Chemical\"},\"image\":{\"@id\":\"https:\/\/longchangchemical.com\/#\/schema\/logo\/image\/\"}}]}<\/script>\n<!-- \/ Yoast SEO plugin. -->","yoast_head_json":{"title":"K\u00edna CHLUMICRYL\u00ae WD-D547 \/ nedves\u00edt\u0151szer Gy\u00e1rt\u00f3 - Longchang Chemical","description":"A CHLUMICRYL\u00ae WD-D547 \/ nedves\u00edt\u0151szer a Longchang Chemical egyik legfontosabb term\u00e9ke. Mi biztos\u00edtjuk a legjobb \u00e1rat. Mi vagyunk a vezet\u0151 gy\u00e1rt\u00f3 K\u00edn\u00e1ban a legjobb min\u0151s\u00e9ggel \u00e9s versenyk\u00e9pes \u00e1rral.","robots":{"index":"index","follow":"follow","max-snippet":"max-snippet:-1","max-image-preview":"max-image-preview:large","max-video-preview":"max-video-preview:-1"},"canonical":"https:\/\/longchangchemical.com\/hu\/product\/agesin-wd-d547-wetting-agent\/","og_locale":"hu_HU","og_type":"article","og_title":"China CHLUMICRYL\u00ae WD-D547 \/ Wetting agent Manufacturer - Longchang Chemical","og_description":"CHLUMICRYL\u00ae WD-D547 \/ Wetting agent is a key product of Longchang Chemical. We provide the best price. We are the leading manufacturer in China with the best quality and competitive price.","og_url":"https:\/\/longchangchemical.com\/hu\/product\/agesin-wd-d547-wetting-agent\/","og_site_name":"Longchang Chemical","article_modified_time":"2025-04-01T07:08:10+00:00","og_image":[{"width":1000,"height":1000,"url":"https:\/\/longchangchemical.com\/wp-content\/uploads\/2024\/02\/logo-jpeg.jpg","type":"image\/jpeg"}],"twitter_card":"summary_large_image","schema":{"@context":"https:\/\/schema.org","@graph":[{"@type":"WebPage","@id":"https:\/\/longchangchemical.com\/product\/agesin-wd-d547-wetting-agent\/","url":"https:\/\/longchangchemical.com\/product\/agesin-wd-d547-wetting-agent\/","name":"K\u00edna CHLUMICRYL\u00ae WD-D547 \/ nedves\u00edt\u0151szer Gy\u00e1rt\u00f3 - Longchang Chemical","isPartOf":{"@id":"https:\/\/longchangchemical.com\/#website"},"datePublished":"2023-07-18T04:03:41+00:00","dateModified":"2025-04-01T07:08:10+00:00","description":"A CHLUMICRYL\u00ae WD-D547 \/ nedves\u00edt\u0151szer a Longchang Chemical egyik legfontosabb term\u00e9ke. Mi biztos\u00edtjuk a legjobb \u00e1rat. Mi vagyunk a vezet\u0151 gy\u00e1rt\u00f3 K\u00edn\u00e1ban a legjobb min\u0151s\u00e9ggel \u00e9s versenyk\u00e9pes \u00e1rral.","breadcrumb":{"@id":"https:\/\/longchangchemical.com\/product\/agesin-wd-d547-wetting-agent\/#breadcrumb"},"inLanguage":"hu","potentialAction":[{"@type":"ReadAction","target":["https:\/\/longchangchemical.com\/product\/agesin-wd-d547-wetting-agent\/"]}]},{"@type":"BreadcrumbList","@id":"https:\/\/longchangchemical.com\/product\/agesin-wd-d547-wetting-agent\/#breadcrumb","itemListElement":[{"@type":"ListItem","position":1,"name":"Home","item":"https:\/\/longchangchemical.com\/"},{"@type":"ListItem","position":2,"name":"Products Longchang","item":"https:\/\/longchangchemical.com\/product\/"},{"@type":"ListItem","position":3,"name":"CHLUMICRYL\u00ae WD-D547 \/ Wetting agent"}]},{"@type":"WebSite","@id":"https:\/\/longchangchemical.com\/#website","url":"https:\/\/longchangchemical.com\/","name":"Longchang Chemical","description":"K\u00edna k\u00e9miai gy\u00e1rt\u00f3 \uff06 sz\u00e1ll\u00edt\u00f3","publisher":{"@id":"https:\/\/longchangchemical.com\/#organization"},"potentialAction":[{"@type":"SearchAction","target":{"@type":"EntryPoint","urlTemplate":"https:\/\/longchangchemical.com\/?s={search_term_string}"},"query-input":{"@type":"PropertyValueSpecification","valueRequired":true,"valueName":"search_term_string"}}],"inLanguage":"hu"},{"@type":"Organization","@id":"https:\/\/longchangchemical.com\/#organization","name":"Longchang Chemical","url":"https:\/\/longchangchemical.com\/","logo":{"@type":"ImageObject","inLanguage":"hu","@id":"https:\/\/longchangchemical.com\/#\/schema\/logo\/image\/","url":"https:\/\/longchangchemical.com\/wp-content\/uploads\/2020\/08\/cropped-longchang-logo.png","contentUrl":"https:\/\/longchangchemical.com\/wp-content\/uploads\/2020\/08\/cropped-longchang-logo.png","width":512,"height":512,"caption":"Longchang Chemical"},"image":{"@id":"https:\/\/longchangchemical.com\/#\/schema\/logo\/image\/"}}]}},"_links":{"self":[{"href":"https:\/\/longchangchemical.com\/hu\/wp-json\/wp\/v2\/product\/6186","targetHints":{"allow":["GET"]}}],"collection":[{"href":"https:\/\/longchangchemical.com\/hu\/wp-json\/wp\/v2\/product"}],"about":[{"href":"https:\/\/longchangchemical.com\/hu\/wp-json\/wp\/v2\/types\/product"}],"replies":[{"embeddable":true,"href":"https:\/\/longchangchemical.com\/hu\/wp-json\/wp\/v2\/comments?post=6186"}],"wp:attachment":[{"href":"https:\/\/longchangchemical.com\/hu\/wp-json\/wp\/v2\/media?parent=6186"}],"wp:term":[{"taxonomy":"product_brand","embeddable":true,"href":"https:\/\/longchangchemical.com\/hu\/wp-json\/wp\/v2\/product_brand?post=6186"},{"taxonomy":"product_cat","embeddable":true,"href":"https:\/\/longchangchemical.com\/hu\/wp-json\/wp\/v2\/product_cat?post=6186"},{"taxonomy":"product_tag","embeddable":true,"href":"https:\/\/longchangchemical.com\/hu\/wp-json\/wp\/v2\/product_tag?post=6186"}],"curies":[{"name":"wp","href":"https:\/\/api.w.org\/{rel}","templated":true}]}}