{"id":6089,"date":"2023-05-13T06:50:58","date_gmt":"2023-05-13T06:50:58","guid":{"rendered":"https:\/\/longchangchemical.com\/?post_type=product&#038;p=6089"},"modified":"2026-01-09T06:57:33","modified_gmt":"2026-01-09T06:57:33","slug":"lcsorb-bp-8-cas-131-53-3","status":"publish","type":"product","link":"https:\/\/longchangchemical.com\/hu\/product\/lcsorb-bp-8-cas-131-53-3\/","title":{"rendered":"CHLUMIUV\u00ae BP-8 CAS 131-53-3"},"content":{"rendered":"<h1><strong>BP-8 CAS 131-53-3<\/strong><\/h1>\n<table style=\"border-collapse: collapse; width: 245.28pt;\" border=\"0\" width=\"327\" cellspacing=\"0\" cellpadding=\"0\">\n<tbody>\n<tr style=\"height: 42.75pt;\">\n<td class=\"et2\" style=\"height: 42.75pt; width: 118.50pt;\" width=\"158\" height=\"57\">Megjelen\u00e9s<\/td>\n<td class=\"et2\" style=\"width: 126.75pt;\" width=\"169\">Vil\u00e1goss\u00e1rga por<\/td>\n<\/tr>\n<tr style=\"height: 28.50pt;\">\n<td class=\"et2\" style=\"height: 28.50pt; width: 118.50pt;\" width=\"158\" height=\"38\">Molekulat\u00f6meg<\/td>\n<td class=\"et2\" style=\"width: 126.75pt;\" width=\"169\">244.2<\/td>\n<\/tr>\n<tr style=\"height: 28.50pt;\">\n<td class=\"et2\" style=\"height: 28.50pt; width: 118.50pt;\" width=\"158\" height=\"38\">Tartalom<\/td>\n<td class=\"et2\" style=\"width: 126.75pt;\" width=\"169\">97.0-103.0%<\/td>\n<\/tr>\n<tr style=\"height: 28.50pt;\">\n<td class=\"et2\" style=\"height: 28.50pt; width: 118.50pt;\" width=\"158\" height=\"38\">Olvad\u00e1spont<\/td>\n<td class=\"et2\" style=\"width: 126.75pt;\" width=\"169\">\u226571<span class=\"font2\">\u2103<\/span><\/td>\n<\/tr>\n<tr style=\"height: 28.50pt;\">\n<td class=\"et2\" style=\"height: 28.50pt; width: 118.50pt;\" width=\"158\" height=\"38\">Lobban\u00e1spont<\/td>\n<td class=\"et2\" style=\"width: 126.75pt;\" width=\"169\">146<span class=\"font2\">\u2103<\/span><\/td>\n<\/tr>\n<tr style=\"height: 28.50pt;\">\n<td class=\"et2\" style=\"height: 28.50pt; width: 118.50pt;\" width=\"158\" height=\"38\">S\u0171r\u0171s\u00e9g@20<span class=\"font2\">\u2103<\/span><\/td>\n<td class=\"et2\" style=\"width: 126.75pt;\" width=\"169\">1,30g\/cm3<\/td>\n<\/tr>\n<tr style=\"height: 14.25pt;\">\n<td class=\"et2\" style=\"height: 14.25pt; width: 118.50pt;\" width=\"158\" height=\"19\">Ash<\/td>\n<td class=\"et2\" style=\"width: 126.75pt;\" width=\"169\">\u22640,1%<\/td>\n<\/tr>\n<tr style=\"height: 14.25pt;\">\n<td class=\"et2\" style=\"height: 14.25pt; width: 118.50pt;\" width=\"158\" height=\"19\">Volatilit\u00e1s<\/td>\n<td class=\"et2\" style=\"width: 126.75pt;\" width=\"169\">\u22640,5%<\/td>\n<\/tr>\n<tr style=\"height: 57.00pt;\">\n<td class=\"et2\" style=\"height: 57.00pt; width: 118.50pt;\" width=\"158\" height=\"76\">Csomagol\u00e1si specifik\u00e1ci\u00f3<\/td>\n<td class=\"et2\" style=\"width: 126.75pt;\" width=\"169\">25 kg-os kartonpap\u00edr dob<\/td>\n<\/tr>\n<\/tbody>\n<\/table>\n<h2><strong>BP-8 Haszn\u00e1lat<\/strong><\/h2>\n<p>1. Az UV-abszorber BP-8 egy benzofenon t\u00edpus\u00fa UV-abszorber, a molekulaszerkezet k\u00e9t szomsz\u00e9dos hidroxilcsoportot tartalmaz. K\u00e9pes 320-400 nm-es UV-f\u00e9nyt elnyelni, \u00e9s j\u00f3 kompatibilit\u00e1ssal, hossz\u00fa tart\u00e1si id\u0151vel, j\u00f3 h\u0151stabilit\u00e1ssal \u00e9s magas abszorpci\u00f3s hat\u00e9konys\u00e1ggal rendelkezik.<\/p>\n<p>2. Az UV-abszorber BP-8 alkalmas m\u0171anyagokhoz \u00e9s bevonatokhoz, k\u00fcl\u00f6n\u00f6sen polimetil-metakril\u00e1thoz, polivinil-kloridhoz, ABS-gyant\u00e1hoz, miramingyant\u00e1hoz, akrilgyant\u00e1hoz, tel\u00edtetlen gyant\u00e1hoz, cellul\u00f3zgyant\u00e1hoz. Az \u00e1ltal\u00e1nos adagol\u00e1s 0,5-3%.<\/p>\n<h2><strong>L\u00e9pjen kapcsolatba vel\u00fcnk most!<\/strong><\/h2>\n<p><strong>Ha sz\u00fcks\u00e9ge van COA, MSDS vagy TDS a <span style=\"color: #00ccff;\"><a style=\"color: #00ccff;\" href=\"https:\/\/longchangchemical.com\/hu\/product-category\/lcsorb-uv-absorber\/\">UV-abszorber<\/a><\/span>K\u00e9rj\u00fck, t\u00f6ltse ki el\u00e9rhet\u0151s\u00e9g\u00e9t az al\u00e1bbi \u0171rlapon, \u00e1ltal\u00e1ban 24 \u00f3r\u00e1n bel\u00fcl felvessz\u00fck \u00d6nnel a kapcsolatot. \u00d6n is k\u00fcldhet nekem e-mailt <span style=\"color: #00ccff;\"><a style=\"color: #00ccff;\" href=\"mailto:info@longchangchemical.com\">info@longchangchemical.com<\/a> <\/span>munkaid\u0151ben ( 8:30-18:00 UTC+8 H.-Szombat ) vagy haszn\u00e1lja a weboldal \u00e9l\u0151 chatj\u00e9t, hogy azonnali v\u00e1laszt kapjon.<\/strong><\/p>","protected":false},"excerpt":{"rendered":"<p>BP-8 CAS 131-53-3 Megjelen\u00e9s Vil\u00e1goss\u00e1rga por Molekulat\u00f6meg 244,2 Tartalom 97,0-103,0% Olvad\u00e1spont \u226571 \u2103 Lobban\u00e1spont 146 \u2103 S\u0171r\u0171s\u00e9g @ 20 \u2103 1,30g\/cm3 Hamu \u22640,1% Ill\u00e9konys\u00e1g \u22640,5% Csomagol\u00e1si specifik\u00e1ci\u00f3 25kg kartonpap\u00edr dob BP-8 Felhaszn\u00e1l\u00e1s 1. UV-abszorber A BP-8 egy benzofenon t\u00edpus\u00fa UV-abszorber, a molekulaszerkezet k\u00e9t szomsz\u00e9dos hidroxilcsoportot tartalmaz. K\u00e9pes elnyelni [...]<\/p>","protected":false},"featured_media":7939,"comment_status":"closed","ping_status":"closed","template":"","meta":[],"product_brand":[],"product_cat":[139],"product_tag":[],"class_list":{"0":"post-6089","1":"product","2":"type-product","3":"status-publish","4":"has-post-thumbnail","6":"product_cat-lcsorb-uv-absorber","8":"first","9":"instock","10":"shipping-taxable","11":"product-type-simple"},"yoast_head":"<!-- This site is optimized with the Yoast SEO plugin v25.3.1 - https:\/\/yoast.com\/wordpress\/plugins\/seo\/ -->\n<title>China CHLUMIUV\u00ae BP-8 CAS 131-53-3 Manufacturer - Longchang Chemical<\/title>\n<meta name=\"description\" content=\"CHLUMIUV\u00ae BP-8 CAS 131-53-3 is a key product of Longchang Chemical. We provide the best price. We are the leading manufacturer in China with the best quality and competitive price.\" \/>\n<meta name=\"robots\" content=\"index, follow, max-snippet:-1, max-image-preview:large, max-video-preview:-1\" \/>\n<link rel=\"canonical\" href=\"https:\/\/longchangchemical.com\/hu\/product\/lcsorb-bp-8-cas-131-53-3\/\" \/>\n<meta property=\"og:locale\" content=\"hu_HU\" \/>\n<meta property=\"og:type\" content=\"article\" \/>\n<meta property=\"og:title\" content=\"China CHLUMIUV\u00ae BP-8 CAS 131-53-3 Manufacturer - Longchang Chemical\" \/>\n<meta property=\"og:description\" content=\"CHLUMIUV\u00ae BP-8 CAS 131-53-3 is a key product of Longchang Chemical. We provide the best price. We are the leading manufacturer in China with the best quality and competitive price.\" \/>\n<meta property=\"og:url\" content=\"https:\/\/longchangchemical.com\/hu\/product\/lcsorb-bp-8-cas-131-53-3\/\" \/>\n<meta property=\"og:site_name\" content=\"Longchang Chemical\" \/>\n<meta property=\"article:modified_time\" content=\"2026-01-09T06:57:33+00:00\" \/>\n<meta property=\"og:image\" content=\"https:\/\/longchangchemical.com\/wp-content\/uploads\/2023\/05\/131-53-3.jpg\" \/>\n\t<meta property=\"og:image:width\" content=\"600\" \/>\n\t<meta property=\"og:image:height\" content=\"600\" \/>\n\t<meta property=\"og:image:type\" content=\"image\/jpeg\" \/>\n<meta name=\"twitter:card\" content=\"summary_large_image\" \/>\n<script type=\"application\/ld+json\" class=\"yoast-schema-graph\">{\"@context\":\"https:\/\/schema.org\",\"@graph\":[{\"@type\":\"WebPage\",\"@id\":\"https:\/\/longchangchemical.com\/product\/lcsorb-bp-8-cas-131-53-3\/\",\"url\":\"https:\/\/longchangchemical.com\/product\/lcsorb-bp-8-cas-131-53-3\/\",\"name\":\"China CHLUMIUV\u00ae BP-8 CAS 131-53-3 Manufacturer - Longchang Chemical\",\"isPartOf\":{\"@id\":\"https:\/\/longchangchemical.com\/#website\"},\"primaryImageOfPage\":{\"@id\":\"https:\/\/longchangchemical.com\/product\/lcsorb-bp-8-cas-131-53-3\/#primaryimage\"},\"image\":{\"@id\":\"https:\/\/longchangchemical.com\/product\/lcsorb-bp-8-cas-131-53-3\/#primaryimage\"},\"thumbnailUrl\":\"https:\/\/longchangchemical.com\/wp-content\/uploads\/2023\/05\/131-53-3.jpg\",\"datePublished\":\"2023-05-13T06:50:58+00:00\",\"dateModified\":\"2026-01-09T06:57:33+00:00\",\"description\":\"CHLUMIUV\u00ae BP-8 CAS 131-53-3 is a key product of Longchang Chemical. We provide the best price. We are the leading manufacturer in China with the best quality and competitive price.\",\"breadcrumb\":{\"@id\":\"https:\/\/longchangchemical.com\/product\/lcsorb-bp-8-cas-131-53-3\/#breadcrumb\"},\"inLanguage\":\"hu\",\"potentialAction\":[{\"@type\":\"ReadAction\",\"target\":[\"https:\/\/longchangchemical.com\/product\/lcsorb-bp-8-cas-131-53-3\/\"]}]},{\"@type\":\"ImageObject\",\"inLanguage\":\"hu\",\"@id\":\"https:\/\/longchangchemical.com\/product\/lcsorb-bp-8-cas-131-53-3\/#primaryimage\",\"url\":\"https:\/\/longchangchemical.com\/wp-content\/uploads\/2023\/05\/131-53-3.jpg\",\"contentUrl\":\"https:\/\/longchangchemical.com\/wp-content\/uploads\/2023\/05\/131-53-3.jpg\",\"width\":600,\"height\":600},{\"@type\":\"BreadcrumbList\",\"@id\":\"https:\/\/longchangchemical.com\/product\/lcsorb-bp-8-cas-131-53-3\/#breadcrumb\",\"itemListElement\":[{\"@type\":\"ListItem\",\"position\":1,\"name\":\"Home\",\"item\":\"https:\/\/longchangchemical.com\/\"},{\"@type\":\"ListItem\",\"position\":2,\"name\":\"Products Longchang\",\"item\":\"https:\/\/longchangchemical.com\/product\/\"},{\"@type\":\"ListItem\",\"position\":3,\"name\":\"CHLUMIUV\u00ae BP-8 CAS 131-53-3\"}]},{\"@type\":\"WebSite\",\"@id\":\"https:\/\/longchangchemical.com\/#website\",\"url\":\"https:\/\/longchangchemical.com\/\",\"name\":\"Longchang Chemical\",\"description\":\"China chemical manufacturer \uff06 supplier\",\"publisher\":{\"@id\":\"https:\/\/longchangchemical.com\/#organization\"},\"potentialAction\":[{\"@type\":\"SearchAction\",\"target\":{\"@type\":\"EntryPoint\",\"urlTemplate\":\"https:\/\/longchangchemical.com\/?s={search_term_string}\"},\"query-input\":{\"@type\":\"PropertyValueSpecification\",\"valueRequired\":true,\"valueName\":\"search_term_string\"}}],\"inLanguage\":\"hu\"},{\"@type\":\"Organization\",\"@id\":\"https:\/\/longchangchemical.com\/#organization\",\"name\":\"Longchang Chemical\",\"url\":\"https:\/\/longchangchemical.com\/\",\"logo\":{\"@type\":\"ImageObject\",\"inLanguage\":\"hu\",\"@id\":\"https:\/\/longchangchemical.com\/#\/schema\/logo\/image\/\",\"url\":\"https:\/\/longchangchemical.com\/wp-content\/uploads\/2020\/08\/cropped-longchang-logo.png\",\"contentUrl\":\"https:\/\/longchangchemical.com\/wp-content\/uploads\/2020\/08\/cropped-longchang-logo.png\",\"width\":512,\"height\":512,\"caption\":\"Longchang Chemical\"},\"image\":{\"@id\":\"https:\/\/longchangchemical.com\/#\/schema\/logo\/image\/\"}}]}<\/script>\n<!-- \/ Yoast SEO plugin. -->","yoast_head_json":{"title":"K\u00edna CHLUMIUV\u00ae BP-8 CAS 131-53-3 gy\u00e1rt\u00f3 - Longchang Chemical","description":"A CHLUMIUV\u00ae BP-8 CAS 131-53-3 a Longchang Chemical egyik legfontosabb term\u00e9ke. A legjobb \u00e1rat biztos\u00edtjuk. Mi vagyunk a vezet\u0151 gy\u00e1rt\u00f3 K\u00edn\u00e1ban a legjobb min\u0151s\u00e9ggel \u00e9s versenyk\u00e9pes \u00e1rral.","robots":{"index":"index","follow":"follow","max-snippet":"max-snippet:-1","max-image-preview":"max-image-preview:large","max-video-preview":"max-video-preview:-1"},"canonical":"https:\/\/longchangchemical.com\/hu\/product\/lcsorb-bp-8-cas-131-53-3\/","og_locale":"hu_HU","og_type":"article","og_title":"China CHLUMIUV\u00ae BP-8 CAS 131-53-3 Manufacturer - Longchang Chemical","og_description":"CHLUMIUV\u00ae BP-8 CAS 131-53-3 is a key product of Longchang Chemical. We provide the best price. We are the leading manufacturer in China with the best quality and competitive price.","og_url":"https:\/\/longchangchemical.com\/hu\/product\/lcsorb-bp-8-cas-131-53-3\/","og_site_name":"Longchang Chemical","article_modified_time":"2026-01-09T06:57:33+00:00","og_image":[{"width":600,"height":600,"url":"https:\/\/longchangchemical.com\/wp-content\/uploads\/2023\/05\/131-53-3.jpg","type":"image\/jpeg"}],"twitter_card":"summary_large_image","schema":{"@context":"https:\/\/schema.org","@graph":[{"@type":"WebPage","@id":"https:\/\/longchangchemical.com\/product\/lcsorb-bp-8-cas-131-53-3\/","url":"https:\/\/longchangchemical.com\/product\/lcsorb-bp-8-cas-131-53-3\/","name":"K\u00edna CHLUMIUV\u00ae BP-8 CAS 131-53-3 gy\u00e1rt\u00f3 - Longchang Chemical","isPartOf":{"@id":"https:\/\/longchangchemical.com\/#website"},"primaryImageOfPage":{"@id":"https:\/\/longchangchemical.com\/product\/lcsorb-bp-8-cas-131-53-3\/#primaryimage"},"image":{"@id":"https:\/\/longchangchemical.com\/product\/lcsorb-bp-8-cas-131-53-3\/#primaryimage"},"thumbnailUrl":"https:\/\/longchangchemical.com\/wp-content\/uploads\/2023\/05\/131-53-3.jpg","datePublished":"2023-05-13T06:50:58+00:00","dateModified":"2026-01-09T06:57:33+00:00","description":"A CHLUMIUV\u00ae BP-8 CAS 131-53-3 a Longchang Chemical egyik legfontosabb term\u00e9ke. A legjobb \u00e1rat biztos\u00edtjuk. Mi vagyunk a vezet\u0151 gy\u00e1rt\u00f3 K\u00edn\u00e1ban a legjobb min\u0151s\u00e9ggel \u00e9s versenyk\u00e9pes \u00e1rral.","breadcrumb":{"@id":"https:\/\/longchangchemical.com\/product\/lcsorb-bp-8-cas-131-53-3\/#breadcrumb"},"inLanguage":"hu","potentialAction":[{"@type":"ReadAction","target":["https:\/\/longchangchemical.com\/product\/lcsorb-bp-8-cas-131-53-3\/"]}]},{"@type":"ImageObject","inLanguage":"hu","@id":"https:\/\/longchangchemical.com\/product\/lcsorb-bp-8-cas-131-53-3\/#primaryimage","url":"https:\/\/longchangchemical.com\/wp-content\/uploads\/2023\/05\/131-53-3.jpg","contentUrl":"https:\/\/longchangchemical.com\/wp-content\/uploads\/2023\/05\/131-53-3.jpg","width":600,"height":600},{"@type":"BreadcrumbList","@id":"https:\/\/longchangchemical.com\/product\/lcsorb-bp-8-cas-131-53-3\/#breadcrumb","itemListElement":[{"@type":"ListItem","position":1,"name":"Home","item":"https:\/\/longchangchemical.com\/"},{"@type":"ListItem","position":2,"name":"Products Longchang","item":"https:\/\/longchangchemical.com\/product\/"},{"@type":"ListItem","position":3,"name":"CHLUMIUV\u00ae BP-8 CAS 131-53-3"}]},{"@type":"WebSite","@id":"https:\/\/longchangchemical.com\/#website","url":"https:\/\/longchangchemical.com\/","name":"Longchang Chemical","description":"K\u00edna k\u00e9miai gy\u00e1rt\u00f3 \uff06 sz\u00e1ll\u00edt\u00f3","publisher":{"@id":"https:\/\/longchangchemical.com\/#organization"},"potentialAction":[{"@type":"SearchAction","target":{"@type":"EntryPoint","urlTemplate":"https:\/\/longchangchemical.com\/?s={search_term_string}"},"query-input":{"@type":"PropertyValueSpecification","valueRequired":true,"valueName":"search_term_string"}}],"inLanguage":"hu"},{"@type":"Organization","@id":"https:\/\/longchangchemical.com\/#organization","name":"Longchang Chemical","url":"https:\/\/longchangchemical.com\/","logo":{"@type":"ImageObject","inLanguage":"hu","@id":"https:\/\/longchangchemical.com\/#\/schema\/logo\/image\/","url":"https:\/\/longchangchemical.com\/wp-content\/uploads\/2020\/08\/cropped-longchang-logo.png","contentUrl":"https:\/\/longchangchemical.com\/wp-content\/uploads\/2020\/08\/cropped-longchang-logo.png","width":512,"height":512,"caption":"Longchang Chemical"},"image":{"@id":"https:\/\/longchangchemical.com\/#\/schema\/logo\/image\/"}}]}},"_links":{"self":[{"href":"https:\/\/longchangchemical.com\/hu\/wp-json\/wp\/v2\/product\/6089","targetHints":{"allow":["GET"]}}],"collection":[{"href":"https:\/\/longchangchemical.com\/hu\/wp-json\/wp\/v2\/product"}],"about":[{"href":"https:\/\/longchangchemical.com\/hu\/wp-json\/wp\/v2\/types\/product"}],"replies":[{"embeddable":true,"href":"https:\/\/longchangchemical.com\/hu\/wp-json\/wp\/v2\/comments?post=6089"}],"wp:featuredmedia":[{"embeddable":true,"href":"https:\/\/longchangchemical.com\/hu\/wp-json\/wp\/v2\/media\/7939"}],"wp:attachment":[{"href":"https:\/\/longchangchemical.com\/hu\/wp-json\/wp\/v2\/media?parent=6089"}],"wp:term":[{"taxonomy":"product_brand","embeddable":true,"href":"https:\/\/longchangchemical.com\/hu\/wp-json\/wp\/v2\/product_brand?post=6089"},{"taxonomy":"product_cat","embeddable":true,"href":"https:\/\/longchangchemical.com\/hu\/wp-json\/wp\/v2\/product_cat?post=6089"},{"taxonomy":"product_tag","embeddable":true,"href":"https:\/\/longchangchemical.com\/hu\/wp-json\/wp\/v2\/product_tag?post=6089"}],"curies":[{"name":"wp","href":"https:\/\/api.w.org\/{rel}","templated":true}]}}