{"id":6076,"date":"2023-05-04T11:53:55","date_gmt":"2023-05-04T11:53:55","guid":{"rendered":"https:\/\/longchangchemical.com\/?post_type=product&#038;p=6076"},"modified":"2026-01-09T08:44:45","modified_gmt":"2026-01-09T08:44:45","slug":"lcsorb-uv-3035-cas-5232-99-5","status":"publish","type":"product","link":"https:\/\/longchangchemical.com\/hu\/product\/lcsorb-uv-3035-cas-5232-99-5\/","title":{"rendered":"CHLUMIUV\u00ae UV-3035 \/ Etokril\u00e9n CAS 5232-99-5"},"content":{"rendered":"<h1><strong>UV-3035 \/ Etokril\u00e9n CAS 5232-99-5<\/strong><\/h1>\n<table style=\"border-collapse: collapse; width: 108.03pt;\" border=\"0\" width=\"144\" cellspacing=\"0\" cellpadding=\"0\">\n<tbody>\n<tr style=\"height: 38.25pt;\">\n<td class=\"et2\" style=\"height: 38.25pt; width: 54.00pt;\" width=\"72\" height=\"51\">Megjelen\u00e9s<\/td>\n<td class=\"et2\" style=\"width: 54.00pt;\" width=\"72\">Feh\u00e9r krist\u00e1lyos por<\/td>\n<\/tr>\n<tr style=\"height: 25.50pt;\">\n<td class=\"et2\" style=\"height: 25.50pt; width: 54.00pt;\" width=\"72\" height=\"34\">Molekulat\u00f6meg<\/td>\n<td class=\"et2\" style=\"width: 54.00pt;\" width=\"72\">277.3<\/td>\n<\/tr>\n<tr style=\"height: 13.50pt;\">\n<td class=\"et2\" style=\"height: 13.50pt; width: 54.00pt;\" width=\"72\" height=\"18\">Tartalom<\/td>\n<td class=\"et2\" style=\"width: 54.00pt;\" width=\"72\">\u226599.0%<\/td>\n<\/tr>\n<tr style=\"height: 25.50pt;\">\n<td class=\"et2\" style=\"height: 25.50pt; width: 54.00pt;\" width=\"72\" height=\"34\">Olvad\u00e1spont<\/td>\n<td class=\"et2\" style=\"width: 54.00pt;\" width=\"72\">96-98<span class=\"font2\">\u2103<\/span><\/td>\n<\/tr>\n<tr style=\"height: 13.50pt;\">\n<td class=\"et2\" style=\"height: 13.50pt; width: 54.00pt;\" width=\"72\" height=\"18\">Lobban\u00e1spont<\/td>\n<td class=\"et2\" style=\"width: 54.00pt;\" width=\"72\">199.4\u00b0C<\/td>\n<\/tr>\n<tr style=\"height: 25.50pt;\">\n<td class=\"et2\" style=\"height: 25.50pt; width: 54.00pt;\" width=\"72\" height=\"34\">S\u0171r\u0171s\u00e9g@20<span class=\"font2\">\u2103<\/span><\/td>\n<td class=\"et2\" style=\"width: 54.00pt;\" width=\"72\">1,16g\/cm3<\/td>\n<\/tr>\n<tr style=\"height: 13.50pt;\">\n<td class=\"et2\" style=\"height: 13.50pt; width: 54.00pt;\" width=\"72\" height=\"18\">Ash<\/td>\n<td class=\"et2\" style=\"width: 54.00pt;\" width=\"72\">\u22640,1%<\/td>\n<\/tr>\n<tr style=\"height: 13.50pt;\">\n<td class=\"et2\" style=\"height: 13.50pt; width: 54.00pt;\" width=\"72\" height=\"18\">Volatilit\u00e1s<\/td>\n<td class=\"et2\" style=\"width: 54.00pt;\" width=\"72\">\u22640,5%<\/td>\n<\/tr>\n<\/tbody>\n<\/table>\n<p>&nbsp;<\/p>\n<h2><strong>UV-3035 \/ Etocrilene Haszn\u00e1lat<\/strong><\/h2>\n<p>1. UV-abszorber Az UV-3035 egy cianoakril\u00e1t UV-abszorber, amely k\u00e9pes elnyelni a 270-340 nm-es UV-f\u00e9nyt, 302 nm-es abszorpci\u00f3s cs\u00faccsal. A molekulaszerkezet nem tartalmaz fenolos hidroxilcsoportokat, \u00e9s az \u00e9sztercsoportok szerkezeti v\u00e1ltoz\u00e1sai r\u00e9v\u00e9n kiv\u00e1l\u00f3 k\u00e9miai stabilit\u00e1ssal \u00e9s a bevon\u00f3gyant\u00e1kkal val\u00f3 kiv\u00e1l\u00f3 kompatibilit\u00e1ssal rendelkezik. Alkalmas polivinil-klorid, polisztirol, sztirol kopolimer, polikarbon\u00e1t, akril\u00e1t bevonatokhoz, poliuret\u00e1n bevonatokhoz, lakkbevonatokhoz, g\u00e9lbevonatokhoz, tart\u00e1lybevonatokhoz, akril \u00e9s vinil ragaszt\u00f3khoz.<\/p>\n<p>2. Az UV-abszorber UV-3035 j\u00f3 oldhat\u00f3s\u00e1ggal rendelkezik a MEK-ben, a MEK j\u00f3l kompatibilis az akrilgyant\u00e1val, \u00e9s a fest\u00e9k fels\u0151 bevonat\u00e1ban haszn\u00e1lj\u00e1k a bevonat tart\u00f3ss\u00e1g\u00e1nak jav\u00edt\u00e1s\u00e1ra. A szinergikus hat\u00e1s figyelemre m\u00e9lt\u00f3, ha f\u00e9nystabiliz\u00e1torral egy\u00fctt haszn\u00e1lj\u00e1k. Az \u00e1ltal\u00e1nos adagol\u00e1s 0,1-0,5%.<\/p>\n<p>3. Az UV-abszorber UV-3035 a m\u0171anyag \u00e9s bevonat term\u00e9kek UV-sug\u00e1rz\u00e1st\u00f3l val\u00f3 v\u00e9delm\u00e9re szolg\u00e1l. Ez a term\u00e9k kiv\u00e1l\u00f3 UV-abszorpci\u00f3s teljes\u00edtm\u00e9nyt \u00e9s h\u0151stabilit\u00e1st biztos\u00edt.<\/p>\n<h2><strong>L\u00e9pjen kapcsolatba vel\u00fcnk most!<\/strong><\/h2>\n<p><strong>Ha sz\u00fcks\u00e9ge van COA, MSDS vagy TDS a <span style=\"color: #00ccff;\"><a style=\"color: #00ccff;\" href=\"https:\/\/longchangchemical.com\/hu\/product-category\/lcsorb-uv-absorber\/\">UV-abszorber<\/a><\/span>K\u00e9rj\u00fck, t\u00f6ltse ki el\u00e9rhet\u0151s\u00e9g\u00e9t az al\u00e1bbi \u0171rlapon, \u00e1ltal\u00e1ban 24 \u00f3r\u00e1n bel\u00fcl felvessz\u00fck \u00d6nnel a kapcsolatot. \u00d6n is k\u00fcldhet nekem e-mailt <span style=\"color: #00ccff;\"><a style=\"color: #00ccff;\" href=\"mailto:info@longchangchemical.com\">info@longchangchemical.com<\/a> <\/span>munkaid\u0151ben ( 8:30-18:00 UTC+8 H.-Szombat ) vagy haszn\u00e1lja a weboldal \u00e9l\u0151 chatj\u00e9t, hogy azonnali v\u00e1laszt kapjon.<\/strong><\/p>","protected":false},"excerpt":{"rendered":"<p>UV-3035 \/ Etocrilene CAS 5232-99-5 Megjelen\u00e9s Feh\u00e9r krist\u00e1lyos por Molekulat\u00f6meg 277,3 Tartalom \u226599.0% Olvad\u00e1spont 96-98 \u2103 Lobban\u00e1spont 199,4 \u00b0 C S\u0171r\u0171s\u00e9g @ 20 \u2103 1,16g \/ cm3 Hamu \u22640.1% Ill\u00e9konys\u00e1g \u22640.5% UV-3035 \/ Etocrilene Felhaszn\u00e1l\u00e1s 1. UV-abszorber Az UV-3035 egy cianoakril\u00e1t UV-abszorber, amely k\u00e9pes elnyelni a 270-340 nm-es UV-f\u00e9nyt, 302 nm-es abszorpci\u00f3s cs\u00faccsal. A [...]<\/p>","protected":false},"featured_media":7949,"comment_status":"closed","ping_status":"closed","template":"","meta":[],"product_brand":[],"product_cat":[139],"product_tag":[],"class_list":{"0":"post-6076","1":"product","2":"type-product","3":"status-publish","4":"has-post-thumbnail","6":"product_cat-lcsorb-uv-absorber","8":"first","9":"instock","10":"shipping-taxable","11":"product-type-simple"},"yoast_head":"<!-- This site is optimized with the Yoast SEO plugin v25.3.1 - https:\/\/yoast.com\/wordpress\/plugins\/seo\/ -->\n<title>China CHLUMIUV\u00ae UV-3035 \/ Etocrilene CAS 5232-99-5 Manufacturer - Longchang Chemical<\/title>\n<meta name=\"description\" content=\"CHLUMIUV\u00ae UV-3035 \/ Etocrilene CAS 5232-99-5 is a key product of Longchang Chemical. We provide the best price. We are the leading manufacturer in China with the best quality and competitive price.\" \/>\n<meta name=\"robots\" content=\"index, follow, max-snippet:-1, max-image-preview:large, max-video-preview:-1\" \/>\n<link rel=\"canonical\" href=\"https:\/\/longchangchemical.com\/hu\/product\/lcsorb-uv-3035-cas-5232-99-5\/\" \/>\n<meta property=\"og:locale\" content=\"hu_HU\" \/>\n<meta property=\"og:type\" content=\"article\" \/>\n<meta property=\"og:title\" content=\"China CHLUMIUV\u00ae UV-3035 \/ Etocrilene CAS 5232-99-5 Manufacturer - Longchang Chemical\" \/>\n<meta property=\"og:description\" content=\"CHLUMIUV\u00ae UV-3035 \/ Etocrilene CAS 5232-99-5 is a key product of Longchang Chemical. We provide the best price. We are the leading manufacturer in China with the best quality and competitive price.\" \/>\n<meta property=\"og:url\" content=\"https:\/\/longchangchemical.com\/hu\/product\/lcsorb-uv-3035-cas-5232-99-5\/\" \/>\n<meta property=\"og:site_name\" content=\"Longchang Chemical\" \/>\n<meta property=\"article:modified_time\" content=\"2026-01-09T08:44:45+00:00\" \/>\n<meta property=\"og:image\" content=\"https:\/\/longchangchemical.com\/wp-content\/uploads\/2023\/05\/5232-99-5.jpg\" \/>\n\t<meta property=\"og:image:width\" content=\"600\" \/>\n\t<meta property=\"og:image:height\" content=\"600\" \/>\n\t<meta property=\"og:image:type\" content=\"image\/jpeg\" \/>\n<meta name=\"twitter:card\" content=\"summary_large_image\" \/>\n<script type=\"application\/ld+json\" class=\"yoast-schema-graph\">{\"@context\":\"https:\/\/schema.org\",\"@graph\":[{\"@type\":\"WebPage\",\"@id\":\"https:\/\/longchangchemical.com\/product\/lcsorb-uv-3035-cas-5232-99-5\/\",\"url\":\"https:\/\/longchangchemical.com\/product\/lcsorb-uv-3035-cas-5232-99-5\/\",\"name\":\"China CHLUMIUV\u00ae UV-3035 \/ Etocrilene CAS 5232-99-5 Manufacturer - Longchang Chemical\",\"isPartOf\":{\"@id\":\"https:\/\/longchangchemical.com\/#website\"},\"primaryImageOfPage\":{\"@id\":\"https:\/\/longchangchemical.com\/product\/lcsorb-uv-3035-cas-5232-99-5\/#primaryimage\"},\"image\":{\"@id\":\"https:\/\/longchangchemical.com\/product\/lcsorb-uv-3035-cas-5232-99-5\/#primaryimage\"},\"thumbnailUrl\":\"https:\/\/longchangchemical.com\/wp-content\/uploads\/2023\/05\/5232-99-5.jpg\",\"datePublished\":\"2023-05-04T11:53:55+00:00\",\"dateModified\":\"2026-01-09T08:44:45+00:00\",\"description\":\"CHLUMIUV\u00ae UV-3035 \/ Etocrilene CAS 5232-99-5 is a key product of Longchang Chemical. We provide the best price. We are the leading manufacturer in China with the best quality and competitive price.\",\"breadcrumb\":{\"@id\":\"https:\/\/longchangchemical.com\/product\/lcsorb-uv-3035-cas-5232-99-5\/#breadcrumb\"},\"inLanguage\":\"hu\",\"potentialAction\":[{\"@type\":\"ReadAction\",\"target\":[\"https:\/\/longchangchemical.com\/product\/lcsorb-uv-3035-cas-5232-99-5\/\"]}]},{\"@type\":\"ImageObject\",\"inLanguage\":\"hu\",\"@id\":\"https:\/\/longchangchemical.com\/product\/lcsorb-uv-3035-cas-5232-99-5\/#primaryimage\",\"url\":\"https:\/\/longchangchemical.com\/wp-content\/uploads\/2023\/05\/5232-99-5.jpg\",\"contentUrl\":\"https:\/\/longchangchemical.com\/wp-content\/uploads\/2023\/05\/5232-99-5.jpg\",\"width\":600,\"height\":600},{\"@type\":\"BreadcrumbList\",\"@id\":\"https:\/\/longchangchemical.com\/product\/lcsorb-uv-3035-cas-5232-99-5\/#breadcrumb\",\"itemListElement\":[{\"@type\":\"ListItem\",\"position\":1,\"name\":\"Home\",\"item\":\"https:\/\/longchangchemical.com\/\"},{\"@type\":\"ListItem\",\"position\":2,\"name\":\"Products Longchang\",\"item\":\"https:\/\/longchangchemical.com\/product\/\"},{\"@type\":\"ListItem\",\"position\":3,\"name\":\"CHLUMIUV\u00ae UV-3035 \/ Etocrilene CAS 5232-99-5\"}]},{\"@type\":\"WebSite\",\"@id\":\"https:\/\/longchangchemical.com\/#website\",\"url\":\"https:\/\/longchangchemical.com\/\",\"name\":\"Longchang Chemical\",\"description\":\"China chemical manufacturer \uff06 supplier\",\"publisher\":{\"@id\":\"https:\/\/longchangchemical.com\/#organization\"},\"potentialAction\":[{\"@type\":\"SearchAction\",\"target\":{\"@type\":\"EntryPoint\",\"urlTemplate\":\"https:\/\/longchangchemical.com\/?s={search_term_string}\"},\"query-input\":{\"@type\":\"PropertyValueSpecification\",\"valueRequired\":true,\"valueName\":\"search_term_string\"}}],\"inLanguage\":\"hu\"},{\"@type\":\"Organization\",\"@id\":\"https:\/\/longchangchemical.com\/#organization\",\"name\":\"Longchang Chemical\",\"url\":\"https:\/\/longchangchemical.com\/\",\"logo\":{\"@type\":\"ImageObject\",\"inLanguage\":\"hu\",\"@id\":\"https:\/\/longchangchemical.com\/#\/schema\/logo\/image\/\",\"url\":\"https:\/\/longchangchemical.com\/wp-content\/uploads\/2020\/08\/cropped-longchang-logo.png\",\"contentUrl\":\"https:\/\/longchangchemical.com\/wp-content\/uploads\/2020\/08\/cropped-longchang-logo.png\",\"width\":512,\"height\":512,\"caption\":\"Longchang Chemical\"},\"image\":{\"@id\":\"https:\/\/longchangchemical.com\/#\/schema\/logo\/image\/\"}}]}<\/script>\n<!-- \/ Yoast SEO plugin. -->","yoast_head_json":{"title":"K\u00edna CHLUMIUV\u00ae UV-3035 \/ Etocrilene CAS 5232-99-5 gy\u00e1rt\u00f3 - Longchang Chemical","description":"A CHLUMIUV\u00ae UV-3035 \/ Etocrilene CAS 5232-99-5 a Longchang Chemical egyik legfontosabb term\u00e9ke. A legjobb \u00e1rat biztos\u00edtjuk. Mi vagyunk a vezet\u0151 gy\u00e1rt\u00f3 K\u00edn\u00e1ban a legjobb min\u0151s\u00e9ggel \u00e9s versenyk\u00e9pes \u00e1rral.","robots":{"index":"index","follow":"follow","max-snippet":"max-snippet:-1","max-image-preview":"max-image-preview:large","max-video-preview":"max-video-preview:-1"},"canonical":"https:\/\/longchangchemical.com\/hu\/product\/lcsorb-uv-3035-cas-5232-99-5\/","og_locale":"hu_HU","og_type":"article","og_title":"China CHLUMIUV\u00ae UV-3035 \/ Etocrilene CAS 5232-99-5 Manufacturer - Longchang Chemical","og_description":"CHLUMIUV\u00ae UV-3035 \/ Etocrilene CAS 5232-99-5 is a key product of Longchang Chemical. We provide the best price. We are the leading manufacturer in China with the best quality and competitive price.","og_url":"https:\/\/longchangchemical.com\/hu\/product\/lcsorb-uv-3035-cas-5232-99-5\/","og_site_name":"Longchang Chemical","article_modified_time":"2026-01-09T08:44:45+00:00","og_image":[{"width":600,"height":600,"url":"https:\/\/longchangchemical.com\/wp-content\/uploads\/2023\/05\/5232-99-5.jpg","type":"image\/jpeg"}],"twitter_card":"summary_large_image","schema":{"@context":"https:\/\/schema.org","@graph":[{"@type":"WebPage","@id":"https:\/\/longchangchemical.com\/product\/lcsorb-uv-3035-cas-5232-99-5\/","url":"https:\/\/longchangchemical.com\/product\/lcsorb-uv-3035-cas-5232-99-5\/","name":"K\u00edna CHLUMIUV\u00ae UV-3035 \/ Etocrilene CAS 5232-99-5 gy\u00e1rt\u00f3 - Longchang Chemical","isPartOf":{"@id":"https:\/\/longchangchemical.com\/#website"},"primaryImageOfPage":{"@id":"https:\/\/longchangchemical.com\/product\/lcsorb-uv-3035-cas-5232-99-5\/#primaryimage"},"image":{"@id":"https:\/\/longchangchemical.com\/product\/lcsorb-uv-3035-cas-5232-99-5\/#primaryimage"},"thumbnailUrl":"https:\/\/longchangchemical.com\/wp-content\/uploads\/2023\/05\/5232-99-5.jpg","datePublished":"2023-05-04T11:53:55+00:00","dateModified":"2026-01-09T08:44:45+00:00","description":"A CHLUMIUV\u00ae UV-3035 \/ Etocrilene CAS 5232-99-5 a Longchang Chemical egyik legfontosabb term\u00e9ke. A legjobb \u00e1rat biztos\u00edtjuk. Mi vagyunk a vezet\u0151 gy\u00e1rt\u00f3 K\u00edn\u00e1ban a legjobb min\u0151s\u00e9ggel \u00e9s versenyk\u00e9pes \u00e1rral.","breadcrumb":{"@id":"https:\/\/longchangchemical.com\/product\/lcsorb-uv-3035-cas-5232-99-5\/#breadcrumb"},"inLanguage":"hu","potentialAction":[{"@type":"ReadAction","target":["https:\/\/longchangchemical.com\/product\/lcsorb-uv-3035-cas-5232-99-5\/"]}]},{"@type":"ImageObject","inLanguage":"hu","@id":"https:\/\/longchangchemical.com\/product\/lcsorb-uv-3035-cas-5232-99-5\/#primaryimage","url":"https:\/\/longchangchemical.com\/wp-content\/uploads\/2023\/05\/5232-99-5.jpg","contentUrl":"https:\/\/longchangchemical.com\/wp-content\/uploads\/2023\/05\/5232-99-5.jpg","width":600,"height":600},{"@type":"BreadcrumbList","@id":"https:\/\/longchangchemical.com\/product\/lcsorb-uv-3035-cas-5232-99-5\/#breadcrumb","itemListElement":[{"@type":"ListItem","position":1,"name":"Home","item":"https:\/\/longchangchemical.com\/"},{"@type":"ListItem","position":2,"name":"Products Longchang","item":"https:\/\/longchangchemical.com\/product\/"},{"@type":"ListItem","position":3,"name":"CHLUMIUV\u00ae UV-3035 \/ Etocrilene CAS 5232-99-5"}]},{"@type":"WebSite","@id":"https:\/\/longchangchemical.com\/#website","url":"https:\/\/longchangchemical.com\/","name":"Longchang Chemical","description":"K\u00edna k\u00e9miai gy\u00e1rt\u00f3 \uff06 sz\u00e1ll\u00edt\u00f3","publisher":{"@id":"https:\/\/longchangchemical.com\/#organization"},"potentialAction":[{"@type":"SearchAction","target":{"@type":"EntryPoint","urlTemplate":"https:\/\/longchangchemical.com\/?s={search_term_string}"},"query-input":{"@type":"PropertyValueSpecification","valueRequired":true,"valueName":"search_term_string"}}],"inLanguage":"hu"},{"@type":"Organization","@id":"https:\/\/longchangchemical.com\/#organization","name":"Longchang Chemical","url":"https:\/\/longchangchemical.com\/","logo":{"@type":"ImageObject","inLanguage":"hu","@id":"https:\/\/longchangchemical.com\/#\/schema\/logo\/image\/","url":"https:\/\/longchangchemical.com\/wp-content\/uploads\/2020\/08\/cropped-longchang-logo.png","contentUrl":"https:\/\/longchangchemical.com\/wp-content\/uploads\/2020\/08\/cropped-longchang-logo.png","width":512,"height":512,"caption":"Longchang Chemical"},"image":{"@id":"https:\/\/longchangchemical.com\/#\/schema\/logo\/image\/"}}]}},"_links":{"self":[{"href":"https:\/\/longchangchemical.com\/hu\/wp-json\/wp\/v2\/product\/6076","targetHints":{"allow":["GET"]}}],"collection":[{"href":"https:\/\/longchangchemical.com\/hu\/wp-json\/wp\/v2\/product"}],"about":[{"href":"https:\/\/longchangchemical.com\/hu\/wp-json\/wp\/v2\/types\/product"}],"replies":[{"embeddable":true,"href":"https:\/\/longchangchemical.com\/hu\/wp-json\/wp\/v2\/comments?post=6076"}],"wp:featuredmedia":[{"embeddable":true,"href":"https:\/\/longchangchemical.com\/hu\/wp-json\/wp\/v2\/media\/7949"}],"wp:attachment":[{"href":"https:\/\/longchangchemical.com\/hu\/wp-json\/wp\/v2\/media?parent=6076"}],"wp:term":[{"taxonomy":"product_brand","embeddable":true,"href":"https:\/\/longchangchemical.com\/hu\/wp-json\/wp\/v2\/product_brand?post=6076"},{"taxonomy":"product_cat","embeddable":true,"href":"https:\/\/longchangchemical.com\/hu\/wp-json\/wp\/v2\/product_cat?post=6076"},{"taxonomy":"product_tag","embeddable":true,"href":"https:\/\/longchangchemical.com\/hu\/wp-json\/wp\/v2\/product_tag?post=6076"}],"curies":[{"name":"wp","href":"https:\/\/api.w.org\/{rel}","templated":true}]}}