{"id":6048,"date":"2023-04-21T08:11:04","date_gmt":"2023-04-21T08:11:04","guid":{"rendered":"https:\/\/longchangchemical.com\/?post_type=product&#038;p=6048"},"modified":"2026-01-09T09:06:29","modified_gmt":"2026-01-09T09:06:29","slug":"lcsorb-uv-3638-cas-18600-59-4","status":"publish","type":"product","link":"https:\/\/longchangchemical.com\/hu\/product\/lcsorb-uv-3638-cas-18600-59-4\/","title":{"rendered":"CHLUMIUV\u00ae UV-3638 CAS 18600-59-4"},"content":{"rendered":"<h1><strong>UV-3638 CAS 18600-59-4<\/strong><\/h1>\n<table style=\"border-collapse: collapse; width: 232.53pt;\" border=\"0\" width=\"310\" cellspacing=\"0\" cellpadding=\"0\">\n<tbody>\n<tr style=\"height: 17.25pt;\">\n<td class=\"et2\" style=\"height: 17.25pt; width: 106.50pt;\" width=\"142\" height=\"23\">Megjelen\u00e9s<\/td>\n<td class=\"et3\" style=\"width: 126.00pt;\" width=\"168\">Feh\u00e9r-szer\u0171 por<\/td>\n<\/tr>\n<tr style=\"height: 17.25pt;\">\n<td class=\"et2\" style=\"height: 17.25pt; width: 106.50pt;\" width=\"142\" height=\"23\">Molekulat\u00f6meg<\/td>\n<td class=\"et4\" style=\"width: 126.00pt;\" width=\"168\">368.3<\/td>\n<\/tr>\n<tr style=\"height: 17.25pt;\">\n<td class=\"et2\" style=\"height: 17.25pt; width: 106.50pt;\" width=\"142\" height=\"23\">Tartalom<\/td>\n<td class=\"et3\" style=\"width: 126.00pt;\" width=\"168\">\u226599.0%<\/td>\n<\/tr>\n<tr style=\"height: 18.00pt;\">\n<td class=\"et2\" style=\"height: 18.00pt; width: 106.50pt;\" width=\"142\" height=\"24\">Olvad\u00e1spont<\/td>\n<td class=\"et3\" style=\"width: 126.00pt;\" width=\"168\">310-315<span class=\"font0\">\u2103<\/span><\/td>\n<\/tr>\n<tr style=\"height: 17.25pt;\">\n<td class=\"et2\" style=\"height: 17.25pt; width: 106.50pt;\" width=\"142\" height=\"23\">Forr\u00e1spont<\/td>\n<td class=\"et3\" style=\"width: 126.00pt;\" width=\"168\">522.8\u00b0C<\/td>\n<\/tr>\n<tr style=\"height: 17.25pt;\">\n<td class=\"et2\" style=\"height: 17.25pt; width: 106.50pt;\" width=\"142\" height=\"23\">S\u0171r\u0171s\u00e9g@20\u00b0C<\/td>\n<td class=\"et3\" style=\"width: 126.00pt;\" width=\"168\">1,41g\/cm3<\/td>\n<\/tr>\n<tr style=\"height: 17.25pt;\">\n<td class=\"et2\" style=\"height: 17.25pt; width: 106.50pt;\" width=\"142\" height=\"23\">Ash<\/td>\n<td class=\"et3\" style=\"width: 126.00pt;\" width=\"168\">\u22640,1%<\/td>\n<\/tr>\n<tr style=\"height: 17.25pt;\">\n<td class=\"et2\" style=\"height: 17.25pt; width: 106.50pt;\" width=\"142\" height=\"23\">Ill\u00e9kony anyagok<\/td>\n<td class=\"et3\" style=\"width: 126.00pt;\" width=\"168\">\u22640,3%<\/td>\n<\/tr>\n<tr style=\"height: 17.25pt;\">\n<td class=\"et5\" style=\"height: 34.50pt; width: 106.50pt;\" rowspan=\"2\" width=\"142\" height=\"46\">F\u00e9ny\u00e1tereszt\u00e9s<\/td>\n<td class=\"et3\" style=\"width: 126.00pt;\" width=\"168\">460 nm\u226596%<\/td>\n<\/tr>\n<tr style=\"height: 17.25pt;\">\n<td class=\"et3\" style=\"width: 126.00pt;\" width=\"168\">500 nm\u226599%<\/td>\n<\/tr>\n<\/tbody>\n<\/table>\n<h2><\/h2>\n<h2>UV-3638 Haszn\u00e1lat<\/h2>\n<p>1. Az UV-3638 hat\u00e9kony UV-abszorber: nagyon sz\u00e9les k\u00f6r\u0171 UV-abszorpci\u00f3val rendelkezik, magas h\u0151m\u00e9rs\u00e9kleti feldolgoz\u00e1si ellen\u00e1ll\u00e1ssal; nagy nyom\u00e1s\u00e1ll\u00f3s\u00e1ggal; sav- \u00e9s l\u00fag\u00e1ll\u00f3s\u00e1ggal; nem bomlik; nem csap\u00f3dik ki; nincs migr\u00e1ci\u00f3; nincs szagv\u00e1ltoz\u00e1s. Nagyon alacsony ill\u00e9konys\u00e1g, er\u0151s abszorpci\u00f3s hat\u00e9konys\u00e1g, a szok\u00e1sos UV-abszorpci\u00f3 t\u00f6bbsz\u00f6r\u00f6se, nincs hat\u00e1ssal a hordoz\u00f3 sz\u00edn\u00e9re, j\u00f3 kompatibilit\u00e1s a gyant\u00e1val, nem vesz r\u00e9szt a polimeriz\u00e1ci\u00f3s folyamat reakci\u00f3j\u00e1ban. K\u00fcl\u00f6n\u00f6sen a kedvtel\u00e9sb\u0151l tartott \u00e1llatok \u00e9s a pc kiv\u00e1l\u00f3 stabilit\u00e1ssal rendelkezik. F\u0151leg kedvtel\u00e9sb\u0151l tartott sz\u00e1lakban; kedvtel\u00e9sb\u0151l tartott f\u00f3li\u00e1kban; kedvtel\u00e9sb\u0151l tartott palackok szeleteiben, a kedvtel\u00e9sb\u0151l tartott palackok tartalm\u00e1nak UV-k\u00e1rosod\u00e1st\u00f3l val\u00f3 v\u00e9delm\u00e9re. pc koextrud\u00e1lt napf\u00e9nypanelek.<\/p>\n<p>2. UV-abszorber Az UV-3638 egy benzoxazinon UV-abszorber, amely k\u00e9pes elnyelni a 200-400 nm-es UV-f\u00e9nyt. Az abszorpci\u00f3s tartom\u00e1ny lefedi az UVA, UVB \u00e9s UVC tartom\u00e1nyt 350 nm-es abszorpci\u00f3s cs\u00faccsal. Az abszorpci\u00f3s hat\u00e9konys\u00e1ga t\u00f6bbsz\u00f6r\u00f6se az \u00e1ltal\u00e1nosan haszn\u00e1lt UV-abszorberek\u00e9n\u00e9l, a h\u0151vesztes\u00e9g h\u0151m\u00e9rs\u00e9klete pedig ak\u00e1r 371 Celsius-fok is lehet. Magas h\u0151m\u00e9rs\u00e9klet-\u00e1ll\u00f3s\u00e1ggal, extrakci\u00f3\u00e1ll\u00f3s\u00e1ggal, alacsony ill\u00e9konys\u00e1ggal, alacsony migr\u00e1ci\u00f3val, sz\u00e9les abszorpci\u00f3s tartom\u00e1nyban \u00e9s magas abszorpci\u00f3s hat\u00e9konys\u00e1ggal rendelkezik, valamint k\u00e9slelteti a sz\u00edns\u00e1rgul\u00e1st \u00e9s blokkolja a fizikai vesztes\u00e9get. Alkalmas PET, PBT, PAR, PES, PSU, PPO, PPS, PC, PA magas h\u0151m\u00e9rs\u00e9kleten t\u00f6rt\u00e9n\u0151 feldolgoz\u00e1s\u00e1ra, k\u00fcl\u00f6n\u00f6sen \u00e1tl\u00e1tsz\u00f3 PET-f\u00f3li\u00e1hoz, laphoz \u00e9s lemezhez, \u00e1tl\u00e1tsz\u00f3 PC-f\u00f3li\u00e1hoz, laphoz \u00e9s lemezhez, optikai filmhez, optikai lencs\u00e9hez, f\u00e9nysz\u00f3r\u00e1sos lemezhez. Az \u00e1ltal\u00e1nos adagol\u00e1s 0,1-0,5%.<\/p>\n<p>&nbsp;<\/p>\n<h2><strong>L\u00e9pjen kapcsolatba vel\u00fcnk most!<\/strong><\/h2>\n<p><strong>Ha sz\u00fcks\u00e9ge van COA, MSDS vagy TDS a <span style=\"color: #00ccff;\"><a style=\"color: #00ccff;\" href=\"https:\/\/longchangchemical.com\/hu\/product-category\/lcsorb-uv-absorber\/\">UV-abszorber<\/a><\/span>K\u00e9rj\u00fck, t\u00f6ltse ki el\u00e9rhet\u0151s\u00e9g\u00e9t az al\u00e1bbi \u0171rlapon, \u00e1ltal\u00e1ban 24 \u00f3r\u00e1n bel\u00fcl felvessz\u00fck \u00d6nnel a kapcsolatot. \u00d6n is k\u00fcldhet nekem e-mailt <span style=\"color: #00ccff;\"><a style=\"color: #00ccff;\" href=\"mailto:info@longchangchemical.com\">info@longchangchemical.com<\/a> <\/span>munkaid\u0151ben ( 8:30-18:00 UTC+8 H.-Szombat ) vagy haszn\u00e1lja a weboldal \u00e9l\u0151 chatj\u00e9t, hogy azonnali v\u00e1laszt kapjon.<\/strong><\/p>","protected":false},"excerpt":{"rendered":"<p>UV-3638 CAS 18600-59-4 Megjelen\u00e9s Feh\u00e9rszer\u0171 por Molekulat\u00f6meg 368,3 Tartalom \u226599,0% Olvad\u00e1spont 310-315 \u2103 Forr\u00e1spont 522,8 \u00b0 C S\u0171r\u0171s\u00e9g @ 20 \u00b0 C 1,41 g \/ cm3 Hamu \u22640,1% Ill\u00e9kony anyagok \u22640,3% F\u00e9ny\u00e1tereszt\u00e9s 460 nm\u226596% 500 nm\u226599% UV-3638 Felhaszn\u00e1l\u00e1s 1. Az UV-3638 hat\u00e9kony UV-abszorber: nagyon sz\u00e9les k\u00f6r\u0171 UV-abszorpci\u00f3val, magas h\u0151m\u00e9rs\u00e9kleti feldolgoz\u00e1si ellen\u00e1ll\u00e1ssal; nagy nyom\u00e1s\u00e1ll\u00f3s\u00e1ggal; savas \u00e9s l\u00fagos [...]<\/p>","protected":false},"featured_media":7954,"comment_status":"closed","ping_status":"closed","template":"","meta":[],"product_brand":[],"product_cat":[139],"product_tag":[],"class_list":{"0":"post-6048","1":"product","2":"type-product","3":"status-publish","4":"has-post-thumbnail","6":"product_cat-lcsorb-uv-absorber","8":"first","9":"instock","10":"shipping-taxable","11":"product-type-simple"},"yoast_head":"<!-- This site is optimized with the Yoast SEO plugin v25.3.1 - https:\/\/yoast.com\/wordpress\/plugins\/seo\/ -->\n<title>China CHLUMIUV\u00ae UV-3638 CAS 18600-59-4 Manufacturer - Longchang Chemical<\/title>\n<meta name=\"description\" content=\"CHLUMIUV\u00ae UV-3638 CAS 18600-59-4 is a key product of Longchang Chemical. We provide the best price. We are the leading manufacturer in China with the best quality and competitive price.\" \/>\n<meta name=\"robots\" content=\"index, follow, max-snippet:-1, max-image-preview:large, max-video-preview:-1\" \/>\n<link rel=\"canonical\" href=\"https:\/\/longchangchemical.com\/hu\/product\/lcsorb-uv-3638-cas-18600-59-4\/\" \/>\n<meta property=\"og:locale\" content=\"hu_HU\" \/>\n<meta property=\"og:type\" content=\"article\" \/>\n<meta property=\"og:title\" content=\"China CHLUMIUV\u00ae UV-3638 CAS 18600-59-4 Manufacturer - Longchang Chemical\" \/>\n<meta property=\"og:description\" content=\"CHLUMIUV\u00ae UV-3638 CAS 18600-59-4 is a key product of Longchang Chemical. We provide the best price. We are the leading manufacturer in China with the best quality and competitive price.\" \/>\n<meta property=\"og:url\" content=\"https:\/\/longchangchemical.com\/hu\/product\/lcsorb-uv-3638-cas-18600-59-4\/\" \/>\n<meta property=\"og:site_name\" content=\"Longchang Chemical\" \/>\n<meta property=\"article:modified_time\" content=\"2026-01-09T09:06:29+00:00\" \/>\n<meta property=\"og:image\" content=\"https:\/\/longchangchemical.com\/wp-content\/uploads\/2023\/04\/18600-59-4.jpg\" \/>\n\t<meta property=\"og:image:width\" content=\"600\" \/>\n\t<meta property=\"og:image:height\" content=\"600\" \/>\n\t<meta property=\"og:image:type\" content=\"image\/jpeg\" \/>\n<meta name=\"twitter:card\" content=\"summary_large_image\" \/>\n<script type=\"application\/ld+json\" class=\"yoast-schema-graph\">{\"@context\":\"https:\/\/schema.org\",\"@graph\":[{\"@type\":\"WebPage\",\"@id\":\"https:\/\/longchangchemical.com\/product\/lcsorb-uv-3638-cas-18600-59-4\/\",\"url\":\"https:\/\/longchangchemical.com\/product\/lcsorb-uv-3638-cas-18600-59-4\/\",\"name\":\"China CHLUMIUV\u00ae UV-3638 CAS 18600-59-4 Manufacturer - Longchang Chemical\",\"isPartOf\":{\"@id\":\"https:\/\/longchangchemical.com\/#website\"},\"primaryImageOfPage\":{\"@id\":\"https:\/\/longchangchemical.com\/product\/lcsorb-uv-3638-cas-18600-59-4\/#primaryimage\"},\"image\":{\"@id\":\"https:\/\/longchangchemical.com\/product\/lcsorb-uv-3638-cas-18600-59-4\/#primaryimage\"},\"thumbnailUrl\":\"https:\/\/longchangchemical.com\/wp-content\/uploads\/2023\/04\/18600-59-4.jpg\",\"datePublished\":\"2023-04-21T08:11:04+00:00\",\"dateModified\":\"2026-01-09T09:06:29+00:00\",\"description\":\"CHLUMIUV\u00ae UV-3638 CAS 18600-59-4 is a key product of Longchang Chemical. We provide the best price. We are the leading manufacturer in China with the best quality and competitive price.\",\"breadcrumb\":{\"@id\":\"https:\/\/longchangchemical.com\/product\/lcsorb-uv-3638-cas-18600-59-4\/#breadcrumb\"},\"inLanguage\":\"hu\",\"potentialAction\":[{\"@type\":\"ReadAction\",\"target\":[\"https:\/\/longchangchemical.com\/product\/lcsorb-uv-3638-cas-18600-59-4\/\"]}]},{\"@type\":\"ImageObject\",\"inLanguage\":\"hu\",\"@id\":\"https:\/\/longchangchemical.com\/product\/lcsorb-uv-3638-cas-18600-59-4\/#primaryimage\",\"url\":\"https:\/\/longchangchemical.com\/wp-content\/uploads\/2023\/04\/18600-59-4.jpg\",\"contentUrl\":\"https:\/\/longchangchemical.com\/wp-content\/uploads\/2023\/04\/18600-59-4.jpg\",\"width\":600,\"height\":600},{\"@type\":\"BreadcrumbList\",\"@id\":\"https:\/\/longchangchemical.com\/product\/lcsorb-uv-3638-cas-18600-59-4\/#breadcrumb\",\"itemListElement\":[{\"@type\":\"ListItem\",\"position\":1,\"name\":\"Home\",\"item\":\"https:\/\/longchangchemical.com\/\"},{\"@type\":\"ListItem\",\"position\":2,\"name\":\"Products Longchang\",\"item\":\"https:\/\/longchangchemical.com\/product\/\"},{\"@type\":\"ListItem\",\"position\":3,\"name\":\"CHLUMIUV\u00ae UV-3638 CAS 18600-59-4\"}]},{\"@type\":\"WebSite\",\"@id\":\"https:\/\/longchangchemical.com\/#website\",\"url\":\"https:\/\/longchangchemical.com\/\",\"name\":\"Longchang Chemical\",\"description\":\"China chemical manufacturer \uff06 supplier\",\"publisher\":{\"@id\":\"https:\/\/longchangchemical.com\/#organization\"},\"potentialAction\":[{\"@type\":\"SearchAction\",\"target\":{\"@type\":\"EntryPoint\",\"urlTemplate\":\"https:\/\/longchangchemical.com\/?s={search_term_string}\"},\"query-input\":{\"@type\":\"PropertyValueSpecification\",\"valueRequired\":true,\"valueName\":\"search_term_string\"}}],\"inLanguage\":\"hu\"},{\"@type\":\"Organization\",\"@id\":\"https:\/\/longchangchemical.com\/#organization\",\"name\":\"Longchang Chemical\",\"url\":\"https:\/\/longchangchemical.com\/\",\"logo\":{\"@type\":\"ImageObject\",\"inLanguage\":\"hu\",\"@id\":\"https:\/\/longchangchemical.com\/#\/schema\/logo\/image\/\",\"url\":\"https:\/\/longchangchemical.com\/wp-content\/uploads\/2020\/08\/cropped-longchang-logo.png\",\"contentUrl\":\"https:\/\/longchangchemical.com\/wp-content\/uploads\/2020\/08\/cropped-longchang-logo.png\",\"width\":512,\"height\":512,\"caption\":\"Longchang Chemical\"},\"image\":{\"@id\":\"https:\/\/longchangchemical.com\/#\/schema\/logo\/image\/\"}}]}<\/script>\n<!-- \/ Yoast SEO plugin. -->","yoast_head_json":{"title":"K\u00edna CHLUMIUV\u00ae UV-3638 CAS 18600-59-4 gy\u00e1rt\u00f3 - Longchang Chemical","description":"A CHLUMIUV\u00ae UV-3638 CAS 18600-59-4 a Longchang Chemical egyik legfontosabb term\u00e9ke. A legjobb \u00e1rat biztos\u00edtjuk. Mi vagyunk a vezet\u0151 gy\u00e1rt\u00f3 K\u00edn\u00e1ban a legjobb min\u0151s\u00e9ggel \u00e9s versenyk\u00e9pes \u00e1rral.","robots":{"index":"index","follow":"follow","max-snippet":"max-snippet:-1","max-image-preview":"max-image-preview:large","max-video-preview":"max-video-preview:-1"},"canonical":"https:\/\/longchangchemical.com\/hu\/product\/lcsorb-uv-3638-cas-18600-59-4\/","og_locale":"hu_HU","og_type":"article","og_title":"China CHLUMIUV\u00ae UV-3638 CAS 18600-59-4 Manufacturer - Longchang Chemical","og_description":"CHLUMIUV\u00ae UV-3638 CAS 18600-59-4 is a key product of Longchang Chemical. We provide the best price. We are the leading manufacturer in China with the best quality and competitive price.","og_url":"https:\/\/longchangchemical.com\/hu\/product\/lcsorb-uv-3638-cas-18600-59-4\/","og_site_name":"Longchang Chemical","article_modified_time":"2026-01-09T09:06:29+00:00","og_image":[{"width":600,"height":600,"url":"https:\/\/longchangchemical.com\/wp-content\/uploads\/2023\/04\/18600-59-4.jpg","type":"image\/jpeg"}],"twitter_card":"summary_large_image","schema":{"@context":"https:\/\/schema.org","@graph":[{"@type":"WebPage","@id":"https:\/\/longchangchemical.com\/product\/lcsorb-uv-3638-cas-18600-59-4\/","url":"https:\/\/longchangchemical.com\/product\/lcsorb-uv-3638-cas-18600-59-4\/","name":"K\u00edna CHLUMIUV\u00ae UV-3638 CAS 18600-59-4 gy\u00e1rt\u00f3 - Longchang Chemical","isPartOf":{"@id":"https:\/\/longchangchemical.com\/#website"},"primaryImageOfPage":{"@id":"https:\/\/longchangchemical.com\/product\/lcsorb-uv-3638-cas-18600-59-4\/#primaryimage"},"image":{"@id":"https:\/\/longchangchemical.com\/product\/lcsorb-uv-3638-cas-18600-59-4\/#primaryimage"},"thumbnailUrl":"https:\/\/longchangchemical.com\/wp-content\/uploads\/2023\/04\/18600-59-4.jpg","datePublished":"2023-04-21T08:11:04+00:00","dateModified":"2026-01-09T09:06:29+00:00","description":"A CHLUMIUV\u00ae UV-3638 CAS 18600-59-4 a Longchang Chemical egyik legfontosabb term\u00e9ke. A legjobb \u00e1rat biztos\u00edtjuk. Mi vagyunk a vezet\u0151 gy\u00e1rt\u00f3 K\u00edn\u00e1ban a legjobb min\u0151s\u00e9ggel \u00e9s versenyk\u00e9pes \u00e1rral.","breadcrumb":{"@id":"https:\/\/longchangchemical.com\/product\/lcsorb-uv-3638-cas-18600-59-4\/#breadcrumb"},"inLanguage":"hu","potentialAction":[{"@type":"ReadAction","target":["https:\/\/longchangchemical.com\/product\/lcsorb-uv-3638-cas-18600-59-4\/"]}]},{"@type":"ImageObject","inLanguage":"hu","@id":"https:\/\/longchangchemical.com\/product\/lcsorb-uv-3638-cas-18600-59-4\/#primaryimage","url":"https:\/\/longchangchemical.com\/wp-content\/uploads\/2023\/04\/18600-59-4.jpg","contentUrl":"https:\/\/longchangchemical.com\/wp-content\/uploads\/2023\/04\/18600-59-4.jpg","width":600,"height":600},{"@type":"BreadcrumbList","@id":"https:\/\/longchangchemical.com\/product\/lcsorb-uv-3638-cas-18600-59-4\/#breadcrumb","itemListElement":[{"@type":"ListItem","position":1,"name":"Home","item":"https:\/\/longchangchemical.com\/"},{"@type":"ListItem","position":2,"name":"Products Longchang","item":"https:\/\/longchangchemical.com\/product\/"},{"@type":"ListItem","position":3,"name":"CHLUMIUV\u00ae UV-3638 CAS 18600-59-4"}]},{"@type":"WebSite","@id":"https:\/\/longchangchemical.com\/#website","url":"https:\/\/longchangchemical.com\/","name":"Longchang Chemical","description":"K\u00edna k\u00e9miai gy\u00e1rt\u00f3 \uff06 sz\u00e1ll\u00edt\u00f3","publisher":{"@id":"https:\/\/longchangchemical.com\/#organization"},"potentialAction":[{"@type":"SearchAction","target":{"@type":"EntryPoint","urlTemplate":"https:\/\/longchangchemical.com\/?s={search_term_string}"},"query-input":{"@type":"PropertyValueSpecification","valueRequired":true,"valueName":"search_term_string"}}],"inLanguage":"hu"},{"@type":"Organization","@id":"https:\/\/longchangchemical.com\/#organization","name":"Longchang Chemical","url":"https:\/\/longchangchemical.com\/","logo":{"@type":"ImageObject","inLanguage":"hu","@id":"https:\/\/longchangchemical.com\/#\/schema\/logo\/image\/","url":"https:\/\/longchangchemical.com\/wp-content\/uploads\/2020\/08\/cropped-longchang-logo.png","contentUrl":"https:\/\/longchangchemical.com\/wp-content\/uploads\/2020\/08\/cropped-longchang-logo.png","width":512,"height":512,"caption":"Longchang Chemical"},"image":{"@id":"https:\/\/longchangchemical.com\/#\/schema\/logo\/image\/"}}]}},"_links":{"self":[{"href":"https:\/\/longchangchemical.com\/hu\/wp-json\/wp\/v2\/product\/6048","targetHints":{"allow":["GET"]}}],"collection":[{"href":"https:\/\/longchangchemical.com\/hu\/wp-json\/wp\/v2\/product"}],"about":[{"href":"https:\/\/longchangchemical.com\/hu\/wp-json\/wp\/v2\/types\/product"}],"replies":[{"embeddable":true,"href":"https:\/\/longchangchemical.com\/hu\/wp-json\/wp\/v2\/comments?post=6048"}],"wp:featuredmedia":[{"embeddable":true,"href":"https:\/\/longchangchemical.com\/hu\/wp-json\/wp\/v2\/media\/7954"}],"wp:attachment":[{"href":"https:\/\/longchangchemical.com\/hu\/wp-json\/wp\/v2\/media?parent=6048"}],"wp:term":[{"taxonomy":"product_brand","embeddable":true,"href":"https:\/\/longchangchemical.com\/hu\/wp-json\/wp\/v2\/product_brand?post=6048"},{"taxonomy":"product_cat","embeddable":true,"href":"https:\/\/longchangchemical.com\/hu\/wp-json\/wp\/v2\/product_cat?post=6048"},{"taxonomy":"product_tag","embeddable":true,"href":"https:\/\/longchangchemical.com\/hu\/wp-json\/wp\/v2\/product_tag?post=6048"}],"curies":[{"name":"wp","href":"https:\/\/api.w.org\/{rel}","templated":true}]}}