{"id":6037,"date":"2024-01-10T07:32:27","date_gmt":"2024-01-10T07:32:27","guid":{"rendered":"https:\/\/longchangchemical.com\/?post_type=product&#038;p=6037"},"modified":"2025-12-16T07:37:50","modified_gmt":"2025-12-16T07:37:50","slug":"melamine-cyanurate-cas-37640-57-6","status":"publish","type":"product","link":"https:\/\/longchangchemical.com\/hu\/product\/melamine-cyanurate-cas-37640-57-6\/","title":{"rendered":"Melamin-cianur\u00e1t CAS 37640-57-6"},"content":{"rendered":"<h2><strong>Melamin-cianur\u00e1t CAS 37640-57-6<\/strong><\/h2>\n<table class=\"table-1\" cellspacing=\"0\">\n<tbody>\n<tr>\n<td>T\u00e9tel<\/td>\n<td>Standard<\/td>\n<\/tr>\n<tr>\n<td>Pr\u00f3ba %<\/td>\n<td>\u226599.5<\/td>\n<\/tr>\n<tr>\n<td>Feh\u00e9rs\u00e9g<\/td>\n<td>\u226596<\/td>\n<\/tr>\n<tr>\n<td>Marad\u00e9k cianursav %<\/td>\n<td>\u22640.2<\/td>\n<\/tr>\n<tr>\n<td>\u00c1tlagos r\u00e9szecskem\u00e9ret \u03bcm<\/td>\n<td>\u22644<\/td>\n<\/tr>\n<tr>\n<td>PH-\u00c9RT\u00c9K<\/td>\n<td>5-7<\/td>\n<\/tr>\n<tr>\n<td>Ill\u00e9kony % \u2264<\/td>\n<td>0.2<\/td>\n<\/tr>\n<\/tbody>\n<\/table>\n<h2><strong>Melamin-cianur\u00e1tHaszn\u00e1lat<\/strong><\/h2>\n<p>A nejlon halog\u00e9nmentes \u00e9g\u00e9sg\u00e1tl\u00f3jak\u00e9nt rendk\u00edv\u00fcl alacsony alkalmaz\u00e1si k\u00f6lts\u00e9ggel, kiv\u00e1l\u00f3 elektromos tulajdons\u00e1gokkal, mechanikai tulajdons\u00e1gokkal \u00e9s sz\u00ednez\u0151 tulajdons\u00e1gokkal rendelkezik.<\/p>\n<ol>\n<li><strong>\u00c9g\u00e9sg\u00e1tl\u00f3 adal\u00e9kanyag:<\/strong> A 37640-57-6 CAS-sz\u00e1m\u00fa melamin-cianur\u00e1tot \u00e1ltal\u00e1ban \u00e9g\u00e9sg\u00e1tl\u00f3 adal\u00e9kanyagk\u00e9nt haszn\u00e1lj\u00e1k. K\u00fcl\u00f6nb\u00f6z\u0151 anyagokban, t\u00f6bbek k\u00f6z\u00f6tt m\u0171anyagokban \u00e9s polimerekben alkalmazz\u00e1k, hogy jav\u00edts\u00e1k t\u0171z\u00e1ll\u00f3s\u00e1gi tulajdons\u00e1gaikat.<\/li>\n<li><strong>Polimeripar:<\/strong> Ezt a vegy\u00fcletet a polimeriparban haszn\u00e1lj\u00e1k. A melamin-cianur\u00e1tot be lehet \u00e9p\u00edteni a polimerek gy\u00e1rt\u00e1s\u00e1ba, hogy jav\u00edtsa azok \u00e9g\u00e9sg\u00e1tl\u00e1s\u00e1t, \u00e9s \u00edgy alkalmass\u00e1 tegye \u0151ket az \u00e9p\u00edt\u0151iparban \u00e9s az elektronik\u00e1ban val\u00f3 alkalmaz\u00e1sra.<\/li>\n<li><strong>Textil \u00e9s k\u00e1rpitoz\u00e1s:<\/strong> A melamin-cianur\u00e1tot a textil- \u00e9s k\u00e1rpitosiparban lehet alkalmazni. A sz\u00f6vetek kezel\u00e9s\u00e9re haszn\u00e1lj\u00e1k, hogy jav\u00edts\u00e1k \u00e9g\u00e9sg\u00e1tl\u00f3 tulajdons\u00e1gaikat, k\u00fcl\u00f6n\u00f6sen olyan term\u00e9kekben, mint a f\u00fcgg\u00f6ny\u00f6k \u00e9s k\u00e1rpitok.<\/li>\n<li><strong>Bevonatok \u00e9s fest\u00e9kek:<\/strong> A bevonat- \u00e9s fest\u00e9kiparban a melamin-cianur\u00e1tot \u00e9g\u00e9sg\u00e1tl\u00f3k\u00e9nt haszn\u00e1lj\u00e1k. A bevonatokhoz \u00e9s fest\u00e9kekhez adhat\u00f3 a fel\u00fcletek \u00e9s hordoz\u00f3k t\u0171z\u00e1ll\u00f3s\u00e1g\u00e1nak biztos\u00edt\u00e1sa \u00e9rdek\u00e9ben.<\/li>\n<\/ol>\n<h2><strong>Melamin-cianur\u00e1t Csomagol\u00e1s \u00e9s sz\u00e1ll\u00edt\u00e1s<\/strong><\/h2>\n<p>Csomagol\u00e1s: 25kg\/zs\u00e1k vagy az \u00fcgyfelek ig\u00e9nyei szerint<\/p>\n<h2><strong>Melamin cianur\u00e1tT\u00e1rol\u00e1s<\/strong><\/h2>\n<p>2-8\u00b0C-on t\u00e1rolva.<\/p>\n<h2><strong>L\u00e9pjen kapcsolatba vel\u00fcnk most!<\/strong><\/h2>\n<p><strong>Ha COA, MSDS vagy TDS-re van sz\u00fcks\u00e9ge, k\u00e9rj\u00fck, t\u00f6ltse ki el\u00e9rhet\u0151s\u00e9g\u00e9t az al\u00e1bbi \u0171rlapon, \u00e1ltal\u00e1ban 24 \u00f3r\u00e1n bel\u00fcl felvessz\u00fck \u00d6nnel a kapcsolatot. \u00d6n is k\u00fcldhet nekem e-mailt <span style=\"color: #00ccff;\"><a style=\"color: #00ccff;\" href=\"mailto:info@longchangchemical.com\">info@longchangchemical.com<\/a> <\/span>munkaid\u0151ben ( 8:30-18:00 UTC+8 H.-Szombat ) vagy haszn\u00e1lja a weboldal \u00e9l\u0151 chatj\u00e9t, hogy azonnali v\u00e1laszt kapjon.<\/strong><\/p>","protected":false},"excerpt":{"rendered":"<p>K\u00e9miai n\u00e9v: Melamin-cianur\u00e1t<\/p>\n<p>CAS-sz\u00e1m: 37640-57-6<\/p>\n<p>Molekul\u00e1ris k\u00e9plet: C6H9N9O3<\/p>\n<p>Molekulat\u00f6meg: 255,19<\/p>\n<p>Molekulaszerkezet:<img decoding=\"async\" title=\"Melamin-cianur\u00e1t Szerkezet\" src=\"https:\/\/www.longchangchemical.com\/wp-content\/uploads\/product-details\/20200610231237.png\" alt=\"Melamin-cianur\u00e1t Szerkezet\" width=\"187\" height=\"85\" border=\"0\" vspace=\"0\" \/><\/p>\n<p>Megjelen\u00e9s: feh\u00e9r por<\/p>","protected":false},"featured_media":6385,"comment_status":"open","ping_status":"closed","template":"","meta":[],"product_brand":[],"product_cat":[153],"product_tag":[],"class_list":{"0":"post-6037","1":"product","2":"type-product","3":"status-publish","4":"has-post-thumbnail","6":"product_cat-Lcflare-flame-retardant","8":"first","9":"instock","10":"shipping-taxable","11":"product-type-simple"},"yoast_head":"<!-- This site is optimized with the Yoast SEO plugin v25.3.1 - https:\/\/yoast.com\/wordpress\/plugins\/seo\/ -->\n<title>China Melamine cyanurate CAS 37640-57-6 Manufacturer-Longchang Chemical<\/title>\n<meta name=\"description\" content=\"Melamine cyanurate CAS 37640-57-6 is key product of Longchang Chemical. We provide best price. We are the leading manufacturer and supplier in China with the best quanlity and competitive price.\" \/>\n<meta name=\"robots\" content=\"index, follow, max-snippet:-1, max-image-preview:large, max-video-preview:-1\" \/>\n<link rel=\"canonical\" href=\"https:\/\/longchangchemical.com\/hu\/product\/melamine-cyanurate-cas-37640-57-6\/\" \/>\n<meta property=\"og:locale\" content=\"hu_HU\" \/>\n<meta property=\"og:type\" content=\"article\" \/>\n<meta property=\"og:title\" content=\"China Melamine cyanurate CAS 37640-57-6 Manufacturer-Longchang Chemical\" \/>\n<meta property=\"og:description\" content=\"Melamine cyanurate CAS 37640-57-6 is key product of Longchang Chemical. We provide best price. We are the leading manufacturer and supplier in China with the best quanlity and competitive price.\" \/>\n<meta property=\"og:url\" content=\"https:\/\/longchangchemical.com\/hu\/product\/melamine-cyanurate-cas-37640-57-6\/\" \/>\n<meta property=\"og:site_name\" content=\"Longchang Chemical\" \/>\n<meta property=\"article:modified_time\" content=\"2025-12-16T07:37:50+00:00\" \/>\n<meta property=\"og:image\" content=\"https:\/\/longchangchemical.com\/wp-content\/uploads\/2023\/04\/6.jpg\" \/>\n\t<meta property=\"og:image:width\" content=\"800\" \/>\n\t<meta property=\"og:image:height\" content=\"800\" \/>\n\t<meta property=\"og:image:type\" content=\"image\/jpeg\" \/>\n<meta name=\"twitter:card\" content=\"summary_large_image\" \/>\n<script type=\"application\/ld+json\" class=\"yoast-schema-graph\">{\"@context\":\"https:\/\/schema.org\",\"@graph\":[{\"@type\":\"WebPage\",\"@id\":\"https:\/\/longchangchemical.com\/product\/melamine-cyanurate-cas-37640-57-6\/\",\"url\":\"https:\/\/longchangchemical.com\/product\/melamine-cyanurate-cas-37640-57-6\/\",\"name\":\"China Melamine cyanurate CAS 37640-57-6 Manufacturer-Longchang Chemical\",\"isPartOf\":{\"@id\":\"https:\/\/longchangchemical.com\/#website\"},\"primaryImageOfPage\":{\"@id\":\"https:\/\/longchangchemical.com\/product\/melamine-cyanurate-cas-37640-57-6\/#primaryimage\"},\"image\":{\"@id\":\"https:\/\/longchangchemical.com\/product\/melamine-cyanurate-cas-37640-57-6\/#primaryimage\"},\"thumbnailUrl\":\"https:\/\/longchangchemical.com\/wp-content\/uploads\/2023\/04\/6.jpg\",\"datePublished\":\"2024-01-10T07:32:27+00:00\",\"dateModified\":\"2025-12-16T07:37:50+00:00\",\"description\":\"Melamine cyanurate CAS 37640-57-6 is key product of Longchang Chemical. We provide best price. We are the leading manufacturer and supplier in China with the best quanlity and competitive price.\",\"breadcrumb\":{\"@id\":\"https:\/\/longchangchemical.com\/product\/melamine-cyanurate-cas-37640-57-6\/#breadcrumb\"},\"inLanguage\":\"hu\",\"potentialAction\":[{\"@type\":\"ReadAction\",\"target\":[\"https:\/\/longchangchemical.com\/product\/melamine-cyanurate-cas-37640-57-6\/\"]}]},{\"@type\":\"ImageObject\",\"inLanguage\":\"hu\",\"@id\":\"https:\/\/longchangchemical.com\/product\/melamine-cyanurate-cas-37640-57-6\/#primaryimage\",\"url\":\"https:\/\/longchangchemical.com\/wp-content\/uploads\/2023\/04\/6.jpg\",\"contentUrl\":\"https:\/\/longchangchemical.com\/wp-content\/uploads\/2023\/04\/6.jpg\",\"width\":800,\"height\":800,\"caption\":\"Melamine cyanurate CAS 37640-57-6\"},{\"@type\":\"BreadcrumbList\",\"@id\":\"https:\/\/longchangchemical.com\/product\/melamine-cyanurate-cas-37640-57-6\/#breadcrumb\",\"itemListElement\":[{\"@type\":\"ListItem\",\"position\":1,\"name\":\"Home\",\"item\":\"https:\/\/longchangchemical.com\/\"},{\"@type\":\"ListItem\",\"position\":2,\"name\":\"Products Longchang\",\"item\":\"https:\/\/longchangchemical.com\/product\/\"},{\"@type\":\"ListItem\",\"position\":3,\"name\":\"Melamine cyanurate CAS 37640-57-6\"}]},{\"@type\":\"WebSite\",\"@id\":\"https:\/\/longchangchemical.com\/#website\",\"url\":\"https:\/\/longchangchemical.com\/\",\"name\":\"Longchang Chemical\",\"description\":\"China chemical manufacturer \uff06 supplier\",\"publisher\":{\"@id\":\"https:\/\/longchangchemical.com\/#organization\"},\"potentialAction\":[{\"@type\":\"SearchAction\",\"target\":{\"@type\":\"EntryPoint\",\"urlTemplate\":\"https:\/\/longchangchemical.com\/?s={search_term_string}\"},\"query-input\":{\"@type\":\"PropertyValueSpecification\",\"valueRequired\":true,\"valueName\":\"search_term_string\"}}],\"inLanguage\":\"hu\"},{\"@type\":\"Organization\",\"@id\":\"https:\/\/longchangchemical.com\/#organization\",\"name\":\"Longchang Chemical\",\"url\":\"https:\/\/longchangchemical.com\/\",\"logo\":{\"@type\":\"ImageObject\",\"inLanguage\":\"hu\",\"@id\":\"https:\/\/longchangchemical.com\/#\/schema\/logo\/image\/\",\"url\":\"https:\/\/longchangchemical.com\/wp-content\/uploads\/2020\/08\/cropped-longchang-logo.png\",\"contentUrl\":\"https:\/\/longchangchemical.com\/wp-content\/uploads\/2020\/08\/cropped-longchang-logo.png\",\"width\":512,\"height\":512,\"caption\":\"Longchang Chemical\"},\"image\":{\"@id\":\"https:\/\/longchangchemical.com\/#\/schema\/logo\/image\/\"}}]}<\/script>\n<!-- \/ Yoast SEO plugin. -->","yoast_head_json":{"title":"K\u00edna Melamin cianur\u00e1t CAS 37640-57-6 Gy\u00e1rt\u00f3-Longchang Chemical","description":"A melamin-cianur\u00e1t CAS 37640-57-6 a Longchang Chemical kulcsfontoss\u00e1g\u00fa term\u00e9ke. A legjobb \u00e1rat biztos\u00edtjuk. Mi vagyunk a vezet\u0151 gy\u00e1rt\u00f3 \u00e9s sz\u00e1ll\u00edt\u00f3 K\u00edn\u00e1ban a legjobb min\u0151s\u00e9ggel \u00e9s versenyk\u00e9pes \u00e1rral.","robots":{"index":"index","follow":"follow","max-snippet":"max-snippet:-1","max-image-preview":"max-image-preview:large","max-video-preview":"max-video-preview:-1"},"canonical":"https:\/\/longchangchemical.com\/hu\/product\/melamine-cyanurate-cas-37640-57-6\/","og_locale":"hu_HU","og_type":"article","og_title":"China Melamine cyanurate CAS 37640-57-6 Manufacturer-Longchang Chemical","og_description":"Melamine cyanurate CAS 37640-57-6 is key product of Longchang Chemical. We provide best price. We are the leading manufacturer and supplier in China with the best quanlity and competitive price.","og_url":"https:\/\/longchangchemical.com\/hu\/product\/melamine-cyanurate-cas-37640-57-6\/","og_site_name":"Longchang Chemical","article_modified_time":"2025-12-16T07:37:50+00:00","og_image":[{"width":800,"height":800,"url":"https:\/\/longchangchemical.com\/wp-content\/uploads\/2023\/04\/6.jpg","type":"image\/jpeg"}],"twitter_card":"summary_large_image","schema":{"@context":"https:\/\/schema.org","@graph":[{"@type":"WebPage","@id":"https:\/\/longchangchemical.com\/product\/melamine-cyanurate-cas-37640-57-6\/","url":"https:\/\/longchangchemical.com\/product\/melamine-cyanurate-cas-37640-57-6\/","name":"K\u00edna Melamin cianur\u00e1t CAS 37640-57-6 Gy\u00e1rt\u00f3-Longchang Chemical","isPartOf":{"@id":"https:\/\/longchangchemical.com\/#website"},"primaryImageOfPage":{"@id":"https:\/\/longchangchemical.com\/product\/melamine-cyanurate-cas-37640-57-6\/#primaryimage"},"image":{"@id":"https:\/\/longchangchemical.com\/product\/melamine-cyanurate-cas-37640-57-6\/#primaryimage"},"thumbnailUrl":"https:\/\/longchangchemical.com\/wp-content\/uploads\/2023\/04\/6.jpg","datePublished":"2024-01-10T07:32:27+00:00","dateModified":"2025-12-16T07:37:50+00:00","description":"A melamin-cianur\u00e1t CAS 37640-57-6 a Longchang Chemical kulcsfontoss\u00e1g\u00fa term\u00e9ke. A legjobb \u00e1rat biztos\u00edtjuk. Mi vagyunk a vezet\u0151 gy\u00e1rt\u00f3 \u00e9s sz\u00e1ll\u00edt\u00f3 K\u00edn\u00e1ban a legjobb min\u0151s\u00e9ggel \u00e9s versenyk\u00e9pes \u00e1rral.","breadcrumb":{"@id":"https:\/\/longchangchemical.com\/product\/melamine-cyanurate-cas-37640-57-6\/#breadcrumb"},"inLanguage":"hu","potentialAction":[{"@type":"ReadAction","target":["https:\/\/longchangchemical.com\/product\/melamine-cyanurate-cas-37640-57-6\/"]}]},{"@type":"ImageObject","inLanguage":"hu","@id":"https:\/\/longchangchemical.com\/product\/melamine-cyanurate-cas-37640-57-6\/#primaryimage","url":"https:\/\/longchangchemical.com\/wp-content\/uploads\/2023\/04\/6.jpg","contentUrl":"https:\/\/longchangchemical.com\/wp-content\/uploads\/2023\/04\/6.jpg","width":800,"height":800,"caption":"Melamine cyanurate CAS 37640-57-6"},{"@type":"BreadcrumbList","@id":"https:\/\/longchangchemical.com\/product\/melamine-cyanurate-cas-37640-57-6\/#breadcrumb","itemListElement":[{"@type":"ListItem","position":1,"name":"Home","item":"https:\/\/longchangchemical.com\/"},{"@type":"ListItem","position":2,"name":"Products Longchang","item":"https:\/\/longchangchemical.com\/product\/"},{"@type":"ListItem","position":3,"name":"Melamine cyanurate CAS 37640-57-6"}]},{"@type":"WebSite","@id":"https:\/\/longchangchemical.com\/#website","url":"https:\/\/longchangchemical.com\/","name":"Longchang Chemical","description":"K\u00edna k\u00e9miai gy\u00e1rt\u00f3 \uff06 sz\u00e1ll\u00edt\u00f3","publisher":{"@id":"https:\/\/longchangchemical.com\/#organization"},"potentialAction":[{"@type":"SearchAction","target":{"@type":"EntryPoint","urlTemplate":"https:\/\/longchangchemical.com\/?s={search_term_string}"},"query-input":{"@type":"PropertyValueSpecification","valueRequired":true,"valueName":"search_term_string"}}],"inLanguage":"hu"},{"@type":"Organization","@id":"https:\/\/longchangchemical.com\/#organization","name":"Longchang Chemical","url":"https:\/\/longchangchemical.com\/","logo":{"@type":"ImageObject","inLanguage":"hu","@id":"https:\/\/longchangchemical.com\/#\/schema\/logo\/image\/","url":"https:\/\/longchangchemical.com\/wp-content\/uploads\/2020\/08\/cropped-longchang-logo.png","contentUrl":"https:\/\/longchangchemical.com\/wp-content\/uploads\/2020\/08\/cropped-longchang-logo.png","width":512,"height":512,"caption":"Longchang Chemical"},"image":{"@id":"https:\/\/longchangchemical.com\/#\/schema\/logo\/image\/"}}]}},"_links":{"self":[{"href":"https:\/\/longchangchemical.com\/hu\/wp-json\/wp\/v2\/product\/6037","targetHints":{"allow":["GET"]}}],"collection":[{"href":"https:\/\/longchangchemical.com\/hu\/wp-json\/wp\/v2\/product"}],"about":[{"href":"https:\/\/longchangchemical.com\/hu\/wp-json\/wp\/v2\/types\/product"}],"replies":[{"embeddable":true,"href":"https:\/\/longchangchemical.com\/hu\/wp-json\/wp\/v2\/comments?post=6037"}],"wp:featuredmedia":[{"embeddable":true,"href":"https:\/\/longchangchemical.com\/hu\/wp-json\/wp\/v2\/media\/6385"}],"wp:attachment":[{"href":"https:\/\/longchangchemical.com\/hu\/wp-json\/wp\/v2\/media?parent=6037"}],"wp:term":[{"taxonomy":"product_brand","embeddable":true,"href":"https:\/\/longchangchemical.com\/hu\/wp-json\/wp\/v2\/product_brand?post=6037"},{"taxonomy":"product_cat","embeddable":true,"href":"https:\/\/longchangchemical.com\/hu\/wp-json\/wp\/v2\/product_cat?post=6037"},{"taxonomy":"product_tag","embeddable":true,"href":"https:\/\/longchangchemical.com\/hu\/wp-json\/wp\/v2\/product_tag?post=6037"}],"curies":[{"name":"wp","href":"https:\/\/api.w.org\/{rel}","templated":true}]}}