{"id":5993,"date":"2023-03-16T14:53:29","date_gmt":"2023-03-16T14:53:29","guid":{"rendered":"https:\/\/longchangchemical.com\/?post_type=product&#038;p=5993"},"modified":"2026-05-08T08:26:17","modified_gmt":"2026-05-08T08:26:17","slug":"agesin-dp-d242","status":"publish","type":"product","link":"https:\/\/longchangchemical.com\/hu\/product\/agesin-dp-d242\/","title":{"rendered":"CHLUMICRYL\u00ae DP-D242 \/ diszperg\u00e1l\u00f3szer"},"content":{"rendered":"<h2><strong> DP-D242 \/ diszperg\u00e1l\u00f3szer<\/strong><\/h2>\n<table style=\"border-collapse: collapse; width: 293.27pt;\" border=\"0\" width=\"391\" cellspacing=\"0\" cellpadding=\"0\">\n<tbody>\n<tr style=\"height: 14.25pt;\">\n<td class=\"et2\" style=\"height: 14.25pt; width: 63.00pt;\" width=\"84\" height=\"19\">\u00d6sszet\u00e9tel<\/td>\n<td class=\"et2\" style=\"width: 230.25pt;\" width=\"307\">Polimer blokk-kopolimer pigment-affinit\u00e1s\u00fa csoportokkal<\/td>\n<\/tr>\n<tr style=\"height: 13.50pt;\">\n<td class=\"et2\" style=\"height: 13.50pt; width: 63.00pt;\" width=\"84\" height=\"18\">Megjelen\u00e9s<\/td>\n<td class=\"et2\" style=\"width: 230.25pt;\" width=\"307\">Enyh\u00e9n s\u00e1rga, \u00e1tl\u00e1tsz\u00f3 folyad\u00e9k<\/td>\n<\/tr>\n<tr style=\"height: 14.25pt;\">\n<td class=\"et2\" style=\"height: 14.25pt; width: 63.00pt;\" width=\"84\" height=\"19\">old\u00f3szer<\/td>\n<td class=\"et2\" style=\"width: 230.25pt;\" width=\"307\">&#8212;<\/td>\n<\/tr>\n<tr style=\"height: 14.25pt;\">\n<td class=\"et2\" style=\"height: 14.25pt; width: 63.00pt;\" width=\"84\" height=\"19\">S\u0171r\u0171s\u00e9g<\/td>\n<td class=\"et2\" style=\"width: 230.25pt;\" width=\"307\">1,01-1,05 g\/ml (25\u00b11)\u2103<\/td>\n<\/tr>\n<tr style=\"height: 14.25pt;\">\n<td class=\"et2\" style=\"height: 14.25pt; width: 63.00pt;\" width=\"84\" height=\"19\">Viszkozit\u00e1s<\/td>\n<td class=\"et2\" style=\"width: 230.25pt;\" width=\"307\">R-X (bubor\u00e9kos viszkozim\u00e9teres m\u00f3dszer) (25\u00b10,2)\u2103<\/td>\n<\/tr>\n<tr style=\"height: 14.25pt;\">\n<td class=\"et2\" style=\"height: 14.25pt; width: 63.00pt;\" width=\"84\" height=\"19\">Szil\u00e1rd tartalom<\/td>\n<td class=\"et2\" style=\"width: 230.25pt;\" width=\"307\">92\u00b13% (140 \u2103 2h)<\/td>\n<\/tr>\n<tr style=\"height: 14.25pt;\">\n<td class=\"et2\" style=\"height: 14.25pt; width: 63.00pt;\" width=\"84\" height=\"19\">Lobban\u00e1spont<\/td>\n<td class=\"et2\" style=\"width: 230.25pt;\" width=\"307\">&gt;100\u2103<\/td>\n<\/tr>\n<\/tbody>\n<\/table>\n<h2><strong>Alkalmaz\u00e1si ter\u00fcletek<\/strong><\/h2>\n<p>Old\u00f3szer alap\u00fa, UV-kem\u00e9nyed\u0151 rendszerek<\/p>\n<h2><strong>F\u0151bb jellemz\u0151k<\/strong><\/h2>\n<p>1\u3001A pigmentek j\u00f3 nedves\u00edt\u00e9se \u00e9s diszperzi\u00f3ja, a szerves pigmentek diszperzi\u00f3ja jav\u00edthatja a sz\u00ednez\u0151 erej\u00fcket, a szerves bentonit \u00e9s a matt\u00edt\u00f3 por diszperzi\u00f3ja j\u00f3 viszkozit\u00e1scs\u00f6kkent\u0151 k\u00e9pess\u00e9ggel rendelkezik, k\u00fcl\u00f6n\u00f6sen alkalmas a gyantamentes matt\u00edt\u00f3 paszta sz\u00e1m\u00e1ra.<br \/>\n2\u3001Ez cs\u00f6kkentheti a t\u00f6bbpigmentumos rendszer lebeg\u0151 sz\u00edn\u00e9t \u00e9s vir\u00e1gz\u00e1si jelens\u00e9g\u00e9t.<\/p>\n<p>M\u00f3dszer haszn\u00e1lata<\/p>\n<p>A diszperg\u00e1l\u00f3szert hozz\u00e1 kell adni az \u0151rlem\u00e9nyhez, \u00e9s j\u00f3l \u00f6ssze kell keverni, majd hozz\u00e1adni a pigmentet az \u0151rl\u00e9shez \u00e9s a diszperg\u00e1l\u00e1shoz.<\/p>\n<h2><strong>Aj\u00e1nlott adagol\u00e1s<\/strong><\/h2>\n<p>&nbsp;<\/p>\n<h2><strong>T\u00e1rol\u00e1si stabilit\u00e1s<\/strong><\/h2>\n<p>Bontatlan eredeti csomagol\u00e1sban 24 h\u00f3napig tartand\u00f3. 5 \u00b0C alatti h\u0151m\u00e9rs\u00e9kleten r\u00e9tegz\u0151d\u00e9s \u00e9s zavaross\u00e1g fordulhat el\u0151. A meleg\u00edt\u00e9s \u00e9s a felhaszn\u00e1l\u00e1s el\u0151tti alapos kever\u00e9s nem befoly\u00e1solja a term\u00e9k min\u0151s\u00e9g\u00e9t. A term\u00e9k a t\u00e1rol\u00e1si id\u0151n t\u00fal, \u00e1tesett ellen\u0151rz\u00e9s ut\u00e1n tov\u00e1bb haszn\u00e1lhat\u00f3. Miel\u0151tt a tart\u00e1ly teljesen ki\u00fcr\u00fclne, haszn\u00e1lat ut\u00e1n azonnal szorosan le kell z\u00e1rni.<\/p>\n<h2><strong>Csomagol\u00e1s<\/strong><\/h2>\n<p>25KG \/ 180KG<\/p>\n<p>&nbsp;<\/p>","protected":false},"excerpt":{"rendered":"<p>DP-D242 Dispersant Coating Additive is a coating additive for characteristics 1\u3001Good wetting and dispersion of pigments, dispersion of organic pigments can improve their. Key benefits include 1\u3001Good wetting and dispersion of pigments, dispersion of organic pigments can improve their coloring strength, and dispersion of organic bentonite and matting powder has good viscosity reduction ability.<\/p>","protected":false},"featured_media":0,"comment_status":"closed","ping_status":"closed","template":"","meta":[],"product_brand":[],"product_cat":[138],"product_tag":[],"class_list":{"0":"post-5993","1":"product","2":"type-product","3":"status-publish","5":"product_cat-coating-and-ink-additives","7":"first","8":"instock","9":"shipping-taxable","10":"product-type-simple"},"yoast_head":"<!-- This site is optimized with the Yoast SEO plugin v25.3.1 - https:\/\/yoast.com\/wordpress\/plugins\/seo\/ -->\n<title>DP-D242 Dispersant Coating Additive | Longchang Chemical<\/title>\n<meta name=\"description\" content=\"DP-D242 Dispersant Coating Additive is a coating additive for characteristics 1\u3001Good wetting and dispersion of pigments, dispersion of organic pigments\" \/>\n<meta name=\"robots\" content=\"index, follow, max-snippet:-1, max-image-preview:large, max-video-preview:-1\" \/>\n<link rel=\"canonical\" href=\"https:\/\/longchangchemical.com\/hu\/product\/agesin-dp-d242\/\" \/>\n<meta property=\"og:locale\" content=\"hu_HU\" \/>\n<meta property=\"og:type\" content=\"article\" \/>\n<meta property=\"og:title\" content=\"DP-D242 Dispersant Coating Additive | Longchang Chemical\" \/>\n<meta property=\"og:description\" content=\"DP-D242 Dispersant Coating Additive is a coating additive for characteristics 1\u3001Good wetting and dispersion of pigments, dispersion of organic pigments\" \/>\n<meta property=\"og:url\" content=\"https:\/\/longchangchemical.com\/hu\/product\/agesin-dp-d242\/\" \/>\n<meta property=\"og:site_name\" content=\"Longchang Chemical\" \/>\n<meta property=\"article:modified_time\" content=\"2026-05-08T08:26:17+00:00\" \/>\n<meta property=\"og:image\" content=\"https:\/\/longchangchemical.com\/wp-content\/uploads\/2024\/02\/logo-jpeg.jpg\" \/>\n\t<meta property=\"og:image:width\" content=\"1000\" \/>\n\t<meta property=\"og:image:height\" content=\"1000\" \/>\n\t<meta property=\"og:image:type\" content=\"image\/jpeg\" \/>\n<meta name=\"twitter:card\" content=\"summary_large_image\" \/>\n<script type=\"application\/ld+json\" class=\"yoast-schema-graph\">{\"@context\":\"https:\/\/schema.org\",\"@graph\":[{\"@type\":\"WebPage\",\"@id\":\"https:\/\/longchangchemical.com\/product\/agesin-dp-d242\/\",\"url\":\"https:\/\/longchangchemical.com\/product\/agesin-dp-d242\/\",\"name\":\"DP-D242 Dispersant Coating Additive | Longchang Chemical\",\"isPartOf\":{\"@id\":\"https:\/\/longchangchemical.com\/#website\"},\"datePublished\":\"2023-03-16T14:53:29+00:00\",\"dateModified\":\"2026-05-08T08:26:17+00:00\",\"description\":\"DP-D242 Dispersant Coating Additive is a coating additive for characteristics 1\u3001Good wetting and dispersion of pigments, dispersion of organic pigments\",\"breadcrumb\":{\"@id\":\"https:\/\/longchangchemical.com\/product\/agesin-dp-d242\/#breadcrumb\"},\"inLanguage\":\"hu\",\"potentialAction\":[{\"@type\":\"ReadAction\",\"target\":[\"https:\/\/longchangchemical.com\/product\/agesin-dp-d242\/\"]}]},{\"@type\":\"BreadcrumbList\",\"@id\":\"https:\/\/longchangchemical.com\/product\/agesin-dp-d242\/#breadcrumb\",\"itemListElement\":[{\"@type\":\"ListItem\",\"position\":1,\"name\":\"Home\",\"item\":\"https:\/\/longchangchemical.com\/\"},{\"@type\":\"ListItem\",\"position\":2,\"name\":\"Products Longchang\",\"item\":\"https:\/\/longchangchemical.com\/product\/\"},{\"@type\":\"ListItem\",\"position\":3,\"name\":\"CHLUMICRYL\u00ae DP-D242 \/ Dispersant\"}]},{\"@type\":\"WebSite\",\"@id\":\"https:\/\/longchangchemical.com\/#website\",\"url\":\"https:\/\/longchangchemical.com\/\",\"name\":\"Longchang Chemical\",\"description\":\"China chemical manufacturer \uff06 supplier\",\"publisher\":{\"@id\":\"https:\/\/longchangchemical.com\/#organization\"},\"potentialAction\":[{\"@type\":\"SearchAction\",\"target\":{\"@type\":\"EntryPoint\",\"urlTemplate\":\"https:\/\/longchangchemical.com\/?s={search_term_string}\"},\"query-input\":{\"@type\":\"PropertyValueSpecification\",\"valueRequired\":true,\"valueName\":\"search_term_string\"}}],\"inLanguage\":\"hu\"},{\"@type\":\"Organization\",\"@id\":\"https:\/\/longchangchemical.com\/#organization\",\"name\":\"Longchang Chemical\",\"url\":\"https:\/\/longchangchemical.com\/\",\"logo\":{\"@type\":\"ImageObject\",\"inLanguage\":\"hu\",\"@id\":\"https:\/\/longchangchemical.com\/#\/schema\/logo\/image\/\",\"url\":\"https:\/\/longchangchemical.com\/wp-content\/uploads\/2020\/08\/cropped-longchang-logo.png\",\"contentUrl\":\"https:\/\/longchangchemical.com\/wp-content\/uploads\/2020\/08\/cropped-longchang-logo.png\",\"width\":512,\"height\":512,\"caption\":\"Longchang Chemical\"},\"image\":{\"@id\":\"https:\/\/longchangchemical.com\/#\/schema\/logo\/image\/\"}}]}<\/script>\n<!-- \/ Yoast SEO plugin. -->","yoast_head_json":{"title":"DP-D242 Dispersant Coating Additive | Longchang Chemical","description":"DP-D242 Dispersant Coating Additive is a coating additive for characteristics 1\u3001Good wetting and dispersion of pigments, dispersion of organic pigments","robots":{"index":"index","follow":"follow","max-snippet":"max-snippet:-1","max-image-preview":"max-image-preview:large","max-video-preview":"max-video-preview:-1"},"canonical":"https:\/\/longchangchemical.com\/hu\/product\/agesin-dp-d242\/","og_locale":"hu_HU","og_type":"article","og_title":"DP-D242 Dispersant Coating Additive | Longchang Chemical","og_description":"DP-D242 Dispersant Coating Additive is a coating additive for characteristics 1\u3001Good wetting and dispersion of pigments, dispersion of organic pigments","og_url":"https:\/\/longchangchemical.com\/hu\/product\/agesin-dp-d242\/","og_site_name":"Longchang Chemical","article_modified_time":"2026-05-08T08:26:17+00:00","og_image":[{"width":1000,"height":1000,"url":"https:\/\/longchangchemical.com\/wp-content\/uploads\/2024\/02\/logo-jpeg.jpg","type":"image\/jpeg"}],"twitter_card":"summary_large_image","schema":{"@context":"https:\/\/schema.org","@graph":[{"@type":"WebPage","@id":"https:\/\/longchangchemical.com\/product\/agesin-dp-d242\/","url":"https:\/\/longchangchemical.com\/product\/agesin-dp-d242\/","name":"DP-D242 Dispersant Coating Additive | Longchang Chemical","isPartOf":{"@id":"https:\/\/longchangchemical.com\/#website"},"datePublished":"2023-03-16T14:53:29+00:00","dateModified":"2026-05-08T08:26:17+00:00","description":"DP-D242 Dispersant Coating Additive is a coating additive for characteristics 1\u3001Good wetting and dispersion of pigments, dispersion of organic pigments","breadcrumb":{"@id":"https:\/\/longchangchemical.com\/product\/agesin-dp-d242\/#breadcrumb"},"inLanguage":"hu","potentialAction":[{"@type":"ReadAction","target":["https:\/\/longchangchemical.com\/product\/agesin-dp-d242\/"]}]},{"@type":"BreadcrumbList","@id":"https:\/\/longchangchemical.com\/product\/agesin-dp-d242\/#breadcrumb","itemListElement":[{"@type":"ListItem","position":1,"name":"Home","item":"https:\/\/longchangchemical.com\/"},{"@type":"ListItem","position":2,"name":"Products Longchang","item":"https:\/\/longchangchemical.com\/product\/"},{"@type":"ListItem","position":3,"name":"CHLUMICRYL\u00ae DP-D242 \/ Dispersant"}]},{"@type":"WebSite","@id":"https:\/\/longchangchemical.com\/#website","url":"https:\/\/longchangchemical.com\/","name":"Longchang Chemical","description":"K\u00edna k\u00e9miai gy\u00e1rt\u00f3 \uff06 sz\u00e1ll\u00edt\u00f3","publisher":{"@id":"https:\/\/longchangchemical.com\/#organization"},"potentialAction":[{"@type":"SearchAction","target":{"@type":"EntryPoint","urlTemplate":"https:\/\/longchangchemical.com\/?s={search_term_string}"},"query-input":{"@type":"PropertyValueSpecification","valueRequired":true,"valueName":"search_term_string"}}],"inLanguage":"hu"},{"@type":"Organization","@id":"https:\/\/longchangchemical.com\/#organization","name":"Longchang Chemical","url":"https:\/\/longchangchemical.com\/","logo":{"@type":"ImageObject","inLanguage":"hu","@id":"https:\/\/longchangchemical.com\/#\/schema\/logo\/image\/","url":"https:\/\/longchangchemical.com\/wp-content\/uploads\/2020\/08\/cropped-longchang-logo.png","contentUrl":"https:\/\/longchangchemical.com\/wp-content\/uploads\/2020\/08\/cropped-longchang-logo.png","width":512,"height":512,"caption":"Longchang Chemical"},"image":{"@id":"https:\/\/longchangchemical.com\/#\/schema\/logo\/image\/"}}]}},"_links":{"self":[{"href":"https:\/\/longchangchemical.com\/hu\/wp-json\/wp\/v2\/product\/5993","targetHints":{"allow":["GET"]}}],"collection":[{"href":"https:\/\/longchangchemical.com\/hu\/wp-json\/wp\/v2\/product"}],"about":[{"href":"https:\/\/longchangchemical.com\/hu\/wp-json\/wp\/v2\/types\/product"}],"replies":[{"embeddable":true,"href":"https:\/\/longchangchemical.com\/hu\/wp-json\/wp\/v2\/comments?post=5993"}],"wp:attachment":[{"href":"https:\/\/longchangchemical.com\/hu\/wp-json\/wp\/v2\/media?parent=5993"}],"wp:term":[{"taxonomy":"product_brand","embeddable":true,"href":"https:\/\/longchangchemical.com\/hu\/wp-json\/wp\/v2\/product_brand?post=5993"},{"taxonomy":"product_cat","embeddable":true,"href":"https:\/\/longchangchemical.com\/hu\/wp-json\/wp\/v2\/product_cat?post=5993"},{"taxonomy":"product_tag","embeddable":true,"href":"https:\/\/longchangchemical.com\/hu\/wp-json\/wp\/v2\/product_tag?post=5993"}],"curies":[{"name":"wp","href":"https:\/\/api.w.org\/{rel}","templated":true}]}}