{"id":5980,"date":"2023-03-09T14:50:19","date_gmt":"2023-03-09T14:50:19","guid":{"rendered":"https:\/\/longchangchemical.com\/?post_type=product&#038;p=5980"},"modified":"2025-04-01T07:10:15","modified_gmt":"2025-04-01T07:10:15","slug":"agesin-dp-d2641r","status":"publish","type":"product","link":"https:\/\/longchangchemical.com\/hu\/product\/agesin-dp-d2641r\/","title":{"rendered":"CHLUMICRYL\u00ae DP-D2641R \/ diszperg\u00e1l\u00f3szer"},"content":{"rendered":"<h1>DP-D2641R \/ diszperg\u00e1l\u00f3szer<\/h1>\n<table style=\"border-collapse: collapse; width: 241.53pt;\" border=\"0\" width=\"322\" cellspacing=\"0\" cellpadding=\"0\">\n<tbody>\n<tr style=\"height: 36.00pt;\">\n<td class=\"et2\" style=\"height: 36.00pt; width: 99.00pt;\" width=\"132\" height=\"48\">\u00d6sszet\u00e9tel<\/td>\n<td class=\"et2\" style=\"width: 142.50pt;\" width=\"190\">Polimer blokk-kopolimer oldata pigment-affinit\u00e1s\u00fa csoportokkal<\/td>\n<\/tr>\n<tr style=\"height: 13.50pt;\">\n<td class=\"et2\" style=\"height: 13.50pt; width: 99.00pt;\" width=\"132\" height=\"18\">Megjelen\u00e9s<\/td>\n<td class=\"et2\" style=\"width: 142.50pt;\" width=\"190\">Enyh\u00e9n s\u00e1rga, \u00e1tl\u00e1tsz\u00f3 folyad\u00e9k<\/td>\n<\/tr>\n<tr style=\"height: 13.50pt;\">\n<td class=\"et2\" style=\"height: 13.50pt; width: 99.00pt;\" width=\"132\" height=\"18\">old\u00f3szer<\/td>\n<td class=\"et2\" style=\"width: 142.50pt;\" width=\"190\">K\u00e9tb\u00e1zis\u00fa \u00e9szter<\/td>\n<\/tr>\n<tr style=\"height: 13.50pt;\">\n<td class=\"et2\" style=\"height: 13.50pt; width: 99.00pt;\" width=\"132\" height=\"18\">S\u0171r\u0171s\u00e9g<\/td>\n<td class=\"et2\" style=\"width: 142.50pt;\" width=\"190\">1,07-1,11 g\/ml (25\u00b11)\u2103<\/td>\n<\/tr>\n<tr style=\"height: 24.00pt;\">\n<td class=\"et2\" style=\"height: 24.00pt; width: 99.00pt;\" width=\"132\" height=\"32\">Viszkozit\u00e1s<\/td>\n<td class=\"et2\" style=\"width: 142.50pt;\" width=\"190\">20-50 s (bevont-4 poh\u00e1r m\u00f3dszer) (25\u00b10,2)\u2103<\/td>\n<\/tr>\n<tr style=\"height: 24.00pt;\">\n<td class=\"et2\" style=\"height: 24.00pt; width: 99.00pt;\" width=\"132\" height=\"32\">Hat\u00f3anyag-tartalom<\/td>\n<td class=\"et3\" style=\"width: 142.50pt;\" width=\"190\">45%<\/td>\n<\/tr>\n<tr style=\"height: 13.50pt;\">\n<td class=\"et2\" style=\"height: 13.50pt; width: 99.00pt;\" width=\"132\" height=\"18\">Lobban\u00e1spont<\/td>\n<td class=\"et2\" style=\"width: 142.50pt;\" width=\"190\">&gt;100\u2103<\/td>\n<\/tr>\n<\/tbody>\n<\/table>\n<p>&nbsp;<\/p>\n<h2><strong>Alkalmaz\u00e1si ter\u00fcletek<\/strong><\/h2>\n<p>Old\u00f3szer alap\u00fa rendszerek<\/p>\n<h2><strong>F\u0151bb jellemz\u0151k<\/strong><\/h2>\n<p>1\u3001A magas pigmenttartalm\u00fa korom, a szerves pigment \u00e9s a matt por diszperzi\u00f3ja kiv\u00e1l\u00f3 diszperzi\u00f3s hat\u00e9konys\u00e1ggal \u00e9s viszkozit\u00e1scs\u00f6kkent\u0151 k\u00e9pess\u00e9ggel rendelkezik, nincs stabil hab \u00e9s kiv\u00e1l\u00f3 t\u00e1rol\u00e1si stabilit\u00e1s.<br \/>\n2\u3001Az old\u00f3szermentes epoxi padl\u00f3bevon\u00f3 vegy\u00fclet sz\u00ednes fest\u00e9krendszerben gyors finoms\u00e1gcs\u00f6kkent\u00e9s, nyilv\u00e1nval\u00f3 viszkozit\u00e1scs\u00f6kkent\u00e9s, kiv\u00e1l\u00f3 sz\u00ednf\u00e1zis \u00e9s t\u00e1rol\u00e1si stabilit\u00e1s jellemzi.<\/p>\n<h2><strong>M\u00f3dszer haszn\u00e1lata<\/strong><\/h2>\n<p>A diszperg\u00e1l\u00f3szert hozz\u00e1 kell adni az \u0151rlem\u00e9nyhez, \u00e9s j\u00f3l \u00f6ssze kell keverni, majd hozz\u00e1adni a pigmentet az \u0151rl\u00e9shez \u00e9s a diszperg\u00e1l\u00e1shoz.<\/p>\n<h2><strong>Aj\u00e1nlott adagol\u00e1s<\/strong><\/h2>\n<table style=\"border-collapse: collapse; width: 108.03pt;\" border=\"0\" width=\"144\" cellspacing=\"0\" cellpadding=\"0\">\n<tbody>\n<tr style=\"height: 24.00pt;\">\n<td class=\"et2\" style=\"height: 24.00pt; width: 54.00pt;\" width=\"72\" height=\"32\">Szervetlen pigmentek<\/td>\n<td class=\"et2\" style=\"width: 54.00pt;\" width=\"72\">1-10%<\/td>\n<\/tr>\n<tr style=\"height: 24.00pt;\">\n<td class=\"et2\" style=\"height: 24.00pt; width: 54.00pt;\" width=\"72\" height=\"32\">Szerves pigmentek<\/td>\n<td class=\"et2\" style=\"width: 54.00pt;\" width=\"72\">15-35%<\/td>\n<\/tr>\n<tr style=\"height: 24.00pt;\">\n<td class=\"et2\" style=\"height: 24.00pt; width: 54.00pt;\" width=\"72\" height=\"32\">Sz\u00e9nfekete<\/td>\n<td class=\"et2\" style=\"width: 54.00pt;\" width=\"72\">25-100%<\/td>\n<\/tr>\n<\/tbody>\n<\/table>\n<p>T\u00e1rol\u00e1si stabilit\u00e1s<\/p>\n<p>Bontatlan eredeti csomagol\u00e1sban 24 h\u00f3napig tartand\u00f3. 5 \u00b0C alatti h\u0151m\u00e9rs\u00e9kleten r\u00e9tegz\u0151d\u00e9s \u00e9s zavaross\u00e1g fordulhat el\u0151. A meleg\u00edt\u00e9s \u00e9s a felhaszn\u00e1l\u00e1s el\u0151tti alapos kever\u00e9s nem befoly\u00e1solja a term\u00e9k min\u0151s\u00e9g\u00e9t. A term\u00e9k a t\u00e1rol\u00e1si id\u0151n t\u00fal, \u00e1tesett ellen\u0151rz\u00e9s ut\u00e1n tov\u00e1bb haszn\u00e1lhat\u00f3. Miel\u0151tt a tart\u00e1ly teljesen ki\u00fcr\u00fclne, haszn\u00e1lat ut\u00e1n azonnal szorosan le kell z\u00e1rni.<\/p>\n<p>Csomagol\u00e1s<\/p>\n<p>25KG \/ 180KG.<\/p>\n<h2><strong><b>L\u00e9pjen kapcsolatba vel\u00fcnk most!<\/b><\/strong><\/h2>\n<h4><strong><b>Ha sz\u00fcks\u00e9ge van COA, MSDS vagy TDS OF Levelling agent, k\u00e9rj\u00fck, t\u00f6ltse ki el\u00e9rhet\u0151s\u00e9g\u00e9t az al\u00e1bbi \u0171rlapon, \u00e1ltal\u00e1ban 24 \u00f3r\u00e1n bel\u00fcl felvessz\u00fck \u00d6nnel a kapcsolatot. \u00d6n is k\u00fcldhet nekem e-mailt <span style=\"color: #00ccff;\"><a style=\"color: #00ccff;\" href=\"mailto:info@longchangchemical.com\">info@longchangchemical.com<\/a><\/span> munkaid\u0151ben ( 8:30-18:00 UTC+8 H.-Szombat ) vagy haszn\u00e1lja a weboldal \u00e9l\u0151 chatj\u00e9t, hogy azonnali v\u00e1laszt kapjon.<\/b><\/strong><\/h4>","protected":false},"excerpt":{"rendered":"<p>DP-D2641R \/ diszperg\u00e1l\u00f3szer \u00d6sszet\u00e9tel Polimer blokk-kopolimer oldata pigment affinit\u00e1s\u00fa csoportokkal Megjelen\u00e9s Enyh\u00e9n s\u00e1rga, \u00e1tl\u00e1tsz\u00f3 folyad\u00e9k Old\u00f3szer Dib\u00e1zikus \u00e9szter S\u0171r\u0171s\u00e9g 1,07-1,11 g\/ml (25\u00b11)\u2103 Viszkozit\u00e1s 20-50 s (bevonatos-4 poh\u00e1r m\u00f3dszer) (25\u00b10.2)\u2103 Hat\u00f3anyag-tartalom 45% Lobban\u00e1spont &gt;100 \u2103 Alkalmaz\u00e1si ter\u00fcletek Old\u00f3szer alap\u00fa rendszerek F\u0151 jellemz\u0151k 1\u3001A magas pigmenttartalm\u00fa korom, szerves pigment diszperzi\u00f3ja [...]<\/p>","protected":false},"featured_media":0,"comment_status":"closed","ping_status":"closed","template":"","meta":[],"product_brand":[],"product_cat":[138],"product_tag":[],"class_list":{"0":"post-5980","1":"product","2":"type-product","3":"status-publish","5":"product_cat-coating-and-ink-additives","7":"first","8":"instock","9":"shipping-taxable","10":"product-type-simple"},"yoast_head":"<!-- This site is optimized with the Yoast SEO plugin v25.3.1 - https:\/\/yoast.com\/wordpress\/plugins\/seo\/ -->\n<title>China CHLUMICRYL\u00ae DP-D2641R \/ Dispersant Manufacturer - Longchang Chemical<\/title>\n<meta name=\"description\" content=\"CHLUMICRYL\u00ae DP-D2641R \/ Dispersant is a key product of Longchang Chemical. We provide the best price. We are the leading manufacturer in China with the best quality and competitive price.\" \/>\n<meta name=\"robots\" content=\"index, follow, max-snippet:-1, max-image-preview:large, max-video-preview:-1\" \/>\n<link rel=\"canonical\" href=\"https:\/\/longchangchemical.com\/hu\/product\/agesin-dp-d2641r\/\" \/>\n<meta property=\"og:locale\" content=\"hu_HU\" \/>\n<meta property=\"og:type\" content=\"article\" \/>\n<meta property=\"og:title\" content=\"China CHLUMICRYL\u00ae DP-D2641R \/ Dispersant Manufacturer - Longchang Chemical\" \/>\n<meta property=\"og:description\" content=\"CHLUMICRYL\u00ae DP-D2641R \/ Dispersant is a key product of Longchang Chemical. We provide the best price. We are the leading manufacturer in China with the best quality and competitive price.\" \/>\n<meta property=\"og:url\" content=\"https:\/\/longchangchemical.com\/hu\/product\/agesin-dp-d2641r\/\" \/>\n<meta property=\"og:site_name\" content=\"Longchang Chemical\" \/>\n<meta property=\"article:modified_time\" content=\"2025-04-01T07:10:15+00:00\" \/>\n<meta property=\"og:image\" content=\"https:\/\/longchangchemical.com\/wp-content\/uploads\/2024\/02\/logo-jpeg.jpg\" \/>\n\t<meta property=\"og:image:width\" content=\"1000\" \/>\n\t<meta property=\"og:image:height\" content=\"1000\" \/>\n\t<meta property=\"og:image:type\" content=\"image\/jpeg\" \/>\n<meta name=\"twitter:card\" content=\"summary_large_image\" \/>\n<script type=\"application\/ld+json\" class=\"yoast-schema-graph\">{\"@context\":\"https:\/\/schema.org\",\"@graph\":[{\"@type\":\"WebPage\",\"@id\":\"https:\/\/longchangchemical.com\/product\/agesin-dp-d2641r\/\",\"url\":\"https:\/\/longchangchemical.com\/product\/agesin-dp-d2641r\/\",\"name\":\"China CHLUMICRYL\u00ae DP-D2641R \/ Dispersant Manufacturer - Longchang Chemical\",\"isPartOf\":{\"@id\":\"https:\/\/longchangchemical.com\/#website\"},\"datePublished\":\"2023-03-09T14:50:19+00:00\",\"dateModified\":\"2025-04-01T07:10:15+00:00\",\"description\":\"CHLUMICRYL\u00ae DP-D2641R \/ Dispersant is a key product of Longchang Chemical. We provide the best price. We are the leading manufacturer in China with the best quality and competitive price.\",\"breadcrumb\":{\"@id\":\"https:\/\/longchangchemical.com\/product\/agesin-dp-d2641r\/#breadcrumb\"},\"inLanguage\":\"hu\",\"potentialAction\":[{\"@type\":\"ReadAction\",\"target\":[\"https:\/\/longchangchemical.com\/product\/agesin-dp-d2641r\/\"]}]},{\"@type\":\"BreadcrumbList\",\"@id\":\"https:\/\/longchangchemical.com\/product\/agesin-dp-d2641r\/#breadcrumb\",\"itemListElement\":[{\"@type\":\"ListItem\",\"position\":1,\"name\":\"Home\",\"item\":\"https:\/\/longchangchemical.com\/\"},{\"@type\":\"ListItem\",\"position\":2,\"name\":\"Products Longchang\",\"item\":\"https:\/\/longchangchemical.com\/product\/\"},{\"@type\":\"ListItem\",\"position\":3,\"name\":\"CHLUMICRYL\u00ae DP-D2641R \/ Dispersant\"}]},{\"@type\":\"WebSite\",\"@id\":\"https:\/\/longchangchemical.com\/#website\",\"url\":\"https:\/\/longchangchemical.com\/\",\"name\":\"Longchang Chemical\",\"description\":\"China chemical manufacturer \uff06 supplier\",\"publisher\":{\"@id\":\"https:\/\/longchangchemical.com\/#organization\"},\"potentialAction\":[{\"@type\":\"SearchAction\",\"target\":{\"@type\":\"EntryPoint\",\"urlTemplate\":\"https:\/\/longchangchemical.com\/?s={search_term_string}\"},\"query-input\":{\"@type\":\"PropertyValueSpecification\",\"valueRequired\":true,\"valueName\":\"search_term_string\"}}],\"inLanguage\":\"hu\"},{\"@type\":\"Organization\",\"@id\":\"https:\/\/longchangchemical.com\/#organization\",\"name\":\"Longchang Chemical\",\"url\":\"https:\/\/longchangchemical.com\/\",\"logo\":{\"@type\":\"ImageObject\",\"inLanguage\":\"hu\",\"@id\":\"https:\/\/longchangchemical.com\/#\/schema\/logo\/image\/\",\"url\":\"https:\/\/longchangchemical.com\/wp-content\/uploads\/2020\/08\/cropped-longchang-logo.png\",\"contentUrl\":\"https:\/\/longchangchemical.com\/wp-content\/uploads\/2020\/08\/cropped-longchang-logo.png\",\"width\":512,\"height\":512,\"caption\":\"Longchang Chemical\"},\"image\":{\"@id\":\"https:\/\/longchangchemical.com\/#\/schema\/logo\/image\/\"}}]}<\/script>\n<!-- \/ Yoast SEO plugin. -->","yoast_head_json":{"title":"K\u00edna CHLUMICRYL\u00ae DP-D2641R \/ diszperg\u00e1l\u00f3szer gy\u00e1rt\u00f3ja - Longchang Chemical","description":"A CHLUMICRYL\u00ae DP-D2641R \/ diszperg\u00e1l\u00f3szer a Longchang Chemical egyik legfontosabb term\u00e9ke. Mi biztos\u00edtjuk a legjobb \u00e1rat. Mi vagyunk a vezet\u0151 gy\u00e1rt\u00f3 K\u00edn\u00e1ban a legjobb min\u0151s\u00e9ggel \u00e9s versenyk\u00e9pes \u00e1rral.","robots":{"index":"index","follow":"follow","max-snippet":"max-snippet:-1","max-image-preview":"max-image-preview:large","max-video-preview":"max-video-preview:-1"},"canonical":"https:\/\/longchangchemical.com\/hu\/product\/agesin-dp-d2641r\/","og_locale":"hu_HU","og_type":"article","og_title":"China CHLUMICRYL\u00ae DP-D2641R \/ Dispersant Manufacturer - Longchang Chemical","og_description":"CHLUMICRYL\u00ae DP-D2641R \/ Dispersant is a key product of Longchang Chemical. We provide the best price. We are the leading manufacturer in China with the best quality and competitive price.","og_url":"https:\/\/longchangchemical.com\/hu\/product\/agesin-dp-d2641r\/","og_site_name":"Longchang Chemical","article_modified_time":"2025-04-01T07:10:15+00:00","og_image":[{"width":1000,"height":1000,"url":"https:\/\/longchangchemical.com\/wp-content\/uploads\/2024\/02\/logo-jpeg.jpg","type":"image\/jpeg"}],"twitter_card":"summary_large_image","schema":{"@context":"https:\/\/schema.org","@graph":[{"@type":"WebPage","@id":"https:\/\/longchangchemical.com\/product\/agesin-dp-d2641r\/","url":"https:\/\/longchangchemical.com\/product\/agesin-dp-d2641r\/","name":"K\u00edna CHLUMICRYL\u00ae DP-D2641R \/ diszperg\u00e1l\u00f3szer gy\u00e1rt\u00f3ja - Longchang Chemical","isPartOf":{"@id":"https:\/\/longchangchemical.com\/#website"},"datePublished":"2023-03-09T14:50:19+00:00","dateModified":"2025-04-01T07:10:15+00:00","description":"A CHLUMICRYL\u00ae DP-D2641R \/ diszperg\u00e1l\u00f3szer a Longchang Chemical egyik legfontosabb term\u00e9ke. Mi biztos\u00edtjuk a legjobb \u00e1rat. Mi vagyunk a vezet\u0151 gy\u00e1rt\u00f3 K\u00edn\u00e1ban a legjobb min\u0151s\u00e9ggel \u00e9s versenyk\u00e9pes \u00e1rral.","breadcrumb":{"@id":"https:\/\/longchangchemical.com\/product\/agesin-dp-d2641r\/#breadcrumb"},"inLanguage":"hu","potentialAction":[{"@type":"ReadAction","target":["https:\/\/longchangchemical.com\/product\/agesin-dp-d2641r\/"]}]},{"@type":"BreadcrumbList","@id":"https:\/\/longchangchemical.com\/product\/agesin-dp-d2641r\/#breadcrumb","itemListElement":[{"@type":"ListItem","position":1,"name":"Home","item":"https:\/\/longchangchemical.com\/"},{"@type":"ListItem","position":2,"name":"Products Longchang","item":"https:\/\/longchangchemical.com\/product\/"},{"@type":"ListItem","position":3,"name":"CHLUMICRYL\u00ae DP-D2641R \/ Dispersant"}]},{"@type":"WebSite","@id":"https:\/\/longchangchemical.com\/#website","url":"https:\/\/longchangchemical.com\/","name":"Longchang Chemical","description":"K\u00edna k\u00e9miai gy\u00e1rt\u00f3 \uff06 sz\u00e1ll\u00edt\u00f3","publisher":{"@id":"https:\/\/longchangchemical.com\/#organization"},"potentialAction":[{"@type":"SearchAction","target":{"@type":"EntryPoint","urlTemplate":"https:\/\/longchangchemical.com\/?s={search_term_string}"},"query-input":{"@type":"PropertyValueSpecification","valueRequired":true,"valueName":"search_term_string"}}],"inLanguage":"hu"},{"@type":"Organization","@id":"https:\/\/longchangchemical.com\/#organization","name":"Longchang Chemical","url":"https:\/\/longchangchemical.com\/","logo":{"@type":"ImageObject","inLanguage":"hu","@id":"https:\/\/longchangchemical.com\/#\/schema\/logo\/image\/","url":"https:\/\/longchangchemical.com\/wp-content\/uploads\/2020\/08\/cropped-longchang-logo.png","contentUrl":"https:\/\/longchangchemical.com\/wp-content\/uploads\/2020\/08\/cropped-longchang-logo.png","width":512,"height":512,"caption":"Longchang Chemical"},"image":{"@id":"https:\/\/longchangchemical.com\/#\/schema\/logo\/image\/"}}]}},"_links":{"self":[{"href":"https:\/\/longchangchemical.com\/hu\/wp-json\/wp\/v2\/product\/5980","targetHints":{"allow":["GET"]}}],"collection":[{"href":"https:\/\/longchangchemical.com\/hu\/wp-json\/wp\/v2\/product"}],"about":[{"href":"https:\/\/longchangchemical.com\/hu\/wp-json\/wp\/v2\/types\/product"}],"replies":[{"embeddable":true,"href":"https:\/\/longchangchemical.com\/hu\/wp-json\/wp\/v2\/comments?post=5980"}],"wp:attachment":[{"href":"https:\/\/longchangchemical.com\/hu\/wp-json\/wp\/v2\/media?parent=5980"}],"wp:term":[{"taxonomy":"product_brand","embeddable":true,"href":"https:\/\/longchangchemical.com\/hu\/wp-json\/wp\/v2\/product_brand?post=5980"},{"taxonomy":"product_cat","embeddable":true,"href":"https:\/\/longchangchemical.com\/hu\/wp-json\/wp\/v2\/product_cat?post=5980"},{"taxonomy":"product_tag","embeddable":true,"href":"https:\/\/longchangchemical.com\/hu\/wp-json\/wp\/v2\/product_tag?post=5980"}],"curies":[{"name":"wp","href":"https:\/\/api.w.org\/{rel}","templated":true}]}}