{"id":5974,"date":"2023-03-07T08:04:35","date_gmt":"2023-03-07T08:04:35","guid":{"rendered":"https:\/\/longchangchemical.com\/?post_type=product&#038;p=5974"},"modified":"2026-05-08T02:59:51","modified_gmt":"2026-05-08T02:59:51","slug":"agesindp-d2608r","status":"publish","type":"product","link":"https:\/\/longchangchemical.com\/hu\/product\/agesindp-d2608r\/","title":{"rendered":"CHLUMICRYL\u00ae DP-D2608R \/ diszperg\u00e1l\u00f3szer"},"content":{"rendered":"<h2>DP-D2608R \/ diszperg\u00e1l\u00f3szer<\/h2>\n<table style=\"border-collapse: collapse; width: 261.77pt;\" border=\"0\" width=\"349\" cellspacing=\"0\" cellpadding=\"0\">\n<tbody>\n<tr style=\"height: 13.50pt;\">\n<td class=\"et2\" style=\"height: 13.50pt; width: 92.25pt;\" width=\"123\" height=\"18\">\u00d6sszet\u00e9tel<\/td>\n<td class=\"et2\" style=\"width: 169.50pt;\" width=\"226\">Akril\u00e1t kopolimer oldat<\/td>\n<\/tr>\n<tr style=\"height: 24.00pt;\">\n<td class=\"et2\" style=\"height: 24.00pt; width: 92.25pt;\" width=\"123\" height=\"32\">Megjelen\u00e9s<\/td>\n<td class=\"et2\" style=\"width: 169.50pt;\" width=\"226\">Enyh\u00e9n s\u00e1rg\u00e1t\u00f3l a s\u00e1rg\u00e1ig v\u00e1ltoz\u00f3 sz\u00edn\u0171, \u00e1tl\u00e1tsz\u00f3 folyad\u00e9k<\/td>\n<\/tr>\n<tr style=\"height: 13.50pt;\">\n<td class=\"et2\" style=\"height: 13.50pt; width: 92.25pt;\" width=\"123\" height=\"18\">old\u00f3szer<\/td>\n<td class=\"et2\" style=\"width: 169.50pt;\" width=\"226\">Dipropil\u00e9nglikol-metil-\u00e9ter-acet\u00e1t<\/td>\n<\/tr>\n<tr style=\"height: 13.50pt;\">\n<td class=\"et2\" style=\"height: 13.50pt; width: 92.25pt;\" width=\"123\" height=\"18\">S\u0171r\u0171s\u00e9g<\/td>\n<td class=\"et2\" style=\"width: 169.50pt;\" width=\"226\">0,97-1,01 g\/ml (25\u00b11)\u2103<\/td>\n<\/tr>\n<tr style=\"height: 23.25pt;\">\n<td class=\"et2\" style=\"height: 23.25pt; width: 92.25pt;\" width=\"123\" height=\"31\">Viszkozit\u00e1s<\/td>\n<td class=\"et2\" style=\"width: 169.50pt;\" width=\"226\">10-40 s (bevonat-4 poh\u00e1r m\u00f3dszer) (25\u00b10,2)\u2103<\/td>\n<\/tr>\n<tr style=\"height: 24.00pt;\">\n<td class=\"et2\" style=\"height: 24.00pt; width: 92.25pt;\" width=\"123\" height=\"32\">Hat\u00f3anyag-tartalom<\/td>\n<td class=\"et3\" style=\"width: 169.50pt;\" width=\"226\">60%<\/td>\n<\/tr>\n<tr style=\"height: 13.50pt;\">\n<td class=\"et2\" style=\"height: 13.50pt; width: 92.25pt;\" width=\"123\" height=\"18\">Amin \u00e9rt\u00e9k<\/td>\n<td class=\"et2\" style=\"width: 169.50pt;\" width=\"226\">55-65 mgKOH\/g<\/td>\n<\/tr>\n<tr style=\"height: 13.50pt;\">\n<td class=\"et2\" style=\"height: 13.50pt; width: 92.25pt;\" width=\"123\" height=\"18\">Lobban\u00e1spont<\/td>\n<td class=\"et2\" style=\"width: 169.50pt;\" width=\"226\">&gt;70\u00b0C<\/td>\n<\/tr>\n<\/tbody>\n<\/table>\n<p>&nbsp;<\/p>\n<h2><strong>LA-D2608R Alkalmaz\u00e1si ter\u00fcletek<\/strong><\/h2>\n<p>Old\u00f3szer alap\u00fa, UV-kem\u00e9nyed\u0151 rendszerek<\/p>\n<h2><strong>LA-D2608R F\u0151 jellemz\u0151k<\/strong><\/h2>\n<p>1\u3001Diszperz matt por \u00e9s szervetlen t\u00f6lt\u0151anyag kiv\u00e1l\u00f3 viszkozit\u00e1scs\u00f6kkent\u0151 hat\u00e1ssal.<br \/>\n2\u3001A matt por \u00e9s a t\u00f6lt\u0151anyag diszperzi\u00f3j\u00e1nak \u00e9s stabilit\u00e1s\u00e1nak jav\u00edt\u00e1sa.<br \/>\n3\u3001A matt porra j\u00f3 ir\u00e1ny\u00fa igaz\u00edt\u00f3 hat\u00e1ssal van, \u00e9s hat\u00e9konyan cs\u00f6kkenti a f\u00e9nyess\u00e9get.<br \/>\n4\u3001L\u00fagos pigment-affinit\u00e1si csoportja miatt kompatibilis a legt\u00f6bb matt porral \u00e9s m\u00e1s szervetlen t\u00f6lt\u0151anyaggal.<\/p>\n<h2><strong>LA-D2608R Haszn\u00e1lati m\u00f3dszer<\/strong><\/h2>\n<p>Keverje j\u00f3l \u00f6ssze a gyant\u00e1t, az old\u00f3szert \u00e9s a diszperg\u00e1l\u00f3szert, majd adjon hozz\u00e1 sz\u00ednes t\u00f6lt\u0151anyagot vagy matt port, \u00e9s keverje j\u00f3l \u00f6ssze, majd nagy sebess\u00e9ggel diszperg\u00e1lja.<\/p>\n<h2><strong>LA-D2608R Aj\u00e1nlott adagol\u00e1s<\/strong><\/h2>\n<p>3-15% matt porhoz adal\u00e9kanyag-ell\u00e1t\u00e1s form\u00e1j\u00e1ban<\/p>\n<h2><strong>LA-D2608R T\u00e1rol\u00e1si stabilit\u00e1s<\/strong><\/h2>\n<p>24 h\u00f3nap bontatlan eredeti csomagol\u00e1sban. A t\u00e1rol\u00e1si id\u0151szak t\u00fall\u00e9p\u00e9se ut\u00e1n a term\u00e9k az ellen\u0151rz\u00e9sen val\u00f3 \u00e1tes\u00e9s ut\u00e1n tov\u00e1bb haszn\u00e1lhat\u00f3. Miel\u0151tt a tart\u00e1ly teljesen ki\u00fcr\u00fclne, haszn\u00e1lat ut\u00e1n azonnal szorosan le kell z\u00e1rni.<\/p>\n<h2><strong>LA-D2608R csomag<\/strong><\/h2>\n<p>25KG \/ 180KG.<\/p>\n<h2><strong><b>L\u00e9pjen kapcsolatba vel\u00fcnk most!<\/b><\/strong><\/h2>\n<h4><strong><b>Ha sz\u00fcks\u00e9ge van COA, MSDS vagy TDS OF Levelling agent, k\u00e9rj\u00fck, t\u00f6ltse ki el\u00e9rhet\u0151s\u00e9g\u00e9t az al\u00e1bbi \u0171rlapon, \u00e1ltal\u00e1ban 24 \u00f3r\u00e1n bel\u00fcl felvessz\u00fck \u00d6nnel a kapcsolatot. \u00d6n is k\u00fcldhet nekem e-mailt <span style=\"color: #00ccff;\"><a style=\"color: #00ccff;\" href=\"mailto:info@longchangchemical.com\">info@longchangchemical.com<\/a><\/span> munkaid\u0151ben ( 8:30-18:00 UTC+8 H.-Szombat ) vagy haszn\u00e1lja a weboldal \u00e9l\u0151 chatj\u00e9t, hogy azonnali v\u00e1laszt kapjon.<\/b><\/strong><\/h4>","protected":false},"excerpt":{"rendered":"<p>DP-D2608R \/ diszperg\u00e1l\u00f3szer \u00d6sszet\u00e9tel Akril\u00e1t-kopolimer oldat Megjelen\u00e9s Enyh\u00e9n s\u00e1rg\u00e1t\u00f3l a s\u00e1rg\u00e1ig terjed\u0151 sz\u00edn\u0171, \u00e1tl\u00e1tsz\u00f3 folyad\u00e9k Old\u00f3szer Dipropil\u00e9nglikol-metil-\u00e9ter-acet\u00e1t S\u0171r\u0171s\u00e9g 0,97-1,01 g\/ml (25\u00b11)\u2103 Viszkozit\u00e1s 10-40 s (bevonat-4 cs\u00e9sze m\u00f3dszer) (25\u00b10.2)\u2103 Hat\u00f3anyagtartalom 60% Amin\u00e9rt\u00e9k 55-65 mgKOH\/g Lobban\u00e1spont &gt;70\u00b0C LA-D2608R Alkalmaz\u00e1si ter\u00fcletek Old\u00f3szer alap\u00fa, UV-h\u00f3gy\u00edthat\u00f3 rendszerek LA-D2608R F\u0151 jellemz\u0151k 1\u3001Diszperz matt por [...]<\/p>","protected":false},"featured_media":0,"comment_status":"closed","ping_status":"closed","template":"","meta":[],"product_brand":[],"product_cat":[138],"product_tag":[],"class_list":{"0":"post-5974","1":"product","2":"type-product","3":"status-publish","5":"product_cat-coating-and-ink-additives","7":"first","8":"instock","9":"shipping-taxable","10":"product-type-simple"},"yoast_head":"<!-- This site is optimized with the Yoast SEO plugin v25.3.1 - https:\/\/yoast.com\/wordpress\/plugins\/seo\/ -->\n<title>China CHLUMICRYL\u00ae DP-D2608R \/ Dispersant Manufacturer - Longchang Chemical<\/title>\n<meta name=\"description\" content=\"CHLUMICRYL\u00ae DP-D2608R \/ Dispersant is a key product of Longchang Chemical. We provide the best price. We are the leading manufacturer in China with the best quality and competitive price.\" \/>\n<meta name=\"robots\" content=\"index, follow, max-snippet:-1, max-image-preview:large, max-video-preview:-1\" \/>\n<link rel=\"canonical\" href=\"https:\/\/longchangchemical.com\/hu\/product\/agesindp-d2608r\/\" \/>\n<meta property=\"og:locale\" content=\"hu_HU\" \/>\n<meta property=\"og:type\" content=\"article\" \/>\n<meta property=\"og:title\" content=\"China CHLUMICRYL\u00ae DP-D2608R \/ Dispersant Manufacturer - Longchang Chemical\" \/>\n<meta property=\"og:description\" content=\"CHLUMICRYL\u00ae DP-D2608R \/ Dispersant is a key product of Longchang Chemical. We provide the best price. We are the leading manufacturer in China with the best quality and competitive price.\" \/>\n<meta property=\"og:url\" content=\"https:\/\/longchangchemical.com\/hu\/product\/agesindp-d2608r\/\" \/>\n<meta property=\"og:site_name\" content=\"Longchang Chemical\" \/>\n<meta property=\"article:modified_time\" content=\"2026-05-08T02:59:51+00:00\" \/>\n<meta property=\"og:image\" content=\"https:\/\/longchangchemical.com\/wp-content\/uploads\/2024\/02\/logo-jpeg.jpg\" \/>\n\t<meta property=\"og:image:width\" content=\"1000\" \/>\n\t<meta property=\"og:image:height\" content=\"1000\" \/>\n\t<meta property=\"og:image:type\" content=\"image\/jpeg\" \/>\n<meta name=\"twitter:card\" content=\"summary_large_image\" \/>\n<script type=\"application\/ld+json\" class=\"yoast-schema-graph\">{\"@context\":\"https:\/\/schema.org\",\"@graph\":[{\"@type\":\"WebPage\",\"@id\":\"https:\/\/longchangchemical.com\/product\/agesindp-d2608r\/\",\"url\":\"https:\/\/longchangchemical.com\/product\/agesindp-d2608r\/\",\"name\":\"China CHLUMICRYL\u00ae DP-D2608R \/ Dispersant Manufacturer - Longchang Chemical\",\"isPartOf\":{\"@id\":\"https:\/\/longchangchemical.com\/#website\"},\"datePublished\":\"2023-03-07T08:04:35+00:00\",\"dateModified\":\"2026-05-08T02:59:51+00:00\",\"description\":\"CHLUMICRYL\u00ae DP-D2608R \/ Dispersant is a key product of Longchang Chemical. We provide the best price. We are the leading manufacturer in China with the best quality and competitive price.\",\"breadcrumb\":{\"@id\":\"https:\/\/longchangchemical.com\/product\/agesindp-d2608r\/#breadcrumb\"},\"inLanguage\":\"hu\",\"potentialAction\":[{\"@type\":\"ReadAction\",\"target\":[\"https:\/\/longchangchemical.com\/product\/agesindp-d2608r\/\"]}]},{\"@type\":\"BreadcrumbList\",\"@id\":\"https:\/\/longchangchemical.com\/product\/agesindp-d2608r\/#breadcrumb\",\"itemListElement\":[{\"@type\":\"ListItem\",\"position\":1,\"name\":\"Home\",\"item\":\"https:\/\/longchangchemical.com\/\"},{\"@type\":\"ListItem\",\"position\":2,\"name\":\"Products Longchang\",\"item\":\"https:\/\/longchangchemical.com\/product\/\"},{\"@type\":\"ListItem\",\"position\":3,\"name\":\"CHLUMICRYL\u00ae DP-D2608R \/ Dispersant\"}]},{\"@type\":\"WebSite\",\"@id\":\"https:\/\/longchangchemical.com\/#website\",\"url\":\"https:\/\/longchangchemical.com\/\",\"name\":\"Longchang Chemical\",\"description\":\"China chemical manufacturer \uff06 supplier\",\"publisher\":{\"@id\":\"https:\/\/longchangchemical.com\/#organization\"},\"potentialAction\":[{\"@type\":\"SearchAction\",\"target\":{\"@type\":\"EntryPoint\",\"urlTemplate\":\"https:\/\/longchangchemical.com\/?s={search_term_string}\"},\"query-input\":{\"@type\":\"PropertyValueSpecification\",\"valueRequired\":true,\"valueName\":\"search_term_string\"}}],\"inLanguage\":\"hu\"},{\"@type\":\"Organization\",\"@id\":\"https:\/\/longchangchemical.com\/#organization\",\"name\":\"Longchang Chemical\",\"url\":\"https:\/\/longchangchemical.com\/\",\"logo\":{\"@type\":\"ImageObject\",\"inLanguage\":\"hu\",\"@id\":\"https:\/\/longchangchemical.com\/#\/schema\/logo\/image\/\",\"url\":\"https:\/\/longchangchemical.com\/wp-content\/uploads\/2020\/08\/cropped-longchang-logo.png\",\"contentUrl\":\"https:\/\/longchangchemical.com\/wp-content\/uploads\/2020\/08\/cropped-longchang-logo.png\",\"width\":512,\"height\":512,\"caption\":\"Longchang Chemical\"},\"image\":{\"@id\":\"https:\/\/longchangchemical.com\/#\/schema\/logo\/image\/\"}}]}<\/script>\n<!-- \/ Yoast SEO plugin. -->","yoast_head_json":{"title":"K\u00edna CHLUMICRYL\u00ae DP-D2608R \/ diszperg\u00e1l\u00f3szer gy\u00e1rt\u00f3ja - Longchang Chemical","description":"A CHLUMICRYL\u00ae DP-D2608R \/ diszperg\u00e1l\u00f3szer a Longchang Chemical egyik legfontosabb term\u00e9ke. Mi biztos\u00edtjuk a legjobb \u00e1rat. Mi vagyunk a vezet\u0151 gy\u00e1rt\u00f3 K\u00edn\u00e1ban a legjobb min\u0151s\u00e9ggel \u00e9s versenyk\u00e9pes \u00e1rral.","robots":{"index":"index","follow":"follow","max-snippet":"max-snippet:-1","max-image-preview":"max-image-preview:large","max-video-preview":"max-video-preview:-1"},"canonical":"https:\/\/longchangchemical.com\/hu\/product\/agesindp-d2608r\/","og_locale":"hu_HU","og_type":"article","og_title":"China CHLUMICRYL\u00ae DP-D2608R \/ Dispersant Manufacturer - Longchang Chemical","og_description":"CHLUMICRYL\u00ae DP-D2608R \/ Dispersant is a key product of Longchang Chemical. We provide the best price. We are the leading manufacturer in China with the best quality and competitive price.","og_url":"https:\/\/longchangchemical.com\/hu\/product\/agesindp-d2608r\/","og_site_name":"Longchang Chemical","article_modified_time":"2026-05-08T02:59:51+00:00","og_image":[{"width":1000,"height":1000,"url":"https:\/\/longchangchemical.com\/wp-content\/uploads\/2024\/02\/logo-jpeg.jpg","type":"image\/jpeg"}],"twitter_card":"summary_large_image","schema":{"@context":"https:\/\/schema.org","@graph":[{"@type":"WebPage","@id":"https:\/\/longchangchemical.com\/product\/agesindp-d2608r\/","url":"https:\/\/longchangchemical.com\/product\/agesindp-d2608r\/","name":"K\u00edna CHLUMICRYL\u00ae DP-D2608R \/ diszperg\u00e1l\u00f3szer gy\u00e1rt\u00f3ja - Longchang Chemical","isPartOf":{"@id":"https:\/\/longchangchemical.com\/#website"},"datePublished":"2023-03-07T08:04:35+00:00","dateModified":"2026-05-08T02:59:51+00:00","description":"A CHLUMICRYL\u00ae DP-D2608R \/ diszperg\u00e1l\u00f3szer a Longchang Chemical egyik legfontosabb term\u00e9ke. Mi biztos\u00edtjuk a legjobb \u00e1rat. Mi vagyunk a vezet\u0151 gy\u00e1rt\u00f3 K\u00edn\u00e1ban a legjobb min\u0151s\u00e9ggel \u00e9s versenyk\u00e9pes \u00e1rral.","breadcrumb":{"@id":"https:\/\/longchangchemical.com\/product\/agesindp-d2608r\/#breadcrumb"},"inLanguage":"hu","potentialAction":[{"@type":"ReadAction","target":["https:\/\/longchangchemical.com\/product\/agesindp-d2608r\/"]}]},{"@type":"BreadcrumbList","@id":"https:\/\/longchangchemical.com\/product\/agesindp-d2608r\/#breadcrumb","itemListElement":[{"@type":"ListItem","position":1,"name":"Home","item":"https:\/\/longchangchemical.com\/"},{"@type":"ListItem","position":2,"name":"Products Longchang","item":"https:\/\/longchangchemical.com\/product\/"},{"@type":"ListItem","position":3,"name":"CHLUMICRYL\u00ae DP-D2608R \/ Dispersant"}]},{"@type":"WebSite","@id":"https:\/\/longchangchemical.com\/#website","url":"https:\/\/longchangchemical.com\/","name":"Longchang Chemical","description":"K\u00edna k\u00e9miai gy\u00e1rt\u00f3 \uff06 sz\u00e1ll\u00edt\u00f3","publisher":{"@id":"https:\/\/longchangchemical.com\/#organization"},"potentialAction":[{"@type":"SearchAction","target":{"@type":"EntryPoint","urlTemplate":"https:\/\/longchangchemical.com\/?s={search_term_string}"},"query-input":{"@type":"PropertyValueSpecification","valueRequired":true,"valueName":"search_term_string"}}],"inLanguage":"hu"},{"@type":"Organization","@id":"https:\/\/longchangchemical.com\/#organization","name":"Longchang Chemical","url":"https:\/\/longchangchemical.com\/","logo":{"@type":"ImageObject","inLanguage":"hu","@id":"https:\/\/longchangchemical.com\/#\/schema\/logo\/image\/","url":"https:\/\/longchangchemical.com\/wp-content\/uploads\/2020\/08\/cropped-longchang-logo.png","contentUrl":"https:\/\/longchangchemical.com\/wp-content\/uploads\/2020\/08\/cropped-longchang-logo.png","width":512,"height":512,"caption":"Longchang Chemical"},"image":{"@id":"https:\/\/longchangchemical.com\/#\/schema\/logo\/image\/"}}]}},"_links":{"self":[{"href":"https:\/\/longchangchemical.com\/hu\/wp-json\/wp\/v2\/product\/5974","targetHints":{"allow":["GET"]}}],"collection":[{"href":"https:\/\/longchangchemical.com\/hu\/wp-json\/wp\/v2\/product"}],"about":[{"href":"https:\/\/longchangchemical.com\/hu\/wp-json\/wp\/v2\/types\/product"}],"replies":[{"embeddable":true,"href":"https:\/\/longchangchemical.com\/hu\/wp-json\/wp\/v2\/comments?post=5974"}],"wp:attachment":[{"href":"https:\/\/longchangchemical.com\/hu\/wp-json\/wp\/v2\/media?parent=5974"}],"wp:term":[{"taxonomy":"product_brand","embeddable":true,"href":"https:\/\/longchangchemical.com\/hu\/wp-json\/wp\/v2\/product_brand?post=5974"},{"taxonomy":"product_cat","embeddable":true,"href":"https:\/\/longchangchemical.com\/hu\/wp-json\/wp\/v2\/product_cat?post=5974"},{"taxonomy":"product_tag","embeddable":true,"href":"https:\/\/longchangchemical.com\/hu\/wp-json\/wp\/v2\/product_tag?post=5974"}],"curies":[{"name":"wp","href":"https:\/\/api.w.org\/{rel}","templated":true}]}}