{"id":5973,"date":"2023-03-06T12:53:24","date_gmt":"2023-03-06T12:53:24","guid":{"rendered":"https:\/\/longchangchemical.com\/?post_type=product&#038;p=5973"},"modified":"2026-05-08T02:59:51","modified_gmt":"2026-05-08T02:59:51","slug":"agesin-dp-d2792","status":"publish","type":"product","link":"https:\/\/longchangchemical.com\/hu\/product\/agesin-dp-d2792\/","title":{"rendered":"CHLUMICRYL\u00ae DP-D2792 \/ diszperg\u00e1l\u00f3szer"},"content":{"rendered":"<h2><strong>DP-D2792 \/ diszperg\u00e1l\u00f3szer<\/strong><\/h2>\n<h2><strong>DP-D2792 Alkalmaz\u00e1si ter\u00fcletek<\/strong><\/h2>\n<p>V\u00edzalap\u00fa rendszerek<\/p>\n<h2><strong>DP-D2792 F\u0151 jellemz\u0151k<\/strong><\/h2>\n<p>APEO-mentes.<br \/>\nSzervetlen \u00e9s szerves pigmentek \u00e9s korom hat\u00e9kony nedves\u00edt\u00e9se \u00e9s diszperg\u00e1l\u00e1sa.<br \/>\nJ\u00f3 viszkozit\u00e1scs\u00f6kkent\u0151 hat\u00e1s, a sz\u00ednpaszta kiegyenl\u00edt\u0151d\u00e9s\u00e9nek \u00e9s pigmenttartalm\u00e1nak jav\u00edt\u00e1sa.<br \/>\nKiv\u00e1l\u00f3 pigmentsz\u00f3r\u00f3 tulajdons\u00e1g.<br \/>\nSz\u00e1mos v\u00edzb\u00e1zis\u00fa gyantarendszerben haszn\u00e1lhat\u00f3.<\/p>\n<h2><strong>DP-D2792 Haszn\u00e1lati m\u00f3dszer<\/strong><\/h2>\n<p>A diszperg\u00e1l\u00f3szert hozz\u00e1 kell adni az \u0151rlem\u00e9nyhez, \u00e9s j\u00f3l \u00f6ssze kell keverni, majd hozz\u00e1adni a pigmentet az \u0151rl\u00e9shez \u00e9s a diszperg\u00e1l\u00e1shoz.<\/p>\n<h2><strong>DP-D2792 T\u00e1rol\u00e1si stabilit\u00e1s<\/strong><\/h2>\n<p>Bontatlan eredeti csomagol\u00e1sban 24 h\u00f3napig tartand\u00f3. A t\u00e1rol\u00e1si id\u0151 t\u00fall\u00e9p\u00e9se ut\u00e1n a term\u00e9k az ellen\u0151rz\u00e9sen val\u00f3 \u00e1tes\u00e9s ut\u00e1n tov\u00e1bb haszn\u00e1lhat\u00f3. Miel\u0151tt a tart\u00e1ly teljesen ki\u00fcr\u00fclne, haszn\u00e1lat ut\u00e1n azonnal szorosan le kell z\u00e1rni.<\/p>\n<h2><strong>DP-D2792 csomag<\/strong><\/h2>\n<p><strong>25KG \/ 200KG<\/strong><\/p>\n<h2><strong><b>L\u00e9pjen kapcsolatba vel\u00fcnk most!<\/b><\/strong><\/h2>\n<h4><strong><b>Ha COA, MSDS vagy TDS-re van sz\u00fcks\u00e9ge, k\u00e9rj\u00fck, t\u00f6ltse ki el\u00e9rhet\u0151s\u00e9g\u00e9t az al\u00e1bbi \u0171rlapon, \u00e1ltal\u00e1ban 24 \u00f3r\u00e1n bel\u00fcl felvessz\u00fck \u00d6nnel a kapcsolatot. \u00d6n is k\u00fcldhet nekem e-mailt<span style=\"color: #00ccff;\"> <a style=\"color: #00ccff;\" href=\"mailto:info@longchangchemical.com\">info@longchangchemical.com<\/a><\/span> munkaid\u0151ben ( 8:30-18:00 UTC+8 H.-Szombat ) vagy haszn\u00e1lja a weboldal \u00e9l\u0151 chatj\u00e9t, hogy azonnali v\u00e1laszt kapjon.<\/b><\/strong><\/h4>","protected":false},"excerpt":{"rendered":"<p>\u00d6sszet\u00e9tel: pol\u00e1ros csoportokat tartalmaz\u00f3 kopolimer oldat<br \/>\nMegjelen\u00e9s: Enyh\u00e9n s\u00e1rg\u00e1t\u00f3l a s\u00e1rg\u00e1ig v\u00e1ltoz\u00f3 sz\u00edn\u0171, \u00e1tl\u00e1tsz\u00f3 folyad\u00e9k<br \/>\nOld\u00f3szer: V\u00edz\/Dipropil\u00e9nglikol-metil\u00e9ter<br \/>\nS\u0171r\u0171s\u00e9g: 1,08-1,12 g\/ml (25\u00b11)\u2103<br \/>\nViszkozit\u00e1s: 500-2000mPa-s (rot\u00e1ci\u00f3s viszkozim\u00e9teres m\u00f3dszerrel) (25\u00b10,2)\u2103<br \/>\nSzil\u00e1rd tartalom: (140 \u2103 2h)<br \/>\nLobban\u00e1spont: \u226570\u2103<\/p>","protected":false},"featured_media":0,"comment_status":"closed","ping_status":"closed","template":"","meta":[],"product_brand":[],"product_cat":[138],"product_tag":[],"class_list":{"0":"post-5973","1":"product","2":"type-product","3":"status-publish","5":"product_cat-coating-and-ink-additives","7":"first","8":"instock","9":"shipping-taxable","10":"product-type-simple"},"yoast_head":"<!-- This site is optimized with the Yoast SEO plugin v25.3.1 - https:\/\/yoast.com\/wordpress\/plugins\/seo\/ -->\n<title>DP-D2792 Dispersant Coating Additive | Longchang Chemical<\/title>\n<meta name=\"description\" content=\"DP-D2792 Dispersant Coating Additive is a coating additive for characteristics APEO-free. Key benefits include APEO-free. Effective wetting and dispersing\" \/>\n<meta name=\"robots\" content=\"index, follow, max-snippet:-1, max-image-preview:large, max-video-preview:-1\" \/>\n<link rel=\"canonical\" href=\"https:\/\/longchangchemical.com\/hu\/product\/agesin-dp-d2792\/\" \/>\n<meta property=\"og:locale\" content=\"hu_HU\" \/>\n<meta property=\"og:type\" content=\"article\" \/>\n<meta property=\"og:title\" content=\"DP-D2792 Dispersant Coating Additive | Longchang Chemical\" \/>\n<meta property=\"og:description\" content=\"DP-D2792 Dispersant Coating Additive is a coating additive for characteristics APEO-free. Key benefits include APEO-free. Effective wetting and dispersing\" \/>\n<meta property=\"og:url\" content=\"https:\/\/longchangchemical.com\/hu\/product\/agesin-dp-d2792\/\" \/>\n<meta property=\"og:site_name\" content=\"Longchang Chemical\" \/>\n<meta property=\"article:modified_time\" content=\"2026-05-08T02:59:51+00:00\" \/>\n<meta property=\"og:image\" content=\"https:\/\/longchangchemical.com\/wp-content\/uploads\/2024\/02\/logo-jpeg.jpg\" \/>\n\t<meta property=\"og:image:width\" content=\"1000\" \/>\n\t<meta property=\"og:image:height\" content=\"1000\" \/>\n\t<meta property=\"og:image:type\" content=\"image\/jpeg\" \/>\n<meta name=\"twitter:card\" content=\"summary_large_image\" \/>\n<script type=\"application\/ld+json\" class=\"yoast-schema-graph\">{\"@context\":\"https:\/\/schema.org\",\"@graph\":[{\"@type\":\"WebPage\",\"@id\":\"https:\/\/longchangchemical.com\/product\/agesin-dp-d2792\/\",\"url\":\"https:\/\/longchangchemical.com\/product\/agesin-dp-d2792\/\",\"name\":\"DP-D2792 Dispersant Coating Additive | Longchang Chemical\",\"isPartOf\":{\"@id\":\"https:\/\/longchangchemical.com\/#website\"},\"datePublished\":\"2023-03-06T12:53:24+00:00\",\"dateModified\":\"2026-05-08T02:59:51+00:00\",\"description\":\"DP-D2792 Dispersant Coating Additive is a coating additive for characteristics APEO-free. Key benefits include APEO-free. Effective wetting and dispersing\",\"breadcrumb\":{\"@id\":\"https:\/\/longchangchemical.com\/product\/agesin-dp-d2792\/#breadcrumb\"},\"inLanguage\":\"hu\",\"potentialAction\":[{\"@type\":\"ReadAction\",\"target\":[\"https:\/\/longchangchemical.com\/product\/agesin-dp-d2792\/\"]}]},{\"@type\":\"BreadcrumbList\",\"@id\":\"https:\/\/longchangchemical.com\/product\/agesin-dp-d2792\/#breadcrumb\",\"itemListElement\":[{\"@type\":\"ListItem\",\"position\":1,\"name\":\"Home\",\"item\":\"https:\/\/longchangchemical.com\/\"},{\"@type\":\"ListItem\",\"position\":2,\"name\":\"Products Longchang\",\"item\":\"https:\/\/longchangchemical.com\/product\/\"},{\"@type\":\"ListItem\",\"position\":3,\"name\":\"CHLUMICRYL\u00ae DP-D2792 \/ Dispersant\"}]},{\"@type\":\"WebSite\",\"@id\":\"https:\/\/longchangchemical.com\/#website\",\"url\":\"https:\/\/longchangchemical.com\/\",\"name\":\"Longchang Chemical\",\"description\":\"China chemical manufacturer \uff06 supplier\",\"publisher\":{\"@id\":\"https:\/\/longchangchemical.com\/#organization\"},\"potentialAction\":[{\"@type\":\"SearchAction\",\"target\":{\"@type\":\"EntryPoint\",\"urlTemplate\":\"https:\/\/longchangchemical.com\/?s={search_term_string}\"},\"query-input\":{\"@type\":\"PropertyValueSpecification\",\"valueRequired\":true,\"valueName\":\"search_term_string\"}}],\"inLanguage\":\"hu\"},{\"@type\":\"Organization\",\"@id\":\"https:\/\/longchangchemical.com\/#organization\",\"name\":\"Longchang Chemical\",\"url\":\"https:\/\/longchangchemical.com\/\",\"logo\":{\"@type\":\"ImageObject\",\"inLanguage\":\"hu\",\"@id\":\"https:\/\/longchangchemical.com\/#\/schema\/logo\/image\/\",\"url\":\"https:\/\/longchangchemical.com\/wp-content\/uploads\/2020\/08\/cropped-longchang-logo.png\",\"contentUrl\":\"https:\/\/longchangchemical.com\/wp-content\/uploads\/2020\/08\/cropped-longchang-logo.png\",\"width\":512,\"height\":512,\"caption\":\"Longchang Chemical\"},\"image\":{\"@id\":\"https:\/\/longchangchemical.com\/#\/schema\/logo\/image\/\"}}]}<\/script>\n<!-- \/ Yoast SEO plugin. -->","yoast_head_json":{"title":"DP-D2792 Dispersant Coating Additive | Longchang Chemical","description":"DP-D2792 Dispersant Coating Additive is a coating additive for characteristics APEO-free. Key benefits include APEO-free. Effective wetting and dispersing","robots":{"index":"index","follow":"follow","max-snippet":"max-snippet:-1","max-image-preview":"max-image-preview:large","max-video-preview":"max-video-preview:-1"},"canonical":"https:\/\/longchangchemical.com\/hu\/product\/agesin-dp-d2792\/","og_locale":"hu_HU","og_type":"article","og_title":"DP-D2792 Dispersant Coating Additive | Longchang Chemical","og_description":"DP-D2792 Dispersant Coating Additive is a coating additive for characteristics APEO-free. Key benefits include APEO-free. Effective wetting and dispersing","og_url":"https:\/\/longchangchemical.com\/hu\/product\/agesin-dp-d2792\/","og_site_name":"Longchang Chemical","article_modified_time":"2026-05-08T02:59:51+00:00","og_image":[{"width":1000,"height":1000,"url":"https:\/\/longchangchemical.com\/wp-content\/uploads\/2024\/02\/logo-jpeg.jpg","type":"image\/jpeg"}],"twitter_card":"summary_large_image","schema":{"@context":"https:\/\/schema.org","@graph":[{"@type":"WebPage","@id":"https:\/\/longchangchemical.com\/product\/agesin-dp-d2792\/","url":"https:\/\/longchangchemical.com\/product\/agesin-dp-d2792\/","name":"DP-D2792 Dispersant Coating Additive | Longchang Chemical","isPartOf":{"@id":"https:\/\/longchangchemical.com\/#website"},"datePublished":"2023-03-06T12:53:24+00:00","dateModified":"2026-05-08T02:59:51+00:00","description":"DP-D2792 Dispersant Coating Additive is a coating additive for characteristics APEO-free. Key benefits include APEO-free. Effective wetting and dispersing","breadcrumb":{"@id":"https:\/\/longchangchemical.com\/product\/agesin-dp-d2792\/#breadcrumb"},"inLanguage":"hu","potentialAction":[{"@type":"ReadAction","target":["https:\/\/longchangchemical.com\/product\/agesin-dp-d2792\/"]}]},{"@type":"BreadcrumbList","@id":"https:\/\/longchangchemical.com\/product\/agesin-dp-d2792\/#breadcrumb","itemListElement":[{"@type":"ListItem","position":1,"name":"Home","item":"https:\/\/longchangchemical.com\/"},{"@type":"ListItem","position":2,"name":"Products Longchang","item":"https:\/\/longchangchemical.com\/product\/"},{"@type":"ListItem","position":3,"name":"CHLUMICRYL\u00ae DP-D2792 \/ Dispersant"}]},{"@type":"WebSite","@id":"https:\/\/longchangchemical.com\/#website","url":"https:\/\/longchangchemical.com\/","name":"Longchang Chemical","description":"K\u00edna k\u00e9miai gy\u00e1rt\u00f3 \uff06 sz\u00e1ll\u00edt\u00f3","publisher":{"@id":"https:\/\/longchangchemical.com\/#organization"},"potentialAction":[{"@type":"SearchAction","target":{"@type":"EntryPoint","urlTemplate":"https:\/\/longchangchemical.com\/?s={search_term_string}"},"query-input":{"@type":"PropertyValueSpecification","valueRequired":true,"valueName":"search_term_string"}}],"inLanguage":"hu"},{"@type":"Organization","@id":"https:\/\/longchangchemical.com\/#organization","name":"Longchang Chemical","url":"https:\/\/longchangchemical.com\/","logo":{"@type":"ImageObject","inLanguage":"hu","@id":"https:\/\/longchangchemical.com\/#\/schema\/logo\/image\/","url":"https:\/\/longchangchemical.com\/wp-content\/uploads\/2020\/08\/cropped-longchang-logo.png","contentUrl":"https:\/\/longchangchemical.com\/wp-content\/uploads\/2020\/08\/cropped-longchang-logo.png","width":512,"height":512,"caption":"Longchang Chemical"},"image":{"@id":"https:\/\/longchangchemical.com\/#\/schema\/logo\/image\/"}}]}},"_links":{"self":[{"href":"https:\/\/longchangchemical.com\/hu\/wp-json\/wp\/v2\/product\/5973","targetHints":{"allow":["GET"]}}],"collection":[{"href":"https:\/\/longchangchemical.com\/hu\/wp-json\/wp\/v2\/product"}],"about":[{"href":"https:\/\/longchangchemical.com\/hu\/wp-json\/wp\/v2\/types\/product"}],"replies":[{"embeddable":true,"href":"https:\/\/longchangchemical.com\/hu\/wp-json\/wp\/v2\/comments?post=5973"}],"wp:attachment":[{"href":"https:\/\/longchangchemical.com\/hu\/wp-json\/wp\/v2\/media?parent=5973"}],"wp:term":[{"taxonomy":"product_brand","embeddable":true,"href":"https:\/\/longchangchemical.com\/hu\/wp-json\/wp\/v2\/product_brand?post=5973"},{"taxonomy":"product_cat","embeddable":true,"href":"https:\/\/longchangchemical.com\/hu\/wp-json\/wp\/v2\/product_cat?post=5973"},{"taxonomy":"product_tag","embeddable":true,"href":"https:\/\/longchangchemical.com\/hu\/wp-json\/wp\/v2\/product_tag?post=5973"}],"curies":[{"name":"wp","href":"https:\/\/api.w.org\/{rel}","templated":true}]}}