{"id":5962,"date":"2023-03-02T12:16:50","date_gmt":"2023-03-02T12:16:50","guid":{"rendered":"https:\/\/longchangchemical.com\/?post_type=product&#038;p=5962"},"modified":"2025-04-01T07:10:33","modified_gmt":"2025-04-01T07:10:33","slug":"agesin-dp-d2791-dispersant","status":"publish","type":"product","link":"https:\/\/longchangchemical.com\/hu\/product\/agesin-dp-d2791-dispersant\/","title":{"rendered":"CHLUMICRYL\u00ae DP-D2791 \/ diszperg\u00e1l\u00f3szer"},"content":{"rendered":"<h2><strong>Alkalmaz\u00e1si ter\u00fcletek<\/strong><\/h2>\n<p>V\u00edzalap\u00fa rendszer<\/p>\n<h2><strong>F\u0151bb jellemz\u0151k<\/strong><\/h2>\n<p>VOC- \u00e9s APEO-mentes.<br \/>\nSzervetlen \u00e9s szerves pigmentek hat\u00e9kony nedves\u00edt\u00e9se \u00e9s diszperg\u00e1l\u00e1sa.<br \/>\nJ\u00f3 viszkozit\u00e1scs\u00f6kkent\u0151 hat\u00e1s, jav\u00edthatja a sz\u00ednpaszta kiegyenl\u00edt\u00e9s\u00e9t \u00e9s pigmenttartalm\u00e1t.<br \/>\nKiv\u00e1l\u00f3 pigmentsz\u00f3r\u00f3 tulajdons\u00e1gok.<br \/>\nSz\u00e1mos v\u00edzb\u00e1zis\u00fa gyantarendszerben haszn\u00e1lhat\u00f3.<\/p>\n<p>&nbsp;<\/p>\n<h2><strong>M\u00f3dszer haszn\u00e1lata<\/strong><\/h2>\n<p>A diszperg\u00e1l\u00f3szert hozz\u00e1 kell adni az \u0151rlem\u00e9nyhez, \u00e9s j\u00f3l \u00f6ssze kell keverni, majd hozz\u00e1adni a pigmentet az \u0151rl\u00e9shez \u00e9s a diszperg\u00e1l\u00e1shoz.<\/p>\n<p>&nbsp;<\/p>\n<h2><strong>T\u00e1rol\u00e1si stabilit\u00e1s<\/strong><\/h2>\n<p>Bontatlan eredeti csomagol\u00e1sban 24 h\u00f3napig tartand\u00f3. A t\u00e1rol\u00e1si id\u0151 t\u00fall\u00e9p\u00e9se ut\u00e1n a term\u00e9k az ellen\u0151rz\u00e9sen val\u00f3 \u00e1tes\u00e9s ut\u00e1n tov\u00e1bb haszn\u00e1lhat\u00f3. Miel\u0151tt a tart\u00e1ly teljesen ki\u00fcr\u00fclne, haszn\u00e1lat ut\u00e1n azonnal szorosan le kell z\u00e1rni.<\/p>\n<h2><strong>Csomag<\/strong><\/h2>\n<p>25KG \/ 200KG<\/p>\n<table style=\"border-collapse: collapse; width: 216.03pt;\" border=\"0\" width=\"288\" cellspacing=\"0\" cellpadding=\"0\">\n<tbody>\n<tr style=\"height: 87.00pt;\">\n<td class=\"et2\" style=\"height: 87.00pt; width: 54.00pt;\" width=\"72\" height=\"116\"><\/td>\n<td class=\"et2\" style=\"width: 54.00pt;\" width=\"72\"><\/td>\n<td class=\"et3\" style=\"width: 54.00pt;\" width=\"72\">Pigment \u00e9s gyanta rendszerek<\/td>\n<td class=\"et3\" style=\"width: 54.00pt;\" width=\"72\">Adal\u00e9kmennyis\u00e9g (a pigment mennyis\u00e9g\u00e9hez), %<\/td>\n<\/tr>\n<tr style=\"height: 14.25pt;\">\n<td class=\"et4\" style=\"height: 43.50pt; width: 54.00pt;\" rowspan=\"3\" width=\"72\" height=\"58\">Tit\u00e1nium feh\u00e9r TION A595<\/td>\n<td class=\"et2\">Akril<\/td>\n<td class=\"et5\" style=\"width: 54.00pt;\" width=\"72\">\u221a<\/td>\n<td class=\"et6\" style=\"width: 54.00pt;\" rowspan=\"3\" width=\"72\">10-15<\/td>\n<\/tr>\n<tr style=\"height: 14.25pt;\">\n<td class=\"et2\">PUD<\/td>\n<td class=\"et5\" style=\"width: 54.00pt;\" width=\"72\">\u221a<\/td>\n<\/tr>\n<tr style=\"height: 15.00pt;\">\n<td class=\"et2\">PUA<\/td>\n<td class=\"et5\" style=\"width: 54.00pt;\" width=\"72\">\u221a<\/td>\n<\/tr>\n<tr style=\"height: 14.25pt;\">\n<td class=\"et4\" style=\"height: 43.50pt; width: 54.00pt;\" rowspan=\"3\" width=\"72\" height=\"58\">Sz\u00e9nfekete MA-100<\/td>\n<td class=\"et2\">Akrilsav<\/td>\n<td class=\"et5\" style=\"width: 54.00pt;\" width=\"72\"><\/td>\n<td class=\"et5\" style=\"width: 54.00pt;\" rowspan=\"3\" width=\"72\">\/<\/td>\n<\/tr>\n<tr style=\"height: 14.25pt;\">\n<td class=\"et2\">PUD<\/td>\n<td class=\"et5\" style=\"width: 54.00pt;\" width=\"72\"><\/td>\n<\/tr>\n<tr style=\"height: 15.00pt;\">\n<td class=\"et2\">PUA<\/td>\n<td class=\"et5\" style=\"width: 54.00pt;\" width=\"72\"><\/td>\n<\/tr>\n<tr style=\"height: 14.25pt;\">\n<td class=\"et4\" style=\"height: 43.50pt; width: 54.00pt;\" rowspan=\"3\" width=\"72\" height=\"58\">Ftaloci\u00e1n k\u00e9k BGS<\/td>\n<td class=\"et2\">Akril<\/td>\n<td class=\"et5\" style=\"width: 54.00pt;\" width=\"72\">\u221a<\/td>\n<td class=\"et5\" style=\"width: 54.00pt;\" rowspan=\"3\" width=\"72\">30-80<\/td>\n<\/tr>\n<tr style=\"height: 14.25pt;\">\n<td class=\"et2\">PUD<\/td>\n<td class=\"et5\" style=\"width: 54.00pt;\" width=\"72\">\u221a<\/td>\n<\/tr>\n<tr style=\"height: 15.00pt;\">\n<td class=\"et2\">PUA<\/td>\n<td class=\"et5\" style=\"width: 54.00pt;\" width=\"72\">\u221a<\/td>\n<\/tr>\n<tr style=\"height: 14.25pt;\">\n<td class=\"et4\" style=\"height: 43.50pt; width: 54.00pt;\" rowspan=\"3\" width=\"72\" height=\"58\">Pigment s\u00e1rga P.Y. 83<\/td>\n<td class=\"et2\">Akril<\/td>\n<td class=\"et5\" style=\"width: 54.00pt;\" width=\"72\">\u221a<\/td>\n<td class=\"et5\" style=\"width: 54.00pt;\" rowspan=\"3\" width=\"72\">30-80<\/td>\n<\/tr>\n<tr style=\"height: 14.25pt;\">\n<td class=\"et2\">PUD<\/td>\n<td class=\"et5\" style=\"width: 54.00pt;\" width=\"72\">\u221a<\/td>\n<\/tr>\n<tr style=\"height: 15.00pt;\">\n<td class=\"et2\">PUA<\/td>\n<td class=\"et5\" style=\"width: 54.00pt;\" width=\"72\">\u221a<\/td>\n<\/tr>\n<tr style=\"height: 14.25pt;\">\n<td class=\"et4\" style=\"height: 43.50pt; width: 54.00pt;\" rowspan=\"3\" width=\"72\" height=\"58\">Pigment s\u00e1rga P.Y.139<\/td>\n<td class=\"et2\">Akril<\/td>\n<td class=\"et5\" style=\"width: 54.00pt;\" width=\"72\">\u221a<\/td>\n<td class=\"et5\" style=\"width: 54.00pt;\" rowspan=\"3\" width=\"72\">30-80<\/td>\n<\/tr>\n<tr style=\"height: 14.25pt;\">\n<td class=\"et2\">PUD<\/td>\n<td class=\"et5\" style=\"width: 54.00pt;\" width=\"72\">\u221a<\/td>\n<\/tr>\n<tr style=\"height: 15.00pt;\">\n<td class=\"et2\">PUA<\/td>\n<td class=\"et5\" style=\"width: 54.00pt;\" width=\"72\">\u221a<\/td>\n<\/tr>\n<tr style=\"height: 14.25pt;\">\n<td class=\"et4\" style=\"height: 43.50pt; width: 54.00pt;\" rowspan=\"3\" width=\"72\" height=\"58\">Pigment s\u00e1rga P.Y. 151<\/td>\n<td class=\"et2\">Akril<\/td>\n<td class=\"et5\" style=\"width: 54.00pt;\" width=\"72\">\u221a<\/td>\n<td class=\"et5\" style=\"width: 54.00pt;\" rowspan=\"3\" width=\"72\">30-80<\/td>\n<\/tr>\n<tr style=\"height: 14.25pt;\">\n<td class=\"et2\">PUD<\/td>\n<td class=\"et5\" style=\"width: 54.00pt;\" width=\"72\">\u221a<\/td>\n<\/tr>\n<tr style=\"height: 15.00pt;\">\n<td class=\"et2\">PUA<\/td>\n<td class=\"et5\" style=\"width: 54.00pt;\" width=\"72\">\u221a<\/td>\n<\/tr>\n<tr style=\"height: 14.25pt;\">\n<td class=\"et4\" style=\"height: 43.50pt; width: 54.00pt;\" rowspan=\"3\" width=\"72\" height=\"58\">Pigment v\u00f6r\u00f6s P.R. 122<\/td>\n<td class=\"et2\">Akril<\/td>\n<td class=\"et5\" style=\"width: 54.00pt;\" width=\"72\">\u221a<\/td>\n<td class=\"et5\" style=\"width: 54.00pt;\" rowspan=\"3\" width=\"72\">30-80<\/td>\n<\/tr>\n<tr style=\"height: 14.25pt;\">\n<td class=\"et2\">PUD<\/td>\n<td class=\"et5\" style=\"width: 54.00pt;\" width=\"72\">\u221a<\/td>\n<\/tr>\n<tr style=\"height: 15.00pt;\">\n<td class=\"et2\">PUA<\/td>\n<td class=\"et5\" style=\"width: 54.00pt;\" width=\"72\"><\/td>\n<\/tr>\n<tr style=\"height: 14.25pt;\">\n<td class=\"et4\" style=\"height: 43.50pt; width: 54.00pt;\" rowspan=\"3\" width=\"72\" height=\"58\">Pigment v\u00f6r\u00f6s P.R. 177<\/td>\n<td class=\"et2\">Akril<\/td>\n<td class=\"et5\" style=\"width: 54.00pt;\" width=\"72\">\u221a<\/td>\n<td class=\"et5\" style=\"width: 54.00pt;\" rowspan=\"3\" width=\"72\">30-80<\/td>\n<\/tr>\n<tr style=\"height: 14.25pt;\">\n<td class=\"et2\">PUD<\/td>\n<td class=\"et5\" style=\"width: 54.00pt;\" width=\"72\">\u221a<\/td>\n<\/tr>\n<tr style=\"height: 15.00pt;\">\n<td class=\"et2\">PUA<\/td>\n<td class=\"et5\" style=\"width: 54.00pt;\" width=\"72\">\u221a<\/td>\n<\/tr>\n<tr style=\"height: 14.25pt;\">\n<td class=\"et4\" style=\"height: 43.50pt; width: 54.00pt;\" rowspan=\"3\" width=\"72\" height=\"58\">Pigment v\u00f6r\u00f6s P.R. 254<\/td>\n<td class=\"et2\">Akril<\/td>\n<td class=\"et5\" style=\"width: 54.00pt;\" width=\"72\">\u221a<\/td>\n<td class=\"et5\" style=\"width: 54.00pt;\" rowspan=\"3\" width=\"72\">30-80<\/td>\n<\/tr>\n<tr style=\"height: 14.25pt;\">\n<td class=\"et2\">PUD<\/td>\n<td class=\"et5\" style=\"width: 54.00pt;\" width=\"72\">\u221a<\/td>\n<\/tr>\n<tr style=\"height: 15.00pt;\">\n<td class=\"et2\">PUA<\/td>\n<td class=\"et5\" style=\"width: 54.00pt;\" width=\"72\">\u221a<\/td>\n<\/tr>\n<tr style=\"height: 14.25pt;\">\n<td class=\"et4\" style=\"height: 43.50pt; width: 54.00pt;\" rowspan=\"3\" width=\"72\" height=\"58\">Ftalocianin z\u00f6ld<\/td>\n<td class=\"et2\">Akril<\/td>\n<td class=\"et5\" style=\"width: 54.00pt;\" width=\"72\">\u221a<\/td>\n<td class=\"et5\" style=\"width: 54.00pt;\" rowspan=\"3\" width=\"72\">30-80<\/td>\n<\/tr>\n<tr style=\"height: 14.25pt;\">\n<td class=\"et2\">PUD<\/td>\n<td class=\"et5\" style=\"width: 54.00pt;\" width=\"72\">\u221a<\/td>\n<\/tr>\n<tr style=\"height: 15.00pt;\">\n<td class=\"et2\">PUA<\/td>\n<td class=\"et5\" style=\"width: 54.00pt;\" width=\"72\">\u221a<\/td>\n<\/tr>\n<tr style=\"height: 14.25pt;\">\n<td class=\"et4\" style=\"height: 43.50pt; width: 54.00pt;\" rowspan=\"3\" width=\"72\" height=\"58\">\u00c1lland\u00f3 ibolya P.V. 23<\/td>\n<td class=\"et2\">Akril<\/td>\n<td class=\"et5\" style=\"width: 54.00pt;\" width=\"72\"><\/td>\n<td class=\"et5\" style=\"width: 54.00pt;\" rowspan=\"3\" width=\"72\">\/<\/td>\n<\/tr>\n<tr style=\"height: 14.25pt;\">\n<td class=\"et2\">PUD<\/td>\n<td class=\"et5\" style=\"width: 54.00pt;\" width=\"72\"><\/td>\n<\/tr>\n<tr style=\"height: 15.00pt;\">\n<td class=\"et2\">PUA<\/td>\n<td class=\"et5\" style=\"width: 54.00pt;\" width=\"72\"><\/td>\n<\/tr>\n<tr style=\"height: 14.25pt;\">\n<td class=\"et4\" style=\"height: 43.50pt; width: 54.00pt;\" rowspan=\"3\" width=\"72\" height=\"58\">Vas-oxid v\u00f6r\u00f6s VC128<\/td>\n<td class=\"et2\">Akril<\/td>\n<td class=\"et5\" style=\"width: 54.00pt;\" width=\"72\">\u221a<\/td>\n<td class=\"et5\" style=\"width: 54.00pt;\" rowspan=\"3\" width=\"72\">20-40<\/td>\n<\/tr>\n<tr style=\"height: 14.25pt;\">\n<td class=\"et2\">PUD<\/td>\n<td class=\"et5\" style=\"width: 54.00pt;\" width=\"72\">\u221a<\/td>\n<\/tr>\n<tr style=\"height: 15.00pt;\">\n<td class=\"et2\">PUA<\/td>\n<td class=\"et5\" style=\"width: 54.00pt;\" width=\"72\">\u221a<\/td>\n<\/tr>\n<tr style=\"height: 54.75pt;\">\n<td class=\"et4\" style=\"height: 54.75pt; width: 54.00pt;\" width=\"72\" height=\"73\">Vas-oxid s\u00e1rga VC328<\/td>\n<td class=\"et2\">Akril<\/td>\n<td class=\"et5\" style=\"width: 54.00pt;\" width=\"72\">\u221a<\/td>\n<td class=\"et5\" style=\"width: 54.00pt;\" width=\"72\">20-40<\/td>\n<\/tr>\n<\/tbody>\n<\/table>\n<p>&nbsp;<\/p>","protected":false},"excerpt":{"rendered":"<p>\u00d6sszet\u00e9tel: pol\u00e1ros csoportokat tartalmaz\u00f3 kopolimer oldat<br \/>\nMegjelen\u00e9s: enyh\u00e9n s\u00e1rga, \u00e1tl\u00e1tsz\u00f3 folyad\u00e9k<br \/>\nOld\u00f3szer: v\u00edz<br \/>\nS\u0171r\u0171s\u00e9g: 1,05-1,09 g\/ml (25\u00b11)\u2103<br \/>\nViszkozit\u00e1s: 10-60 s (bevont-4 poh\u00e1r m\u00f3dszer) (25\u00b10,2)\u2103<br \/>\nSzil\u00e1rd tartalom: (140 \u2103 2h)<br \/>\nLobban\u00e1spont: \u2265100\u2103<br \/>\nMegjegyz\u00e9s: Ez a teljes\u00edtm\u00e9ny csak tipikus eredm\u00e9nyeket mutat, \u00e9s nem tekinthet\u0151 specifik\u00e1ci\u00f3nak, amely a konkr\u00e9t COA alapj\u00e1n k\u00e9sz\u00fclt.<\/p>","protected":false},"featured_media":0,"comment_status":"closed","ping_status":"closed","template":"","meta":[],"product_brand":[],"product_cat":[138],"product_tag":[],"class_list":{"0":"post-5962","1":"product","2":"type-product","3":"status-publish","5":"product_cat-coating-and-ink-additives","7":"first","8":"instock","9":"shipping-taxable","10":"product-type-simple"},"yoast_head":"<!-- This site is optimized with the Yoast SEO plugin v25.3.1 - https:\/\/yoast.com\/wordpress\/plugins\/seo\/ -->\n<title>China CHLUMICRYL\u00ae DP-D2791 \/ Dispersant Manufacturer - Longchang Chemical<\/title>\n<meta name=\"description\" content=\"CHLUMICRYL\u00ae DP-D2791 \/ Dispersant is a key product of Longchang Chemical. We provide the best price. We are the leading manufacturer in China with the best quality and competitive price.\" \/>\n<meta name=\"robots\" content=\"index, follow, max-snippet:-1, max-image-preview:large, max-video-preview:-1\" \/>\n<link rel=\"canonical\" href=\"https:\/\/longchangchemical.com\/hu\/product\/agesin-dp-d2791-dispersant\/\" \/>\n<meta property=\"og:locale\" content=\"hu_HU\" \/>\n<meta property=\"og:type\" content=\"article\" \/>\n<meta property=\"og:title\" content=\"China CHLUMICRYL\u00ae DP-D2791 \/ Dispersant Manufacturer - Longchang Chemical\" \/>\n<meta property=\"og:description\" content=\"CHLUMICRYL\u00ae DP-D2791 \/ Dispersant is a key product of Longchang Chemical. We provide the best price. We are the leading manufacturer in China with the best quality and competitive price.\" \/>\n<meta property=\"og:url\" content=\"https:\/\/longchangchemical.com\/hu\/product\/agesin-dp-d2791-dispersant\/\" \/>\n<meta property=\"og:site_name\" content=\"Longchang Chemical\" \/>\n<meta property=\"article:modified_time\" content=\"2025-04-01T07:10:33+00:00\" \/>\n<meta property=\"og:image\" content=\"https:\/\/longchangchemical.com\/wp-content\/uploads\/2024\/02\/logo-jpeg.jpg\" \/>\n\t<meta property=\"og:image:width\" content=\"1000\" \/>\n\t<meta property=\"og:image:height\" content=\"1000\" \/>\n\t<meta property=\"og:image:type\" content=\"image\/jpeg\" \/>\n<meta name=\"twitter:card\" content=\"summary_large_image\" \/>\n<script type=\"application\/ld+json\" class=\"yoast-schema-graph\">{\"@context\":\"https:\/\/schema.org\",\"@graph\":[{\"@type\":\"WebPage\",\"@id\":\"https:\/\/longchangchemical.com\/product\/agesin-dp-d2791-dispersant\/\",\"url\":\"https:\/\/longchangchemical.com\/product\/agesin-dp-d2791-dispersant\/\",\"name\":\"China CHLUMICRYL\u00ae DP-D2791 \/ Dispersant Manufacturer - Longchang Chemical\",\"isPartOf\":{\"@id\":\"https:\/\/longchangchemical.com\/#website\"},\"datePublished\":\"2023-03-02T12:16:50+00:00\",\"dateModified\":\"2025-04-01T07:10:33+00:00\",\"description\":\"CHLUMICRYL\u00ae DP-D2791 \/ Dispersant is a key product of Longchang Chemical. We provide the best price. We are the leading manufacturer in China with the best quality and competitive price.\",\"breadcrumb\":{\"@id\":\"https:\/\/longchangchemical.com\/product\/agesin-dp-d2791-dispersant\/#breadcrumb\"},\"inLanguage\":\"hu\",\"potentialAction\":[{\"@type\":\"ReadAction\",\"target\":[\"https:\/\/longchangchemical.com\/product\/agesin-dp-d2791-dispersant\/\"]}]},{\"@type\":\"BreadcrumbList\",\"@id\":\"https:\/\/longchangchemical.com\/product\/agesin-dp-d2791-dispersant\/#breadcrumb\",\"itemListElement\":[{\"@type\":\"ListItem\",\"position\":1,\"name\":\"Home\",\"item\":\"https:\/\/longchangchemical.com\/\"},{\"@type\":\"ListItem\",\"position\":2,\"name\":\"Products Longchang\",\"item\":\"https:\/\/longchangchemical.com\/product\/\"},{\"@type\":\"ListItem\",\"position\":3,\"name\":\"CHLUMICRYL\u00ae DP-D2791 \/ Dispersant\"}]},{\"@type\":\"WebSite\",\"@id\":\"https:\/\/longchangchemical.com\/#website\",\"url\":\"https:\/\/longchangchemical.com\/\",\"name\":\"Longchang Chemical\",\"description\":\"China chemical manufacturer \uff06 supplier\",\"publisher\":{\"@id\":\"https:\/\/longchangchemical.com\/#organization\"},\"potentialAction\":[{\"@type\":\"SearchAction\",\"target\":{\"@type\":\"EntryPoint\",\"urlTemplate\":\"https:\/\/longchangchemical.com\/?s={search_term_string}\"},\"query-input\":{\"@type\":\"PropertyValueSpecification\",\"valueRequired\":true,\"valueName\":\"search_term_string\"}}],\"inLanguage\":\"hu\"},{\"@type\":\"Organization\",\"@id\":\"https:\/\/longchangchemical.com\/#organization\",\"name\":\"Longchang Chemical\",\"url\":\"https:\/\/longchangchemical.com\/\",\"logo\":{\"@type\":\"ImageObject\",\"inLanguage\":\"hu\",\"@id\":\"https:\/\/longchangchemical.com\/#\/schema\/logo\/image\/\",\"url\":\"https:\/\/longchangchemical.com\/wp-content\/uploads\/2020\/08\/cropped-longchang-logo.png\",\"contentUrl\":\"https:\/\/longchangchemical.com\/wp-content\/uploads\/2020\/08\/cropped-longchang-logo.png\",\"width\":512,\"height\":512,\"caption\":\"Longchang Chemical\"},\"image\":{\"@id\":\"https:\/\/longchangchemical.com\/#\/schema\/logo\/image\/\"}}]}<\/script>\n<!-- \/ Yoast SEO plugin. -->","yoast_head_json":{"title":"K\u00edna CHLUMICRYL\u00ae DP-D2791 \/ diszperg\u00e1l\u00f3szer gy\u00e1rt\u00f3ja - Longchang Chemical","description":"A CHLUMICRYL\u00ae DP-D2791 \/ diszperg\u00e1l\u00f3szer a Longchang Chemical egyik legfontosabb term\u00e9ke. Mi biztos\u00edtjuk a legjobb \u00e1rat. Mi vagyunk a vezet\u0151 gy\u00e1rt\u00f3 K\u00edn\u00e1ban a legjobb min\u0151s\u00e9ggel \u00e9s versenyk\u00e9pes \u00e1rral.","robots":{"index":"index","follow":"follow","max-snippet":"max-snippet:-1","max-image-preview":"max-image-preview:large","max-video-preview":"max-video-preview:-1"},"canonical":"https:\/\/longchangchemical.com\/hu\/product\/agesin-dp-d2791-dispersant\/","og_locale":"hu_HU","og_type":"article","og_title":"China CHLUMICRYL\u00ae DP-D2791 \/ Dispersant Manufacturer - Longchang Chemical","og_description":"CHLUMICRYL\u00ae DP-D2791 \/ Dispersant is a key product of Longchang Chemical. We provide the best price. We are the leading manufacturer in China with the best quality and competitive price.","og_url":"https:\/\/longchangchemical.com\/hu\/product\/agesin-dp-d2791-dispersant\/","og_site_name":"Longchang Chemical","article_modified_time":"2025-04-01T07:10:33+00:00","og_image":[{"width":1000,"height":1000,"url":"https:\/\/longchangchemical.com\/wp-content\/uploads\/2024\/02\/logo-jpeg.jpg","type":"image\/jpeg"}],"twitter_card":"summary_large_image","schema":{"@context":"https:\/\/schema.org","@graph":[{"@type":"WebPage","@id":"https:\/\/longchangchemical.com\/product\/agesin-dp-d2791-dispersant\/","url":"https:\/\/longchangchemical.com\/product\/agesin-dp-d2791-dispersant\/","name":"K\u00edna CHLUMICRYL\u00ae DP-D2791 \/ diszperg\u00e1l\u00f3szer gy\u00e1rt\u00f3ja - Longchang Chemical","isPartOf":{"@id":"https:\/\/longchangchemical.com\/#website"},"datePublished":"2023-03-02T12:16:50+00:00","dateModified":"2025-04-01T07:10:33+00:00","description":"A CHLUMICRYL\u00ae DP-D2791 \/ diszperg\u00e1l\u00f3szer a Longchang Chemical egyik legfontosabb term\u00e9ke. Mi biztos\u00edtjuk a legjobb \u00e1rat. Mi vagyunk a vezet\u0151 gy\u00e1rt\u00f3 K\u00edn\u00e1ban a legjobb min\u0151s\u00e9ggel \u00e9s versenyk\u00e9pes \u00e1rral.","breadcrumb":{"@id":"https:\/\/longchangchemical.com\/product\/agesin-dp-d2791-dispersant\/#breadcrumb"},"inLanguage":"hu","potentialAction":[{"@type":"ReadAction","target":["https:\/\/longchangchemical.com\/product\/agesin-dp-d2791-dispersant\/"]}]},{"@type":"BreadcrumbList","@id":"https:\/\/longchangchemical.com\/product\/agesin-dp-d2791-dispersant\/#breadcrumb","itemListElement":[{"@type":"ListItem","position":1,"name":"Home","item":"https:\/\/longchangchemical.com\/"},{"@type":"ListItem","position":2,"name":"Products Longchang","item":"https:\/\/longchangchemical.com\/product\/"},{"@type":"ListItem","position":3,"name":"CHLUMICRYL\u00ae DP-D2791 \/ Dispersant"}]},{"@type":"WebSite","@id":"https:\/\/longchangchemical.com\/#website","url":"https:\/\/longchangchemical.com\/","name":"Longchang Chemical","description":"K\u00edna k\u00e9miai gy\u00e1rt\u00f3 \uff06 sz\u00e1ll\u00edt\u00f3","publisher":{"@id":"https:\/\/longchangchemical.com\/#organization"},"potentialAction":[{"@type":"SearchAction","target":{"@type":"EntryPoint","urlTemplate":"https:\/\/longchangchemical.com\/?s={search_term_string}"},"query-input":{"@type":"PropertyValueSpecification","valueRequired":true,"valueName":"search_term_string"}}],"inLanguage":"hu"},{"@type":"Organization","@id":"https:\/\/longchangchemical.com\/#organization","name":"Longchang Chemical","url":"https:\/\/longchangchemical.com\/","logo":{"@type":"ImageObject","inLanguage":"hu","@id":"https:\/\/longchangchemical.com\/#\/schema\/logo\/image\/","url":"https:\/\/longchangchemical.com\/wp-content\/uploads\/2020\/08\/cropped-longchang-logo.png","contentUrl":"https:\/\/longchangchemical.com\/wp-content\/uploads\/2020\/08\/cropped-longchang-logo.png","width":512,"height":512,"caption":"Longchang Chemical"},"image":{"@id":"https:\/\/longchangchemical.com\/#\/schema\/logo\/image\/"}}]}},"_links":{"self":[{"href":"https:\/\/longchangchemical.com\/hu\/wp-json\/wp\/v2\/product\/5962","targetHints":{"allow":["GET"]}}],"collection":[{"href":"https:\/\/longchangchemical.com\/hu\/wp-json\/wp\/v2\/product"}],"about":[{"href":"https:\/\/longchangchemical.com\/hu\/wp-json\/wp\/v2\/types\/product"}],"replies":[{"embeddable":true,"href":"https:\/\/longchangchemical.com\/hu\/wp-json\/wp\/v2\/comments?post=5962"}],"wp:attachment":[{"href":"https:\/\/longchangchemical.com\/hu\/wp-json\/wp\/v2\/media?parent=5962"}],"wp:term":[{"taxonomy":"product_brand","embeddable":true,"href":"https:\/\/longchangchemical.com\/hu\/wp-json\/wp\/v2\/product_brand?post=5962"},{"taxonomy":"product_cat","embeddable":true,"href":"https:\/\/longchangchemical.com\/hu\/wp-json\/wp\/v2\/product_cat?post=5962"},{"taxonomy":"product_tag","embeddable":true,"href":"https:\/\/longchangchemical.com\/hu\/wp-json\/wp\/v2\/product_tag?post=5962"}],"curies":[{"name":"wp","href":"https:\/\/api.w.org\/{rel}","templated":true}]}}