{"id":5902,"date":"2023-02-08T10:48:42","date_gmt":"2023-02-08T10:48:42","guid":{"rendered":"https:\/\/longchangchemical.com\/?post_type=product&#038;p=5902"},"modified":"2026-05-08T02:59:50","modified_gmt":"2026-05-08T02:59:50","slug":"agesin-uv-d7700d-tego-rad-2700","status":"publish","type":"product","link":"https:\/\/longchangchemical.com\/hu\/product\/agesin-uv-d7700d-tego-rad-2700\/","title":{"rendered":"CHLUMICRYL\u00ae UV-D7700D \/ TEGO Rad 2700"},"content":{"rendered":"<h2>Reakt\u00edv szil\u00edcium adal\u00e9k akril funkci\u00f3s csoporttal<\/h2>\n<table style=\"border-collapse: collapse; width: 316.52pt;\" border=\"0\" width=\"422\" cellspacing=\"0\" cellpadding=\"0\">\n<tbody>\n<tr style=\"height: 27.00pt;\">\n<td class=\"et2\" style=\"height: 27.00pt; width: 108.00pt;\" width=\"144\" height=\"36\">\u00d6sszet\u00e9tel<\/td>\n<td class=\"et2\" style=\"width: 208.50pt;\" width=\"278\">Reakt\u00edv szilikon adal\u00e9k akrilsav funkci\u00f3s csoporttal<\/td>\n<\/tr>\n<tr style=\"height: 27.00pt;\">\n<td class=\"et2\" style=\"height: 27.00pt; width: 108.00pt;\" width=\"144\" height=\"36\">Megjelen\u00e9s<\/td>\n<td class=\"et2\" style=\"width: 208.50pt;\" width=\"278\">Enyh\u00e9n s\u00e1rg\u00e1s vagy s\u00e1rg\u00e1s sz\u00edn\u0171, zavaros folyad\u00e9k<\/td>\n<\/tr>\n<tr style=\"height: 13.50pt;\">\n<td class=\"et2\" style=\"height: 13.50pt; width: 108.00pt;\" width=\"144\" height=\"18\">old\u00f3szer<\/td>\n<td class=\"et2\" style=\"width: 208.50pt;\" width=\"278\">--<\/td>\n<\/tr>\n<tr style=\"height: 13.50pt;\">\n<td class=\"et2\" style=\"height: 13.50pt; width: 108.00pt;\" width=\"144\" height=\"18\">S\u0171r\u0171s\u00e9g<\/td>\n<td class=\"et2\" style=\"width: 208.50pt;\" width=\"278\">0,96-1,00g\/ml(25\u00b11)\u2103<\/td>\n<\/tr>\n<tr style=\"height: 13.50pt;\">\n<td class=\"et2\" style=\"height: 13.50pt; width: 108.00pt;\" width=\"144\" height=\"18\">Viszkozit\u00e1s<\/td>\n<td class=\"et2\" style=\"width: 208.50pt;\" width=\"278\">3000-10000 mPa-s<\/td>\n<\/tr>\n<tr style=\"height: 13.50pt;\">\n<td class=\"et2\" style=\"height: 13.50pt; width: 108.00pt;\" width=\"144\" height=\"18\"><\/td>\n<td class=\"et2\" style=\"width: 208.50pt;\" width=\"278\">(Forg\u00f3 viszkozim\u00e9ter) (25\u00b10,2)\u2103<\/td>\n<\/tr>\n<tr style=\"height: 13.50pt;\">\n<td class=\"et2\" style=\"height: 13.50pt; width: 108.00pt;\" width=\"144\" height=\"18\">Hat\u00f3anyag<\/td>\n<td class=\"et3\" style=\"width: 208.50pt;\" width=\"278\">100%<\/td>\n<\/tr>\n<tr style=\"height: 13.50pt;\">\n<td class=\"et2\" style=\"height: 13.50pt; width: 108.00pt;\" width=\"144\" height=\"18\">Lobban\u00e1spont<\/td>\n<td class=\"et2\" style=\"width: 208.50pt;\" width=\"278\">\uff1e100\u2103<\/td>\n<\/tr>\n<\/tbody>\n<\/table>\n<p>Megjegyz\u00e9s: Ez az adatlap tipikus, nem szabv\u00e1nyos eredm\u00e9nyeket k\u00edv\u00e1n megadni.A COA f\u00fcggv\u00e9ny\u00e9ben.<\/p>\n<p><strong>Alkalmaz\u00e1si rendszer<\/strong><br \/>\n1. A TEGO Rad 2700 habz\u00e1sg\u00e1tl\u00f3\/lev\u00e1laszt\u00f3\/cs\u00fasz\u00e1sg\u00e1tl\u00f3 egy kiv\u00e1l\u00f3 lev\u00e1laszt\u00f3 hat\u00e1ssal \u00e9s cs\u00fasz\u00e1ssal rendelkez\u0151, magasan t\u00e9rh\u00e1l\u00f3s\u00edtott lev\u00e1laszt\u00f3szer, habz\u00e1sg\u00e1tl\u00f3 tulajdons\u00e1gokkal kombin\u00e1lva, amely k\u00fcl\u00f6n\u00f6sen alkalmas nagy viszkozit\u00e1s\u00fa sz\u00ednes tint\u00e1khoz.<br \/>\n2. A TEGO Rad 2700 lev\u00e1laszt\u00f3szer egy rendk\u00edv\u00fcl hat\u00e9kony, sug\u00e1rz\u00e1s hat\u00e1s\u00e1ra t\u00e9rh\u00e1l\u00f3sod\u00f3, cs\u00fasz\u00e1sjav\u00edt\u00f3 \u00e9s cs\u00edkozhat\u00f3 adal\u00e9kanyag. A TEGO Rad 2700 lev\u00e1laszt\u00f3szer sug\u00e1rz\u00e1skem\u00e9nyed\u0151 lev\u00e1laszt\u00f3szer-formul\u00e1kban haszn\u00e1lhat\u00f3, k\u00fcl\u00f6n\u00f6sen alkalmas sz\u00ednes lakkformul\u00e1khoz, ofszetnyom\u00f3fest\u00e9k-lev\u00e1laszt\u00f3szerekhez, szitanyom\u00f3fest\u00e9k-lev\u00e1laszt\u00f3szerekhez, valamint sug\u00e1rz\u00e1skem\u00e9nyed\u0151 nyomdafest\u00e9kekhez \u00e9s fel\u00fclnyom\u00f3 sima lev\u00e1laszt\u00f3szerekhez.<br \/>\n<strong>Tulajdons\u00e1gok<\/strong><br \/>\nSug\u00e1rz\u00e1ssal reakt\u00edv szil\u00edcium adal\u00e9kanyag. J\u00f3 habz\u00e1sg\u00e1tl\u00f3. Hat\u00e1rozottan cs\u00f6kkenti a s\u00farl\u00f3d\u00e1si egy\u00fctthat\u00f3t. A kiv\u00e1l\u00f3 lev\u00e1laszt\u00f3 er\u0151.<br \/>\n1. K\u00fcl\u00f6n\u00f6sen alkalmas sz\u00ednes paszta rendszerekhez<br \/>\n2. Hat\u00e9kony habz\u00e1sg\u00e1tl\u00f3<br \/>\n3. A legmagasabb old\u00f3d\u00e1si \u00e9s cs\u00fasz\u00e1si tulajdons\u00e1gok.<br \/>\n4. Nagym\u00e9rt\u00e9kben t\u00e9rh\u00e1l\u00f3s\u00edthat\u00f3 a sug\u00e1rkezel\u00e9ssel kikem\u00e9nyed\u0151 k\u00e9sz\u00edtm\u00e9nyekhez.<br \/>\n5. K\u00fcl\u00f6n\u00f6sen alkalmas lakkformul\u00e1kban val\u00f3 korl\u00e1tozott felhaszn\u00e1l\u00e1sra.<br \/>\n6. Jav\u00edtott karc\u00e1ll\u00f3s\u00e1g \u00e9s jel\u00f6l\u00e9s\u00e1ll\u00f3s\u00e1g.<br \/>\n7. Tov\u00e1bbi cs\u00fasz\u00e1sg\u00e1tl\u00f3 \u00e9s habmentes\u00edt\u0151 hat\u00e1s<br \/>\n8. Nagyon j\u00f3 cs\u00fasz\u00e1sg\u00e1tl\u00f3, tapad\u00e1sg\u00e1tl\u00f3\/lecs\u00fasz\u00e1sg\u00e1tl\u00f3 hat\u00e1s, j\u00f3 habmentes\u00edt\u0151 tulajdons\u00e1gok.<br \/>\n<strong>Bejegyz\u00e9s<\/strong><br \/>\nK\u00f6nnyen hozz\u00e1adhat\u00f3 az el\u0151h\u00edg\u00edtott old\u00f3szerrel, amely megegyezik a bevonatrendszerben l\u00e9v\u0151vel. Hozz\u00e1adhat\u00f3 ut\u00f3lagos adagol\u00e1sk\u00e9nt.<br \/>\n<strong>Javasoljon kieg\u00e9sz\u00edt\u00e9st<\/strong><br \/>\nHozz\u00e1ad\u00e1s a teljes k\u00e9sz\u00edtm\u00e9nyhez 0,1-1,0%<br \/>\n<strong>T\u00e1rol\u00e1si stabilit\u00e1s<\/strong><br \/>\nEredeti csomagol\u00e1sban 24 h\u00f3napig \u00e9rintetlen\u00fcl tarthat\u00f3.A term\u00e9kek a t\u00e1rol\u00e1si id\u0151n t\u00fal, ellen\u0151rz\u00e9s ut\u00e1n tov\u00e1bb haszn\u00e1lhat\u00f3k. A t\u00e1rol\u00f3ed\u00e9nyt haszn\u00e1lat ut\u00e1n azonnal le kell z\u00e1rni.<\/p>\n<p><strong>Alkalmaz\u00e1si aj\u00e1nl\u00e1s<\/strong><\/p>\n<table style=\"border-collapse: collapse; width: 138.03pt;\" border=\"0\" width=\"184\" cellspacing=\"0\" cellpadding=\"0\">\n<tbody>\n<tr style=\"height: 13.50pt;\">\n<td class=\"et2\" style=\"height: 13.50pt; width: 84.00pt;\" width=\"112\" height=\"18\">Mobilit\u00e1s<\/td>\n<td class=\"et2\" style=\"width: 54.00pt;\" width=\"72\">0<\/td>\n<\/tr>\n<tr style=\"height: 13.50pt;\">\n<td class=\"et2\" style=\"height: 13.50pt; width: 84.00pt;\" width=\"112\" height=\"18\">Slip<\/td>\n<td class=\"et2\" style=\"width: 54.00pt;\" width=\"72\">5<\/td>\n<\/tr>\n<tr style=\"height: 40.50pt;\">\n<td class=\"et2\" style=\"height: 40.50pt; width: 84.00pt;\" width=\"112\" height=\"54\">P\u00e1lca ellen\u00e1ll\u00e1s<\/td>\n<td class=\"et2\" style=\"width: 54.00pt;\" width=\"72\">4<\/td>\n<\/tr>\n<tr style=\"height: 40.50pt;\">\n<td class=\"et2\" style=\"height: 40.50pt; width: 84.00pt;\" width=\"112\" height=\"54\">Anyag nedves\u00edt\u00e9se<\/td>\n<td class=\"et2\" style=\"width: 54.00pt;\" width=\"72\">0<\/td>\n<\/tr>\n<tr style=\"height: 27.00pt;\">\n<td class=\"et2\" style=\"height: 27.00pt; width: 84.00pt;\" width=\"112\" height=\"36\">Habz\u00e1sg\u00e1tl\u00f3<\/td>\n<td class=\"et2\" style=\"width: 54.00pt;\" width=\"72\">5<\/td>\n<\/tr>\n<\/tbody>\n<\/table>\n<p>0=nem el\u00e9rhet\u0151 5=nagyon hat\u00e9kony<\/p>\n<p><strong>csomag<\/strong><br \/>\n25KG \/ 180KG<\/p>\n<p><strong><b>T\u00e1rol\u00e1s:<\/b><\/strong><\/p>\n<div>\n<p>Sz\u00e1raz, tiszta, j\u00f3l szell\u0151z\u0151 rakt\u00e1rban tartj\u00e1k.<\/p>\n<p>Ker\u00fclje a f\u00e9nynek \u00e9s a meleg\u00edt\u00e9snek val\u00f3 kitetts\u00e9get.<\/p>\n<p>A term\u00e9k v\u00e9delme a sziv\u00e1rg\u00e1st\u00f3l, es\u0151t\u0151l \u00e9s a szigetel\u00e9st\u0151l sz\u00e1ll\u00edt\u00e1s k\u00f6zben.<\/p>\n<\/div>\n<h2><strong><b>L\u00e9pjen kapcsolatba vel\u00fcnk most!<\/b><\/strong><\/h2>\n<h4><strong><b>Ha COA, MSDS vagy TDS-re van sz\u00fcks\u00e9ge, k\u00e9rj\u00fck, t\u00f6ltse ki el\u00e9rhet\u0151s\u00e9g\u00e9t az al\u00e1bbi \u0171rlapon, \u00e1ltal\u00e1ban 24 \u00f3r\u00e1n bel\u00fcl felvessz\u00fck \u00d6nnel a kapcsolatot. \u00d6n is k\u00fcldhet nekem e-mailt<span style=\"color: #00ccff;\"> <a style=\"color: #00ccff;\" href=\"mailto:info@longchangchemical.com\">info@longchangchemical.com<\/a><\/span> munkaid\u0151ben ( 8:30-18:00 UTC+8 H.-Szombat ) vagy haszn\u00e1lja a weboldal \u00e9l\u0151 chatj\u00e9t, hogy azonnali v\u00e1laszt kapjon.<\/b><\/strong><\/h4>","protected":false},"excerpt":{"rendered":"<p>Term\u00e9kle\u00edr\u00e1s: A term\u00e9k le\u00edr\u00e1sa: Reakt\u00edv szilikon adal\u00e9kanyag akrilsav funkci\u00f3s csoporttal<\/p>\n<p>Term\u00e9ksz\u00e1m: UV-D7700d<\/p>\n<p>Teljesen kicser\u00e9lt - TEGO Rad 2700<\/p>\n<p>Megjelen\u00e9s: Enyh\u00e9n s\u00e1rg\u00e1s vagy s\u00e1rg\u00e1s zavaros folyad\u00e9k<\/p>\n<p>Viszkozit\u00e1s: Viszkozit\u00e1s: 3000-10000 mPa-s<\/p>\n<p>Csomag: 25KG vagy 180KG\/dob<\/p>","protected":false},"featured_media":3099,"comment_status":"closed","ping_status":"closed","template":"","meta":[],"product_brand":[],"product_cat":[138],"product_tag":[],"class_list":{"0":"post-5902","1":"product","2":"type-product","3":"status-publish","4":"has-post-thumbnail","6":"product_cat-coating-and-ink-additives","8":"first","9":"instock","10":"shipping-taxable","11":"product-type-simple"},"yoast_head":"<!-- This site is optimized with the Yoast SEO plugin v25.3.1 - https:\/\/yoast.com\/wordpress\/plugins\/seo\/ -->\n<title>TEGO Rad 2700 Manufacturer \/ Acrylic Reactive Silicone Additives - Longchang Chemical<\/title>\n<meta name=\"description\" content=\"UV-D7700D is Reactive silicon additive with acrylic functional group-Silicone polyether acrylate with crosslinked free radical,can Completely replaced- TEGO Rad 2700,BYK-UV3510; We are the leading coating and Ink addtives - Surface Additives, Substrate Wetting Agents, Wetting and Dispersing Additives, Defoamers, Leveling Agents, Adhesion Additives and Anti-Graffiti Additives manufacturer and supplier in China with the best quanlity and competitive price.\" \/>\n<meta name=\"robots\" content=\"index, follow, max-snippet:-1, max-image-preview:large, max-video-preview:-1\" \/>\n<link rel=\"canonical\" href=\"https:\/\/longchangchemical.com\/hu\/product\/agesin-uv-d7700d-tego-rad-2700\/\" \/>\n<meta property=\"og:locale\" content=\"hu_HU\" \/>\n<meta property=\"og:type\" content=\"article\" \/>\n<meta property=\"og:title\" content=\"TEGO Rad 2700 Manufacturer \/ Acrylic Reactive Silicone Additives - Longchang Chemical\" \/>\n<meta property=\"og:description\" content=\"UV-D7700D is Reactive silicon additive with acrylic functional group-Silicone polyether acrylate with crosslinked free radical,can Completely replaced- TEGO Rad 2700,BYK-UV3510; We are the leading coating and Ink addtives - Surface Additives, Substrate Wetting Agents, Wetting and Dispersing Additives, Defoamers, Leveling Agents, Adhesion Additives and Anti-Graffiti Additives manufacturer and supplier in China with the best quanlity and competitive price.\" \/>\n<meta property=\"og:url\" content=\"https:\/\/longchangchemical.com\/hu\/product\/agesin-uv-d7700d-tego-rad-2700\/\" \/>\n<meta property=\"og:site_name\" content=\"Longchang Chemical\" \/>\n<meta property=\"article:modified_time\" content=\"2026-05-08T02:59:50+00:00\" \/>\n<meta property=\"og:image\" content=\"https:\/\/longchangchemical.com\/wp-content\/uploads\/2020\/09\/dts1MrvOTESVXEVAphlu7w.jpg\" \/>\n\t<meta property=\"og:image:width\" content=\"722\" \/>\n\t<meta property=\"og:image:height\" content=\"325\" \/>\n\t<meta property=\"og:image:type\" content=\"image\/jpeg\" \/>\n<meta name=\"twitter:card\" content=\"summary_large_image\" \/>\n<script type=\"application\/ld+json\" class=\"yoast-schema-graph\">{\"@context\":\"https:\/\/schema.org\",\"@graph\":[{\"@type\":\"WebPage\",\"@id\":\"https:\/\/longchangchemical.com\/product\/agesin-uv-d7700d-tego-rad-2700\/\",\"url\":\"https:\/\/longchangchemical.com\/product\/agesin-uv-d7700d-tego-rad-2700\/\",\"name\":\"TEGO Rad 2700 Manufacturer \/ Acrylic Reactive Silicone Additives - Longchang Chemical\",\"isPartOf\":{\"@id\":\"https:\/\/longchangchemical.com\/#website\"},\"primaryImageOfPage\":{\"@id\":\"https:\/\/longchangchemical.com\/product\/agesin-uv-d7700d-tego-rad-2700\/#primaryimage\"},\"image\":{\"@id\":\"https:\/\/longchangchemical.com\/product\/agesin-uv-d7700d-tego-rad-2700\/#primaryimage\"},\"thumbnailUrl\":\"https:\/\/longchangchemical.com\/wp-content\/uploads\/2020\/09\/dts1MrvOTESVXEVAphlu7w.jpg\",\"datePublished\":\"2023-02-08T10:48:42+00:00\",\"dateModified\":\"2026-05-08T02:59:50+00:00\",\"description\":\"UV-D7700D is Reactive silicon additive with acrylic functional group-Silicone polyether acrylate with crosslinked free radical,can Completely replaced- TEGO Rad 2700,BYK-UV3510; We are the leading coating and Ink addtives - Surface Additives, Substrate Wetting Agents, Wetting and Dispersing Additives, Defoamers, Leveling Agents, Adhesion Additives and Anti-Graffiti Additives manufacturer and supplier in China with the best quanlity and competitive price.\",\"breadcrumb\":{\"@id\":\"https:\/\/longchangchemical.com\/product\/agesin-uv-d7700d-tego-rad-2700\/#breadcrumb\"},\"inLanguage\":\"hu\",\"potentialAction\":[{\"@type\":\"ReadAction\",\"target\":[\"https:\/\/longchangchemical.com\/product\/agesin-uv-d7700d-tego-rad-2700\/\"]}]},{\"@type\":\"ImageObject\",\"inLanguage\":\"hu\",\"@id\":\"https:\/\/longchangchemical.com\/product\/agesin-uv-d7700d-tego-rad-2700\/#primaryimage\",\"url\":\"https:\/\/longchangchemical.com\/wp-content\/uploads\/2020\/09\/dts1MrvOTESVXEVAphlu7w.jpg\",\"contentUrl\":\"https:\/\/longchangchemical.com\/wp-content\/uploads\/2020\/09\/dts1MrvOTESVXEVAphlu7w.jpg\",\"width\":722,\"height\":325,\"caption\":\"about longchang\"},{\"@type\":\"BreadcrumbList\",\"@id\":\"https:\/\/longchangchemical.com\/product\/agesin-uv-d7700d-tego-rad-2700\/#breadcrumb\",\"itemListElement\":[{\"@type\":\"ListItem\",\"position\":1,\"name\":\"Home\",\"item\":\"https:\/\/longchangchemical.com\/\"},{\"@type\":\"ListItem\",\"position\":2,\"name\":\"Products Longchang\",\"item\":\"https:\/\/longchangchemical.com\/product\/\"},{\"@type\":\"ListItem\",\"position\":3,\"name\":\"CHLUMICRYL\u00ae UV-D7700D \/ TEGO Rad 2700\"}]},{\"@type\":\"WebSite\",\"@id\":\"https:\/\/longchangchemical.com\/#website\",\"url\":\"https:\/\/longchangchemical.com\/\",\"name\":\"Longchang Chemical\",\"description\":\"China chemical manufacturer \uff06 supplier\",\"publisher\":{\"@id\":\"https:\/\/longchangchemical.com\/#organization\"},\"potentialAction\":[{\"@type\":\"SearchAction\",\"target\":{\"@type\":\"EntryPoint\",\"urlTemplate\":\"https:\/\/longchangchemical.com\/?s={search_term_string}\"},\"query-input\":{\"@type\":\"PropertyValueSpecification\",\"valueRequired\":true,\"valueName\":\"search_term_string\"}}],\"inLanguage\":\"hu\"},{\"@type\":\"Organization\",\"@id\":\"https:\/\/longchangchemical.com\/#organization\",\"name\":\"Longchang Chemical\",\"url\":\"https:\/\/longchangchemical.com\/\",\"logo\":{\"@type\":\"ImageObject\",\"inLanguage\":\"hu\",\"@id\":\"https:\/\/longchangchemical.com\/#\/schema\/logo\/image\/\",\"url\":\"https:\/\/longchangchemical.com\/wp-content\/uploads\/2020\/08\/cropped-longchang-logo.png\",\"contentUrl\":\"https:\/\/longchangchemical.com\/wp-content\/uploads\/2020\/08\/cropped-longchang-logo.png\",\"width\":512,\"height\":512,\"caption\":\"Longchang Chemical\"},\"image\":{\"@id\":\"https:\/\/longchangchemical.com\/#\/schema\/logo\/image\/\"}}]}<\/script>\n<!-- \/ Yoast SEO plugin. -->","yoast_head_json":{"title":"TEGO Rad 2700 gy\u00e1rt\u00f3 \/ Akril reakt\u00edv szilikon adal\u00e9kanyagok - Longchang Chemical","description":"Az UV-D7700D reakt\u00edv szil\u00edcium adal\u00e9kanyag akril funkci\u00f3s csoporttal - szilikon poli\u00e9ter-akril\u00e1t t\u00e9rh\u00e1l\u00f3s\u00edtott szabad gy\u00f6kkel, teljesen helyettes\u00edthet\u0151 - TEGO Rad 2700, BYK-UV3510; Mi vagyunk a vezet\u0151 bevonat \u00e9s fest\u00e9kadal\u00e9kok - fel\u00fcleti adal\u00e9kanyagok, szubsztr\u00e1t nedves\u00edt\u0151szerek, nedves\u00edt\u0151 \u00e9s diszperg\u00e1l\u00f3 adal\u00e9kanyagok, habz\u00e1sg\u00e1tl\u00f3k, szintez\u0151szerek, tapad\u00e1si adal\u00e9kanyagok \u00e9s antigraffiti adal\u00e9kanyagok gy\u00e1rt\u00f3ja \u00e9s sz\u00e1ll\u00edt\u00f3ja K\u00edn\u00e1ban a legjobb min\u0151s\u00e9ggel \u00e9s versenyk\u00e9pes \u00e1ron.","robots":{"index":"index","follow":"follow","max-snippet":"max-snippet:-1","max-image-preview":"max-image-preview:large","max-video-preview":"max-video-preview:-1"},"canonical":"https:\/\/longchangchemical.com\/hu\/product\/agesin-uv-d7700d-tego-rad-2700\/","og_locale":"hu_HU","og_type":"article","og_title":"TEGO Rad 2700 Manufacturer \/ Acrylic Reactive Silicone Additives - Longchang Chemical","og_description":"UV-D7700D is Reactive silicon additive with acrylic functional group-Silicone polyether acrylate with crosslinked free radical,can Completely replaced- TEGO Rad 2700,BYK-UV3510; We are the leading coating and Ink addtives - Surface Additives, Substrate Wetting Agents, Wetting and Dispersing Additives, Defoamers, Leveling Agents, Adhesion Additives and Anti-Graffiti Additives manufacturer and supplier in China with the best quanlity and competitive price.","og_url":"https:\/\/longchangchemical.com\/hu\/product\/agesin-uv-d7700d-tego-rad-2700\/","og_site_name":"Longchang Chemical","article_modified_time":"2026-05-08T02:59:50+00:00","og_image":[{"width":722,"height":325,"url":"https:\/\/longchangchemical.com\/wp-content\/uploads\/2020\/09\/dts1MrvOTESVXEVAphlu7w.jpg","type":"image\/jpeg"}],"twitter_card":"summary_large_image","schema":{"@context":"https:\/\/schema.org","@graph":[{"@type":"WebPage","@id":"https:\/\/longchangchemical.com\/product\/agesin-uv-d7700d-tego-rad-2700\/","url":"https:\/\/longchangchemical.com\/product\/agesin-uv-d7700d-tego-rad-2700\/","name":"TEGO Rad 2700 gy\u00e1rt\u00f3 \/ Akril reakt\u00edv szilikon adal\u00e9kanyagok - Longchang Chemical","isPartOf":{"@id":"https:\/\/longchangchemical.com\/#website"},"primaryImageOfPage":{"@id":"https:\/\/longchangchemical.com\/product\/agesin-uv-d7700d-tego-rad-2700\/#primaryimage"},"image":{"@id":"https:\/\/longchangchemical.com\/product\/agesin-uv-d7700d-tego-rad-2700\/#primaryimage"},"thumbnailUrl":"https:\/\/longchangchemical.com\/wp-content\/uploads\/2020\/09\/dts1MrvOTESVXEVAphlu7w.jpg","datePublished":"2023-02-08T10:48:42+00:00","dateModified":"2026-05-08T02:59:50+00:00","description":"Az UV-D7700D reakt\u00edv szil\u00edcium adal\u00e9kanyag akril funkci\u00f3s csoporttal - szilikon poli\u00e9ter-akril\u00e1t t\u00e9rh\u00e1l\u00f3s\u00edtott szabad gy\u00f6kkel, teljesen helyettes\u00edthet\u0151 - TEGO Rad 2700, BYK-UV3510; Mi vagyunk a vezet\u0151 bevonat \u00e9s fest\u00e9kadal\u00e9kok - fel\u00fcleti adal\u00e9kanyagok, szubsztr\u00e1t nedves\u00edt\u0151szerek, nedves\u00edt\u0151 \u00e9s diszperg\u00e1l\u00f3 adal\u00e9kanyagok, habz\u00e1sg\u00e1tl\u00f3k, szintez\u0151szerek, tapad\u00e1si adal\u00e9kanyagok \u00e9s antigraffiti adal\u00e9kanyagok gy\u00e1rt\u00f3ja \u00e9s sz\u00e1ll\u00edt\u00f3ja K\u00edn\u00e1ban a legjobb min\u0151s\u00e9ggel \u00e9s versenyk\u00e9pes \u00e1ron.","breadcrumb":{"@id":"https:\/\/longchangchemical.com\/product\/agesin-uv-d7700d-tego-rad-2700\/#breadcrumb"},"inLanguage":"hu","potentialAction":[{"@type":"ReadAction","target":["https:\/\/longchangchemical.com\/product\/agesin-uv-d7700d-tego-rad-2700\/"]}]},{"@type":"ImageObject","inLanguage":"hu","@id":"https:\/\/longchangchemical.com\/product\/agesin-uv-d7700d-tego-rad-2700\/#primaryimage","url":"https:\/\/longchangchemical.com\/wp-content\/uploads\/2020\/09\/dts1MrvOTESVXEVAphlu7w.jpg","contentUrl":"https:\/\/longchangchemical.com\/wp-content\/uploads\/2020\/09\/dts1MrvOTESVXEVAphlu7w.jpg","width":722,"height":325,"caption":"about longchang"},{"@type":"BreadcrumbList","@id":"https:\/\/longchangchemical.com\/product\/agesin-uv-d7700d-tego-rad-2700\/#breadcrumb","itemListElement":[{"@type":"ListItem","position":1,"name":"Home","item":"https:\/\/longchangchemical.com\/"},{"@type":"ListItem","position":2,"name":"Products Longchang","item":"https:\/\/longchangchemical.com\/product\/"},{"@type":"ListItem","position":3,"name":"CHLUMICRYL\u00ae UV-D7700D \/ TEGO Rad 2700"}]},{"@type":"WebSite","@id":"https:\/\/longchangchemical.com\/#website","url":"https:\/\/longchangchemical.com\/","name":"Longchang Chemical","description":"K\u00edna k\u00e9miai gy\u00e1rt\u00f3 \uff06 sz\u00e1ll\u00edt\u00f3","publisher":{"@id":"https:\/\/longchangchemical.com\/#organization"},"potentialAction":[{"@type":"SearchAction","target":{"@type":"EntryPoint","urlTemplate":"https:\/\/longchangchemical.com\/?s={search_term_string}"},"query-input":{"@type":"PropertyValueSpecification","valueRequired":true,"valueName":"search_term_string"}}],"inLanguage":"hu"},{"@type":"Organization","@id":"https:\/\/longchangchemical.com\/#organization","name":"Longchang Chemical","url":"https:\/\/longchangchemical.com\/","logo":{"@type":"ImageObject","inLanguage":"hu","@id":"https:\/\/longchangchemical.com\/#\/schema\/logo\/image\/","url":"https:\/\/longchangchemical.com\/wp-content\/uploads\/2020\/08\/cropped-longchang-logo.png","contentUrl":"https:\/\/longchangchemical.com\/wp-content\/uploads\/2020\/08\/cropped-longchang-logo.png","width":512,"height":512,"caption":"Longchang Chemical"},"image":{"@id":"https:\/\/longchangchemical.com\/#\/schema\/logo\/image\/"}}]}},"_links":{"self":[{"href":"https:\/\/longchangchemical.com\/hu\/wp-json\/wp\/v2\/product\/5902","targetHints":{"allow":["GET"]}}],"collection":[{"href":"https:\/\/longchangchemical.com\/hu\/wp-json\/wp\/v2\/product"}],"about":[{"href":"https:\/\/longchangchemical.com\/hu\/wp-json\/wp\/v2\/types\/product"}],"replies":[{"embeddable":true,"href":"https:\/\/longchangchemical.com\/hu\/wp-json\/wp\/v2\/comments?post=5902"}],"wp:featuredmedia":[{"embeddable":true,"href":"https:\/\/longchangchemical.com\/hu\/wp-json\/wp\/v2\/media\/3099"}],"wp:attachment":[{"href":"https:\/\/longchangchemical.com\/hu\/wp-json\/wp\/v2\/media?parent=5902"}],"wp:term":[{"taxonomy":"product_brand","embeddable":true,"href":"https:\/\/longchangchemical.com\/hu\/wp-json\/wp\/v2\/product_brand?post=5902"},{"taxonomy":"product_cat","embeddable":true,"href":"https:\/\/longchangchemical.com\/hu\/wp-json\/wp\/v2\/product_cat?post=5902"},{"taxonomy":"product_tag","embeddable":true,"href":"https:\/\/longchangchemical.com\/hu\/wp-json\/wp\/v2\/product_tag?post=5902"}],"curies":[{"name":"wp","href":"https:\/\/api.w.org\/{rel}","templated":true}]}}