{"id":5900,"date":"2023-02-15T09:15:28","date_gmt":"2023-02-15T09:15:28","guid":{"rendered":"https:\/\/longchangchemical.com\/?post_type=product&#038;p=5900"},"modified":"2025-04-01T07:10:38","modified_gmt":"2025-04-01T07:10:38","slug":"agesin-we-d912r-defoamer","status":"publish","type":"product","link":"https:\/\/longchangchemical.com\/hu\/product\/agesin-we-d912r-defoamer\/","title":{"rendered":"CHLUMICRYL\u00ae DF-D912R \/ Habz\u00e1sg\u00e1tl\u00f3"},"content":{"rendered":"<h1><strong> DF-D912R \/ Habz\u00e1sg\u00e1tl\u00f3<\/strong><\/h1>\n<table style=\"border-collapse: collapse; width: 198.78pt;\" border=\"0\" width=\"265\" cellspacing=\"0\" cellpadding=\"0\">\n<tbody>\n<tr style=\"height: 24.00pt;\">\n<td class=\"et2\" style=\"height: 24.00pt; width: 54.00pt;\" width=\"72\" height=\"32\">\u00d6sszet\u00e9tel<\/td>\n<td class=\"et2\" style=\"width: 144.75pt;\" width=\"193\">Fluorsz\u00e9nnel m\u00f3dos\u00edtott poliszilox\u00e1n oldat<\/td>\n<\/tr>\n<tr style=\"height: 24.00pt;\">\n<td class=\"et2\" style=\"height: 24.00pt; width: 54.00pt;\" width=\"72\" height=\"32\">Megjelen\u00e9s<\/td>\n<td class=\"et2\" style=\"width: 144.75pt;\" width=\"193\">Sz\u00edntelen vagy enyh\u00e9n s\u00e1rga sz\u00edn\u0171, \u00e1tl\u00e1tsz\u00f3 folyad\u00e9k<\/td>\n<\/tr>\n<tr style=\"height: 13.50pt;\">\n<td class=\"et2\" style=\"height: 13.50pt; width: 54.00pt;\" width=\"72\" height=\"18\">old\u00f3szer<\/td>\n<td class=\"et2\" style=\"width: 144.75pt;\" width=\"193\">Izobutil-adip\u00e1t<\/td>\n<\/tr>\n<tr style=\"height: 13.50pt;\">\n<td class=\"et2\" style=\"height: 13.50pt; width: 54.00pt;\" width=\"72\" height=\"18\">S\u0171r\u0171s\u00e9g<\/td>\n<td class=\"et2\" style=\"width: 144.75pt;\" width=\"193\">0,93-0,97 g\/ml (25\u00b11)\u2103<\/td>\n<\/tr>\n<tr style=\"height: 24.00pt;\">\n<td class=\"et2\" style=\"height: 24.00pt; width: 54.00pt;\" width=\"72\" height=\"32\">Viszkozit\u00e1s<\/td>\n<td class=\"et2\" style=\"width: 144.75pt;\" width=\"193\">5-25 s (bevonat-4 poh\u00e1r m\u00f3dszer)(25\u00b10,2)\u2103<\/td>\n<\/tr>\n<tr style=\"height: 36.00pt;\">\n<td class=\"et2\" style=\"height: 36.00pt; width: 54.00pt;\" width=\"72\" height=\"48\">Hat\u00f3anyag-tartalom<\/td>\n<td class=\"et3\" style=\"width: 144.75pt;\" width=\"193\">2%<\/td>\n<\/tr>\n<tr style=\"height: 13.50pt;\">\n<td class=\"et2\" style=\"height: 13.50pt; width: 54.00pt;\" width=\"72\" height=\"18\">Lobban\u00e1spont<\/td>\n<td class=\"et2\" style=\"width: 144.75pt;\" width=\"193\">&gt;100\u2103<\/td>\n<\/tr>\n<\/tbody>\n<\/table>\n<p>&nbsp;<\/p>\n<p>&nbsp;<\/p>\n<p>Megjegyz\u00e9s: Ez a teljes\u00edtm\u00e9ny csak tipikus eredm\u00e9nyeket mutat, \u00e9s nem tekinthet\u0151 specifik\u00e1ci\u00f3nak, a konkr\u00e9t COA alapj\u00e1n.<\/p>\n<p>Alkalmaz\u00e1si ter\u00fcletek<\/p>\n<p>Old\u00f3szer alap\u00fa rendszerek<\/p>\n<p>F\u0151 tulajdons\u00e1gok<\/p>\n<p>1\u3001Jobb lakk kompatibilit\u00e1s.<br \/>\n2\u3001Kiv\u00e1l\u00f3 habz\u00e1sg\u00e1tl\u00f3 \u00e9s habmentes\u00edt\u0151 tulajdons\u00e1gok.<br \/>\n3\u3001Ez er\u0151sen cs\u00f6kkentheti a rendszer fel\u00fcleti fesz\u00fclts\u00e9g\u00e9t, \u00e9s tov\u00e1bbi v\u00edzkiszor\u00edt\u00e1sg\u00e1tl\u00f3 k\u00e9pess\u00e9get biztos\u00edt.<\/p>\n<p>M\u00f3dszer haszn\u00e1lata<\/p>\n<p>A rendszer habz\u00e1sg\u00e1tl\u00e1s\u00e1nak, habtelen\u00edt\u00e9s\u00e9nek \u00e9s habtelen\u00edt\u00e9si sebess\u00e9g\u00e9nek jav\u00edt\u00e1sa \u00e9rdek\u00e9ben a csiszol\u00f3anyaghoz kell hozz\u00e1adni.<\/p>\n<p>Aj\u00e1nlott adagol\u00e1s<\/p>\n<p>Hozz\u00e1ad\u00e1si mennyis\u00e9g (teljes k\u00e9sz\u00edtm\u00e9ny) 0,1-0,25%<\/p>\n<p>T\u00e1rol\u00e1si stabilit\u00e1s<\/p>\n<p>Bontatlan eredeti csomagol\u00e1sban 24 h\u00f3napig tartand\u00f3. 5 \u00b0C alatti h\u0151m\u00e9rs\u00e9kleten r\u00e9tegz\u0151d\u00e9s \u00e9s zavaross\u00e1g fordulhat el\u0151. A meleg\u00edt\u00e9s \u00e9s a felhaszn\u00e1l\u00e1s el\u0151tti alapos kever\u00e9s nem befoly\u00e1solja a term\u00e9k min\u0151s\u00e9g\u00e9t. A term\u00e9k a t\u00e1rol\u00e1si id\u0151n t\u00fal, \u00e1tesett ellen\u0151rz\u00e9s ut\u00e1n tov\u00e1bb haszn\u00e1lhat\u00f3. Miel\u0151tt a tart\u00e1ly teljesen ki\u00fcr\u00fclne, haszn\u00e1lat ut\u00e1n azonnal szorosan le kell z\u00e1rni.<\/p>\n<p>Csomagol\u00e1s<\/p>\n<p>25KG \/ 180KG<\/p>\n<p>&nbsp;<\/p>\n<h2><strong><b>L\u00e9pjen kapcsolatba vel\u00fcnk most!<\/b><\/strong><\/h2>\n<h4><strong><b>Ha COA, MSDS vagy TDS-re van sz\u00fcks\u00e9ge, k\u00e9rj\u00fck, t\u00f6ltse ki el\u00e9rhet\u0151s\u00e9g\u00e9t az al\u00e1bbi \u0171rlapon, \u00e1ltal\u00e1ban 24 \u00f3r\u00e1n bel\u00fcl felvessz\u00fck \u00d6nnel a kapcsolatot. \u00d6n is k\u00fcldhet nekem e-mailt<span style=\"color: #00ccff;\"> <a style=\"color: #00ccff;\" href=\"mailto:info@longchangchemical.com\">info@longchangchemical.com<\/a><\/span> munkaid\u0151ben ( 8:30-18:00 UTC+8 H.-Szombat ) vagy haszn\u00e1lja a weboldal \u00e9l\u0151 chatj\u00e9t, hogy azonnali v\u00e1laszt kapjon.<\/b><\/strong><\/h4>","protected":false},"excerpt":{"rendered":"<p>DF-D912R \/ Defoamer \u00d6sszet\u00e9tel Fluorsz\u00e9nnel m\u00f3dos\u00edtott poliszilox\u00e1n oldat Megjelen\u00e9s Sz\u00edntelen vagy enyh\u00e9n s\u00e1rga \u00e1tl\u00e1tsz\u00f3 folyad\u00e9k Old\u00f3szer Izobutil-adip\u00e1t S\u0171r\u0171s\u00e9g 0,93-0,97 g\/ml (25\u00b11)\u2103 Viszkozit\u00e1s 5-25 s (bevonat-4 cs\u00e9sze m\u00f3dszer)(25\u00b10,2)\u2103 Hat\u00f3anyag tartalom 2% Lobban\u00e1spont &gt;100\u2103 Megjegyz\u00e9s: Ez a teljes\u00edtm\u00e9ny csak tipikus eredm\u00e9nyeket mutat, \u00e9s nem tekinthet\u0151 specifik\u00e1ci\u00f3nak, az adott COA alapj\u00e1n. [...]<\/p>","protected":false},"featured_media":5932,"comment_status":"closed","ping_status":"closed","template":"","meta":[],"product_brand":[],"product_cat":[138],"product_tag":[],"class_list":{"0":"post-5900","1":"product","2":"type-product","3":"status-publish","4":"has-post-thumbnail","6":"product_cat-coating-and-ink-additives","8":"first","9":"instock","10":"shipping-taxable","11":"product-type-simple"},"yoast_head":"<!-- This site is optimized with the Yoast SEO plugin v25.3.1 - https:\/\/yoast.com\/wordpress\/plugins\/seo\/ -->\n<title>China CHLUMICRYL\u00ae DF-D912R \/ Defoamer Manufacturer - Longchang Chemical<\/title>\n<meta name=\"description\" content=\"CHLUMICRYL\u00ae DF-D912R \/ Defoamer is a key product of Longchang Chemical. We provide the best price. We are the leading manufacturer in China with the best quality and competitive price.\" \/>\n<meta name=\"robots\" content=\"index, follow, max-snippet:-1, max-image-preview:large, max-video-preview:-1\" \/>\n<link rel=\"canonical\" href=\"https:\/\/longchangchemical.com\/hu\/product\/agesin-we-d912r-defoamer\/\" \/>\n<meta property=\"og:locale\" content=\"hu_HU\" \/>\n<meta property=\"og:type\" content=\"article\" \/>\n<meta property=\"og:title\" content=\"China CHLUMICRYL\u00ae DF-D912R \/ Defoamer Manufacturer - Longchang Chemical\" \/>\n<meta property=\"og:description\" content=\"CHLUMICRYL\u00ae DF-D912R \/ Defoamer is a key product of Longchang Chemical. We provide the best price. We are the leading manufacturer in China with the best quality and competitive price.\" \/>\n<meta property=\"og:url\" content=\"https:\/\/longchangchemical.com\/hu\/product\/agesin-we-d912r-defoamer\/\" \/>\n<meta property=\"og:site_name\" content=\"Longchang Chemical\" \/>\n<meta property=\"article:modified_time\" content=\"2025-04-01T07:10:38+00:00\" \/>\n<meta property=\"og:image\" content=\"https:\/\/longchangchemical.com\/wp-content\/uploads\/2023\/02\/-WE-D912R.jpg\" \/>\n\t<meta property=\"og:image:width\" content=\"800\" \/>\n\t<meta property=\"og:image:height\" content=\"800\" \/>\n\t<meta property=\"og:image:type\" content=\"image\/jpeg\" \/>\n<meta name=\"twitter:card\" content=\"summary_large_image\" \/>\n<script type=\"application\/ld+json\" class=\"yoast-schema-graph\">{\"@context\":\"https:\/\/schema.org\",\"@graph\":[{\"@type\":\"WebPage\",\"@id\":\"https:\/\/longchangchemical.com\/product\/agesin-we-d912r-defoamer\/\",\"url\":\"https:\/\/longchangchemical.com\/product\/agesin-we-d912r-defoamer\/\",\"name\":\"China CHLUMICRYL\u00ae DF-D912R \/ Defoamer Manufacturer - Longchang Chemical\",\"isPartOf\":{\"@id\":\"https:\/\/longchangchemical.com\/#website\"},\"primaryImageOfPage\":{\"@id\":\"https:\/\/longchangchemical.com\/product\/agesin-we-d912r-defoamer\/#primaryimage\"},\"image\":{\"@id\":\"https:\/\/longchangchemical.com\/product\/agesin-we-d912r-defoamer\/#primaryimage\"},\"thumbnailUrl\":\"https:\/\/longchangchemical.com\/wp-content\/uploads\/2023\/02\/-WE-D912R.jpg\",\"datePublished\":\"2023-02-15T09:15:28+00:00\",\"dateModified\":\"2025-04-01T07:10:38+00:00\",\"description\":\"CHLUMICRYL\u00ae DF-D912R \/ Defoamer is a key product of Longchang Chemical. We provide the best price. We are the leading manufacturer in China with the best quality and competitive price.\",\"breadcrumb\":{\"@id\":\"https:\/\/longchangchemical.com\/product\/agesin-we-d912r-defoamer\/#breadcrumb\"},\"inLanguage\":\"hu\",\"potentialAction\":[{\"@type\":\"ReadAction\",\"target\":[\"https:\/\/longchangchemical.com\/product\/agesin-we-d912r-defoamer\/\"]}]},{\"@type\":\"ImageObject\",\"inLanguage\":\"hu\",\"@id\":\"https:\/\/longchangchemical.com\/product\/agesin-we-d912r-defoamer\/#primaryimage\",\"url\":\"https:\/\/longchangchemical.com\/wp-content\/uploads\/2023\/02\/-WE-D912R.jpg\",\"contentUrl\":\"https:\/\/longchangchemical.com\/wp-content\/uploads\/2023\/02\/-WE-D912R.jpg\",\"width\":800,\"height\":800},{\"@type\":\"BreadcrumbList\",\"@id\":\"https:\/\/longchangchemical.com\/product\/agesin-we-d912r-defoamer\/#breadcrumb\",\"itemListElement\":[{\"@type\":\"ListItem\",\"position\":1,\"name\":\"Home\",\"item\":\"https:\/\/longchangchemical.com\/\"},{\"@type\":\"ListItem\",\"position\":2,\"name\":\"Products Longchang\",\"item\":\"https:\/\/longchangchemical.com\/product\/\"},{\"@type\":\"ListItem\",\"position\":3,\"name\":\"CHLUMICRYL\u00ae DF-D912R \/ Defoamer\"}]},{\"@type\":\"WebSite\",\"@id\":\"https:\/\/longchangchemical.com\/#website\",\"url\":\"https:\/\/longchangchemical.com\/\",\"name\":\"Longchang Chemical\",\"description\":\"China chemical manufacturer \uff06 supplier\",\"publisher\":{\"@id\":\"https:\/\/longchangchemical.com\/#organization\"},\"potentialAction\":[{\"@type\":\"SearchAction\",\"target\":{\"@type\":\"EntryPoint\",\"urlTemplate\":\"https:\/\/longchangchemical.com\/?s={search_term_string}\"},\"query-input\":{\"@type\":\"PropertyValueSpecification\",\"valueRequired\":true,\"valueName\":\"search_term_string\"}}],\"inLanguage\":\"hu\"},{\"@type\":\"Organization\",\"@id\":\"https:\/\/longchangchemical.com\/#organization\",\"name\":\"Longchang Chemical\",\"url\":\"https:\/\/longchangchemical.com\/\",\"logo\":{\"@type\":\"ImageObject\",\"inLanguage\":\"hu\",\"@id\":\"https:\/\/longchangchemical.com\/#\/schema\/logo\/image\/\",\"url\":\"https:\/\/longchangchemical.com\/wp-content\/uploads\/2020\/08\/cropped-longchang-logo.png\",\"contentUrl\":\"https:\/\/longchangchemical.com\/wp-content\/uploads\/2020\/08\/cropped-longchang-logo.png\",\"width\":512,\"height\":512,\"caption\":\"Longchang Chemical\"},\"image\":{\"@id\":\"https:\/\/longchangchemical.com\/#\/schema\/logo\/image\/\"}}]}<\/script>\n<!-- \/ Yoast SEO plugin. -->","yoast_head_json":{"title":"K\u00edna CHLUMICRYL\u00ae DF-D912R \/ Defoamer gy\u00e1rt\u00f3 - Longchang Chemical","description":"A CHLUMICRYL\u00ae DF-D912R \/ Defoamer a Longchang Chemical egyik legfontosabb term\u00e9ke. A legjobb \u00e1rat biztos\u00edtjuk. Mi vagyunk a vezet\u0151 gy\u00e1rt\u00f3 K\u00edn\u00e1ban a legjobb min\u0151s\u00e9ggel \u00e9s versenyk\u00e9pes \u00e1rral.","robots":{"index":"index","follow":"follow","max-snippet":"max-snippet:-1","max-image-preview":"max-image-preview:large","max-video-preview":"max-video-preview:-1"},"canonical":"https:\/\/longchangchemical.com\/hu\/product\/agesin-we-d912r-defoamer\/","og_locale":"hu_HU","og_type":"article","og_title":"China CHLUMICRYL\u00ae DF-D912R \/ Defoamer Manufacturer - Longchang Chemical","og_description":"CHLUMICRYL\u00ae DF-D912R \/ Defoamer is a key product of Longchang Chemical. We provide the best price. We are the leading manufacturer in China with the best quality and competitive price.","og_url":"https:\/\/longchangchemical.com\/hu\/product\/agesin-we-d912r-defoamer\/","og_site_name":"Longchang Chemical","article_modified_time":"2025-04-01T07:10:38+00:00","og_image":[{"width":800,"height":800,"url":"https:\/\/longchangchemical.com\/wp-content\/uploads\/2023\/02\/-WE-D912R.jpg","type":"image\/jpeg"}],"twitter_card":"summary_large_image","schema":{"@context":"https:\/\/schema.org","@graph":[{"@type":"WebPage","@id":"https:\/\/longchangchemical.com\/product\/agesin-we-d912r-defoamer\/","url":"https:\/\/longchangchemical.com\/product\/agesin-we-d912r-defoamer\/","name":"K\u00edna CHLUMICRYL\u00ae DF-D912R \/ Defoamer gy\u00e1rt\u00f3 - Longchang Chemical","isPartOf":{"@id":"https:\/\/longchangchemical.com\/#website"},"primaryImageOfPage":{"@id":"https:\/\/longchangchemical.com\/product\/agesin-we-d912r-defoamer\/#primaryimage"},"image":{"@id":"https:\/\/longchangchemical.com\/product\/agesin-we-d912r-defoamer\/#primaryimage"},"thumbnailUrl":"https:\/\/longchangchemical.com\/wp-content\/uploads\/2023\/02\/-WE-D912R.jpg","datePublished":"2023-02-15T09:15:28+00:00","dateModified":"2025-04-01T07:10:38+00:00","description":"A CHLUMICRYL\u00ae DF-D912R \/ Defoamer a Longchang Chemical egyik legfontosabb term\u00e9ke. A legjobb \u00e1rat biztos\u00edtjuk. Mi vagyunk a vezet\u0151 gy\u00e1rt\u00f3 K\u00edn\u00e1ban a legjobb min\u0151s\u00e9ggel \u00e9s versenyk\u00e9pes \u00e1rral.","breadcrumb":{"@id":"https:\/\/longchangchemical.com\/product\/agesin-we-d912r-defoamer\/#breadcrumb"},"inLanguage":"hu","potentialAction":[{"@type":"ReadAction","target":["https:\/\/longchangchemical.com\/product\/agesin-we-d912r-defoamer\/"]}]},{"@type":"ImageObject","inLanguage":"hu","@id":"https:\/\/longchangchemical.com\/product\/agesin-we-d912r-defoamer\/#primaryimage","url":"https:\/\/longchangchemical.com\/wp-content\/uploads\/2023\/02\/-WE-D912R.jpg","contentUrl":"https:\/\/longchangchemical.com\/wp-content\/uploads\/2023\/02\/-WE-D912R.jpg","width":800,"height":800},{"@type":"BreadcrumbList","@id":"https:\/\/longchangchemical.com\/product\/agesin-we-d912r-defoamer\/#breadcrumb","itemListElement":[{"@type":"ListItem","position":1,"name":"Home","item":"https:\/\/longchangchemical.com\/"},{"@type":"ListItem","position":2,"name":"Products Longchang","item":"https:\/\/longchangchemical.com\/product\/"},{"@type":"ListItem","position":3,"name":"CHLUMICRYL\u00ae DF-D912R \/ Defoamer"}]},{"@type":"WebSite","@id":"https:\/\/longchangchemical.com\/#website","url":"https:\/\/longchangchemical.com\/","name":"Longchang Chemical","description":"K\u00edna k\u00e9miai gy\u00e1rt\u00f3 \uff06 sz\u00e1ll\u00edt\u00f3","publisher":{"@id":"https:\/\/longchangchemical.com\/#organization"},"potentialAction":[{"@type":"SearchAction","target":{"@type":"EntryPoint","urlTemplate":"https:\/\/longchangchemical.com\/?s={search_term_string}"},"query-input":{"@type":"PropertyValueSpecification","valueRequired":true,"valueName":"search_term_string"}}],"inLanguage":"hu"},{"@type":"Organization","@id":"https:\/\/longchangchemical.com\/#organization","name":"Longchang Chemical","url":"https:\/\/longchangchemical.com\/","logo":{"@type":"ImageObject","inLanguage":"hu","@id":"https:\/\/longchangchemical.com\/#\/schema\/logo\/image\/","url":"https:\/\/longchangchemical.com\/wp-content\/uploads\/2020\/08\/cropped-longchang-logo.png","contentUrl":"https:\/\/longchangchemical.com\/wp-content\/uploads\/2020\/08\/cropped-longchang-logo.png","width":512,"height":512,"caption":"Longchang Chemical"},"image":{"@id":"https:\/\/longchangchemical.com\/#\/schema\/logo\/image\/"}}]}},"_links":{"self":[{"href":"https:\/\/longchangchemical.com\/hu\/wp-json\/wp\/v2\/product\/5900","targetHints":{"allow":["GET"]}}],"collection":[{"href":"https:\/\/longchangchemical.com\/hu\/wp-json\/wp\/v2\/product"}],"about":[{"href":"https:\/\/longchangchemical.com\/hu\/wp-json\/wp\/v2\/types\/product"}],"replies":[{"embeddable":true,"href":"https:\/\/longchangchemical.com\/hu\/wp-json\/wp\/v2\/comments?post=5900"}],"wp:featuredmedia":[{"embeddable":true,"href":"https:\/\/longchangchemical.com\/hu\/wp-json\/wp\/v2\/media\/5932"}],"wp:attachment":[{"href":"https:\/\/longchangchemical.com\/hu\/wp-json\/wp\/v2\/media?parent=5900"}],"wp:term":[{"taxonomy":"product_brand","embeddable":true,"href":"https:\/\/longchangchemical.com\/hu\/wp-json\/wp\/v2\/product_brand?post=5900"},{"taxonomy":"product_cat","embeddable":true,"href":"https:\/\/longchangchemical.com\/hu\/wp-json\/wp\/v2\/product_cat?post=5900"},{"taxonomy":"product_tag","embeddable":true,"href":"https:\/\/longchangchemical.com\/hu\/wp-json\/wp\/v2\/product_tag?post=5900"}],"curies":[{"name":"wp","href":"https:\/\/api.w.org\/{rel}","templated":true}]}}