{"id":5876,"date":"2023-01-29T06:19:29","date_gmt":"2023-01-29T06:19:29","guid":{"rendered":"https:\/\/longchangchemical.com\/?post_type=product&#038;p=5876"},"modified":"2025-04-01T07:11:20","modified_gmt":"2025-04-01T07:11:20","slug":"agesin-la-d5432-tego-glide-432","status":"publish","type":"product","link":"https:\/\/longchangchemical.com\/hu\/product\/agesin-la-d5432-tego-glide-432\/","title":{"rendered":"CHLUMICRYL\u00ae LA-D5432 \/ TEGO Glide 432"},"content":{"rendered":"<h1><strong> LA-D5432 \/ TEGO Glide 432<\/strong><\/h1>\n<table style=\"border-collapse: collapse; width: 271.52pt;\" border=\"0\" width=\"362\" cellspacing=\"0\" cellpadding=\"0\">\n<tbody>\n<tr style=\"height: 27.00pt;\">\n<td class=\"et2\" style=\"height: 27.00pt; width: 104.25pt;\" width=\"139\" height=\"36\">\u00d6sszet\u00e9tel<\/td>\n<td class=\"et2\" style=\"width: 167.25pt;\" width=\"223\">Poli\u00e9terrel m\u00f3dos\u00edtott polietil-szilox\u00e1n<\/td>\n<\/tr>\n<tr style=\"height: 40.50pt;\">\n<td class=\"et2\" style=\"height: 40.50pt; width: 104.25pt;\" width=\"139\" height=\"54\">Megjelen\u00e9s<\/td>\n<td class=\"et2\" style=\"width: 167.25pt;\" width=\"223\">enyh\u00e9n s\u00e1rg\u00e1s, tiszta folyad\u00e9k (alacsony h\u0151m\u00e9rs\u00e9kleten paszta)<\/td>\n<\/tr>\n<tr style=\"height: 13.50pt;\">\n<td class=\"et2\" style=\"height: 13.50pt; width: 104.25pt;\" width=\"139\" height=\"18\">old\u00f3szer<\/td>\n<td class=\"et2\" style=\"width: 167.25pt;\" width=\"223\">--<\/td>\n<\/tr>\n<tr style=\"height: 13.50pt;\">\n<td class=\"et2\" style=\"height: 13.50pt; width: 104.25pt;\" width=\"139\" height=\"18\">S\u0171r\u0171s\u00e9g<\/td>\n<td class=\"et2\" style=\"width: 167.25pt;\" width=\"223\">1,01-1,05g\/ml(25\u00b11)\u2103<\/td>\n<\/tr>\n<tr style=\"height: 27.00pt;\">\n<td class=\"et2\" style=\"height: 27.00pt; width: 104.25pt;\" width=\"139\" height=\"36\">Viszkozit\u00e1s<\/td>\n<td class=\"et2\" style=\"width: 167.25pt;\" width=\"223\">20-80s(Tu-4 viscometer)(25\u00b10.2)\u2103<\/td>\n<\/tr>\n<tr style=\"height: 13.50pt;\">\n<td class=\"et2\" style=\"height: 13.50pt; width: 104.25pt;\" width=\"139\" height=\"18\">Hat\u00f3anyag<\/td>\n<td class=\"et3\" style=\"width: 167.25pt;\" width=\"223\">100%<\/td>\n<\/tr>\n<tr style=\"height: 13.50pt;\">\n<td class=\"et2\" style=\"height: 13.50pt; width: 104.25pt;\" width=\"139\" height=\"18\">Lobban\u00e1spont<\/td>\n<td class=\"et2\" style=\"width: 167.25pt;\" width=\"223\">\uff1e100\u2103<\/td>\n<\/tr>\n<\/tbody>\n<\/table>\n<p>Megjegyz\u00e9s: Ez az adatlap tipikus, nem szabv\u00e1nyos eredm\u00e9nyeket k\u00edv\u00e1n megadni.A COA f\u00fcggv\u00e9ny\u00e9ben.<\/p>\n<p><strong>Alkalmaz\u00e1si rendszer<\/strong><\/p>\n<p>UV gy\u00f3gy\u00edt\u00e1s<\/p>\n<p><strong>Tulajdons\u00e1gok<\/strong><\/p>\n<p>\u25cf Kiv\u00e1l\u00f3 kompatibilit\u00e1s a lakkban.<br \/>\n\u25cf A fel\u00fcleti fesz\u00fclts\u00e9g er\u0151sebb cs\u00f6kkent\u00e9s\u00e9t biztos\u00edtja.<br \/>\n\u25cf Cs\u00f6kkentse a s\u00farl\u00f3d\u00e1si egy\u00fctthat\u00f3t. N\u00f6veli a cs\u00fasz\u00e1st \u00e9s a tapad\u00e1sg\u00e1tl\u00e1st.<br \/>\n\u25cf Alacsony h\u0151m\u00e9rs\u00e9kleten zavaros \u00e9s viszk\u00f3zus lehet. Meleg\u00edt\u00e9s ut\u00e1n \u00e1tl\u00e1tsz\u00f3v\u00e1 \u00e9s foly\u00e9konny\u00e1 v\u00e1lik. Ez nem befoly\u00e1solja a min\u0151s\u00e9get.<\/p>\n<p><strong>Bejegyz\u00e9s<\/strong><\/p>\n<p>K\u00f6nnyen hozz\u00e1adhat\u00f3 az el\u0151h\u00edg\u00edtott old\u00f3szerrel, amely megegyezik a bevonatrendszerben l\u00e9v\u0151vel. K\u00e9s\u0151bbi l\u00e9p\u00e9sben is hozz\u00e1adhat\u00f3.<\/p>\n<p><strong>Javasoljon kieg\u00e9sz\u00edt\u00e9st<\/strong><\/p>\n<p>Hozz\u00e1ad\u00e1s a teljes k\u00e9sz\u00edtm\u00e9nyhez 0,01-0,5%<\/p>\n<p><strong>T\u00e1rol\u00e1si stabilit\u00e1s<\/strong><\/p>\n<p>Eredeti csomagol\u00e1sban 24 h\u00f3napig \u00e9rintetlen\u00fcl tarthat\u00f3.A term\u00e9kek a t\u00e1rol\u00e1si id\u0151n t\u00fal, ellen\u0151rz\u00e9s ut\u00e1n tov\u00e1bb haszn\u00e1lhat\u00f3k. A t\u00e1rol\u00f3ed\u00e9nyt haszn\u00e1lat ut\u00e1n azonnal le kell z\u00e1rni.<\/p>\n<p><strong>Alkalmaz\u00e1si aj\u00e1nl\u00e1s<\/strong><\/p>\n<table style=\"border-collapse: collapse; width: 229.53pt;\" border=\"0\" width=\"306\" cellspacing=\"0\" cellpadding=\"0\">\n<tbody>\n<tr style=\"height: 13.50pt;\">\n<td class=\"et2\" style=\"height: 13.50pt; width: 175.50pt;\" width=\"234\" height=\"18\">\u00c1tl\u00e1that\u00f3s\u00e1g a lakkban<\/td>\n<td class=\"et2\" style=\"width: 54.00pt;\" width=\"72\">5<\/td>\n<\/tr>\n<tr style=\"height: 13.50pt;\">\n<td class=\"et2\" style=\"height: 13.50pt; width: 175.50pt;\" width=\"234\" height=\"18\">Habz\u00e1sg\u00e1tl\u00f3<\/td>\n<td class=\"et2\" style=\"width: 54.00pt;\" width=\"72\">1<\/td>\n<\/tr>\n<tr style=\"height: 13.50pt;\">\n<td class=\"et2\" style=\"height: 13.50pt; width: 175.50pt;\" width=\"234\" height=\"18\">Dinamikus fel\u00fcleti fesz\u00fclts\u00e9g<\/td>\n<td class=\"et2\" style=\"width: 54.00pt;\" width=\"72\">5<\/td>\n<\/tr>\n<tr style=\"height: 13.50pt;\">\n<td class=\"et2\" style=\"height: 13.50pt; width: 175.50pt;\" width=\"234\" height=\"18\">Statikus fel\u00fcleti fesz\u00fclts\u00e9g<\/td>\n<td class=\"et2\" style=\"width: 54.00pt;\" width=\"72\">5<\/td>\n<\/tr>\n<tr style=\"height: 13.50pt;\">\n<td class=\"et2\" style=\"height: 13.50pt; width: 175.50pt;\" width=\"234\" height=\"18\">Slip<\/td>\n<td class=\"et2\" style=\"width: 54.00pt;\" width=\"72\">4<\/td>\n<\/tr>\n<tr style=\"height: 13.50pt;\">\n<td class=\"et2\" style=\"height: 13.50pt; width: 175.50pt;\" width=\"234\" height=\"18\">A narancsh\u00e9j megel\u0151z\u00e9se<\/td>\n<td class=\"et2\" style=\"width: 54.00pt;\" width=\"72\">1<\/td>\n<\/tr>\n<\/tbody>\n<\/table>\n<p>0=nem el\u00e9rhet\u0151 5=nagyon hat\u00e9kony<\/p>\n<p><strong>csomag<\/strong><\/p>\n<p>25KG \/ 180KG<\/p>\n<p><strong><b>T\u00e1rol\u00e1s:<\/b><\/strong><\/p>\n<div>\n<p>Sz\u00e1raz, tiszta, j\u00f3l szell\u0151z\u0151 rakt\u00e1rban tartj\u00e1k.<\/p>\n<p>Ker\u00fclje a f\u00e9nynek \u00e9s a meleg\u00edt\u00e9snek val\u00f3 kitetts\u00e9get.<\/p>\n<p>A term\u00e9k v\u00e9delme a sziv\u00e1rg\u00e1st\u00f3l, es\u0151t\u0151l \u00e9s a szigetel\u00e9st\u0151l sz\u00e1ll\u00edt\u00e1s k\u00f6zben.<\/p>\n<h2><strong><b>L\u00e9pjen kapcsolatba vel\u00fcnk most!<\/b><\/strong><\/h2>\n<h4><strong><b>Ha COA, MSDS vagy TDS-re van sz\u00fcks\u00e9ge, k\u00e9rj\u00fck, t\u00f6ltse ki el\u00e9rhet\u0151s\u00e9g\u00e9t az al\u00e1bbi \u0171rlapon, \u00e1ltal\u00e1ban 24 \u00f3r\u00e1n bel\u00fcl felvessz\u00fck \u00d6nnel a kapcsolatot.<\/b><\/strong> \u00d6n is k\u00fcldhet nekem e-mailt <a href=\"mailto:info@longchangchemical.com\"><span style=\"color: #0000ff;\">info@longchangchemical.com<\/span><\/a> munkaid\u0151ben ( 8:30-18:00 UTC+8 H.-Szombat ) vagy haszn\u00e1lja a weboldal \u00e9l\u0151 chatj\u00e9t, hogy azonnali v\u00e1laszt kapjon.<\/h4>\n<\/div>","protected":false},"excerpt":{"rendered":"<p>LA-D5432 \/ TEGO Glide 432 \u00d6sszet\u00e9tel Poli\u00e9ter m\u00f3dos\u00edtott poli\u00e9ter polidimetil-szilox\u00e1n Megjelen\u00e9s enyh\u00e9n s\u00e1rg\u00e1s, tiszta folyad\u00e9k (alacsony h\u0151m\u00e9rs\u00e9kleten paszta) Old\u00f3szer -- S\u0171r\u0171s\u00e9g 1.01-1.05g\/ml(25\u00b11)\u2103 Viszkozit\u00e1s 20-80s(Tu-4 viszkozim\u00e9ter)(25\u00b10.2)\u2103 Hat\u00f3anyag 100% Lobban\u00e1spont \uff1e100\u2103 Megjegyz\u00e9s: Ez az adatlap tipikus eredm\u00e9nyeket k\u00edv\u00e1n megadni, nem standard. Alkalmaz\u00e1si rendszer UV Cure Tulajdons\u00e1gok \u25cf Kiv\u00e1l\u00f3 kompatibilit\u00e1s lakkban. \u25cf [...]<\/p>","protected":false},"featured_media":5915,"comment_status":"closed","ping_status":"closed","template":"","meta":[],"product_brand":[],"product_cat":[138],"product_tag":[],"class_list":{"0":"post-5876","1":"product","2":"type-product","3":"status-publish","4":"has-post-thumbnail","6":"product_cat-coating-and-ink-additives","8":"first","9":"instock","10":"shipping-taxable","11":"product-type-simple"},"yoast_head":"<!-- This site is optimized with the Yoast SEO plugin v25.3.1 - https:\/\/yoast.com\/wordpress\/plugins\/seo\/ -->\n<title>China CHLUMICRYL\u00ae LA-D5432 \/ TEGO Glide 432 Manufacturer - Longchang Chemical<\/title>\n<meta name=\"description\" content=\"CHLUMICRYL\u00ae LA-D5432 \/ TEGO Glide 432 is a key product of Longchang Chemical. We provide the best price. We are the leading manufacturer in China with the best quality and competitive price.\" \/>\n<meta name=\"robots\" content=\"index, follow, max-snippet:-1, max-image-preview:large, max-video-preview:-1\" \/>\n<link rel=\"canonical\" href=\"https:\/\/longchangchemical.com\/hu\/product\/agesin-la-d5432-tego-glide-432\/\" \/>\n<meta property=\"og:locale\" content=\"hu_HU\" \/>\n<meta property=\"og:type\" content=\"article\" \/>\n<meta property=\"og:title\" content=\"China CHLUMICRYL\u00ae LA-D5432 \/ TEGO Glide 432 Manufacturer - Longchang Chemical\" \/>\n<meta property=\"og:description\" content=\"CHLUMICRYL\u00ae LA-D5432 \/ TEGO Glide 432 is a key product of Longchang Chemical. We provide the best price. We are the leading manufacturer in China with the best quality and competitive price.\" \/>\n<meta property=\"og:url\" content=\"https:\/\/longchangchemical.com\/hu\/product\/agesin-la-d5432-tego-glide-432\/\" \/>\n<meta property=\"og:site_name\" content=\"Longchang Chemical\" \/>\n<meta property=\"article:modified_time\" content=\"2025-04-01T07:11:20+00:00\" \/>\n<meta property=\"og:image\" content=\"https:\/\/longchangchemical.com\/wp-content\/uploads\/2023\/01\/-LA-D5432-TEGO-Glide-432.jpg\" \/>\n\t<meta property=\"og:image:width\" content=\"800\" \/>\n\t<meta property=\"og:image:height\" content=\"800\" \/>\n\t<meta property=\"og:image:type\" content=\"image\/jpeg\" \/>\n<meta name=\"twitter:card\" content=\"summary_large_image\" \/>\n<script type=\"application\/ld+json\" class=\"yoast-schema-graph\">{\"@context\":\"https:\/\/schema.org\",\"@graph\":[{\"@type\":\"WebPage\",\"@id\":\"https:\/\/longchangchemical.com\/product\/agesin-la-d5432-tego-glide-432\/\",\"url\":\"https:\/\/longchangchemical.com\/product\/agesin-la-d5432-tego-glide-432\/\",\"name\":\"China CHLUMICRYL\u00ae LA-D5432 \/ TEGO Glide 432 Manufacturer - Longchang Chemical\",\"isPartOf\":{\"@id\":\"https:\/\/longchangchemical.com\/#website\"},\"primaryImageOfPage\":{\"@id\":\"https:\/\/longchangchemical.com\/product\/agesin-la-d5432-tego-glide-432\/#primaryimage\"},\"image\":{\"@id\":\"https:\/\/longchangchemical.com\/product\/agesin-la-d5432-tego-glide-432\/#primaryimage\"},\"thumbnailUrl\":\"https:\/\/longchangchemical.com\/wp-content\/uploads\/2023\/01\/-LA-D5432-TEGO-Glide-432.jpg\",\"datePublished\":\"2023-01-29T06:19:29+00:00\",\"dateModified\":\"2025-04-01T07:11:20+00:00\",\"description\":\"CHLUMICRYL\u00ae LA-D5432 \/ TEGO Glide 432 is a key product of Longchang Chemical. We provide the best price. We are the leading manufacturer in China with the best quality and competitive price.\",\"breadcrumb\":{\"@id\":\"https:\/\/longchangchemical.com\/product\/agesin-la-d5432-tego-glide-432\/#breadcrumb\"},\"inLanguage\":\"hu\",\"potentialAction\":[{\"@type\":\"ReadAction\",\"target\":[\"https:\/\/longchangchemical.com\/product\/agesin-la-d5432-tego-glide-432\/\"]}]},{\"@type\":\"ImageObject\",\"inLanguage\":\"hu\",\"@id\":\"https:\/\/longchangchemical.com\/product\/agesin-la-d5432-tego-glide-432\/#primaryimage\",\"url\":\"https:\/\/longchangchemical.com\/wp-content\/uploads\/2023\/01\/-LA-D5432-TEGO-Glide-432.jpg\",\"contentUrl\":\"https:\/\/longchangchemical.com\/wp-content\/uploads\/2023\/01\/-LA-D5432-TEGO-Glide-432.jpg\",\"width\":800,\"height\":800,\"caption\":\"LA-D5432 \/ TEGO Glide 432\"},{\"@type\":\"BreadcrumbList\",\"@id\":\"https:\/\/longchangchemical.com\/product\/agesin-la-d5432-tego-glide-432\/#breadcrumb\",\"itemListElement\":[{\"@type\":\"ListItem\",\"position\":1,\"name\":\"Home\",\"item\":\"https:\/\/longchangchemical.com\/\"},{\"@type\":\"ListItem\",\"position\":2,\"name\":\"Products Longchang\",\"item\":\"https:\/\/longchangchemical.com\/product\/\"},{\"@type\":\"ListItem\",\"position\":3,\"name\":\"CHLUMICRYL\u00ae LA-D5432 \/ TEGO Glide 432\"}]},{\"@type\":\"WebSite\",\"@id\":\"https:\/\/longchangchemical.com\/#website\",\"url\":\"https:\/\/longchangchemical.com\/\",\"name\":\"Longchang Chemical\",\"description\":\"China chemical manufacturer \uff06 supplier\",\"publisher\":{\"@id\":\"https:\/\/longchangchemical.com\/#organization\"},\"potentialAction\":[{\"@type\":\"SearchAction\",\"target\":{\"@type\":\"EntryPoint\",\"urlTemplate\":\"https:\/\/longchangchemical.com\/?s={search_term_string}\"},\"query-input\":{\"@type\":\"PropertyValueSpecification\",\"valueRequired\":true,\"valueName\":\"search_term_string\"}}],\"inLanguage\":\"hu\"},{\"@type\":\"Organization\",\"@id\":\"https:\/\/longchangchemical.com\/#organization\",\"name\":\"Longchang Chemical\",\"url\":\"https:\/\/longchangchemical.com\/\",\"logo\":{\"@type\":\"ImageObject\",\"inLanguage\":\"hu\",\"@id\":\"https:\/\/longchangchemical.com\/#\/schema\/logo\/image\/\",\"url\":\"https:\/\/longchangchemical.com\/wp-content\/uploads\/2020\/08\/cropped-longchang-logo.png\",\"contentUrl\":\"https:\/\/longchangchemical.com\/wp-content\/uploads\/2020\/08\/cropped-longchang-logo.png\",\"width\":512,\"height\":512,\"caption\":\"Longchang Chemical\"},\"image\":{\"@id\":\"https:\/\/longchangchemical.com\/#\/schema\/logo\/image\/\"}}]}<\/script>\n<!-- \/ Yoast SEO plugin. -->","yoast_head_json":{"title":"K\u00edna CHLUMICRYL\u00ae LA-D5432 \/ TEGO Glide 432 gy\u00e1rt\u00f3 - Longchang Chemical","description":"A CHLUMICRYL\u00ae LA-D5432 \/ TEGO Glide 432 a Longchang Chemical egyik legfontosabb term\u00e9ke. Mi biztos\u00edtjuk a legjobb \u00e1rat. Mi vagyunk a vezet\u0151 gy\u00e1rt\u00f3 K\u00edn\u00e1ban a legjobb min\u0151s\u00e9ggel \u00e9s versenyk\u00e9pes \u00e1rral.","robots":{"index":"index","follow":"follow","max-snippet":"max-snippet:-1","max-image-preview":"max-image-preview:large","max-video-preview":"max-video-preview:-1"},"canonical":"https:\/\/longchangchemical.com\/hu\/product\/agesin-la-d5432-tego-glide-432\/","og_locale":"hu_HU","og_type":"article","og_title":"China CHLUMICRYL\u00ae LA-D5432 \/ TEGO Glide 432 Manufacturer - Longchang Chemical","og_description":"CHLUMICRYL\u00ae LA-D5432 \/ TEGO Glide 432 is a key product of Longchang Chemical. We provide the best price. We are the leading manufacturer in China with the best quality and competitive price.","og_url":"https:\/\/longchangchemical.com\/hu\/product\/agesin-la-d5432-tego-glide-432\/","og_site_name":"Longchang Chemical","article_modified_time":"2025-04-01T07:11:20+00:00","og_image":[{"width":800,"height":800,"url":"https:\/\/longchangchemical.com\/wp-content\/uploads\/2023\/01\/-LA-D5432-TEGO-Glide-432.jpg","type":"image\/jpeg"}],"twitter_card":"summary_large_image","schema":{"@context":"https:\/\/schema.org","@graph":[{"@type":"WebPage","@id":"https:\/\/longchangchemical.com\/product\/agesin-la-d5432-tego-glide-432\/","url":"https:\/\/longchangchemical.com\/product\/agesin-la-d5432-tego-glide-432\/","name":"K\u00edna CHLUMICRYL\u00ae LA-D5432 \/ TEGO Glide 432 gy\u00e1rt\u00f3 - Longchang Chemical","isPartOf":{"@id":"https:\/\/longchangchemical.com\/#website"},"primaryImageOfPage":{"@id":"https:\/\/longchangchemical.com\/product\/agesin-la-d5432-tego-glide-432\/#primaryimage"},"image":{"@id":"https:\/\/longchangchemical.com\/product\/agesin-la-d5432-tego-glide-432\/#primaryimage"},"thumbnailUrl":"https:\/\/longchangchemical.com\/wp-content\/uploads\/2023\/01\/-LA-D5432-TEGO-Glide-432.jpg","datePublished":"2023-01-29T06:19:29+00:00","dateModified":"2025-04-01T07:11:20+00:00","description":"A CHLUMICRYL\u00ae LA-D5432 \/ TEGO Glide 432 a Longchang Chemical egyik legfontosabb term\u00e9ke. Mi biztos\u00edtjuk a legjobb \u00e1rat. Mi vagyunk a vezet\u0151 gy\u00e1rt\u00f3 K\u00edn\u00e1ban a legjobb min\u0151s\u00e9ggel \u00e9s versenyk\u00e9pes \u00e1rral.","breadcrumb":{"@id":"https:\/\/longchangchemical.com\/product\/agesin-la-d5432-tego-glide-432\/#breadcrumb"},"inLanguage":"hu","potentialAction":[{"@type":"ReadAction","target":["https:\/\/longchangchemical.com\/product\/agesin-la-d5432-tego-glide-432\/"]}]},{"@type":"ImageObject","inLanguage":"hu","@id":"https:\/\/longchangchemical.com\/product\/agesin-la-d5432-tego-glide-432\/#primaryimage","url":"https:\/\/longchangchemical.com\/wp-content\/uploads\/2023\/01\/-LA-D5432-TEGO-Glide-432.jpg","contentUrl":"https:\/\/longchangchemical.com\/wp-content\/uploads\/2023\/01\/-LA-D5432-TEGO-Glide-432.jpg","width":800,"height":800,"caption":"LA-D5432 \/ TEGO Glide 432"},{"@type":"BreadcrumbList","@id":"https:\/\/longchangchemical.com\/product\/agesin-la-d5432-tego-glide-432\/#breadcrumb","itemListElement":[{"@type":"ListItem","position":1,"name":"Home","item":"https:\/\/longchangchemical.com\/"},{"@type":"ListItem","position":2,"name":"Products Longchang","item":"https:\/\/longchangchemical.com\/product\/"},{"@type":"ListItem","position":3,"name":"CHLUMICRYL\u00ae LA-D5432 \/ TEGO Glide 432"}]},{"@type":"WebSite","@id":"https:\/\/longchangchemical.com\/#website","url":"https:\/\/longchangchemical.com\/","name":"Longchang Chemical","description":"K\u00edna k\u00e9miai gy\u00e1rt\u00f3 \uff06 sz\u00e1ll\u00edt\u00f3","publisher":{"@id":"https:\/\/longchangchemical.com\/#organization"},"potentialAction":[{"@type":"SearchAction","target":{"@type":"EntryPoint","urlTemplate":"https:\/\/longchangchemical.com\/?s={search_term_string}"},"query-input":{"@type":"PropertyValueSpecification","valueRequired":true,"valueName":"search_term_string"}}],"inLanguage":"hu"},{"@type":"Organization","@id":"https:\/\/longchangchemical.com\/#organization","name":"Longchang Chemical","url":"https:\/\/longchangchemical.com\/","logo":{"@type":"ImageObject","inLanguage":"hu","@id":"https:\/\/longchangchemical.com\/#\/schema\/logo\/image\/","url":"https:\/\/longchangchemical.com\/wp-content\/uploads\/2020\/08\/cropped-longchang-logo.png","contentUrl":"https:\/\/longchangchemical.com\/wp-content\/uploads\/2020\/08\/cropped-longchang-logo.png","width":512,"height":512,"caption":"Longchang Chemical"},"image":{"@id":"https:\/\/longchangchemical.com\/#\/schema\/logo\/image\/"}}]}},"_links":{"self":[{"href":"https:\/\/longchangchemical.com\/hu\/wp-json\/wp\/v2\/product\/5876","targetHints":{"allow":["GET"]}}],"collection":[{"href":"https:\/\/longchangchemical.com\/hu\/wp-json\/wp\/v2\/product"}],"about":[{"href":"https:\/\/longchangchemical.com\/hu\/wp-json\/wp\/v2\/types\/product"}],"replies":[{"embeddable":true,"href":"https:\/\/longchangchemical.com\/hu\/wp-json\/wp\/v2\/comments?post=5876"}],"wp:featuredmedia":[{"embeddable":true,"href":"https:\/\/longchangchemical.com\/hu\/wp-json\/wp\/v2\/media\/5915"}],"wp:attachment":[{"href":"https:\/\/longchangchemical.com\/hu\/wp-json\/wp\/v2\/media?parent=5876"}],"wp:term":[{"taxonomy":"product_brand","embeddable":true,"href":"https:\/\/longchangchemical.com\/hu\/wp-json\/wp\/v2\/product_brand?post=5876"},{"taxonomy":"product_cat","embeddable":true,"href":"https:\/\/longchangchemical.com\/hu\/wp-json\/wp\/v2\/product_cat?post=5876"},{"taxonomy":"product_tag","embeddable":true,"href":"https:\/\/longchangchemical.com\/hu\/wp-json\/wp\/v2\/product_tag?post=5876"}],"curies":[{"name":"wp","href":"https:\/\/api.w.org\/{rel}","templated":true}]}}