{"id":5811,"date":"2022-12-20T11:48:37","date_gmt":"2022-12-20T11:48:37","guid":{"rendered":"https:\/\/longchangchemical.com\/?post_type=product&#038;p=5811"},"modified":"2025-12-16T08:59:07","modified_gmt":"2025-12-16T08:59:07","slug":"siperox-bipb","status":"publish","type":"product","link":"https:\/\/longchangchemical.com\/hu\/product\/siperox-bipb\/","title":{"rendered":"BIPB 96 \/ bisz(t-butilperoxi-izopropil)benzol CAS 25155-25-3"},"content":{"rendered":"<h1>BIPB 96 CAS 25155-25-3<\/h1>\n<p>&nbsp;<\/p>\n<table>\n<tbody>\n<tr>\n<td width=\"232\">T\u00e9tel<\/td>\n<td width=\"238\">Standard<\/td>\n<td width=\"239\">Eredm\u00e9ny<\/td>\n<\/tr>\n<tr>\n<td width=\"232\">Megjelen\u00e9s<\/td>\n<td width=\"238\">Feh\u00e9r por<\/td>\n<td width=\"239\">Feh\u00e9r por<\/td>\n<\/tr>\n<tr>\n<td width=\"232\">Tisztas\u00e1g,%<\/td>\n<td width=\"238\">\u226596.0<\/td>\n<td width=\"239\">97.3<\/td>\n<\/tr>\n<tr>\n<td width=\"232\">Olvad\u00e1si tartom\u00e1ny (\u2103)<\/td>\n<td width=\"238\">40-55<\/td>\n<td width=\"239\">40-42<\/td>\n<\/tr>\n<\/tbody>\n<\/table>\n<h2><\/h2>\n<h2><strong>Milyen t\u00edpus\u00fa gy\u00f3gyszer a BIPB\uff1f<\/strong><\/h2>\n<p>BIPB azt \u00e1ll\u00edtja, hogy nincs szaga DCP, amellett, hogy a szerkezeti hasonl\u00f3s\u00e1g, van egy fontos oka, hogy szinte ahol lehet haszn\u00e1lni DCP lehet helyettes\u00edteni BIPB, BIPB helyett DCP ragaszt\u00f3 teljes\u00edtm\u00e9ny, bele\u00e9rtve a kem\u00e9nys\u00e9g, szak\u00edt\u00f3szil\u00e1rds\u00e1g, ny\u00fal\u00e1s, szakad\u00e1si szil\u00e1rds\u00e1g, valamint az olaj\u00e1ll\u00f3s\u00e1g, \u00f6reged\u00e9si egy\u00fctthat\u00f3, stb, alapvet\u0151en ugyanaz, m\u00edg a t\u00f6m\u00f6r\u00edt\u00e9si deform\u00e1ci\u00f3 magas h\u0151m\u00e9rs\u00e9kleten, BIPB jobb, mint DCP.<\/p>\n<p>&nbsp;<\/p>\n<h2><strong>BIPB Alkalmaz\u00e1s:<\/strong><\/h2>\n<p><strong>1. BIPB <\/strong>a gumi \u00e9s a m\u0171anyagok, p\u00e9ld\u00e1ul a szilikongumi, etil\u00e9n-vinil-acet\u00e1t kopolimer (p\u00e9ld\u00e1ul EVA hab), kl\u00f3rozott polietil\u00e9n gumi (CPE), etil\u00e9n-propil\u00e9n-di\u00e9n gumi (EPDM), kl\u00f3rszulfon\u00e1lt polietil\u00e9n, tetrapropil\u00e9n-fluor gumi (TP-2), tel\u00edtett hidrog\u00e9nezett nitril (HNBR) t\u00e9rh\u00e1l\u00f3s\u00edt\u00f3jak\u00e9nt haszn\u00e1lhat\u00f3. Azonos t\u00e9rh\u00e1l\u00f3s\u00edt\u00f3 hat\u00e1s eset\u00e9n a hozz\u00e1ad\u00e1si mennyis\u00e9g kb. 2\/3-a m\u00e1s szerves t\u00e9rh\u00e1l\u00f3s\u00edt\u00f3 szereknek. Nincs irrit\u00e1l\u00f3 szag a m\u0171k\u00f6d\u00e9s sor\u00e1n \u00e9s a k\u00e9szterm\u00e9kekben. K\u00fcl\u00f6n\u00f6sen alkalmas rugalmas zsin\u00f3rszigetel\u00e9sek \u00e9s EVA-hab term\u00e9kek keresztk\u00f6t\u00e9s\u00e9re szilikongumi \u00f6nt\u0151kamr\u00e1kban t\u00f6rt\u00e9n\u0151 vulkaniz\u00e1l\u00e1s\u00e1hoz, mint p\u00e9ld\u00e1ul l\u00e9gkondicion\u00e1l\u00f3khoz haszn\u00e1lt gumik\u00f6penyes k\u00e1belek, EVA-habos j\u00e1t\u00e9kok stb. sz\u00e1m\u00e1ra.<\/p>\n<p>2. Kever\u00e9s k\u00f6zben gumianyag hozz\u00e1ad\u00e1s\u00e1val haszn\u00e1lhat\u00f3. Ha a t\u00e9rh\u00e1l\u00f3s\u00edt\u00f3 hat\u00e1sra van sz\u00fcks\u00e9g, a 3 r\u00e9sz hozz\u00e1ad\u00e1si mennyis\u00e9ge teljesen t\u00e9rh\u00e1l\u00f3s\u00edthatja a nagy molekul\u00e1j\u00fa polimert.<\/p>\n<p>3. M\u0171anyagok \u00e9s gumi, p\u00e9ld\u00e1ul kl\u00f3rozott polietil\u00e9n, EPDM gumi, etil\u00e9n-vinil-acet\u00e1t kopolimer, szilikon gumi, nitril gumi \u00e9s fluororgumi t\u00e9rh\u00e1l\u00f3s\u00edt\u00f3 anyagak\u00e9nt haszn\u00e1lhat\u00f3. Ugyanazon t\u00e9rh\u00e1l\u00f3s\u00edt\u00f3 hat\u00e1s eset\u00e9n a hozz\u00e1adott mennyis\u00e9g a DCP kb. 2\/3-a, \u00e9s az irrit\u00e1l\u00f3 szag a m\u0171veleti folyamatban \u00e9s a k\u00e9szterm\u00e9kben kicsi.<\/p>\n<h2><strong>BIPB Csomagol\u00e1s \u00e9s sz\u00e1ll\u00edt\u00e1s:<\/strong><\/h2>\n<p>20kg\/karton<\/p>\n<p>&nbsp;<\/p>\n<h2><strong>BIPB t\u00e1rol\u00e1s:<\/strong><\/h2>\n<p>K\u00f6zvetlen napf\u00e9nyt\u0151l v\u00e9dett, h\u0171v\u00f6s, sz\u00e1raz helyen (2-8 \u00b0C) t\u00e1roljuk.<\/p>\n<p>&nbsp;<\/p>\n<h2><strong><b>hol lehet BIPB-t v\u00e1s\u00e1rolni? L\u00e9pjen kapcsolatba vel\u00fcnk most!<\/b><\/strong><\/h2>\n<h4><strong><b>Ha COA, MSDS vagy TDS-re van sz\u00fcks\u00e9ge, k\u00e9rj\u00fck, t\u00f6ltse ki el\u00e9rhet\u0151s\u00e9g\u00e9t az al\u00e1bbi \u0171rlapon, \u00e1ltal\u00e1ban 24 \u00f3r\u00e1n bel\u00fcl felvessz\u00fck \u00d6nnel a kapcsolatot. \u00d6n is k\u00fcldhet nekem e-mailt<span style=\"color: #00ccff;\"> <a style=\"color: #00ccff;\" href=\"mailto:info@longchangchemical.com\">info@longchangchemical.com<\/a><\/span> munkaid\u0151ben ( 8:30-18:00 UTC+8 H.-Szombat ) vagy haszn\u00e1lja a weboldal \u00e9l\u0151 chatj\u00e9t, hogy azonnali v\u00e1laszt kapjon.<\/b><\/strong><\/h4>\n<p><!--more--><\/p>\n<h2><strong>Mi az oka annak, hogy a BIPB \u00e9s a DCP szagtalan \u00e9s \u00edzletes?<\/strong><\/h2>\n<p>A DCP termikus boml\u00e1si folyamata:<\/p>\n<p>A DCP szerkezeti \u00e1br\u00e1j\u00e1n l\u00e1that\u00f3, hogy a DCP termikus boml\u00e1sa sor\u00e1n a peroxi k\u00f6t\u00e9s felbont\u00e1s\u00e1val keletkez\u0151 izopropilbenzol oxig\u00e9ngy\u00f6kb\u0151l metilgy\u00f6k \u00e9s acetofenon is k\u00e9pz\u0151dhet, amely kellemetlen szag\u00fa \u00e9s az emberi szervezetre k\u00e1ros anyag, ez\u00e9rt amikor a DCP-t polimerek t\u00e9rh\u00e1l\u00f3s\u00edt\u00f3szerek\u00e9nt haszn\u00e1lj\u00e1k, a t\u00e9rh\u00e1l\u00f3s\u00edt\u00e1si folyamat sor\u00e1n, valamint a DCP-b\u0151l k\u00e9sz\u00fclt k\u00e9szterm\u00e9keknek is kellemetlen szaga van. L\u00e1that\u00f3, hogy a DCP szag\u00e1nak oka nem a DCP-marad\u00e9kok vagy szennyez\u0151d\u00e9s-marad\u00e9kok miatt van, teh\u00e1t nincs olyan, hogy min\u00e9l nagyobb a DCP tisztas\u00e1ga, ann\u00e1l kisebb a szaga.<\/p>\n<p>BIPB termikus boml\u00e1si folyamat:<br \/>\nAlkilgy\u00f6k\u00f6k, alkilgy\u00f6k\u00f6k \u00e9s szabad polimer m\u00e1trix reakci\u00f3 gener\u00e1l\u00e1sa, l\u00e1thatjuk, hogy a BIPB t\u00e9rh\u00e1l\u00f3s\u00edtott kis molekul\u00e1j\u00fa term\u00e9kei:<\/p>\n<p>Met\u00e1n (CH4) ...... g\u00e1z<\/p>\n<p>Aceton ...... ill\u00e9kony<\/p>\n<p>Tert-butanol ...... ill\u00e9kony<\/p>\n<p>Vannak m\u00e9g olyan szil\u00e1rd vegy\u00fcletek, amelyeknek nincs szaguk, \u00edgy a BIPB-nek szinte nincs szaga vagy nagyon kis szaga van a t\u00e9rh\u00e1l\u00f3s\u00edt\u00e1si folyamatban \u00e9s a k\u00e9szterm\u00e9kekben.<\/p>\n<p>A BIPB el\u0151nyei, h\u00e1tr\u00e1nyai \u00e9s megold\u00e1sai<\/p>\n<p>Az ok, ami\u00e9rt a BIPB-t szagtalan DCP-nek nevezik a szerkezeti hasonl\u00f3s\u00e1g mellett, van egy m\u00e1sik fontos ok, vagyis szinte a DCP helyett haszn\u00e1lhat\u00f3 BIPB, BIPB helyett DCP gumi tulajdons\u00e1gai, bele\u00e9rtve a kem\u00e9nys\u00e9get, szak\u00edt\u00f3szil\u00e1rds\u00e1got, ny\u00fal\u00e1st, szak\u00edt\u00f3szil\u00e1rds\u00e1got \u00e9s olaj\u00e1ll\u00f3s\u00e1got, \u00f6reged\u00e9si egy\u00fctthat\u00f3t stb., alapvet\u0151en ugyanaz, \u00e9s a magas h\u0151m\u00e9rs\u00e9kleten t\u00f6rt\u00e9n\u0151 kompresszi\u00f3s deform\u00e1ci\u00f3, a BIPB jobb, mint a DCP.<\/p>\n<p>A BIPB-nek azonban van egy jelent\u0151s h\u00e1tr\u00e1nya, azaz az \u00e1ra t\u00fals\u00e1gosan magasabb, mint a DCP-\u00e9, ami a legnagyobb t\u00e9nyez\u0151, amely korl\u00e1tozza a BIPB sz\u00e9les k\u00f6r\u0171 alkalmaz\u00e1s\u00e1t. Eur\u00f3p\u00e1ban a BIPB haszn\u00e1lata sokkal magasabb, mint a DCP, a hazai gy\u00e1rt\u00f3k \u00e9s a fogyaszt\u00f3k, hogy er\u0151s\u00edts\u00e9k a tudatoss\u00e1got a k\u00f6rnyezetv\u00e9delem, most a hazai kereslet a BIPB is egyre t\u00f6bb \u00e9s t\u00f6bb.<\/p>\n<p>A BIPB m\u00e1sik nagy h\u00e1tr\u00e1nya az, hogy a BIPB EPDM t\u00e9rh\u00e1l\u00f3s\u00edt\u00f3szerk\u00e9nt t\u00f6rt\u00e9n\u0151 alkalmaz\u00e1sakor k\u00f6nnyen megjelenik a permetez\u0151 krist\u00e1ly jelens\u00e9ge (vegye figyelembe, hogy ez permetez\u0151 krist\u00e1ly, nem permetez\u0151 fagy), \u00e9s a f\u00e9ny feljut a f\u00e9nyes krist\u00e1lyra, m\u00edg a DCP nem. Ez a BIPB \u00e9s az EPDM gumi kompatibilit\u00e1s\u00e1nak boml\u00e1sterm\u00e9keinek \u00e9s a permetez\u00e9snek k\u00f6sz\u00f6nhet\u0151. Ha term\u00e9keit k\u00fclf\u00f6ldre, k\u00fcl\u00f6n\u00f6sen Eur\u00f3p\u00e1ba export\u00e1lja, biztos lehet benne, hogy a v\u00e1s\u00e1rl\u00f3k tudni fogj\u00e1k, hogy j\u00f3 vulkaniz\u00e1l\u00f3szert haszn\u00e1l, \u00e9s sz\u00edvesen elfogadj\u00e1k. Ha meg akarja oldani ezt a krist\u00e1lysz\u00f3r\u00e1s jelens\u00e9get, k\u00e9t f\u0151 m\u00f3dszer l\u00e9tezik:<\/p>\n<p>3.1. Adjunk hozz\u00e1 PEG4000-et a k\u00e9plethez;<\/p>\n<p>3.2. Cs\u00f6kkentse a BIPB mennyis\u00e9g\u00e9t a bisz-2-5 egy r\u00e9sz\u00e9nek hozz\u00e1ad\u00e1s\u00e1val, ami egyen\u00e9rt\u00e9k\u0171 a BIPB boml\u00e1sterm\u00e9keinek cs\u00f6kkent\u00e9s\u00e9vel a t\u00e9rh\u00e1l\u00f3s\u00edt\u00e1si hat\u00e9konys\u00e1g befoly\u00e1sol\u00e1sa n\u00e9lk\u00fcl.<\/p>\n<p>Ez a k\u00e9t program sikeres p\u00e9ld\u00e1k, term\u00e9szetesen vannak gy\u00e1rt\u00f3k EPDM BIPB-vel, mint t\u00e9rh\u00e1l\u00f3s\u00edt\u00f3 szer nem t\u0171nik, hogy spray krist\u00e1ly jelens\u00e9g, tal\u00e1n az\u00e9rt, mert az egyik n\u00e9h\u00e1ny adal\u00e9kanyag, hogy korl\u00e1tozza a spray krist\u00e1lyok, a konkr\u00e9t mi\u00e9rt nem ismert.<\/p>\n<p>A h\u0151re l\u00e1gyul\u00f3 gumi TPV is haszn\u00e1lja a BIPB-t, mint t\u00e9rh\u00e1l\u00f3s\u00edt\u00f3 anyagot, de az aut\u00f3ipar szagk\u00f6vetelm\u00e9nyei egyre magasabbak \u00e9s magasabbak, vagyis a BIPB haszn\u00e1lata ut\u00e1n a szag nem felt\u00e9tlen\u00fcl felel meg a k\u00f6vetelm\u00e9nyeknek, de tov\u00e1bb kell feldolgozni, p\u00e9ld\u00e1ul k\u00e9miai\/fizikai adszorpci\u00f3t, de-volatiliz\u00e1ci\u00f3t, sz\u00e1r\u00edt\u00e1st \u00e9s egy\u00e9b elj\u00e1r\u00e1sokat kell alkalmazni a szag cs\u00f6kkent\u00e9se \u00e9rdek\u00e9ben.<\/p>","protected":false},"excerpt":{"rendered":"<p>K\u00e9miai n\u00e9v: Bis(tert-butildioxiizopropil)benzol<br \/>\nDi(tert-butil-peroxi-izopropil)benzol<\/p>\n<p>CAS-sz\u00e1m: 25155-25-3 vagy 2212-81-9<\/p>\n<p><strong>Szinonim\u00e1ja<\/strong>:Perkadox 14S;Perkadox 14;FARIDA BIPB;Luperox F40;Luperox F90P<\/p>\n<p>Molekul\u00e1ris k\u00e9plet: C20H34O4<\/p>\n<p>Struktur\u00e1lt:<\/p>\n<p><img decoding=\"async\" class=\"alignnone size-full wp-image-5813\" src=\"https:\/\/longchangchemical.com\/wp-content\/uploads\/2022\/12\/Structured.jpg\" alt=\"\" width=\"520\" height=\"104\" \/><\/p>\n<p>Molekulat\u00f6meg: 338,48<\/p>","protected":false},"featured_media":6267,"comment_status":"closed","ping_status":"closed","template":"","meta":[],"product_brand":[],"product_cat":[142],"product_tag":[],"class_list":{"0":"post-5811","1":"product","2":"type-product","3":"status-publish","4":"has-post-thumbnail","6":"product_cat-siperox-organic-peroxide","8":"first","9":"instock","10":"shipping-taxable","11":"product-type-simple"},"yoast_head":"<!-- This site is optimized with the Yoast SEO plugin v25.3.1 - https:\/\/yoast.com\/wordpress\/plugins\/seo\/ -->\n<title>Odorless crosslinking agent BIPB 96 manufacturer Cas 25155-25-3 \/ 2212-81-9 - Longchang Chemical<\/title>\n<meta name=\"description\" content=\"BIPB 96,also known as Bis(tert-butyldioxyisopropyl)benzene;Di(tert-butylperoxyisopropyl)benzene;Perkadox 14S;Perkadox 14;Luperox F40;Luperox F90P;FARIDA BIPB and is the key product of Longchang Chemical. We are the leading Organic peroxide manufacturer and supplier in China with the best quanlity and competitive price.\" \/>\n<meta name=\"robots\" content=\"index, follow, max-snippet:-1, max-image-preview:large, max-video-preview:-1\" \/>\n<link rel=\"canonical\" href=\"https:\/\/longchangchemical.com\/hu\/product\/siperox-bipb\/\" \/>\n<meta property=\"og:locale\" content=\"hu_HU\" \/>\n<meta property=\"og:type\" content=\"article\" \/>\n<meta property=\"og:title\" content=\"Odorless crosslinking agent BIPB 96 manufacturer Cas 25155-25-3 \/ 2212-81-9 - Longchang Chemical\" \/>\n<meta property=\"og:description\" content=\"BIPB 96,also known as Bis(tert-butyldioxyisopropyl)benzene;Di(tert-butylperoxyisopropyl)benzene;Perkadox 14S;Perkadox 14;Luperox F40;Luperox F90P;FARIDA BIPB and is the key product of Longchang Chemical. We are the leading Organic peroxide manufacturer and supplier in China with the best quanlity and competitive price.\" \/>\n<meta property=\"og:url\" content=\"https:\/\/longchangchemical.com\/hu\/product\/siperox-bipb\/\" \/>\n<meta property=\"og:site_name\" content=\"Longchang Chemical\" \/>\n<meta property=\"article:modified_time\" content=\"2025-12-16T08:59:07+00:00\" \/>\n<meta property=\"og:image\" content=\"https:\/\/longchangchemical.com\/wp-content\/uploads\/2022\/12\/Siperox\u00ae-BIPB-1.jpg\" \/>\n\t<meta property=\"og:image:width\" content=\"800\" \/>\n\t<meta property=\"og:image:height\" content=\"800\" \/>\n\t<meta property=\"og:image:type\" content=\"image\/jpeg\" \/>\n<meta name=\"twitter:card\" content=\"summary_large_image\" \/>\n<script type=\"application\/ld+json\" class=\"yoast-schema-graph\">{\"@context\":\"https:\/\/schema.org\",\"@graph\":[{\"@type\":\"WebPage\",\"@id\":\"https:\/\/longchangchemical.com\/product\/siperox-bipb\/\",\"url\":\"https:\/\/longchangchemical.com\/product\/siperox-bipb\/\",\"name\":\"Odorless crosslinking agent BIPB 96 manufacturer Cas 25155-25-3 \/ 2212-81-9 - Longchang Chemical\",\"isPartOf\":{\"@id\":\"https:\/\/longchangchemical.com\/#website\"},\"primaryImageOfPage\":{\"@id\":\"https:\/\/longchangchemical.com\/product\/siperox-bipb\/#primaryimage\"},\"image\":{\"@id\":\"https:\/\/longchangchemical.com\/product\/siperox-bipb\/#primaryimage\"},\"thumbnailUrl\":\"https:\/\/longchangchemical.com\/wp-content\/uploads\/2022\/12\/Siperox\u00ae-BIPB-1.jpg\",\"datePublished\":\"2022-12-20T11:48:37+00:00\",\"dateModified\":\"2025-12-16T08:59:07+00:00\",\"description\":\"BIPB 96,also known as Bis(tert-butyldioxyisopropyl)benzene;Di(tert-butylperoxyisopropyl)benzene;Perkadox 14S;Perkadox 14;Luperox F40;Luperox F90P;FARIDA BIPB and is the key product of Longchang Chemical. We are the leading Organic peroxide manufacturer and supplier in China with the best quanlity and competitive price.\",\"breadcrumb\":{\"@id\":\"https:\/\/longchangchemical.com\/product\/siperox-bipb\/#breadcrumb\"},\"inLanguage\":\"hu\",\"potentialAction\":[{\"@type\":\"ReadAction\",\"target\":[\"https:\/\/longchangchemical.com\/product\/siperox-bipb\/\"]}]},{\"@type\":\"ImageObject\",\"inLanguage\":\"hu\",\"@id\":\"https:\/\/longchangchemical.com\/product\/siperox-bipb\/#primaryimage\",\"url\":\"https:\/\/longchangchemical.com\/wp-content\/uploads\/2022\/12\/Siperox\u00ae-BIPB-1.jpg\",\"contentUrl\":\"https:\/\/longchangchemical.com\/wp-content\/uploads\/2022\/12\/Siperox\u00ae-BIPB-1.jpg\",\"width\":800,\"height\":800,\"caption\":\"BIPB 96 \/ Bis(t-butylperoxy isopropy)benzene CAS 25155-25-3\"},{\"@type\":\"BreadcrumbList\",\"@id\":\"https:\/\/longchangchemical.com\/product\/siperox-bipb\/#breadcrumb\",\"itemListElement\":[{\"@type\":\"ListItem\",\"position\":1,\"name\":\"Home\",\"item\":\"https:\/\/longchangchemical.com\/\"},{\"@type\":\"ListItem\",\"position\":2,\"name\":\"Products Longchang\",\"item\":\"https:\/\/longchangchemical.com\/product\/\"},{\"@type\":\"ListItem\",\"position\":3,\"name\":\"BIPB 96 \/ Bis(t-butylperoxy isopropy)benzene CAS 25155-25-3\"}]},{\"@type\":\"WebSite\",\"@id\":\"https:\/\/longchangchemical.com\/#website\",\"url\":\"https:\/\/longchangchemical.com\/\",\"name\":\"Longchang Chemical\",\"description\":\"China chemical manufacturer \uff06 supplier\",\"publisher\":{\"@id\":\"https:\/\/longchangchemical.com\/#organization\"},\"potentialAction\":[{\"@type\":\"SearchAction\",\"target\":{\"@type\":\"EntryPoint\",\"urlTemplate\":\"https:\/\/longchangchemical.com\/?s={search_term_string}\"},\"query-input\":{\"@type\":\"PropertyValueSpecification\",\"valueRequired\":true,\"valueName\":\"search_term_string\"}}],\"inLanguage\":\"hu\"},{\"@type\":\"Organization\",\"@id\":\"https:\/\/longchangchemical.com\/#organization\",\"name\":\"Longchang Chemical\",\"url\":\"https:\/\/longchangchemical.com\/\",\"logo\":{\"@type\":\"ImageObject\",\"inLanguage\":\"hu\",\"@id\":\"https:\/\/longchangchemical.com\/#\/schema\/logo\/image\/\",\"url\":\"https:\/\/longchangchemical.com\/wp-content\/uploads\/2020\/08\/cropped-longchang-logo.png\",\"contentUrl\":\"https:\/\/longchangchemical.com\/wp-content\/uploads\/2020\/08\/cropped-longchang-logo.png\",\"width\":512,\"height\":512,\"caption\":\"Longchang Chemical\"},\"image\":{\"@id\":\"https:\/\/longchangchemical.com\/#\/schema\/logo\/image\/\"}}]}<\/script>\n<!-- \/ Yoast SEO plugin. -->","yoast_head_json":{"title":"Szagtalan t\u00e9rh\u00e1l\u00f3s\u00edt\u00f3szer BIPB 96 gy\u00e1rt\u00f3 Cas 25155-25-3 \/ 2212-81-9 - Longchang Chemical","description":"BIPB 96, m\u00e1s n\u00e9ven Bis(tert-butil-dioxiizopropil)benzol; Di(tert-butilperoxi-izopropil)benzol; Perkadox 14S; Perkadox 14; Luperox F40; Luperox F90P; FARIDA BIPB \u00e9s a Longchang Chemical kulcsfontoss\u00e1g\u00fa term\u00e9ke. Mi vagyunk a vezet\u0151 szerves peroxid gy\u00e1rt\u00f3ja \u00e9s sz\u00e1ll\u00edt\u00f3ja K\u00edn\u00e1ban a legjobb min\u0151s\u00e9ggel \u00e9s versenyk\u00e9pes \u00e1rral.","robots":{"index":"index","follow":"follow","max-snippet":"max-snippet:-1","max-image-preview":"max-image-preview:large","max-video-preview":"max-video-preview:-1"},"canonical":"https:\/\/longchangchemical.com\/hu\/product\/siperox-bipb\/","og_locale":"hu_HU","og_type":"article","og_title":"Odorless crosslinking agent BIPB 96 manufacturer Cas 25155-25-3 \/ 2212-81-9 - Longchang Chemical","og_description":"BIPB 96,also known as Bis(tert-butyldioxyisopropyl)benzene;Di(tert-butylperoxyisopropyl)benzene;Perkadox 14S;Perkadox 14;Luperox F40;Luperox F90P;FARIDA BIPB and is the key product of Longchang Chemical. We are the leading Organic peroxide manufacturer and supplier in China with the best quanlity and competitive price.","og_url":"https:\/\/longchangchemical.com\/hu\/product\/siperox-bipb\/","og_site_name":"Longchang Chemical","article_modified_time":"2025-12-16T08:59:07+00:00","og_image":[{"width":800,"height":800,"url":"https:\/\/longchangchemical.com\/wp-content\/uploads\/2022\/12\/Siperox\u00ae-BIPB-1.jpg","type":"image\/jpeg"}],"twitter_card":"summary_large_image","schema":{"@context":"https:\/\/schema.org","@graph":[{"@type":"WebPage","@id":"https:\/\/longchangchemical.com\/product\/siperox-bipb\/","url":"https:\/\/longchangchemical.com\/product\/siperox-bipb\/","name":"Szagtalan t\u00e9rh\u00e1l\u00f3s\u00edt\u00f3szer BIPB 96 gy\u00e1rt\u00f3 Cas 25155-25-3 \/ 2212-81-9 - Longchang Chemical","isPartOf":{"@id":"https:\/\/longchangchemical.com\/#website"},"primaryImageOfPage":{"@id":"https:\/\/longchangchemical.com\/product\/siperox-bipb\/#primaryimage"},"image":{"@id":"https:\/\/longchangchemical.com\/product\/siperox-bipb\/#primaryimage"},"thumbnailUrl":"https:\/\/longchangchemical.com\/wp-content\/uploads\/2022\/12\/Siperox\u00ae-BIPB-1.jpg","datePublished":"2022-12-20T11:48:37+00:00","dateModified":"2025-12-16T08:59:07+00:00","description":"BIPB 96, m\u00e1s n\u00e9ven Bis(tert-butil-dioxiizopropil)benzol; Di(tert-butilperoxi-izopropil)benzol; Perkadox 14S; Perkadox 14; Luperox F40; Luperox F90P; FARIDA BIPB \u00e9s a Longchang Chemical kulcsfontoss\u00e1g\u00fa term\u00e9ke. Mi vagyunk a vezet\u0151 szerves peroxid gy\u00e1rt\u00f3ja \u00e9s sz\u00e1ll\u00edt\u00f3ja K\u00edn\u00e1ban a legjobb min\u0151s\u00e9ggel \u00e9s versenyk\u00e9pes \u00e1rral.","breadcrumb":{"@id":"https:\/\/longchangchemical.com\/product\/siperox-bipb\/#breadcrumb"},"inLanguage":"hu","potentialAction":[{"@type":"ReadAction","target":["https:\/\/longchangchemical.com\/product\/siperox-bipb\/"]}]},{"@type":"ImageObject","inLanguage":"hu","@id":"https:\/\/longchangchemical.com\/product\/siperox-bipb\/#primaryimage","url":"https:\/\/longchangchemical.com\/wp-content\/uploads\/2022\/12\/Siperox\u00ae-BIPB-1.jpg","contentUrl":"https:\/\/longchangchemical.com\/wp-content\/uploads\/2022\/12\/Siperox\u00ae-BIPB-1.jpg","width":800,"height":800,"caption":"BIPB 96 \/ Bis(t-butylperoxy isopropy)benzene CAS 25155-25-3"},{"@type":"BreadcrumbList","@id":"https:\/\/longchangchemical.com\/product\/siperox-bipb\/#breadcrumb","itemListElement":[{"@type":"ListItem","position":1,"name":"Home","item":"https:\/\/longchangchemical.com\/"},{"@type":"ListItem","position":2,"name":"Products Longchang","item":"https:\/\/longchangchemical.com\/product\/"},{"@type":"ListItem","position":3,"name":"BIPB 96 \/ Bis(t-butylperoxy isopropy)benzene CAS 25155-25-3"}]},{"@type":"WebSite","@id":"https:\/\/longchangchemical.com\/#website","url":"https:\/\/longchangchemical.com\/","name":"Longchang Chemical","description":"K\u00edna k\u00e9miai gy\u00e1rt\u00f3 \uff06 sz\u00e1ll\u00edt\u00f3","publisher":{"@id":"https:\/\/longchangchemical.com\/#organization"},"potentialAction":[{"@type":"SearchAction","target":{"@type":"EntryPoint","urlTemplate":"https:\/\/longchangchemical.com\/?s={search_term_string}"},"query-input":{"@type":"PropertyValueSpecification","valueRequired":true,"valueName":"search_term_string"}}],"inLanguage":"hu"},{"@type":"Organization","@id":"https:\/\/longchangchemical.com\/#organization","name":"Longchang Chemical","url":"https:\/\/longchangchemical.com\/","logo":{"@type":"ImageObject","inLanguage":"hu","@id":"https:\/\/longchangchemical.com\/#\/schema\/logo\/image\/","url":"https:\/\/longchangchemical.com\/wp-content\/uploads\/2020\/08\/cropped-longchang-logo.png","contentUrl":"https:\/\/longchangchemical.com\/wp-content\/uploads\/2020\/08\/cropped-longchang-logo.png","width":512,"height":512,"caption":"Longchang Chemical"},"image":{"@id":"https:\/\/longchangchemical.com\/#\/schema\/logo\/image\/"}}]}},"_links":{"self":[{"href":"https:\/\/longchangchemical.com\/hu\/wp-json\/wp\/v2\/product\/5811","targetHints":{"allow":["GET"]}}],"collection":[{"href":"https:\/\/longchangchemical.com\/hu\/wp-json\/wp\/v2\/product"}],"about":[{"href":"https:\/\/longchangchemical.com\/hu\/wp-json\/wp\/v2\/types\/product"}],"replies":[{"embeddable":true,"href":"https:\/\/longchangchemical.com\/hu\/wp-json\/wp\/v2\/comments?post=5811"}],"wp:featuredmedia":[{"embeddable":true,"href":"https:\/\/longchangchemical.com\/hu\/wp-json\/wp\/v2\/media\/6267"}],"wp:attachment":[{"href":"https:\/\/longchangchemical.com\/hu\/wp-json\/wp\/v2\/media?parent=5811"}],"wp:term":[{"taxonomy":"product_brand","embeddable":true,"href":"https:\/\/longchangchemical.com\/hu\/wp-json\/wp\/v2\/product_brand?post=5811"},{"taxonomy":"product_cat","embeddable":true,"href":"https:\/\/longchangchemical.com\/hu\/wp-json\/wp\/v2\/product_cat?post=5811"},{"taxonomy":"product_tag","embeddable":true,"href":"https:\/\/longchangchemical.com\/hu\/wp-json\/wp\/v2\/product_tag?post=5811"}],"curies":[{"name":"wp","href":"https:\/\/api.w.org\/{rel}","templated":true}]}}