{"id":5808,"date":"2022-12-19T13:02:35","date_gmt":"2022-12-19T13:02:35","guid":{"rendered":"https:\/\/longchangchemical.com\/?post_type=product&#038;p=5808"},"modified":"2025-12-22T06:53:27","modified_gmt":"2025-12-22T06:53:27","slug":"sinofdas-udad-ursodeoxycholic-acid-cas-128-13-2","status":"publish","type":"product","link":"https:\/\/longchangchemical.com\/hu\/product\/sinofdas-udad-ursodeoxycholic-acid-cas-128-13-2\/","title":{"rendered":"UDAD CAS 128-13-2"},"content":{"rendered":"<h1><strong>Ursodeoxikolsav CAS 128-13-2<\/strong><\/h1>\n<table class=\"table-1\">\n<tbody>\n<tr>\n<td width=\"281\">T\u00e9tel<\/td>\n<td width=\"369\">M\u0171szaki adatok<\/td>\n<\/tr>\n<tr>\n<td width=\"281\">Megjelen\u00e9s<\/td>\n<td width=\"369\">Feh\u00e9r vagy majdnem feh\u00e9r por<\/td>\n<\/tr>\n<tr>\n<td width=\"281\">Oldhat\u00f3s\u00e1g<\/td>\n<td width=\"369\">V\u00edzben gyakorlatilag nem old\u00f3dik;etanolban (96 sz\u00e1zal\u00e9kban) j\u00f3l old\u00f3dik;acetonban gyeng\u00e9n old\u00f3dik;metil\u00e9n-kloridban gyakorlatilag nem old\u00f3dik.<\/td>\n<\/tr>\n<tr>\n<td width=\"281\">IR azonos\u00edt\u00e1s<\/td>\n<td width=\"369\">Az IR-abszorpci\u00f3s spektrumnak meg kell felelnie a referenciastandardnak.<\/td>\n<\/tr>\n<tr>\n<td width=\"281\">TLC azonos\u00edt\u00e1sa<\/td>\n<td width=\"369\">A marad\u00e9k oldattal (b) kapott kromatogram f\u0151 foltja helyzet\u00e9t, sz\u00edn\u00e9t \u00e9s m\u00e9ret\u00e9t tekintve hasonl\u00f3 a referenciaoldattal (a) kapott kromatogram f\u0151 foltj\u00e1hoz.<\/td>\n<\/tr>\n<tr>\n<td width=\"281\">K\u00e9miai azonos\u00edt\u00e1s<\/td>\n<td width=\"369\">A kapott szuszpenzi\u00f3 z\u00f6ldesk\u00e9k sz\u00edn\u0171.<\/td>\n<\/tr>\n<tr>\n<td width=\"281\">Speci\u00e1lis optikai<\/td>\n<td width=\"369\">+58.0\u00ba~+62.0\u00ba<\/td>\n<\/tr>\n<tr>\n<td width=\"281\">Olvad\u00e1spont<\/td>\n<td width=\"369\">A 202\u2103-r\u00f3l<\/td>\n<\/tr>\n<tr>\n<td width=\"281\">C szennyez\u0151d\u00e9s<\/td>\n<td width=\"369\">\u22640,1%<\/td>\n<\/tr>\n<tr>\n<td width=\"281\">A szennyez\u0151d\u00e9s<\/td>\n<td width=\"369\">\u22641.0%<\/td>\n<\/tr>\n<tr>\n<td width=\"281\">Nem meghat\u00e1rozott szennyez\u0151d\u00e9sek<\/td>\n<td width=\"369\">\u22640,1%<\/td>\n<\/tr>\n<tr>\n<td width=\"281\">\u00d6sszes szennyez\u0151d\u00e9s<\/td>\n<td width=\"369\">\u00a0\u22641.5%<\/td>\n<\/tr>\n<tr>\n<td width=\"281\">Metanol<\/td>\n<td width=\"369\">\u22643000 ppm<\/td>\n<\/tr>\n<tr>\n<td width=\"281\">Izopropanol<\/td>\n<td width=\"369\">\u22645000 ppm<\/td>\n<\/tr>\n<tr>\n<td width=\"281\">Etil-acet\u00e1t<\/td>\n<td width=\"369\">\u22645000 ppm<\/td>\n<\/tr>\n<tr>\n<td width=\"281\">Sz\u00e1r\u00edt\u00e1si vesztes\u00e9g<\/td>\n<td width=\"369\">\u22641.0%<\/td>\n<\/tr>\n<tr>\n<td width=\"281\">Szulf\u00e1tos hamu<\/td>\n<td width=\"369\">\u22640,1%<\/td>\n<\/tr>\n<tr>\n<td width=\"281\">Neh\u00e9zf\u00e9mek<\/td>\n<td width=\"369\">\u226420 ppm<\/td>\n<\/tr>\n<tr>\n<td width=\"281\">\u00d6sszes aerob mikrobasz\u00e1m<\/td>\n<td width=\"369\">\u226410\u00b3cfu\/g<\/td>\n<\/tr>\n<tr>\n<td width=\"281\">\u00c9leszt\u0151k \u00e9s pen\u00e9szgomb\u00e1k sz\u00e1ma \u00f6sszesen<\/td>\n<td width=\"369\">\u226410\u00b2cfu\/g<\/td>\n<\/tr>\n<tr>\n<td width=\"281\">Escherichia coli<\/td>\n<td width=\"369\">Nem \u00e9szlelt<\/td>\n<\/tr>\n<tr>\n<td width=\"281\">Anal\u00edzis (sz\u00e1razanyagra)<\/td>\n<td width=\"369\">\u00a099.0%~101.0%<\/td>\n<\/tr>\n<tr>\n<td width=\"281\">R\u00e9szecskem\u00e9ret<\/td>\n<td width=\"369\">Hivatkoz\u00e1sk\u00e9nt<\/td>\n<\/tr>\n<\/tbody>\n<\/table>\n<h2><\/h2>\n<h2><strong>Ursodeoxycholsav felhaszn\u00e1l\u00e1sa<\/strong><\/h2>\n<p>1. A tanulm\u00e1ny szerint az ursodeoxikolsav haszn\u00e1lhat\u00f3 a neokoronav\u00edrus-fert\u0151z\u00e9sek megel\u0151z\u00e9s\u00e9re, Cs\u00f6kkenti a sejtek ACE-receptorainak sz\u00e1m\u00e1t a sejteken, \u00edgy a v\u00edrusok nehezebben jutnak be az emberi sejtekbe.<\/p>\n<p>2. Az ursodeoxikolsav j\u00f3t\u00e9kony kolesztatikus hat\u00e1ssal rendelkezik, mivel n\u00f6veli az epesavak kiv\u00e1laszt\u00e1s\u00e1t, amikor a beteg szervezet\u00e9be ker\u00fcl.<\/p>\n<p>3. G\u00e1tolja a koleszterinszint\u00e9zist a m\u00e1jban, cs\u00f6kkentve az ep\u00e9ben l\u00e9v\u0151 koleszterin \u00e9s koleszterin\u00e9szterek mennyis\u00e9g\u00e9t. Emellett vizsg\u00e1latok kimutatt\u00e1k, hogy az ursodeoxikolsav immunmodul\u00e1l\u00f3 hat\u00e1s\u00fa lehet kr\u00f3nikus m\u00e1jbetegs\u00e9gek eset\u00e9n.<\/p>\n<p>4. Az ursodeoxikolsav hasznos a koleszterinszint cs\u00f6kkent\u00e9s\u00e9re \u00e9s a k\u0151 felold\u00e1s\u00e1ra, \u00e9s m\u0171t\u00e9t n\u00e9lk\u00fcl alkalmazhat\u00f3 az epeh\u00f3lyagban l\u00e9v\u0151 kis k\u00f6vek kezel\u00e9s\u00e9re.<\/p>\n<p>&nbsp;<\/p>\n<h2><strong>Ursodeoxikolsav Csomagol\u00e1s \u00e9s sz\u00e1ll\u00edt\u00e1s<\/strong><\/h2>\n<p>Csomagol\u00e1s: 25 kg\/dob<br \/>\nSz\u00e1ll\u00edt\u00e1s: \u00c1ltal\u00e1nos \u00e1ruk<\/p>\n<h2><strong>Ursodeoxikolsav t\u00e1rol\u00e1sa<\/strong><\/h2>\n<p>T\u00e1rol\u00e1si felt\u00e9telek: H\u0171v\u00f6s, sz\u00e1raz, j\u00f3l szell\u0151z\u0151 helyen t\u00e1rolja.<\/p>\n<p>&nbsp;<\/p>\n<h2><strong><b>L\u00e9pjen kapcsolatba vel\u00fcnk most!<\/b><\/strong><\/h2>\n<h4><strong><b>Ha COA, MSDS vagy TDS-re van sz\u00fcks\u00e9ge, k\u00e9rj\u00fck, t\u00f6ltse ki el\u00e9rhet\u0151s\u00e9g\u00e9t az al\u00e1bbi \u0171rlapon, \u00e1ltal\u00e1ban 24 \u00f3r\u00e1n bel\u00fcl felvessz\u00fck \u00d6nnel a kapcsolatot.<\/b><\/strong> \u00d6n is k\u00fcldhet nekem e-mailt <a href=\"mailto:info@longchangchemical.com\"><span style=\"color: #0000ff;\">info@longchangchemical.com<\/span><\/a> munkaid\u0151ben ( 8:30-18:00 UTC+8 H.-Szombat ) vagy haszn\u00e1lja a weboldal \u00e9l\u0151 chatj\u00e9t, hogy azonnali v\u00e1laszt kapjon.<\/h4>","protected":false},"excerpt":{"rendered":"<p>K\u00e9miai n\u00e9v: Ursodeoxikolsav<br \/>\nCAS-sz\u00e1m: 128-13-2<br \/>\nMolekul\u00e1ris k\u00e9plet:C24H40O4<\/p>\n<p>Molekulat\u00f6meg:392,57<br \/>\nMegjelen\u00e9s: feh\u00e9r por<\/p>\n<p>Vizsg\u00e1lat:99%<br \/>\nMegjelen\u00e9s: feh\u00e9r por<br \/>\nKapacit\u00e1s: 300MT\/h\u00f3<br \/>\nCsomagol\u00e1s: 25 kg \/ dob<br \/>\nMinta:el\u00e9rhet\u0151<\/p>","protected":false},"featured_media":5809,"comment_status":"open","ping_status":"closed","template":"","meta":[],"product_brand":[],"product_cat":[73],"product_tag":[],"class_list":{"0":"post-5808","1":"product","2":"type-product","3":"status-publish","4":"has-post-thumbnail","6":"product_cat-other-additives","8":"first","9":"instock","10":"shipping-taxable","11":"product-type-simple"},"yoast_head":"<!-- This site is optimized with the Yoast SEO plugin v25.3.1 - https:\/\/yoast.com\/wordpress\/plugins\/seo\/ -->\n<title>China Ursodeoxycholic acid Manufacturer CAS 128-13-2 supplier - Longchang Chemical<\/title>\n<meta name=\"description\" content=\"UDAD CAS 128-13-2 is a key product of Longchang Chemical. We provide the best price. We are the leading manufacturer in China with the best quality and competitive price.\" \/>\n<meta name=\"robots\" content=\"index, follow, max-snippet:-1, max-image-preview:large, max-video-preview:-1\" \/>\n<link rel=\"canonical\" href=\"https:\/\/longchangchemical.com\/hu\/product\/sinofdas-udad-ursodeoxycholic-acid-cas-128-13-2\/\" \/>\n<meta property=\"og:locale\" content=\"hu_HU\" \/>\n<meta property=\"og:type\" content=\"article\" \/>\n<meta property=\"og:title\" content=\"China Ursodeoxycholic acid Manufacturer CAS 128-13-2 supplier - Longchang Chemical\" \/>\n<meta property=\"og:description\" content=\"UDAD CAS 128-13-2 is a key product of Longchang Chemical. We provide the best price. We are the leading manufacturer in China with the best quality and competitive price.\" \/>\n<meta property=\"og:url\" content=\"https:\/\/longchangchemical.com\/hu\/product\/sinofdas-udad-ursodeoxycholic-acid-cas-128-13-2\/\" \/>\n<meta property=\"og:site_name\" content=\"Longchang Chemical\" \/>\n<meta property=\"article:modified_time\" content=\"2025-12-22T06:53:27+00:00\" \/>\n<meta property=\"og:image\" content=\"https:\/\/longchangchemical.com\/wp-content\/uploads\/2022\/12\/-UDAD-Ursodeoxycholic-acid-CAS-128-13-2.jpg\" \/>\n\t<meta property=\"og:image:width\" content=\"800\" \/>\n\t<meta property=\"og:image:height\" content=\"800\" \/>\n\t<meta property=\"og:image:type\" content=\"image\/jpeg\" \/>\n<meta name=\"twitter:card\" content=\"summary_large_image\" \/>\n<script type=\"application\/ld+json\" class=\"yoast-schema-graph\">{\"@context\":\"https:\/\/schema.org\",\"@graph\":[{\"@type\":\"WebPage\",\"@id\":\"https:\/\/longchangchemical.com\/product\/sinofdas-udad-ursodeoxycholic-acid-cas-128-13-2\/\",\"url\":\"https:\/\/longchangchemical.com\/product\/sinofdas-udad-ursodeoxycholic-acid-cas-128-13-2\/\",\"name\":\"China Ursodeoxycholic acid Manufacturer CAS 128-13-2 supplier - Longchang Chemical\",\"isPartOf\":{\"@id\":\"https:\/\/longchangchemical.com\/#website\"},\"primaryImageOfPage\":{\"@id\":\"https:\/\/longchangchemical.com\/product\/sinofdas-udad-ursodeoxycholic-acid-cas-128-13-2\/#primaryimage\"},\"image\":{\"@id\":\"https:\/\/longchangchemical.com\/product\/sinofdas-udad-ursodeoxycholic-acid-cas-128-13-2\/#primaryimage\"},\"thumbnailUrl\":\"https:\/\/longchangchemical.com\/wp-content\/uploads\/2022\/12\/-UDAD-Ursodeoxycholic-acid-CAS-128-13-2.jpg\",\"datePublished\":\"2022-12-19T13:02:35+00:00\",\"dateModified\":\"2025-12-22T06:53:27+00:00\",\"description\":\"UDAD CAS 128-13-2 is a key product of Longchang Chemical. We provide the best price. We are the leading manufacturer in China with the best quality and competitive price.\",\"breadcrumb\":{\"@id\":\"https:\/\/longchangchemical.com\/product\/sinofdas-udad-ursodeoxycholic-acid-cas-128-13-2\/#breadcrumb\"},\"inLanguage\":\"hu\",\"potentialAction\":[{\"@type\":\"ReadAction\",\"target\":[\"https:\/\/longchangchemical.com\/product\/sinofdas-udad-ursodeoxycholic-acid-cas-128-13-2\/\"]}]},{\"@type\":\"ImageObject\",\"inLanguage\":\"hu\",\"@id\":\"https:\/\/longchangchemical.com\/product\/sinofdas-udad-ursodeoxycholic-acid-cas-128-13-2\/#primaryimage\",\"url\":\"https:\/\/longchangchemical.com\/wp-content\/uploads\/2022\/12\/-UDAD-Ursodeoxycholic-acid-CAS-128-13-2.jpg\",\"contentUrl\":\"https:\/\/longchangchemical.com\/wp-content\/uploads\/2022\/12\/-UDAD-Ursodeoxycholic-acid-CAS-128-13-2.jpg\",\"width\":800,\"height\":800,\"caption\":\"UDAD \/ Ursodeoxycholic acid CAS 128-13-2\"},{\"@type\":\"BreadcrumbList\",\"@id\":\"https:\/\/longchangchemical.com\/product\/sinofdas-udad-ursodeoxycholic-acid-cas-128-13-2\/#breadcrumb\",\"itemListElement\":[{\"@type\":\"ListItem\",\"position\":1,\"name\":\"Home\",\"item\":\"https:\/\/longchangchemical.com\/\"},{\"@type\":\"ListItem\",\"position\":2,\"name\":\"Products Longchang\",\"item\":\"https:\/\/longchangchemical.com\/product\/\"},{\"@type\":\"ListItem\",\"position\":3,\"name\":\"UDAD CAS 128-13-2\"}]},{\"@type\":\"WebSite\",\"@id\":\"https:\/\/longchangchemical.com\/#website\",\"url\":\"https:\/\/longchangchemical.com\/\",\"name\":\"Longchang Chemical\",\"description\":\"China chemical manufacturer \uff06 supplier\",\"publisher\":{\"@id\":\"https:\/\/longchangchemical.com\/#organization\"},\"potentialAction\":[{\"@type\":\"SearchAction\",\"target\":{\"@type\":\"EntryPoint\",\"urlTemplate\":\"https:\/\/longchangchemical.com\/?s={search_term_string}\"},\"query-input\":{\"@type\":\"PropertyValueSpecification\",\"valueRequired\":true,\"valueName\":\"search_term_string\"}}],\"inLanguage\":\"hu\"},{\"@type\":\"Organization\",\"@id\":\"https:\/\/longchangchemical.com\/#organization\",\"name\":\"Longchang Chemical\",\"url\":\"https:\/\/longchangchemical.com\/\",\"logo\":{\"@type\":\"ImageObject\",\"inLanguage\":\"hu\",\"@id\":\"https:\/\/longchangchemical.com\/#\/schema\/logo\/image\/\",\"url\":\"https:\/\/longchangchemical.com\/wp-content\/uploads\/2020\/08\/cropped-longchang-logo.png\",\"contentUrl\":\"https:\/\/longchangchemical.com\/wp-content\/uploads\/2020\/08\/cropped-longchang-logo.png\",\"width\":512,\"height\":512,\"caption\":\"Longchang Chemical\"},\"image\":{\"@id\":\"https:\/\/longchangchemical.com\/#\/schema\/logo\/image\/\"}}]}<\/script>\n<!-- \/ Yoast SEO plugin. -->","yoast_head_json":{"title":"K\u00edna Ursodeoxycholic sav gy\u00e1rt\u00f3 CAS 128-13-2 sz\u00e1ll\u00edt\u00f3 - Longchang Chemical","description":"A UDAD CAS 128-13-2 a Longchang Chemical egyik legfontosabb term\u00e9ke. A legjobb \u00e1rat biztos\u00edtjuk. Mi vagyunk a vezet\u0151 gy\u00e1rt\u00f3 K\u00edn\u00e1ban a legjobb min\u0151s\u00e9ggel \u00e9s versenyk\u00e9pes \u00e1rral.","robots":{"index":"index","follow":"follow","max-snippet":"max-snippet:-1","max-image-preview":"max-image-preview:large","max-video-preview":"max-video-preview:-1"},"canonical":"https:\/\/longchangchemical.com\/hu\/product\/sinofdas-udad-ursodeoxycholic-acid-cas-128-13-2\/","og_locale":"hu_HU","og_type":"article","og_title":"China Ursodeoxycholic acid Manufacturer CAS 128-13-2 supplier - Longchang Chemical","og_description":"UDAD CAS 128-13-2 is a key product of Longchang Chemical. We provide the best price. We are the leading manufacturer in China with the best quality and competitive price.","og_url":"https:\/\/longchangchemical.com\/hu\/product\/sinofdas-udad-ursodeoxycholic-acid-cas-128-13-2\/","og_site_name":"Longchang Chemical","article_modified_time":"2025-12-22T06:53:27+00:00","og_image":[{"width":800,"height":800,"url":"https:\/\/longchangchemical.com\/wp-content\/uploads\/2022\/12\/-UDAD-Ursodeoxycholic-acid-CAS-128-13-2.jpg","type":"image\/jpeg"}],"twitter_card":"summary_large_image","schema":{"@context":"https:\/\/schema.org","@graph":[{"@type":"WebPage","@id":"https:\/\/longchangchemical.com\/product\/sinofdas-udad-ursodeoxycholic-acid-cas-128-13-2\/","url":"https:\/\/longchangchemical.com\/product\/sinofdas-udad-ursodeoxycholic-acid-cas-128-13-2\/","name":"K\u00edna Ursodeoxycholic sav gy\u00e1rt\u00f3 CAS 128-13-2 sz\u00e1ll\u00edt\u00f3 - Longchang Chemical","isPartOf":{"@id":"https:\/\/longchangchemical.com\/#website"},"primaryImageOfPage":{"@id":"https:\/\/longchangchemical.com\/product\/sinofdas-udad-ursodeoxycholic-acid-cas-128-13-2\/#primaryimage"},"image":{"@id":"https:\/\/longchangchemical.com\/product\/sinofdas-udad-ursodeoxycholic-acid-cas-128-13-2\/#primaryimage"},"thumbnailUrl":"https:\/\/longchangchemical.com\/wp-content\/uploads\/2022\/12\/-UDAD-Ursodeoxycholic-acid-CAS-128-13-2.jpg","datePublished":"2022-12-19T13:02:35+00:00","dateModified":"2025-12-22T06:53:27+00:00","description":"A UDAD CAS 128-13-2 a Longchang Chemical egyik legfontosabb term\u00e9ke. A legjobb \u00e1rat biztos\u00edtjuk. Mi vagyunk a vezet\u0151 gy\u00e1rt\u00f3 K\u00edn\u00e1ban a legjobb min\u0151s\u00e9ggel \u00e9s versenyk\u00e9pes \u00e1rral.","breadcrumb":{"@id":"https:\/\/longchangchemical.com\/product\/sinofdas-udad-ursodeoxycholic-acid-cas-128-13-2\/#breadcrumb"},"inLanguage":"hu","potentialAction":[{"@type":"ReadAction","target":["https:\/\/longchangchemical.com\/product\/sinofdas-udad-ursodeoxycholic-acid-cas-128-13-2\/"]}]},{"@type":"ImageObject","inLanguage":"hu","@id":"https:\/\/longchangchemical.com\/product\/sinofdas-udad-ursodeoxycholic-acid-cas-128-13-2\/#primaryimage","url":"https:\/\/longchangchemical.com\/wp-content\/uploads\/2022\/12\/-UDAD-Ursodeoxycholic-acid-CAS-128-13-2.jpg","contentUrl":"https:\/\/longchangchemical.com\/wp-content\/uploads\/2022\/12\/-UDAD-Ursodeoxycholic-acid-CAS-128-13-2.jpg","width":800,"height":800,"caption":"UDAD \/ Ursodeoxycholic acid CAS 128-13-2"},{"@type":"BreadcrumbList","@id":"https:\/\/longchangchemical.com\/product\/sinofdas-udad-ursodeoxycholic-acid-cas-128-13-2\/#breadcrumb","itemListElement":[{"@type":"ListItem","position":1,"name":"Home","item":"https:\/\/longchangchemical.com\/"},{"@type":"ListItem","position":2,"name":"Products Longchang","item":"https:\/\/longchangchemical.com\/product\/"},{"@type":"ListItem","position":3,"name":"UDAD CAS 128-13-2"}]},{"@type":"WebSite","@id":"https:\/\/longchangchemical.com\/#website","url":"https:\/\/longchangchemical.com\/","name":"Longchang Chemical","description":"K\u00edna k\u00e9miai gy\u00e1rt\u00f3 \uff06 sz\u00e1ll\u00edt\u00f3","publisher":{"@id":"https:\/\/longchangchemical.com\/#organization"},"potentialAction":[{"@type":"SearchAction","target":{"@type":"EntryPoint","urlTemplate":"https:\/\/longchangchemical.com\/?s={search_term_string}"},"query-input":{"@type":"PropertyValueSpecification","valueRequired":true,"valueName":"search_term_string"}}],"inLanguage":"hu"},{"@type":"Organization","@id":"https:\/\/longchangchemical.com\/#organization","name":"Longchang Chemical","url":"https:\/\/longchangchemical.com\/","logo":{"@type":"ImageObject","inLanguage":"hu","@id":"https:\/\/longchangchemical.com\/#\/schema\/logo\/image\/","url":"https:\/\/longchangchemical.com\/wp-content\/uploads\/2020\/08\/cropped-longchang-logo.png","contentUrl":"https:\/\/longchangchemical.com\/wp-content\/uploads\/2020\/08\/cropped-longchang-logo.png","width":512,"height":512,"caption":"Longchang Chemical"},"image":{"@id":"https:\/\/longchangchemical.com\/#\/schema\/logo\/image\/"}}]}},"_links":{"self":[{"href":"https:\/\/longchangchemical.com\/hu\/wp-json\/wp\/v2\/product\/5808","targetHints":{"allow":["GET"]}}],"collection":[{"href":"https:\/\/longchangchemical.com\/hu\/wp-json\/wp\/v2\/product"}],"about":[{"href":"https:\/\/longchangchemical.com\/hu\/wp-json\/wp\/v2\/types\/product"}],"replies":[{"embeddable":true,"href":"https:\/\/longchangchemical.com\/hu\/wp-json\/wp\/v2\/comments?post=5808"}],"wp:featuredmedia":[{"embeddable":true,"href":"https:\/\/longchangchemical.com\/hu\/wp-json\/wp\/v2\/media\/5809"}],"wp:attachment":[{"href":"https:\/\/longchangchemical.com\/hu\/wp-json\/wp\/v2\/media?parent=5808"}],"wp:term":[{"taxonomy":"product_brand","embeddable":true,"href":"https:\/\/longchangchemical.com\/hu\/wp-json\/wp\/v2\/product_brand?post=5808"},{"taxonomy":"product_cat","embeddable":true,"href":"https:\/\/longchangchemical.com\/hu\/wp-json\/wp\/v2\/product_cat?post=5808"},{"taxonomy":"product_tag","embeddable":true,"href":"https:\/\/longchangchemical.com\/hu\/wp-json\/wp\/v2\/product_tag?post=5808"}],"curies":[{"name":"wp","href":"https:\/\/api.w.org\/{rel}","templated":true}]}}