{"id":5767,"date":"2022-12-02T07:59:12","date_gmt":"2022-12-02T07:59:12","guid":{"rendered":"https:\/\/longchangchemical.com\/?post_type=product&#038;p=5767"},"modified":"2026-01-12T06:00:22","modified_gmt":"2026-01-12T06:00:22","slug":"synocat-pmdeta-cas-3030-47-5","status":"publish","type":"product","link":"https:\/\/longchangchemical.com\/hu\/product\/synocat-pmdeta-cas-3030-47-5\/","title":{"rendered":"PMDETA(PC-5) \/ PMDTA \/ Pentametildietil\u00e9n-triamin \/ Polycat 5 CAS 3030-47-5"},"content":{"rendered":"<div class=\"stm-products-catalog\">\n<div class=\"container\">\n<div class=\"row\">\n<div class=\"col-md-12 man_main_sidebar\">\n<div class=\"content-area\">\n<div id=\"product-3718\" class=\"product type-product post-3718 status-publish first instock product_cat-polyurethane-catalyst has-post-thumbnail shipping-taxable product-type-simple\">\n<div class=\"woocommerce-tabs wc-tabs-wrapper\">\n<div id=\"tab-description\" class=\"woocommerce-Tabs-panel woocommerce-Tabs-panel--description panel entry-content wc-tab\" role=\"tabpanel\" aria-labelledby=\"tab-title-description\">\n<div class=\"row\">\n<div class=\"col-md-6\">\n<h1><strong>PMDETA(PC-5) \/ PMDTA \/ Pentametildietil\u00e9n-triamin \/ Polycat 5 CAS 3030-47-5<\/strong><\/h1>\n<table>\n<tbody>\n<tr>\n<td width=\"324\">T\u00e9tel<\/td>\n<td width=\"322\">Standard<\/td>\n<\/tr>\n<tr>\n<td width=\"324\">Megjelen\u00e9s<\/td>\n<td width=\"322\">Sz\u00edntelent\u0151l a vil\u00e1goss\u00e1rg\u00e1ig v\u00e1ltoz\u00f3 sz\u00edn\u0171, \u00e1tl\u00e1tsz\u00f3 folyad\u00e9k<\/td>\n<\/tr>\n<tr>\n<td width=\"324\">Assay<\/td>\n<td width=\"322\">\u226598.0%<\/td>\n<\/tr>\n<tr>\n<td width=\"324\">Nedvess\u00e9g<\/td>\n<td width=\"322\">\u22640,5%<\/td>\n<\/tr>\n<\/tbody>\n<\/table>\n<p><strong>Csomagol\u00e1s<\/strong>:170kg\/dob<\/p>\n<p><strong>Alkalmaz\u00e1s:<\/strong><\/p>\n<p>1. Poliuret\u00e1nhabok rendk\u00edv\u00fcl hat\u00e9kony kataliz\u00e1tork\u00e9nt haszn\u00e1lj\u00e1k, tov\u00e1bb\u00e1 gyomirt\u00f3 \u00e9s rovar\u00f6l\u0151 szerek szint\u00e9zis\u00e9re is haszn\u00e1lj\u00e1k.<\/p>\n<p>2. A PMDETA ( pentametil-dietil\u00e9n-triamin ) sz\u00edntelen vagy vil\u00e1goss\u00e1rga sz\u00edn\u0171, tiszta folyad\u00e9k, amely v\u00edzben k\u00f6nnyen old\u00f3dik. A poliuret\u00e1n reakci\u00f3 rendk\u00edv\u00fcl akt\u00edv kataliz\u00e1tora. Els\u0151sorban a habk\u00e9pz\u0151d\u00e9si reakci\u00f3t kataliz\u00e1lja, \u00e9s az \u00e1ltal\u00e1nos habk\u00e9pz\u0151d\u00e9s \u00e9s zsel\u00e9sed\u00e9s kiegyens\u00falyoz\u00e1s\u00e1ra is haszn\u00e1lj\u00e1k. Reakci\u00f3, sz\u00e9les k\u00f6rben haszn\u00e1lj\u00e1k mindenf\u00e9le poliuret\u00e1n merev hab, bele\u00e9rtve a poliizocianur\u00e1t lap merev hab.<\/p>\n<p><strong><b>T\u00e1rol\u00e1s:<\/b><\/strong><\/p>\n<p>Sz\u00e1raz, tiszta, j\u00f3l szell\u0151z\u0151 rakt\u00e1rban tartj\u00e1k.<\/p>\n<p>Az oxid\u00e1ci\u00f3 megel\u0151z\u00e9se \u00e9rdek\u00e9ben ker\u00fclje a f\u00e9nynek \u00e9s a meleg\u00edt\u00e9snek val\u00f3 kit\u00e9telt.<\/p>\n<p>A term\u00e9k v\u00e9delme a sziv\u00e1rg\u00e1st\u00f3l, es\u0151t\u0151l \u00e9s a szigetel\u00e9st\u0151l sz\u00e1ll\u00edt\u00e1s k\u00f6zben.<\/p>\n<\/div>\n<div class=\"col-md-6\"><\/div>\n<\/div>\n<\/div>\n<\/div>\n<\/div>\n<\/div>\n<\/div>\n<\/div>\n<\/div>\n<\/div>\n<div class=\"nav-box man_nav_previous man_image_bck col-md-6\" data-image=\"https:\/\/longchangchemical.com\/wp-content\/uploads\/2021\/08\/DMDEE-768x768.jpg\" data-color=\"#292929\">\n<h2><strong>L\u00e9pjen kapcsolatba vel\u00fcnk most!<\/strong><\/h2>\n<p><strong>Ha sz\u00fcks\u00e9ge van Price-ra, k\u00e9rj\u00fck, t\u00f6ltse ki el\u00e9rhet\u0151s\u00e9g\u00e9t az al\u00e1bbi \u0171rlapon, \u00e1ltal\u00e1ban 24 \u00f3r\u00e1n bel\u00fcl felvessz\u00fck \u00d6nnel a kapcsolatot. \u00d6n is k\u00fcldhet nekem e-mailt <span style=\"color: #0000ff;\"><a style=\"color: #0000ff;\" href=\"mailto:info@longchangchemical.com\">info@longchangchemical.com<\/a><\/span> munkaid\u0151ben ( 8:30-18:00 UTC+8 H.-Szombat ) vagy haszn\u00e1lja a weboldal \u00e9l\u0151 chatj\u00e9t, hogy azonnali v\u00e1laszt kapjon.<\/strong><\/p>\n<p>&nbsp;<\/p>\n<\/div>\n<p><!--more--><\/p>\n<div data-image=\"https:\/\/longchangchemical.com\/wp-content\/uploads\/2021\/08\/DMDEE-768x768.jpg\" data-color=\"#292929\">\n<p>Poliuret\u00e1n rugalmas hab gyakori probl\u00e9m\u00e1k \u00e9s megold\u00e1sok<\/p>\n<p>1\u3001magas z\u00e1r\u00e1si ar\u00e1ny<br \/>\n(1) Poli\u00e9ter-poliol: magas etil\u00e9n-oxid ar\u00e1nya, nagy aktivit\u00e1s, t\u00f6bb el\u0151fordul a poli\u00e9ter-poliol k\u00fcl\u00f6nb\u00f6z\u0151 tev\u00e9kenys\u00e9geinek cser\u00e9j\u00e9ben.<br \/>\n(2) Technol\u00f3giai k\u00e9plet: a sz\u00e9ntartalm\u00fa oktano\u00e1t d\u00f3zisa magas, az izocian\u00e1t aktivit\u00e1sa magas, a t\u00e9rh\u00e1l\u00f3sod\u00e1si fok nagy, a t\u00e9rh\u00e1l\u00f3sod\u00e1si sebess\u00e9g gyors, t\u00fal sok amin \u00e9s fizikai f\u00fav\u00f3szer okoz a hab bels\u0151 nyom\u00e1sa alacsony, a hab rugalmass\u00e1g\u00e1t nem lehet megnyitni, ha a hab nagy, a TDI index t\u00fal nagy, a lyukak nagym\u00e9rt\u00e9k\u0171 z\u00e1r\u00f3d\u00e1s\u00e1hoz is vezet.<br \/>\n2\u3001 Zsugorod\u00e1s (a g\u00e9l sebess\u00e9ge nagyobb, mint a habz\u00e1si sebess\u00e9g)<br \/>\n(1) Magas elz\u00e1r\u00f3d\u00e1si ar\u00e1ny, zsugorod\u00e1s h\u0171t\u00e9skor.<br \/>\n(2) technol\u00f3giai felt\u00e9telek: alacsony h\u0151m\u00e9rs\u00e9klet, alacsony anyagh\u0151m\u00e9rs\u00e9klet; (3) technol\u00f3giai felt\u00e9telek: alacsony h\u0151m\u00e9rs\u00e9klet, alacsony anyagh\u0151m\u00e9rs\u00e9klet; (4) technol\u00f3giai felt\u00e9telek: alacsony h\u0151m\u00e9rs\u00e9klet, alacsony anyagh\u0151m\u00e9rs\u00e9klet; (5) technol\u00f3giai felt\u00e9telek: alacsony h\u0151m\u00e9rs\u00e9klet, alacsony anyagh\u0151m\u00e9rs\u00e9klet.<br \/>\n(3) Folyamatk\u00e9plet: t\u00falzott szilikonolaj, t\u00falzott fizikai f\u00fav\u00f3anyag, a TDI-index t\u00fal alacsony.<br \/>\n3\u3001Bels\u0151 reped\u00e9s<br \/>\n(1) Folyamatk\u00f6r\u00fclm\u00e9nyek: alacsony h\u0151m\u00e9rs\u00e9klet, a reakci\u00f3k\u00f6zpont magas h\u0151m\u00e9rs\u00e9klete; (2) Folyamatformul\u00e1ci\u00f3: t\u00fal sok szilikonolaj, t\u00fal sok fizikai hajt\u00f3anyag, t\u00fal alacsony TDI-index.<br \/>\n(2) Technol\u00f3giai formula: alacsony TDI-index, t\u00f6bb \u00f3n, magas korai habz\u00e1si szil\u00e1rds\u00e1g.<br \/>\n(3) A szilikonolaj magas aktivit\u00e1sa, alacsony d\u00f3zis.<br \/>\n4, fels\u0151 reped\u00e9s (hajg\u00e1z g\u00e9l sebess\u00e9g kiegyens\u00falyozatlans\u00e1g)<br \/>\n(1) technol\u00f3giai felt\u00e9telek: alacsony h\u0151m\u00e9rs\u00e9klet, alacsony anyagh\u0151m\u00e9rs\u00e9klet; (2) technol\u00f3giai felt\u00e9telek: alacsony h\u0151m\u00e9rs\u00e9klet, alacsony anyagh\u0151m\u00e9rs\u00e9klet; (3) szilikonolaj magas aktivit\u00e1sa, alacsony d\u00f3zis.<br \/>\n(2) Folyamatk\u00e9plet: el\u00e9gtelen mennyis\u00e9g\u0171 kataliz\u00e1tor, alacsony mennyis\u00e9g\u0171 amin, rossz min\u0151s\u00e9g\u0171 szilikonolaj.<br \/>\n5\u3001Az als\u00f3 sarok reped\u00e9se (t\u00fal sok amin, t\u00fal gyors habz\u00e1s)<br \/>\nNagy lyukak a fel\u00fcleten: a fizikai f\u00fav\u00f3anyag mennyis\u00e9ge t\u00fal nagy, a szilikonolaj \u00e9s a kataliz\u00e1tor min\u0151s\u00e9ge rossz.<br \/>\n6\u3001A hab gyenge alacsony h\u0151m\u00e9rs\u00e9kleti teljes\u00edtm\u00e9nye<br \/>\nA poli\u00e9ter-poliol gyenge bels\u0151 min\u0151s\u00e9ge, azonos hidroxil-\u00e9rt\u00e9k, alacsony funkcionalit\u00e1s, nagyfok\u00fa tel\u00edtetlens\u00e9g, azonos mennyis\u00e9g\u0171 \u00f3n, alacsony TDI-index.<br \/>\n7, rossz szell\u0151z\u00e9s<br \/>\n(1) \u00c9ghajlati felt\u00e9telek: alacsony h\u0151m\u00e9rs\u00e9klet<br \/>\n(2) Nyersanyagok: magas poli\u00e9ter-poliol, magas szilikonolaj-aktivit\u00e1s.<br \/>\n(3) Folyamatk\u00e9plet: t\u00f6bb \u00f3n, vagy \u00f3n azonos mennyis\u00e9g\u0171 v\u00edzzel \u00e9s amintartalommal kevesebb, a TDI index magas.<br \/>\n8, gyenge rugalmass\u00e1g<br \/>\n(1) nyersanyagok: a poli\u00e9ter-poliol aktivit\u00e1sa magas, a relat\u00edv molekulat\u00f6meg kicsi, magas szilikonolaj-aktivit\u00e1s; (2) folyamatformul\u00e1ci\u00f3: t\u00f6bb \u00f3n, vagy \u00f3nadagol\u00e1s azonos mennyis\u00e9g\u0171 v\u00edz- \u00e9s amintartalom kis mennyis\u00e9g\u0171, a TDI index magas.<br \/>\n(2) folyamatk\u00e9plet: nagy mennyis\u00e9g\u0171 szilikonolaj, t\u00f6bb \u00f3n, t\u00f6bb v\u00edz ugyanabban az \u00f3nmennyis\u00e9gben, a TDI index magas.<br \/>\n9, gyenge szak\u00edt\u00f3szil\u00e1rds\u00e1g<br \/>\n(1) nyersanyagok: alacsony molekul\u00e1j\u00fa poli\u00e9ter poliol t\u00fal sok, a hidroxil \u00e9rt\u00e9ke alacsony funkcionalit\u00e1ssal.<br \/>\n(2) folyamatk\u00e9plet: az \u00f3n kevesebb g\u00e9lreakci\u00f3 nem j\u00f3, ugyanabban az \u00f3nmennyis\u00e9gben a TDI-index magas, kevesebb v\u00edzzel val\u00f3 t\u00e9rh\u00e1l\u00f3sod\u00e1si fok alacsony.<br \/>\n10\u3001F\u00fcst\u00f6l\u00e9s habz\u00e1skor<br \/>\nT\u00falzott amin a v\u00edz \u00e9s a TDI reakci\u00f3j\u00e1nak el\u0151seg\u00edt\u00e9s\u00e9re sok h\u0151t, alacsony forr\u00e1spont\u00fa anyag elp\u00e1rolg\u00e1s\u00e1t \u00e9s f\u00fcst\u00f6t szabad\u00edt fel. Ha nem \u00e9g a sz\u00edv, a f\u00fcst nagy r\u00e9sze TDI-b\u0151l, alacsony forr\u00e1spont\u00fa anyagokb\u00f3l \u00e9s monomer cikloalk\u00e1nb\u00f3l \u00e1ll a poli\u00e9ter-poliolban.<br \/>\n11\u3001Hab feh\u00e9r bord\u00e1val<br \/>\nA habz\u00e1s \u00e9s a g\u00e9l reakci\u00f3 sebess\u00e9ge gyors, a folyamatos habz\u00e1sn\u00e1l az \u00e1tviteli sebess\u00e9g lass\u00fa, a helyi extrud\u00e1l\u00e1s \u00e9s a s\u0171r\u0171 r\u00e9teg l\u00e9trehoz\u00e1sa, ami feh\u00e9r borda jelens\u00e9get eredm\u00e9nyez. Az \u00e1tviteli sebess\u00e9get id\u0151ben jav\u00edtani kell, vagy az anyag h\u0151m\u00e9rs\u00e9klet\u00e9t cs\u00f6kkenteni kell, \u00e9s a kataliz\u00e1tor mennyis\u00e9g\u00e9t cs\u00f6kkenteni kell.<br \/>\n12\u3001Hab ropog\u00f3s hab<br \/>\nA k\u00e9pletben t\u00f6bb v\u00edz van, a keletkez\u0151 diurea nem old\u00f3dik fel a szilikonolajban, az \u00f3nkataliz\u00e1tort rosszul haszn\u00e1lj\u00e1k, a t\u00e9rh\u00e1l\u00f3s\u00edt\u00e1si reakci\u00f3 nem elegend\u0151, a kis relat\u00edv molekulat\u00f6meg\u0171 poli\u00e9ter-poliol tartalma t\u00fal magas, a reakci\u00f3h\u0151m\u00e9rs\u00e9klet t\u00fal magas, \u00e9s az \u00e9terk\u00f6t\u00e9s t\u00f6r\u00e9se cs\u00f6kkenti a hab szil\u00e1rds\u00e1g\u00e1t.<br \/>\n13\u3001A habs\u0171r\u0171s\u00e9g alacsonyabb a be\u00e1ll\u00edtott \u00e9rt\u00e9kn\u00e9l<br \/>\nA habz\u00e1si index t\u00fal nagy a pontatlan m\u00e9r\u00e9s, a magas h\u0151m\u00e9rs\u00e9klet \u00e9s az alacsony l\u00e9gnyom\u00e1s miatt.<br \/>\n14\u3001A hab als\u00f3 b\u0151rrel, oldals\u00f3 b\u0151rrel, als\u00f3 l\u00e9pcs\u0151 kavit\u00e1ci\u00f3val rendelkezik.<br \/>\nT\u00f6bb \u00f3n, kevesebb amin, lass\u00fa habz\u00e1si sebess\u00e9g, gyors g\u00e9lsebess\u00e9g, t\u00fal alacsony s\u00e1vh\u0151m\u00e9rs\u00e9klet a folyamatos habz\u00e1sn\u00e1l.<br \/>\n15\u3001A meghosszabbod\u00e1si ar\u00e1ny nagy<br \/>\n(1) Nyersanyag: magas aktivit\u00e1s\u00fa \u00e9s kis funkcionalit\u00e1s\u00fa poli\u00e9ter-poliol.<br \/>\n(2) folyamatk\u00e9plet: (2) folyamatk\u00e9plet: a TDI index alacsony t\u00e9rh\u00e1l\u00f3sod\u00e1si el\u00e9gtelen, t\u00f6bb \u00f3n, t\u00f6bb szilikonolaj; (2) folyamatk\u00e9plet: TDI index alacsony t\u00e9rh\u00e1l\u00f3sod\u00e1si el\u00e9gtelen, t\u00f6bb \u00f3n, t\u00f6bb szilikonolaj.<\/p>\n<\/div>","protected":false},"excerpt":{"rendered":"<p>K\u00e9miai n\u00e9v: Pentametil-dietil\u00e9n-triamin<\/p>\n<p>CAS NO.: 3030-47-5<\/p>\n<p><strong>K\u00e9miai n\u00e9v:<\/strong><strong>\u00a0<\/strong>Pentametil-dietil\u00e9n-triamin<\/p>\n<p><strong>Szinonim\u00e1ja:<\/strong>Bis(2-dimetil-aminoetil)(metil)amin;N,N,N',N\",N\"-pentametil-di-etil\u00e9n-triamin;PMDTA;Polycat 5;Toyocat DT;Kaolizer 3<\/p>\n<p>K\u00e9plet: C9H23N3<\/p>\n<p>Tartalom:\uff1e98%<\/p>","protected":false},"featured_media":5768,"comment_status":"closed","ping_status":"closed","template":"","meta":[],"product_brand":[],"product_cat":[119],"product_tag":[],"class_list":{"0":"post-5767","1":"product","2":"type-product","3":"status-publish","4":"has-post-thumbnail","6":"product_cat-synocat-polyurethane-catalyst","8":"first","9":"instock","10":"shipping-taxable","11":"product-type-simple"},"yoast_head":"<!-- This site is optimized with the Yoast SEO plugin v25.3.1 - https:\/\/yoast.com\/wordpress\/plugins\/seo\/ -->\n<title>PMDETA ( Pentamethyldiethylenetriamine ) manufacturer Cas 3030-47-5 Supplier - Longchang chemical<\/title>\n<meta name=\"description\" content=\"PMDETA can be used as pu catalyst,aka PMDTA;Polycat 5;Toyocat DT;Kaolizer 3; Bis(2-dimethylaminoethyl)(methyl)amine;N,N,N&#039;,N&quot;,N&quot;-pentamethyldi-ethyleentriamine and is the key product of Longchang Chemical. We are the leading pu catalyst manufacturer and supplier in China with the best quanlity and competitive price.\" \/>\n<meta name=\"robots\" content=\"index, follow, max-snippet:-1, max-image-preview:large, max-video-preview:-1\" \/>\n<link rel=\"canonical\" href=\"https:\/\/longchangchemical.com\/hu\/product\/synocat-pmdeta-cas-3030-47-5\/\" \/>\n<meta property=\"og:locale\" content=\"hu_HU\" \/>\n<meta property=\"og:type\" content=\"article\" \/>\n<meta property=\"og:title\" content=\"PMDETA ( Pentamethyldiethylenetriamine ) manufacturer Cas 3030-47-5 Supplier - Longchang chemical\" \/>\n<meta property=\"og:description\" content=\"PMDETA can be used as pu catalyst,aka PMDTA;Polycat 5;Toyocat DT;Kaolizer 3; Bis(2-dimethylaminoethyl)(methyl)amine;N,N,N&#039;,N&quot;,N&quot;-pentamethyldi-ethyleentriamine and is the key product of Longchang Chemical. We are the leading pu catalyst manufacturer and supplier in China with the best quanlity and competitive price.\" \/>\n<meta property=\"og:url\" content=\"https:\/\/longchangchemical.com\/hu\/product\/synocat-pmdeta-cas-3030-47-5\/\" \/>\n<meta property=\"og:site_name\" content=\"Longchang Chemical\" \/>\n<meta property=\"article:modified_time\" content=\"2026-01-12T06:00:22+00:00\" \/>\n<meta property=\"og:image\" content=\"https:\/\/longchangchemical.com\/wp-content\/uploads\/2022\/12\/PMDETA-PC-5-scaled-1.jpg\" \/>\n\t<meta property=\"og:image:width\" content=\"800\" \/>\n\t<meta property=\"og:image:height\" content=\"800\" \/>\n\t<meta property=\"og:image:type\" content=\"image\/jpeg\" \/>\n<meta name=\"twitter:card\" content=\"summary_large_image\" \/>\n<script type=\"application\/ld+json\" class=\"yoast-schema-graph\">{\"@context\":\"https:\/\/schema.org\",\"@graph\":[{\"@type\":\"WebPage\",\"@id\":\"https:\/\/longchangchemical.com\/product\/synocat-pmdeta-cas-3030-47-5\/\",\"url\":\"https:\/\/longchangchemical.com\/product\/synocat-pmdeta-cas-3030-47-5\/\",\"name\":\"PMDETA ( Pentamethyldiethylenetriamine ) manufacturer Cas 3030-47-5 Supplier - Longchang chemical\",\"isPartOf\":{\"@id\":\"https:\/\/longchangchemical.com\/#website\"},\"primaryImageOfPage\":{\"@id\":\"https:\/\/longchangchemical.com\/product\/synocat-pmdeta-cas-3030-47-5\/#primaryimage\"},\"image\":{\"@id\":\"https:\/\/longchangchemical.com\/product\/synocat-pmdeta-cas-3030-47-5\/#primaryimage\"},\"thumbnailUrl\":\"https:\/\/longchangchemical.com\/wp-content\/uploads\/2022\/12\/PMDETA-PC-5-scaled-1.jpg\",\"datePublished\":\"2022-12-02T07:59:12+00:00\",\"dateModified\":\"2026-01-12T06:00:22+00:00\",\"description\":\"PMDETA can be used as pu catalyst,aka PMDTA;Polycat 5;Toyocat DT;Kaolizer 3; Bis(2-dimethylaminoethyl)(methyl)amine;N,N,N',N\\\",N\\\"-pentamethyldi-ethyleentriamine and is the key product of Longchang Chemical. We are the leading pu catalyst manufacturer and supplier in China with the best quanlity and competitive price.\",\"breadcrumb\":{\"@id\":\"https:\/\/longchangchemical.com\/product\/synocat-pmdeta-cas-3030-47-5\/#breadcrumb\"},\"inLanguage\":\"hu\",\"potentialAction\":[{\"@type\":\"ReadAction\",\"target\":[\"https:\/\/longchangchemical.com\/product\/synocat-pmdeta-cas-3030-47-5\/\"]}]},{\"@type\":\"ImageObject\",\"inLanguage\":\"hu\",\"@id\":\"https:\/\/longchangchemical.com\/product\/synocat-pmdeta-cas-3030-47-5\/#primaryimage\",\"url\":\"https:\/\/longchangchemical.com\/wp-content\/uploads\/2022\/12\/PMDETA-PC-5-scaled-1.jpg\",\"contentUrl\":\"https:\/\/longchangchemical.com\/wp-content\/uploads\/2022\/12\/PMDETA-PC-5-scaled-1.jpg\",\"width\":800,\"height\":800,\"caption\":\"PMDETA(PC-5) \/ PMDTA \/ Pentamethyldiethylenetriamine \/Polycat 5 CAS 3030-47-5\"},{\"@type\":\"BreadcrumbList\",\"@id\":\"https:\/\/longchangchemical.com\/product\/synocat-pmdeta-cas-3030-47-5\/#breadcrumb\",\"itemListElement\":[{\"@type\":\"ListItem\",\"position\":1,\"name\":\"Home\",\"item\":\"https:\/\/longchangchemical.com\/\"},{\"@type\":\"ListItem\",\"position\":2,\"name\":\"Products Longchang\",\"item\":\"https:\/\/longchangchemical.com\/product\/\"},{\"@type\":\"ListItem\",\"position\":3,\"name\":\"PMDETA(PC-5) \/ PMDTA \/ Pentamethyldiethylenetriamine \/Polycat 5 CAS 3030-47-5\"}]},{\"@type\":\"WebSite\",\"@id\":\"https:\/\/longchangchemical.com\/#website\",\"url\":\"https:\/\/longchangchemical.com\/\",\"name\":\"Longchang Chemical\",\"description\":\"China chemical manufacturer \uff06 supplier\",\"publisher\":{\"@id\":\"https:\/\/longchangchemical.com\/#organization\"},\"potentialAction\":[{\"@type\":\"SearchAction\",\"target\":{\"@type\":\"EntryPoint\",\"urlTemplate\":\"https:\/\/longchangchemical.com\/?s={search_term_string}\"},\"query-input\":{\"@type\":\"PropertyValueSpecification\",\"valueRequired\":true,\"valueName\":\"search_term_string\"}}],\"inLanguage\":\"hu\"},{\"@type\":\"Organization\",\"@id\":\"https:\/\/longchangchemical.com\/#organization\",\"name\":\"Longchang Chemical\",\"url\":\"https:\/\/longchangchemical.com\/\",\"logo\":{\"@type\":\"ImageObject\",\"inLanguage\":\"hu\",\"@id\":\"https:\/\/longchangchemical.com\/#\/schema\/logo\/image\/\",\"url\":\"https:\/\/longchangchemical.com\/wp-content\/uploads\/2020\/08\/cropped-longchang-logo.png\",\"contentUrl\":\"https:\/\/longchangchemical.com\/wp-content\/uploads\/2020\/08\/cropped-longchang-logo.png\",\"width\":512,\"height\":512,\"caption\":\"Longchang Chemical\"},\"image\":{\"@id\":\"https:\/\/longchangchemical.com\/#\/schema\/logo\/image\/\"}}]}<\/script>\n<!-- \/ Yoast SEO plugin. -->","yoast_head_json":{"title":"PMDETA ( Pentamethyldiethylenetriamine ) gy\u00e1rt\u00f3 Cas 3030-47-5 Sz\u00e1ll\u00edt\u00f3 - Longchang vegyi anyag - Longchang vegyi anyag","description":"A PMDETA pu-kataliz\u00e1tork\u00e9nt haszn\u00e1lhat\u00f3, m\u00e1s n\u00e9ven PMDTA; Polycat 5; Toyocat DT; Kaolizer 3; Bis(2-dimetil-aminoetil)(metil)amin; N,N,N,N',N\",N\"-pentametil-di-etil\u00e9n-triamin \u00e9s a Longchang Chemical kulcsfontoss\u00e1g\u00fa term\u00e9ke. Mi vagyunk a vezet\u0151 pu kataliz\u00e1tor gy\u00e1rt\u00f3ja \u00e9s sz\u00e1ll\u00edt\u00f3ja K\u00edn\u00e1ban a legjobb min\u0151s\u00e9ggel \u00e9s versenyk\u00e9pes \u00e1rral.","robots":{"index":"index","follow":"follow","max-snippet":"max-snippet:-1","max-image-preview":"max-image-preview:large","max-video-preview":"max-video-preview:-1"},"canonical":"https:\/\/longchangchemical.com\/hu\/product\/synocat-pmdeta-cas-3030-47-5\/","og_locale":"hu_HU","og_type":"article","og_title":"PMDETA ( Pentamethyldiethylenetriamine ) manufacturer Cas 3030-47-5 Supplier - Longchang chemical","og_description":"PMDETA can be used as pu catalyst,aka PMDTA;Polycat 5;Toyocat DT;Kaolizer 3; Bis(2-dimethylaminoethyl)(methyl)amine;N,N,N',N\",N\"-pentamethyldi-ethyleentriamine and is the key product of Longchang Chemical. We are the leading pu catalyst manufacturer and supplier in China with the best quanlity and competitive price.","og_url":"https:\/\/longchangchemical.com\/hu\/product\/synocat-pmdeta-cas-3030-47-5\/","og_site_name":"Longchang Chemical","article_modified_time":"2026-01-12T06:00:22+00:00","og_image":[{"width":800,"height":800,"url":"https:\/\/longchangchemical.com\/wp-content\/uploads\/2022\/12\/PMDETA-PC-5-scaled-1.jpg","type":"image\/jpeg"}],"twitter_card":"summary_large_image","schema":{"@context":"https:\/\/schema.org","@graph":[{"@type":"WebPage","@id":"https:\/\/longchangchemical.com\/product\/synocat-pmdeta-cas-3030-47-5\/","url":"https:\/\/longchangchemical.com\/product\/synocat-pmdeta-cas-3030-47-5\/","name":"PMDETA ( Pentamethyldiethylenetriamine ) gy\u00e1rt\u00f3 Cas 3030-47-5 Sz\u00e1ll\u00edt\u00f3 - Longchang vegyi anyag - Longchang vegyi anyag","isPartOf":{"@id":"https:\/\/longchangchemical.com\/#website"},"primaryImageOfPage":{"@id":"https:\/\/longchangchemical.com\/product\/synocat-pmdeta-cas-3030-47-5\/#primaryimage"},"image":{"@id":"https:\/\/longchangchemical.com\/product\/synocat-pmdeta-cas-3030-47-5\/#primaryimage"},"thumbnailUrl":"https:\/\/longchangchemical.com\/wp-content\/uploads\/2022\/12\/PMDETA-PC-5-scaled-1.jpg","datePublished":"2022-12-02T07:59:12+00:00","dateModified":"2026-01-12T06:00:22+00:00","description":"A PMDETA pu-kataliz\u00e1tork\u00e9nt haszn\u00e1lhat\u00f3, m\u00e1s n\u00e9ven PMDTA; Polycat 5; Toyocat DT; Kaolizer 3; Bis(2-dimetil-aminoetil)(metil)amin; N,N,N,N',N\",N\"-pentametil-di-etil\u00e9n-triamin \u00e9s a Longchang Chemical kulcsfontoss\u00e1g\u00fa term\u00e9ke. Mi vagyunk a vezet\u0151 pu kataliz\u00e1tor gy\u00e1rt\u00f3ja \u00e9s sz\u00e1ll\u00edt\u00f3ja K\u00edn\u00e1ban a legjobb min\u0151s\u00e9ggel \u00e9s versenyk\u00e9pes \u00e1rral.","breadcrumb":{"@id":"https:\/\/longchangchemical.com\/product\/synocat-pmdeta-cas-3030-47-5\/#breadcrumb"},"inLanguage":"hu","potentialAction":[{"@type":"ReadAction","target":["https:\/\/longchangchemical.com\/product\/synocat-pmdeta-cas-3030-47-5\/"]}]},{"@type":"ImageObject","inLanguage":"hu","@id":"https:\/\/longchangchemical.com\/product\/synocat-pmdeta-cas-3030-47-5\/#primaryimage","url":"https:\/\/longchangchemical.com\/wp-content\/uploads\/2022\/12\/PMDETA-PC-5-scaled-1.jpg","contentUrl":"https:\/\/longchangchemical.com\/wp-content\/uploads\/2022\/12\/PMDETA-PC-5-scaled-1.jpg","width":800,"height":800,"caption":"PMDETA(PC-5) \/ PMDTA \/ Pentamethyldiethylenetriamine \/Polycat 5 CAS 3030-47-5"},{"@type":"BreadcrumbList","@id":"https:\/\/longchangchemical.com\/product\/synocat-pmdeta-cas-3030-47-5\/#breadcrumb","itemListElement":[{"@type":"ListItem","position":1,"name":"Home","item":"https:\/\/longchangchemical.com\/"},{"@type":"ListItem","position":2,"name":"Products Longchang","item":"https:\/\/longchangchemical.com\/product\/"},{"@type":"ListItem","position":3,"name":"PMDETA(PC-5) \/ PMDTA \/ Pentamethyldiethylenetriamine \/Polycat 5 CAS 3030-47-5"}]},{"@type":"WebSite","@id":"https:\/\/longchangchemical.com\/#website","url":"https:\/\/longchangchemical.com\/","name":"Longchang Chemical","description":"K\u00edna k\u00e9miai gy\u00e1rt\u00f3 \uff06 sz\u00e1ll\u00edt\u00f3","publisher":{"@id":"https:\/\/longchangchemical.com\/#organization"},"potentialAction":[{"@type":"SearchAction","target":{"@type":"EntryPoint","urlTemplate":"https:\/\/longchangchemical.com\/?s={search_term_string}"},"query-input":{"@type":"PropertyValueSpecification","valueRequired":true,"valueName":"search_term_string"}}],"inLanguage":"hu"},{"@type":"Organization","@id":"https:\/\/longchangchemical.com\/#organization","name":"Longchang Chemical","url":"https:\/\/longchangchemical.com\/","logo":{"@type":"ImageObject","inLanguage":"hu","@id":"https:\/\/longchangchemical.com\/#\/schema\/logo\/image\/","url":"https:\/\/longchangchemical.com\/wp-content\/uploads\/2020\/08\/cropped-longchang-logo.png","contentUrl":"https:\/\/longchangchemical.com\/wp-content\/uploads\/2020\/08\/cropped-longchang-logo.png","width":512,"height":512,"caption":"Longchang Chemical"},"image":{"@id":"https:\/\/longchangchemical.com\/#\/schema\/logo\/image\/"}}]}},"_links":{"self":[{"href":"https:\/\/longchangchemical.com\/hu\/wp-json\/wp\/v2\/product\/5767","targetHints":{"allow":["GET"]}}],"collection":[{"href":"https:\/\/longchangchemical.com\/hu\/wp-json\/wp\/v2\/product"}],"about":[{"href":"https:\/\/longchangchemical.com\/hu\/wp-json\/wp\/v2\/types\/product"}],"replies":[{"embeddable":true,"href":"https:\/\/longchangchemical.com\/hu\/wp-json\/wp\/v2\/comments?post=5767"}],"wp:featuredmedia":[{"embeddable":true,"href":"https:\/\/longchangchemical.com\/hu\/wp-json\/wp\/v2\/media\/5768"}],"wp:attachment":[{"href":"https:\/\/longchangchemical.com\/hu\/wp-json\/wp\/v2\/media?parent=5767"}],"wp:term":[{"taxonomy":"product_brand","embeddable":true,"href":"https:\/\/longchangchemical.com\/hu\/wp-json\/wp\/v2\/product_brand?post=5767"},{"taxonomy":"product_cat","embeddable":true,"href":"https:\/\/longchangchemical.com\/hu\/wp-json\/wp\/v2\/product_cat?post=5767"},{"taxonomy":"product_tag","embeddable":true,"href":"https:\/\/longchangchemical.com\/hu\/wp-json\/wp\/v2\/product_tag?post=5767"}],"curies":[{"name":"wp","href":"https:\/\/api.w.org\/{rel}","templated":true}]}}