{"id":5766,"date":"2022-12-01T13:35:07","date_gmt":"2022-12-01T13:35:07","guid":{"rendered":"https:\/\/longchangchemical.com\/?post_type=product&#038;p=5766"},"modified":"2026-01-09T09:24:35","modified_gmt":"2026-01-09T09:24:35","slug":"lcsorb-uv-329-cas-3147-75-9","status":"publish","type":"product","link":"https:\/\/longchangchemical.com\/hu\/product\/lcsorb-uv-329-cas-3147-75-9\/","title":{"rendered":"UV-329 \/ UV abszorber UV-329 CAS 3147-75-9"},"content":{"rendered":"<h1><strong>UV-329 \/ UV abszorber UV-329 CAS 3147-75-9<\/strong><\/h1>\n<table border=\"1\" width=\"505\" cellspacing=\"0\">\n<tbody>\n<tr>\n<td valign=\"top\" width=\"104\">Megjelen\u00e9s<\/td>\n<td valign=\"top\" width=\"386\">Feh\u00e9r krist\u00e1lyos por<\/td>\n<\/tr>\n<tr>\n<td valign=\"top\" width=\"104\">Tartalom<\/td>\n<td valign=\"top\" width=\"386\">\u226599% (HPLC)<\/td>\n<\/tr>\n<tr>\n<td valign=\"top\" width=\"104\">Olvad\u00e1spont<\/td>\n<td valign=\"top\" width=\"386\">103-105.3\u2103<\/td>\n<\/tr>\n<tr>\n<td valign=\"top\" width=\"104\">Ash<\/td>\n<td valign=\"top\" width=\"386\">\u22640,1%<\/td>\n<\/tr>\n<tr>\n<td valign=\"top\" width=\"104\">Ill\u00e9kony<\/td>\n<td valign=\"top\" width=\"386\">\u22640,5%<\/td>\n<\/tr>\n<tr>\n<td valign=\"top\" width=\"104\">Transzmittancia<\/td>\n<td valign=\"top\" width=\"386\">440nm\u226597%\uff0c500nm\u226598%<\/td>\n<\/tr>\n<\/tbody>\n<\/table>\n<h1><\/h1>\n<h2><strong>UV-329 <\/strong><strong>Alkalmaz\u00e1s<\/strong><\/h2>\n<p>1. Ez a term\u00e9k kiv\u00e1l\u00f3 \u00f6reged\u00e9sg\u00e1tl\u00f3 szer a f\u0151iskol\u00e1k \u00e9s egyetemek sz\u00e1m\u00e1ra, amely hat\u00e9konyan elnyeli a 270-380 nm-es ultraibolya f\u00e9nyt.<\/p>\n<p>2. Nem gy\u00fal\u00e9kony, nem robban\u00e1svesz\u00e9lyes, nem m\u00e9rgez\u0151, biztons\u00e1gos \u00e9s \u00e1rtalmatlan haszn\u00e1latra.<\/p>\n<p>3. Ez a term\u00e9k alig nyeli el a l\u00e1that\u00f3 f\u00e9nyt, \u00e9s k\u00fcl\u00f6n\u00f6sen alkalmas sz\u00edntelen, \u00e1tl\u00e1tsz\u00f3 \u00e9s vil\u00e1gos sz\u00edn\u0171 term\u00e9kekhez.<\/p>\n<p>4. Ez a term\u00e9k alkalmas poli\u00e9szter, merev polivinil-klorid, polisztirol, polimetil-metakril\u00e1t, polikarbon\u00e1t, ABS gyanta stb. eset\u00e9n. K\u00fcl\u00f6n\u00f6sen hat\u00e9kony az \u00e1tl\u00e1tsz\u00f3 term\u00e9kekn\u00e9l \u00e9s a magas h\u0151m\u00e9rs\u00e9kleten feldolgozott m\u0171szaki m\u0171anyagokn\u00e1l. Ez a term\u00e9k poliolefinekhez is haszn\u00e1lhat\u00f3.<\/p>\n<p><strong><em>lcsorb\u00ae<\/em> UV-329 <\/strong>kiv\u00e1l\u00f3 \u00f6reged\u00e9sg\u00e1tl\u00f3 szer a f\u0151iskol\u00e1k \u00e9s egyetemek sz\u00e1m\u00e1ra, amely hat\u00e9konyan elnyeli a 270-380 nm-es ultraibolya f\u00e9nyt.<\/p>\n<p>1. Nem gy\u00fal\u00e9kony, nem robban\u00e9kony, nem m\u00e9rgez\u0151, biztons\u00e1gos \u00e9s \u00e1rtalmatlan haszn\u00e1latra.<\/p>\n<p>2. Ez a term\u00e9k alig nyeli el a l\u00e1that\u00f3 f\u00e9nyt, \u00e9s k\u00fcl\u00f6n\u00f6sen alkalmas sz\u00edntelen, \u00e1tl\u00e1tsz\u00f3 \u00e9s vil\u00e1gos sz\u00edn\u0171 term\u00e9kekhez.<\/p>\n<p>3. Ez a term\u00e9k alkalmas poli\u00e9szter, merev polivinil-klorid, polisztirol, polimetil-metakril\u00e1t, polikarbon\u00e1t, ABS-gyanta stb. eset\u00e9n. K\u00fcl\u00f6n\u00f6sen hat\u00e9kony az \u00e1tl\u00e1tsz\u00f3 term\u00e9kekn\u00e9l \u00e9s a magas h\u0151m\u00e9rs\u00e9kleten feldolgozott m\u0171szaki m\u0171anyagokn\u00e1l. Ez a term\u00e9k poliolefinekhez is haszn\u00e1lhat\u00f3.<\/p>\n<p><strong>T\u00e1rol\u00e1s:<\/strong><br \/>\nSz\u00e1raz, tiszta, j\u00f3l szell\u0151z\u0151 rakt\u00e1rban tartj\u00e1k.<br \/>\nAz oxid\u00e1ci\u00f3 megel\u0151z\u00e9se \u00e9rdek\u00e9ben ker\u00fclje a f\u00e9nynek \u00e9s a meleg\u00edt\u00e9snek val\u00f3 kit\u00e9telt.<br \/>\nA term\u00e9k v\u00e9delme a sziv\u00e1rg\u00e1st\u00f3l, es\u0151t\u0151l \u00e9s a szigetel\u00e9st\u0151l sz\u00e1ll\u00edt\u00e1s k\u00f6zben.<\/p>\n<h2><strong>L\u00e9pjen kapcsolatba vel\u00fcnk most!<\/strong><\/h2>\n<p><strong>Ha sz\u00fcks\u00e9ge van COA, MSDS vagy TDS a <span style=\"color: #00ccff;\"><a style=\"color: #00ccff;\" href=\"https:\/\/longchangchemical.com\/hu\/product-category\/lcsorb-uv-absorber\/\">UV-abszorber<\/a><\/span>K\u00e9rj\u00fck, t\u00f6ltse ki el\u00e9rhet\u0151s\u00e9g\u00e9t az al\u00e1bbi \u0171rlapon, \u00e1ltal\u00e1ban 24 \u00f3r\u00e1n bel\u00fcl felvessz\u00fck \u00d6nnel a kapcsolatot. \u00d6n is k\u00fcldhet nekem e-mailt <span style=\"color: #00ccff;\"><a style=\"color: #00ccff;\" href=\"mailto:info@longchangchemical.com\">info@longchangchemical.com<\/a> <\/span>munkaid\u0151ben ( 8:30-18:00 UTC+8 H.-Szombat ) vagy haszn\u00e1lja a weboldal \u00e9l\u0151 chatj\u00e9t, hogy azonnali v\u00e1laszt kapjon.<\/strong><\/p>","protected":false},"excerpt":{"rendered":"<p>Term\u00e9k neve: UV-abszorber UV-329<\/p>\n<p>CAS-sz\u00e1m: 3147-75-9<\/p>\n<p><strong>K\u00e9miai n\u00e9v<\/strong>:2-(2H-benzotriazol-2-il)-4-(1,1,3,3,3-tetrametilbutil)fenol<\/p>\n<p><strong>Szinonim\u00e1ja:<\/strong>Eversorb 72;CHISORB 5411;Milestab 329;THASORB UV-329Uv abszorber UV-329 Cas No 3147-75-9 gy\u00e1rt\u00f3 -<\/p>\n<p>MF: C20H25N3O<\/p>\n<p>Tisztas\u00e1g: \u226599% (HPLC)<\/p>","protected":false},"featured_media":7959,"comment_status":"closed","ping_status":"closed","template":"","meta":[],"product_brand":[],"product_cat":[139],"product_tag":[],"class_list":{"0":"post-5766","1":"product","2":"type-product","3":"status-publish","4":"has-post-thumbnail","6":"product_cat-lcsorb-uv-absorber","8":"first","9":"instock","10":"shipping-taxable","11":"product-type-simple"},"yoast_head":"<!-- This site is optimized with the Yoast SEO plugin v25.3.1 - https:\/\/yoast.com\/wordpress\/plugins\/seo\/ -->\n<title>Uv absorber UV-329 Cas No 3147-75-9 manufacturer - Longchang Chemical<\/title>\n<meta name=\"description\" content=\"UV-329 can replace Eversorb 72;CHISORB 5411;Milestab 329;THASORB UV-329,used as ultraviolet absorber and is the key product of Longchang Chemical. We are the leading uv material manufacturer and supplier in China with the best quanlity and competitive price.\" \/>\n<meta name=\"robots\" content=\"index, follow, max-snippet:-1, max-image-preview:large, max-video-preview:-1\" \/>\n<link rel=\"canonical\" href=\"https:\/\/longchangchemical.com\/hu\/product\/lcsorb-uv-329-cas-3147-75-9\/\" \/>\n<meta property=\"og:locale\" content=\"hu_HU\" \/>\n<meta property=\"og:type\" content=\"article\" \/>\n<meta property=\"og:title\" content=\"Uv absorber UV-329 Cas No 3147-75-9 manufacturer - Longchang Chemical\" \/>\n<meta property=\"og:description\" content=\"UV-329 can replace Eversorb 72;CHISORB 5411;Milestab 329;THASORB UV-329,used as ultraviolet absorber and is the key product of Longchang Chemical. We are the leading uv material manufacturer and supplier in China with the best quanlity and competitive price.\" \/>\n<meta property=\"og:url\" content=\"https:\/\/longchangchemical.com\/hu\/product\/lcsorb-uv-329-cas-3147-75-9\/\" \/>\n<meta property=\"og:site_name\" content=\"Longchang Chemical\" \/>\n<meta property=\"article:modified_time\" content=\"2026-01-09T09:24:35+00:00\" \/>\n<meta property=\"og:image\" content=\"https:\/\/longchangchemical.com\/wp-content\/uploads\/2022\/12\/3147-75-9.jpg\" \/>\n\t<meta property=\"og:image:width\" content=\"600\" \/>\n\t<meta property=\"og:image:height\" content=\"600\" \/>\n\t<meta property=\"og:image:type\" content=\"image\/jpeg\" \/>\n<meta name=\"twitter:card\" content=\"summary_large_image\" \/>\n<script type=\"application\/ld+json\" class=\"yoast-schema-graph\">{\"@context\":\"https:\/\/schema.org\",\"@graph\":[{\"@type\":\"WebPage\",\"@id\":\"https:\/\/longchangchemical.com\/product\/lcsorb-uv-329-cas-3147-75-9\/\",\"url\":\"https:\/\/longchangchemical.com\/product\/lcsorb-uv-329-cas-3147-75-9\/\",\"name\":\"Uv absorber UV-329 Cas No 3147-75-9 manufacturer - Longchang Chemical\",\"isPartOf\":{\"@id\":\"https:\/\/longchangchemical.com\/#website\"},\"primaryImageOfPage\":{\"@id\":\"https:\/\/longchangchemical.com\/product\/lcsorb-uv-329-cas-3147-75-9\/#primaryimage\"},\"image\":{\"@id\":\"https:\/\/longchangchemical.com\/product\/lcsorb-uv-329-cas-3147-75-9\/#primaryimage\"},\"thumbnailUrl\":\"https:\/\/longchangchemical.com\/wp-content\/uploads\/2022\/12\/3147-75-9.jpg\",\"datePublished\":\"2022-12-01T13:35:07+00:00\",\"dateModified\":\"2026-01-09T09:24:35+00:00\",\"description\":\"UV-329 can replace Eversorb 72;CHISORB 5411;Milestab 329;THASORB UV-329,used as ultraviolet absorber and is the key product of Longchang Chemical. We are the leading uv material manufacturer and supplier in China with the best quanlity and competitive price.\",\"breadcrumb\":{\"@id\":\"https:\/\/longchangchemical.com\/product\/lcsorb-uv-329-cas-3147-75-9\/#breadcrumb\"},\"inLanguage\":\"hu\",\"potentialAction\":[{\"@type\":\"ReadAction\",\"target\":[\"https:\/\/longchangchemical.com\/product\/lcsorb-uv-329-cas-3147-75-9\/\"]}]},{\"@type\":\"ImageObject\",\"inLanguage\":\"hu\",\"@id\":\"https:\/\/longchangchemical.com\/product\/lcsorb-uv-329-cas-3147-75-9\/#primaryimage\",\"url\":\"https:\/\/longchangchemical.com\/wp-content\/uploads\/2022\/12\/3147-75-9.jpg\",\"contentUrl\":\"https:\/\/longchangchemical.com\/wp-content\/uploads\/2022\/12\/3147-75-9.jpg\",\"width\":600,\"height\":600},{\"@type\":\"BreadcrumbList\",\"@id\":\"https:\/\/longchangchemical.com\/product\/lcsorb-uv-329-cas-3147-75-9\/#breadcrumb\",\"itemListElement\":[{\"@type\":\"ListItem\",\"position\":1,\"name\":\"Home\",\"item\":\"https:\/\/longchangchemical.com\/\"},{\"@type\":\"ListItem\",\"position\":2,\"name\":\"Products Longchang\",\"item\":\"https:\/\/longchangchemical.com\/product\/\"},{\"@type\":\"ListItem\",\"position\":3,\"name\":\"UV-329 \/ UV Absorber UV-329 CAS 3147-75-9\"}]},{\"@type\":\"WebSite\",\"@id\":\"https:\/\/longchangchemical.com\/#website\",\"url\":\"https:\/\/longchangchemical.com\/\",\"name\":\"Longchang Chemical\",\"description\":\"China chemical manufacturer \uff06 supplier\",\"publisher\":{\"@id\":\"https:\/\/longchangchemical.com\/#organization\"},\"potentialAction\":[{\"@type\":\"SearchAction\",\"target\":{\"@type\":\"EntryPoint\",\"urlTemplate\":\"https:\/\/longchangchemical.com\/?s={search_term_string}\"},\"query-input\":{\"@type\":\"PropertyValueSpecification\",\"valueRequired\":true,\"valueName\":\"search_term_string\"}}],\"inLanguage\":\"hu\"},{\"@type\":\"Organization\",\"@id\":\"https:\/\/longchangchemical.com\/#organization\",\"name\":\"Longchang Chemical\",\"url\":\"https:\/\/longchangchemical.com\/\",\"logo\":{\"@type\":\"ImageObject\",\"inLanguage\":\"hu\",\"@id\":\"https:\/\/longchangchemical.com\/#\/schema\/logo\/image\/\",\"url\":\"https:\/\/longchangchemical.com\/wp-content\/uploads\/2020\/08\/cropped-longchang-logo.png\",\"contentUrl\":\"https:\/\/longchangchemical.com\/wp-content\/uploads\/2020\/08\/cropped-longchang-logo.png\",\"width\":512,\"height\":512,\"caption\":\"Longchang Chemical\"},\"image\":{\"@id\":\"https:\/\/longchangchemical.com\/#\/schema\/logo\/image\/\"}}]}<\/script>\n<!-- \/ Yoast SEO plugin. -->","yoast_head_json":{"title":"UV-abszorber UV-329 Cas No 3147-75-9 gy\u00e1rt\u00f3 - Longchang Chemical","description":"A UV-329 helyettes\u00edtheti az Eversorb 72; CHISORB 5411; Milestab 329; THASORB UV-329, amelyet ultraibolya abszorberk\u00e9nt haszn\u00e1lnak, \u00e9s a Longchang Chemical kulcsfontoss\u00e1g\u00fa term\u00e9ke. Mi vagyunk a vezet\u0151 uv anyag gy\u00e1rt\u00f3ja \u00e9s sz\u00e1ll\u00edt\u00f3ja K\u00edn\u00e1ban a legjobb min\u0151s\u00e9ggel \u00e9s versenyk\u00e9pes \u00e1rral.","robots":{"index":"index","follow":"follow","max-snippet":"max-snippet:-1","max-image-preview":"max-image-preview:large","max-video-preview":"max-video-preview:-1"},"canonical":"https:\/\/longchangchemical.com\/hu\/product\/lcsorb-uv-329-cas-3147-75-9\/","og_locale":"hu_HU","og_type":"article","og_title":"Uv absorber UV-329 Cas No 3147-75-9 manufacturer - Longchang Chemical","og_description":"UV-329 can replace Eversorb 72;CHISORB 5411;Milestab 329;THASORB UV-329,used as ultraviolet absorber and is the key product of Longchang Chemical. We are the leading uv material manufacturer and supplier in China with the best quanlity and competitive price.","og_url":"https:\/\/longchangchemical.com\/hu\/product\/lcsorb-uv-329-cas-3147-75-9\/","og_site_name":"Longchang Chemical","article_modified_time":"2026-01-09T09:24:35+00:00","og_image":[{"width":600,"height":600,"url":"https:\/\/longchangchemical.com\/wp-content\/uploads\/2022\/12\/3147-75-9.jpg","type":"image\/jpeg"}],"twitter_card":"summary_large_image","schema":{"@context":"https:\/\/schema.org","@graph":[{"@type":"WebPage","@id":"https:\/\/longchangchemical.com\/product\/lcsorb-uv-329-cas-3147-75-9\/","url":"https:\/\/longchangchemical.com\/product\/lcsorb-uv-329-cas-3147-75-9\/","name":"UV-abszorber UV-329 Cas No 3147-75-9 gy\u00e1rt\u00f3 - Longchang Chemical","isPartOf":{"@id":"https:\/\/longchangchemical.com\/#website"},"primaryImageOfPage":{"@id":"https:\/\/longchangchemical.com\/product\/lcsorb-uv-329-cas-3147-75-9\/#primaryimage"},"image":{"@id":"https:\/\/longchangchemical.com\/product\/lcsorb-uv-329-cas-3147-75-9\/#primaryimage"},"thumbnailUrl":"https:\/\/longchangchemical.com\/wp-content\/uploads\/2022\/12\/3147-75-9.jpg","datePublished":"2022-12-01T13:35:07+00:00","dateModified":"2026-01-09T09:24:35+00:00","description":"A UV-329 helyettes\u00edtheti az Eversorb 72; CHISORB 5411; Milestab 329; THASORB UV-329, amelyet ultraibolya abszorberk\u00e9nt haszn\u00e1lnak, \u00e9s a Longchang Chemical kulcsfontoss\u00e1g\u00fa term\u00e9ke. Mi vagyunk a vezet\u0151 uv anyag gy\u00e1rt\u00f3ja \u00e9s sz\u00e1ll\u00edt\u00f3ja K\u00edn\u00e1ban a legjobb min\u0151s\u00e9ggel \u00e9s versenyk\u00e9pes \u00e1rral.","breadcrumb":{"@id":"https:\/\/longchangchemical.com\/product\/lcsorb-uv-329-cas-3147-75-9\/#breadcrumb"},"inLanguage":"hu","potentialAction":[{"@type":"ReadAction","target":["https:\/\/longchangchemical.com\/product\/lcsorb-uv-329-cas-3147-75-9\/"]}]},{"@type":"ImageObject","inLanguage":"hu","@id":"https:\/\/longchangchemical.com\/product\/lcsorb-uv-329-cas-3147-75-9\/#primaryimage","url":"https:\/\/longchangchemical.com\/wp-content\/uploads\/2022\/12\/3147-75-9.jpg","contentUrl":"https:\/\/longchangchemical.com\/wp-content\/uploads\/2022\/12\/3147-75-9.jpg","width":600,"height":600},{"@type":"BreadcrumbList","@id":"https:\/\/longchangchemical.com\/product\/lcsorb-uv-329-cas-3147-75-9\/#breadcrumb","itemListElement":[{"@type":"ListItem","position":1,"name":"Home","item":"https:\/\/longchangchemical.com\/"},{"@type":"ListItem","position":2,"name":"Products Longchang","item":"https:\/\/longchangchemical.com\/product\/"},{"@type":"ListItem","position":3,"name":"UV-329 \/ UV Absorber UV-329 CAS 3147-75-9"}]},{"@type":"WebSite","@id":"https:\/\/longchangchemical.com\/#website","url":"https:\/\/longchangchemical.com\/","name":"Longchang Chemical","description":"K\u00edna k\u00e9miai gy\u00e1rt\u00f3 \uff06 sz\u00e1ll\u00edt\u00f3","publisher":{"@id":"https:\/\/longchangchemical.com\/#organization"},"potentialAction":[{"@type":"SearchAction","target":{"@type":"EntryPoint","urlTemplate":"https:\/\/longchangchemical.com\/?s={search_term_string}"},"query-input":{"@type":"PropertyValueSpecification","valueRequired":true,"valueName":"search_term_string"}}],"inLanguage":"hu"},{"@type":"Organization","@id":"https:\/\/longchangchemical.com\/#organization","name":"Longchang Chemical","url":"https:\/\/longchangchemical.com\/","logo":{"@type":"ImageObject","inLanguage":"hu","@id":"https:\/\/longchangchemical.com\/#\/schema\/logo\/image\/","url":"https:\/\/longchangchemical.com\/wp-content\/uploads\/2020\/08\/cropped-longchang-logo.png","contentUrl":"https:\/\/longchangchemical.com\/wp-content\/uploads\/2020\/08\/cropped-longchang-logo.png","width":512,"height":512,"caption":"Longchang Chemical"},"image":{"@id":"https:\/\/longchangchemical.com\/#\/schema\/logo\/image\/"}}]}},"_links":{"self":[{"href":"https:\/\/longchangchemical.com\/hu\/wp-json\/wp\/v2\/product\/5766","targetHints":{"allow":["GET"]}}],"collection":[{"href":"https:\/\/longchangchemical.com\/hu\/wp-json\/wp\/v2\/product"}],"about":[{"href":"https:\/\/longchangchemical.com\/hu\/wp-json\/wp\/v2\/types\/product"}],"replies":[{"embeddable":true,"href":"https:\/\/longchangchemical.com\/hu\/wp-json\/wp\/v2\/comments?post=5766"}],"wp:featuredmedia":[{"embeddable":true,"href":"https:\/\/longchangchemical.com\/hu\/wp-json\/wp\/v2\/media\/7959"}],"wp:attachment":[{"href":"https:\/\/longchangchemical.com\/hu\/wp-json\/wp\/v2\/media?parent=5766"}],"wp:term":[{"taxonomy":"product_brand","embeddable":true,"href":"https:\/\/longchangchemical.com\/hu\/wp-json\/wp\/v2\/product_brand?post=5766"},{"taxonomy":"product_cat","embeddable":true,"href":"https:\/\/longchangchemical.com\/hu\/wp-json\/wp\/v2\/product_cat?post=5766"},{"taxonomy":"product_tag","embeddable":true,"href":"https:\/\/longchangchemical.com\/hu\/wp-json\/wp\/v2\/product_tag?post=5766"}],"curies":[{"name":"wp","href":"https:\/\/api.w.org\/{rel}","templated":true}]}}