{"id":5603,"date":"2022-09-26T13:51:40","date_gmt":"2022-09-26T13:51:40","guid":{"rendered":"https:\/\/longchangchemical.com\/?post_type=product&#038;p=5603"},"modified":"2025-12-15T07:32:34","modified_gmt":"2025-12-15T07:32:34","slug":"lcflex-3940-cas-54686-97-4","status":"publish","type":"product","link":"https:\/\/longchangchemical.com\/hu\/product\/lcflex-3940-cas-54686-97-4\/","title":{"rendered":"CHLUMIFLEX\u00ae 3940 \/ Nukle\u00e1l\u00f3szer 3940 CAS 54686-97-4"},"content":{"rendered":"<h1><strong>Magk\u00e9pz\u0151 anyag 3940 CAS 54686-97-4<\/strong><\/h1>\n<table style=\"border-collapse: collapse; width: 270.02pt;\" border=\"0\" width=\"360\" cellspacing=\"0\" cellpadding=\"0\">\n<tbody>\n<tr style=\"height: 13.50pt;\">\n<td class=\"et2\" style=\"height: 13.50pt; width: 126.00pt;\" width=\"168\" height=\"18\">S\u0171r\u0171s\u00e9g<\/td>\n<td class=\"et3\" style=\"width: 144.00pt;\" width=\"192\">1,516 g\/cm3<\/td>\n<\/tr>\n<tr style=\"height: 13.50pt;\">\n<td class=\"et2\" style=\"height: 13.50pt; width: 126.00pt;\" width=\"168\" height=\"18\">Forr\u00e1spont<\/td>\n<td class=\"et3\" style=\"width: 144.00pt;\" width=\"192\">602,853\u00baC 760 mmHg nyom\u00e1son<\/td>\n<\/tr>\n<tr style=\"height: 13.50pt;\">\n<td class=\"et2\" style=\"height: 13.50pt; width: 126.00pt;\" width=\"168\" height=\"18\">Olvad\u00e1spont<\/td>\n<td class=\"et3\" style=\"width: 144.00pt;\" width=\"192\">255-262\u00baC<\/td>\n<\/tr>\n<tr style=\"height: 13.50pt;\">\n<td class=\"et2\" style=\"height: 13.50pt; width: 126.00pt;\" width=\"168\" height=\"18\">Molekula k\u00e9plet<\/td>\n<td class=\"et3\" style=\"width: 144.00pt;\" width=\"192\">C<span class=\"font3\">22<\/span><span class=\"font2\">H<\/span><span class=\"font3\">26<\/span><span class=\"font2\">O<\/span><span class=\"font3\">6<\/span><\/td>\n<\/tr>\n<tr style=\"height: 13.50pt;\">\n<td class=\"et2\" style=\"height: 13.50pt; width: 126.00pt;\" width=\"168\" height=\"18\">Molekulat\u00f6meg<\/td>\n<td class=\"et3\" style=\"width: 144.00pt;\" width=\"192\">386.438<\/td>\n<\/tr>\n<tr style=\"height: 13.50pt;\">\n<td class=\"et2\" style=\"height: 13.50pt; width: 126.00pt;\" width=\"168\" height=\"18\">Lobban\u00e1spont<\/td>\n<td class=\"et3\" style=\"width: 144.00pt;\" width=\"192\">275,67\u00baC<\/td>\n<\/tr>\n<tr style=\"height: 13.50pt;\">\n<td class=\"et2\" style=\"height: 13.50pt; width: 126.00pt;\" width=\"168\" height=\"18\">Pontos t\u00f6meg<\/td>\n<td class=\"et3\" style=\"width: 144.00pt;\" width=\"192\">386.173<\/td>\n<\/tr>\n<tr style=\"height: 13.50pt;\">\n<td class=\"et2\" style=\"height: 13.50pt; width: 126.00pt;\" width=\"168\" height=\"18\">PSA<\/td>\n<td class=\"et3\" style=\"width: 144.00pt;\" width=\"192\">77.38<\/td>\n<\/tr>\n<tr style=\"height: 13.50pt;\">\n<td class=\"et2\" style=\"height: 13.50pt; width: 126.00pt;\" width=\"168\" height=\"18\">LogP<\/td>\n<td class=\"et3\" style=\"width: 144.00pt;\" width=\"192\">2.5534<\/td>\n<\/tr>\n<tr style=\"height: 13.50pt;\">\n<td class=\"et2\" style=\"height: 13.50pt; width: 126.00pt;\" width=\"168\" height=\"18\">T\u00f6r\u00e9smutat\u00f3<\/td>\n<td class=\"et3\" style=\"width: 144.00pt;\" width=\"192\">1.738<\/td>\n<\/tr>\n<tr style=\"height: 13.50pt;\">\n<td class=\"et4\" style=\"height: 13.50pt; width: 126.00pt;\" width=\"168\" height=\"18\">V\u00edzoldhat\u00f3s\u00e1g<\/td>\n<td class=\"et3\" style=\"width: 144.00pt;\" width=\"192\">&lt;0,01 g\/100 ml 20 \u00baC-on<\/td>\n<\/tr>\n<\/tbody>\n<\/table>\n<h2><\/h2>\n<h2><strong>Nukle\u00e1l\u00f3szer 3940 Alkalmaz\u00e1sok<\/strong><\/h2>\n<p>1. Ezt a term\u00e9ket els\u0151sorban homopolimer \u00e9s random kopolimer polipropil\u00e9n term\u00e9kekhez \u00e9s LLDPE f\u00f3li\u00e1khoz haszn\u00e1lj\u00e1k, amelyek k\u00f6zvetlen\u00fcl keverhet\u0151k gyant\u00e1val, vagy fr\u00f6ccs\u00f6nt\u00e9shez \u00e9s extrud\u00e1l\u00e1shoz haszn\u00e1lhat\u00f3k.<\/p>\n<p>2. Ez a term\u00e9k a gumi, a vegyi sz\u00e1lak, a textil, a nyomtat\u00e1s, a bevonat, a pigment stb. ter\u00fclet\u00e9n is haszn\u00e1lhat\u00f3.<\/p>\n<p>&nbsp;<\/p>\n<h2><strong><b>L\u00e9pjen kapcsolatba vel\u00fcnk most!<\/b><\/strong><\/h2>\n<h4><strong><b>Ha COA, MSDS vagy TDS-re van sz\u00fcks\u00e9ge, k\u00e9rj\u00fck, t\u00f6ltse ki el\u00e9rhet\u0151s\u00e9g\u00e9t az al\u00e1bbi \u0171rlapon, \u00e1ltal\u00e1ban 24 \u00f3r\u00e1n bel\u00fcl felvessz\u00fck \u00d6nnel a kapcsolatot.<\/b><\/strong> \u00d6n is k\u00fcldhet nekem e-mailt <a href=\"mailto:info@longchangchemical.com\"><span style=\"color: #0000ff;\">info@longchangchemical.com<\/span><\/a> munkaid\u0151ben ( 8:30-18:00 UTC+8 H.-Szombat ) vagy haszn\u00e1lja a weboldal \u00e9l\u0151 chatj\u00e9t, hogy azonnali v\u00e1laszt kapjon.<\/h4>","protected":false},"excerpt":{"rendered":"<p>Term\u00e9k neve: 3940<\/p>\n<p>CAS-sz\u00e1m: 54686-97-4<\/p>\n<p>Molekul\u00e1ris k\u00e9plet: C22H26O6<\/p>\n<p>Molekulat\u00f6meg 386,44<\/p>\n<p>Megjelen\u00e9s: feh\u00e9r, laza por<\/p>","protected":false},"featured_media":5604,"comment_status":"open","ping_status":"closed","template":"","meta":[],"product_brand":[],"product_cat":[141],"product_tag":[],"class_list":{"0":"post-5603","1":"product","2":"type-product","3":"status-publish","4":"has-post-thumbnail","6":"product_cat-nucleating-agent","8":"first","9":"instock","10":"shipping-taxable","11":"product-type-simple"},"yoast_head":"<!-- This site is optimized with the Yoast SEO plugin v25.3.1 - https:\/\/yoast.com\/wordpress\/plugins\/seo\/ -->\n<title>China CHLUMIFLEX\u00ae 3940 \/ Nucleating agent 3940 CAS 54686-97-4 Manufacturer - Longchang Chemical<\/title>\n<meta name=\"description\" content=\"CHLUMIFLEX\u00ae 3940 \/ Nucleating agent 3940 CAS 54686-97-4 is a key product of Longchang Chemical. We provide the best price. We are the leading manufacturer in China with the best quality and competitive price.\" \/>\n<meta name=\"robots\" content=\"index, follow, max-snippet:-1, max-image-preview:large, max-video-preview:-1\" \/>\n<link rel=\"canonical\" href=\"https:\/\/longchangchemical.com\/hu\/product\/lcflex-3940-cas-54686-97-4\/\" \/>\n<meta property=\"og:locale\" content=\"hu_HU\" \/>\n<meta property=\"og:type\" content=\"article\" \/>\n<meta property=\"og:title\" content=\"China CHLUMIFLEX\u00ae 3940 \/ Nucleating agent 3940 CAS 54686-97-4 Manufacturer - Longchang Chemical\" \/>\n<meta property=\"og:description\" content=\"CHLUMIFLEX\u00ae 3940 \/ Nucleating agent 3940 CAS 54686-97-4 is a key product of Longchang Chemical. We provide the best price. We are the leading manufacturer in China with the best quality and competitive price.\" \/>\n<meta property=\"og:url\" content=\"https:\/\/longchangchemical.com\/hu\/product\/lcflex-3940-cas-54686-97-4\/\" \/>\n<meta property=\"og:site_name\" content=\"Longchang Chemical\" \/>\n<meta property=\"article:modified_time\" content=\"2025-12-15T07:32:34+00:00\" \/>\n<meta property=\"og:image\" content=\"https:\/\/longchangchemical.com\/wp-content\/uploads\/2022\/09\/52.jpg\" \/>\n\t<meta property=\"og:image:width\" content=\"600\" \/>\n\t<meta property=\"og:image:height\" content=\"654\" \/>\n\t<meta property=\"og:image:type\" content=\"image\/jpeg\" \/>\n<meta name=\"twitter:card\" content=\"summary_large_image\" \/>\n<script type=\"application\/ld+json\" class=\"yoast-schema-graph\">{\"@context\":\"https:\/\/schema.org\",\"@graph\":[{\"@type\":\"WebPage\",\"@id\":\"https:\/\/longchangchemical.com\/product\/lcflex-3940-cas-54686-97-4\/\",\"url\":\"https:\/\/longchangchemical.com\/product\/lcflex-3940-cas-54686-97-4\/\",\"name\":\"China CHLUMIFLEX\u00ae 3940 \/ Nucleating agent 3940 CAS 54686-97-4 Manufacturer - Longchang Chemical\",\"isPartOf\":{\"@id\":\"https:\/\/longchangchemical.com\/#website\"},\"primaryImageOfPage\":{\"@id\":\"https:\/\/longchangchemical.com\/product\/lcflex-3940-cas-54686-97-4\/#primaryimage\"},\"image\":{\"@id\":\"https:\/\/longchangchemical.com\/product\/lcflex-3940-cas-54686-97-4\/#primaryimage\"},\"thumbnailUrl\":\"https:\/\/longchangchemical.com\/wp-content\/uploads\/2022\/09\/52.jpg\",\"datePublished\":\"2022-09-26T13:51:40+00:00\",\"dateModified\":\"2025-12-15T07:32:34+00:00\",\"description\":\"CHLUMIFLEX\u00ae 3940 \/ Nucleating agent 3940 CAS 54686-97-4 is a key product of Longchang Chemical. We provide the best price. We are the leading manufacturer in China with the best quality and competitive price.\",\"breadcrumb\":{\"@id\":\"https:\/\/longchangchemical.com\/product\/lcflex-3940-cas-54686-97-4\/#breadcrumb\"},\"inLanguage\":\"hu\",\"potentialAction\":[{\"@type\":\"ReadAction\",\"target\":[\"https:\/\/longchangchemical.com\/product\/lcflex-3940-cas-54686-97-4\/\"]}]},{\"@type\":\"ImageObject\",\"inLanguage\":\"hu\",\"@id\":\"https:\/\/longchangchemical.com\/product\/lcflex-3940-cas-54686-97-4\/#primaryimage\",\"url\":\"https:\/\/longchangchemical.com\/wp-content\/uploads\/2022\/09\/52.jpg\",\"contentUrl\":\"https:\/\/longchangchemical.com\/wp-content\/uploads\/2022\/09\/52.jpg\",\"width\":600,\"height\":654},{\"@type\":\"BreadcrumbList\",\"@id\":\"https:\/\/longchangchemical.com\/product\/lcflex-3940-cas-54686-97-4\/#breadcrumb\",\"itemListElement\":[{\"@type\":\"ListItem\",\"position\":1,\"name\":\"Home\",\"item\":\"https:\/\/longchangchemical.com\/\"},{\"@type\":\"ListItem\",\"position\":2,\"name\":\"Products Longchang\",\"item\":\"https:\/\/longchangchemical.com\/product\/\"},{\"@type\":\"ListItem\",\"position\":3,\"name\":\"CHLUMIFLEX\u00ae 3940 \/ Nucleating agent 3940 CAS 54686-97-4\"}]},{\"@type\":\"WebSite\",\"@id\":\"https:\/\/longchangchemical.com\/#website\",\"url\":\"https:\/\/longchangchemical.com\/\",\"name\":\"Longchang Chemical\",\"description\":\"China chemical manufacturer \uff06 supplier\",\"publisher\":{\"@id\":\"https:\/\/longchangchemical.com\/#organization\"},\"potentialAction\":[{\"@type\":\"SearchAction\",\"target\":{\"@type\":\"EntryPoint\",\"urlTemplate\":\"https:\/\/longchangchemical.com\/?s={search_term_string}\"},\"query-input\":{\"@type\":\"PropertyValueSpecification\",\"valueRequired\":true,\"valueName\":\"search_term_string\"}}],\"inLanguage\":\"hu\"},{\"@type\":\"Organization\",\"@id\":\"https:\/\/longchangchemical.com\/#organization\",\"name\":\"Longchang Chemical\",\"url\":\"https:\/\/longchangchemical.com\/\",\"logo\":{\"@type\":\"ImageObject\",\"inLanguage\":\"hu\",\"@id\":\"https:\/\/longchangchemical.com\/#\/schema\/logo\/image\/\",\"url\":\"https:\/\/longchangchemical.com\/wp-content\/uploads\/2020\/08\/cropped-longchang-logo.png\",\"contentUrl\":\"https:\/\/longchangchemical.com\/wp-content\/uploads\/2020\/08\/cropped-longchang-logo.png\",\"width\":512,\"height\":512,\"caption\":\"Longchang Chemical\"},\"image\":{\"@id\":\"https:\/\/longchangchemical.com\/#\/schema\/logo\/image\/\"}}]}<\/script>\n<!-- \/ Yoast SEO plugin. -->","yoast_head_json":{"title":"K\u00edna CHLUMIFLEX\u00ae 3940 \/ Nukle\u00e1l\u00f3szer 3940 CAS 54686-97-4 Gy\u00e1rt\u00f3 - Longchang Chemical","description":"A CHLUMIFLEX\u00ae 3940 \/ Nukle\u00e1l\u00f3szer 3940 CAS 54686-97-4 a Longchang Chemical egyik legfontosabb term\u00e9ke. A legjobb \u00e1rat biztos\u00edtjuk. Mi vagyunk a vezet\u0151 gy\u00e1rt\u00f3 K\u00edn\u00e1ban a legjobb min\u0151s\u00e9ggel \u00e9s versenyk\u00e9pes \u00e1rral.","robots":{"index":"index","follow":"follow","max-snippet":"max-snippet:-1","max-image-preview":"max-image-preview:large","max-video-preview":"max-video-preview:-1"},"canonical":"https:\/\/longchangchemical.com\/hu\/product\/lcflex-3940-cas-54686-97-4\/","og_locale":"hu_HU","og_type":"article","og_title":"China CHLUMIFLEX\u00ae 3940 \/ Nucleating agent 3940 CAS 54686-97-4 Manufacturer - Longchang Chemical","og_description":"CHLUMIFLEX\u00ae 3940 \/ Nucleating agent 3940 CAS 54686-97-4 is a key product of Longchang Chemical. We provide the best price. We are the leading manufacturer in China with the best quality and competitive price.","og_url":"https:\/\/longchangchemical.com\/hu\/product\/lcflex-3940-cas-54686-97-4\/","og_site_name":"Longchang Chemical","article_modified_time":"2025-12-15T07:32:34+00:00","og_image":[{"width":600,"height":654,"url":"https:\/\/longchangchemical.com\/wp-content\/uploads\/2022\/09\/52.jpg","type":"image\/jpeg"}],"twitter_card":"summary_large_image","schema":{"@context":"https:\/\/schema.org","@graph":[{"@type":"WebPage","@id":"https:\/\/longchangchemical.com\/product\/lcflex-3940-cas-54686-97-4\/","url":"https:\/\/longchangchemical.com\/product\/lcflex-3940-cas-54686-97-4\/","name":"K\u00edna CHLUMIFLEX\u00ae 3940 \/ Nukle\u00e1l\u00f3szer 3940 CAS 54686-97-4 Gy\u00e1rt\u00f3 - Longchang Chemical","isPartOf":{"@id":"https:\/\/longchangchemical.com\/#website"},"primaryImageOfPage":{"@id":"https:\/\/longchangchemical.com\/product\/lcflex-3940-cas-54686-97-4\/#primaryimage"},"image":{"@id":"https:\/\/longchangchemical.com\/product\/lcflex-3940-cas-54686-97-4\/#primaryimage"},"thumbnailUrl":"https:\/\/longchangchemical.com\/wp-content\/uploads\/2022\/09\/52.jpg","datePublished":"2022-09-26T13:51:40+00:00","dateModified":"2025-12-15T07:32:34+00:00","description":"A CHLUMIFLEX\u00ae 3940 \/ Nukle\u00e1l\u00f3szer 3940 CAS 54686-97-4 a Longchang Chemical egyik legfontosabb term\u00e9ke. A legjobb \u00e1rat biztos\u00edtjuk. Mi vagyunk a vezet\u0151 gy\u00e1rt\u00f3 K\u00edn\u00e1ban a legjobb min\u0151s\u00e9ggel \u00e9s versenyk\u00e9pes \u00e1rral.","breadcrumb":{"@id":"https:\/\/longchangchemical.com\/product\/lcflex-3940-cas-54686-97-4\/#breadcrumb"},"inLanguage":"hu","potentialAction":[{"@type":"ReadAction","target":["https:\/\/longchangchemical.com\/product\/lcflex-3940-cas-54686-97-4\/"]}]},{"@type":"ImageObject","inLanguage":"hu","@id":"https:\/\/longchangchemical.com\/product\/lcflex-3940-cas-54686-97-4\/#primaryimage","url":"https:\/\/longchangchemical.com\/wp-content\/uploads\/2022\/09\/52.jpg","contentUrl":"https:\/\/longchangchemical.com\/wp-content\/uploads\/2022\/09\/52.jpg","width":600,"height":654},{"@type":"BreadcrumbList","@id":"https:\/\/longchangchemical.com\/product\/lcflex-3940-cas-54686-97-4\/#breadcrumb","itemListElement":[{"@type":"ListItem","position":1,"name":"Home","item":"https:\/\/longchangchemical.com\/"},{"@type":"ListItem","position":2,"name":"Products Longchang","item":"https:\/\/longchangchemical.com\/product\/"},{"@type":"ListItem","position":3,"name":"CHLUMIFLEX\u00ae 3940 \/ Nucleating agent 3940 CAS 54686-97-4"}]},{"@type":"WebSite","@id":"https:\/\/longchangchemical.com\/#website","url":"https:\/\/longchangchemical.com\/","name":"Longchang Chemical","description":"K\u00edna k\u00e9miai gy\u00e1rt\u00f3 \uff06 sz\u00e1ll\u00edt\u00f3","publisher":{"@id":"https:\/\/longchangchemical.com\/#organization"},"potentialAction":[{"@type":"SearchAction","target":{"@type":"EntryPoint","urlTemplate":"https:\/\/longchangchemical.com\/?s={search_term_string}"},"query-input":{"@type":"PropertyValueSpecification","valueRequired":true,"valueName":"search_term_string"}}],"inLanguage":"hu"},{"@type":"Organization","@id":"https:\/\/longchangchemical.com\/#organization","name":"Longchang Chemical","url":"https:\/\/longchangchemical.com\/","logo":{"@type":"ImageObject","inLanguage":"hu","@id":"https:\/\/longchangchemical.com\/#\/schema\/logo\/image\/","url":"https:\/\/longchangchemical.com\/wp-content\/uploads\/2020\/08\/cropped-longchang-logo.png","contentUrl":"https:\/\/longchangchemical.com\/wp-content\/uploads\/2020\/08\/cropped-longchang-logo.png","width":512,"height":512,"caption":"Longchang Chemical"},"image":{"@id":"https:\/\/longchangchemical.com\/#\/schema\/logo\/image\/"}}]}},"_links":{"self":[{"href":"https:\/\/longchangchemical.com\/hu\/wp-json\/wp\/v2\/product\/5603","targetHints":{"allow":["GET"]}}],"collection":[{"href":"https:\/\/longchangchemical.com\/hu\/wp-json\/wp\/v2\/product"}],"about":[{"href":"https:\/\/longchangchemical.com\/hu\/wp-json\/wp\/v2\/types\/product"}],"replies":[{"embeddable":true,"href":"https:\/\/longchangchemical.com\/hu\/wp-json\/wp\/v2\/comments?post=5603"}],"wp:featuredmedia":[{"embeddable":true,"href":"https:\/\/longchangchemical.com\/hu\/wp-json\/wp\/v2\/media\/5604"}],"wp:attachment":[{"href":"https:\/\/longchangchemical.com\/hu\/wp-json\/wp\/v2\/media?parent=5603"}],"wp:term":[{"taxonomy":"product_brand","embeddable":true,"href":"https:\/\/longchangchemical.com\/hu\/wp-json\/wp\/v2\/product_brand?post=5603"},{"taxonomy":"product_cat","embeddable":true,"href":"https:\/\/longchangchemical.com\/hu\/wp-json\/wp\/v2\/product_cat?post=5603"},{"taxonomy":"product_tag","embeddable":true,"href":"https:\/\/longchangchemical.com\/hu\/wp-json\/wp\/v2\/product_tag?post=5603"}],"curies":[{"name":"wp","href":"https:\/\/api.w.org\/{rel}","templated":true}]}}