{"id":5600,"date":"2022-09-25T12:44:37","date_gmt":"2022-09-25T12:44:37","guid":{"rendered":"https:\/\/longchangchemical.com\/?post_type=product&#038;p=5600"},"modified":"2025-04-01T07:40:13","modified_gmt":"2025-04-01T07:40:13","slug":"polycondensation-inhibitor-702-4-oxo-tempo-cas-2896-70-0","status":"publish","type":"product","link":"https:\/\/longchangchemical.com\/hu\/product\/polycondensation-inhibitor-702-4-oxo-tempo-cas-2896-70-0\/","title":{"rendered":"CHLUMINIT\u00ae 702 \/ Polikondenz\u00e1ci\u00f3g\u00e1tl\u00f3 702 \/ 4-Oxo-TEMPO CAS 2896-70-0"},"content":{"rendered":"<h1><strong>4-Oxo-TEMPO CAS 2896-70-0<\/strong><\/h1>\n<table style=\"border-collapse: collapse; width: 243.78pt;\" border=\"0\" width=\"325\" cellspacing=\"0\" cellpadding=\"0\">\n<tbody>\n<tr style=\"height: 13.50pt;\">\n<td class=\"et2\" style=\"height: 13.50pt; width: 101.25pt;\" width=\"135\" height=\"18\">Megjelen\u00e9s<\/td>\n<td class=\"et3\" style=\"width: 142.50pt;\" width=\"190\">Vil\u00e1gos narancss\u00e1rga krist\u00e1lyok<\/td>\n<\/tr>\n<tr style=\"height: 13.50pt;\">\n<td class=\"et2\" style=\"height: 13.50pt;\" height=\"18\">Tartalom<\/td>\n<td class=\"et3\">\u226598%<\/td>\n<\/tr>\n<tr style=\"height: 13.50pt;\">\n<td class=\"et2\" style=\"height: 13.50pt;\" height=\"18\">Olvad\u00e1spont<\/td>\n<td class=\"et3\">36-40\u00b0C<\/td>\n<\/tr>\n<tr style=\"height: 13.50pt;\">\n<td class=\"et2\" style=\"height: 13.50pt;\" height=\"18\">Ash<\/td>\n<td class=\"et3\">\u22640,1%<\/td>\n<\/tr>\n<tr style=\"height: 13.50pt;\">\n<td class=\"et2\" style=\"height: 13.50pt;\" height=\"18\">Volatilit\u00e1s<\/td>\n<td class=\"et3\">\u22640,5%<\/td>\n<\/tr>\n<\/tbody>\n<\/table>\n<h2><\/h2>\n<h2><strong>4-Oxo-TEMPO Haszn\u00e1lat<\/strong><\/h2>\n<p>1. A 702-es polikondenz\u00e1ci\u00f3s inhibitor egy \u00faj t\u00edpus\u00fa, nagy hat\u00e9konys\u00e1g\u00fa, szabadgy\u00f6k\u00f6s t\u00edpus\u00fa inhibitor, amely sz\u00e9les k\u00f6rben alkalmazhat\u00f3 \u00e9s nagy hat\u00e9konys\u00e1ggal g\u00e1tolja a polikondenz\u00e1ci\u00f3t, j\u00f3 g\u00e1tl\u00f3 hat\u00e1ssal rendelkezik aerob \u00e9s anaerob k\u00f6rnyezetben egyar\u00e1nt, \u00e9s alacsony olvad\u00e1spont\u00fa.<\/p>\n<p>2. A poliolefin monomerek \u00f6npolimeriz\u00e1ci\u00f3j\u00e1nak megakad\u00e1lyoz\u00e1s\u00e1ra haszn\u00e1lj\u00e1k a gy\u00e1rt\u00e1s, elv\u00e1laszt\u00e1s, finom\u00edt\u00e1s, t\u00e1rol\u00e1s vagy sz\u00e1ll\u00edt\u00e1s sor\u00e1n, valamint az olefinek \u00e9s sz\u00e1rmaz\u00e9kaik polimeriz\u00e1ci\u00f3s fok\u00e1nak ellen\u0151rz\u00e9s\u00e9re \u00e9s szab\u00e1lyoz\u00e1s\u00e1ra szerves szint\u00e9zisreakci\u00f3kban. A term\u00e9k j\u00f3 polimeriz\u00e1ci\u00f3s blokkol\u00f3 hat\u00e1ssal rendelkezik az akril\u00e1tokra, metakril\u00e1tokra, akrilsavra, akrilnitrilre, sztirolra \u00e9s butadi\u00e9nre. Polimeriz\u00e1ci\u00f3g\u00e1tl\u00f3 teljes\u00edtm\u00e9nye jobb, mint a fenolok\u00e9, arom\u00e1s aminok\u00e9, \u00e9terek\u00e9, kinonok\u00e9, nitrovegy\u00fcletek\u00e9 \u00e9s egy\u00e9b inhibitorok\u00e9.<\/p>\n<p>&nbsp;<\/p>\n<h2><strong>4-Oxo-TEMPO \u00d3vint\u00e9zked\u00e9sek<\/strong><\/h2>\n<p>Ker\u00fclje a napf\u00e9nyt, a p\u00e1ratartalmat, a magas h\u0151m\u00e9rs\u00e9kletet, ker\u00fclje a m\u00e1s savas vegyszerekkel val\u00f3 t\u00e1rol\u00e1st.<\/p>\n<p>&nbsp;<\/p>\n<h2><strong>4-Oxo-TEMPO csomagol\u00e1s<\/strong><\/h2>\n<p>180 kg-os dob, vagy az \u00fcgyf\u00e9l \u00e1ltal meghat\u00e1rozott k\u00f6vetelm\u00e9nyek szerint.<\/p>\n<h2><strong><b>L\u00e9pjen kapcsolatba vel\u00fcnk most!<\/b><\/strong><\/h2>\n<h4><strong><b>Ha COA, MSDS vagy TDS-re van sz\u00fcks\u00e9ge, k\u00e9rj\u00fck, t\u00f6ltse ki el\u00e9rhet\u0151s\u00e9g\u00e9t az al\u00e1bbi \u0171rlapon, \u00e1ltal\u00e1ban 24 \u00f3r\u00e1n bel\u00fcl felvessz\u00fck \u00d6nnel a kapcsolatot.<\/b><\/strong> \u00d6n is k\u00fcldhet nekem e-mailt <a href=\"mailto:info@longchangchemical.com\"><span style=\"color: #0000ff;\">info@longchangchemical.com<\/span><\/a> munkaid\u0151ben ( 8:30-18:00 UTC+8 H.-Szombat ) vagy haszn\u00e1lja a weboldal \u00e9l\u0151 chatj\u00e9t, hogy azonnali v\u00e1laszt kapjon.<\/h4>","protected":false},"excerpt":{"rendered":"<p>Angol n\u00e9v:4-Oxo-2,2,2,6,6,6-tetrametil-piperidinooxy<\/p>\n<p>CAS-sz\u00e1m: 2896-70-0<\/p>\n<p>Szinonim\u00e1k: (2,2,6,6,6-tetrametil-4-oxopiperidin-1-Yl)oxidanyl; 1-hidroxi-2,2,6,6,6-tetrametil-piperidin-4-One; 1-Oxil-2,2,6,6,6-tetrametil-4-oxopiperidin; 1-Oxil-2,2,6,6,6-tetrametil-4-piperidon; 1-Oxil-2,2,6,6,6,6-tetrametil-piperidin-4-on; 1-Piperidinyloxy, 2,2,6,6,6-tetrametil-4-oxo-; 2,2\u2032,6,6,6\u2032-Tetrametil-4-oxopiperidin-1-oxil; 2,2,6,6,6-Tetrametil-4-oxo-1-piperidinooxy;<\/p>\n<p>K\u00e9miai szerkezet: <img decoding=\"async\" title=\"\" src=\"http:\/\/www.unitechem.cn\/upload\/202203\/25\/202203251344237980.png\" alt=\"\" width=\"108\" height=\"90\" align=\"\" \/><\/p>\n<p>Molekula k\u00e9plet:C9H16NO2<\/p>\n<p>Molekulat\u00f6meg:170,23<\/p>","protected":false},"featured_media":5601,"comment_status":"open","ping_status":"closed","template":"","meta":[],"product_brand":[],"product_cat":[186],"product_tag":[],"class_list":{"0":"post-5600","1":"product","2":"type-product","3":"status-publish","4":"has-post-thumbnail","6":"product_cat-polymerization-inhibitor","8":"first","9":"instock","10":"shipping-taxable","11":"product-type-simple"},"yoast_head":"<!-- This site is optimized with the Yoast SEO plugin v25.3.1 - https:\/\/yoast.com\/wordpress\/plugins\/seo\/ -->\n<title>China CHLUMINIT\u00ae 702 \/ Polycondensation inhibitor 702 \/ 4-Oxo-TEMPO CAS 2896-70-0 Manufacturer - Longchang Chemical<\/title>\n<meta name=\"description\" content=\"CHLUMINIT\u00ae 702 \/ Polycondensation inhibitor 702 \/ 4-Oxo-TEMPO CAS 2896-70-0 is a key product of Longchang Chemical. We provide the best price. We are the leading manufacturer in China with the best quality and competitive price.\" \/>\n<meta name=\"robots\" content=\"index, follow, max-snippet:-1, max-image-preview:large, max-video-preview:-1\" \/>\n<link rel=\"canonical\" href=\"https:\/\/longchangchemical.com\/hu\/product\/polycondensation-inhibitor-702-4-oxo-tempo-cas-2896-70-0\/\" \/>\n<meta property=\"og:locale\" content=\"hu_HU\" \/>\n<meta property=\"og:type\" content=\"article\" \/>\n<meta property=\"og:title\" content=\"China CHLUMINIT\u00ae 702 \/ Polycondensation inhibitor 702 \/ 4-Oxo-TEMPO CAS 2896-70-0 Manufacturer - Longchang Chemical\" \/>\n<meta property=\"og:description\" content=\"CHLUMINIT\u00ae 702 \/ Polycondensation inhibitor 702 \/ 4-Oxo-TEMPO CAS 2896-70-0 is a key product of Longchang Chemical. We provide the best price. We are the leading manufacturer in China with the best quality and competitive price.\" \/>\n<meta property=\"og:url\" content=\"https:\/\/longchangchemical.com\/hu\/product\/polycondensation-inhibitor-702-4-oxo-tempo-cas-2896-70-0\/\" \/>\n<meta property=\"og:site_name\" content=\"Longchang Chemical\" \/>\n<meta property=\"article:modified_time\" content=\"2025-04-01T07:40:13+00:00\" \/>\n<meta property=\"og:image\" content=\"https:\/\/longchangchemical.com\/wp-content\/uploads\/2022\/09\/20.jpg\" \/>\n\t<meta property=\"og:image:width\" content=\"750\" \/>\n\t<meta property=\"og:image:height\" content=\"750\" \/>\n\t<meta property=\"og:image:type\" content=\"image\/jpeg\" \/>\n<meta name=\"twitter:card\" content=\"summary_large_image\" \/>\n<script type=\"application\/ld+json\" class=\"yoast-schema-graph\">{\"@context\":\"https:\/\/schema.org\",\"@graph\":[{\"@type\":\"WebPage\",\"@id\":\"https:\/\/longchangchemical.com\/product\/polycondensation-inhibitor-702-4-oxo-tempo-cas-2896-70-0\/\",\"url\":\"https:\/\/longchangchemical.com\/product\/polycondensation-inhibitor-702-4-oxo-tempo-cas-2896-70-0\/\",\"name\":\"China CHLUMINIT\u00ae 702 \/ Polycondensation inhibitor 702 \/ 4-Oxo-TEMPO CAS 2896-70-0 Manufacturer - Longchang Chemical\",\"isPartOf\":{\"@id\":\"https:\/\/longchangchemical.com\/#website\"},\"primaryImageOfPage\":{\"@id\":\"https:\/\/longchangchemical.com\/product\/polycondensation-inhibitor-702-4-oxo-tempo-cas-2896-70-0\/#primaryimage\"},\"image\":{\"@id\":\"https:\/\/longchangchemical.com\/product\/polycondensation-inhibitor-702-4-oxo-tempo-cas-2896-70-0\/#primaryimage\"},\"thumbnailUrl\":\"https:\/\/longchangchemical.com\/wp-content\/uploads\/2022\/09\/20.jpg\",\"datePublished\":\"2022-09-25T12:44:37+00:00\",\"dateModified\":\"2025-04-01T07:40:13+00:00\",\"description\":\"CHLUMINIT\u00ae 702 \/ Polycondensation inhibitor 702 \/ 4-Oxo-TEMPO CAS 2896-70-0 is a key product of Longchang Chemical. We provide the best price. We are the leading manufacturer in China with the best quality and competitive price.\",\"breadcrumb\":{\"@id\":\"https:\/\/longchangchemical.com\/product\/polycondensation-inhibitor-702-4-oxo-tempo-cas-2896-70-0\/#breadcrumb\"},\"inLanguage\":\"hu\",\"potentialAction\":[{\"@type\":\"ReadAction\",\"target\":[\"https:\/\/longchangchemical.com\/product\/polycondensation-inhibitor-702-4-oxo-tempo-cas-2896-70-0\/\"]}]},{\"@type\":\"ImageObject\",\"inLanguage\":\"hu\",\"@id\":\"https:\/\/longchangchemical.com\/product\/polycondensation-inhibitor-702-4-oxo-tempo-cas-2896-70-0\/#primaryimage\",\"url\":\"https:\/\/longchangchemical.com\/wp-content\/uploads\/2022\/09\/20.jpg\",\"contentUrl\":\"https:\/\/longchangchemical.com\/wp-content\/uploads\/2022\/09\/20.jpg\",\"width\":750,\"height\":750},{\"@type\":\"BreadcrumbList\",\"@id\":\"https:\/\/longchangchemical.com\/product\/polycondensation-inhibitor-702-4-oxo-tempo-cas-2896-70-0\/#breadcrumb\",\"itemListElement\":[{\"@type\":\"ListItem\",\"position\":1,\"name\":\"Home\",\"item\":\"https:\/\/longchangchemical.com\/\"},{\"@type\":\"ListItem\",\"position\":2,\"name\":\"Products Longchang\",\"item\":\"https:\/\/longchangchemical.com\/product\/\"},{\"@type\":\"ListItem\",\"position\":3,\"name\":\"CHLUMINIT\u00ae 702 \/ Polycondensation inhibitor 702 \/ 4-Oxo-TEMPO CAS 2896-70-0\"}]},{\"@type\":\"WebSite\",\"@id\":\"https:\/\/longchangchemical.com\/#website\",\"url\":\"https:\/\/longchangchemical.com\/\",\"name\":\"Longchang Chemical\",\"description\":\"China chemical manufacturer \uff06 supplier\",\"publisher\":{\"@id\":\"https:\/\/longchangchemical.com\/#organization\"},\"potentialAction\":[{\"@type\":\"SearchAction\",\"target\":{\"@type\":\"EntryPoint\",\"urlTemplate\":\"https:\/\/longchangchemical.com\/?s={search_term_string}\"},\"query-input\":{\"@type\":\"PropertyValueSpecification\",\"valueRequired\":true,\"valueName\":\"search_term_string\"}}],\"inLanguage\":\"hu\"},{\"@type\":\"Organization\",\"@id\":\"https:\/\/longchangchemical.com\/#organization\",\"name\":\"Longchang Chemical\",\"url\":\"https:\/\/longchangchemical.com\/\",\"logo\":{\"@type\":\"ImageObject\",\"inLanguage\":\"hu\",\"@id\":\"https:\/\/longchangchemical.com\/#\/schema\/logo\/image\/\",\"url\":\"https:\/\/longchangchemical.com\/wp-content\/uploads\/2020\/08\/cropped-longchang-logo.png\",\"contentUrl\":\"https:\/\/longchangchemical.com\/wp-content\/uploads\/2020\/08\/cropped-longchang-logo.png\",\"width\":512,\"height\":512,\"caption\":\"Longchang Chemical\"},\"image\":{\"@id\":\"https:\/\/longchangchemical.com\/#\/schema\/logo\/image\/\"}}]}<\/script>\n<!-- \/ Yoast SEO plugin. -->","yoast_head_json":{"title":"K\u00edna CHLUMINIT\u00ae 702 \/ Polikondenz\u00e1ci\u00f3s inhibitor 702 \/ 4-Oxo-TEMPO CAS 2896-70-0 Gy\u00e1rt\u00f3 - Longchang Chemical","description":"A CHLUMINIT\u00ae 702 \/ Polikondenz\u00e1ci\u00f3s inhibitor 702 \/ 4-Oxo-TEMPO CAS 2896-70-0 a Longchang Chemical egyik legfontosabb term\u00e9ke. A legjobb \u00e1rat biztos\u00edtjuk. Mi vagyunk a vezet\u0151 gy\u00e1rt\u00f3 K\u00edn\u00e1ban a legjobb min\u0151s\u00e9ggel \u00e9s versenyk\u00e9pes \u00e1rral.","robots":{"index":"index","follow":"follow","max-snippet":"max-snippet:-1","max-image-preview":"max-image-preview:large","max-video-preview":"max-video-preview:-1"},"canonical":"https:\/\/longchangchemical.com\/hu\/product\/polycondensation-inhibitor-702-4-oxo-tempo-cas-2896-70-0\/","og_locale":"hu_HU","og_type":"article","og_title":"China CHLUMINIT\u00ae 702 \/ Polycondensation inhibitor 702 \/ 4-Oxo-TEMPO CAS 2896-70-0 Manufacturer - Longchang Chemical","og_description":"CHLUMINIT\u00ae 702 \/ Polycondensation inhibitor 702 \/ 4-Oxo-TEMPO CAS 2896-70-0 is a key product of Longchang Chemical. We provide the best price. We are the leading manufacturer in China with the best quality and competitive price.","og_url":"https:\/\/longchangchemical.com\/hu\/product\/polycondensation-inhibitor-702-4-oxo-tempo-cas-2896-70-0\/","og_site_name":"Longchang Chemical","article_modified_time":"2025-04-01T07:40:13+00:00","og_image":[{"width":750,"height":750,"url":"https:\/\/longchangchemical.com\/wp-content\/uploads\/2022\/09\/20.jpg","type":"image\/jpeg"}],"twitter_card":"summary_large_image","schema":{"@context":"https:\/\/schema.org","@graph":[{"@type":"WebPage","@id":"https:\/\/longchangchemical.com\/product\/polycondensation-inhibitor-702-4-oxo-tempo-cas-2896-70-0\/","url":"https:\/\/longchangchemical.com\/product\/polycondensation-inhibitor-702-4-oxo-tempo-cas-2896-70-0\/","name":"K\u00edna CHLUMINIT\u00ae 702 \/ Polikondenz\u00e1ci\u00f3s inhibitor 702 \/ 4-Oxo-TEMPO CAS 2896-70-0 Gy\u00e1rt\u00f3 - Longchang Chemical","isPartOf":{"@id":"https:\/\/longchangchemical.com\/#website"},"primaryImageOfPage":{"@id":"https:\/\/longchangchemical.com\/product\/polycondensation-inhibitor-702-4-oxo-tempo-cas-2896-70-0\/#primaryimage"},"image":{"@id":"https:\/\/longchangchemical.com\/product\/polycondensation-inhibitor-702-4-oxo-tempo-cas-2896-70-0\/#primaryimage"},"thumbnailUrl":"https:\/\/longchangchemical.com\/wp-content\/uploads\/2022\/09\/20.jpg","datePublished":"2022-09-25T12:44:37+00:00","dateModified":"2025-04-01T07:40:13+00:00","description":"A CHLUMINIT\u00ae 702 \/ Polikondenz\u00e1ci\u00f3s inhibitor 702 \/ 4-Oxo-TEMPO CAS 2896-70-0 a Longchang Chemical egyik legfontosabb term\u00e9ke. A legjobb \u00e1rat biztos\u00edtjuk. Mi vagyunk a vezet\u0151 gy\u00e1rt\u00f3 K\u00edn\u00e1ban a legjobb min\u0151s\u00e9ggel \u00e9s versenyk\u00e9pes \u00e1rral.","breadcrumb":{"@id":"https:\/\/longchangchemical.com\/product\/polycondensation-inhibitor-702-4-oxo-tempo-cas-2896-70-0\/#breadcrumb"},"inLanguage":"hu","potentialAction":[{"@type":"ReadAction","target":["https:\/\/longchangchemical.com\/product\/polycondensation-inhibitor-702-4-oxo-tempo-cas-2896-70-0\/"]}]},{"@type":"ImageObject","inLanguage":"hu","@id":"https:\/\/longchangchemical.com\/product\/polycondensation-inhibitor-702-4-oxo-tempo-cas-2896-70-0\/#primaryimage","url":"https:\/\/longchangchemical.com\/wp-content\/uploads\/2022\/09\/20.jpg","contentUrl":"https:\/\/longchangchemical.com\/wp-content\/uploads\/2022\/09\/20.jpg","width":750,"height":750},{"@type":"BreadcrumbList","@id":"https:\/\/longchangchemical.com\/product\/polycondensation-inhibitor-702-4-oxo-tempo-cas-2896-70-0\/#breadcrumb","itemListElement":[{"@type":"ListItem","position":1,"name":"Home","item":"https:\/\/longchangchemical.com\/"},{"@type":"ListItem","position":2,"name":"Products Longchang","item":"https:\/\/longchangchemical.com\/product\/"},{"@type":"ListItem","position":3,"name":"CHLUMINIT\u00ae 702 \/ Polycondensation inhibitor 702 \/ 4-Oxo-TEMPO CAS 2896-70-0"}]},{"@type":"WebSite","@id":"https:\/\/longchangchemical.com\/#website","url":"https:\/\/longchangchemical.com\/","name":"Longchang Chemical","description":"K\u00edna k\u00e9miai gy\u00e1rt\u00f3 \uff06 sz\u00e1ll\u00edt\u00f3","publisher":{"@id":"https:\/\/longchangchemical.com\/#organization"},"potentialAction":[{"@type":"SearchAction","target":{"@type":"EntryPoint","urlTemplate":"https:\/\/longchangchemical.com\/?s={search_term_string}"},"query-input":{"@type":"PropertyValueSpecification","valueRequired":true,"valueName":"search_term_string"}}],"inLanguage":"hu"},{"@type":"Organization","@id":"https:\/\/longchangchemical.com\/#organization","name":"Longchang Chemical","url":"https:\/\/longchangchemical.com\/","logo":{"@type":"ImageObject","inLanguage":"hu","@id":"https:\/\/longchangchemical.com\/#\/schema\/logo\/image\/","url":"https:\/\/longchangchemical.com\/wp-content\/uploads\/2020\/08\/cropped-longchang-logo.png","contentUrl":"https:\/\/longchangchemical.com\/wp-content\/uploads\/2020\/08\/cropped-longchang-logo.png","width":512,"height":512,"caption":"Longchang Chemical"},"image":{"@id":"https:\/\/longchangchemical.com\/#\/schema\/logo\/image\/"}}]}},"_links":{"self":[{"href":"https:\/\/longchangchemical.com\/hu\/wp-json\/wp\/v2\/product\/5600","targetHints":{"allow":["GET"]}}],"collection":[{"href":"https:\/\/longchangchemical.com\/hu\/wp-json\/wp\/v2\/product"}],"about":[{"href":"https:\/\/longchangchemical.com\/hu\/wp-json\/wp\/v2\/types\/product"}],"replies":[{"embeddable":true,"href":"https:\/\/longchangchemical.com\/hu\/wp-json\/wp\/v2\/comments?post=5600"}],"wp:featuredmedia":[{"embeddable":true,"href":"https:\/\/longchangchemical.com\/hu\/wp-json\/wp\/v2\/media\/5601"}],"wp:attachment":[{"href":"https:\/\/longchangchemical.com\/hu\/wp-json\/wp\/v2\/media?parent=5600"}],"wp:term":[{"taxonomy":"product_brand","embeddable":true,"href":"https:\/\/longchangchemical.com\/hu\/wp-json\/wp\/v2\/product_brand?post=5600"},{"taxonomy":"product_cat","embeddable":true,"href":"https:\/\/longchangchemical.com\/hu\/wp-json\/wp\/v2\/product_cat?post=5600"},{"taxonomy":"product_tag","embeddable":true,"href":"https:\/\/longchangchemical.com\/hu\/wp-json\/wp\/v2\/product_tag?post=5600"}],"curies":[{"name":"wp","href":"https:\/\/api.w.org\/{rel}","templated":true}]}}