{"id":5530,"date":"2022-09-07T12:37:41","date_gmt":"2022-09-07T12:37:41","guid":{"rendered":"https:\/\/longchangchemical.com\/?post_type=product&#038;p=5530"},"modified":"2026-01-09T09:36:02","modified_gmt":"2026-01-09T09:36:02","slug":"lcsorb-bp-1-cas-131-56-6","status":"publish","type":"product","link":"https:\/\/longchangchemical.com\/hu\/product\/lcsorb-bp-1-cas-131-56-6\/","title":{"rendered":"BP-1( UV-0) \/ Benzophenone-1 \/ CAS 131-56-6"},"content":{"rendered":"<h1><strong>BP-1( UV-0) \/ Benzophenone-1 \/ CAS 131-56-6<\/strong><\/h1>\n<table class=\"woocommerce-product-attributes shop_attributes\">\n<tbody>\n<tr class=\"woocommerce-product-attributes-item woocommerce-product-attributes-item--attribute_chemical-name\">\n<th class=\"woocommerce-product-attributes-item__label\">K\u00e9miai n\u00e9v:<\/th>\n<td class=\"woocommerce-product-attributes-item__value\">2,4-Dihidroxi-benzofenon\/Benzofenon-1<\/td>\n<\/tr>\n<tr class=\"woocommerce-product-attributes-item woocommerce-product-attributes-item--attribute_cas-no\">\n<th class=\"woocommerce-product-attributes-item__label\">Cas No.<\/th>\n<td class=\"woocommerce-product-attributes-item__value\">131-56-6<\/td>\n<\/tr>\n<tr class=\"woocommerce-product-attributes-item woocommerce-product-attributes-item--attribute_mf\">\n<th class=\"woocommerce-product-attributes-item__label\">MF<\/th>\n<td class=\"woocommerce-product-attributes-item__value\">C13H10O3<\/td>\n<\/tr>\n<tr class=\"woocommerce-product-attributes-item woocommerce-product-attributes-item--attribute_purity\">\n<th class=\"woocommerce-product-attributes-item__label\">Tisztas\u00e1g<\/th>\n<td class=\"woocommerce-product-attributes-item__value\">99.5% min<\/td>\n<\/tr>\n<tr class=\"woocommerce-product-attributes-item woocommerce-product-attributes-item--attribute_package\">\n<th class=\"woocommerce-product-attributes-item__label\">Csomag<\/th>\n<td class=\"woocommerce-product-attributes-item__value\">25kg\/karton<\/td>\n<\/tr>\n<\/tbody>\n<\/table>\n<p>&nbsp;<\/p>\n<h2><strong>Benzofenon-1 Haszn\u00e1lat<\/strong><\/h2>\n<p>A BP-1-et f\u0151k\u00e9nt a m\u0171anyagok, bevonatok \u00e9s ragaszt\u00f3k ter\u00fclet\u00e9n haszn\u00e1lj\u00e1k, de az optikai anyagokban is van n\u00e9h\u00e1ny alkalmaz\u00e1si ter\u00fclete.<\/p>\n<p>-Sztirol: S\u00e1rg\u00e1sgul\u00e1sg\u00e1tl\u00f3<br \/>\n-Polimetakril\u00e1t: Jav\u00edtja az anyag optikai \u00e9s mechanikai tulajdons\u00e1gait (jav\u00edtja az extrud\u00e1lt lemez f\u00e9ny\u00e1tereszt\u0151 k\u00e9pess\u00e9g\u00e9t).<br \/>\n-Gumi rendszer ragaszt\u00f3: jav\u00edtja a ragaszt\u00f3 f\u00e9nystabilit\u00e1s\u00e1t<br \/>\n-Fenolok \u00e9s alkidgyant\u00e1k: jav\u00edtj\u00e1k az id\u0151j\u00e1r\u00e1s\u00e1ll\u00f3s\u00e1got<br \/>\n-Epoxi \u00e9s tel\u00edtetlen gyantarendszer<br \/>\n-m\u0171anyag sz\u0171r\u0151lencse: jav\u00edtja a sz\u00ednes film id\u0151j\u00e1r\u00e1s\u00e1ll\u00f3s\u00e1g\u00e1t<br \/>\n-Fluoreszk\u00e1l\u00f3 fest\u00e9k: k\u00f6zleked\u00e9si t\u00e1bl\u00e1k \u00e9s \u00fatjelz\u0151 t\u00e1bl\u00e1k<br \/>\n-Sz\u00ednes foly\u00e9kony mos\u00f3szer<br \/>\n-K\u00f6r\u00f6mlakkok.Maxim\u00e1lis koncentr\u00e1ci\u00f3: 5%<\/p>\n<h2><strong>BP-1 t\u00e1rol\u00e1s<\/strong><\/h2>\n<p>Sz\u00e1raz, tiszta, j\u00f3l szell\u0151z\u0151 rakt\u00e1rban tartj\u00e1k.<br \/>\nAz oxid\u00e1ci\u00f3 megel\u0151z\u00e9se \u00e9rdek\u00e9ben ker\u00fclje a f\u00e9nynek \u00e9s a meleg\u00edt\u00e9snek val\u00f3 kit\u00e9telt.<br \/>\nA term\u00e9k v\u00e9delme a sziv\u00e1rg\u00e1st\u00f3l, es\u0151t\u0151l \u00e9s a szigetel\u00e9st\u0151l sz\u00e1ll\u00edt\u00e1s k\u00f6zben.<\/p>\n<h2><strong>L\u00e9pjen kapcsolatba vel\u00fcnk most!<\/strong><\/h2>\n<p><strong>Ha sz\u00fcks\u00e9ge van COA, MSDS vagy TDS a <span style=\"color: #00ccff;\"><a style=\"color: #00ccff;\" href=\"https:\/\/longchangchemical.com\/hu\/product-category\/lcsorb-uv-absorber\/\">UV-abszorber<\/a><\/span>K\u00e9rj\u00fck, t\u00f6ltse ki el\u00e9rhet\u0151s\u00e9g\u00e9t az al\u00e1bbi \u0171rlapon, \u00e1ltal\u00e1ban 24 \u00f3r\u00e1n bel\u00fcl felvessz\u00fck \u00d6nnel a kapcsolatot. \u00d6n is k\u00fcldhet nekem e-mailt <span style=\"color: #00ccff;\"><a style=\"color: #00ccff;\" href=\"mailto:info@longchangchemical.com\">info@longchangchemical.com<\/a> <\/span>munkaid\u0151ben ( 8:30-18:00 UTC+8 H.-Szombat ) vagy haszn\u00e1lja a weboldal \u00e9l\u0151 chatj\u00e9t, hogy azonnali v\u00e1laszt kapjon.<\/strong><\/p>","protected":false},"excerpt":{"rendered":"<p><strong>K\u00e9miai n\u00e9v:<\/strong>2,4-dihidroxi-benzofenon<\/p>\n<p><strong>Cas No:<\/strong>131-56-6<\/p>\n<p><strong>Szinonim\u00e1ja:<\/strong>Speedblock UV-0;Benzophenone-1;UV-abszorber UV-0<\/p>\n<p><strong>Szerkezet:<\/strong><\/p>\n<p><img decoding=\"async\" class=\"alignnone size-full wp-image-3586\" src=\"https:\/\/longchangchemical.com\/wp-content\/uploads\/2021\/07\/131-56-6.gif\" alt=\"\" width=\"265\" height=\"138\" \/><\/p>\n<p>Megjelen\u00e9s: feh\u00e9r vagy halv\u00e1nys\u00e1rga krist\u00e1lyos por<\/p>\n<p>Szag: K\u00f6nny\u0171 fenolos szag<\/p>\n<p>Fajlagos kiolt\u00e1s\uff081%\uff0c1cm\uff09\uff1aE290nm \u2265 630<\/p>\n<p>Tisztas\u00e1g (HPLC)\uff1a\u2265 99,0 %<\/p>\n<p>IR azonos\u00edt\u00e1s: A referenciastandard szerint<\/p>\n<p>Olvad\u00e1spont: 142,0 \u2103 ~ 146,0 \u2103<\/p>\n<p>Sz\u00e1r\u00edt\u00e1si vesztes\u00e9g\uff1a\u2264 0.2 %<\/p>\n<p>Neh\u00e9zf\u00e9mek (Pb)\uff1a\u2264 5 ppm<\/p>\n<p>Gardner Color\uff1a\u2264 3<\/p>","protected":false},"featured_media":7964,"comment_status":"closed","ping_status":"closed","template":"","meta":[],"product_brand":[],"product_cat":[139],"product_tag":[],"class_list":{"0":"post-5530","1":"product","2":"type-product","3":"status-publish","4":"has-post-thumbnail","6":"product_cat-lcsorb-uv-absorber","8":"first","9":"instock","10":"shipping-taxable","11":"product-type-simple"},"yoast_head":"<!-- This site is optimized with the Yoast SEO plugin v25.3.1 - https:\/\/yoast.com\/wordpress\/plugins\/seo\/ -->\n<title>China Uv absorber BP-1 manufacturer Cas 131-56-6 Supplier - Longchang Chemical<\/title>\n<meta name=\"description\" content=\"BP-1( UV-0 ) can replace speedblock UV-0;Benzophenone-1;UV absorber UV-0, used as ultraviolet absorber and is the key product of Longchang Chemcial. We are the leading uv material manufacturer and supplier in China with the best quanlity and competitive price.\" \/>\n<meta name=\"robots\" content=\"index, follow, max-snippet:-1, max-image-preview:large, max-video-preview:-1\" \/>\n<link rel=\"canonical\" href=\"https:\/\/longchangchemical.com\/hu\/product\/lcsorb-bp-1-cas-131-56-6\/\" \/>\n<meta property=\"og:locale\" content=\"hu_HU\" \/>\n<meta property=\"og:type\" content=\"article\" \/>\n<meta property=\"og:title\" content=\"China Uv absorber BP-1 manufacturer Cas 131-56-6 Supplier - Longchang Chemical\" \/>\n<meta property=\"og:description\" content=\"BP-1( UV-0 ) can replace speedblock UV-0;Benzophenone-1;UV absorber UV-0, used as ultraviolet absorber and is the key product of Longchang Chemcial. We are the leading uv material manufacturer and supplier in China with the best quanlity and competitive price.\" \/>\n<meta property=\"og:url\" content=\"https:\/\/longchangchemical.com\/hu\/product\/lcsorb-bp-1-cas-131-56-6\/\" \/>\n<meta property=\"og:site_name\" content=\"Longchang Chemical\" \/>\n<meta property=\"article:modified_time\" content=\"2026-01-09T09:36:02+00:00\" \/>\n<meta property=\"og:image\" content=\"https:\/\/longchangchemical.com\/wp-content\/uploads\/2022\/09\/131-56-6.jpg\" \/>\n\t<meta property=\"og:image:width\" content=\"600\" \/>\n\t<meta property=\"og:image:height\" content=\"600\" \/>\n\t<meta property=\"og:image:type\" content=\"image\/jpeg\" \/>\n<meta name=\"twitter:card\" content=\"summary_large_image\" \/>\n<script type=\"application\/ld+json\" class=\"yoast-schema-graph\">{\"@context\":\"https:\/\/schema.org\",\"@graph\":[{\"@type\":\"WebPage\",\"@id\":\"https:\/\/longchangchemical.com\/product\/lcsorb-bp-1-cas-131-56-6\/\",\"url\":\"https:\/\/longchangchemical.com\/product\/lcsorb-bp-1-cas-131-56-6\/\",\"name\":\"China Uv absorber BP-1 manufacturer Cas 131-56-6 Supplier - Longchang Chemical\",\"isPartOf\":{\"@id\":\"https:\/\/longchangchemical.com\/#website\"},\"primaryImageOfPage\":{\"@id\":\"https:\/\/longchangchemical.com\/product\/lcsorb-bp-1-cas-131-56-6\/#primaryimage\"},\"image\":{\"@id\":\"https:\/\/longchangchemical.com\/product\/lcsorb-bp-1-cas-131-56-6\/#primaryimage\"},\"thumbnailUrl\":\"https:\/\/longchangchemical.com\/wp-content\/uploads\/2022\/09\/131-56-6.jpg\",\"datePublished\":\"2022-09-07T12:37:41+00:00\",\"dateModified\":\"2026-01-09T09:36:02+00:00\",\"description\":\"BP-1( UV-0 ) can replace speedblock UV-0;Benzophenone-1;UV absorber UV-0, used as ultraviolet absorber and is the key product of Longchang Chemcial. We are the leading uv material manufacturer and supplier in China with the best quanlity and competitive price.\",\"breadcrumb\":{\"@id\":\"https:\/\/longchangchemical.com\/product\/lcsorb-bp-1-cas-131-56-6\/#breadcrumb\"},\"inLanguage\":\"hu\",\"potentialAction\":[{\"@type\":\"ReadAction\",\"target\":[\"https:\/\/longchangchemical.com\/product\/lcsorb-bp-1-cas-131-56-6\/\"]}]},{\"@type\":\"ImageObject\",\"inLanguage\":\"hu\",\"@id\":\"https:\/\/longchangchemical.com\/product\/lcsorb-bp-1-cas-131-56-6\/#primaryimage\",\"url\":\"https:\/\/longchangchemical.com\/wp-content\/uploads\/2022\/09\/131-56-6.jpg\",\"contentUrl\":\"https:\/\/longchangchemical.com\/wp-content\/uploads\/2022\/09\/131-56-6.jpg\",\"width\":600,\"height\":600},{\"@type\":\"BreadcrumbList\",\"@id\":\"https:\/\/longchangchemical.com\/product\/lcsorb-bp-1-cas-131-56-6\/#breadcrumb\",\"itemListElement\":[{\"@type\":\"ListItem\",\"position\":1,\"name\":\"Home\",\"item\":\"https:\/\/longchangchemical.com\/\"},{\"@type\":\"ListItem\",\"position\":2,\"name\":\"Products Longchang\",\"item\":\"https:\/\/longchangchemical.com\/product\/\"},{\"@type\":\"ListItem\",\"position\":3,\"name\":\"BP-1( UV-0) \/ Benzophenone-1 \/ CAS 131-56-6\"}]},{\"@type\":\"WebSite\",\"@id\":\"https:\/\/longchangchemical.com\/#website\",\"url\":\"https:\/\/longchangchemical.com\/\",\"name\":\"Longchang Chemical\",\"description\":\"China chemical manufacturer \uff06 supplier\",\"publisher\":{\"@id\":\"https:\/\/longchangchemical.com\/#organization\"},\"potentialAction\":[{\"@type\":\"SearchAction\",\"target\":{\"@type\":\"EntryPoint\",\"urlTemplate\":\"https:\/\/longchangchemical.com\/?s={search_term_string}\"},\"query-input\":{\"@type\":\"PropertyValueSpecification\",\"valueRequired\":true,\"valueName\":\"search_term_string\"}}],\"inLanguage\":\"hu\"},{\"@type\":\"Organization\",\"@id\":\"https:\/\/longchangchemical.com\/#organization\",\"name\":\"Longchang Chemical\",\"url\":\"https:\/\/longchangchemical.com\/\",\"logo\":{\"@type\":\"ImageObject\",\"inLanguage\":\"hu\",\"@id\":\"https:\/\/longchangchemical.com\/#\/schema\/logo\/image\/\",\"url\":\"https:\/\/longchangchemical.com\/wp-content\/uploads\/2020\/08\/cropped-longchang-logo.png\",\"contentUrl\":\"https:\/\/longchangchemical.com\/wp-content\/uploads\/2020\/08\/cropped-longchang-logo.png\",\"width\":512,\"height\":512,\"caption\":\"Longchang Chemical\"},\"image\":{\"@id\":\"https:\/\/longchangchemical.com\/#\/schema\/logo\/image\/\"}}]}<\/script>\n<!-- \/ Yoast SEO plugin. -->","yoast_head_json":{"title":"K\u00edna Uv abszorber BP-1 gy\u00e1rt\u00f3 Cas 131-56-6 Sz\u00e1ll\u00edt\u00f3 - Longchang Chemical","description":"BP-1 ( UV-0 ) helyettes\u00edtheti a speedblock UV-0; Benzophenone-1; UV abszorber UV-0, haszn\u00e1lt ultraibolya abszorber, \u00e9s a Longchang Chemcial kulcsfontoss\u00e1g\u00fa term\u00e9ke. Mi vagyunk a vezet\u0151 uv anyag gy\u00e1rt\u00f3ja \u00e9s sz\u00e1ll\u00edt\u00f3ja K\u00edn\u00e1ban a legjobb min\u0151s\u00e9ggel \u00e9s versenyk\u00e9pes \u00e1rral.","robots":{"index":"index","follow":"follow","max-snippet":"max-snippet:-1","max-image-preview":"max-image-preview:large","max-video-preview":"max-video-preview:-1"},"canonical":"https:\/\/longchangchemical.com\/hu\/product\/lcsorb-bp-1-cas-131-56-6\/","og_locale":"hu_HU","og_type":"article","og_title":"China Uv absorber BP-1 manufacturer Cas 131-56-6 Supplier - Longchang Chemical","og_description":"BP-1( UV-0 ) can replace speedblock UV-0;Benzophenone-1;UV absorber UV-0, used as ultraviolet absorber and is the key product of Longchang Chemcial. We are the leading uv material manufacturer and supplier in China with the best quanlity and competitive price.","og_url":"https:\/\/longchangchemical.com\/hu\/product\/lcsorb-bp-1-cas-131-56-6\/","og_site_name":"Longchang Chemical","article_modified_time":"2026-01-09T09:36:02+00:00","og_image":[{"width":600,"height":600,"url":"https:\/\/longchangchemical.com\/wp-content\/uploads\/2022\/09\/131-56-6.jpg","type":"image\/jpeg"}],"twitter_card":"summary_large_image","schema":{"@context":"https:\/\/schema.org","@graph":[{"@type":"WebPage","@id":"https:\/\/longchangchemical.com\/product\/lcsorb-bp-1-cas-131-56-6\/","url":"https:\/\/longchangchemical.com\/product\/lcsorb-bp-1-cas-131-56-6\/","name":"K\u00edna Uv abszorber BP-1 gy\u00e1rt\u00f3 Cas 131-56-6 Sz\u00e1ll\u00edt\u00f3 - Longchang Chemical","isPartOf":{"@id":"https:\/\/longchangchemical.com\/#website"},"primaryImageOfPage":{"@id":"https:\/\/longchangchemical.com\/product\/lcsorb-bp-1-cas-131-56-6\/#primaryimage"},"image":{"@id":"https:\/\/longchangchemical.com\/product\/lcsorb-bp-1-cas-131-56-6\/#primaryimage"},"thumbnailUrl":"https:\/\/longchangchemical.com\/wp-content\/uploads\/2022\/09\/131-56-6.jpg","datePublished":"2022-09-07T12:37:41+00:00","dateModified":"2026-01-09T09:36:02+00:00","description":"BP-1 ( UV-0 ) helyettes\u00edtheti a speedblock UV-0; Benzophenone-1; UV abszorber UV-0, haszn\u00e1lt ultraibolya abszorber, \u00e9s a Longchang Chemcial kulcsfontoss\u00e1g\u00fa term\u00e9ke. Mi vagyunk a vezet\u0151 uv anyag gy\u00e1rt\u00f3ja \u00e9s sz\u00e1ll\u00edt\u00f3ja K\u00edn\u00e1ban a legjobb min\u0151s\u00e9ggel \u00e9s versenyk\u00e9pes \u00e1rral.","breadcrumb":{"@id":"https:\/\/longchangchemical.com\/product\/lcsorb-bp-1-cas-131-56-6\/#breadcrumb"},"inLanguage":"hu","potentialAction":[{"@type":"ReadAction","target":["https:\/\/longchangchemical.com\/product\/lcsorb-bp-1-cas-131-56-6\/"]}]},{"@type":"ImageObject","inLanguage":"hu","@id":"https:\/\/longchangchemical.com\/product\/lcsorb-bp-1-cas-131-56-6\/#primaryimage","url":"https:\/\/longchangchemical.com\/wp-content\/uploads\/2022\/09\/131-56-6.jpg","contentUrl":"https:\/\/longchangchemical.com\/wp-content\/uploads\/2022\/09\/131-56-6.jpg","width":600,"height":600},{"@type":"BreadcrumbList","@id":"https:\/\/longchangchemical.com\/product\/lcsorb-bp-1-cas-131-56-6\/#breadcrumb","itemListElement":[{"@type":"ListItem","position":1,"name":"Home","item":"https:\/\/longchangchemical.com\/"},{"@type":"ListItem","position":2,"name":"Products Longchang","item":"https:\/\/longchangchemical.com\/product\/"},{"@type":"ListItem","position":3,"name":"BP-1( UV-0) \/ Benzophenone-1 \/ CAS 131-56-6"}]},{"@type":"WebSite","@id":"https:\/\/longchangchemical.com\/#website","url":"https:\/\/longchangchemical.com\/","name":"Longchang Chemical","description":"K\u00edna k\u00e9miai gy\u00e1rt\u00f3 \uff06 sz\u00e1ll\u00edt\u00f3","publisher":{"@id":"https:\/\/longchangchemical.com\/#organization"},"potentialAction":[{"@type":"SearchAction","target":{"@type":"EntryPoint","urlTemplate":"https:\/\/longchangchemical.com\/?s={search_term_string}"},"query-input":{"@type":"PropertyValueSpecification","valueRequired":true,"valueName":"search_term_string"}}],"inLanguage":"hu"},{"@type":"Organization","@id":"https:\/\/longchangchemical.com\/#organization","name":"Longchang Chemical","url":"https:\/\/longchangchemical.com\/","logo":{"@type":"ImageObject","inLanguage":"hu","@id":"https:\/\/longchangchemical.com\/#\/schema\/logo\/image\/","url":"https:\/\/longchangchemical.com\/wp-content\/uploads\/2020\/08\/cropped-longchang-logo.png","contentUrl":"https:\/\/longchangchemical.com\/wp-content\/uploads\/2020\/08\/cropped-longchang-logo.png","width":512,"height":512,"caption":"Longchang Chemical"},"image":{"@id":"https:\/\/longchangchemical.com\/#\/schema\/logo\/image\/"}}]}},"_links":{"self":[{"href":"https:\/\/longchangchemical.com\/hu\/wp-json\/wp\/v2\/product\/5530","targetHints":{"allow":["GET"]}}],"collection":[{"href":"https:\/\/longchangchemical.com\/hu\/wp-json\/wp\/v2\/product"}],"about":[{"href":"https:\/\/longchangchemical.com\/hu\/wp-json\/wp\/v2\/types\/product"}],"replies":[{"embeddable":true,"href":"https:\/\/longchangchemical.com\/hu\/wp-json\/wp\/v2\/comments?post=5530"}],"wp:featuredmedia":[{"embeddable":true,"href":"https:\/\/longchangchemical.com\/hu\/wp-json\/wp\/v2\/media\/7964"}],"wp:attachment":[{"href":"https:\/\/longchangchemical.com\/hu\/wp-json\/wp\/v2\/media?parent=5530"}],"wp:term":[{"taxonomy":"product_brand","embeddable":true,"href":"https:\/\/longchangchemical.com\/hu\/wp-json\/wp\/v2\/product_brand?post=5530"},{"taxonomy":"product_cat","embeddable":true,"href":"https:\/\/longchangchemical.com\/hu\/wp-json\/wp\/v2\/product_cat?post=5530"},{"taxonomy":"product_tag","embeddable":true,"href":"https:\/\/longchangchemical.com\/hu\/wp-json\/wp\/v2\/product_tag?post=5530"}],"curies":[{"name":"wp","href":"https:\/\/api.w.org\/{rel}","templated":true}]}}