{"id":5524,"date":"2022-09-05T13:18:09","date_gmt":"2022-09-05T13:18:09","guid":{"rendered":"https:\/\/longchangchemical.com\/?post_type=product&#038;p=5524"},"modified":"2026-01-09T09:38:18","modified_gmt":"2026-01-09T09:38:18","slug":"lcsorb-uv-531-cas-1843-05-6","status":"publish","type":"product","link":"https:\/\/longchangchemical.com\/hu\/product\/lcsorb-uv-531-cas-1843-05-6\/","title":{"rendered":"UV-531 \/ Benzophenone-12 (BP-12) \/ CAS 1843-05-6"},"content":{"rendered":"<h1><strong>UV-531 CAS 1843-05-6<\/strong><\/h1>\n<table border=\"1\" width=\"505\" cellspacing=\"0\">\n<tbody>\n<tr>\n<td valign=\"top\" width=\"104\">Olvad\u00e1spont<\/td>\n<td valign=\"top\" width=\"386\">47-49\u2103<\/td>\n<\/tr>\n<tr>\n<td valign=\"top\" width=\"104\">Ash<\/td>\n<td valign=\"top\" width=\"386\">\u22640,1%<\/td>\n<\/tr>\n<tr>\n<td valign=\"top\" width=\"104\">Ill\u00e9kony<\/td>\n<td valign=\"top\" width=\"386\">\u22640,5%<\/td>\n<\/tr>\n<tr>\n<td valign=\"top\" width=\"104\">Transzmittancia<\/td>\n<td valign=\"top\" width=\"386\">440nm\u226595%\uff0c500nm\u226597%<\/td>\n<\/tr>\n<\/tbody>\n<\/table>\n<p>&nbsp;<\/p>\n<h2><strong>UV-531 Alkalmaz\u00e1s<\/strong><\/h2>\n<p>A UV-531 alkalmas polietil\u00e9n, polipropil\u00e9n, polisztirol, AS-gyanta, ABS-gyanta, polikarbon\u00e1t, polivinil-klorid, polivinilid\u00e9n-klorid, poli\u00e9szter \u00e9s poliamid kezel\u00e9s\u00e9re.<\/p>\n<p><strong><em>lcsorb\u00ae<\/em>UV-531<\/strong>\u00a0kiv\u00e1l\u00f3 ultraibolya abszorber a f\u0151iskol\u00e1k \u00e9s egyetemek sz\u00e1m\u00e1ra, amely hat\u00e9konyan elnyeli az ultraibolya f\u00e9nyt 270-340 nm-en. Jellemz\u0151i a vil\u00e1gos sz\u00edn, a nem m\u00e9rgez\u0151, a j\u00f3 kompatibilit\u00e1s, az alacsony migr\u00e1ci\u00f3 \u00e9s a k\u00f6nny\u0171 feldolgoz\u00e1s.<\/p>\n<p><strong><em>lcsorb\u00ae<\/em>UV-531<\/strong>alkalmas polietil\u00e9n, polipropil\u00e9n, polisztirol, AS-gyanta, ABS-gyanta, polikarbon\u00e1t, polivinil-klorid, polivinilid\u00e9n-klorid, poli\u00e9szter \u00e9s poliamid eset\u00e9ben.<\/p>\n<p>&nbsp;<\/p>\n<h2><strong>UV-531 Hozz\u00e1ad\u00e1s mennyis\u00e9ge<\/strong><\/h2>\n<table border=\"1\" width=\"584\" align=\"LEFT\">\n<tbody>\n<tr>\n<td valign=\"top\" width=\"95\">Sztirol<\/td>\n<td valign=\"top\" width=\"95\">Polietil\u00e9n<\/td>\n<td valign=\"top\" width=\"95\">Polipropil\u00e9n<\/td>\n<td valign=\"top\" width=\"95\">ABS gyanta<\/td>\n<td valign=\"top\" width=\"95\">Polivinil-klorid<\/td>\n<\/tr>\n<tr>\n<td valign=\"top\" width=\"95\">0.2-0.5%<\/td>\n<td valign=\"top\" width=\"95\">0.2-0.4%<\/td>\n<td valign=\"top\" width=\"95\">0.5%<\/td>\n<td valign=\"top\" width=\"95\">0.3-0.5%<\/td>\n<td valign=\"top\" width=\"95\">0.25-0.5%<\/td>\n<\/tr>\n<\/tbody>\n<\/table>\n<p>&nbsp;<\/p>\n<p>&nbsp;<\/p>\n<p>&nbsp;<\/p>\n<h2><strong>UV-531 t\u00e1rol\u00e1s<\/strong><\/h2>\n<p>Sz\u00e1raz, tiszta, j\u00f3l szell\u0151z\u0151 rakt\u00e1rban tartj\u00e1k.<br \/>\nAz oxid\u00e1ci\u00f3 megel\u0151z\u00e9se \u00e9rdek\u00e9ben ker\u00fclje a f\u00e9nynek \u00e9s a meleg\u00edt\u00e9snek val\u00f3 kit\u00e9telt.<br \/>\nA term\u00e9k v\u00e9delme a sziv\u00e1rg\u00e1st\u00f3l, es\u0151t\u0151l \u00e9s a szigetel\u00e9st\u0151l sz\u00e1ll\u00edt\u00e1s k\u00f6zben.<\/p>\n<h2><strong>Egy\u00e9b n\u00e9v:<\/strong><\/h2>\n<p>Benzofenon 12;<br \/>\nBP-12;<br \/>\nCAS 1843-05-6;<br \/>\nOctabenzone;<br \/>\nUV 531;<br \/>\nChisorb BP-12;<br \/>\nCyasorb UV-531;<br \/>\nFENTASORB 531;<\/p>\n<h2><strong>L\u00e9pjen kapcsolatba vel\u00fcnk most!<\/strong><\/h2>\n<p><strong>Ha sz\u00fcks\u00e9ge van COA, MSDS vagy TDS a <span style=\"color: #00ccff;\"><a style=\"color: #00ccff;\" href=\"https:\/\/longchangchemical.com\/hu\/product-category\/lcsorb-uv-absorber\/\">UV-abszorber<\/a><\/span>K\u00e9rj\u00fck, t\u00f6ltse ki el\u00e9rhet\u0151s\u00e9g\u00e9t az al\u00e1bbi \u0171rlapon, \u00e1ltal\u00e1ban 24 \u00f3r\u00e1n bel\u00fcl felvessz\u00fck \u00d6nnel a kapcsolatot. \u00d6n is k\u00fcldhet nekem e-mailt <span style=\"color: #00ccff;\"><a style=\"color: #00ccff;\" href=\"mailto:info@longchangchemical.com\">info@longchangchemical.com<\/a> <\/span>munkaid\u0151ben ( 8:30-18:00 UTC+8 H.-Szombat ) vagy haszn\u00e1lja a weboldal \u00e9l\u0151 chatj\u00e9t, hogy azonnali v\u00e1laszt kapjon.<\/strong><\/p>","protected":false},"excerpt":{"rendered":"<p><strong>K\u00e9miai n\u00e9v<\/strong>:[2-Hidroxi-4-(oktiloxi)fenil]fenilmetanon;2-HIDROXY-4-N-OCTOXYBENZOPHENON<\/p>\n<p><strong>Cas No:<\/strong>1843-05-6<\/p>\n<p><strong>Szinonim\u00e1ja:<\/strong>Octabenzone;Eversorb 12;Benzophenone-12;BP-12;Chimassorb(R) 81;Chisorb BP-12;Cyasorb UV-531 f\u00e9nystabiliz\u00e1tor;FENTASORB 531;K.SORB 81;Uvinul 3008;Tinuvin 531<\/p>\n<p><strong>Szerkezet:<\/strong><\/p>\n<p><img decoding=\"async\" class=\"alignnone wp-image-4150\" src=\"https:\/\/longchangchemical.com\/wp-content\/uploads\/2021\/09\/1843-05-6.gif\" alt=\"\" width=\"314\" height=\"82\" \/><\/p>\n<p>Megjelen\u00e9s: Vil\u00e1goss\u00e1rga krist\u00e1lyos por vagy pehely.<\/p>\n<p>Tartalom: \u226599% (HPLC)<\/p>","protected":false},"featured_media":7966,"comment_status":"closed","ping_status":"closed","template":"","meta":[],"product_brand":[],"product_cat":[139],"product_tag":[],"class_list":{"0":"post-5524","1":"product","2":"type-product","3":"status-publish","4":"has-post-thumbnail","6":"product_cat-lcsorb-uv-absorber","8":"first","9":"instock","10":"shipping-taxable","11":"product-type-simple"},"yoast_head":"<!-- This site is optimized with the Yoast SEO plugin v25.3.1 - https:\/\/yoast.com\/wordpress\/plugins\/seo\/ -->\n<title>China Uv absorber UV-531 \/ Benzophenone-12 manufacturer Cas 1843-05-6 Supplier - Longchang Chemical<\/title>\n<meta name=\"description\" content=\"UV-531 can replace Octabenzone;Eversorb 12;Benzophenone-12;BP-12;Chimassorb(R) 81;Chisorb BP-12;Cyasorb UV-531 Light Stabilizer;FENTASORB 531;K.SORB 81;Uvinul 3008;Tinuvin 531,used as ultraviolet absorber and is the key product of Longchang Chemical. We are the leading uv material manufacturer and supplier in China with the best quanlity and competitive price.\" \/>\n<meta name=\"robots\" content=\"index, follow, max-snippet:-1, max-image-preview:large, max-video-preview:-1\" \/>\n<link rel=\"canonical\" href=\"https:\/\/longchangchemical.com\/hu\/product\/lcsorb-uv-531-cas-1843-05-6\/\" \/>\n<meta property=\"og:locale\" content=\"hu_HU\" \/>\n<meta property=\"og:type\" content=\"article\" \/>\n<meta property=\"og:title\" content=\"China Uv absorber UV-531 \/ Benzophenone-12 manufacturer Cas 1843-05-6 Supplier - Longchang Chemical\" \/>\n<meta property=\"og:description\" content=\"UV-531 can replace Octabenzone;Eversorb 12;Benzophenone-12;BP-12;Chimassorb(R) 81;Chisorb BP-12;Cyasorb UV-531 Light Stabilizer;FENTASORB 531;K.SORB 81;Uvinul 3008;Tinuvin 531,used as ultraviolet absorber and is the key product of Longchang Chemical. We are the leading uv material manufacturer and supplier in China with the best quanlity and competitive price.\" \/>\n<meta property=\"og:url\" content=\"https:\/\/longchangchemical.com\/hu\/product\/lcsorb-uv-531-cas-1843-05-6\/\" \/>\n<meta property=\"og:site_name\" content=\"Longchang Chemical\" \/>\n<meta property=\"article:modified_time\" content=\"2026-01-09T09:38:18+00:00\" \/>\n<meta property=\"og:image\" content=\"https:\/\/longchangchemical.com\/wp-content\/uploads\/2022\/09\/1843-05-6.jpg\" \/>\n\t<meta property=\"og:image:width\" content=\"600\" \/>\n\t<meta property=\"og:image:height\" content=\"600\" \/>\n\t<meta property=\"og:image:type\" content=\"image\/jpeg\" \/>\n<meta name=\"twitter:card\" content=\"summary_large_image\" \/>\n<script type=\"application\/ld+json\" class=\"yoast-schema-graph\">{\"@context\":\"https:\/\/schema.org\",\"@graph\":[{\"@type\":\"WebPage\",\"@id\":\"https:\/\/longchangchemical.com\/product\/lcsorb-uv-531-cas-1843-05-6\/\",\"url\":\"https:\/\/longchangchemical.com\/product\/lcsorb-uv-531-cas-1843-05-6\/\",\"name\":\"China Uv absorber UV-531 \/ Benzophenone-12 manufacturer Cas 1843-05-6 Supplier - Longchang Chemical\",\"isPartOf\":{\"@id\":\"https:\/\/longchangchemical.com\/#website\"},\"primaryImageOfPage\":{\"@id\":\"https:\/\/longchangchemical.com\/product\/lcsorb-uv-531-cas-1843-05-6\/#primaryimage\"},\"image\":{\"@id\":\"https:\/\/longchangchemical.com\/product\/lcsorb-uv-531-cas-1843-05-6\/#primaryimage\"},\"thumbnailUrl\":\"https:\/\/longchangchemical.com\/wp-content\/uploads\/2022\/09\/1843-05-6.jpg\",\"datePublished\":\"2022-09-05T13:18:09+00:00\",\"dateModified\":\"2026-01-09T09:38:18+00:00\",\"description\":\"UV-531 can replace Octabenzone;Eversorb 12;Benzophenone-12;BP-12;Chimassorb(R) 81;Chisorb BP-12;Cyasorb UV-531 Light Stabilizer;FENTASORB 531;K.SORB 81;Uvinul 3008;Tinuvin 531,used as ultraviolet absorber and is the key product of Longchang Chemical. We are the leading uv material manufacturer and supplier in China with the best quanlity and competitive price.\",\"breadcrumb\":{\"@id\":\"https:\/\/longchangchemical.com\/product\/lcsorb-uv-531-cas-1843-05-6\/#breadcrumb\"},\"inLanguage\":\"hu\",\"potentialAction\":[{\"@type\":\"ReadAction\",\"target\":[\"https:\/\/longchangchemical.com\/product\/lcsorb-uv-531-cas-1843-05-6\/\"]}]},{\"@type\":\"ImageObject\",\"inLanguage\":\"hu\",\"@id\":\"https:\/\/longchangchemical.com\/product\/lcsorb-uv-531-cas-1843-05-6\/#primaryimage\",\"url\":\"https:\/\/longchangchemical.com\/wp-content\/uploads\/2022\/09\/1843-05-6.jpg\",\"contentUrl\":\"https:\/\/longchangchemical.com\/wp-content\/uploads\/2022\/09\/1843-05-6.jpg\",\"width\":600,\"height\":600},{\"@type\":\"BreadcrumbList\",\"@id\":\"https:\/\/longchangchemical.com\/product\/lcsorb-uv-531-cas-1843-05-6\/#breadcrumb\",\"itemListElement\":[{\"@type\":\"ListItem\",\"position\":1,\"name\":\"Home\",\"item\":\"https:\/\/longchangchemical.com\/\"},{\"@type\":\"ListItem\",\"position\":2,\"name\":\"Products Longchang\",\"item\":\"https:\/\/longchangchemical.com\/product\/\"},{\"@type\":\"ListItem\",\"position\":3,\"name\":\"UV-531 \/ Benzophenone-12(BP-12) \/ CAS 1843-05-6\"}]},{\"@type\":\"WebSite\",\"@id\":\"https:\/\/longchangchemical.com\/#website\",\"url\":\"https:\/\/longchangchemical.com\/\",\"name\":\"Longchang Chemical\",\"description\":\"China chemical manufacturer \uff06 supplier\",\"publisher\":{\"@id\":\"https:\/\/longchangchemical.com\/#organization\"},\"potentialAction\":[{\"@type\":\"SearchAction\",\"target\":{\"@type\":\"EntryPoint\",\"urlTemplate\":\"https:\/\/longchangchemical.com\/?s={search_term_string}\"},\"query-input\":{\"@type\":\"PropertyValueSpecification\",\"valueRequired\":true,\"valueName\":\"search_term_string\"}}],\"inLanguage\":\"hu\"},{\"@type\":\"Organization\",\"@id\":\"https:\/\/longchangchemical.com\/#organization\",\"name\":\"Longchang Chemical\",\"url\":\"https:\/\/longchangchemical.com\/\",\"logo\":{\"@type\":\"ImageObject\",\"inLanguage\":\"hu\",\"@id\":\"https:\/\/longchangchemical.com\/#\/schema\/logo\/image\/\",\"url\":\"https:\/\/longchangchemical.com\/wp-content\/uploads\/2020\/08\/cropped-longchang-logo.png\",\"contentUrl\":\"https:\/\/longchangchemical.com\/wp-content\/uploads\/2020\/08\/cropped-longchang-logo.png\",\"width\":512,\"height\":512,\"caption\":\"Longchang Chemical\"},\"image\":{\"@id\":\"https:\/\/longchangchemical.com\/#\/schema\/logo\/image\/\"}}]}<\/script>\n<!-- \/ Yoast SEO plugin. -->","yoast_head_json":{"title":"K\u00edna UV-abszorber UV-531 \/ Benzophenone-12 gy\u00e1rt\u00f3 Cas 1843-05-6 Sz\u00e1ll\u00edt\u00f3 - Longchang Chemical","description":"A UV-531 helyettes\u00edtheti az Octabenzone-t; Eversorb 12; Benzophenone-12; BP-12; Chimassorb(R) 81; Chisorb BP-12; Cyasorb UV-531 f\u00e9nystabiliz\u00e1tor; FENTASORB 531; K.SORB 81; Uvinul 3008; Tinuvin 531, ultraibolya abszorberk\u00e9nt haszn\u00e1lj\u00e1k, \u00e9s a Longchang Chemical kulcsfontoss\u00e1g\u00fa term\u00e9ke. Mi vagyunk a vezet\u0151 uv anyag gy\u00e1rt\u00f3ja \u00e9s sz\u00e1ll\u00edt\u00f3ja K\u00edn\u00e1ban a legjobb min\u0151s\u00e9ggel \u00e9s versenyk\u00e9pes \u00e1rral.","robots":{"index":"index","follow":"follow","max-snippet":"max-snippet:-1","max-image-preview":"max-image-preview:large","max-video-preview":"max-video-preview:-1"},"canonical":"https:\/\/longchangchemical.com\/hu\/product\/lcsorb-uv-531-cas-1843-05-6\/","og_locale":"hu_HU","og_type":"article","og_title":"China Uv absorber UV-531 \/ Benzophenone-12 manufacturer Cas 1843-05-6 Supplier - Longchang Chemical","og_description":"UV-531 can replace Octabenzone;Eversorb 12;Benzophenone-12;BP-12;Chimassorb(R) 81;Chisorb BP-12;Cyasorb UV-531 Light Stabilizer;FENTASORB 531;K.SORB 81;Uvinul 3008;Tinuvin 531,used as ultraviolet absorber and is the key product of Longchang Chemical. We are the leading uv material manufacturer and supplier in China with the best quanlity and competitive price.","og_url":"https:\/\/longchangchemical.com\/hu\/product\/lcsorb-uv-531-cas-1843-05-6\/","og_site_name":"Longchang Chemical","article_modified_time":"2026-01-09T09:38:18+00:00","og_image":[{"width":600,"height":600,"url":"https:\/\/longchangchemical.com\/wp-content\/uploads\/2022\/09\/1843-05-6.jpg","type":"image\/jpeg"}],"twitter_card":"summary_large_image","schema":{"@context":"https:\/\/schema.org","@graph":[{"@type":"WebPage","@id":"https:\/\/longchangchemical.com\/product\/lcsorb-uv-531-cas-1843-05-6\/","url":"https:\/\/longchangchemical.com\/product\/lcsorb-uv-531-cas-1843-05-6\/","name":"K\u00edna UV-abszorber UV-531 \/ Benzophenone-12 gy\u00e1rt\u00f3 Cas 1843-05-6 Sz\u00e1ll\u00edt\u00f3 - Longchang Chemical","isPartOf":{"@id":"https:\/\/longchangchemical.com\/#website"},"primaryImageOfPage":{"@id":"https:\/\/longchangchemical.com\/product\/lcsorb-uv-531-cas-1843-05-6\/#primaryimage"},"image":{"@id":"https:\/\/longchangchemical.com\/product\/lcsorb-uv-531-cas-1843-05-6\/#primaryimage"},"thumbnailUrl":"https:\/\/longchangchemical.com\/wp-content\/uploads\/2022\/09\/1843-05-6.jpg","datePublished":"2022-09-05T13:18:09+00:00","dateModified":"2026-01-09T09:38:18+00:00","description":"A UV-531 helyettes\u00edtheti az Octabenzone-t; Eversorb 12; Benzophenone-12; BP-12; Chimassorb(R) 81; Chisorb BP-12; Cyasorb UV-531 f\u00e9nystabiliz\u00e1tor; FENTASORB 531; K.SORB 81; Uvinul 3008; Tinuvin 531, ultraibolya abszorberk\u00e9nt haszn\u00e1lj\u00e1k, \u00e9s a Longchang Chemical kulcsfontoss\u00e1g\u00fa term\u00e9ke. Mi vagyunk a vezet\u0151 uv anyag gy\u00e1rt\u00f3ja \u00e9s sz\u00e1ll\u00edt\u00f3ja K\u00edn\u00e1ban a legjobb min\u0151s\u00e9ggel \u00e9s versenyk\u00e9pes \u00e1rral.","breadcrumb":{"@id":"https:\/\/longchangchemical.com\/product\/lcsorb-uv-531-cas-1843-05-6\/#breadcrumb"},"inLanguage":"hu","potentialAction":[{"@type":"ReadAction","target":["https:\/\/longchangchemical.com\/product\/lcsorb-uv-531-cas-1843-05-6\/"]}]},{"@type":"ImageObject","inLanguage":"hu","@id":"https:\/\/longchangchemical.com\/product\/lcsorb-uv-531-cas-1843-05-6\/#primaryimage","url":"https:\/\/longchangchemical.com\/wp-content\/uploads\/2022\/09\/1843-05-6.jpg","contentUrl":"https:\/\/longchangchemical.com\/wp-content\/uploads\/2022\/09\/1843-05-6.jpg","width":600,"height":600},{"@type":"BreadcrumbList","@id":"https:\/\/longchangchemical.com\/product\/lcsorb-uv-531-cas-1843-05-6\/#breadcrumb","itemListElement":[{"@type":"ListItem","position":1,"name":"Home","item":"https:\/\/longchangchemical.com\/"},{"@type":"ListItem","position":2,"name":"Products Longchang","item":"https:\/\/longchangchemical.com\/product\/"},{"@type":"ListItem","position":3,"name":"UV-531 \/ Benzophenone-12(BP-12) \/ CAS 1843-05-6"}]},{"@type":"WebSite","@id":"https:\/\/longchangchemical.com\/#website","url":"https:\/\/longchangchemical.com\/","name":"Longchang Chemical","description":"K\u00edna k\u00e9miai gy\u00e1rt\u00f3 \uff06 sz\u00e1ll\u00edt\u00f3","publisher":{"@id":"https:\/\/longchangchemical.com\/#organization"},"potentialAction":[{"@type":"SearchAction","target":{"@type":"EntryPoint","urlTemplate":"https:\/\/longchangchemical.com\/?s={search_term_string}"},"query-input":{"@type":"PropertyValueSpecification","valueRequired":true,"valueName":"search_term_string"}}],"inLanguage":"hu"},{"@type":"Organization","@id":"https:\/\/longchangchemical.com\/#organization","name":"Longchang Chemical","url":"https:\/\/longchangchemical.com\/","logo":{"@type":"ImageObject","inLanguage":"hu","@id":"https:\/\/longchangchemical.com\/#\/schema\/logo\/image\/","url":"https:\/\/longchangchemical.com\/wp-content\/uploads\/2020\/08\/cropped-longchang-logo.png","contentUrl":"https:\/\/longchangchemical.com\/wp-content\/uploads\/2020\/08\/cropped-longchang-logo.png","width":512,"height":512,"caption":"Longchang Chemical"},"image":{"@id":"https:\/\/longchangchemical.com\/#\/schema\/logo\/image\/"}}]}},"_links":{"self":[{"href":"https:\/\/longchangchemical.com\/hu\/wp-json\/wp\/v2\/product\/5524","targetHints":{"allow":["GET"]}}],"collection":[{"href":"https:\/\/longchangchemical.com\/hu\/wp-json\/wp\/v2\/product"}],"about":[{"href":"https:\/\/longchangchemical.com\/hu\/wp-json\/wp\/v2\/types\/product"}],"replies":[{"embeddable":true,"href":"https:\/\/longchangchemical.com\/hu\/wp-json\/wp\/v2\/comments?post=5524"}],"wp:featuredmedia":[{"embeddable":true,"href":"https:\/\/longchangchemical.com\/hu\/wp-json\/wp\/v2\/media\/7966"}],"wp:attachment":[{"href":"https:\/\/longchangchemical.com\/hu\/wp-json\/wp\/v2\/media?parent=5524"}],"wp:term":[{"taxonomy":"product_brand","embeddable":true,"href":"https:\/\/longchangchemical.com\/hu\/wp-json\/wp\/v2\/product_brand?post=5524"},{"taxonomy":"product_cat","embeddable":true,"href":"https:\/\/longchangchemical.com\/hu\/wp-json\/wp\/v2\/product_cat?post=5524"},{"taxonomy":"product_tag","embeddable":true,"href":"https:\/\/longchangchemical.com\/hu\/wp-json\/wp\/v2\/product_tag?post=5524"}],"curies":[{"name":"wp","href":"https:\/\/api.w.org\/{rel}","templated":true}]}}