{"id":5464,"date":"2022-08-19T13:11:57","date_gmt":"2022-08-19T13:11:57","guid":{"rendered":"https:\/\/longchangchemical.com\/?post_type=product&#038;p=5464"},"modified":"2025-04-01T07:12:17","modified_gmt":"2025-04-01T07:12:17","slug":"agesintbma-cas-585-07-9","status":"publish","type":"product","link":"https:\/\/longchangchemical.com\/hu\/product\/agesintbma-cas-585-07-9\/","title":{"rendered":"CHLUMICRYL\u00ae TBMA CAS 585-07-9"},"content":{"rendered":"<h1><strong>tert-butil-metakril\u00e1t CAS 585-07-9<\/strong><\/h1>\n<table width=\"144\">\n<tbody>\n<tr>\n<td width=\"72\">T\u00e9telek<\/td>\n<td width=\"72\">Eredm\u00e9ny<\/td>\n<\/tr>\n<tr>\n<td width=\"72\">Megjelen\u00e9s<\/td>\n<td width=\"72\">Foly\u00e9kony<\/td>\n<\/tr>\n<tr>\n<td width=\"72\">Tartalom<\/td>\n<td width=\"72\">99.0%min<\/td>\n<\/tr>\n<tr>\n<td width=\"72\">Nedvess\u00e9g<\/td>\n<td width=\"72\">&lt;0.05%<\/td>\n<\/tr>\n<tr>\n<td width=\"72\">Neh\u00e9zf\u00e9mek<\/td>\n<td width=\"72\">&lt;0.002%<\/td>\n<\/tr>\n<\/tbody>\n<\/table>\n<h2><strong>Mi az a TBMA monomer?<\/strong><\/h2>\n<p>A terc-butil-metakril\u00e1t (TBMA) homopolimereket \u00e9s kopolimereket k\u00e9pezhet, \u00e9s sz\u00e1mos anyaggal kopolimeriz\u00e1lhat\u00f3, p\u00e9ld\u00e1ul akrilsavval \u00e9s s\u00f3ival, amidokkal \u00e9s \u00e9szterekkel, akrilnitrillel, male\u00e1ttal, vinil-acet\u00e1ttal, vinil-kloriddal, vinilid\u00e9n-kloriddal, sztirolnal, butil\u00e9nnel, tel\u00edtetlen poli\u00e9szterekkel, sz\u00e1raz olajokkal stb. Ezenk\u00edv\u00fcl a butil-metakril\u00e1t (TBMA) szint\u00e9n nagyon hasznos alapanyag a k\u00e9miai szint\u00e9zisekhez, mivel k\u00f6nnyen \u00e1tesik add\u00edci\u00f3s reakci\u00f3kon sz\u00e1mos szerves \u00e9s szervetlen vegy\u00fclettel.<\/p>\n<p>Downstream term\u00e9kek: N-Cbz-L-aszparaginsav 4-tert-butil-\u00e9szter cas 5545-52-8; <a class=\"blue\">Z-L-aszparaginsav di-tert-butil-\u00e9szter cas <\/a>42417-76-5; 2-BENZIL-AKRILSAV TER-BUTIL ESTER cas 111832-40-7<\/p>\n<h2><strong>A TBMA alapvet\u0151 alkalmaz\u00e1sai<\/strong><\/h2>\n<p>Bevonatok.<br \/>\ndiszperg\u00e1l\u00f3szerek.<br \/>\nRostok,.<br \/>\nSz\u00f6vetkezel\u0151 szerek.<br \/>\nBurkol\u00f3anyagok.<br \/>\nSzigetel\u0151anyagok.<br \/>\nEgy\u00e9b polimer monomerek.<\/p>\n<p>&nbsp;<\/p>\n<h2><strong><b>L\u00e9pjen kapcsolatba vel\u00fcnk most!<\/b><\/strong><\/h2>\n<h4><strong><b>Ha COA, MSDS vagy TDS-re van sz\u00fcks\u00e9ge, k\u00e9rj\u00fck, t\u00f6ltse ki el\u00e9rhet\u0151s\u00e9g\u00e9t az al\u00e1bbi \u0171rlapon, \u00e1ltal\u00e1ban 24 \u00f3r\u00e1n bel\u00fcl felvessz\u00fck \u00d6nnel a kapcsolatot. \u00d6n is k\u00fcldhet nekem e-mailt <span style=\"color: #00ccff;\"><a style=\"color: #00ccff;\" href=\"mailto:info@longchangchemical.com\">info@longchangchemical.com<\/a><\/span> munkaid\u0151ben ( 8:30-18:00 UTC+8 H.-Szombat ) vagy haszn\u00e1lja a weboldal \u00e9l\u0151 chatj\u00e9t, hogy azonnali v\u00e1laszt kapjon.<\/b><\/strong><\/h4>","protected":false},"excerpt":{"rendered":"<p>Angol neve: tert-Butylmethacrylate<\/p>\n<p>Szinonim\u00e1k: TERT-BUTIL-METHAKRIL\u00c1T;TERT-BUTIL-METHAKRIL\u00c1T;TERT-BUTIL-METHAKRIL\u00c1T MONOMER;TBMA;T-BUTIL-METHAKRIL\u00c1T;METHAKRILSAV TERT-BUTIL ESTER;METHAKRILSAV TERT-BUTIL ESTER MONOMER; (\u00e1ltal\u00e1nos)2-prop\u00e9nsav,2-metil-,1,1-dimetil-etil\u00e9szter<\/p>\n<p>MF: C8H14O2<\/p>\n<p>MW: 142.2<\/p>\n<p>Megjelen\u00e9s: sz\u00edntelen folyad\u00e9k<\/p>","protected":false},"featured_media":5465,"comment_status":"closed","ping_status":"closed","template":"","meta":[],"product_brand":[],"product_cat":[138],"product_tag":[],"class_list":{"0":"post-5464","1":"product","2":"type-product","3":"status-publish","4":"has-post-thumbnail","6":"product_cat-coating-and-ink-additives","8":"first","9":"instock","10":"shipping-taxable","11":"product-type-simple"},"yoast_head":"<!-- This site is optimized with the Yoast SEO plugin v25.3.1 - https:\/\/yoast.com\/wordpress\/plugins\/seo\/ -->\n<title>China tert-Butyl Methacrylate Monomer Manufacturer | TBMA Monomer Manufacturer | 585-07-9 | Longchang Chemical<\/title>\n<meta name=\"description\" content=\"TBMA CAS 585-07-9 can be used as Coatings, Dispersants, Fibers, Fabric treatment agents, Cladding materials, Insulation materials.\" \/>\n<meta name=\"robots\" content=\"index, follow, max-snippet:-1, max-image-preview:large, max-video-preview:-1\" \/>\n<link rel=\"canonical\" href=\"https:\/\/longchangchemical.com\/hu\/product\/agesintbma-cas-585-07-9\/\" \/>\n<meta property=\"og:locale\" content=\"hu_HU\" \/>\n<meta property=\"og:type\" content=\"article\" \/>\n<meta property=\"og:title\" content=\"China tert-Butyl Methacrylate Monomer Manufacturer | TBMA Monomer Manufacturer | 585-07-9 | Longchang Chemical\" \/>\n<meta property=\"og:description\" content=\"TBMA CAS 585-07-9 can be used as Coatings, Dispersants, Fibers, Fabric treatment agents, Cladding materials, Insulation materials.\" \/>\n<meta property=\"og:url\" content=\"https:\/\/longchangchemical.com\/hu\/product\/agesintbma-cas-585-07-9\/\" \/>\n<meta property=\"og:site_name\" content=\"Longchang Chemical\" \/>\n<meta property=\"article:modified_time\" content=\"2025-04-01T07:12:17+00:00\" \/>\n<meta property=\"og:image\" content=\"https:\/\/longchangchemical.com\/wp-content\/uploads\/2022\/08\/TBMA-CAS-585-07-9.jpg\" \/>\n\t<meta property=\"og:image:width\" content=\"800\" \/>\n\t<meta property=\"og:image:height\" content=\"800\" \/>\n\t<meta property=\"og:image:type\" content=\"image\/jpeg\" \/>\n<meta name=\"twitter:card\" content=\"summary_large_image\" \/>\n<script type=\"application\/ld+json\" class=\"yoast-schema-graph\">{\"@context\":\"https:\/\/schema.org\",\"@graph\":[{\"@type\":\"WebPage\",\"@id\":\"https:\/\/longchangchemical.com\/product\/agesintbma-cas-585-07-9\/\",\"url\":\"https:\/\/longchangchemical.com\/product\/agesintbma-cas-585-07-9\/\",\"name\":\"China tert-Butyl Methacrylate Monomer Manufacturer | TBMA Monomer Manufacturer | 585-07-9 | Longchang Chemical\",\"isPartOf\":{\"@id\":\"https:\/\/longchangchemical.com\/#website\"},\"primaryImageOfPage\":{\"@id\":\"https:\/\/longchangchemical.com\/product\/agesintbma-cas-585-07-9\/#primaryimage\"},\"image\":{\"@id\":\"https:\/\/longchangchemical.com\/product\/agesintbma-cas-585-07-9\/#primaryimage\"},\"thumbnailUrl\":\"https:\/\/longchangchemical.com\/wp-content\/uploads\/2022\/08\/TBMA-CAS-585-07-9.jpg\",\"datePublished\":\"2022-08-19T13:11:57+00:00\",\"dateModified\":\"2025-04-01T07:12:17+00:00\",\"description\":\"TBMA CAS 585-07-9 can be used as Coatings, Dispersants, Fibers, Fabric treatment agents, Cladding materials, Insulation materials.\",\"breadcrumb\":{\"@id\":\"https:\/\/longchangchemical.com\/product\/agesintbma-cas-585-07-9\/#breadcrumb\"},\"inLanguage\":\"hu\",\"potentialAction\":[{\"@type\":\"ReadAction\",\"target\":[\"https:\/\/longchangchemical.com\/product\/agesintbma-cas-585-07-9\/\"]}]},{\"@type\":\"ImageObject\",\"inLanguage\":\"hu\",\"@id\":\"https:\/\/longchangchemical.com\/product\/agesintbma-cas-585-07-9\/#primaryimage\",\"url\":\"https:\/\/longchangchemical.com\/wp-content\/uploads\/2022\/08\/TBMA-CAS-585-07-9.jpg\",\"contentUrl\":\"https:\/\/longchangchemical.com\/wp-content\/uploads\/2022\/08\/TBMA-CAS-585-07-9.jpg\",\"width\":800,\"height\":800,\"caption\":\"TBMA CAS 585-07-9\"},{\"@type\":\"BreadcrumbList\",\"@id\":\"https:\/\/longchangchemical.com\/product\/agesintbma-cas-585-07-9\/#breadcrumb\",\"itemListElement\":[{\"@type\":\"ListItem\",\"position\":1,\"name\":\"Home\",\"item\":\"https:\/\/longchangchemical.com\/\"},{\"@type\":\"ListItem\",\"position\":2,\"name\":\"Products Longchang\",\"item\":\"https:\/\/longchangchemical.com\/product\/\"},{\"@type\":\"ListItem\",\"position\":3,\"name\":\"CHLUMICRYL\u00ae TBMA CAS 585-07-9\"}]},{\"@type\":\"WebSite\",\"@id\":\"https:\/\/longchangchemical.com\/#website\",\"url\":\"https:\/\/longchangchemical.com\/\",\"name\":\"Longchang Chemical\",\"description\":\"China chemical manufacturer \uff06 supplier\",\"publisher\":{\"@id\":\"https:\/\/longchangchemical.com\/#organization\"},\"potentialAction\":[{\"@type\":\"SearchAction\",\"target\":{\"@type\":\"EntryPoint\",\"urlTemplate\":\"https:\/\/longchangchemical.com\/?s={search_term_string}\"},\"query-input\":{\"@type\":\"PropertyValueSpecification\",\"valueRequired\":true,\"valueName\":\"search_term_string\"}}],\"inLanguage\":\"hu\"},{\"@type\":\"Organization\",\"@id\":\"https:\/\/longchangchemical.com\/#organization\",\"name\":\"Longchang Chemical\",\"url\":\"https:\/\/longchangchemical.com\/\",\"logo\":{\"@type\":\"ImageObject\",\"inLanguage\":\"hu\",\"@id\":\"https:\/\/longchangchemical.com\/#\/schema\/logo\/image\/\",\"url\":\"https:\/\/longchangchemical.com\/wp-content\/uploads\/2020\/08\/cropped-longchang-logo.png\",\"contentUrl\":\"https:\/\/longchangchemical.com\/wp-content\/uploads\/2020\/08\/cropped-longchang-logo.png\",\"width\":512,\"height\":512,\"caption\":\"Longchang Chemical\"},\"image\":{\"@id\":\"https:\/\/longchangchemical.com\/#\/schema\/logo\/image\/\"}}]}<\/script>\n<!-- \/ Yoast SEO plugin. -->","yoast_head_json":{"title":"K\u00edna tert-butil-metakril\u00e1t monomer gy\u00e1rt\u00f3 | TBMA monomer gy\u00e1rt\u00f3 | 585-07-9 | Longchang Chemical","description":"Az TBMA CAS 585-07-9 haszn\u00e1lhat\u00f3 bevonatok, diszperg\u00e1l\u00f3szerek, sz\u00e1lak, sz\u00f6vetkezel\u0151 anyagok, burkol\u00f3anyagok, szigetel\u0151anyagok.","robots":{"index":"index","follow":"follow","max-snippet":"max-snippet:-1","max-image-preview":"max-image-preview:large","max-video-preview":"max-video-preview:-1"},"canonical":"https:\/\/longchangchemical.com\/hu\/product\/agesintbma-cas-585-07-9\/","og_locale":"hu_HU","og_type":"article","og_title":"China tert-Butyl Methacrylate Monomer Manufacturer | TBMA Monomer Manufacturer | 585-07-9 | Longchang Chemical","og_description":"TBMA CAS 585-07-9 can be used as Coatings, Dispersants, Fibers, Fabric treatment agents, Cladding materials, Insulation materials.","og_url":"https:\/\/longchangchemical.com\/hu\/product\/agesintbma-cas-585-07-9\/","og_site_name":"Longchang Chemical","article_modified_time":"2025-04-01T07:12:17+00:00","og_image":[{"width":800,"height":800,"url":"https:\/\/longchangchemical.com\/wp-content\/uploads\/2022\/08\/TBMA-CAS-585-07-9.jpg","type":"image\/jpeg"}],"twitter_card":"summary_large_image","schema":{"@context":"https:\/\/schema.org","@graph":[{"@type":"WebPage","@id":"https:\/\/longchangchemical.com\/product\/agesintbma-cas-585-07-9\/","url":"https:\/\/longchangchemical.com\/product\/agesintbma-cas-585-07-9\/","name":"K\u00edna tert-butil-metakril\u00e1t monomer gy\u00e1rt\u00f3 | TBMA monomer gy\u00e1rt\u00f3 | 585-07-9 | Longchang Chemical","isPartOf":{"@id":"https:\/\/longchangchemical.com\/#website"},"primaryImageOfPage":{"@id":"https:\/\/longchangchemical.com\/product\/agesintbma-cas-585-07-9\/#primaryimage"},"image":{"@id":"https:\/\/longchangchemical.com\/product\/agesintbma-cas-585-07-9\/#primaryimage"},"thumbnailUrl":"https:\/\/longchangchemical.com\/wp-content\/uploads\/2022\/08\/TBMA-CAS-585-07-9.jpg","datePublished":"2022-08-19T13:11:57+00:00","dateModified":"2025-04-01T07:12:17+00:00","description":"Az TBMA CAS 585-07-9 haszn\u00e1lhat\u00f3 bevonatok, diszperg\u00e1l\u00f3szerek, sz\u00e1lak, sz\u00f6vetkezel\u0151 anyagok, burkol\u00f3anyagok, szigetel\u0151anyagok.","breadcrumb":{"@id":"https:\/\/longchangchemical.com\/product\/agesintbma-cas-585-07-9\/#breadcrumb"},"inLanguage":"hu","potentialAction":[{"@type":"ReadAction","target":["https:\/\/longchangchemical.com\/product\/agesintbma-cas-585-07-9\/"]}]},{"@type":"ImageObject","inLanguage":"hu","@id":"https:\/\/longchangchemical.com\/product\/agesintbma-cas-585-07-9\/#primaryimage","url":"https:\/\/longchangchemical.com\/wp-content\/uploads\/2022\/08\/TBMA-CAS-585-07-9.jpg","contentUrl":"https:\/\/longchangchemical.com\/wp-content\/uploads\/2022\/08\/TBMA-CAS-585-07-9.jpg","width":800,"height":800,"caption":"TBMA CAS 585-07-9"},{"@type":"BreadcrumbList","@id":"https:\/\/longchangchemical.com\/product\/agesintbma-cas-585-07-9\/#breadcrumb","itemListElement":[{"@type":"ListItem","position":1,"name":"Home","item":"https:\/\/longchangchemical.com\/"},{"@type":"ListItem","position":2,"name":"Products Longchang","item":"https:\/\/longchangchemical.com\/product\/"},{"@type":"ListItem","position":3,"name":"CHLUMICRYL\u00ae TBMA CAS 585-07-9"}]},{"@type":"WebSite","@id":"https:\/\/longchangchemical.com\/#website","url":"https:\/\/longchangchemical.com\/","name":"Longchang Chemical","description":"K\u00edna k\u00e9miai gy\u00e1rt\u00f3 \uff06 sz\u00e1ll\u00edt\u00f3","publisher":{"@id":"https:\/\/longchangchemical.com\/#organization"},"potentialAction":[{"@type":"SearchAction","target":{"@type":"EntryPoint","urlTemplate":"https:\/\/longchangchemical.com\/?s={search_term_string}"},"query-input":{"@type":"PropertyValueSpecification","valueRequired":true,"valueName":"search_term_string"}}],"inLanguage":"hu"},{"@type":"Organization","@id":"https:\/\/longchangchemical.com\/#organization","name":"Longchang Chemical","url":"https:\/\/longchangchemical.com\/","logo":{"@type":"ImageObject","inLanguage":"hu","@id":"https:\/\/longchangchemical.com\/#\/schema\/logo\/image\/","url":"https:\/\/longchangchemical.com\/wp-content\/uploads\/2020\/08\/cropped-longchang-logo.png","contentUrl":"https:\/\/longchangchemical.com\/wp-content\/uploads\/2020\/08\/cropped-longchang-logo.png","width":512,"height":512,"caption":"Longchang Chemical"},"image":{"@id":"https:\/\/longchangchemical.com\/#\/schema\/logo\/image\/"}}]}},"_links":{"self":[{"href":"https:\/\/longchangchemical.com\/hu\/wp-json\/wp\/v2\/product\/5464","targetHints":{"allow":["GET"]}}],"collection":[{"href":"https:\/\/longchangchemical.com\/hu\/wp-json\/wp\/v2\/product"}],"about":[{"href":"https:\/\/longchangchemical.com\/hu\/wp-json\/wp\/v2\/types\/product"}],"replies":[{"embeddable":true,"href":"https:\/\/longchangchemical.com\/hu\/wp-json\/wp\/v2\/comments?post=5464"}],"wp:featuredmedia":[{"embeddable":true,"href":"https:\/\/longchangchemical.com\/hu\/wp-json\/wp\/v2\/media\/5465"}],"wp:attachment":[{"href":"https:\/\/longchangchemical.com\/hu\/wp-json\/wp\/v2\/media?parent=5464"}],"wp:term":[{"taxonomy":"product_brand","embeddable":true,"href":"https:\/\/longchangchemical.com\/hu\/wp-json\/wp\/v2\/product_brand?post=5464"},{"taxonomy":"product_cat","embeddable":true,"href":"https:\/\/longchangchemical.com\/hu\/wp-json\/wp\/v2\/product_cat?post=5464"},{"taxonomy":"product_tag","embeddable":true,"href":"https:\/\/longchangchemical.com\/hu\/wp-json\/wp\/v2\/product_tag?post=5464"}],"curies":[{"name":"wp","href":"https:\/\/api.w.org\/{rel}","templated":true}]}}