{"id":5378,"date":"2022-07-14T13:17:02","date_gmt":"2022-07-14T13:17:02","guid":{"rendered":"https:\/\/longchangchemical.com\/?post_type=product&#038;p=5378"},"modified":"2025-12-22T07:01:37","modified_gmt":"2025-12-22T07:01:37","slug":"lcnacure-pca-zn-cas-15454-75-8","status":"publish","type":"product","link":"https:\/\/longchangchemical.com\/hu\/product\/lcnacure-pca-zn-cas-15454-75-8\/","title":{"rendered":"lcnacure\u00ae PCA-ZN CAS 15454-75-8"},"content":{"rendered":"<h1><strong>lcnacure\u00ae PCA-ZN CAS 15454-75-8<\/strong><\/h1>\n<p>&nbsp;<\/p>\n<p>A PCA-ZN egy \u00faj \u00f6sszetev\u0151je a piacon l\u00e9v\u0151 fizioter\u00e1pi\u00e1s test\u00e1pol\u00f3nak \u00e9s kondicion\u00e1l\u00f3nak zs\u00edros b\u0151rre. Puha \u00e9s friss\u00edt\u0151 \u00e9rz\u00e9st adhat a b\u0151rnek \u00e9s a hajnak. R\u00e1nctalan\u00edt\u00f3 funkci\u00f3val is rendelkezik, mivel k\u00e9pes g\u00e1tolni a kollag\u00e9nhidrol\u00e1z termel\u0151d\u00e9s\u00e9t.<\/p>\n<p>A PCA-ZN jav\u00edthatja a t\u00falzott faggy\u00fakiv\u00e1laszt\u00e1st, szab\u00e1lyozhatja a faggy\u00fakiv\u00e1laszt\u00e1st, megakad\u00e1lyozhatja a p\u00f3rusok elt\u00f6m\u0151d\u00e9s\u00e9t, fenntarthatja az olaj-v\u00edz egyens\u00falyt, enyh\u00e9n nem irrit\u00e1lja a b\u0151rt, \u00e9s nincs mell\u00e9khat\u00e1sa. gomba.<\/p>\n<p><strong><b>Tulajdons\u00e1gok:<\/b><\/strong><\/p>\n<table>\n<tbody>\n<tr>\n<td width=\"400\">Megjelen\u00e9s<\/td>\n<td width=\"422\">A feh\u00e9rt\u0151l a sz\u00fcrk\u00e9ig terjed\u0151 sz\u00edn\u0171 krist\u00e1lyos por<\/td>\n<\/tr>\n<tr>\n<td width=\"400\">A 10% vizes oldat PH-\u00e9rt\u00e9ke<\/td>\n<td width=\"422\">5.0-6.0<\/td>\n<\/tr>\n<tr>\n<td width=\"400\">Cink tartalom<\/td>\n<td width=\"422\">17.4\ufe6a-19.2\ufe6a<\/td>\n<\/tr>\n<tr>\n<td width=\"400\">Sz\u00e1r\u00edt\u00e1si vesztes\u00e9g<\/td>\n<td width=\"422\">&lt;1.0%<\/td>\n<\/tr>\n<tr>\n<td width=\"400\">Vezet\u0151 tartalom<\/td>\n<td width=\"422\">\u226420 ppm<\/td>\n<\/tr>\n<tr>\n<td width=\"400\">Arz\u00e9ntartalom<\/td>\n<td width=\"422\">\u22642ppm<\/td>\n<\/tr>\n<tr>\n<td width=\"400\">Lobban\u00e1spont<\/td>\n<td width=\"422\">227.8\u00b0C<\/td>\n<\/tr>\n<tr>\n<td width=\"400\">S\u0171r\u0171s\u00e9g<\/td>\n<td width=\"422\">1,38g\/cm3<\/td>\n<\/tr>\n<\/tbody>\n<\/table>\n<p><strong><b>Haszn\u00e1lat<\/b><\/strong><strong><b>:<\/b><\/strong><\/p>\n<p>A PCA-ZN jav\u00edthatja a t\u00falzott faggy\u00fakiv\u00e1laszt\u00e1st, szab\u00e1lyozhatja a faggy\u00fakiv\u00e1laszt\u00e1st, megakad\u00e1lyozhatja a p\u00f3rusok elt\u00f6m\u0151d\u00e9s\u00e9t, fenntarthatja az olaj-v\u00edz egyens\u00falyt, enyh\u00e9n nem irrit\u00e1lja a b\u0151rt, \u00e9s nincs mell\u00e9khat\u00e1sa. gomba.<\/p>\n<p>F\u0151k\u00e9nt haszn\u00e1lt kozmetikumok zs\u00edros b\u0151rre \u00e9s pattan\u00e1sos b\u0151rre, b\u0151rkondicion\u00e1l\u00f3 \u00e9s korp\u00e1sod\u00e1s elleni term\u00e9kek, pattan\u00e1sos kr\u00e9mek, sminkek, samponok, test\u00e1pol\u00f3k, naptejek, jav\u00edt\u00f3szerek stb.<\/p>\n<p><strong><b>Csomag<\/b><\/strong><strong><b>:<\/b><\/strong><\/p>\n<p>T\u00e1ska\/dob<\/p>\n<p><strong><b>T\u00e1rol\u00e1s:<\/b><\/strong><\/p>\n<p>Sz\u00e1raz, tiszta, j\u00f3l szell\u0151z\u0151 rakt\u00e1rban tartj\u00e1k.<\/p>\n<p>Ker\u00fclje a f\u00e9nynek \u00e9s a meleg\u00edt\u00e9snek val\u00f3 kitetts\u00e9get.<\/p>\n<p>A term\u00e9k v\u00e9delme a sziv\u00e1rg\u00e1st\u00f3l, es\u0151t\u0151l \u00e9s a szigetel\u00e9st\u0151l sz\u00e1ll\u00edt\u00e1s k\u00f6zben.<\/p>\n<p>&nbsp;<\/p>\n<h2><strong><b>L\u00e9pjen kapcsolatba vel\u00fcnk most!<\/b><\/strong><\/h2>\n<h4><strong><b>Ha COA, MSDS vagy TDS-re van sz\u00fcks\u00e9ge, k\u00e9rj\u00fck, t\u00f6ltse ki el\u00e9rhet\u0151s\u00e9g\u00e9t az al\u00e1bbi \u0171rlapon, \u00e1ltal\u00e1ban 24 \u00f3r\u00e1n bel\u00fcl felvessz\u00fck \u00d6nnel a kapcsolatot.<\/b><\/strong> \u00d6n is k\u00fcldhet nekem e-mailt <a href=\"mailto:info@longchangchemical.com\"><span style=\"color: #0000ff;\">info@longchangchemical.com<\/span><\/a> munkaid\u0151ben ( 8:30-18:00 UTC+8 H.-Szombat ) vagy haszn\u00e1lja a weboldal \u00e9l\u0151 chatj\u00e9t, hogy azonnali v\u00e1laszt kapjon.<\/h4>","protected":false},"excerpt":{"rendered":"<p><strong><b>Szinonim\u00e1ja:<\/b><\/strong>Cink PCA;bisz(5-oxo-L-prolinato-N1,O2)cink;piroglutaminsav cink s\u00f3;cink pidol\u00e1t;cink piroglutam\u00e1t;5-oxoprolin;cink 5-oxopirrolidin-2-karboxil\u00e1t<\/p>\n<p><strong><b>CAS-sz\u00e1m<\/b><\/strong>: 15454-75-8<\/p>\n<p><strong><b>Molekul\u00e1ris k\u00e9plet<\/b><\/strong>: C10H12N2O6Zn<\/p>\n<p><strong><b>Molekulaszerkezet:<\/b><\/strong><\/p>\n<p><img decoding=\"async\" class=\"alignnone size-full wp-image-4826\" src=\"https:\/\/longchangchemical.com\/wp-content\/uploads\/2022\/07\/15454-75-8.gif\" alt=\"\" width=\"188\" height=\"93\" \/><\/p>\n<p>&nbsp;<\/p>","protected":false},"featured_media":5379,"comment_status":"open","ping_status":"closed","template":"","meta":[],"product_brand":[],"product_cat":[103],"product_tag":[],"class_list":{"0":"post-5378","1":"product","2":"type-product","3":"status-publish","4":"has-post-thumbnail","6":"product_cat-cosmetic-additives","8":"first","9":"instock","10":"shipping-taxable","11":"product-type-simple"},"yoast_head":"<!-- This site is optimized with the Yoast SEO plugin v25.3.1 - https:\/\/yoast.com\/wordpress\/plugins\/seo\/ -->\n<title>Bis(5-oxo-L-prolinato-N1,O2)zinc ( PCA-ZN \/ Zinc PCA ) manufacturer Cas 15454-75-8 supplier - Longchang Chemical<\/title>\n<meta name=\"description\" content=\"lcnacure PCA-ZN,synonym name :Zinc PCA;bis(5-oxo-L-prolinato-N1,O2)zinc;Pyroglutamic acid zinc salt;Zinc pidolate;Zinc pyroglutamate;5-oxoproline;Zinc 5-oxopyrrolidine-2-carboxylate.Mainly used cosmetics for oily skin and acne-prone skin, skin conditioning and anti-dandruff, acne creams, make-up, shampoos, body washes, sunscreens, repair products, etc.\" \/>\n<meta name=\"robots\" content=\"index, follow, max-snippet:-1, max-image-preview:large, max-video-preview:-1\" \/>\n<link rel=\"canonical\" href=\"https:\/\/longchangchemical.com\/hu\/product\/lcnacure-pca-zn-cas-15454-75-8\/\" \/>\n<meta property=\"og:locale\" content=\"hu_HU\" \/>\n<meta property=\"og:type\" content=\"article\" \/>\n<meta property=\"og:title\" content=\"Bis(5-oxo-L-prolinato-N1,O2)zinc ( PCA-ZN \/ Zinc PCA ) manufacturer Cas 15454-75-8 supplier - Longchang Chemical\" \/>\n<meta property=\"og:description\" content=\"lcnacure PCA-ZN,synonym name :Zinc PCA;bis(5-oxo-L-prolinato-N1,O2)zinc;Pyroglutamic acid zinc salt;Zinc pidolate;Zinc pyroglutamate;5-oxoproline;Zinc 5-oxopyrrolidine-2-carboxylate.Mainly used cosmetics for oily skin and acne-prone skin, skin conditioning and anti-dandruff, acne creams, make-up, shampoos, body washes, sunscreens, repair products, etc.\" \/>\n<meta property=\"og:url\" content=\"https:\/\/longchangchemical.com\/hu\/product\/lcnacure-pca-zn-cas-15454-75-8\/\" \/>\n<meta property=\"og:site_name\" content=\"Longchang Chemical\" \/>\n<meta property=\"article:modified_time\" content=\"2025-12-22T07:01:37+00:00\" \/>\n<meta property=\"og:image\" content=\"https:\/\/longchangchemical.com\/wp-content\/uploads\/2022\/07\/Zinc-PCA.jpg\" \/>\n\t<meta property=\"og:image:width\" content=\"800\" \/>\n\t<meta property=\"og:image:height\" content=\"800\" \/>\n\t<meta property=\"og:image:type\" content=\"image\/jpeg\" \/>\n<meta name=\"twitter:card\" content=\"summary_large_image\" \/>\n<script type=\"application\/ld+json\" class=\"yoast-schema-graph\">{\"@context\":\"https:\/\/schema.org\",\"@graph\":[{\"@type\":\"WebPage\",\"@id\":\"https:\/\/longchangchemical.com\/product\/lcnacure-pca-zn-cas-15454-75-8\/\",\"url\":\"https:\/\/longchangchemical.com\/product\/lcnacure-pca-zn-cas-15454-75-8\/\",\"name\":\"Bis(5-oxo-L-prolinato-N1,O2)zinc ( PCA-ZN \/ Zinc PCA ) manufacturer Cas 15454-75-8 supplier - Longchang Chemical\",\"isPartOf\":{\"@id\":\"https:\/\/longchangchemical.com\/#website\"},\"primaryImageOfPage\":{\"@id\":\"https:\/\/longchangchemical.com\/product\/lcnacure-pca-zn-cas-15454-75-8\/#primaryimage\"},\"image\":{\"@id\":\"https:\/\/longchangchemical.com\/product\/lcnacure-pca-zn-cas-15454-75-8\/#primaryimage\"},\"thumbnailUrl\":\"https:\/\/longchangchemical.com\/wp-content\/uploads\/2022\/07\/Zinc-PCA.jpg\",\"datePublished\":\"2022-07-14T13:17:02+00:00\",\"dateModified\":\"2025-12-22T07:01:37+00:00\",\"description\":\"lcnacure PCA-ZN,synonym name :Zinc PCA;bis(5-oxo-L-prolinato-N1,O2)zinc;Pyroglutamic acid zinc salt;Zinc pidolate;Zinc pyroglutamate;5-oxoproline;Zinc 5-oxopyrrolidine-2-carboxylate.Mainly used cosmetics for oily skin and acne-prone skin, skin conditioning and anti-dandruff, acne creams, make-up, shampoos, body washes, sunscreens, repair products, etc.\",\"breadcrumb\":{\"@id\":\"https:\/\/longchangchemical.com\/product\/lcnacure-pca-zn-cas-15454-75-8\/#breadcrumb\"},\"inLanguage\":\"hu\",\"potentialAction\":[{\"@type\":\"ReadAction\",\"target\":[\"https:\/\/longchangchemical.com\/product\/lcnacure-pca-zn-cas-15454-75-8\/\"]}]},{\"@type\":\"ImageObject\",\"inLanguage\":\"hu\",\"@id\":\"https:\/\/longchangchemical.com\/product\/lcnacure-pca-zn-cas-15454-75-8\/#primaryimage\",\"url\":\"https:\/\/longchangchemical.com\/wp-content\/uploads\/2022\/07\/Zinc-PCA.jpg\",\"contentUrl\":\"https:\/\/longchangchemical.com\/wp-content\/uploads\/2022\/07\/Zinc-PCA.jpg\",\"width\":800,\"height\":800,\"caption\":\"Zinc-PCA\"},{\"@type\":\"BreadcrumbList\",\"@id\":\"https:\/\/longchangchemical.com\/product\/lcnacure-pca-zn-cas-15454-75-8\/#breadcrumb\",\"itemListElement\":[{\"@type\":\"ListItem\",\"position\":1,\"name\":\"Home\",\"item\":\"https:\/\/longchangchemical.com\/\"},{\"@type\":\"ListItem\",\"position\":2,\"name\":\"Products Longchang\",\"item\":\"https:\/\/longchangchemical.com\/product\/\"},{\"@type\":\"ListItem\",\"position\":3,\"name\":\"lcnacure\u00ae PCA-ZN CAS 15454-75-8\"}]},{\"@type\":\"WebSite\",\"@id\":\"https:\/\/longchangchemical.com\/#website\",\"url\":\"https:\/\/longchangchemical.com\/\",\"name\":\"Longchang Chemical\",\"description\":\"China chemical manufacturer \uff06 supplier\",\"publisher\":{\"@id\":\"https:\/\/longchangchemical.com\/#organization\"},\"potentialAction\":[{\"@type\":\"SearchAction\",\"target\":{\"@type\":\"EntryPoint\",\"urlTemplate\":\"https:\/\/longchangchemical.com\/?s={search_term_string}\"},\"query-input\":{\"@type\":\"PropertyValueSpecification\",\"valueRequired\":true,\"valueName\":\"search_term_string\"}}],\"inLanguage\":\"hu\"},{\"@type\":\"Organization\",\"@id\":\"https:\/\/longchangchemical.com\/#organization\",\"name\":\"Longchang Chemical\",\"url\":\"https:\/\/longchangchemical.com\/\",\"logo\":{\"@type\":\"ImageObject\",\"inLanguage\":\"hu\",\"@id\":\"https:\/\/longchangchemical.com\/#\/schema\/logo\/image\/\",\"url\":\"https:\/\/longchangchemical.com\/wp-content\/uploads\/2020\/08\/cropped-longchang-logo.png\",\"contentUrl\":\"https:\/\/longchangchemical.com\/wp-content\/uploads\/2020\/08\/cropped-longchang-logo.png\",\"width\":512,\"height\":512,\"caption\":\"Longchang Chemical\"},\"image\":{\"@id\":\"https:\/\/longchangchemical.com\/#\/schema\/logo\/image\/\"}}]}<\/script>\n<!-- \/ Yoast SEO plugin. -->","yoast_head_json":{"title":"Bis (5-oxo-L-prolinato-N1,O2)cink ( PCA-ZN \/ cink PCA ) gy\u00e1rt\u00f3 Cas 15454-75-8 sz\u00e1ll\u00edt\u00f3 - Longchang Chemical","description":"lcnacure PCA-ZN,szinonim\u00e1ja:Cink PCA;bisz(5-oxo-L-prolinato-N1,O2)cink;piroglutaminsav cink s\u00f3;cink pidol\u00e1t;cink piroglutam\u00e1t;5-oxoprolin;cink 5-oxopirrolidin-2-karboxil\u00e1t.F\u0151leg haszn\u00e1lt kozmetikumok zs\u00edros b\u0151rre \u00e9s pattan\u00e1sos b\u0151rre, b\u0151rkondicion\u00e1l\u00f3 \u00e9s korp\u00e1sod\u00e1s elleni, pattan\u00e1sos kr\u00e9mek, smink, samponok, test\u00e1pol\u00f3k, naptejek, jav\u00edt\u00f3szerek stb.","robots":{"index":"index","follow":"follow","max-snippet":"max-snippet:-1","max-image-preview":"max-image-preview:large","max-video-preview":"max-video-preview:-1"},"canonical":"https:\/\/longchangchemical.com\/hu\/product\/lcnacure-pca-zn-cas-15454-75-8\/","og_locale":"hu_HU","og_type":"article","og_title":"Bis(5-oxo-L-prolinato-N1,O2)zinc ( PCA-ZN \/ Zinc PCA ) manufacturer Cas 15454-75-8 supplier - Longchang Chemical","og_description":"lcnacure PCA-ZN,synonym name :Zinc PCA;bis(5-oxo-L-prolinato-N1,O2)zinc;Pyroglutamic acid zinc salt;Zinc pidolate;Zinc pyroglutamate;5-oxoproline;Zinc 5-oxopyrrolidine-2-carboxylate.Mainly used cosmetics for oily skin and acne-prone skin, skin conditioning and anti-dandruff, acne creams, make-up, shampoos, body washes, sunscreens, repair products, etc.","og_url":"https:\/\/longchangchemical.com\/hu\/product\/lcnacure-pca-zn-cas-15454-75-8\/","og_site_name":"Longchang Chemical","article_modified_time":"2025-12-22T07:01:37+00:00","og_image":[{"width":800,"height":800,"url":"https:\/\/longchangchemical.com\/wp-content\/uploads\/2022\/07\/Zinc-PCA.jpg","type":"image\/jpeg"}],"twitter_card":"summary_large_image","schema":{"@context":"https:\/\/schema.org","@graph":[{"@type":"WebPage","@id":"https:\/\/longchangchemical.com\/product\/lcnacure-pca-zn-cas-15454-75-8\/","url":"https:\/\/longchangchemical.com\/product\/lcnacure-pca-zn-cas-15454-75-8\/","name":"Bis (5-oxo-L-prolinato-N1,O2)cink ( PCA-ZN \/ cink PCA ) gy\u00e1rt\u00f3 Cas 15454-75-8 sz\u00e1ll\u00edt\u00f3 - Longchang Chemical","isPartOf":{"@id":"https:\/\/longchangchemical.com\/#website"},"primaryImageOfPage":{"@id":"https:\/\/longchangchemical.com\/product\/lcnacure-pca-zn-cas-15454-75-8\/#primaryimage"},"image":{"@id":"https:\/\/longchangchemical.com\/product\/lcnacure-pca-zn-cas-15454-75-8\/#primaryimage"},"thumbnailUrl":"https:\/\/longchangchemical.com\/wp-content\/uploads\/2022\/07\/Zinc-PCA.jpg","datePublished":"2022-07-14T13:17:02+00:00","dateModified":"2025-12-22T07:01:37+00:00","description":"lcnacure PCA-ZN,szinonim\u00e1ja:Cink PCA;bisz(5-oxo-L-prolinato-N1,O2)cink;piroglutaminsav cink s\u00f3;cink pidol\u00e1t;cink piroglutam\u00e1t;5-oxoprolin;cink 5-oxopirrolidin-2-karboxil\u00e1t.F\u0151leg haszn\u00e1lt kozmetikumok zs\u00edros b\u0151rre \u00e9s pattan\u00e1sos b\u0151rre, b\u0151rkondicion\u00e1l\u00f3 \u00e9s korp\u00e1sod\u00e1s elleni, pattan\u00e1sos kr\u00e9mek, smink, samponok, test\u00e1pol\u00f3k, naptejek, jav\u00edt\u00f3szerek stb.","breadcrumb":{"@id":"https:\/\/longchangchemical.com\/product\/lcnacure-pca-zn-cas-15454-75-8\/#breadcrumb"},"inLanguage":"hu","potentialAction":[{"@type":"ReadAction","target":["https:\/\/longchangchemical.com\/product\/lcnacure-pca-zn-cas-15454-75-8\/"]}]},{"@type":"ImageObject","inLanguage":"hu","@id":"https:\/\/longchangchemical.com\/product\/lcnacure-pca-zn-cas-15454-75-8\/#primaryimage","url":"https:\/\/longchangchemical.com\/wp-content\/uploads\/2022\/07\/Zinc-PCA.jpg","contentUrl":"https:\/\/longchangchemical.com\/wp-content\/uploads\/2022\/07\/Zinc-PCA.jpg","width":800,"height":800,"caption":"Zinc-PCA"},{"@type":"BreadcrumbList","@id":"https:\/\/longchangchemical.com\/product\/lcnacure-pca-zn-cas-15454-75-8\/#breadcrumb","itemListElement":[{"@type":"ListItem","position":1,"name":"Home","item":"https:\/\/longchangchemical.com\/"},{"@type":"ListItem","position":2,"name":"Products Longchang","item":"https:\/\/longchangchemical.com\/product\/"},{"@type":"ListItem","position":3,"name":"lcnacure\u00ae PCA-ZN CAS 15454-75-8"}]},{"@type":"WebSite","@id":"https:\/\/longchangchemical.com\/#website","url":"https:\/\/longchangchemical.com\/","name":"Longchang Chemical","description":"K\u00edna k\u00e9miai gy\u00e1rt\u00f3 \uff06 sz\u00e1ll\u00edt\u00f3","publisher":{"@id":"https:\/\/longchangchemical.com\/#organization"},"potentialAction":[{"@type":"SearchAction","target":{"@type":"EntryPoint","urlTemplate":"https:\/\/longchangchemical.com\/?s={search_term_string}"},"query-input":{"@type":"PropertyValueSpecification","valueRequired":true,"valueName":"search_term_string"}}],"inLanguage":"hu"},{"@type":"Organization","@id":"https:\/\/longchangchemical.com\/#organization","name":"Longchang Chemical","url":"https:\/\/longchangchemical.com\/","logo":{"@type":"ImageObject","inLanguage":"hu","@id":"https:\/\/longchangchemical.com\/#\/schema\/logo\/image\/","url":"https:\/\/longchangchemical.com\/wp-content\/uploads\/2020\/08\/cropped-longchang-logo.png","contentUrl":"https:\/\/longchangchemical.com\/wp-content\/uploads\/2020\/08\/cropped-longchang-logo.png","width":512,"height":512,"caption":"Longchang Chemical"},"image":{"@id":"https:\/\/longchangchemical.com\/#\/schema\/logo\/image\/"}}]}},"_links":{"self":[{"href":"https:\/\/longchangchemical.com\/hu\/wp-json\/wp\/v2\/product\/5378","targetHints":{"allow":["GET"]}}],"collection":[{"href":"https:\/\/longchangchemical.com\/hu\/wp-json\/wp\/v2\/product"}],"about":[{"href":"https:\/\/longchangchemical.com\/hu\/wp-json\/wp\/v2\/types\/product"}],"replies":[{"embeddable":true,"href":"https:\/\/longchangchemical.com\/hu\/wp-json\/wp\/v2\/comments?post=5378"}],"wp:featuredmedia":[{"embeddable":true,"href":"https:\/\/longchangchemical.com\/hu\/wp-json\/wp\/v2\/media\/5379"}],"wp:attachment":[{"href":"https:\/\/longchangchemical.com\/hu\/wp-json\/wp\/v2\/media?parent=5378"}],"wp:term":[{"taxonomy":"product_brand","embeddable":true,"href":"https:\/\/longchangchemical.com\/hu\/wp-json\/wp\/v2\/product_brand?post=5378"},{"taxonomy":"product_cat","embeddable":true,"href":"https:\/\/longchangchemical.com\/hu\/wp-json\/wp\/v2\/product_cat?post=5378"},{"taxonomy":"product_tag","embeddable":true,"href":"https:\/\/longchangchemical.com\/hu\/wp-json\/wp\/v2\/product_tag?post=5378"}],"curies":[{"name":"wp","href":"https:\/\/api.w.org\/{rel}","templated":true}]}}