{"id":5344,"date":"2022-07-02T12:36:04","date_gmt":"2022-07-02T12:36:04","guid":{"rendered":"https:\/\/longchangchemical.com\/?post_type=product&#038;p=5344"},"modified":"2025-08-22T11:33:00","modified_gmt":"2025-08-22T11:33:00","slug":"uva1000","status":"publish","type":"product","link":"https:\/\/longchangchemical.com\/hu\/product\/uva1000\/","title":{"rendered":"CHLUMICRYL\u00ae UVA1012"},"content":{"rendered":"<h1 class=\"product_title entry-title\"><strong> UVA1012<\/strong><\/h1>\n<p>T\u00edpus:<br \/>\nSpeci\u00e1lis funkci\u00f3s csoportokat tartalmaz\u00f3 UV-gyanta<\/p>\n<p>Ell\u00e1t\u00e1si forma:<br \/>\n100% gyantatartalom<\/p>\n<p>Alkalmaz\u00e1si aj\u00e1nl\u00e1sok \u00e9s tulajdons\u00e1gok:<br \/>\n- F\u00e9nyre kem\u00e9nyed\u0151 bevonatok \u00e9s tint\u00e1k<br \/>\n- Kiv\u00e1l\u00f3an tapad a PET m\u0171anyag \u00e9s f\u00e9m hordoz\u00f3khoz.<br \/>\n- Id\u0151j\u00e1r\u00e1s\u00e1ll\u00f3, s\u00e1rgul\u00e1s\u00e1ll\u00f3 \u00e9s kiv\u00e1l\u00f3an ellen\u00e1ll a vegyi anyagoknak.<\/p>\n<p>- Az aj\u00e1nlott alkalmaz\u00e1sok k\u00f6z\u00e9 tartoznak:<br \/>\nBevonatok vagy fest\u00e9kek PET m\u0171anyag szubsztr\u00e1tumokhoz, \u00e9s tapad\u00e1sfokoz\u00f3 gyanta f\u00e9m bevonatokhoz.<\/p>\n<p>Leford\u00edtva a DeepL.com seg\u00edts\u00e9g\u00e9vel (ingyenes verzi\u00f3)<\/p>\n<p><strong>Specifik\u00e1ci\u00f3:<\/strong><\/p>\n<table>\n<tbody>\n<tr>\n<td width=\"332\">Megjelen\u00e9s sz\u00edntelen<\/td>\n<td width=\"332\">Sz\u00edntelen, \u00e1tl\u00e1tsz\u00f3, viszk\u00f3zus folyad\u00e9k<\/td>\n<\/tr>\n<tr>\n<td width=\"332\">Viszkozit\u00e1s<\/td>\n<td width=\"332\">3800~6800cps<\/td>\n<\/tr>\n<tr>\n<td width=\"332\">Funkcionalit\u00e1s<\/td>\n<td width=\"332\">\u00a01<\/td>\n<\/tr>\n<tr>\n<td width=\"332\">Sz\u00edn (fe\/co)<\/td>\n<td width=\"332\">0<\/td>\n<\/tr>\n<\/tbody>\n<\/table>\n<p>Kompatibilit\u00e1s:<br \/>\nAz UVA1012 a legt\u00f6bb akt\u00edv h\u00edg\u00edt\u00f3szerrel keverhet\u0151. Az egyes gyant\u00e1kkal val\u00f3 kompatibilit\u00e1st tesztel\u00e9ssel kell meger\u0151s\u00edteni. Ha \u00f6nmag\u00e1ban haszn\u00e1lj\u00e1k a k\u00e9sz\u00edtm\u00e9nyben, vagy a k\u00e9sz\u00edtm\u00e9ny gyantatartalm\u00e1nak 10-40% ar\u00e1ny\u00e1ban adj\u00e1k hozz\u00e1, jav\u00edtja a tapad\u00e1st az aljzathoz.<\/p>\n<p>Csomagol\u00e1si el\u0151\u00edr\u00e1sok:<br \/>\n50 kg-os m\u0171anyag hord\u00f3k.<\/p>\n<p>Kezel\u00e9si \u00e9s biztons\u00e1gi, t\u00e1rol\u00e1si \u00e9s sz\u00e1ll\u00edt\u00e1si \u00f3vint\u00e9zked\u00e9sek:<br \/>\nA term\u00e9kkel kapcsolatos r\u00e9szletesebb kezel\u00e9si \u00e9s biztons\u00e1gi, t\u00e1rol\u00e1si \u00e9s sz\u00e1ll\u00edt\u00e1si \u00f3vint\u00e9zked\u00e9sek\u00e9rt k\u00e9rj\u00fck, olvassa el a vonatkoz\u00f3 biztons\u00e1gi adatlapot.<\/p>\n<p>Leford\u00edtva a DeepL.com seg\u00edts\u00e9g\u00e9vel (ingyenes verzi\u00f3)<\/p>\n<h2><strong><b>L\u00e9pjen kapcsolatba vel\u00fcnk most!<\/b><\/strong><\/h2>\n<h4><strong><b>Ha <\/b><\/strong><strong><b>\u00c1rra vagy COA-ra, MSDS-re vagy TDS-re van sz\u00fcks\u00e9ge, k\u00e9rj\u00fck, forduljon hozz\u00e1nk. <\/b><\/strong><strong><b>t\u00f6ltse ki az al\u00e1bbi \u0171rlapot, \u00e9s jelezze, hogy \u00e1ltal\u00e1ban 24 \u00f3r\u00e1n bel\u00fcl felvessz\u00fck \u00d6nnel a kapcsolatot. \u00d6n is k\u00fcldhet nekem e-mailt <span style=\"color: #0000ff;\"><a style=\"color: #0000ff;\" href=\"mailto:info@longchangchemical.com\"><span style=\"color: #00ccff;\">info@longchangchemical.com<\/span><\/a><\/span> munkaid\u0151ben ( 8:30-18:00 UTC+8 H.-Szombat ) vagy haszn\u00e1lja a weboldal \u00e9l\u0151 chatj\u00e9t, hogy azonnali v\u00e1laszt kapjon.<\/b><\/strong><\/h4>","protected":false},"excerpt":{"rendered":"<p>UVA1012 t\u00edpus: T\u00edpus: Speci\u00e1lis funkcion\u00e1lis csoportokat tartalmaz\u00f3 UV-gyanta: 100% gyantatartalom Alkalmaz\u00e1si aj\u00e1nl\u00e1sok \u00e9s tulajdons\u00e1gok: - F\u00e9nykem\u00e9nyed\u0151 bevonatok \u00e9s tint\u00e1k - Kiv\u00e1l\u00f3 tapad\u00e1s PET m\u0171anyag \u00e9s f\u00e9m szubsztr\u00e1tumokhoz. - Id\u0151j\u00e1r\u00e1s\u00e1ll\u00f3, s\u00e1rgul\u00e1s\u00e1ll\u00f3 \u00e9s kiv\u00e1l\u00f3 k\u00e9miai ellen\u00e1ll\u00e1s. - Az aj\u00e1nlott alkalmaz\u00e1sok k\u00f6z\u00e9 tartoznak: Bevonatok vagy fest\u00e9kek PET m\u0171anyag szubsztr\u00e1tumokhoz, \u00e9s tapad\u00e1sfokoz\u00f3 gyanta f\u00e9m bevonatokhoz. [...]<\/p>","protected":false},"featured_media":0,"comment_status":"closed","ping_status":"closed","template":"","meta":[],"product_brand":[],"product_cat":[137],"product_tag":[],"class_list":{"0":"post-5344","1":"product","2":"type-product","3":"status-publish","5":"product_cat-uv-oligomer","7":"first","8":"instock","9":"shipping-taxable","10":"product-type-simple"},"yoast_head":"<!-- This site is optimized with the Yoast SEO plugin v25.3.1 - https:\/\/yoast.com\/wordpress\/plugins\/seo\/ -->\n<title>China CHLUMICRYL\u00ae UVA1012 Manufacturer - Longchang Chemical<\/title>\n<meta name=\"description\" content=\"CHLUMICRYL\u00ae UVA1012 is a key product of Longchang Chemical. We provide the best price. We are the leading manufacturer in China with the best quality and competitive price.\" \/>\n<meta name=\"robots\" content=\"index, follow, max-snippet:-1, max-image-preview:large, max-video-preview:-1\" \/>\n<link rel=\"canonical\" href=\"https:\/\/longchangchemical.com\/hu\/product\/uva1000\/\" \/>\n<meta property=\"og:locale\" content=\"hu_HU\" \/>\n<meta property=\"og:type\" content=\"article\" \/>\n<meta property=\"og:title\" content=\"China CHLUMICRYL\u00ae UVA1012 Manufacturer - Longchang Chemical\" \/>\n<meta property=\"og:description\" content=\"CHLUMICRYL\u00ae UVA1012 is a key product of Longchang Chemical. We provide the best price. We are the leading manufacturer in China with the best quality and competitive price.\" \/>\n<meta property=\"og:url\" content=\"https:\/\/longchangchemical.com\/hu\/product\/uva1000\/\" \/>\n<meta property=\"og:site_name\" content=\"Longchang Chemical\" \/>\n<meta property=\"article:modified_time\" content=\"2025-08-22T11:33:00+00:00\" \/>\n<meta property=\"og:image\" content=\"https:\/\/longchangchemical.com\/wp-content\/uploads\/2024\/02\/logo-jpeg.jpg\" \/>\n\t<meta property=\"og:image:width\" content=\"1000\" \/>\n\t<meta property=\"og:image:height\" content=\"1000\" \/>\n\t<meta property=\"og:image:type\" content=\"image\/jpeg\" \/>\n<meta name=\"twitter:card\" content=\"summary_large_image\" \/>\n<script type=\"application\/ld+json\" class=\"yoast-schema-graph\">{\"@context\":\"https:\/\/schema.org\",\"@graph\":[{\"@type\":\"WebPage\",\"@id\":\"https:\/\/longchangchemical.com\/product\/uva1000\/\",\"url\":\"https:\/\/longchangchemical.com\/product\/uva1000\/\",\"name\":\"China CHLUMICRYL\u00ae UVA1012 Manufacturer - Longchang Chemical\",\"isPartOf\":{\"@id\":\"https:\/\/longchangchemical.com\/#website\"},\"datePublished\":\"2022-07-02T12:36:04+00:00\",\"dateModified\":\"2025-08-22T11:33:00+00:00\",\"description\":\"CHLUMICRYL\u00ae UVA1012 is a key product of Longchang Chemical. We provide the best price. We are the leading manufacturer in China with the best quality and competitive price.\",\"breadcrumb\":{\"@id\":\"https:\/\/longchangchemical.com\/product\/uva1000\/#breadcrumb\"},\"inLanguage\":\"hu\",\"potentialAction\":[{\"@type\":\"ReadAction\",\"target\":[\"https:\/\/longchangchemical.com\/product\/uva1000\/\"]}]},{\"@type\":\"BreadcrumbList\",\"@id\":\"https:\/\/longchangchemical.com\/product\/uva1000\/#breadcrumb\",\"itemListElement\":[{\"@type\":\"ListItem\",\"position\":1,\"name\":\"Home\",\"item\":\"https:\/\/longchangchemical.com\/\"},{\"@type\":\"ListItem\",\"position\":2,\"name\":\"Products Longchang\",\"item\":\"https:\/\/longchangchemical.com\/product\/\"},{\"@type\":\"ListItem\",\"position\":3,\"name\":\"CHLUMICRYL\u00ae UVA1012\"}]},{\"@type\":\"WebSite\",\"@id\":\"https:\/\/longchangchemical.com\/#website\",\"url\":\"https:\/\/longchangchemical.com\/\",\"name\":\"Longchang Chemical\",\"description\":\"China chemical manufacturer \uff06 supplier\",\"publisher\":{\"@id\":\"https:\/\/longchangchemical.com\/#organization\"},\"potentialAction\":[{\"@type\":\"SearchAction\",\"target\":{\"@type\":\"EntryPoint\",\"urlTemplate\":\"https:\/\/longchangchemical.com\/?s={search_term_string}\"},\"query-input\":{\"@type\":\"PropertyValueSpecification\",\"valueRequired\":true,\"valueName\":\"search_term_string\"}}],\"inLanguage\":\"hu\"},{\"@type\":\"Organization\",\"@id\":\"https:\/\/longchangchemical.com\/#organization\",\"name\":\"Longchang Chemical\",\"url\":\"https:\/\/longchangchemical.com\/\",\"logo\":{\"@type\":\"ImageObject\",\"inLanguage\":\"hu\",\"@id\":\"https:\/\/longchangchemical.com\/#\/schema\/logo\/image\/\",\"url\":\"https:\/\/longchangchemical.com\/wp-content\/uploads\/2020\/08\/cropped-longchang-logo.png\",\"contentUrl\":\"https:\/\/longchangchemical.com\/wp-content\/uploads\/2020\/08\/cropped-longchang-logo.png\",\"width\":512,\"height\":512,\"caption\":\"Longchang Chemical\"},\"image\":{\"@id\":\"https:\/\/longchangchemical.com\/#\/schema\/logo\/image\/\"}}]}<\/script>\n<!-- \/ Yoast SEO plugin. -->","yoast_head_json":{"title":"K\u00edna CHLUMICRYL\u00ae UVA1012 Gy\u00e1rt\u00f3 - Longchang Chemical","description":"A CHLUMICRYL\u00ae UVA1012 a Longchang Chemical egyik legfontosabb term\u00e9ke. Mi biztos\u00edtjuk a legjobb \u00e1rat. Mi vagyunk a vezet\u0151 gy\u00e1rt\u00f3 K\u00edn\u00e1ban a legjobb min\u0151s\u00e9ggel \u00e9s versenyk\u00e9pes \u00e1rral.","robots":{"index":"index","follow":"follow","max-snippet":"max-snippet:-1","max-image-preview":"max-image-preview:large","max-video-preview":"max-video-preview:-1"},"canonical":"https:\/\/longchangchemical.com\/hu\/product\/uva1000\/","og_locale":"hu_HU","og_type":"article","og_title":"China CHLUMICRYL\u00ae UVA1012 Manufacturer - Longchang Chemical","og_description":"CHLUMICRYL\u00ae UVA1012 is a key product of Longchang Chemical. We provide the best price. We are the leading manufacturer in China with the best quality and competitive price.","og_url":"https:\/\/longchangchemical.com\/hu\/product\/uva1000\/","og_site_name":"Longchang Chemical","article_modified_time":"2025-08-22T11:33:00+00:00","og_image":[{"width":1000,"height":1000,"url":"https:\/\/longchangchemical.com\/wp-content\/uploads\/2024\/02\/logo-jpeg.jpg","type":"image\/jpeg"}],"twitter_card":"summary_large_image","schema":{"@context":"https:\/\/schema.org","@graph":[{"@type":"WebPage","@id":"https:\/\/longchangchemical.com\/product\/uva1000\/","url":"https:\/\/longchangchemical.com\/product\/uva1000\/","name":"K\u00edna CHLUMICRYL\u00ae UVA1012 Gy\u00e1rt\u00f3 - Longchang Chemical","isPartOf":{"@id":"https:\/\/longchangchemical.com\/#website"},"datePublished":"2022-07-02T12:36:04+00:00","dateModified":"2025-08-22T11:33:00+00:00","description":"A CHLUMICRYL\u00ae UVA1012 a Longchang Chemical egyik legfontosabb term\u00e9ke. Mi biztos\u00edtjuk a legjobb \u00e1rat. Mi vagyunk a vezet\u0151 gy\u00e1rt\u00f3 K\u00edn\u00e1ban a legjobb min\u0151s\u00e9ggel \u00e9s versenyk\u00e9pes \u00e1rral.","breadcrumb":{"@id":"https:\/\/longchangchemical.com\/product\/uva1000\/#breadcrumb"},"inLanguage":"hu","potentialAction":[{"@type":"ReadAction","target":["https:\/\/longchangchemical.com\/product\/uva1000\/"]}]},{"@type":"BreadcrumbList","@id":"https:\/\/longchangchemical.com\/product\/uva1000\/#breadcrumb","itemListElement":[{"@type":"ListItem","position":1,"name":"Home","item":"https:\/\/longchangchemical.com\/"},{"@type":"ListItem","position":2,"name":"Products Longchang","item":"https:\/\/longchangchemical.com\/product\/"},{"@type":"ListItem","position":3,"name":"CHLUMICRYL\u00ae UVA1012"}]},{"@type":"WebSite","@id":"https:\/\/longchangchemical.com\/#website","url":"https:\/\/longchangchemical.com\/","name":"Longchang Chemical","description":"K\u00edna k\u00e9miai gy\u00e1rt\u00f3 \uff06 sz\u00e1ll\u00edt\u00f3","publisher":{"@id":"https:\/\/longchangchemical.com\/#organization"},"potentialAction":[{"@type":"SearchAction","target":{"@type":"EntryPoint","urlTemplate":"https:\/\/longchangchemical.com\/?s={search_term_string}"},"query-input":{"@type":"PropertyValueSpecification","valueRequired":true,"valueName":"search_term_string"}}],"inLanguage":"hu"},{"@type":"Organization","@id":"https:\/\/longchangchemical.com\/#organization","name":"Longchang Chemical","url":"https:\/\/longchangchemical.com\/","logo":{"@type":"ImageObject","inLanguage":"hu","@id":"https:\/\/longchangchemical.com\/#\/schema\/logo\/image\/","url":"https:\/\/longchangchemical.com\/wp-content\/uploads\/2020\/08\/cropped-longchang-logo.png","contentUrl":"https:\/\/longchangchemical.com\/wp-content\/uploads\/2020\/08\/cropped-longchang-logo.png","width":512,"height":512,"caption":"Longchang Chemical"},"image":{"@id":"https:\/\/longchangchemical.com\/#\/schema\/logo\/image\/"}}]}},"_links":{"self":[{"href":"https:\/\/longchangchemical.com\/hu\/wp-json\/wp\/v2\/product\/5344","targetHints":{"allow":["GET"]}}],"collection":[{"href":"https:\/\/longchangchemical.com\/hu\/wp-json\/wp\/v2\/product"}],"about":[{"href":"https:\/\/longchangchemical.com\/hu\/wp-json\/wp\/v2\/types\/product"}],"replies":[{"embeddable":true,"href":"https:\/\/longchangchemical.com\/hu\/wp-json\/wp\/v2\/comments?post=5344"}],"wp:attachment":[{"href":"https:\/\/longchangchemical.com\/hu\/wp-json\/wp\/v2\/media?parent=5344"}],"wp:term":[{"taxonomy":"product_brand","embeddable":true,"href":"https:\/\/longchangchemical.com\/hu\/wp-json\/wp\/v2\/product_brand?post=5344"},{"taxonomy":"product_cat","embeddable":true,"href":"https:\/\/longchangchemical.com\/hu\/wp-json\/wp\/v2\/product_cat?post=5344"},{"taxonomy":"product_tag","embeddable":true,"href":"https:\/\/longchangchemical.com\/hu\/wp-json\/wp\/v2\/product_tag?post=5344"}],"curies":[{"name":"wp","href":"https:\/\/api.w.org\/{rel}","templated":true}]}}