{"id":5316,"date":"2022-06-23T12:56:48","date_gmt":"2022-06-23T12:56:48","guid":{"rendered":"https:\/\/longchangchemical.com\/?post_type=product&#038;p=5316"},"modified":"2025-04-01T07:15:16","modified_gmt":"2025-04-01T07:15:16","slug":"uvu6212","status":"publish","type":"product","link":"https:\/\/longchangchemical.com\/hu\/product\/uvu6212\/","title":{"rendered":"CHLUMICRYL\u00ae UVU6212"},"content":{"rendered":"<h1 class=\"product_title entry-title\"><strong> UVU6212<\/strong><\/h1>\n<p><strong>\u00d6sszetev\u0151<\/strong>:Alif\u00e1s poliuret\u00e1n-diacril\u00e1t<\/p>\n<div>\n<p><strong>T<\/strong><strong>ype:<\/strong><strong>\u00a0<\/strong>Rugalmas alif\u00e1s amino\u00e9szter<\/p>\n<p><strong>Ell\u00e1t\u00e1si formanyomtatv\u00e1ny<\/strong>: 100% gyanta<\/p>\n<p><strong>Alkalmaz\u00e1si javaslatok<\/strong><strong>\u00a0\u00e9s ingatlanok<\/strong><strong>:<\/strong><\/p>\n<ul>\n<li>F\u00e9nyre kem\u00e9nyed\u0151 bevonatok \u00e9s tint\u00e1k, ragaszt\u00f3k<\/li>\n<li>Olyan bevonatokban haszn\u00e1latos, amelyek j\u00f3 rugalmass\u00e1got \u00e9s kiv\u00e1l\u00f3 tapint\u00e1st ig\u00e9nyelnek.<\/li>\n<li>Az UVU6212 kiv\u00e1l\u00f3an tapad a legk\u00fcl\u00f6nb\u00f6z\u0151bb szubsztr\u00e1tokon, s\u00e1rgul\u00e1sg\u00e1tl\u00f3 hat\u00e1s\u00fa.<\/li>\n<li>Az aj\u00e1nlott felhaszn\u00e1l\u00e1si m\u00f3dok a k\u00f6vetkez\u0151k:<\/li>\n<\/ul>\n<p>Fejlett m\u0171anyag bevonatok \u00e9s tint\u00e1k - a bevonatok f\u0151 gyant\u00e1ja, bele\u00e9rtve a PC-t, ABS-t, PMMA-t, PVC-t \u00e9s a k\u00e9perny\u0151fest\u00e9k megfelel\u0151 k\u00f6t\u0151anyag\u00e1t.<\/p>\n<p>Kiv\u00e1l\u00f3 min\u0151s\u00e9g\u0171 fa lakk -- szuper kop\u00e1s\u00e1ll\u00f3 padl\u00f3f\u00e9nyez\u00e9s, b\u00fatorf\u00e9nyez\u00e9s<\/p>\n<p>F\u00e9m, \u00fcveg lakk \u00e9s sz\u00ednes tinta, ragaszt\u00f3<\/p>\n<p><strong>Jellemz\u0151k:<\/strong><\/p>\n<table>\n<tbody>\n<tr>\n<td width=\"245\">Megjelen\u00e9s sz\u00edntelen<\/td>\n<td width=\"505\">\u00a0Sz\u00edntelen vagy vil\u00e1goss\u00e1rga, \u00e1tl\u00e1tsz\u00f3, viszk\u00f3zus folyad\u00e9k<\/td>\n<\/tr>\n<tr>\n<td width=\"245\">Viszkozit\u00e1s (25\u00b0C)<\/td>\n<td width=\"505\">\u00a018000~36000cps<\/td>\n<\/tr>\n<tr>\n<td width=\"245\">Funkcionalit\u00e1s<\/td>\n<td width=\"505\">\u00a0\u00a02<\/td>\n<\/tr>\n<tr>\n<td width=\"245\">Sz\u00edn (fe\/co)<\/td>\n<td width=\"505\">\u00a00<\/td>\n<\/tr>\n<tr>\n<td width=\"245\">NCO% bel\u00fcl<\/td>\n<td width=\"505\">\u00a0\u00a00.4<\/td>\n<\/tr>\n<\/tbody>\n<\/table>\n<p><strong>\u00a0<\/strong><strong>C<\/strong><strong>ompatibilit\u00e1s:<\/strong><\/p>\n<p><strong>\u00a0\u00a0\u00a0\u00a0\u00a0<\/strong>Az UVU6212 teljesen elegyedik a legt\u00f6bb reakt\u00edv h\u00edg\u00edt\u00f3szerrel, epoxiakril\u00e1ttal, poli\u00e9szterakril\u00e1ttal \u00e9s uret\u00e1nakril\u00e1ttal.<\/p>\n<p><strong>Csomagol\u00e1s<\/strong>: 50kg vagy 200kg\/dob.<\/p>\n<p><strong><b>T\u00e1rol\u00e1s:<\/b><\/strong><\/p>\n<p>Sz\u00e1raz, tiszta, j\u00f3l szell\u0151z\u0151 rakt\u00e1rban tartj\u00e1k.<\/p>\n<p>Ker\u00fclje a f\u00e9nynek \u00e9s a meleg\u00edt\u00e9snek val\u00f3 kitetts\u00e9get.<\/p>\n<p>A term\u00e9k v\u00e9delme a sziv\u00e1rg\u00e1st\u00f3l, es\u0151t\u0151l \u00e9s a szigetel\u00e9st\u0151l sz\u00e1ll\u00edt\u00e1s k\u00f6zben.<\/p>\n<h2><strong><b>L\u00e9pjen kapcsolatba vel\u00fcnk most!<\/b><\/strong><\/h2>\n<h4><strong><b>Ha <\/b><\/strong><strong><b>\u00c1rra vagy COA-ra, MSDS-re vagy TDS-re van sz\u00fcks\u00e9ge, k\u00e9rj\u00fck, forduljon hozz\u00e1nk. <\/b><\/strong><strong><b>t\u00f6ltse ki az al\u00e1bbi \u0171rlapot, \u00e9s jelezze, hogy \u00e1ltal\u00e1ban 24 \u00f3r\u00e1n bel\u00fcl felvessz\u00fck \u00d6nnel a kapcsolatot. \u00d6n is k\u00fcldhet nekem e-mailt <span style=\"color: #0000ff;\"><a style=\"color: #0000ff;\" href=\"mailto:info@longchangchemical.com\"><span style=\"color: #00ccff;\">info@longchangchemical.com<\/span><\/a><\/span> munkaid\u0151ben ( 8:30-18:00 UTC+8 H.-Szombat ) vagy haszn\u00e1lja a weboldal \u00e9l\u0151 chatj\u00e9t, hogy azonnali v\u00e1laszt kapjon.<\/b><\/strong><\/h4>\n<p>&nbsp;<\/p>\n<\/div>","protected":false},"excerpt":{"rendered":"<p>UVU6212 \u00d6sszetev\u0151: Alif\u00e1s poliuret\u00e1n-diacril\u00e1t T\u00edpus: T\u00edpus: Rugalmas alif\u00e1s amino\u00e9szter: 100% Gyanta Alkalmaz\u00e1si javaslatok \u00e9s tulajdons\u00e1gok: F\u00e9nyre kem\u00e9nyed\u0151 bevonatok \u00e9s tint\u00e1k, ragaszt\u00f3k Olyan bevonatokban haszn\u00e1latos, amelyek j\u00f3 rugalmass\u00e1got \u00e9s kiv\u00e1l\u00f3 tapint\u00e1st ig\u00e9nyelnek. Az UVU6212 kiv\u00e1l\u00f3an tapad a k\u00fcl\u00f6nb\u00f6z\u0151 szubsztr\u00e1tokon, s\u00e1rgul\u00e1sg\u00e1tl\u00f3 Az aj\u00e1nlott felhaszn\u00e1l\u00e1si ter\u00fcletek a k\u00f6vetkez\u0151k: Korszer\u0171 m\u0171anyag bevonatok \u00e9s fest\u00e9kek - a bevonatok f\u0151 gyant\u00e1ja, bele\u00e9rtve [...]<\/p>","protected":false},"featured_media":0,"comment_status":"closed","ping_status":"closed","template":"","meta":[],"product_brand":[],"product_cat":[137],"product_tag":[],"class_list":{"0":"post-5316","1":"product","2":"type-product","3":"status-publish","5":"product_cat-uv-oligomer","7":"first","8":"instock","9":"shipping-taxable","10":"product-type-simple"},"yoast_head":"<!-- This site is optimized with the Yoast SEO plugin v25.3.1 - https:\/\/yoast.com\/wordpress\/plugins\/seo\/ -->\n<title>China CHLUMICRYL\u00ae UVU6212 Manufacturer - Longchang Chemical<\/title>\n<meta name=\"description\" content=\"CHLUMICRYL\u00ae UVU6212 is a key product of Longchang Chemical. We provide the best price. We are the leading manufacturer in China with the best quality and competitive price.\" \/>\n<meta name=\"robots\" content=\"index, follow, max-snippet:-1, max-image-preview:large, max-video-preview:-1\" \/>\n<link rel=\"canonical\" href=\"https:\/\/longchangchemical.com\/hu\/product\/uvu6212\/\" \/>\n<meta property=\"og:locale\" content=\"hu_HU\" \/>\n<meta property=\"og:type\" content=\"article\" \/>\n<meta property=\"og:title\" content=\"China CHLUMICRYL\u00ae UVU6212 Manufacturer - Longchang Chemical\" \/>\n<meta property=\"og:description\" content=\"CHLUMICRYL\u00ae UVU6212 is a key product of Longchang Chemical. We provide the best price. We are the leading manufacturer in China with the best quality and competitive price.\" \/>\n<meta property=\"og:url\" content=\"https:\/\/longchangchemical.com\/hu\/product\/uvu6212\/\" \/>\n<meta property=\"og:site_name\" content=\"Longchang Chemical\" \/>\n<meta property=\"article:modified_time\" content=\"2025-04-01T07:15:16+00:00\" \/>\n<meta property=\"og:image\" content=\"https:\/\/longchangchemical.com\/wp-content\/uploads\/2024\/02\/logo-jpeg.jpg\" \/>\n\t<meta property=\"og:image:width\" content=\"1000\" \/>\n\t<meta property=\"og:image:height\" content=\"1000\" \/>\n\t<meta property=\"og:image:type\" content=\"image\/jpeg\" \/>\n<meta name=\"twitter:card\" content=\"summary_large_image\" \/>\n<script type=\"application\/ld+json\" class=\"yoast-schema-graph\">{\"@context\":\"https:\/\/schema.org\",\"@graph\":[{\"@type\":\"WebPage\",\"@id\":\"https:\/\/longchangchemical.com\/product\/uvu6212\/\",\"url\":\"https:\/\/longchangchemical.com\/product\/uvu6212\/\",\"name\":\"China CHLUMICRYL\u00ae UVU6212 Manufacturer - Longchang Chemical\",\"isPartOf\":{\"@id\":\"https:\/\/longchangchemical.com\/#website\"},\"datePublished\":\"2022-06-23T12:56:48+00:00\",\"dateModified\":\"2025-04-01T07:15:16+00:00\",\"description\":\"CHLUMICRYL\u00ae UVU6212 is a key product of Longchang Chemical. We provide the best price. We are the leading manufacturer in China with the best quality and competitive price.\",\"breadcrumb\":{\"@id\":\"https:\/\/longchangchemical.com\/product\/uvu6212\/#breadcrumb\"},\"inLanguage\":\"hu\",\"potentialAction\":[{\"@type\":\"ReadAction\",\"target\":[\"https:\/\/longchangchemical.com\/product\/uvu6212\/\"]}]},{\"@type\":\"BreadcrumbList\",\"@id\":\"https:\/\/longchangchemical.com\/product\/uvu6212\/#breadcrumb\",\"itemListElement\":[{\"@type\":\"ListItem\",\"position\":1,\"name\":\"Home\",\"item\":\"https:\/\/longchangchemical.com\/\"},{\"@type\":\"ListItem\",\"position\":2,\"name\":\"Products Longchang\",\"item\":\"https:\/\/longchangchemical.com\/product\/\"},{\"@type\":\"ListItem\",\"position\":3,\"name\":\"CHLUMICRYL\u00ae UVU6212\"}]},{\"@type\":\"WebSite\",\"@id\":\"https:\/\/longchangchemical.com\/#website\",\"url\":\"https:\/\/longchangchemical.com\/\",\"name\":\"Longchang Chemical\",\"description\":\"China chemical manufacturer \uff06 supplier\",\"publisher\":{\"@id\":\"https:\/\/longchangchemical.com\/#organization\"},\"potentialAction\":[{\"@type\":\"SearchAction\",\"target\":{\"@type\":\"EntryPoint\",\"urlTemplate\":\"https:\/\/longchangchemical.com\/?s={search_term_string}\"},\"query-input\":{\"@type\":\"PropertyValueSpecification\",\"valueRequired\":true,\"valueName\":\"search_term_string\"}}],\"inLanguage\":\"hu\"},{\"@type\":\"Organization\",\"@id\":\"https:\/\/longchangchemical.com\/#organization\",\"name\":\"Longchang Chemical\",\"url\":\"https:\/\/longchangchemical.com\/\",\"logo\":{\"@type\":\"ImageObject\",\"inLanguage\":\"hu\",\"@id\":\"https:\/\/longchangchemical.com\/#\/schema\/logo\/image\/\",\"url\":\"https:\/\/longchangchemical.com\/wp-content\/uploads\/2020\/08\/cropped-longchang-logo.png\",\"contentUrl\":\"https:\/\/longchangchemical.com\/wp-content\/uploads\/2020\/08\/cropped-longchang-logo.png\",\"width\":512,\"height\":512,\"caption\":\"Longchang Chemical\"},\"image\":{\"@id\":\"https:\/\/longchangchemical.com\/#\/schema\/logo\/image\/\"}}]}<\/script>\n<!-- \/ Yoast SEO plugin. -->","yoast_head_json":{"title":"K\u00edna CHLUMICRYL\u00ae UVU6212 Gy\u00e1rt\u00f3 - Longchang Chemical","description":"A CHLUMICRYL\u00ae UVU6212 a Longchang Chemical egyik legfontosabb term\u00e9ke. Mi biztos\u00edtjuk a legjobb \u00e1rat. Mi vagyunk a vezet\u0151 gy\u00e1rt\u00f3 K\u00edn\u00e1ban a legjobb min\u0151s\u00e9ggel \u00e9s versenyk\u00e9pes \u00e1rral.","robots":{"index":"index","follow":"follow","max-snippet":"max-snippet:-1","max-image-preview":"max-image-preview:large","max-video-preview":"max-video-preview:-1"},"canonical":"https:\/\/longchangchemical.com\/hu\/product\/uvu6212\/","og_locale":"hu_HU","og_type":"article","og_title":"China CHLUMICRYL\u00ae UVU6212 Manufacturer - Longchang Chemical","og_description":"CHLUMICRYL\u00ae UVU6212 is a key product of Longchang Chemical. We provide the best price. We are the leading manufacturer in China with the best quality and competitive price.","og_url":"https:\/\/longchangchemical.com\/hu\/product\/uvu6212\/","og_site_name":"Longchang Chemical","article_modified_time":"2025-04-01T07:15:16+00:00","og_image":[{"width":1000,"height":1000,"url":"https:\/\/longchangchemical.com\/wp-content\/uploads\/2024\/02\/logo-jpeg.jpg","type":"image\/jpeg"}],"twitter_card":"summary_large_image","schema":{"@context":"https:\/\/schema.org","@graph":[{"@type":"WebPage","@id":"https:\/\/longchangchemical.com\/product\/uvu6212\/","url":"https:\/\/longchangchemical.com\/product\/uvu6212\/","name":"K\u00edna CHLUMICRYL\u00ae UVU6212 Gy\u00e1rt\u00f3 - Longchang Chemical","isPartOf":{"@id":"https:\/\/longchangchemical.com\/#website"},"datePublished":"2022-06-23T12:56:48+00:00","dateModified":"2025-04-01T07:15:16+00:00","description":"A CHLUMICRYL\u00ae UVU6212 a Longchang Chemical egyik legfontosabb term\u00e9ke. Mi biztos\u00edtjuk a legjobb \u00e1rat. Mi vagyunk a vezet\u0151 gy\u00e1rt\u00f3 K\u00edn\u00e1ban a legjobb min\u0151s\u00e9ggel \u00e9s versenyk\u00e9pes \u00e1rral.","breadcrumb":{"@id":"https:\/\/longchangchemical.com\/product\/uvu6212\/#breadcrumb"},"inLanguage":"hu","potentialAction":[{"@type":"ReadAction","target":["https:\/\/longchangchemical.com\/product\/uvu6212\/"]}]},{"@type":"BreadcrumbList","@id":"https:\/\/longchangchemical.com\/product\/uvu6212\/#breadcrumb","itemListElement":[{"@type":"ListItem","position":1,"name":"Home","item":"https:\/\/longchangchemical.com\/"},{"@type":"ListItem","position":2,"name":"Products Longchang","item":"https:\/\/longchangchemical.com\/product\/"},{"@type":"ListItem","position":3,"name":"CHLUMICRYL\u00ae UVU6212"}]},{"@type":"WebSite","@id":"https:\/\/longchangchemical.com\/#website","url":"https:\/\/longchangchemical.com\/","name":"Longchang Chemical","description":"K\u00edna k\u00e9miai gy\u00e1rt\u00f3 \uff06 sz\u00e1ll\u00edt\u00f3","publisher":{"@id":"https:\/\/longchangchemical.com\/#organization"},"potentialAction":[{"@type":"SearchAction","target":{"@type":"EntryPoint","urlTemplate":"https:\/\/longchangchemical.com\/?s={search_term_string}"},"query-input":{"@type":"PropertyValueSpecification","valueRequired":true,"valueName":"search_term_string"}}],"inLanguage":"hu"},{"@type":"Organization","@id":"https:\/\/longchangchemical.com\/#organization","name":"Longchang Chemical","url":"https:\/\/longchangchemical.com\/","logo":{"@type":"ImageObject","inLanguage":"hu","@id":"https:\/\/longchangchemical.com\/#\/schema\/logo\/image\/","url":"https:\/\/longchangchemical.com\/wp-content\/uploads\/2020\/08\/cropped-longchang-logo.png","contentUrl":"https:\/\/longchangchemical.com\/wp-content\/uploads\/2020\/08\/cropped-longchang-logo.png","width":512,"height":512,"caption":"Longchang Chemical"},"image":{"@id":"https:\/\/longchangchemical.com\/#\/schema\/logo\/image\/"}}]}},"_links":{"self":[{"href":"https:\/\/longchangchemical.com\/hu\/wp-json\/wp\/v2\/product\/5316","targetHints":{"allow":["GET"]}}],"collection":[{"href":"https:\/\/longchangchemical.com\/hu\/wp-json\/wp\/v2\/product"}],"about":[{"href":"https:\/\/longchangchemical.com\/hu\/wp-json\/wp\/v2\/types\/product"}],"replies":[{"embeddable":true,"href":"https:\/\/longchangchemical.com\/hu\/wp-json\/wp\/v2\/comments?post=5316"}],"wp:attachment":[{"href":"https:\/\/longchangchemical.com\/hu\/wp-json\/wp\/v2\/media?parent=5316"}],"wp:term":[{"taxonomy":"product_brand","embeddable":true,"href":"https:\/\/longchangchemical.com\/hu\/wp-json\/wp\/v2\/product_brand?post=5316"},{"taxonomy":"product_cat","embeddable":true,"href":"https:\/\/longchangchemical.com\/hu\/wp-json\/wp\/v2\/product_cat?post=5316"},{"taxonomy":"product_tag","embeddable":true,"href":"https:\/\/longchangchemical.com\/hu\/wp-json\/wp\/v2\/product_tag?post=5316"}],"curies":[{"name":"wp","href":"https:\/\/api.w.org\/{rel}","templated":true}]}}