{"id":5308,"date":"2022-06-17T14:15:55","date_gmt":"2022-06-17T14:15:55","guid":{"rendered":"https:\/\/longchangchemical.com\/?post_type=product&#038;p=5308"},"modified":"2026-05-08T08:26:13","modified_gmt":"2026-05-08T08:26:13","slug":"uvu6305","status":"publish","type":"product","link":"https:\/\/longchangchemical.com\/hu\/product\/uvu6305\/","title":{"rendered":"CHLUMICRYL\u00ae UVU6305 \/ Alif\u00e1s poliuret\u00e1n triacril\u00e1t"},"content":{"rendered":"<h2 class=\"product_title entry-title\"><strong> UVU6305<\/strong><\/h2>\n<p><strong>\u00d6sszetev\u0151<\/strong>:Alif\u00e1s uret\u00e1n-triakril\u00e1t<\/p>\n<div>\n<p><strong>T\u00edpusok<\/strong>\u00a0:Kem\u00e9ny alif\u00e1s amino\u00e9szter<\/p>\n<p><strong>Ell\u00e1t\u00e1si formanyomtatv\u00e1ny<\/strong>:   100% gyanta<\/p>\n<p><strong>Alkalmaz\u00e1si javaslatok<\/strong><strong>\u00a0\u00e9s ingatlanok<\/strong><strong>:<\/strong><\/p>\n<ul>\n<li>F\u00e9nyre kem\u00e9nyed\u0151 bevonatok \u00e9s tint\u00e1k<\/li>\n<li>Olyan bevonatokban haszn\u00e1lj\u00e1k, amelyek gyors kem\u00e9nyed\u00e9si teljes\u00edtm\u00e9nyt \u00e9s kiemelked\u0151en magas f\u00e9nyt \u00e9s kem\u00e9nys\u00e9get ig\u00e9nyelnek.<\/li>\n<li>Az UVU6305 kiv\u00e1l\u00f3an tapad a legk\u00fcl\u00f6nb\u00f6z\u0151bb aljzatokhoz, kop\u00e1s\u00e1ll\u00f3s\u00e1ggal \u00e9s kiv\u00e1l\u00f3 s\u00e1rgul\u00e1s\u00e1ll\u00f3s\u00e1ggal rendelkezik.<\/li>\n<li>Az aj\u00e1nlott felhaszn\u00e1l\u00e1si m\u00f3dok a k\u00f6vetkez\u0151k:<\/li>\n<\/ul>\n<p><em><i>Kiv\u00e1l\u00f3 min\u0151s\u00e9g\u0171 m\u0171anyag bevonatok - a bevonatok f\u0151 gyant\u00e1ja a PC, ABS, PMMA \u00e9s PVC.<\/i><\/em><\/p>\n<p><em><i>Kiv\u00e1l\u00f3 min\u0151s\u00e9g\u0171 fakezel\u0151 fest\u00e9k-szuper kop\u00e1s\u00e1ll\u00f3 padl\u00f3fest\u00e9k, b\u00fatorfest\u00e9k<\/i><\/em><\/p>\n<p><em><i>F\u00e9mbevonat\u00fa lakk \u00e9s ofszet nyomdafest\u00e9k<\/i><\/em><\/p>\n<p><strong>Jellemz\u0151k:<\/strong><\/p>\n<table>\n<tbody>\n<tr>\n<td width=\"245\">Megjelen\u00e9s sz\u00edntelen<\/td>\n<td width=\"357\">Sz\u00edntelen, \u00e1tl\u00e1tsz\u00f3, viszk\u00f3zus folyad\u00e9k<\/td>\n<\/tr>\n<tr>\n<td width=\"245\">Viszkozit\u00e1s (60\u00b0)<\/td>\n<td width=\"357\">18000~28000cps<\/td>\n<\/tr>\n<tr>\n<td width=\"245\">Funkcionalit\u00e1s<\/td>\n<td width=\"357\">3<\/td>\n<\/tr>\n<tr>\n<td width=\"245\">Sz\u00edn (fe\/co)<\/td>\n<td width=\"357\">0<\/td>\n<\/tr>\n<tr>\n<td width=\"245\">NCO% bel\u00fcl<\/td>\n<td width=\"357\">0.1<\/td>\n<\/tr>\n<\/tbody>\n<\/table>\n<p><strong>\u00a0<\/strong><strong>C<\/strong><strong>ompatibilit\u00e1s:<\/strong><\/p>\n<p><strong>\u00a0\u00a0\u00a0\u00a0\u00a0<\/strong>Az UVU6305 teljesen elegyedik a legt\u00f6bb reakt\u00edv h\u00edg\u00edt\u00f3szerrel, epoxiakril\u00e1ttal, poli\u00e9szterakril\u00e1ttal \u00e9s uret\u00e1nakril\u00e1ttal.<\/p>\n<p><strong>Csomagol\u00e1s<\/strong>: 50kg vagy 200kg\/dob.<\/p>\n<p><strong><b>T\u00e1rol\u00e1s:<\/b><\/strong><\/p>\n<p>Sz\u00e1raz, tiszta, j\u00f3l szell\u0151z\u0151 rakt\u00e1rban tartj\u00e1k.<\/p>\n<p>Ker\u00fclje a f\u00e9nynek \u00e9s a meleg\u00edt\u00e9snek val\u00f3 kitetts\u00e9get.<\/p>\n<p>A term\u00e9k v\u00e9delme a sziv\u00e1rg\u00e1st\u00f3l, es\u0151t\u0151l \u00e9s a szigetel\u00e9st\u0151l sz\u00e1ll\u00edt\u00e1s k\u00f6zben.<\/p>\n<h2><strong><b>L\u00e9pjen kapcsolatba vel\u00fcnk most!<\/b><\/strong><\/h2>\n<h4><strong><b>Ha <\/b><\/strong><strong><b>\u00c1rra vagy COA-ra, MSDS-re vagy TDS-re van sz\u00fcks\u00e9ge, k\u00e9rj\u00fck, forduljon hozz\u00e1nk. <\/b><\/strong><strong><b>t\u00f6ltse ki az al\u00e1bbi \u0171rlapot, \u00e9s jelezze, hogy \u00e1ltal\u00e1ban 24 \u00f3r\u00e1n bel\u00fcl felvessz\u00fck \u00d6nnel a kapcsolatot. \u00d6n is k\u00fcldhet nekem e-mailt <span style=\"color: #0000ff;\"><a style=\"color: #0000ff;\" href=\"mailto:info@longchangchemical.com\"><span style=\"color: #00ccff;\">info@longchangchemical.com<\/span><\/a><\/span> munkaid\u0151ben ( 8:30-18:00 UTC+8 H.-Szombat ) vagy haszn\u00e1lja a weboldal \u00e9l\u0151 chatj\u00e9t, hogy azonnali v\u00e1laszt kapjon.<\/b><\/strong><\/h4>\n<\/div>","protected":false},"excerpt":{"rendered":"<p>UVU6305 Aliphatic polyurethane triacrylate UV Oligomer is a UV oligomer for UVU6305 Ingredient:Aliphatic Urethane Triacrylate Types :Hard aliphatic amino ester Supply form: 100% Resin. Key benefits include abrasion resistance and outstanding yellowing resistance Recommended uses are as follows: High-grade plastic coatings\u2014the main resin for coatings including PC, PMMA, and and PVC High-quality wood finishing paint\u2014super wear-resistant floor finish.<\/p>","protected":false},"featured_media":0,"comment_status":"closed","ping_status":"closed","template":"","meta":[],"product_brand":[],"product_cat":[137],"product_tag":[],"class_list":{"0":"post-5308","1":"product","2":"type-product","3":"status-publish","5":"product_cat-uv-oligomer","7":"first","8":"instock","9":"shipping-taxable","10":"product-type-simple"},"yoast_head":"<!-- This site is optimized with the Yoast SEO plugin v25.3.1 - https:\/\/yoast.com\/wordpress\/plugins\/seo\/ -->\n<title>UVU6305 Aliphatic polyurethane triacrylate UV Oligomer | Longchang Chemical<\/title>\n<meta name=\"description\" content=\"UVU6305 Aliphatic polyurethane triacrylate UV Oligomer is a UV oligomer for UVU6305 Ingredient:Aliphatic Urethane Triacrylate Types :Hard aliphatic amino\" \/>\n<meta name=\"robots\" content=\"index, follow, max-snippet:-1, max-image-preview:large, max-video-preview:-1\" \/>\n<link rel=\"canonical\" href=\"https:\/\/longchangchemical.com\/hu\/product\/uvu6305\/\" \/>\n<meta property=\"og:locale\" content=\"hu_HU\" \/>\n<meta property=\"og:type\" content=\"article\" \/>\n<meta property=\"og:title\" content=\"UVU6305 Aliphatic polyurethane triacrylate UV Oligomer | Longchang Chemical\" \/>\n<meta property=\"og:description\" content=\"UVU6305 Aliphatic polyurethane triacrylate UV Oligomer is a UV oligomer for UVU6305 Ingredient:Aliphatic Urethane Triacrylate Types :Hard aliphatic amino\" \/>\n<meta property=\"og:url\" content=\"https:\/\/longchangchemical.com\/hu\/product\/uvu6305\/\" \/>\n<meta property=\"og:site_name\" content=\"Longchang Chemical\" \/>\n<meta property=\"article:modified_time\" content=\"2026-05-08T08:26:13+00:00\" \/>\n<meta property=\"og:image\" content=\"https:\/\/longchangchemical.com\/wp-content\/uploads\/2024\/02\/logo-jpeg.jpg\" \/>\n\t<meta property=\"og:image:width\" content=\"1000\" \/>\n\t<meta property=\"og:image:height\" content=\"1000\" \/>\n\t<meta property=\"og:image:type\" content=\"image\/jpeg\" \/>\n<meta name=\"twitter:card\" content=\"summary_large_image\" \/>\n<script type=\"application\/ld+json\" class=\"yoast-schema-graph\">{\"@context\":\"https:\/\/schema.org\",\"@graph\":[{\"@type\":\"WebPage\",\"@id\":\"https:\/\/longchangchemical.com\/product\/uvu6305\/\",\"url\":\"https:\/\/longchangchemical.com\/product\/uvu6305\/\",\"name\":\"UVU6305 Aliphatic polyurethane triacrylate UV Oligomer | Longchang Chemical\",\"isPartOf\":{\"@id\":\"https:\/\/longchangchemical.com\/#website\"},\"datePublished\":\"2022-06-17T14:15:55+00:00\",\"dateModified\":\"2026-05-08T08:26:13+00:00\",\"description\":\"UVU6305 Aliphatic polyurethane triacrylate UV Oligomer is a UV oligomer for UVU6305 Ingredient:Aliphatic Urethane Triacrylate Types :Hard aliphatic amino\",\"breadcrumb\":{\"@id\":\"https:\/\/longchangchemical.com\/product\/uvu6305\/#breadcrumb\"},\"inLanguage\":\"hu\",\"potentialAction\":[{\"@type\":\"ReadAction\",\"target\":[\"https:\/\/longchangchemical.com\/product\/uvu6305\/\"]}]},{\"@type\":\"BreadcrumbList\",\"@id\":\"https:\/\/longchangchemical.com\/product\/uvu6305\/#breadcrumb\",\"itemListElement\":[{\"@type\":\"ListItem\",\"position\":1,\"name\":\"Home\",\"item\":\"https:\/\/longchangchemical.com\/\"},{\"@type\":\"ListItem\",\"position\":2,\"name\":\"Products Longchang\",\"item\":\"https:\/\/longchangchemical.com\/product\/\"},{\"@type\":\"ListItem\",\"position\":3,\"name\":\"CHLUMICRYL\u00ae UVU6305 \/ Aliphatic polyurethane triacrylate\"}]},{\"@type\":\"WebSite\",\"@id\":\"https:\/\/longchangchemical.com\/#website\",\"url\":\"https:\/\/longchangchemical.com\/\",\"name\":\"Longchang Chemical\",\"description\":\"China chemical manufacturer \uff06 supplier\",\"publisher\":{\"@id\":\"https:\/\/longchangchemical.com\/#organization\"},\"potentialAction\":[{\"@type\":\"SearchAction\",\"target\":{\"@type\":\"EntryPoint\",\"urlTemplate\":\"https:\/\/longchangchemical.com\/?s={search_term_string}\"},\"query-input\":{\"@type\":\"PropertyValueSpecification\",\"valueRequired\":true,\"valueName\":\"search_term_string\"}}],\"inLanguage\":\"hu\"},{\"@type\":\"Organization\",\"@id\":\"https:\/\/longchangchemical.com\/#organization\",\"name\":\"Longchang Chemical\",\"url\":\"https:\/\/longchangchemical.com\/\",\"logo\":{\"@type\":\"ImageObject\",\"inLanguage\":\"hu\",\"@id\":\"https:\/\/longchangchemical.com\/#\/schema\/logo\/image\/\",\"url\":\"https:\/\/longchangchemical.com\/wp-content\/uploads\/2020\/08\/cropped-longchang-logo.png\",\"contentUrl\":\"https:\/\/longchangchemical.com\/wp-content\/uploads\/2020\/08\/cropped-longchang-logo.png\",\"width\":512,\"height\":512,\"caption\":\"Longchang Chemical\"},\"image\":{\"@id\":\"https:\/\/longchangchemical.com\/#\/schema\/logo\/image\/\"}}]}<\/script>\n<!-- \/ Yoast SEO plugin. -->","yoast_head_json":{"title":"UVU6305 Aliphatic polyurethane triacrylate UV Oligomer | Longchang Chemical","description":"UVU6305 Aliphatic polyurethane triacrylate UV Oligomer is a UV oligomer for UVU6305 Ingredient:Aliphatic Urethane Triacrylate Types :Hard aliphatic amino","robots":{"index":"index","follow":"follow","max-snippet":"max-snippet:-1","max-image-preview":"max-image-preview:large","max-video-preview":"max-video-preview:-1"},"canonical":"https:\/\/longchangchemical.com\/hu\/product\/uvu6305\/","og_locale":"hu_HU","og_type":"article","og_title":"UVU6305 Aliphatic polyurethane triacrylate UV Oligomer | Longchang Chemical","og_description":"UVU6305 Aliphatic polyurethane triacrylate UV Oligomer is a UV oligomer for UVU6305 Ingredient:Aliphatic Urethane Triacrylate Types :Hard aliphatic amino","og_url":"https:\/\/longchangchemical.com\/hu\/product\/uvu6305\/","og_site_name":"Longchang Chemical","article_modified_time":"2026-05-08T08:26:13+00:00","og_image":[{"width":1000,"height":1000,"url":"https:\/\/longchangchemical.com\/wp-content\/uploads\/2024\/02\/logo-jpeg.jpg","type":"image\/jpeg"}],"twitter_card":"summary_large_image","schema":{"@context":"https:\/\/schema.org","@graph":[{"@type":"WebPage","@id":"https:\/\/longchangchemical.com\/product\/uvu6305\/","url":"https:\/\/longchangchemical.com\/product\/uvu6305\/","name":"UVU6305 Aliphatic polyurethane triacrylate UV Oligomer | Longchang Chemical","isPartOf":{"@id":"https:\/\/longchangchemical.com\/#website"},"datePublished":"2022-06-17T14:15:55+00:00","dateModified":"2026-05-08T08:26:13+00:00","description":"UVU6305 Aliphatic polyurethane triacrylate UV Oligomer is a UV oligomer for UVU6305 Ingredient:Aliphatic Urethane Triacrylate Types :Hard aliphatic amino","breadcrumb":{"@id":"https:\/\/longchangchemical.com\/product\/uvu6305\/#breadcrumb"},"inLanguage":"hu","potentialAction":[{"@type":"ReadAction","target":["https:\/\/longchangchemical.com\/product\/uvu6305\/"]}]},{"@type":"BreadcrumbList","@id":"https:\/\/longchangchemical.com\/product\/uvu6305\/#breadcrumb","itemListElement":[{"@type":"ListItem","position":1,"name":"Home","item":"https:\/\/longchangchemical.com\/"},{"@type":"ListItem","position":2,"name":"Products Longchang","item":"https:\/\/longchangchemical.com\/product\/"},{"@type":"ListItem","position":3,"name":"CHLUMICRYL\u00ae UVU6305 \/ Aliphatic polyurethane triacrylate"}]},{"@type":"WebSite","@id":"https:\/\/longchangchemical.com\/#website","url":"https:\/\/longchangchemical.com\/","name":"Longchang Chemical","description":"K\u00edna k\u00e9miai gy\u00e1rt\u00f3 \uff06 sz\u00e1ll\u00edt\u00f3","publisher":{"@id":"https:\/\/longchangchemical.com\/#organization"},"potentialAction":[{"@type":"SearchAction","target":{"@type":"EntryPoint","urlTemplate":"https:\/\/longchangchemical.com\/?s={search_term_string}"},"query-input":{"@type":"PropertyValueSpecification","valueRequired":true,"valueName":"search_term_string"}}],"inLanguage":"hu"},{"@type":"Organization","@id":"https:\/\/longchangchemical.com\/#organization","name":"Longchang Chemical","url":"https:\/\/longchangchemical.com\/","logo":{"@type":"ImageObject","inLanguage":"hu","@id":"https:\/\/longchangchemical.com\/#\/schema\/logo\/image\/","url":"https:\/\/longchangchemical.com\/wp-content\/uploads\/2020\/08\/cropped-longchang-logo.png","contentUrl":"https:\/\/longchangchemical.com\/wp-content\/uploads\/2020\/08\/cropped-longchang-logo.png","width":512,"height":512,"caption":"Longchang Chemical"},"image":{"@id":"https:\/\/longchangchemical.com\/#\/schema\/logo\/image\/"}}]}},"_links":{"self":[{"href":"https:\/\/longchangchemical.com\/hu\/wp-json\/wp\/v2\/product\/5308","targetHints":{"allow":["GET"]}}],"collection":[{"href":"https:\/\/longchangchemical.com\/hu\/wp-json\/wp\/v2\/product"}],"about":[{"href":"https:\/\/longchangchemical.com\/hu\/wp-json\/wp\/v2\/types\/product"}],"replies":[{"embeddable":true,"href":"https:\/\/longchangchemical.com\/hu\/wp-json\/wp\/v2\/comments?post=5308"}],"wp:attachment":[{"href":"https:\/\/longchangchemical.com\/hu\/wp-json\/wp\/v2\/media?parent=5308"}],"wp:term":[{"taxonomy":"product_brand","embeddable":true,"href":"https:\/\/longchangchemical.com\/hu\/wp-json\/wp\/v2\/product_brand?post=5308"},{"taxonomy":"product_cat","embeddable":true,"href":"https:\/\/longchangchemical.com\/hu\/wp-json\/wp\/v2\/product_cat?post=5308"},{"taxonomy":"product_tag","embeddable":true,"href":"https:\/\/longchangchemical.com\/hu\/wp-json\/wp\/v2\/product_tag?post=5308"}],"curies":[{"name":"wp","href":"https:\/\/api.w.org\/{rel}","templated":true}]}}