{"id":5290,"date":"2022-06-09T09:06:53","date_gmt":"2022-06-09T09:06:53","guid":{"rendered":"https:\/\/longchangchemical.com\/?post_type=product&#038;p=5290"},"modified":"2026-05-08T02:59:43","modified_gmt":"2026-05-08T02:59:43","slug":"uvj7005","status":"publish","type":"product","link":"https:\/\/longchangchemical.com\/hu\/product\/uvj7005\/","title":{"rendered":"CHLUMICRYL\u00ae UVJ7005 \/ Alaplakk \u00e9s g\u00e9llakk alapanyag"},"content":{"rendered":"<h2 class=\"product_title entry-title\"><strong> UVJ7005 \/ Alaplakk \u00e9s g\u00e9llakk alapanyag<\/strong><\/h2>\n<p><strong> UVJ7005<\/strong>\u00a0egy gyanta kifejezetten a f\u00e9nyter\u00e1pi\u00e1s k\u00f6r\u00f6mlakkok sz\u00e1m\u00e1ra.<\/p>\n<p><strong>\u00d6sszetev\u0151<\/strong>:Fototer\u00e1pi\u00e1s k\u00f6r\u00f6mlakk gyanta<\/p>\n<div>\n<p><strong>T<\/strong><strong>ype:<\/strong>\u00a0Poliuret\u00e1n m\u00f3dos\u00edtott akril\u00e1t<\/p>\n<\/div>\n<p><strong>Ingatlan<\/strong><strong>:<\/strong><\/p>\n<ul>\n<li>Kiv\u00e1l\u00f3an tapad a k\u00f6rm\u00f6kh\u00f6z<\/li>\n<li>A b\u0151rirrit\u00e1ci\u00f3 minim\u00e1lis.<\/li>\n<li>Kiv\u00e1l\u00f3 rugalmass\u00e1g<\/li>\n<li>Az aj\u00e1nlott felhaszn\u00e1l\u00e1si m\u00f3dok a k\u00f6vetkez\u0151k:<\/li>\n<\/ul>\n<p><em><i>A f\u00e9nykem\u00e9nyed\u0151 k\u00f6r\u00f6mlakkragaszt\u00f3 f\u0151 gyant\u00e1j\u00e1t els\u0151sorban az als\u00f3 r\u00e9teg \u00e9s a k\u00f6z\u00e9ps\u0151 bevonat k\u00e9sz\u00edt\u00e9s\u00e9re haszn\u00e1lj\u00e1k, amely alkalmas k\u00fcl\u00f6nb\u00f6z\u0151 sz\u00edn\u0171 ragaszt\u00f3k k\u00e9sz\u00edt\u00e9s\u00e9re. Javasolt adagol\u00e1s: 40-90%<\/i><\/em><em><i>.<\/i><\/em><\/p>\n<p><strong>Saj\u00e1t m\u00e1rk\u00e1nk \u00e1ltal kifejlesztett Base Coat:\u00a0<a href=\"https:\/\/chromeclair.com\/product\/base-coat-10ml-hema-free-tpo-free\/\">CHROM\u00c9CLAIR alaplakk<\/a><\/strong><\/p>\n<p><strong>Jellemz\u0151k:<\/strong><\/p>\n<table>\n<tbody>\n<tr>\n<td width=\"370\">Megjelen\u00e9s sz\u00edntelen<\/td>\n<td width=\"293\">\u00c1tl\u00e1tsz\u00f3 viszk\u00f3zus folyad\u00e9k<\/td>\n<\/tr>\n<tr>\n<td width=\"370\">Viszkozit\u00e1s (40 \u2103)<\/td>\n<td width=\"293\">70000-160000 mPa*s<\/td>\n<\/tr>\n<tr>\n<td width=\"370\">Sz\u00edn (fe\/co)<\/td>\n<td width=\"293\">\u00a00<\/td>\n<\/tr>\n<\/tbody>\n<\/table>\n<p><strong>Csomagol\u00e1s<\/strong>: 25kg vagy 200kg\/dob.<\/p>\n<p><strong><b>T\u00e1rol\u00e1s:<\/b><\/strong><\/p>\n<p>Sz\u00e1raz, tiszta, j\u00f3l szell\u0151z\u0151 rakt\u00e1rban tartj\u00e1k.<\/p>\n<p>Ker\u00fclje a f\u00e9nynek \u00e9s a meleg\u00edt\u00e9snek val\u00f3 kitetts\u00e9get.<\/p>\n<p>A term\u00e9k v\u00e9delme a sziv\u00e1rg\u00e1st\u00f3l, es\u0151t\u0151l \u00e9s a szigetel\u00e9st\u0151l sz\u00e1ll\u00edt\u00e1s k\u00f6zben.<\/p>\n<h2><strong><b>L\u00e9pjen kapcsolatba vel\u00fcnk most!<\/b><\/strong><\/h2>\n<h4><strong><b>Ha <\/b><\/strong><strong><b>\u00c1rra vagy COA-ra, MSDS-re vagy TDS-re van sz\u00fcks\u00e9ge, k\u00e9rj\u00fck, forduljon hozz\u00e1nk. <\/b><\/strong><strong><b>t\u00f6ltse ki az al\u00e1bbi \u0171rlapot, \u00e9s jelezze, hogy \u00e1ltal\u00e1ban 24 \u00f3r\u00e1n bel\u00fcl felvessz\u00fck \u00d6nnel a kapcsolatot. \u00d6n is k\u00fcldhet nekem e-mailt <span style=\"color: #0000ff;\"><a style=\"color: #0000ff;\" href=\"mailto:info@longchangchemical.com\">info@longchangchemical.com<\/a><\/span> munkaid\u0151ben ( 8:30-18:00 UTC+8 H.-Szombat ) vagy haszn\u00e1lja a weboldal \u00e9l\u0151 chatj\u00e9t, hogy azonnali v\u00e1laszt kapjon.<\/b><\/strong><\/h4>","protected":false},"excerpt":{"rendered":"<p>Term\u00e9kle\u00edr\u00e1s: A term\u00e9k le\u00edr\u00e1sa: F\u00e9nyter\u00e1pi\u00e1s k\u00f6r\u00f6mlakk gyanta-poliuret\u00e1n m\u00f3dos\u00edtott akril\u00e1t<\/p>\n<p>Viszkozit\u00e1s (40\u2103): Viszkozit\u00e1s: 70000-160000 mPa*s<\/p>\n<p>Sz\u00edn (fe\/co): 0<\/p>\n<p>Csomag: 25kg vagy 200kg\/dob<\/p>\n<p>Email ID: <strong style=\"color: #222222;\"><b><span style=\"color: #0000ff;\"><a style=\"color: #0000ff;\" href=\"mailto:info@longchangchemical.com\">info@longchangchemical.com<\/a><\/span><\/b><\/strong><\/p>","protected":false},"featured_media":0,"comment_status":"closed","ping_status":"closed","template":"","meta":[],"product_brand":[],"product_cat":[137],"product_tag":[],"class_list":{"0":"post-5290","1":"product","2":"type-product","3":"status-publish","5":"product_cat-uv-oligomer","7":"first","8":"instock","9":"shipping-taxable","10":"product-type-simple"},"yoast_head":"<!-- This site is optimized with the Yoast SEO plugin v25.3.1 - https:\/\/yoast.com\/wordpress\/plugins\/seo\/ -->\n<title>China Phototherapy nail polish resin - Polyurethane Modified Acrylate manufacturer - Longchang Chemical<\/title>\n<meta name=\"description\" content=\"UVJ7005 is a resin specially for Base Coat and Gel Polish Raw Material ,The main resin of light-curing nail polish glue is mainly used for the bottom layer and middle coating, suitable for making various color glues, Which is the key product of Longchang Chemical. We are the leading uv oligomer manufacturer and supplier in China with the best quanlity and competitive price.\" \/>\n<meta name=\"robots\" content=\"index, follow, max-snippet:-1, max-image-preview:large, max-video-preview:-1\" \/>\n<link rel=\"canonical\" href=\"https:\/\/longchangchemical.com\/hu\/product\/uvj7005\/\" \/>\n<meta property=\"og:locale\" content=\"hu_HU\" \/>\n<meta property=\"og:type\" content=\"article\" \/>\n<meta property=\"og:title\" content=\"China Phototherapy nail polish resin - Polyurethane Modified Acrylate manufacturer - Longchang Chemical\" \/>\n<meta property=\"og:description\" content=\"UVJ7005 is a resin specially for Base Coat and Gel Polish Raw Material ,The main resin of light-curing nail polish glue is mainly used for the bottom layer and middle coating, suitable for making various color glues, Which is the key product of Longchang Chemical. We are the leading uv oligomer manufacturer and supplier in China with the best quanlity and competitive price.\" \/>\n<meta property=\"og:url\" content=\"https:\/\/longchangchemical.com\/hu\/product\/uvj7005\/\" \/>\n<meta property=\"og:site_name\" content=\"Longchang Chemical\" \/>\n<meta property=\"article:modified_time\" content=\"2026-05-08T02:59:43+00:00\" \/>\n<meta property=\"og:image\" content=\"https:\/\/longchangchemical.com\/wp-content\/uploads\/2024\/02\/logo-jpeg.jpg\" \/>\n\t<meta property=\"og:image:width\" content=\"1000\" \/>\n\t<meta property=\"og:image:height\" content=\"1000\" \/>\n\t<meta property=\"og:image:type\" content=\"image\/jpeg\" \/>\n<meta name=\"twitter:card\" content=\"summary_large_image\" \/>\n<script type=\"application\/ld+json\" class=\"yoast-schema-graph\">{\"@context\":\"https:\/\/schema.org\",\"@graph\":[{\"@type\":\"WebPage\",\"@id\":\"https:\/\/longchangchemical.com\/product\/uvj7005\/\",\"url\":\"https:\/\/longchangchemical.com\/product\/uvj7005\/\",\"name\":\"China Phototherapy nail polish resin - Polyurethane Modified Acrylate manufacturer - Longchang Chemical\",\"isPartOf\":{\"@id\":\"https:\/\/longchangchemical.com\/#website\"},\"datePublished\":\"2022-06-09T09:06:53+00:00\",\"dateModified\":\"2026-05-08T02:59:43+00:00\",\"description\":\"UVJ7005 is a resin specially for Base Coat and Gel Polish Raw Material ,The main resin of light-curing nail polish glue is mainly used for the bottom layer and middle coating, suitable for making various color glues, Which is the key product of Longchang Chemical. We are the leading uv oligomer manufacturer and supplier in China with the best quanlity and competitive price.\",\"breadcrumb\":{\"@id\":\"https:\/\/longchangchemical.com\/product\/uvj7005\/#breadcrumb\"},\"inLanguage\":\"hu\",\"potentialAction\":[{\"@type\":\"ReadAction\",\"target\":[\"https:\/\/longchangchemical.com\/product\/uvj7005\/\"]}]},{\"@type\":\"BreadcrumbList\",\"@id\":\"https:\/\/longchangchemical.com\/product\/uvj7005\/#breadcrumb\",\"itemListElement\":[{\"@type\":\"ListItem\",\"position\":1,\"name\":\"Home\",\"item\":\"https:\/\/longchangchemical.com\/\"},{\"@type\":\"ListItem\",\"position\":2,\"name\":\"Products Longchang\",\"item\":\"https:\/\/longchangchemical.com\/product\/\"},{\"@type\":\"ListItem\",\"position\":3,\"name\":\"CHLUMICRYL\u00ae UVJ7005 \/ Base Coat and Gel Polish Raw Material\"}]},{\"@type\":\"WebSite\",\"@id\":\"https:\/\/longchangchemical.com\/#website\",\"url\":\"https:\/\/longchangchemical.com\/\",\"name\":\"Longchang Chemical\",\"description\":\"China chemical manufacturer \uff06 supplier\",\"publisher\":{\"@id\":\"https:\/\/longchangchemical.com\/#organization\"},\"potentialAction\":[{\"@type\":\"SearchAction\",\"target\":{\"@type\":\"EntryPoint\",\"urlTemplate\":\"https:\/\/longchangchemical.com\/?s={search_term_string}\"},\"query-input\":{\"@type\":\"PropertyValueSpecification\",\"valueRequired\":true,\"valueName\":\"search_term_string\"}}],\"inLanguage\":\"hu\"},{\"@type\":\"Organization\",\"@id\":\"https:\/\/longchangchemical.com\/#organization\",\"name\":\"Longchang Chemical\",\"url\":\"https:\/\/longchangchemical.com\/\",\"logo\":{\"@type\":\"ImageObject\",\"inLanguage\":\"hu\",\"@id\":\"https:\/\/longchangchemical.com\/#\/schema\/logo\/image\/\",\"url\":\"https:\/\/longchangchemical.com\/wp-content\/uploads\/2020\/08\/cropped-longchang-logo.png\",\"contentUrl\":\"https:\/\/longchangchemical.com\/wp-content\/uploads\/2020\/08\/cropped-longchang-logo.png\",\"width\":512,\"height\":512,\"caption\":\"Longchang Chemical\"},\"image\":{\"@id\":\"https:\/\/longchangchemical.com\/#\/schema\/logo\/image\/\"}}]}<\/script>\n<!-- \/ Yoast SEO plugin. -->","yoast_head_json":{"title":"K\u00edna f\u00e9nyter\u00e1pia k\u00f6r\u00f6mlakk gyanta - Poliuret\u00e1n m\u00f3dos\u00edtott akril\u00e1t gy\u00e1rt\u00f3 - Longchang Chemical","description":"Az UVJ7005 egy gyanta, amely kifejezetten az alapbevonat \u00e9s a g\u00e9l lakk nyersanyag sz\u00e1m\u00e1ra k\u00e9sz\u00fclt, a f\u00e9nykem\u00e9nyed\u0151 k\u00f6r\u00f6mlakk ragaszt\u00f3 f\u0151 gyant\u00e1ja els\u0151sorban az als\u00f3 r\u00e9teghez \u00e9s a k\u00f6z\u00e9ps\u0151 bevonathoz haszn\u00e1latos, amely alkalmas k\u00fcl\u00f6nb\u00f6z\u0151 sz\u00edn\u0171 ragaszt\u00f3k k\u00e9sz\u00edt\u00e9s\u00e9re, amely a Longchang Chemical kulcsfontoss\u00e1g\u00fa term\u00e9ke. Mi vagyunk a vezet\u0151 uv oligomer gy\u00e1rt\u00f3ja \u00e9s sz\u00e1ll\u00edt\u00f3ja K\u00edn\u00e1ban a legjobb quanlity \u00e9s versenyk\u00e9pes \u00e1ron.","robots":{"index":"index","follow":"follow","max-snippet":"max-snippet:-1","max-image-preview":"max-image-preview:large","max-video-preview":"max-video-preview:-1"},"canonical":"https:\/\/longchangchemical.com\/hu\/product\/uvj7005\/","og_locale":"hu_HU","og_type":"article","og_title":"China Phototherapy nail polish resin - Polyurethane Modified Acrylate manufacturer - Longchang Chemical","og_description":"UVJ7005 is a resin specially for Base Coat and Gel Polish Raw Material ,The main resin of light-curing nail polish glue is mainly used for the bottom layer and middle coating, suitable for making various color glues, Which is the key product of Longchang Chemical. We are the leading uv oligomer manufacturer and supplier in China with the best quanlity and competitive price.","og_url":"https:\/\/longchangchemical.com\/hu\/product\/uvj7005\/","og_site_name":"Longchang Chemical","article_modified_time":"2026-05-08T02:59:43+00:00","og_image":[{"width":1000,"height":1000,"url":"https:\/\/longchangchemical.com\/wp-content\/uploads\/2024\/02\/logo-jpeg.jpg","type":"image\/jpeg"}],"twitter_card":"summary_large_image","schema":{"@context":"https:\/\/schema.org","@graph":[{"@type":"WebPage","@id":"https:\/\/longchangchemical.com\/product\/uvj7005\/","url":"https:\/\/longchangchemical.com\/product\/uvj7005\/","name":"K\u00edna f\u00e9nyter\u00e1pia k\u00f6r\u00f6mlakk gyanta - Poliuret\u00e1n m\u00f3dos\u00edtott akril\u00e1t gy\u00e1rt\u00f3 - Longchang Chemical","isPartOf":{"@id":"https:\/\/longchangchemical.com\/#website"},"datePublished":"2022-06-09T09:06:53+00:00","dateModified":"2026-05-08T02:59:43+00:00","description":"Az UVJ7005 egy gyanta, amely kifejezetten az alapbevonat \u00e9s a g\u00e9l lakk nyersanyag sz\u00e1m\u00e1ra k\u00e9sz\u00fclt, a f\u00e9nykem\u00e9nyed\u0151 k\u00f6r\u00f6mlakk ragaszt\u00f3 f\u0151 gyant\u00e1ja els\u0151sorban az als\u00f3 r\u00e9teghez \u00e9s a k\u00f6z\u00e9ps\u0151 bevonathoz haszn\u00e1latos, amely alkalmas k\u00fcl\u00f6nb\u00f6z\u0151 sz\u00edn\u0171 ragaszt\u00f3k k\u00e9sz\u00edt\u00e9s\u00e9re, amely a Longchang Chemical kulcsfontoss\u00e1g\u00fa term\u00e9ke. Mi vagyunk a vezet\u0151 uv oligomer gy\u00e1rt\u00f3ja \u00e9s sz\u00e1ll\u00edt\u00f3ja K\u00edn\u00e1ban a legjobb quanlity \u00e9s versenyk\u00e9pes \u00e1ron.","breadcrumb":{"@id":"https:\/\/longchangchemical.com\/product\/uvj7005\/#breadcrumb"},"inLanguage":"hu","potentialAction":[{"@type":"ReadAction","target":["https:\/\/longchangchemical.com\/product\/uvj7005\/"]}]},{"@type":"BreadcrumbList","@id":"https:\/\/longchangchemical.com\/product\/uvj7005\/#breadcrumb","itemListElement":[{"@type":"ListItem","position":1,"name":"Home","item":"https:\/\/longchangchemical.com\/"},{"@type":"ListItem","position":2,"name":"Products Longchang","item":"https:\/\/longchangchemical.com\/product\/"},{"@type":"ListItem","position":3,"name":"CHLUMICRYL\u00ae UVJ7005 \/ Base Coat and Gel Polish Raw Material"}]},{"@type":"WebSite","@id":"https:\/\/longchangchemical.com\/#website","url":"https:\/\/longchangchemical.com\/","name":"Longchang Chemical","description":"K\u00edna k\u00e9miai gy\u00e1rt\u00f3 \uff06 sz\u00e1ll\u00edt\u00f3","publisher":{"@id":"https:\/\/longchangchemical.com\/#organization"},"potentialAction":[{"@type":"SearchAction","target":{"@type":"EntryPoint","urlTemplate":"https:\/\/longchangchemical.com\/?s={search_term_string}"},"query-input":{"@type":"PropertyValueSpecification","valueRequired":true,"valueName":"search_term_string"}}],"inLanguage":"hu"},{"@type":"Organization","@id":"https:\/\/longchangchemical.com\/#organization","name":"Longchang Chemical","url":"https:\/\/longchangchemical.com\/","logo":{"@type":"ImageObject","inLanguage":"hu","@id":"https:\/\/longchangchemical.com\/#\/schema\/logo\/image\/","url":"https:\/\/longchangchemical.com\/wp-content\/uploads\/2020\/08\/cropped-longchang-logo.png","contentUrl":"https:\/\/longchangchemical.com\/wp-content\/uploads\/2020\/08\/cropped-longchang-logo.png","width":512,"height":512,"caption":"Longchang Chemical"},"image":{"@id":"https:\/\/longchangchemical.com\/#\/schema\/logo\/image\/"}}]}},"_links":{"self":[{"href":"https:\/\/longchangchemical.com\/hu\/wp-json\/wp\/v2\/product\/5290","targetHints":{"allow":["GET"]}}],"collection":[{"href":"https:\/\/longchangchemical.com\/hu\/wp-json\/wp\/v2\/product"}],"about":[{"href":"https:\/\/longchangchemical.com\/hu\/wp-json\/wp\/v2\/types\/product"}],"replies":[{"embeddable":true,"href":"https:\/\/longchangchemical.com\/hu\/wp-json\/wp\/v2\/comments?post=5290"}],"wp:attachment":[{"href":"https:\/\/longchangchemical.com\/hu\/wp-json\/wp\/v2\/media?parent=5290"}],"wp:term":[{"taxonomy":"product_brand","embeddable":true,"href":"https:\/\/longchangchemical.com\/hu\/wp-json\/wp\/v2\/product_brand?post=5290"},{"taxonomy":"product_cat","embeddable":true,"href":"https:\/\/longchangchemical.com\/hu\/wp-json\/wp\/v2\/product_cat?post=5290"},{"taxonomy":"product_tag","embeddable":true,"href":"https:\/\/longchangchemical.com\/hu\/wp-json\/wp\/v2\/product_tag?post=5290"}],"curies":[{"name":"wp","href":"https:\/\/api.w.org\/{rel}","templated":true}]}}