{"id":5247,"date":"2022-05-18T02:11:49","date_gmt":"2022-05-18T02:11:49","guid":{"rendered":"https:\/\/longchangchemical.com\/?post_type=product&#038;p=5247"},"modified":"2025-08-22T09:37:10","modified_gmt":"2025-08-22T09:37:10","slug":"uvj7001","status":"publish","type":"product","link":"https:\/\/longchangchemical.com\/hu\/product\/uvj7001\/","title":{"rendered":"CHLUMICRYL\u00ae UVJ7001 \/ Fototer\u00e1pi\u00e1s k\u00f6r\u00f6mlakkgyanta \/ Top Coat Nyersanyag"},"content":{"rendered":"<h1><strong>F\u00e9nyter\u00e1pi\u00e1s k\u00f6r\u00f6mlakk gyanta \/ Top Coat nyersanyag<\/strong><\/h1>\n<p><strong>\u00d6sszetev\u0151<\/strong>:Fototer\u00e1pi\u00e1s k\u00f6r\u00f6mlakk gyanta<\/p>\n<div>\n<p><strong>T<\/strong><strong>ype:<\/strong>\u00a0Alif\u00e1s poliuret\u00e1n modifik\u00e1lt akril\u00e1t<\/p>\n<p><strong>Alkalmaz\u00e1si javaslatok<\/strong><strong>\u00a0\u00e9s ingatlanok<\/strong><strong>:<\/strong><\/p>\n<ul>\n<li>Gyorsan sz\u00e1rad\u00f3, magas f\u00e9ny\u0171 \u00e9s s\u00e1rgul\u00e1ssal szembeni ellen\u00e1ll\u00e1s<\/li>\n<li>A bevonat kem\u00e9ny \u00e9s sz\u00edv\u00f3s, kiv\u00e1l\u00f3 hajl\u00edt\u00e1s\u00e1ll\u00f3s\u00e1ggal.<\/li>\n<li>Az aj\u00e1nlott felhaszn\u00e1l\u00e1si m\u00f3dok a k\u00f6vetkez\u0151k:<\/li>\n<\/ul>\n<p><em><i>A f\u00e9nykem\u00e9nyed\u0151 k\u00f6r\u00f6mlakk ragaszt\u00f3 f\u0151 gyant\u00e1ja nagy kem\u00e9nys\u00e9g\u0171 \u00e9s nagy kop\u00e1s\u00e1ll\u00f3s\u00e1g\u00fa, els\u0151sorban a fel\u00fcleti r\u00e9teghez haszn\u00e1lt, aj\u00e1nlott hozz\u00e1ad\u00e1si mennyis\u00e9g: 50-90%.<\/i><\/em><\/p>\n<p><strong>Saj\u00e1t m\u00e1rk\u00e1nk \u00e1ltal kifejlesztett Top Coat: <a href=\"https:\/\/chromeclair.com\/product\/top-coat-hema-free-and-tpo-free-10ml\/\"><span style=\"color: #00ccff;\">CHROM\u00c9CLAIR fed\u0151lakk<\/span><\/a><\/strong><\/p>\n<h2><strong> UVJ7001 Jellemz\u0151k:<\/strong><\/h2>\n<table>\n<tbody>\n<tr>\n<td width=\"370\">Megjelen\u00e9s sz\u00edntelen<\/td>\n<td width=\"293\">\u00a0\u00c1tl\u00e1tsz\u00f3 viszk\u00f3zus folyad\u00e9k<\/td>\n<\/tr>\n<tr>\n<td width=\"370\">Viszkozit\u00e1s (40 \u2103)<\/td>\n<td width=\"293\">\u00a030000-60000 mPa*s<\/td>\n<\/tr>\n<tr>\n<td width=\"370\">Sz\u00edn (fe\/co)<\/td>\n<td width=\"293\">\u00a00<\/td>\n<\/tr>\n<\/tbody>\n<\/table>\n<p>&nbsp;<\/p>\n<h2><strong> UVJ7001 Csomagol\u00e1s<\/strong><\/h2>\n<p>50kg vagy 200kg\/dob.<\/p>\n<p>&nbsp;<\/p>\n<h2><strong><b> UVJ7001 T\u00e1rol\u00e1s<\/b><\/strong><\/h2>\n<p>Sz\u00e1raz, tiszta, j\u00f3l szell\u0151z\u0151 rakt\u00e1rban tartj\u00e1k.<\/p>\n<p>Ker\u00fclje a f\u00e9nynek \u00e9s a meleg\u00edt\u00e9snek val\u00f3 kitetts\u00e9get.<\/p>\n<p>A term\u00e9k v\u00e9delme a sziv\u00e1rg\u00e1st\u00f3l, es\u0151t\u0151l \u00e9s a szigetel\u00e9st\u0151l sz\u00e1ll\u00edt\u00e1s k\u00f6zben.<\/p>\n<\/div>\n<p>&nbsp;<\/p>\n<h2><strong><b>L\u00e9pjen kapcsolatba vel\u00fcnk most!<\/b><\/strong><\/h2>\n<h4><strong><b>Ha <\/b><\/strong><strong><b>\u00c1rra vagy COA-ra, MSDS-re vagy TDS-re van sz\u00fcks\u00e9ge, k\u00e9rj\u00fck, forduljon hozz\u00e1nk. <\/b><\/strong><strong><b>t\u00f6ltse ki az al\u00e1bbi \u0171rlapot, \u00e9s jelezze, hogy \u00e1ltal\u00e1ban 24 \u00f3r\u00e1n bel\u00fcl felvessz\u00fck \u00d6nnel a kapcsolatot. \u00d6n is k\u00fcldhet nekem e-mailt <span style=\"color: #0000ff;\"><a style=\"color: #0000ff;\" href=\"mailto:info@longchangchemical.com\">info@longchangchemical.com<\/a><\/span> munkaid\u0151ben ( 8:30-18:00 UTC+8 H.-Szombat ) vagy haszn\u00e1lja a weboldal \u00e9l\u0151 chatj\u00e9t, hogy azonnali v\u00e1laszt kapjon.<\/b><\/strong><\/h4>","protected":false},"excerpt":{"rendered":"<p>Term\u00e9kle\u00edr\u00e1s: A term\u00e9k le\u00edr\u00e1sa: F\u00e9nyter\u00e1pi\u00e1s k\u00f6r\u00f6mlakk gyanta-<br \/>\nAlif\u00e1s poliuret\u00e1n modifik\u00e1lt akril\u00e1t<\/p>\n<p>Viszkozit\u00e1s (40\u2103): Viszkozit\u00e1s: 30000-60000 mPa*s<\/p>\n<p>Sz\u00edn (fe\/co): 0<\/p>\n<p>Csomag: 50kg vagy 200kg\/dob<\/p>","protected":false},"featured_media":0,"comment_status":"closed","ping_status":"closed","template":"","meta":[],"product_brand":[],"product_cat":[137],"product_tag":[],"class_list":{"0":"post-5247","1":"product","2":"type-product","3":"status-publish","5":"product_cat-uv-oligomer","7":"first","8":"instock","9":"shipping-taxable","10":"product-type-simple"},"yoast_head":"<!-- This site is optimized with the Yoast SEO plugin v25.3.1 - https:\/\/yoast.com\/wordpress\/plugins\/seo\/ -->\n<title>Phototherapy nail polish resin manufacturer - Aliphatic Polyurethane Modified Acrylate supplier - Longchang Chemical<\/title>\n<meta name=\"description\" content=\"UVJ7001 is a resin specially for Phototherapy nail polish , The main resin of light-curing nail polish glue with high hardness and high wear resistance is required, mainly used for the surface layer, Which is the key product of Longchang Chemical. We are the leading uv oligomer manufacturer and supplier in China with the best quanlity and competitive price.\" \/>\n<meta name=\"robots\" content=\"index, follow, max-snippet:-1, max-image-preview:large, max-video-preview:-1\" \/>\n<link rel=\"canonical\" href=\"https:\/\/longchangchemical.com\/hu\/product\/uvj7001\/\" \/>\n<meta property=\"og:locale\" content=\"hu_HU\" \/>\n<meta property=\"og:type\" content=\"article\" \/>\n<meta property=\"og:title\" content=\"Phototherapy nail polish resin manufacturer - Aliphatic Polyurethane Modified Acrylate supplier - Longchang Chemical\" \/>\n<meta property=\"og:description\" content=\"UVJ7001 is a resin specially for Phototherapy nail polish , The main resin of light-curing nail polish glue with high hardness and high wear resistance is required, mainly used for the surface layer, Which is the key product of Longchang Chemical. We are the leading uv oligomer manufacturer and supplier in China with the best quanlity and competitive price.\" \/>\n<meta property=\"og:url\" content=\"https:\/\/longchangchemical.com\/hu\/product\/uvj7001\/\" \/>\n<meta property=\"og:site_name\" content=\"Longchang Chemical\" \/>\n<meta property=\"article:modified_time\" content=\"2025-08-22T09:37:10+00:00\" \/>\n<meta property=\"og:image\" content=\"https:\/\/longchangchemical.com\/wp-content\/uploads\/2024\/02\/logo-jpeg.jpg\" \/>\n\t<meta property=\"og:image:width\" content=\"1000\" \/>\n\t<meta property=\"og:image:height\" content=\"1000\" \/>\n\t<meta property=\"og:image:type\" content=\"image\/jpeg\" \/>\n<meta name=\"twitter:card\" content=\"summary_large_image\" \/>\n<script type=\"application\/ld+json\" class=\"yoast-schema-graph\">{\"@context\":\"https:\/\/schema.org\",\"@graph\":[{\"@type\":\"WebPage\",\"@id\":\"https:\/\/longchangchemical.com\/product\/uvj7001\/\",\"url\":\"https:\/\/longchangchemical.com\/product\/uvj7001\/\",\"name\":\"Phototherapy nail polish resin manufacturer - Aliphatic Polyurethane Modified Acrylate supplier - Longchang Chemical\",\"isPartOf\":{\"@id\":\"https:\/\/longchangchemical.com\/#website\"},\"datePublished\":\"2022-05-18T02:11:49+00:00\",\"dateModified\":\"2025-08-22T09:37:10+00:00\",\"description\":\"UVJ7001 is a resin specially for Phototherapy nail polish , The main resin of light-curing nail polish glue with high hardness and high wear resistance is required, mainly used for the surface layer, Which is the key product of Longchang Chemical. We are the leading uv oligomer manufacturer and supplier in China with the best quanlity and competitive price.\",\"breadcrumb\":{\"@id\":\"https:\/\/longchangchemical.com\/product\/uvj7001\/#breadcrumb\"},\"inLanguage\":\"hu\",\"potentialAction\":[{\"@type\":\"ReadAction\",\"target\":[\"https:\/\/longchangchemical.com\/product\/uvj7001\/\"]}]},{\"@type\":\"BreadcrumbList\",\"@id\":\"https:\/\/longchangchemical.com\/product\/uvj7001\/#breadcrumb\",\"itemListElement\":[{\"@type\":\"ListItem\",\"position\":1,\"name\":\"Home\",\"item\":\"https:\/\/longchangchemical.com\/\"},{\"@type\":\"ListItem\",\"position\":2,\"name\":\"Products Longchang\",\"item\":\"https:\/\/longchangchemical.com\/product\/\"},{\"@type\":\"ListItem\",\"position\":3,\"name\":\"CHLUMICRYL\u00ae UVJ7001 \/ Phototherapy nail polish resin \/ Top Coat Raw Material\"}]},{\"@type\":\"WebSite\",\"@id\":\"https:\/\/longchangchemical.com\/#website\",\"url\":\"https:\/\/longchangchemical.com\/\",\"name\":\"Longchang Chemical\",\"description\":\"China chemical manufacturer \uff06 supplier\",\"publisher\":{\"@id\":\"https:\/\/longchangchemical.com\/#organization\"},\"potentialAction\":[{\"@type\":\"SearchAction\",\"target\":{\"@type\":\"EntryPoint\",\"urlTemplate\":\"https:\/\/longchangchemical.com\/?s={search_term_string}\"},\"query-input\":{\"@type\":\"PropertyValueSpecification\",\"valueRequired\":true,\"valueName\":\"search_term_string\"}}],\"inLanguage\":\"hu\"},{\"@type\":\"Organization\",\"@id\":\"https:\/\/longchangchemical.com\/#organization\",\"name\":\"Longchang Chemical\",\"url\":\"https:\/\/longchangchemical.com\/\",\"logo\":{\"@type\":\"ImageObject\",\"inLanguage\":\"hu\",\"@id\":\"https:\/\/longchangchemical.com\/#\/schema\/logo\/image\/\",\"url\":\"https:\/\/longchangchemical.com\/wp-content\/uploads\/2020\/08\/cropped-longchang-logo.png\",\"contentUrl\":\"https:\/\/longchangchemical.com\/wp-content\/uploads\/2020\/08\/cropped-longchang-logo.png\",\"width\":512,\"height\":512,\"caption\":\"Longchang Chemical\"},\"image\":{\"@id\":\"https:\/\/longchangchemical.com\/#\/schema\/logo\/image\/\"}}]}<\/script>\n<!-- \/ Yoast SEO plugin. -->","yoast_head_json":{"title":"Fototer\u00e1pia k\u00f6r\u00f6mlakk gyanta gy\u00e1rt\u00f3 - Alif\u00e1s poliuret\u00e1n m\u00f3dos\u00edtott akril\u00e1t sz\u00e1ll\u00edt\u00f3 - Longchang Chemical","description":"UVJ7001 egy gyanta kifejezetten a f\u00e9nyter\u00e1pi\u00e1s k\u00f6r\u00f6mlakk , A f\u0151 gyanta f\u00e9nykem\u00e9ny\u00edt\u0151 k\u00f6r\u00f6mlakk ragaszt\u00f3 nagy kem\u00e9nys\u00e9g\u0171 \u00e9s nagy kop\u00e1s\u00e1ll\u00f3s\u00e1g\u00fa sz\u00fcks\u00e9ges, els\u0151sorban a fel\u00fcleti r\u00e9teg, amely a legfontosabb term\u00e9k a Longchang Chemical. Mi vagyunk a vezet\u0151 uv oligomer gy\u00e1rt\u00f3ja \u00e9s sz\u00e1ll\u00edt\u00f3ja K\u00edn\u00e1ban a legjobb quanlity \u00e9s versenyk\u00e9pes \u00e1ron.","robots":{"index":"index","follow":"follow","max-snippet":"max-snippet:-1","max-image-preview":"max-image-preview:large","max-video-preview":"max-video-preview:-1"},"canonical":"https:\/\/longchangchemical.com\/hu\/product\/uvj7001\/","og_locale":"hu_HU","og_type":"article","og_title":"Phototherapy nail polish resin manufacturer - Aliphatic Polyurethane Modified Acrylate supplier - Longchang Chemical","og_description":"UVJ7001 is a resin specially for Phototherapy nail polish , The main resin of light-curing nail polish glue with high hardness and high wear resistance is required, mainly used for the surface layer, Which is the key product of Longchang Chemical. We are the leading uv oligomer manufacturer and supplier in China with the best quanlity and competitive price.","og_url":"https:\/\/longchangchemical.com\/hu\/product\/uvj7001\/","og_site_name":"Longchang Chemical","article_modified_time":"2025-08-22T09:37:10+00:00","og_image":[{"width":1000,"height":1000,"url":"https:\/\/longchangchemical.com\/wp-content\/uploads\/2024\/02\/logo-jpeg.jpg","type":"image\/jpeg"}],"twitter_card":"summary_large_image","schema":{"@context":"https:\/\/schema.org","@graph":[{"@type":"WebPage","@id":"https:\/\/longchangchemical.com\/product\/uvj7001\/","url":"https:\/\/longchangchemical.com\/product\/uvj7001\/","name":"Fototer\u00e1pia k\u00f6r\u00f6mlakk gyanta gy\u00e1rt\u00f3 - Alif\u00e1s poliuret\u00e1n m\u00f3dos\u00edtott akril\u00e1t sz\u00e1ll\u00edt\u00f3 - Longchang Chemical","isPartOf":{"@id":"https:\/\/longchangchemical.com\/#website"},"datePublished":"2022-05-18T02:11:49+00:00","dateModified":"2025-08-22T09:37:10+00:00","description":"UVJ7001 egy gyanta kifejezetten a f\u00e9nyter\u00e1pi\u00e1s k\u00f6r\u00f6mlakk , A f\u0151 gyanta f\u00e9nykem\u00e9ny\u00edt\u0151 k\u00f6r\u00f6mlakk ragaszt\u00f3 nagy kem\u00e9nys\u00e9g\u0171 \u00e9s nagy kop\u00e1s\u00e1ll\u00f3s\u00e1g\u00fa sz\u00fcks\u00e9ges, els\u0151sorban a fel\u00fcleti r\u00e9teg, amely a legfontosabb term\u00e9k a Longchang Chemical. Mi vagyunk a vezet\u0151 uv oligomer gy\u00e1rt\u00f3ja \u00e9s sz\u00e1ll\u00edt\u00f3ja K\u00edn\u00e1ban a legjobb quanlity \u00e9s versenyk\u00e9pes \u00e1ron.","breadcrumb":{"@id":"https:\/\/longchangchemical.com\/product\/uvj7001\/#breadcrumb"},"inLanguage":"hu","potentialAction":[{"@type":"ReadAction","target":["https:\/\/longchangchemical.com\/product\/uvj7001\/"]}]},{"@type":"BreadcrumbList","@id":"https:\/\/longchangchemical.com\/product\/uvj7001\/#breadcrumb","itemListElement":[{"@type":"ListItem","position":1,"name":"Home","item":"https:\/\/longchangchemical.com\/"},{"@type":"ListItem","position":2,"name":"Products Longchang","item":"https:\/\/longchangchemical.com\/product\/"},{"@type":"ListItem","position":3,"name":"CHLUMICRYL\u00ae UVJ7001 \/ Phototherapy nail polish resin \/ Top Coat Raw Material"}]},{"@type":"WebSite","@id":"https:\/\/longchangchemical.com\/#website","url":"https:\/\/longchangchemical.com\/","name":"Longchang Chemical","description":"K\u00edna k\u00e9miai gy\u00e1rt\u00f3 \uff06 sz\u00e1ll\u00edt\u00f3","publisher":{"@id":"https:\/\/longchangchemical.com\/#organization"},"potentialAction":[{"@type":"SearchAction","target":{"@type":"EntryPoint","urlTemplate":"https:\/\/longchangchemical.com\/?s={search_term_string}"},"query-input":{"@type":"PropertyValueSpecification","valueRequired":true,"valueName":"search_term_string"}}],"inLanguage":"hu"},{"@type":"Organization","@id":"https:\/\/longchangchemical.com\/#organization","name":"Longchang Chemical","url":"https:\/\/longchangchemical.com\/","logo":{"@type":"ImageObject","inLanguage":"hu","@id":"https:\/\/longchangchemical.com\/#\/schema\/logo\/image\/","url":"https:\/\/longchangchemical.com\/wp-content\/uploads\/2020\/08\/cropped-longchang-logo.png","contentUrl":"https:\/\/longchangchemical.com\/wp-content\/uploads\/2020\/08\/cropped-longchang-logo.png","width":512,"height":512,"caption":"Longchang Chemical"},"image":{"@id":"https:\/\/longchangchemical.com\/#\/schema\/logo\/image\/"}}]}},"_links":{"self":[{"href":"https:\/\/longchangchemical.com\/hu\/wp-json\/wp\/v2\/product\/5247","targetHints":{"allow":["GET"]}}],"collection":[{"href":"https:\/\/longchangchemical.com\/hu\/wp-json\/wp\/v2\/product"}],"about":[{"href":"https:\/\/longchangchemical.com\/hu\/wp-json\/wp\/v2\/types\/product"}],"replies":[{"embeddable":true,"href":"https:\/\/longchangchemical.com\/hu\/wp-json\/wp\/v2\/comments?post=5247"}],"wp:attachment":[{"href":"https:\/\/longchangchemical.com\/hu\/wp-json\/wp\/v2\/media?parent=5247"}],"wp:term":[{"taxonomy":"product_brand","embeddable":true,"href":"https:\/\/longchangchemical.com\/hu\/wp-json\/wp\/v2\/product_brand?post=5247"},{"taxonomy":"product_cat","embeddable":true,"href":"https:\/\/longchangchemical.com\/hu\/wp-json\/wp\/v2\/product_cat?post=5247"},{"taxonomy":"product_tag","embeddable":true,"href":"https:\/\/longchangchemical.com\/hu\/wp-json\/wp\/v2\/product_tag?post=5247"}],"curies":[{"name":"wp","href":"https:\/\/api.w.org\/{rel}","templated":true}]}}