{"id":5232,"date":"2022-05-13T08:26:41","date_gmt":"2022-05-13T08:26:41","guid":{"rendered":"https:\/\/longchangchemical.com\/?post_type=product&#038;p=5232"},"modified":"2025-12-22T07:05:34","modified_gmt":"2025-12-22T07:05:34","slug":"cphe-cepharanthine-cas-481-49-2","status":"publish","type":"product","link":"https:\/\/longchangchemical.com\/hu\/product\/cphe-cepharanthine-cas-481-49-2\/","title":{"rendered":"CPHE CAS 481-49-2"},"content":{"rendered":"<h1><strong>Cefaranthin CAS 481-49-2<\/strong><\/h1>\n<p>&nbsp;<\/p>\n<h2><strong>Cepharanthine Haszn\u00e1lat\u00a0<\/strong><\/h2>\n<p>Els\u0151sorban daganatos betegek sug\u00e1r- \u00e9s kemoter\u00e1pi\u00e1ja \u00e1ltal okozott leukop\u00e9nia eset\u00e9n alkalmazz\u00e1k.<\/p>\n<p>&nbsp;<\/p>\n<p>Az \u00faj koron\u00e1s t\u00fcd\u0151gyullad\u00e1s kit\u00f6r\u00e9se \u00f3ta a v\u00edrus v\u00e9gigs\u00f6p\u00f6rt az orsz\u00e1gon \u00e9s a vil\u00e1gon. Az \u00faj koronav\u00edrusra specifikus gy\u00f3gyszereket m\u00e9g nem siker\u00fclt kifejleszteni, a megl\u00e9v\u0151 gy\u00f3gyszerek mind a MERS \u00e9s a SARS elleni gy\u00f3gyszerek. Mivel a MERS \u00e9s SARS koronav\u00edrusok evol\u00faci\u00f3jukban meglehet\u0151sen k\u00fcl\u00f6nb\u00f6znek az \u00faj koronav\u00edrust\u00f3l, a MERS \u00e9s SARS elleni gy\u00f3gyszerek hat\u00e1sa az \u00faj koronav\u00edrusra korl\u00e1tozott lehet, \u00e9s a kapcsol\u00f3d\u00f3 gy\u00f3gyszerek hat\u00e9konys\u00e1g\u00e1t tov\u00e1bb kell ellen\u0151rizni. A jelenleg forgalomban l\u00e9v\u0151 t\u00f6bb mint 2000 gy\u00f3gyszer sz\u0171r\u00e9se. Ism\u00e9telt vizsg\u00e1latok ut\u00e1n tal\u00e1ltak egy sor koronav\u00edrusellenes hat\u00e1s\u00fa gy\u00f3gyszert, amelyek k\u00f6z\u00fcl a g\u00f6r\u00f6gsz\u00e9na rendelkezik a leger\u0151sebb v\u00edrusellenes hat\u00e1ssal.<\/p>\n<h2><strong><b>L\u00e9pjen kapcsolatba vel\u00fcnk most!<\/b><\/strong><\/h2>\n<h4><strong><b>Ha <\/b><\/strong><strong><b>\u00c1rra vagy COA-ra, MSDS-re vagy TDS-re van sz\u00fcks\u00e9ge, k\u00e9rj\u00fck, forduljon hozz\u00e1nk. <\/b><\/strong><strong><b>t\u00f6ltse ki az al\u00e1bbi \u0171rlapot, \u00e9s jelezze, hogy \u00e1ltal\u00e1ban 24 \u00f3r\u00e1n bel\u00fcl felvessz\u00fck \u00d6nnel a kapcsolatot. \u00d6n is k\u00fcldhet nekem e-mailt <span style=\"color: #0000ff;\"><a style=\"color: #0000ff;\" href=\"mailto:info@longchangchemical.com\">info@longchangchemical.com<\/a><\/span> munkaid\u0151ben ( 8:30-18:00 UTC+8 H.-Szombat ) vagy haszn\u00e1lja a weboldal \u00e9l\u0151 chatj\u00e9t, hogy azonnali v\u00e1laszt kapjon.<\/b><\/strong><\/h4>","protected":false},"excerpt":{"rendered":"<p>Cefaranthin CAS 481-49-2 Cefaranthin Felhaszn\u00e1l\u00e1s Els\u0151sorban a tumoros betegek sug\u00e1r- \u00e9s kemoter\u00e1pi\u00e1ja \u00e1ltal okozott leukop\u00e9nia kezel\u00e9s\u00e9re haszn\u00e1lj\u00e1k.   Az \u00faj koron\u00e1s t\u00fcd\u0151gyullad\u00e1s kit\u00f6r\u00e9se \u00f3ta a v\u00edrus v\u00e9gigs\u00f6p\u00f6rt az orsz\u00e1gon \u00e9s a vil\u00e1gon. Az \u00faj koronav\u00edrus specifikus gy\u00f3gyszereit nem siker\u00fclt sikeresen kifejleszteni, \u00e9s a megl\u00e9v\u0151 gy\u00f3gyszerek [...]<\/p>","protected":false},"featured_media":5233,"comment_status":"open","ping_status":"closed","template":"","meta":[],"product_brand":[],"product_cat":[113],"product_tag":[],"class_list":{"0":"post-5232","1":"product","2":"type-product","3":"status-publish","4":"has-post-thumbnail","6":"product_cat-organic-intermediate","8":"first","9":"instock","10":"shipping-taxable","11":"product-type-simple"},"yoast_head":"<!-- This site is optimized with the Yoast SEO plugin v25.3.1 - https:\/\/yoast.com\/wordpress\/plugins\/seo\/ -->\n<title>China Cepharanthine Manufacturer CAS 481-49-2 supplier - Longchang Chemical<\/title>\n<meta name=\"description\" content=\"CPHE CAS 481-49-2 is a key product of Longchang Chemical. We provide the best price. We are the leading manufacturer in China with the best quality and competitive price.\" \/>\n<meta name=\"robots\" content=\"index, follow, max-snippet:-1, max-image-preview:large, max-video-preview:-1\" \/>\n<link rel=\"canonical\" href=\"https:\/\/longchangchemical.com\/hu\/product\/cphe-cepharanthine-cas-481-49-2\/\" \/>\n<meta property=\"og:locale\" content=\"hu_HU\" \/>\n<meta property=\"og:type\" content=\"article\" \/>\n<meta property=\"og:title\" content=\"China Cepharanthine Manufacturer CAS 481-49-2 supplier - Longchang Chemical\" \/>\n<meta property=\"og:description\" content=\"CPHE CAS 481-49-2 is a key product of Longchang Chemical. We provide the best price. We are the leading manufacturer in China with the best quality and competitive price.\" \/>\n<meta property=\"og:url\" content=\"https:\/\/longchangchemical.com\/hu\/product\/cphe-cepharanthine-cas-481-49-2\/\" \/>\n<meta property=\"og:site_name\" content=\"Longchang Chemical\" \/>\n<meta property=\"article:modified_time\" content=\"2025-12-22T07:05:34+00:00\" \/>\n<meta property=\"og:image\" content=\"https:\/\/longchangchemical.com\/wp-content\/uploads\/2022\/05\/-CPHE-Appearance.jpg\" \/>\n\t<meta property=\"og:image:width\" content=\"800\" \/>\n\t<meta property=\"og:image:height\" content=\"800\" \/>\n\t<meta property=\"og:image:type\" content=\"image\/jpeg\" \/>\n<meta name=\"twitter:card\" content=\"summary_large_image\" \/>\n<script type=\"application\/ld+json\" class=\"yoast-schema-graph\">{\"@context\":\"https:\/\/schema.org\",\"@graph\":[{\"@type\":\"WebPage\",\"@id\":\"https:\/\/longchangchemical.com\/product\/cphe-cepharanthine-cas-481-49-2\/\",\"url\":\"https:\/\/longchangchemical.com\/product\/cphe-cepharanthine-cas-481-49-2\/\",\"name\":\"China Cepharanthine Manufacturer CAS 481-49-2 supplier - Longchang Chemical\",\"isPartOf\":{\"@id\":\"https:\/\/longchangchemical.com\/#website\"},\"primaryImageOfPage\":{\"@id\":\"https:\/\/longchangchemical.com\/product\/cphe-cepharanthine-cas-481-49-2\/#primaryimage\"},\"image\":{\"@id\":\"https:\/\/longchangchemical.com\/product\/cphe-cepharanthine-cas-481-49-2\/#primaryimage\"},\"thumbnailUrl\":\"https:\/\/longchangchemical.com\/wp-content\/uploads\/2022\/05\/-CPHE-Appearance.jpg\",\"datePublished\":\"2022-05-13T08:26:41+00:00\",\"dateModified\":\"2025-12-22T07:05:34+00:00\",\"description\":\"CPHE CAS 481-49-2 is a key product of Longchang Chemical. We provide the best price. We are the leading manufacturer in China with the best quality and competitive price.\",\"breadcrumb\":{\"@id\":\"https:\/\/longchangchemical.com\/product\/cphe-cepharanthine-cas-481-49-2\/#breadcrumb\"},\"inLanguage\":\"hu\",\"potentialAction\":[{\"@type\":\"ReadAction\",\"target\":[\"https:\/\/longchangchemical.com\/product\/cphe-cepharanthine-cas-481-49-2\/\"]}]},{\"@type\":\"ImageObject\",\"inLanguage\":\"hu\",\"@id\":\"https:\/\/longchangchemical.com\/product\/cphe-cepharanthine-cas-481-49-2\/#primaryimage\",\"url\":\"https:\/\/longchangchemical.com\/wp-content\/uploads\/2022\/05\/-CPHE-Appearance.jpg\",\"contentUrl\":\"https:\/\/longchangchemical.com\/wp-content\/uploads\/2022\/05\/-CPHE-Appearance.jpg\",\"width\":800,\"height\":800,\"caption\":\"-CPHE-Appearance\"},{\"@type\":\"BreadcrumbList\",\"@id\":\"https:\/\/longchangchemical.com\/product\/cphe-cepharanthine-cas-481-49-2\/#breadcrumb\",\"itemListElement\":[{\"@type\":\"ListItem\",\"position\":1,\"name\":\"Home\",\"item\":\"https:\/\/longchangchemical.com\/\"},{\"@type\":\"ListItem\",\"position\":2,\"name\":\"Products Longchang\",\"item\":\"https:\/\/longchangchemical.com\/product\/\"},{\"@type\":\"ListItem\",\"position\":3,\"name\":\"CPHE CAS 481-49-2\"}]},{\"@type\":\"WebSite\",\"@id\":\"https:\/\/longchangchemical.com\/#website\",\"url\":\"https:\/\/longchangchemical.com\/\",\"name\":\"Longchang Chemical\",\"description\":\"China chemical manufacturer \uff06 supplier\",\"publisher\":{\"@id\":\"https:\/\/longchangchemical.com\/#organization\"},\"potentialAction\":[{\"@type\":\"SearchAction\",\"target\":{\"@type\":\"EntryPoint\",\"urlTemplate\":\"https:\/\/longchangchemical.com\/?s={search_term_string}\"},\"query-input\":{\"@type\":\"PropertyValueSpecification\",\"valueRequired\":true,\"valueName\":\"search_term_string\"}}],\"inLanguage\":\"hu\"},{\"@type\":\"Organization\",\"@id\":\"https:\/\/longchangchemical.com\/#organization\",\"name\":\"Longchang Chemical\",\"url\":\"https:\/\/longchangchemical.com\/\",\"logo\":{\"@type\":\"ImageObject\",\"inLanguage\":\"hu\",\"@id\":\"https:\/\/longchangchemical.com\/#\/schema\/logo\/image\/\",\"url\":\"https:\/\/longchangchemical.com\/wp-content\/uploads\/2020\/08\/cropped-longchang-logo.png\",\"contentUrl\":\"https:\/\/longchangchemical.com\/wp-content\/uploads\/2020\/08\/cropped-longchang-logo.png\",\"width\":512,\"height\":512,\"caption\":\"Longchang Chemical\"},\"image\":{\"@id\":\"https:\/\/longchangchemical.com\/#\/schema\/logo\/image\/\"}}]}<\/script>\n<!-- \/ Yoast SEO plugin. -->","yoast_head_json":{"title":"K\u00edna Cepharanthine gy\u00e1rt\u00f3 CAS 481-49-2 sz\u00e1ll\u00edt\u00f3 - Longchang Chemical","description":"A CPHE CAS 481-49-2 a Longchang Chemical egyik legfontosabb term\u00e9ke. A legjobb \u00e1rat biztos\u00edtjuk. Mi vagyunk a vezet\u0151 gy\u00e1rt\u00f3 K\u00edn\u00e1ban a legjobb min\u0151s\u00e9ggel \u00e9s versenyk\u00e9pes \u00e1rral.","robots":{"index":"index","follow":"follow","max-snippet":"max-snippet:-1","max-image-preview":"max-image-preview:large","max-video-preview":"max-video-preview:-1"},"canonical":"https:\/\/longchangchemical.com\/hu\/product\/cphe-cepharanthine-cas-481-49-2\/","og_locale":"hu_HU","og_type":"article","og_title":"China Cepharanthine Manufacturer CAS 481-49-2 supplier - Longchang Chemical","og_description":"CPHE CAS 481-49-2 is a key product of Longchang Chemical. We provide the best price. We are the leading manufacturer in China with the best quality and competitive price.","og_url":"https:\/\/longchangchemical.com\/hu\/product\/cphe-cepharanthine-cas-481-49-2\/","og_site_name":"Longchang Chemical","article_modified_time":"2025-12-22T07:05:34+00:00","og_image":[{"width":800,"height":800,"url":"https:\/\/longchangchemical.com\/wp-content\/uploads\/2022\/05\/-CPHE-Appearance.jpg","type":"image\/jpeg"}],"twitter_card":"summary_large_image","schema":{"@context":"https:\/\/schema.org","@graph":[{"@type":"WebPage","@id":"https:\/\/longchangchemical.com\/product\/cphe-cepharanthine-cas-481-49-2\/","url":"https:\/\/longchangchemical.com\/product\/cphe-cepharanthine-cas-481-49-2\/","name":"K\u00edna Cepharanthine gy\u00e1rt\u00f3 CAS 481-49-2 sz\u00e1ll\u00edt\u00f3 - Longchang Chemical","isPartOf":{"@id":"https:\/\/longchangchemical.com\/#website"},"primaryImageOfPage":{"@id":"https:\/\/longchangchemical.com\/product\/cphe-cepharanthine-cas-481-49-2\/#primaryimage"},"image":{"@id":"https:\/\/longchangchemical.com\/product\/cphe-cepharanthine-cas-481-49-2\/#primaryimage"},"thumbnailUrl":"https:\/\/longchangchemical.com\/wp-content\/uploads\/2022\/05\/-CPHE-Appearance.jpg","datePublished":"2022-05-13T08:26:41+00:00","dateModified":"2025-12-22T07:05:34+00:00","description":"A CPHE CAS 481-49-2 a Longchang Chemical egyik legfontosabb term\u00e9ke. A legjobb \u00e1rat biztos\u00edtjuk. Mi vagyunk a vezet\u0151 gy\u00e1rt\u00f3 K\u00edn\u00e1ban a legjobb min\u0151s\u00e9ggel \u00e9s versenyk\u00e9pes \u00e1rral.","breadcrumb":{"@id":"https:\/\/longchangchemical.com\/product\/cphe-cepharanthine-cas-481-49-2\/#breadcrumb"},"inLanguage":"hu","potentialAction":[{"@type":"ReadAction","target":["https:\/\/longchangchemical.com\/product\/cphe-cepharanthine-cas-481-49-2\/"]}]},{"@type":"ImageObject","inLanguage":"hu","@id":"https:\/\/longchangchemical.com\/product\/cphe-cepharanthine-cas-481-49-2\/#primaryimage","url":"https:\/\/longchangchemical.com\/wp-content\/uploads\/2022\/05\/-CPHE-Appearance.jpg","contentUrl":"https:\/\/longchangchemical.com\/wp-content\/uploads\/2022\/05\/-CPHE-Appearance.jpg","width":800,"height":800,"caption":"-CPHE-Appearance"},{"@type":"BreadcrumbList","@id":"https:\/\/longchangchemical.com\/product\/cphe-cepharanthine-cas-481-49-2\/#breadcrumb","itemListElement":[{"@type":"ListItem","position":1,"name":"Home","item":"https:\/\/longchangchemical.com\/"},{"@type":"ListItem","position":2,"name":"Products Longchang","item":"https:\/\/longchangchemical.com\/product\/"},{"@type":"ListItem","position":3,"name":"CPHE CAS 481-49-2"}]},{"@type":"WebSite","@id":"https:\/\/longchangchemical.com\/#website","url":"https:\/\/longchangchemical.com\/","name":"Longchang Chemical","description":"K\u00edna k\u00e9miai gy\u00e1rt\u00f3 \uff06 sz\u00e1ll\u00edt\u00f3","publisher":{"@id":"https:\/\/longchangchemical.com\/#organization"},"potentialAction":[{"@type":"SearchAction","target":{"@type":"EntryPoint","urlTemplate":"https:\/\/longchangchemical.com\/?s={search_term_string}"},"query-input":{"@type":"PropertyValueSpecification","valueRequired":true,"valueName":"search_term_string"}}],"inLanguage":"hu"},{"@type":"Organization","@id":"https:\/\/longchangchemical.com\/#organization","name":"Longchang Chemical","url":"https:\/\/longchangchemical.com\/","logo":{"@type":"ImageObject","inLanguage":"hu","@id":"https:\/\/longchangchemical.com\/#\/schema\/logo\/image\/","url":"https:\/\/longchangchemical.com\/wp-content\/uploads\/2020\/08\/cropped-longchang-logo.png","contentUrl":"https:\/\/longchangchemical.com\/wp-content\/uploads\/2020\/08\/cropped-longchang-logo.png","width":512,"height":512,"caption":"Longchang Chemical"},"image":{"@id":"https:\/\/longchangchemical.com\/#\/schema\/logo\/image\/"}}]}},"_links":{"self":[{"href":"https:\/\/longchangchemical.com\/hu\/wp-json\/wp\/v2\/product\/5232","targetHints":{"allow":["GET"]}}],"collection":[{"href":"https:\/\/longchangchemical.com\/hu\/wp-json\/wp\/v2\/product"}],"about":[{"href":"https:\/\/longchangchemical.com\/hu\/wp-json\/wp\/v2\/types\/product"}],"replies":[{"embeddable":true,"href":"https:\/\/longchangchemical.com\/hu\/wp-json\/wp\/v2\/comments?post=5232"}],"wp:featuredmedia":[{"embeddable":true,"href":"https:\/\/longchangchemical.com\/hu\/wp-json\/wp\/v2\/media\/5233"}],"wp:attachment":[{"href":"https:\/\/longchangchemical.com\/hu\/wp-json\/wp\/v2\/media?parent=5232"}],"wp:term":[{"taxonomy":"product_brand","embeddable":true,"href":"https:\/\/longchangchemical.com\/hu\/wp-json\/wp\/v2\/product_brand?post=5232"},{"taxonomy":"product_cat","embeddable":true,"href":"https:\/\/longchangchemical.com\/hu\/wp-json\/wp\/v2\/product_cat?post=5232"},{"taxonomy":"product_tag","embeddable":true,"href":"https:\/\/longchangchemical.com\/hu\/wp-json\/wp\/v2\/product_tag?post=5232"}],"curies":[{"name":"wp","href":"https:\/\/api.w.org\/{rel}","templated":true}]}}