{"id":5110,"date":"2022-03-08T06:01:53","date_gmt":"2022-03-08T06:01:53","guid":{"rendered":"https:\/\/longchangchemical.com\/?post_type=product&#038;p=5110"},"modified":"2025-12-22T07:09:05","modified_gmt":"2025-12-22T07:09:05","slug":"santicor-tta-s-tolytriazole-sodium-salt-64665-57-2","status":"publish","type":"product","link":"https:\/\/longchangchemical.com\/hu\/product\/santicor-tta-s-tolytriazole-sodium-salt-64665-57-2\/","title":{"rendered":"Santicor\u00ae TTA-S | Tolitriazol n\u00e1triums\u00f3 CAS 64665-57-2"},"content":{"rendered":"<h1><strong>Santicor\u00ae TTA-S | Tolitriazol n\u00e1triums\u00f3 CAS 64665-57-2<\/strong><\/h1>\n<p>&nbsp;<\/p>\n<table style=\"border-collapse: collapse; width: 237.78pt;\" border=\"0\" width=\"317\" cellspacing=\"0\" cellpadding=\"0\">\n<tbody>\n<tr style=\"height: 33.00pt;\">\n<td class=\"et2\" style=\"height: 33.00pt; width: 111.00pt;\" width=\"148\" height=\"44\">Projekt<\/td>\n<td class=\"et2\" style=\"width: 126.75pt;\" width=\"169\">Standard<\/td>\n<\/tr>\n<tr style=\"height: 33.00pt;\">\n<td class=\"et2\" style=\"height: 33.00pt; width: 111.00pt;\" width=\"148\" height=\"44\">Megjelen\u00e9s<\/td>\n<td class=\"et2\" style=\"width: 126.75pt;\" width=\"169\">S\u00e1rg\u00e1t\u00f3l a v\u00f6r\u00f6sesbarn\u00e1ig terjed\u0151 sz\u00edn\u0171, tiszta, \u00e1tl\u00e1tsz\u00f3 folyad\u00e9k<\/td>\n<\/tr>\n<tr style=\"height: 33.00pt;\">\n<td class=\"et2\" style=\"height: 33.00pt; width: 111.00pt;\" width=\"148\" height=\"44\">content%<\/td>\n<td class=\"et2\" style=\"width: 126.75pt;\" width=\"169\">49.5-51.0<\/td>\n<\/tr>\n<tr style=\"height: 33.00pt;\">\n<td class=\"et2\" style=\"height: 33.00pt; width: 111.00pt;\" width=\"148\" height=\"44\">Szabad alap %<\/td>\n<td class=\"et2\" style=\"width: 126.75pt;\" width=\"169\">0.5MAX<\/td>\n<\/tr>\n<tr style=\"height: 33.00pt;\">\n<td class=\"et2\" style=\"height: 33.00pt; width: 111.00pt;\" width=\"148\" height=\"44\">PH-\u00e9rt\u00e9k (10% vizes oldat, 20<span class=\"font2\">\u2103<\/span><span class=\"font0\">)<\/span><\/td>\n<td class=\"et2\" style=\"width: 126.75pt;\" width=\"169\">11.5-12.0<\/td>\n<\/tr>\n<tr style=\"height: 33.00pt;\">\n<td class=\"et2\" style=\"height: 33.00pt; width: 111.00pt;\" width=\"148\" height=\"44\">S\u0171r\u0171s\u00e9g(20\u00b0C)g\/cm3<\/td>\n<td class=\"et2\" style=\"width: 126.75pt;\" width=\"169\">1.186-1.210<\/td>\n<\/tr>\n<tr style=\"height: 45.00pt;\">\n<td class=\"et2\" style=\"height: 45.00pt; width: 111.00pt;\" width=\"148\" height=\"60\">Alkoholos oldhat\u00f3s\u00e1g<\/td>\n<td class=\"et2\" style=\"width: 126.75pt;\" width=\"169\">Tiszta \u00e9s \u00e1tl\u00e1tsz\u00f3, l\u00e1that\u00f3 mechanikai szennyez\u0151d\u00e9sek n\u00e9lk\u00fcl<\/td>\n<\/tr>\n<\/tbody>\n<\/table>\n<h2><\/h2>\n<h2><strong>Tolitriazol n\u00e1triums\u00f3 Haszn\u00e1lat<\/strong><\/h2>\n<p>1. Ez a term\u00e9k rozsda- \u00e9s korr\u00f3zi\u00f3g\u00e1tl\u00f3 a r\u00e9z \u00e9s r\u00e9z\u00f6tv\u00f6zetek sz\u00e1m\u00e1ra. Rozsdamentes ac\u00e9l, \u00f6nt\u00f6ttvas, kadmium- \u00e9s nikkel\u00f6tv\u00f6zetek v\u00e9delm\u00e9re is haszn\u00e1lhat\u00f3.<\/p>\n<p>2. Ez a term\u00e9k ken\u0151olaj-adal\u00e9kanyagk\u00e9nt is haszn\u00e1lhat\u00f3; f\u00e9mdeaktiv\u00e1tor; extr\u00e9m nyom\u00e1s\u00fa szer, bakt\u00e9rium- \u00e9s oxid\u00e1ci\u00f3g\u00e1tl\u00f3, antioxid\u00e1nsk\u00e9nt haszn\u00e1lt bels\u0151\u00e9g\u00e9s\u0171 motorolajban.<\/p>\n<p>Ez a term\u00e9k helyettes\u00edtheti a benzotriazol, metil, n\u00e1triums\u00f3; N\u00e1trium-4(vagy 5)-metil-1H-benzo-triazolid; N\u00e1trium-4-metil-1H benzotriazolid; N\u00e1trium-4(vagy 5)-metil-1H-benzotriazolid; N\u00e1trium-toliltriazol; N\u00e1trium-tolytriazol.<\/p>\n<h2><strong>Tolitriazol n\u00e1triums\u00f3 csomagol\u00e1sa<\/strong><\/h2>\n<p>25, 230 kg-os m\u0171anyag hord\u00f3 vagy 1200 kg-os IBC.<\/p>\n<p>&nbsp;<\/p>\n<h2><strong>Ugyanazon sorozat term\u00e9kei<\/strong><\/h2>\n<table style=\"border-collapse: collapse; width: 362.27pt;\" border=\"0\" width=\"483\" cellspacing=\"0\" cellpadding=\"0\">\n<tbody>\n<tr style=\"height: 13.50pt;\">\n<td style=\"height: 13.50pt; width: 111.00pt;\" width=\"148\" height=\"18\"><a href=\"https:\/\/longchangchemical.com\/hu\/product\/tta-tolytriazole-cas-29385-43-1\/\"><span style=\"color: #00ccff;\">Santicor\u00ae TTA<\/span><\/a><\/td>\n<td style=\"width: 168.75pt;\" width=\"225\"><span style=\"color: #000000;\">Toliltriazol<\/span><\/td>\n<td style=\"width: 82.50pt;\" width=\"110\"><span style=\"color: #000000;\">29385-43-1<\/span><\/td>\n<\/tr>\n<tr style=\"height: 13.50pt;\">\n<td style=\"height: 13.50pt;\" height=\"18\">Santicor\u00ae TTA-S<\/td>\n<td>Tolittriazol n\u00e1triums\u00f3<\/td>\n<td>64665-57-2<\/td>\n<\/tr>\n<tr style=\"height: 13.50pt;\">\n<td style=\"height: 13.50pt;\" height=\"18\">Santicor\u00ae TTA-2<\/td>\n<td>5-Metil-1H-benzotriazol<\/td>\n<td>136-85-6<\/td>\n<\/tr>\n<tr style=\"height: 13.50pt;\">\n<td style=\"height: 13.50pt;\" height=\"18\">Santicor\u00ae BTA<\/td>\n<td>1H-Benzotriazol<\/td>\n<td>95-14-7<\/td>\n<\/tr>\n<tr style=\"height: 13.50pt;\">\n<td style=\"height: 13.50pt;\" height=\"18\">Santicor\u00ae BTA-Na<\/td>\n<td>BENZOTRIAZOL, N\u00c1TRIUMS\u00d3<\/td>\n<td>15217-42-2<\/td>\n<\/tr>\n<\/tbody>\n<\/table>\n<p>&nbsp;<\/p>\n<h2><strong><b>L\u00e9pjen kapcsolatba vel\u00fcnk most!<\/b><\/strong><\/h2>\n<h4><strong><b>Ha COA, MSDS vagy TDS-re van sz\u00fcks\u00e9ge, k\u00e9rj\u00fck, t\u00f6ltse ki el\u00e9rhet\u0151s\u00e9g\u00e9t az al\u00e1bbi \u0171rlapon, \u00e1ltal\u00e1ban 24 \u00f3r\u00e1n bel\u00fcl felvessz\u00fck \u00d6nnel a kapcsolatot. \u00d6n is k\u00fcldhet nekem e-mailt <span style=\"color: #0000ff;\"><a style=\"color: #0000ff;\" href=\"mailto:info@longchangchemical.com\">info@longchangchemical.com<\/a><\/span> munkaid\u0151ben ( 8:30-18:00 UTC+8 H.-P\u00e9ntek) vagy haszn\u00e1lja a weboldal \u00e9l\u0151 chatj\u00e9t, hogy azonnali v\u00e1laszt kapjon.<\/b><\/strong><\/h4>","protected":false},"excerpt":{"rendered":"<p>Term\u00e9k: Tolutriazol n\u00e1triums\u00f3<\/p>\n<p>Egy\u00e9b n\u00e9v: N\u00e1trium-4(vagy 5)-metil-1H-benzo-triazolid; N\u00e1trium-4-metil -1H benzotriazolid; N\u00e1trium-4(vagy 5)-metil-1H-benzotriazolid; N\u00e1trium-toliltriazol; N\u00e1trium-tolittriazol; N\u00e1trium-tolittriazol.<\/p>\n<p>CAS: 64665-57-2<\/p>\n<p>K\u00e9miai k\u00e9plet: C7H6N3Na<\/p>\n<p>Molekulat\u00f6meg: 155,13<\/p>\n<p>Megjelen\u00e9s: S\u00e1rg\u00e1t\u00f3l a v\u00f6r\u00f6sesbarn\u00e1ig terjed\u0151 sz\u00edn\u0171, tiszta, \u00e1tl\u00e1tsz\u00f3 folyad\u00e9k<\/p>","protected":false},"featured_media":5112,"comment_status":"open","ping_status":"closed","template":"","meta":[],"product_brand":[],"product_cat":[135],"product_tag":[],"class_list":{"0":"post-5110","1":"product","2":"type-product","3":"status-publish","4":"has-post-thumbnail","6":"product_cat-santicor-corrosion-inhibitor","8":"first","9":"instock","10":"shipping-taxable","11":"product-type-simple"},"yoast_head":"<!-- This site is optimized with the Yoast SEO plugin v25.3.1 - https:\/\/yoast.com\/wordpress\/plugins\/seo\/ -->\n<title>China Tolytriazole sodium salt manufacturer \uff06 CAS 64665-57-2 supplier - Longchang Chemical<\/title>\n<meta name=\"description\" content=\"Longchang Chemical is China Tolytriazole sodium salt manufacturer \uff06 CAS 64665-57-2 supplier. This product can replace Benzotriazole, methyl, sodium salt; Natrium-4(oder 5)-methyl-1H-benzo-triazolid; Sodium 4 methyl -1H benzotriazolide; Sodium 4(or 5)-methyl-1H-benzotriazolide; Sodium Tolyltriazole; Sodium Tolytriazole.\" \/>\n<meta name=\"robots\" content=\"index, follow, max-snippet:-1, max-image-preview:large, max-video-preview:-1\" \/>\n<link rel=\"canonical\" href=\"https:\/\/longchangchemical.com\/hu\/product\/santicor-tta-s-tolytriazole-sodium-salt-64665-57-2\/\" \/>\n<meta property=\"og:locale\" content=\"hu_HU\" \/>\n<meta property=\"og:type\" content=\"article\" \/>\n<meta property=\"og:title\" content=\"China Tolytriazole sodium salt manufacturer \uff06 CAS 64665-57-2 supplier - Longchang Chemical\" \/>\n<meta property=\"og:description\" content=\"Longchang Chemical is China Tolytriazole sodium salt manufacturer \uff06 CAS 64665-57-2 supplier. This product can replace Benzotriazole, methyl, sodium salt; Natrium-4(oder 5)-methyl-1H-benzo-triazolid; Sodium 4 methyl -1H benzotriazolide; Sodium 4(or 5)-methyl-1H-benzotriazolide; Sodium Tolyltriazole; Sodium Tolytriazole.\" \/>\n<meta property=\"og:url\" content=\"https:\/\/longchangchemical.com\/hu\/product\/santicor-tta-s-tolytriazole-sodium-salt-64665-57-2\/\" \/>\n<meta property=\"og:site_name\" content=\"Longchang Chemical\" \/>\n<meta property=\"article:modified_time\" content=\"2025-12-22T07:09:05+00:00\" \/>\n<meta property=\"og:image\" content=\"https:\/\/longchangchemical.com\/wp-content\/uploads\/2022\/03\/Santicor\u00ae-TTA-S-Tolytriazole-sodium-salt-CAS-64665-57-2.jpg\" \/>\n\t<meta property=\"og:image:width\" content=\"600\" \/>\n\t<meta property=\"og:image:height\" content=\"800\" \/>\n\t<meta property=\"og:image:type\" content=\"image\/jpeg\" \/>\n<meta name=\"twitter:card\" content=\"summary_large_image\" \/>\n<script type=\"application\/ld+json\" class=\"yoast-schema-graph\">{\"@context\":\"https:\/\/schema.org\",\"@graph\":[{\"@type\":\"WebPage\",\"@id\":\"https:\/\/longchangchemical.com\/product\/santicor-tta-s-tolytriazole-sodium-salt-64665-57-2\/\",\"url\":\"https:\/\/longchangchemical.com\/product\/santicor-tta-s-tolytriazole-sodium-salt-64665-57-2\/\",\"name\":\"China Tolytriazole sodium salt manufacturer \uff06 CAS 64665-57-2 supplier - Longchang Chemical\",\"isPartOf\":{\"@id\":\"https:\/\/longchangchemical.com\/#website\"},\"primaryImageOfPage\":{\"@id\":\"https:\/\/longchangchemical.com\/product\/santicor-tta-s-tolytriazole-sodium-salt-64665-57-2\/#primaryimage\"},\"image\":{\"@id\":\"https:\/\/longchangchemical.com\/product\/santicor-tta-s-tolytriazole-sodium-salt-64665-57-2\/#primaryimage\"},\"thumbnailUrl\":\"https:\/\/longchangchemical.com\/wp-content\/uploads\/2022\/03\/Santicor\u00ae-TTA-S-Tolytriazole-sodium-salt-CAS-64665-57-2.jpg\",\"datePublished\":\"2022-03-08T06:01:53+00:00\",\"dateModified\":\"2025-12-22T07:09:05+00:00\",\"description\":\"Longchang Chemical is China Tolytriazole sodium salt manufacturer \uff06 CAS 64665-57-2 supplier. This product can replace Benzotriazole, methyl, sodium salt; Natrium-4(oder 5)-methyl-1H-benzo-triazolid; Sodium 4 methyl -1H benzotriazolide; Sodium 4(or 5)-methyl-1H-benzotriazolide; Sodium Tolyltriazole; Sodium Tolytriazole.\",\"breadcrumb\":{\"@id\":\"https:\/\/longchangchemical.com\/product\/santicor-tta-s-tolytriazole-sodium-salt-64665-57-2\/#breadcrumb\"},\"inLanguage\":\"hu\",\"potentialAction\":[{\"@type\":\"ReadAction\",\"target\":[\"https:\/\/longchangchemical.com\/product\/santicor-tta-s-tolytriazole-sodium-salt-64665-57-2\/\"]}]},{\"@type\":\"ImageObject\",\"inLanguage\":\"hu\",\"@id\":\"https:\/\/longchangchemical.com\/product\/santicor-tta-s-tolytriazole-sodium-salt-64665-57-2\/#primaryimage\",\"url\":\"https:\/\/longchangchemical.com\/wp-content\/uploads\/2022\/03\/Santicor\u00ae-TTA-S-Tolytriazole-sodium-salt-CAS-64665-57-2.jpg\",\"contentUrl\":\"https:\/\/longchangchemical.com\/wp-content\/uploads\/2022\/03\/Santicor\u00ae-TTA-S-Tolytriazole-sodium-salt-CAS-64665-57-2.jpg\",\"width\":600,\"height\":800},{\"@type\":\"BreadcrumbList\",\"@id\":\"https:\/\/longchangchemical.com\/product\/santicor-tta-s-tolytriazole-sodium-salt-64665-57-2\/#breadcrumb\",\"itemListElement\":[{\"@type\":\"ListItem\",\"position\":1,\"name\":\"Home\",\"item\":\"https:\/\/longchangchemical.com\/\"},{\"@type\":\"ListItem\",\"position\":2,\"name\":\"Products Longchang\",\"item\":\"https:\/\/longchangchemical.com\/product\/\"},{\"@type\":\"ListItem\",\"position\":3,\"name\":\"Santicor\u00ae TTA-S | Tolytriazole sodium salt CAS 64665-57-2\"}]},{\"@type\":\"WebSite\",\"@id\":\"https:\/\/longchangchemical.com\/#website\",\"url\":\"https:\/\/longchangchemical.com\/\",\"name\":\"Longchang Chemical\",\"description\":\"China chemical manufacturer \uff06 supplier\",\"publisher\":{\"@id\":\"https:\/\/longchangchemical.com\/#organization\"},\"potentialAction\":[{\"@type\":\"SearchAction\",\"target\":{\"@type\":\"EntryPoint\",\"urlTemplate\":\"https:\/\/longchangchemical.com\/?s={search_term_string}\"},\"query-input\":{\"@type\":\"PropertyValueSpecification\",\"valueRequired\":true,\"valueName\":\"search_term_string\"}}],\"inLanguage\":\"hu\"},{\"@type\":\"Organization\",\"@id\":\"https:\/\/longchangchemical.com\/#organization\",\"name\":\"Longchang Chemical\",\"url\":\"https:\/\/longchangchemical.com\/\",\"logo\":{\"@type\":\"ImageObject\",\"inLanguage\":\"hu\",\"@id\":\"https:\/\/longchangchemical.com\/#\/schema\/logo\/image\/\",\"url\":\"https:\/\/longchangchemical.com\/wp-content\/uploads\/2020\/08\/cropped-longchang-logo.png\",\"contentUrl\":\"https:\/\/longchangchemical.com\/wp-content\/uploads\/2020\/08\/cropped-longchang-logo.png\",\"width\":512,\"height\":512,\"caption\":\"Longchang Chemical\"},\"image\":{\"@id\":\"https:\/\/longchangchemical.com\/#\/schema\/logo\/image\/\"}}]}<\/script>\n<!-- \/ Yoast SEO plugin. -->","yoast_head_json":{"title":"K\u00edna Tolytriazol n\u00e1trium s\u00f3 gy\u00e1rt\u00f3 \uff06 CAS 64665-57-2 sz\u00e1ll\u00edt\u00f3 - Longchang Chemical","description":"Longchang Chemical K\u00edna Tolytriazol n\u00e1trium s\u00f3 gy\u00e1rt\u00f3 \uff06 CAS 64665-57-2 sz\u00e1ll\u00edt\u00f3. Ez a term\u00e9k helyettes\u00edtheti a benzotriazol, metil, n\u00e1triums\u00f3; N\u00e1trium-4(vagy 5)-metil-1H-benzo-triazolid; N\u00e1trium-4-metil -1H benzotriazolid; N\u00e1trium-4(vagy 5)-metil-1H-benzotriazolid; N\u00e1trium-toliltriazol; N\u00e1trium-tolytriazol.","robots":{"index":"index","follow":"follow","max-snippet":"max-snippet:-1","max-image-preview":"max-image-preview:large","max-video-preview":"max-video-preview:-1"},"canonical":"https:\/\/longchangchemical.com\/hu\/product\/santicor-tta-s-tolytriazole-sodium-salt-64665-57-2\/","og_locale":"hu_HU","og_type":"article","og_title":"China Tolytriazole sodium salt manufacturer \uff06 CAS 64665-57-2 supplier - Longchang Chemical","og_description":"Longchang Chemical is China Tolytriazole sodium salt manufacturer \uff06 CAS 64665-57-2 supplier. This product can replace Benzotriazole, methyl, sodium salt; Natrium-4(oder 5)-methyl-1H-benzo-triazolid; Sodium 4 methyl -1H benzotriazolide; Sodium 4(or 5)-methyl-1H-benzotriazolide; Sodium Tolyltriazole; Sodium Tolytriazole.","og_url":"https:\/\/longchangchemical.com\/hu\/product\/santicor-tta-s-tolytriazole-sodium-salt-64665-57-2\/","og_site_name":"Longchang Chemical","article_modified_time":"2025-12-22T07:09:05+00:00","og_image":[{"width":600,"height":800,"url":"https:\/\/longchangchemical.com\/wp-content\/uploads\/2022\/03\/Santicor\u00ae-TTA-S-Tolytriazole-sodium-salt-CAS-64665-57-2.jpg","type":"image\/jpeg"}],"twitter_card":"summary_large_image","schema":{"@context":"https:\/\/schema.org","@graph":[{"@type":"WebPage","@id":"https:\/\/longchangchemical.com\/product\/santicor-tta-s-tolytriazole-sodium-salt-64665-57-2\/","url":"https:\/\/longchangchemical.com\/product\/santicor-tta-s-tolytriazole-sodium-salt-64665-57-2\/","name":"K\u00edna Tolytriazol n\u00e1trium s\u00f3 gy\u00e1rt\u00f3 \uff06 CAS 64665-57-2 sz\u00e1ll\u00edt\u00f3 - Longchang Chemical","isPartOf":{"@id":"https:\/\/longchangchemical.com\/#website"},"primaryImageOfPage":{"@id":"https:\/\/longchangchemical.com\/product\/santicor-tta-s-tolytriazole-sodium-salt-64665-57-2\/#primaryimage"},"image":{"@id":"https:\/\/longchangchemical.com\/product\/santicor-tta-s-tolytriazole-sodium-salt-64665-57-2\/#primaryimage"},"thumbnailUrl":"https:\/\/longchangchemical.com\/wp-content\/uploads\/2022\/03\/Santicor\u00ae-TTA-S-Tolytriazole-sodium-salt-CAS-64665-57-2.jpg","datePublished":"2022-03-08T06:01:53+00:00","dateModified":"2025-12-22T07:09:05+00:00","description":"Longchang Chemical K\u00edna Tolytriazol n\u00e1trium s\u00f3 gy\u00e1rt\u00f3 \uff06 CAS 64665-57-2 sz\u00e1ll\u00edt\u00f3. Ez a term\u00e9k helyettes\u00edtheti a benzotriazol, metil, n\u00e1triums\u00f3; N\u00e1trium-4(vagy 5)-metil-1H-benzo-triazolid; N\u00e1trium-4-metil -1H benzotriazolid; N\u00e1trium-4(vagy 5)-metil-1H-benzotriazolid; N\u00e1trium-toliltriazol; N\u00e1trium-tolytriazol.","breadcrumb":{"@id":"https:\/\/longchangchemical.com\/product\/santicor-tta-s-tolytriazole-sodium-salt-64665-57-2\/#breadcrumb"},"inLanguage":"hu","potentialAction":[{"@type":"ReadAction","target":["https:\/\/longchangchemical.com\/product\/santicor-tta-s-tolytriazole-sodium-salt-64665-57-2\/"]}]},{"@type":"ImageObject","inLanguage":"hu","@id":"https:\/\/longchangchemical.com\/product\/santicor-tta-s-tolytriazole-sodium-salt-64665-57-2\/#primaryimage","url":"https:\/\/longchangchemical.com\/wp-content\/uploads\/2022\/03\/Santicor\u00ae-TTA-S-Tolytriazole-sodium-salt-CAS-64665-57-2.jpg","contentUrl":"https:\/\/longchangchemical.com\/wp-content\/uploads\/2022\/03\/Santicor\u00ae-TTA-S-Tolytriazole-sodium-salt-CAS-64665-57-2.jpg","width":600,"height":800},{"@type":"BreadcrumbList","@id":"https:\/\/longchangchemical.com\/product\/santicor-tta-s-tolytriazole-sodium-salt-64665-57-2\/#breadcrumb","itemListElement":[{"@type":"ListItem","position":1,"name":"Home","item":"https:\/\/longchangchemical.com\/"},{"@type":"ListItem","position":2,"name":"Products Longchang","item":"https:\/\/longchangchemical.com\/product\/"},{"@type":"ListItem","position":3,"name":"Santicor\u00ae TTA-S | Tolytriazole sodium salt CAS 64665-57-2"}]},{"@type":"WebSite","@id":"https:\/\/longchangchemical.com\/#website","url":"https:\/\/longchangchemical.com\/","name":"Longchang Chemical","description":"K\u00edna k\u00e9miai gy\u00e1rt\u00f3 \uff06 sz\u00e1ll\u00edt\u00f3","publisher":{"@id":"https:\/\/longchangchemical.com\/#organization"},"potentialAction":[{"@type":"SearchAction","target":{"@type":"EntryPoint","urlTemplate":"https:\/\/longchangchemical.com\/?s={search_term_string}"},"query-input":{"@type":"PropertyValueSpecification","valueRequired":true,"valueName":"search_term_string"}}],"inLanguage":"hu"},{"@type":"Organization","@id":"https:\/\/longchangchemical.com\/#organization","name":"Longchang Chemical","url":"https:\/\/longchangchemical.com\/","logo":{"@type":"ImageObject","inLanguage":"hu","@id":"https:\/\/longchangchemical.com\/#\/schema\/logo\/image\/","url":"https:\/\/longchangchemical.com\/wp-content\/uploads\/2020\/08\/cropped-longchang-logo.png","contentUrl":"https:\/\/longchangchemical.com\/wp-content\/uploads\/2020\/08\/cropped-longchang-logo.png","width":512,"height":512,"caption":"Longchang Chemical"},"image":{"@id":"https:\/\/longchangchemical.com\/#\/schema\/logo\/image\/"}}]}},"_links":{"self":[{"href":"https:\/\/longchangchemical.com\/hu\/wp-json\/wp\/v2\/product\/5110","targetHints":{"allow":["GET"]}}],"collection":[{"href":"https:\/\/longchangchemical.com\/hu\/wp-json\/wp\/v2\/product"}],"about":[{"href":"https:\/\/longchangchemical.com\/hu\/wp-json\/wp\/v2\/types\/product"}],"replies":[{"embeddable":true,"href":"https:\/\/longchangchemical.com\/hu\/wp-json\/wp\/v2\/comments?post=5110"}],"wp:featuredmedia":[{"embeddable":true,"href":"https:\/\/longchangchemical.com\/hu\/wp-json\/wp\/v2\/media\/5112"}],"wp:attachment":[{"href":"https:\/\/longchangchemical.com\/hu\/wp-json\/wp\/v2\/media?parent=5110"}],"wp:term":[{"taxonomy":"product_brand","embeddable":true,"href":"https:\/\/longchangchemical.com\/hu\/wp-json\/wp\/v2\/product_brand?post=5110"},{"taxonomy":"product_cat","embeddable":true,"href":"https:\/\/longchangchemical.com\/hu\/wp-json\/wp\/v2\/product_cat?post=5110"},{"taxonomy":"product_tag","embeddable":true,"href":"https:\/\/longchangchemical.com\/hu\/wp-json\/wp\/v2\/product_tag?post=5110"}],"curies":[{"name":"wp","href":"https:\/\/api.w.org\/{rel}","templated":true}]}}