{"id":5105,"date":"2022-03-07T08:36:54","date_gmt":"2022-03-07T08:36:54","guid":{"rendered":"https:\/\/longchangchemical.com\/?post_type=product&#038;p=5105"},"modified":"2025-12-22T07:12:35","modified_gmt":"2025-12-22T07:12:35","slug":"tta-tolytriazole-cas-29385-43-1","status":"publish","type":"product","link":"https:\/\/longchangchemical.com\/hu\/product\/tta-tolytriazole-cas-29385-43-1\/","title":{"rendered":"Santicor\u00aeTTA | Tolytriazol CAS 29385-43-1"},"content":{"rendered":"<h1>Santicor\u00aeTTA Tolytriazol CAS 29385-43-1<\/h1>\n<table style=\"border-collapse: collapse; width: 200.28pt;\" border=\"0\" width=\"267\" cellspacing=\"0\" cellpadding=\"0\">\n<tbody>\n<tr style=\"height: 39.00pt;\">\n<td class=\"et2\" style=\"height: 39.00pt; width: 89.25pt;\" width=\"119\" height=\"52\">projekt<\/td>\n<td class=\"et3\" style=\"width: 111.00pt;\" width=\"148\">standard<\/td>\n<\/tr>\n<tr style=\"height: 39.00pt;\">\n<td class=\"et2\" style=\"height: 39.00pt;\" height=\"52\">Megjelen\u00e9s<\/td>\n<td class=\"et3\" style=\"width: 111.00pt;\" width=\"148\">Vil\u00e1goss\u00e1rga vagy feh\u00e9r sz\u00edn\u0171 szemcs\u00e9k vagy por<\/td>\n<\/tr>\n<tr style=\"height: 39.00pt;\">\n<td class=\"et2\" style=\"height: 39.00pt;\" height=\"52\">tisztas\u00e1g(%)<\/td>\n<td class=\"et3\" style=\"width: 111.00pt;\" width=\"148\">99.5 MIN<\/td>\n<\/tr>\n<tr style=\"height: 39.00pt;\">\n<td class=\"et2\" style=\"height: 39.00pt;\" height=\"52\">Olvad\u00e1spont (\u00b0C)<\/td>\n<td class=\"et3\" style=\"width: 111.00pt;\" width=\"148\">80-86<\/td>\n<\/tr>\n<tr style=\"height: 39.00pt;\">\n<td class=\"et2\" style=\"height: 39.00pt;\" height=\"52\">Nedvess\u00e9g (%)<\/td>\n<td class=\"et3\" style=\"width: 111.00pt;\" width=\"148\">0.2MAX<\/td>\n<\/tr>\n<tr style=\"height: 39.00pt;\">\n<td class=\"et2\" style=\"height: 39.00pt;\" height=\"52\">K\u0151ris (%)<\/td>\n<td class=\"et3\" style=\"width: 111.00pt;\" width=\"148\">0.05MAX<\/td>\n<\/tr>\n<tr style=\"height: 39.00pt;\">\n<td class=\"et2\" style=\"height: 39.00pt;\" height=\"52\">PH<\/td>\n<td class=\"et3\" style=\"width: 111.00pt;\" width=\"148\">5.5-6.5<\/td>\n<\/tr>\n<tr style=\"height: 39.00pt;\">\n<td class=\"et2\" style=\"height: 39.00pt;\" height=\"52\">Alkoholos oldhat\u00f3s\u00e1g<\/td>\n<td class=\"et3\" style=\"width: 111.00pt;\" width=\"148\">Tiszta \u00e9s \u00e1tl\u00e1tsz\u00f3, l\u00e1that\u00f3 mechanikai szennyez\u0151d\u00e9sek n\u00e9lk\u00fcl<\/td>\n<\/tr>\n<\/tbody>\n<\/table>\n<h2><\/h2>\n<h2><strong>Tolytriazol felhaszn\u00e1l\u00e1s<\/strong><\/h2>\n<p>1. Ezt a term\u00e9ket els\u0151sorban rozsdag\u00e1tl\u00f3k\u00e9nt \u00e9s korr\u00f3zi\u00f3g\u00e1tl\u00f3k\u00e9nt haszn\u00e1lj\u00e1k f\u00e9mek (pl. ez\u00fcst, r\u00e9z, \u00f3lom, nikkel, cink stb.) korr\u00f3zi\u00f3g\u00e1tl\u00f3, ken\u0151anyag-adal\u00e9k, aut\u00f3ipari fagy\u00e1ll\u00f3.<\/p>\n<p>2. Ez a term\u00e9k keringtetett v\u00edzkezel\u0151 szerk\u00e9nt is haszn\u00e1lhat\u00f3, k\u00fcl\u00f6nf\u00e9le v\u00edzk\u0151g\u00e1tl\u00f3kkal, bakt\u00e9rium\u00f6l\u0151 \u00e9s algicidekkel egy\u00fctt alkalmazva, k\u00fcl\u00f6n\u00f6sen z\u00e1rt keringtetett h\u0171t\u0151v\u00edzrendszerekben.<\/p>\n<p>Ez a term\u00e9k helyettes\u00edthet\u0151 Metil-1H-benzotriazol; 1-metil-1H-1,2,3-benzotriazol; 1-metil-1H-benzotriazol; 1-metil-benzotriazol; 4-metil-1H-1,2,3-benzotriazol; 4-metil-1H-benzotriazol; 4-metil-2H-benzotriazol; 5-metil-1,2,3-benzotriazol; METHYL 1H BENZOTYRIAZOL.<\/p>\n<h2><strong>Tolytriazol csomagol\u00e1s<\/strong><\/h2>\n<p>25 kg-os kraft pap\u00edrzacsk\u00f3 vagy az \u00fcgyf\u00e9l k\u00e9r\u00e9s\u00e9re.<\/p>\n<p>&nbsp;<\/p>\n<h2><strong>Ugyanazon sorozat term\u00e9kei<\/strong><\/h2>\n<table style=\"border-collapse: collapse; width: 362.27pt;\" border=\"0\" width=\"483\" cellspacing=\"0\" cellpadding=\"0\">\n<tbody>\n<tr style=\"height: 13.50pt;\">\n<td style=\"height: 13.50pt; width: 111.00pt;\" width=\"148\" height=\"18\">Santicor\u00ae TTA<\/td>\n<td style=\"width: 168.75pt;\" width=\"225\">Toliltriazol<\/td>\n<td style=\"width: 82.50pt;\" width=\"110\">29385-43-1<\/td>\n<\/tr>\n<tr style=\"height: 13.50pt;\">\n<td style=\"height: 13.50pt;\" height=\"18\"><a href=\"https:\/\/longchangchemical.com\/hu\/product\/santicor-tta-s-tolytriazole-sodium-salt-64665-57-2\/\"><span style=\"color: #00ccff;\">Santicor\u00ae TTA-S<\/span><\/a><\/td>\n<td><span style=\"color: #000000;\">Tolittriazol n\u00e1triums\u00f3<\/span><\/td>\n<td><span style=\"color: #000000;\">64665-57-2<\/span><\/td>\n<\/tr>\n<tr style=\"height: 13.50pt;\">\n<td style=\"height: 13.50pt;\" height=\"18\">Santicor\u00ae TTA-2<\/td>\n<td>5-Metil-1H-benzotriazol<\/td>\n<td>136-85-6<\/td>\n<\/tr>\n<tr style=\"height: 13.50pt;\">\n<td style=\"height: 13.50pt;\" height=\"18\">Santicor\u00ae BTA<\/td>\n<td>1H-Benzotriazol<\/td>\n<td>95-14-7<\/td>\n<\/tr>\n<tr style=\"height: 13.50pt;\">\n<td style=\"height: 13.50pt;\" height=\"18\">Santicor\u00ae BTA-Na<\/td>\n<td>BENZOTRIAZOL, N\u00c1TRIUMS\u00d3<\/td>\n<td>15217-42-2<\/td>\n<\/tr>\n<\/tbody>\n<\/table>\n<p>&nbsp;<\/p>\n<h2><strong><b>L\u00e9pjen kapcsolatba vel\u00fcnk most!<\/b><\/strong><\/h2>\n<h4><strong><b>Ha COA, MSDS vagy TDS-re van sz\u00fcks\u00e9ge, k\u00e9rj\u00fck, t\u00f6ltse ki el\u00e9rhet\u0151s\u00e9g\u00e9t az al\u00e1bbi \u0171rlapon, \u00e1ltal\u00e1ban 24 \u00f3r\u00e1n bel\u00fcl felvessz\u00fck \u00d6nnel a kapcsolatot. \u00d6n is k\u00fcldhet nekem e-mailt <span style=\"color: #0000ff;\"><a style=\"color: #0000ff;\" href=\"mailto:info@longchangchemical.com\">info@longchangchemical.com<\/a><\/span> munkaid\u0151ben ( 8:30-18:00 UTC+8 H.-P\u00e9ntek) vagy haszn\u00e1lja a weboldal \u00e9l\u0151 chatj\u00e9t, hogy azonnali v\u00e1laszt kapjon.<\/b><\/strong><\/h4>","protected":false},"excerpt":{"rendered":"<p>Term\u00e9k neve: Tolutriazol<\/p>\n<p>Egy\u00e9b n\u00e9v: 1-metil-1H-benzotriazol; 1-metil-1H-1,2,3-benzotriazol; 1-metil-1H-benzotriazol; 1-metil-benzotriazol; 4-metil-1H-1,2,3-benzotriazol; 4-metil-1H-benzotriazol; 4-metil-2H-benzotriazol; 5-metil-1,2,3-benzotriazol; METHIL-1H-BENZOTIRIAZOL.<\/p>\n<p>CAS-sz\u00e1m: 29385-43-1<\/p>\n<p>Molekulat\u00f6meg: 133,15<\/p>\n<p>K\u00e9miai k\u00e9plet: C7H7N3<\/p>\n<p>Megjelen\u00e9s: A term\u00e9k megjelen\u00e9se vil\u00e1goss\u00e1rga vagy feh\u00e9r sz\u00edn\u0171 szemcs\u00e9k vagy por, amely 4-metil-benzotriazol \u00e9s 5-metil-1H-benzotriazol kever\u00e9ke.<\/p>","protected":false},"featured_media":5106,"comment_status":"open","ping_status":"closed","template":"","meta":[],"product_brand":[],"product_cat":[135],"product_tag":[],"class_list":{"0":"post-5105","1":"product","2":"type-product","3":"status-publish","4":"has-post-thumbnail","6":"product_cat-santicor-corrosion-inhibitor","8":"first","9":"instock","10":"shipping-taxable","11":"product-type-simple"},"yoast_head":"<!-- This site is optimized with the Yoast SEO plugin v25.3.1 - https:\/\/yoast.com\/wordpress\/plugins\/seo\/ -->\n<title>China Tolytriazole manufacturer \uff06 29385-43-1 supplier - Longchang Chemical<\/title>\n<meta name=\"description\" content=\"Longchang Chemical is China Tolytriazole manufacturer \uff06 29385-43-1 supplier. Tolutriazole can be replaced Methyl-1H-benzotriazole; 1-methyl-1H-1,2,3-benzotriazole; 1-methyl-1H-benzotriazole; 1-methylbenzotriazole; 4-Methyl-1H-1,2,3-benzotriazol; 4-methyl-1H-benzotriazole; 4-methyl-2H-benzotriazole; 5-Methyl-1,2,3-benzotriazol; METHYL 1H BENZOTYRIAZOLE.\" \/>\n<meta name=\"robots\" content=\"index, follow, max-snippet:-1, max-image-preview:large, max-video-preview:-1\" \/>\n<link rel=\"canonical\" href=\"https:\/\/longchangchemical.com\/hu\/product\/tta-tolytriazole-cas-29385-43-1\/\" \/>\n<meta property=\"og:locale\" content=\"hu_HU\" \/>\n<meta property=\"og:type\" content=\"article\" \/>\n<meta property=\"og:title\" content=\"China Tolytriazole manufacturer \uff06 29385-43-1 supplier - Longchang Chemical\" \/>\n<meta property=\"og:description\" content=\"Longchang Chemical is China Tolytriazole manufacturer \uff06 29385-43-1 supplier. Tolutriazole can be replaced Methyl-1H-benzotriazole; 1-methyl-1H-1,2,3-benzotriazole; 1-methyl-1H-benzotriazole; 1-methylbenzotriazole; 4-Methyl-1H-1,2,3-benzotriazol; 4-methyl-1H-benzotriazole; 4-methyl-2H-benzotriazole; 5-Methyl-1,2,3-benzotriazol; METHYL 1H BENZOTYRIAZOLE.\" \/>\n<meta property=\"og:url\" content=\"https:\/\/longchangchemical.com\/hu\/product\/tta-tolytriazole-cas-29385-43-1\/\" \/>\n<meta property=\"og:site_name\" content=\"Longchang Chemical\" \/>\n<meta property=\"article:modified_time\" content=\"2025-12-22T07:12:35+00:00\" \/>\n<meta property=\"og:image\" content=\"https:\/\/longchangchemical.com\/wp-content\/uploads\/2022\/03\/Santicor\u00aeTTA-Tolytriazole-CAS-29385-43-1.jpg\" \/>\n\t<meta property=\"og:image:width\" content=\"600\" \/>\n\t<meta property=\"og:image:height\" content=\"800\" \/>\n\t<meta property=\"og:image:type\" content=\"image\/jpeg\" \/>\n<meta name=\"twitter:card\" content=\"summary_large_image\" \/>\n<script type=\"application\/ld+json\" class=\"yoast-schema-graph\">{\"@context\":\"https:\/\/schema.org\",\"@graph\":[{\"@type\":\"WebPage\",\"@id\":\"https:\/\/longchangchemical.com\/product\/tta-tolytriazole-cas-29385-43-1\/\",\"url\":\"https:\/\/longchangchemical.com\/product\/tta-tolytriazole-cas-29385-43-1\/\",\"name\":\"China Tolytriazole manufacturer \uff06 29385-43-1 supplier - Longchang Chemical\",\"isPartOf\":{\"@id\":\"https:\/\/longchangchemical.com\/#website\"},\"primaryImageOfPage\":{\"@id\":\"https:\/\/longchangchemical.com\/product\/tta-tolytriazole-cas-29385-43-1\/#primaryimage\"},\"image\":{\"@id\":\"https:\/\/longchangchemical.com\/product\/tta-tolytriazole-cas-29385-43-1\/#primaryimage\"},\"thumbnailUrl\":\"https:\/\/longchangchemical.com\/wp-content\/uploads\/2022\/03\/Santicor\u00aeTTA-Tolytriazole-CAS-29385-43-1.jpg\",\"datePublished\":\"2022-03-07T08:36:54+00:00\",\"dateModified\":\"2025-12-22T07:12:35+00:00\",\"description\":\"Longchang Chemical is China Tolytriazole manufacturer \uff06 29385-43-1 supplier. Tolutriazole can be replaced Methyl-1H-benzotriazole; 1-methyl-1H-1,2,3-benzotriazole; 1-methyl-1H-benzotriazole; 1-methylbenzotriazole; 4-Methyl-1H-1,2,3-benzotriazol; 4-methyl-1H-benzotriazole; 4-methyl-2H-benzotriazole; 5-Methyl-1,2,3-benzotriazol; METHYL 1H BENZOTYRIAZOLE.\",\"breadcrumb\":{\"@id\":\"https:\/\/longchangchemical.com\/product\/tta-tolytriazole-cas-29385-43-1\/#breadcrumb\"},\"inLanguage\":\"hu\",\"potentialAction\":[{\"@type\":\"ReadAction\",\"target\":[\"https:\/\/longchangchemical.com\/product\/tta-tolytriazole-cas-29385-43-1\/\"]}]},{\"@type\":\"ImageObject\",\"inLanguage\":\"hu\",\"@id\":\"https:\/\/longchangchemical.com\/product\/tta-tolytriazole-cas-29385-43-1\/#primaryimage\",\"url\":\"https:\/\/longchangchemical.com\/wp-content\/uploads\/2022\/03\/Santicor\u00aeTTA-Tolytriazole-CAS-29385-43-1.jpg\",\"contentUrl\":\"https:\/\/longchangchemical.com\/wp-content\/uploads\/2022\/03\/Santicor\u00aeTTA-Tolytriazole-CAS-29385-43-1.jpg\",\"width\":600,\"height\":800},{\"@type\":\"BreadcrumbList\",\"@id\":\"https:\/\/longchangchemical.com\/product\/tta-tolytriazole-cas-29385-43-1\/#breadcrumb\",\"itemListElement\":[{\"@type\":\"ListItem\",\"position\":1,\"name\":\"Home\",\"item\":\"https:\/\/longchangchemical.com\/\"},{\"@type\":\"ListItem\",\"position\":2,\"name\":\"Products Longchang\",\"item\":\"https:\/\/longchangchemical.com\/product\/\"},{\"@type\":\"ListItem\",\"position\":3,\"name\":\"Santicor\u00aeTTA | Tolytriazole CAS 29385-43-1\"}]},{\"@type\":\"WebSite\",\"@id\":\"https:\/\/longchangchemical.com\/#website\",\"url\":\"https:\/\/longchangchemical.com\/\",\"name\":\"Longchang Chemical\",\"description\":\"China chemical manufacturer \uff06 supplier\",\"publisher\":{\"@id\":\"https:\/\/longchangchemical.com\/#organization\"},\"potentialAction\":[{\"@type\":\"SearchAction\",\"target\":{\"@type\":\"EntryPoint\",\"urlTemplate\":\"https:\/\/longchangchemical.com\/?s={search_term_string}\"},\"query-input\":{\"@type\":\"PropertyValueSpecification\",\"valueRequired\":true,\"valueName\":\"search_term_string\"}}],\"inLanguage\":\"hu\"},{\"@type\":\"Organization\",\"@id\":\"https:\/\/longchangchemical.com\/#organization\",\"name\":\"Longchang Chemical\",\"url\":\"https:\/\/longchangchemical.com\/\",\"logo\":{\"@type\":\"ImageObject\",\"inLanguage\":\"hu\",\"@id\":\"https:\/\/longchangchemical.com\/#\/schema\/logo\/image\/\",\"url\":\"https:\/\/longchangchemical.com\/wp-content\/uploads\/2020\/08\/cropped-longchang-logo.png\",\"contentUrl\":\"https:\/\/longchangchemical.com\/wp-content\/uploads\/2020\/08\/cropped-longchang-logo.png\",\"width\":512,\"height\":512,\"caption\":\"Longchang Chemical\"},\"image\":{\"@id\":\"https:\/\/longchangchemical.com\/#\/schema\/logo\/image\/\"}}]}<\/script>\n<!-- \/ Yoast SEO plugin. -->","yoast_head_json":{"title":"K\u00edna Tolytriazol gy\u00e1rt\u00f3 \uff06 29385-43-1 sz\u00e1ll\u00edt\u00f3 - Longchang Chemical","description":"Longchang Chemical K\u00edna Tolytriazole gy\u00e1rt\u00f3 \uff06 29385-43-1 sz\u00e1ll\u00edt\u00f3ja. A tolotriazol helyettes\u00edthet\u0151 metil-1H-benzotriazol; 1-metil-1H-1,2,3-benzotriazol; 1-metil-1H-benzotriazol; 1-metilbenzotriazol; 4-metil-1H-1,2,3-benzotriazol; 4-metil-1H-benzotriazol; 4-metil-2H-benzotriazol; 5-metil-1,2,3-benzotriazol; METHIL-1H-BENZOTIRIAZOL.","robots":{"index":"index","follow":"follow","max-snippet":"max-snippet:-1","max-image-preview":"max-image-preview:large","max-video-preview":"max-video-preview:-1"},"canonical":"https:\/\/longchangchemical.com\/hu\/product\/tta-tolytriazole-cas-29385-43-1\/","og_locale":"hu_HU","og_type":"article","og_title":"China Tolytriazole manufacturer \uff06 29385-43-1 supplier - Longchang Chemical","og_description":"Longchang Chemical is China Tolytriazole manufacturer \uff06 29385-43-1 supplier. Tolutriazole can be replaced Methyl-1H-benzotriazole; 1-methyl-1H-1,2,3-benzotriazole; 1-methyl-1H-benzotriazole; 1-methylbenzotriazole; 4-Methyl-1H-1,2,3-benzotriazol; 4-methyl-1H-benzotriazole; 4-methyl-2H-benzotriazole; 5-Methyl-1,2,3-benzotriazol; METHYL 1H BENZOTYRIAZOLE.","og_url":"https:\/\/longchangchemical.com\/hu\/product\/tta-tolytriazole-cas-29385-43-1\/","og_site_name":"Longchang Chemical","article_modified_time":"2025-12-22T07:12:35+00:00","og_image":[{"width":600,"height":800,"url":"https:\/\/longchangchemical.com\/wp-content\/uploads\/2022\/03\/Santicor\u00aeTTA-Tolytriazole-CAS-29385-43-1.jpg","type":"image\/jpeg"}],"twitter_card":"summary_large_image","schema":{"@context":"https:\/\/schema.org","@graph":[{"@type":"WebPage","@id":"https:\/\/longchangchemical.com\/product\/tta-tolytriazole-cas-29385-43-1\/","url":"https:\/\/longchangchemical.com\/product\/tta-tolytriazole-cas-29385-43-1\/","name":"K\u00edna Tolytriazol gy\u00e1rt\u00f3 \uff06 29385-43-1 sz\u00e1ll\u00edt\u00f3 - Longchang Chemical","isPartOf":{"@id":"https:\/\/longchangchemical.com\/#website"},"primaryImageOfPage":{"@id":"https:\/\/longchangchemical.com\/product\/tta-tolytriazole-cas-29385-43-1\/#primaryimage"},"image":{"@id":"https:\/\/longchangchemical.com\/product\/tta-tolytriazole-cas-29385-43-1\/#primaryimage"},"thumbnailUrl":"https:\/\/longchangchemical.com\/wp-content\/uploads\/2022\/03\/Santicor\u00aeTTA-Tolytriazole-CAS-29385-43-1.jpg","datePublished":"2022-03-07T08:36:54+00:00","dateModified":"2025-12-22T07:12:35+00:00","description":"Longchang Chemical K\u00edna Tolytriazole gy\u00e1rt\u00f3 \uff06 29385-43-1 sz\u00e1ll\u00edt\u00f3ja. A tolotriazol helyettes\u00edthet\u0151 metil-1H-benzotriazol; 1-metil-1H-1,2,3-benzotriazol; 1-metil-1H-benzotriazol; 1-metilbenzotriazol; 4-metil-1H-1,2,3-benzotriazol; 4-metil-1H-benzotriazol; 4-metil-2H-benzotriazol; 5-metil-1,2,3-benzotriazol; METHIL-1H-BENZOTIRIAZOL.","breadcrumb":{"@id":"https:\/\/longchangchemical.com\/product\/tta-tolytriazole-cas-29385-43-1\/#breadcrumb"},"inLanguage":"hu","potentialAction":[{"@type":"ReadAction","target":["https:\/\/longchangchemical.com\/product\/tta-tolytriazole-cas-29385-43-1\/"]}]},{"@type":"ImageObject","inLanguage":"hu","@id":"https:\/\/longchangchemical.com\/product\/tta-tolytriazole-cas-29385-43-1\/#primaryimage","url":"https:\/\/longchangchemical.com\/wp-content\/uploads\/2022\/03\/Santicor\u00aeTTA-Tolytriazole-CAS-29385-43-1.jpg","contentUrl":"https:\/\/longchangchemical.com\/wp-content\/uploads\/2022\/03\/Santicor\u00aeTTA-Tolytriazole-CAS-29385-43-1.jpg","width":600,"height":800},{"@type":"BreadcrumbList","@id":"https:\/\/longchangchemical.com\/product\/tta-tolytriazole-cas-29385-43-1\/#breadcrumb","itemListElement":[{"@type":"ListItem","position":1,"name":"Home","item":"https:\/\/longchangchemical.com\/"},{"@type":"ListItem","position":2,"name":"Products Longchang","item":"https:\/\/longchangchemical.com\/product\/"},{"@type":"ListItem","position":3,"name":"Santicor\u00aeTTA | Tolytriazole CAS 29385-43-1"}]},{"@type":"WebSite","@id":"https:\/\/longchangchemical.com\/#website","url":"https:\/\/longchangchemical.com\/","name":"Longchang Chemical","description":"K\u00edna k\u00e9miai gy\u00e1rt\u00f3 \uff06 sz\u00e1ll\u00edt\u00f3","publisher":{"@id":"https:\/\/longchangchemical.com\/#organization"},"potentialAction":[{"@type":"SearchAction","target":{"@type":"EntryPoint","urlTemplate":"https:\/\/longchangchemical.com\/?s={search_term_string}"},"query-input":{"@type":"PropertyValueSpecification","valueRequired":true,"valueName":"search_term_string"}}],"inLanguage":"hu"},{"@type":"Organization","@id":"https:\/\/longchangchemical.com\/#organization","name":"Longchang Chemical","url":"https:\/\/longchangchemical.com\/","logo":{"@type":"ImageObject","inLanguage":"hu","@id":"https:\/\/longchangchemical.com\/#\/schema\/logo\/image\/","url":"https:\/\/longchangchemical.com\/wp-content\/uploads\/2020\/08\/cropped-longchang-logo.png","contentUrl":"https:\/\/longchangchemical.com\/wp-content\/uploads\/2020\/08\/cropped-longchang-logo.png","width":512,"height":512,"caption":"Longchang Chemical"},"image":{"@id":"https:\/\/longchangchemical.com\/#\/schema\/logo\/image\/"}}]}},"_links":{"self":[{"href":"https:\/\/longchangchemical.com\/hu\/wp-json\/wp\/v2\/product\/5105","targetHints":{"allow":["GET"]}}],"collection":[{"href":"https:\/\/longchangchemical.com\/hu\/wp-json\/wp\/v2\/product"}],"about":[{"href":"https:\/\/longchangchemical.com\/hu\/wp-json\/wp\/v2\/types\/product"}],"replies":[{"embeddable":true,"href":"https:\/\/longchangchemical.com\/hu\/wp-json\/wp\/v2\/comments?post=5105"}],"wp:featuredmedia":[{"embeddable":true,"href":"https:\/\/longchangchemical.com\/hu\/wp-json\/wp\/v2\/media\/5106"}],"wp:attachment":[{"href":"https:\/\/longchangchemical.com\/hu\/wp-json\/wp\/v2\/media?parent=5105"}],"wp:term":[{"taxonomy":"product_brand","embeddable":true,"href":"https:\/\/longchangchemical.com\/hu\/wp-json\/wp\/v2\/product_brand?post=5105"},{"taxonomy":"product_cat","embeddable":true,"href":"https:\/\/longchangchemical.com\/hu\/wp-json\/wp\/v2\/product_cat?post=5105"},{"taxonomy":"product_tag","embeddable":true,"href":"https:\/\/longchangchemical.com\/hu\/wp-json\/wp\/v2\/product_tag?post=5105"}],"curies":[{"name":"wp","href":"https:\/\/api.w.org\/{rel}","templated":true}]}}