{"id":5081,"date":"2022-02-23T05:35:54","date_gmt":"2022-02-23T05:35:54","guid":{"rendered":"https:\/\/longchangchemical.com\/?post_type=product&#038;p=5081"},"modified":"2024-04-28T03:18:17","modified_gmt":"2024-04-28T03:18:17","slug":"refined-c5-petroleum-resin-for-tire-rubber-compounding","status":"publish","type":"product","link":"https:\/\/longchangchemical.com\/hu\/product\/refined-c5-petroleum-resin-for-tire-rubber-compounding\/","title":{"rendered":"Finom\u00edtott C5 k\u0151olajgyanta gumiabroncsgumikever\u00e9khez"},"content":{"rendered":"<h1><strong>Finom\u00edtott C5 k\u0151olajgyanta gumiabroncsgumikever\u00e9khez<\/strong><\/h1>\n<h2><strong>A finom\u00edtott C5 k\u0151olajgyanta felhaszn\u00e1l\u00e1sa<\/strong><\/h2>\n<h4>A Soresyn\u00ae-C1085, Soresyn\u00ae-C1100, Soresyn\u00ae-C1101 Finom\u00edtott C5 k\u0151olajgyanta egyfajta alif\u00e1s k\u0151olajgyanta, amelyet sz\u00e9les k\u00f6rben haszn\u00e1lnak a gumiabroncsok gumikever\u00e9k\u00e9ben, term\u00e9szetes gumival (NR), szintetikus gumival, polietil\u00e9nnel, SIS, SEBS, EVA, stb. j\u00f3 kompatibilit\u00e1ssal rendelkezik a term\u00e9szetes ragaszt\u00f3gyant\u00e1kkal (mint p\u00e9ld\u00e1ul: terp\u00e9nek, gyanta \u00e9s sz\u00e1rmaz\u00e9kai) val\u00f3 kompatibilit\u00e1s is j\u00f3. A gumikever\u00e9kekben haszn\u00e1lhat\u00f3 ragaszt\u00f3szerk\u00e9nt, er\u0151s\u00edt\u0151szerk\u00e9nt, l\u00e1gy\u00edt\u00f3szerk\u00e9nt, t\u00f6lt\u0151anyagk\u00e9nt stb.<\/h4>\n<h2><strong>A finom\u00edtott C5 k\u0151olajgyanta jellemz\u0151i a gumikever\u00e9kekben<\/strong><\/h2>\n<h4>1. Kiv\u00e1l\u00f3 viszkozit\u00e1ssal rendelkezik<br \/>\n2. A feldolgoz\u00e1s sor\u00e1n l\u00e1gyulhat \u00e9s er\u0151s\u00f6dhet, \u00e9s jav\u00edthatja a ny\u00fajthat\u00f3s\u00e1got \u00e9s a h\u00e1ml\u00e1si ellen\u00e1ll\u00e1st<br \/>\n3. Jelent\u0151sen n\u00f6veli a viszkozit\u00e1st, de nem befoly\u00e1solja a kikem\u00e9nyed\u00e9si id\u0151t \u00e9s a fizikai tulajdons\u00e1gokat a kikem\u00e9nyed\u00e9s ut\u00e1n<br \/>\n4. Ker\u00fclje a feldolgoz\u00f3g\u00e9pekhez val\u00f3 tapad\u00e1st<br \/>\n5. Seg\u00edti a t\u00f6lt\u0151anyag egyenletes eloszl\u00e1s\u00e1t<br \/>\n6. M\u00e9rs\u00e9kelt sz\u00edn\u00e1rnyalatok<\/h4>\n<h4>Aj\u00e1nlott alkalmaz\u00e1si ter\u00fcletek: gumiabroncsok gumikever\u00e9ke<\/h4>\n<h4>Egy\u00e9b felhaszn\u00e1l\u00e1sok:<br \/>\n1. Egy\u00e9b gumiterm\u00e9kek, mint p\u00e9ld\u00e1ul talp, sarok, padl\u00f3, \u00f6vek, gumics\u00f6vek, bels\u0151 cs\u00f6vek, gumics\u00f6vek<br \/>\n2. Vil\u00e1gos sz\u00edn\u0171 gumi napi sz\u00fcks\u00e9gletek<br \/>\n3. A vil\u00e1gos sz\u00edn\u0171ek nyom\u00e1s\u00e9rz\u00e9keny ragaszt\u00f3khoz haszn\u00e1lhat\u00f3k.<\/h4>\n<h2><strong>Csomagol\u00e1s<\/strong><\/h2>\n<h4>A term\u00e9k csomagol\u00e1s\u00e1hoz polipropil\u00e9n f\u00f3liazs\u00e1kokkal b\u00e9lelt polipropil\u00e9n sz\u00f6v\u00f6tt zs\u00e1kokat vagy m\u00e1s csomagol\u00e1si felt\u00e9teleket kell alkalmazni. A csomagol\u00f3anyagoknak biztos\u00edtaniuk kell, hogy sz\u00e1ll\u00edt\u00e1s, rak\u00e1sol\u00e1s \u00e9s t\u00e1rol\u00e1s sor\u00e1n ne szennyez\u0151djenek vagy sziv\u00e1rogjanak, \u00e9s a nett\u00f3 tartalom 25KG, 500KG kop\u00e1s n\u00e9lk\u00fcl.<\/h4>\n<h2><strong>sz\u00e1ll\u00edt\u00e1s<\/strong><\/h2>\n<h4>Ez a term\u00e9k nem vesz\u00e9lyes. Sz\u00e1ll\u00edt\u00e1s, be- \u00e9s kirakod\u00e1s sor\u00e1n szigor\u00faan tilos \u00e9les eszk\u00f6z\u00f6ket, p\u00e9ld\u00e1ul vashorgot haszn\u00e1lni, \u00e9s nem szabad eldobni. A sz\u00e1ll\u00edt\u00f3eszk\u00f6zt tiszt\u00e1n \u00e9s sz\u00e1razon kell tartani, \u00e9s f\u00e9szerrel kell ell\u00e1tni. A sz\u00e1ll\u00edt\u00e1s sor\u00e1n nem keveredhet homokkal, f\u00e9mt\u00f6rmel\u00e9kkel, sz\u00e9nnel, \u00fcveggel stb. \u00e9s nem keveredhet m\u00e9rgez\u0151, mar\u00f3 vagy gy\u00fal\u00e9kony anyagokkal. Szigor\u00faan tilos a napnak vagy es\u0151nek kitenni. Zuhanyz\u00e1s.<\/h4>\n<h2><strong><b>L\u00e9pjen kapcsolatba vel\u00fcnk most!<\/b><\/strong><\/h2>\n<h4><strong><b>Ha COA-ra vagy TDS-re van sz\u00fcks\u00e9ge, k\u00e9rj\u00fck, t\u00f6ltse ki el\u00e9rhet\u0151s\u00e9g\u00e9t az al\u00e1bbi \u0171rlapon, \u00e1ltal\u00e1ban 24 \u00f3r\u00e1n bel\u00fcl felvessz\u00fck \u00d6nnel a kapcsolatot. E-mailben is k\u00fcldhet nekem <span style=\"color: #0000ff;\"><a style=\"color: #0000ff;\" href=\"mailto:info@longchangchemical.com\">info@longchangchemical.com<\/a><\/span> munkaid\u0151ben ( 8:30-18:00 UTC+8 H.-Szombat ) vagy haszn\u00e1lja a weboldal \u00e9l\u0151 chatj\u00e9t, hogy azonnali v\u00e1laszt kapjon.<\/b><\/strong><\/h4>","protected":false},"excerpt":{"rendered":"<h4><strong><b>Ha COA-ra vagy TDS-re van sz\u00fcks\u00e9ge, k\u00e9rj\u00fck, t\u00f6ltse ki el\u00e9rhet\u0151s\u00e9g\u00e9t az al\u00e1bbi \u0171rlapon, \u00e1ltal\u00e1ban 24 \u00f3r\u00e1n bel\u00fcl felvessz\u00fck \u00d6nnel a kapcsolatot. E-mailben is k\u00fcldhet nekem <span style=\"color: #0000ff;\"><a style=\"color: #0000ff;\" href=\"mailto:info@longchangchemical.com\">info@longchangchemical.com<\/a><\/span> munkaid\u0151ben ( 8:30-18:00 UTC+8 H.-Szombat).<\/b><\/strong><\/h4>","protected":false},"featured_media":5082,"comment_status":"open","ping_status":"closed","template":"","meta":[],"product_brand":[],"product_cat":[69,116],"product_tag":[],"class_list":{"0":"post-5081","1":"product","2":"type-product","3":"status-publish","4":"has-post-thumbnail","6":"product_cat-catalysts-chemical-auxiliary-agents","7":"product_cat-soresyn-resin","9":"first","10":"instock","11":"shipping-taxable","12":"product-type-simple"},"yoast_head":"<!-- This site is optimized with the Yoast SEO plugin v25.3.1 - https:\/\/yoast.com\/wordpress\/plugins\/seo\/ -->\n<title>Refined C5 petroleum resin manufacturer for tire rubber compounding - Longchang Chemical<\/title>\n<meta name=\"description\" content=\"Refined C5 petroleum resin for tire rubber compounding. China Refined C5 petroleum resin manufacturer \uff06 supplier.\" \/>\n<meta name=\"robots\" content=\"index, follow, max-snippet:-1, max-image-preview:large, max-video-preview:-1\" \/>\n<link rel=\"canonical\" href=\"https:\/\/longchangchemical.com\/hu\/product\/refined-c5-petroleum-resin-for-tire-rubber-compounding\/\" \/>\n<meta property=\"og:locale\" content=\"hu_HU\" \/>\n<meta property=\"og:type\" content=\"article\" \/>\n<meta property=\"og:title\" content=\"Refined C5 petroleum resin manufacturer for tire rubber compounding - Longchang Chemical\" \/>\n<meta property=\"og:description\" content=\"Refined C5 petroleum resin for tire rubber compounding. China Refined C5 petroleum resin manufacturer \uff06 supplier.\" \/>\n<meta property=\"og:url\" content=\"https:\/\/longchangchemical.com\/hu\/product\/refined-c5-petroleum-resin-for-tire-rubber-compounding\/\" \/>\n<meta property=\"og:site_name\" content=\"Longchang Chemical\" \/>\n<meta property=\"article:modified_time\" content=\"2024-04-28T03:18:17+00:00\" \/>\n<meta property=\"og:image\" content=\"https:\/\/longchangchemical.com\/wp-content\/uploads\/2022\/02\/resin.png\" \/>\n\t<meta property=\"og:image:width\" content=\"600\" \/>\n\t<meta property=\"og:image:height\" content=\"600\" \/>\n\t<meta property=\"og:image:type\" content=\"image\/png\" \/>\n<meta name=\"twitter:card\" content=\"summary_large_image\" \/>\n<script type=\"application\/ld+json\" class=\"yoast-schema-graph\">{\"@context\":\"https:\/\/schema.org\",\"@graph\":[{\"@type\":\"WebPage\",\"@id\":\"https:\/\/longchangchemical.com\/product\/refined-c5-petroleum-resin-for-tire-rubber-compounding\/\",\"url\":\"https:\/\/longchangchemical.com\/product\/refined-c5-petroleum-resin-for-tire-rubber-compounding\/\",\"name\":\"Refined C5 petroleum resin manufacturer for tire rubber compounding - Longchang Chemical\",\"isPartOf\":{\"@id\":\"https:\/\/longchangchemical.com\/#website\"},\"primaryImageOfPage\":{\"@id\":\"https:\/\/longchangchemical.com\/product\/refined-c5-petroleum-resin-for-tire-rubber-compounding\/#primaryimage\"},\"image\":{\"@id\":\"https:\/\/longchangchemical.com\/product\/refined-c5-petroleum-resin-for-tire-rubber-compounding\/#primaryimage\"},\"thumbnailUrl\":\"https:\/\/longchangchemical.com\/wp-content\/uploads\/2022\/02\/resin.png\",\"datePublished\":\"2022-02-23T05:35:54+00:00\",\"dateModified\":\"2024-04-28T03:18:17+00:00\",\"description\":\"Refined C5 petroleum resin for tire rubber compounding. China Refined C5 petroleum resin manufacturer \uff06 supplier.\",\"breadcrumb\":{\"@id\":\"https:\/\/longchangchemical.com\/product\/refined-c5-petroleum-resin-for-tire-rubber-compounding\/#breadcrumb\"},\"inLanguage\":\"hu\",\"potentialAction\":[{\"@type\":\"ReadAction\",\"target\":[\"https:\/\/longchangchemical.com\/product\/refined-c5-petroleum-resin-for-tire-rubber-compounding\/\"]}]},{\"@type\":\"ImageObject\",\"inLanguage\":\"hu\",\"@id\":\"https:\/\/longchangchemical.com\/product\/refined-c5-petroleum-resin-for-tire-rubber-compounding\/#primaryimage\",\"url\":\"https:\/\/longchangchemical.com\/wp-content\/uploads\/2022\/02\/resin.png\",\"contentUrl\":\"https:\/\/longchangchemical.com\/wp-content\/uploads\/2022\/02\/resin.png\",\"width\":600,\"height\":600},{\"@type\":\"BreadcrumbList\",\"@id\":\"https:\/\/longchangchemical.com\/product\/refined-c5-petroleum-resin-for-tire-rubber-compounding\/#breadcrumb\",\"itemListElement\":[{\"@type\":\"ListItem\",\"position\":1,\"name\":\"Home\",\"item\":\"https:\/\/longchangchemical.com\/\"},{\"@type\":\"ListItem\",\"position\":2,\"name\":\"Products Longchang\",\"item\":\"https:\/\/longchangchemical.com\/product\/\"},{\"@type\":\"ListItem\",\"position\":3,\"name\":\"Refined C5 petroleum resin for tire rubber compounding\"}]},{\"@type\":\"WebSite\",\"@id\":\"https:\/\/longchangchemical.com\/#website\",\"url\":\"https:\/\/longchangchemical.com\/\",\"name\":\"Longchang Chemical\",\"description\":\"China chemical manufacturer \uff06 supplier\",\"publisher\":{\"@id\":\"https:\/\/longchangchemical.com\/#organization\"},\"potentialAction\":[{\"@type\":\"SearchAction\",\"target\":{\"@type\":\"EntryPoint\",\"urlTemplate\":\"https:\/\/longchangchemical.com\/?s={search_term_string}\"},\"query-input\":{\"@type\":\"PropertyValueSpecification\",\"valueRequired\":true,\"valueName\":\"search_term_string\"}}],\"inLanguage\":\"hu\"},{\"@type\":\"Organization\",\"@id\":\"https:\/\/longchangchemical.com\/#organization\",\"name\":\"Longchang Chemical\",\"url\":\"https:\/\/longchangchemical.com\/\",\"logo\":{\"@type\":\"ImageObject\",\"inLanguage\":\"hu\",\"@id\":\"https:\/\/longchangchemical.com\/#\/schema\/logo\/image\/\",\"url\":\"https:\/\/longchangchemical.com\/wp-content\/uploads\/2020\/08\/cropped-longchang-logo.png\",\"contentUrl\":\"https:\/\/longchangchemical.com\/wp-content\/uploads\/2020\/08\/cropped-longchang-logo.png\",\"width\":512,\"height\":512,\"caption\":\"Longchang Chemical\"},\"image\":{\"@id\":\"https:\/\/longchangchemical.com\/#\/schema\/logo\/image\/\"}}]}<\/script>\n<!-- \/ Yoast SEO plugin. -->","yoast_head_json":{"title":"Finom\u00edtott C5 k\u0151olajgyanta gy\u00e1rt\u00f3ja gumiabroncs gumikever\u00e9khez - Longchang Chemical","description":"Finom\u00edtott C5 k\u0151olajgyanta gumiabroncsgumikever\u00e9khez. K\u00edna finom\u00edtott C5 k\u0151olajgyanta gy\u00e1rt\u00f3 \uff06 sz\u00e1ll\u00edt\u00f3.","robots":{"index":"index","follow":"follow","max-snippet":"max-snippet:-1","max-image-preview":"max-image-preview:large","max-video-preview":"max-video-preview:-1"},"canonical":"https:\/\/longchangchemical.com\/hu\/product\/refined-c5-petroleum-resin-for-tire-rubber-compounding\/","og_locale":"hu_HU","og_type":"article","og_title":"Refined C5 petroleum resin manufacturer for tire rubber compounding - Longchang Chemical","og_description":"Refined C5 petroleum resin for tire rubber compounding. China Refined C5 petroleum resin manufacturer \uff06 supplier.","og_url":"https:\/\/longchangchemical.com\/hu\/product\/refined-c5-petroleum-resin-for-tire-rubber-compounding\/","og_site_name":"Longchang Chemical","article_modified_time":"2024-04-28T03:18:17+00:00","og_image":[{"width":600,"height":600,"url":"https:\/\/longchangchemical.com\/wp-content\/uploads\/2022\/02\/resin.png","type":"image\/png"}],"twitter_card":"summary_large_image","schema":{"@context":"https:\/\/schema.org","@graph":[{"@type":"WebPage","@id":"https:\/\/longchangchemical.com\/product\/refined-c5-petroleum-resin-for-tire-rubber-compounding\/","url":"https:\/\/longchangchemical.com\/product\/refined-c5-petroleum-resin-for-tire-rubber-compounding\/","name":"Finom\u00edtott C5 k\u0151olajgyanta gy\u00e1rt\u00f3ja gumiabroncs gumikever\u00e9khez - Longchang Chemical","isPartOf":{"@id":"https:\/\/longchangchemical.com\/#website"},"primaryImageOfPage":{"@id":"https:\/\/longchangchemical.com\/product\/refined-c5-petroleum-resin-for-tire-rubber-compounding\/#primaryimage"},"image":{"@id":"https:\/\/longchangchemical.com\/product\/refined-c5-petroleum-resin-for-tire-rubber-compounding\/#primaryimage"},"thumbnailUrl":"https:\/\/longchangchemical.com\/wp-content\/uploads\/2022\/02\/resin.png","datePublished":"2022-02-23T05:35:54+00:00","dateModified":"2024-04-28T03:18:17+00:00","description":"Finom\u00edtott C5 k\u0151olajgyanta gumiabroncsgumikever\u00e9khez. K\u00edna finom\u00edtott C5 k\u0151olajgyanta gy\u00e1rt\u00f3 \uff06 sz\u00e1ll\u00edt\u00f3.","breadcrumb":{"@id":"https:\/\/longchangchemical.com\/product\/refined-c5-petroleum-resin-for-tire-rubber-compounding\/#breadcrumb"},"inLanguage":"hu","potentialAction":[{"@type":"ReadAction","target":["https:\/\/longchangchemical.com\/product\/refined-c5-petroleum-resin-for-tire-rubber-compounding\/"]}]},{"@type":"ImageObject","inLanguage":"hu","@id":"https:\/\/longchangchemical.com\/product\/refined-c5-petroleum-resin-for-tire-rubber-compounding\/#primaryimage","url":"https:\/\/longchangchemical.com\/wp-content\/uploads\/2022\/02\/resin.png","contentUrl":"https:\/\/longchangchemical.com\/wp-content\/uploads\/2022\/02\/resin.png","width":600,"height":600},{"@type":"BreadcrumbList","@id":"https:\/\/longchangchemical.com\/product\/refined-c5-petroleum-resin-for-tire-rubber-compounding\/#breadcrumb","itemListElement":[{"@type":"ListItem","position":1,"name":"Home","item":"https:\/\/longchangchemical.com\/"},{"@type":"ListItem","position":2,"name":"Products Longchang","item":"https:\/\/longchangchemical.com\/product\/"},{"@type":"ListItem","position":3,"name":"Refined C5 petroleum resin for tire rubber compounding"}]},{"@type":"WebSite","@id":"https:\/\/longchangchemical.com\/#website","url":"https:\/\/longchangchemical.com\/","name":"Longchang Chemical","description":"K\u00edna k\u00e9miai gy\u00e1rt\u00f3 \uff06 sz\u00e1ll\u00edt\u00f3","publisher":{"@id":"https:\/\/longchangchemical.com\/#organization"},"potentialAction":[{"@type":"SearchAction","target":{"@type":"EntryPoint","urlTemplate":"https:\/\/longchangchemical.com\/?s={search_term_string}"},"query-input":{"@type":"PropertyValueSpecification","valueRequired":true,"valueName":"search_term_string"}}],"inLanguage":"hu"},{"@type":"Organization","@id":"https:\/\/longchangchemical.com\/#organization","name":"Longchang Chemical","url":"https:\/\/longchangchemical.com\/","logo":{"@type":"ImageObject","inLanguage":"hu","@id":"https:\/\/longchangchemical.com\/#\/schema\/logo\/image\/","url":"https:\/\/longchangchemical.com\/wp-content\/uploads\/2020\/08\/cropped-longchang-logo.png","contentUrl":"https:\/\/longchangchemical.com\/wp-content\/uploads\/2020\/08\/cropped-longchang-logo.png","width":512,"height":512,"caption":"Longchang Chemical"},"image":{"@id":"https:\/\/longchangchemical.com\/#\/schema\/logo\/image\/"}}]}},"_links":{"self":[{"href":"https:\/\/longchangchemical.com\/hu\/wp-json\/wp\/v2\/product\/5081","targetHints":{"allow":["GET"]}}],"collection":[{"href":"https:\/\/longchangchemical.com\/hu\/wp-json\/wp\/v2\/product"}],"about":[{"href":"https:\/\/longchangchemical.com\/hu\/wp-json\/wp\/v2\/types\/product"}],"replies":[{"embeddable":true,"href":"https:\/\/longchangchemical.com\/hu\/wp-json\/wp\/v2\/comments?post=5081"}],"wp:featuredmedia":[{"embeddable":true,"href":"https:\/\/longchangchemical.com\/hu\/wp-json\/wp\/v2\/media\/5082"}],"wp:attachment":[{"href":"https:\/\/longchangchemical.com\/hu\/wp-json\/wp\/v2\/media?parent=5081"}],"wp:term":[{"taxonomy":"product_brand","embeddable":true,"href":"https:\/\/longchangchemical.com\/hu\/wp-json\/wp\/v2\/product_brand?post=5081"},{"taxonomy":"product_cat","embeddable":true,"href":"https:\/\/longchangchemical.com\/hu\/wp-json\/wp\/v2\/product_cat?post=5081"},{"taxonomy":"product_tag","embeddable":true,"href":"https:\/\/longchangchemical.com\/hu\/wp-json\/wp\/v2\/product_tag?post=5081"}],"curies":[{"name":"wp","href":"https:\/\/api.w.org\/{rel}","templated":true}]}}