{"id":4800,"date":"2021-10-11T15:30:07","date_gmt":"2021-10-11T15:30:07","guid":{"rendered":"https:\/\/longchangchemical.com\/?post_type=product&#038;p=4800"},"modified":"2026-01-12T06:03:48","modified_gmt":"2026-01-12T06:03:48","slug":"dmdee-cas-6425-39-4","status":"publish","type":"product","link":"https:\/\/longchangchemical.com\/hu\/product\/dmdee-cas-6425-39-4\/","title":{"rendered":"Sinocat\u00ae DMDEE CAS 6425-39-4"},"content":{"rendered":"<h1><strong>Sinocat\u00ae DMDEE CAS 6425-39-4<\/strong><\/h1>\n<table>\n<tbody>\n<tr>\n<td width=\"324\">\n<h4>T\u00e9tel<\/h4>\n<\/td>\n<td width=\"322\">\n<h4>Standard<\/h4>\n<\/td>\n<\/tr>\n<tr>\n<td width=\"324\">\n<h4>Megjelen\u00e9s<\/h4>\n<\/td>\n<td width=\"322\">\n<h4>Sz\u00edntelen \u00e1tl\u00e1tsz\u00f3 folyad\u00e9k<\/h4>\n<\/td>\n<\/tr>\n<tr>\n<td width=\"324\">\n<h4>Sz\u00ednk\u00e9pess\u00e9g<\/h4>\n<\/td>\n<td width=\"322\">\n<h4>\uff1c2<\/h4>\n<\/td>\n<\/tr>\n<tr>\n<td width=\"324\">\n<h4>V\u00edztartalom<\/h4>\n<\/td>\n<td width=\"322\">\n<h4>\u22640,1%<\/h4>\n<\/td>\n<\/tr>\n<tr>\n<td width=\"324\">\n<h4>Tartalom<\/h4>\n<\/td>\n<td width=\"322\">\n<h4>\u226599%<\/h4>\n<\/td>\n<\/tr>\n<\/tbody>\n<\/table>\n<p>&nbsp;<\/p>\n<h2><strong>Sinocat\u00ae DMDEE alkalmaz\u00e1s:<\/strong><\/h2>\n<h4>A Sinocat\u00ae DMDEE alkalmas v\u00edzzel kem\u00e9nyed\u0151 rendszerekhez, \u00e9s er\u0151s habk\u00e9pz\u0151 kataliz\u00e1tor. Az aminocsoportok szt\u00e9rikus akad\u00e1lyoz\u00e1sa miatt az NCO komponensek t\u00e1rol\u00e1si ideje meghosszabb\u00edthat\u00f3. Alkalmas az NCO \u00e9s a v\u00edz katalitikus reakci\u00f3j\u00e1ra olyan rendszerekben, mint a TDI, MDI \u00e9s IPDI; A Sinocat\u00ae DMDEE-t els\u0151sorban egykomponens\u0171 merev poliuret\u00e1n habrendszerben haszn\u00e1lj\u00e1k, de poli\u00e9ter \u00e9s poli\u00e9szter poliuret\u00e1n l\u00e1gy habhoz, f\u00e9lmerev habhoz, CASE anyaghoz stb. is haszn\u00e1lhat\u00f3. A hozz\u00e1adott mennyis\u00e9g a poli\u00e9ter\/\u00e9szter komponens 0,3-0,55%-j\u00e9t teszi ki.<\/h4>\n<h4>Ez a term\u00e9k helyettes\u00edtheti a 2,2\u2032-dimorfolindietil-\u00e9tert; 2,2-dimorfolindietil\u00e9tert; 4,4\u2032-(oxidiet\u00e1n-2,1-diil)dimorfolint; 4-[2-(2-(2-(2-morfolin-4-il-etoxi)etil]morfolint; 4-{2-[2-(morfolin-4-il)etoxi]etil}morfolint.<\/h4>\n<p>Kataliz\u00e1tor poliuret\u00e1n polimeriz\u00e1ci\u00f3hoz: A DMDEE poliuret\u00e1n polimeriz\u00e1ci\u00f3 kataliz\u00e1torak\u00e9nt haszn\u00e1lhat\u00f3 a poliuret\u00e1n anyagok szint\u00e9zis\u00e9nek megk\u00f6nny\u00edt\u00e9s\u00e9re. A polimeriz\u00e1ci\u00f3s reakci\u00f3ban a DMDEE az izocian\u00e1ttal (\u00e1ltal\u00e1ban diizocian\u00e1ttal) reakci\u00f3ba l\u00e9pve nukleofilt k\u00e9pez, amely viszont beind\u00edtja a polimeriz\u00e1ci\u00f3s reakci\u00f3t.A DMDEE felgyors\u00edthatja a poliuret\u00e1n anyagok kem\u00e9nyed\u00e9si folyamat\u00e1t, jav\u00edtva a reakci\u00f3 sebess\u00e9g\u00e9t \u00e9s hat\u00e9konys\u00e1g\u00e1t.<\/p>\n<p>Poliuret\u00e1n bevonatok \u00e9s ragaszt\u00f3k: A DMDEE-t sz\u00e9les k\u00f6rben haszn\u00e1lj\u00e1k poliuret\u00e1n bevonatok \u00e9s ragaszt\u00f3k gy\u00e1rt\u00e1s\u00e1hoz. El\u0151seg\u00edti a bevonatok \u00e9s ragaszt\u00f3k kikem\u00e9nyed\u00e9si folyamat\u00e1t, \u00e9s jav\u00edtja a k\u00f6t\u00e9s\u00fcket \u00e9s tart\u00f3ss\u00e1gukat.A DMDEE hozz\u00e1ad\u00e1s\u00e1val a poliuret\u00e1n bevonatok j\u00f3 id\u0151j\u00e1r\u00e1s-, vegyszer- \u00e9s kop\u00e1s\u00e1ll\u00f3s\u00e1got biztos\u00edtanak a bevonatok \u00e9s ragaszt\u00f3k sz\u00e9les alkalmaz\u00e1si k\u00f6r\u00e9ben.<\/p>\n<p>Poliuret\u00e1n elasztomerek: A DMDEE kulcsszerepet j\u00e1tszik a poliuret\u00e1n elasztomerek gy\u00e1rt\u00e1s\u00e1ban. A DMDEE hozz\u00e1ad\u00e1s\u00e1val a polimeriz\u00e1ci\u00f3s reakci\u00f3hoz a poliuret\u00e1n elasztomerek kem\u00e9nys\u00e9ge, rugalmass\u00e1ga \u00e9s kop\u00e1s\u00e1ll\u00f3s\u00e1ga be\u00e1ll\u00edthat\u00f3. A poliuret\u00e1n elasztomereket sz\u00e1mos alkalmaz\u00e1sban haszn\u00e1lj\u00e1k, p\u00e9ld\u00e1ul az aut\u00f3gy\u00e1rt\u00e1sban, \u00e9p\u00edt\u0151anyagokban, cip\u0151talpakban, b\u00fatorokban \u00e9s p\u00e1rn\u00e1z\u00e1sban.<\/p>\n<p>Poliuret\u00e1n hab: A DMDEE katalitikus szerepet j\u00e1tszik a poliuret\u00e1nhab el\u0151\u00e1ll\u00edt\u00e1s\u00e1ban. El\u0151seg\u00edtheti a poliuret\u00e1nhab habk\u00e9pz\u0151d\u00e9si reakci\u00f3j\u00e1t, \u00edgy a habanyag ide\u00e1lis p\u00f3russzerkezetet \u00e9s fizikai tulajdons\u00e1gokat kap. A poliuret\u00e1nhabot sz\u00e9les k\u00f6rben haszn\u00e1lj\u00e1k szigetel\u0151anyagokban, t\u00f6lt\u0151anyagokban, hangelnyel\u0151 anyagokban \u00e9s p\u00e1rn\u00e1z\u00f3 anyagokban.<\/p>\n<p>Egy\u00e9b alkalmaz\u00e1sok: A DMDEE poliuret\u00e1n rugalmas ragaszt\u00f3k, t\u00f6m\u00edt\u0151anyagok, v\u00edz\u00e1ll\u00f3 fest\u00e9kek, bevonatok \u00e9s ragaszt\u00f3k gy\u00e1rt\u00e1si folyamat\u00e1ban is felhaszn\u00e1lhat\u00f3. Jobb stabilit\u00e1ssal \u00e9s megmunk\u00e1lhat\u00f3s\u00e1ggal rendelkezik, \u00e9s jav\u00edthatja a term\u00e9kek teljes\u00edtm\u00e9ny\u00e9t \u00e9s min\u0151s\u00e9g\u00e9t.<\/p>\n<h2><strong><b>Sinocat\u00ae DMDEE t\u00e1rol\u00e1s:<\/b><\/strong><\/h2>\n<h4>K\u00f6zvetlen napf\u00e9nyt\u0151l v\u00e9dett, h\u0171v\u00f6s, sz\u00e1raz helyen t\u00e1rolva.<\/h4>\n<h2><strong>Sinocat\u00ae DMDEE csomagol\u00e1s<\/strong>:<\/h2>\n<h4>220 kg\/dob.<\/h4>\n<h2><strong><b>L\u00e9pjen kapcsolatba vel\u00fcnk most!<\/b><\/strong><\/h2>\n<h4><strong><b>Ha sz\u00fcks\u00e9ge van Price-ra, k\u00e9rj\u00fck, t\u00f6ltse ki el\u00e9rhet\u0151s\u00e9g\u00e9t az al\u00e1bbi \u0171rlapon, \u00e1ltal\u00e1ban 24 \u00f3r\u00e1n bel\u00fcl felvessz\u00fck \u00d6nnel a kapcsolatot. \u00d6n is k\u00fcldhet nekem e-mailt <span style=\"color: #0000ff;\"><a style=\"color: #0000ff;\" href=\"mailto:info@longchangchemical.com\">info@longchangchemical.com<\/a><\/span> munkaid\u0151ben ( 8:30-18:00 UTC+8 H.-Szombat ) vagy haszn\u00e1lja a weboldal \u00e9l\u0151 chatj\u00e9t, hogy azonnali v\u00e1laszt kapjon.<\/b><\/strong><\/h4>\n<p><!--more--><\/p>\n<p>A kataliz\u00e1torok term\u00e9szet\u00e9b\u0151l fakad, hogy egy heves reakci\u00f3 sor\u00e1n lecs\u00f6kkentik a h\u0151m\u00e9rs\u00e9kletet?<\/p>\n<p>A kataliz\u00e1tor l\u00e9nyege nem az, hogy egy heves reakci\u00f3 sor\u00e1n lecs\u00f6kkentse a h\u0151m\u00e9rs\u00e9kletet, hanem az, hogy a reakci\u00f3 aktiv\u00e1l\u00e1si energi\u00e1j\u00e1nak cs\u00f6kkent\u00e9se r\u00e9v\u00e9n felgyors\u00edtsa a reakci\u00f3 sebess\u00e9g\u00e9t. Az aktiv\u00e1l\u00e1si energia az a minim\u00e1lisan sz\u00fcks\u00e9ges energiamennyis\u00e9g, amely egy reakt\u00e1ns term\u00e9kk\u00e9 alak\u00edt\u00e1s\u00e1hoz sz\u00fcks\u00e9ges, \u00e9s \u00fagy is felfoghat\u00f3, mint az az energiahat\u00e1r, amelyet a reakt\u00e1nsnak a reakci\u00f3 sor\u00e1n le kell gy\u0151znie. Egy k\u00e9miai reakci\u00f3ban, ha a reakt\u00e1nsok nem tudj\u00e1k lek\u00fczdeni az energiahat\u00e1rt, a reakci\u00f3 nem tud lezajlani. A kataliz\u00e1tor megk\u00f6nny\u00edti a reakci\u00f3t az\u00e1ltal, hogy cs\u00f6kkenti a reakt\u00e1nsok sz\u00e1m\u00e1ra az energiahat\u00e1r lek\u00fczd\u00e9s\u00e9hez sz\u00fcks\u00e9ges energiamennyis\u00e9get.<\/p>\n<p>B\u00e1r a kataliz\u00e1tor cs\u00f6kkenti a reakci\u00f3 aktiv\u00e1l\u00e1si energi\u00e1j\u00e1t, nem cs\u00f6kkenti az er\u0151szakos reakci\u00f3 h\u0151m\u00e9rs\u00e9klet\u00e9t. A kataliz\u00e1torok lehet\u0151v\u00e9 teszik, hogy a reakci\u00f3k enyh\u00e9bb k\u00f6r\u00fclm\u00e9nyek k\u00f6z\u00f6tt j\u00e1tsz\u00f3djanak le, de nem cs\u00f6kkentik a reakci\u00f3 h\u0151m\u00e9rs\u00e9klet\u00e9t sem, ha az nagy mennyis\u00e9g\u0171 h\u0151energi\u00e1t ig\u00e9nyel. Ezenk\u00edv\u00fcl a kataliz\u00e1torok felgyors\u00edthatj\u00e1k az er\u0151szakos reakci\u00f3k sebess\u00e9g\u00e9t is, amelyek magas h\u0151m\u00e9rs\u00e9kletet vagy nyom\u00e1st eredm\u00e9nyezhetnek. A kataliz\u00e1tor szerepe teh\u00e1t nem az, hogy a reakci\u00f3t a h\u0151m\u00e9rs\u00e9klet cs\u00f6kkent\u00e9s\u00e9vel gyors\u00edtsa, hanem az, hogy a reakci\u00f3 sebess\u00e9g\u00e9t a reakci\u00f3partnerek k\u00f6z\u00f6tti k\u00f6lcs\u00f6nhat\u00e1sok megv\u00e1ltoztat\u00e1s\u00e1val gyors\u00edtsa.<\/p>\n<p>A legt\u00f6bb PUR (forr\u00f3 olvad\u00e9kragaszt\u00f3) alapvet\u0151en kataliz\u00e1tort haszn\u00e1l, bis-morfolin-dietil-\u00e9ter DMDEE, CAS-sz\u00e1m: 6425-39-4.<\/p>\n<p>Ennek mennyis\u00e9ge a k\u00e9pletben nagyon kicsi, \u00e1ltal\u00e1ban 0,05%-0,5% k\u00f6z\u00f6tt van, de nagyon fontos szerepet j\u00e1tszik: el\u0151seg\u00edti az izocian\u00e1t \u00e9s a v\u00edzg\u00e1z k\u00f6z\u00f6tti reakci\u00f3t, felgyors\u00edtja a kem\u00e9nyed\u00e9s sebess\u00e9g\u00e9t.<\/p>\n<p>Sokf\u00e9le poliuret\u00e1n kataliz\u00e1tor l\u00e9tezik, mi\u00e9rt a DMDEE?<\/p>\n<p>Ennek oka, hogy nemcsak a PUR kem\u00e9nyed\u00e9si sebess\u00e9g\u00e9t jav\u00edtja, hanem j\u00f3 h\u0151stabilit\u00e1st is biztos\u00edt, azaz magas h\u0151m\u00e9rs\u00e9kleten viszonylag lass\u00fa viszkozit\u00e1sn\u00f6veked\u00e9st.<\/p>\n<p>\u00c9s nincs kataliz\u00e1tor PUR, mint a legt\u00f6bb kataliz\u00e1torok felgyors\u00edthatja a gy\u00f3gyul\u00e1si sebess\u00e9g\u00e9t PUR, amelyek k\u00f6z\u00fcl DMDEE a legnyilv\u00e1nval\u00f3bb hat\u00e1s, 30 percen bel\u00fcl gyorsan n\u00f6velheti a ny\u00edr\u00f3szil\u00e1rds\u00e1g 14psi-r\u0151l 200psi-re, gy\u00f3gy\u00edt\u00f3 1 \u00f3ra ut\u00e1n a k\u00f6t\u00e9s szil\u00e1rds\u00e1ga el\u00e9rte a szintet k\u00e9t nap gy\u00f3gyul\u00e1s.<\/p>\n<p>Amellett, hogy a DMDEE a leggyorsabb gy\u00f3gyul\u00e1si sebess\u00e9ggel rendelkezik, a legjobb h\u0151t\u00e1rol\u00e1si stabilit\u00e1ssal is rendelkezik. 120 \u00b0C-os meleg\u00edt\u00e9si k\u00f6r\u00fclm\u00e9nyek k\u00f6z\u00f6tt a DMDEE PUR-rendszer \u00f3r\u00e1nk\u00e9nt mind\u00f6ssze 3,1% viszkozit\u00e1sn\u00f6veked\u00e9si sebess\u00e9get m\u00e9rt, ami mind\u00f6ssze 0,5%-tel magasabb, mint a kataliz\u00e1tormentes PUR-rendszer 2,6% n\u00f6veked\u00e9si sebess\u00e9ge. M\u00e1s kataliz\u00e1torok eset\u00e9ben a viszkozit\u00e1sn\u00f6veked\u00e9s m\u00e9rt\u00e9ke legal\u00e1bb 6,2% \u00f3r\u00e1nk\u00e9nt.<\/p>\n<p>Ezenk\u00edv\u00fcl, b\u00e1r a DMDEE-t nagyon kis mennyis\u00e9gben haszn\u00e1lj\u00e1k, az enyhe ingadoz\u00e1sok jelent\u0151s teljes\u00edtm\u00e9nyingadoz\u00e1sokat okozhatnak. Csak a DMDEE-tartalom 0,05%-r\u0151l 0,1%-re t\u00f6rt\u00e9n\u0151 n\u00f6vel\u00e9s\u00e9vel a 30 percig, 1 \u00f3ra \u00e9s 1,5 \u00f3ra alatt kikem\u00e9ny\u00edtett term\u00e9k ny\u00edr\u00f3szil\u00e1rds\u00e1ga hirtelen megv\u00e1ltozott.<\/p>\n<p>Ugyanakkor, ha gyorsan kem\u00e9nyed\u0151 PUR-t szeretne kapni, az egyik hat\u00e9kony \u00e9s azonnali m\u00f3dszer a DMDEE-tartalom 0,05%-r\u0151l 0,15%-ra t\u00f6rt\u00e9n\u0151 n\u00f6vel\u00e9se, \u00e9s 1,5 \u00f3ra alatt 290 psi ny\u00edr\u00f3szil\u00e1rds\u00e1got \u00e9rhet el, ami alapvet\u0151en megegyezik a teljesen kikem\u00e9nyedett PUR szil\u00e1rds\u00e1g\u00e1val.<\/p>\n<p>A t\u00fal magas DMDEE-tartalom azonban cs\u00f6kkenti a t\u00e9telek k\u00f6z\u00f6tti h\u0151stabilit\u00e1st, \u00e9s l\u00e9gbubor\u00e9kok kialakul\u00e1s\u00e1hoz vezethet a kikem\u00e9ny\u00edtett ragaszt\u00f3ban.<\/p>\n<p>R\u00f6viden, ne becs\u00fclje al\u00e1 az alacsony kataliz\u00e1tortartalmat, amely kritikus hat\u00e1ssal van a PUR forr\u00f3olvad\u00e9kragaszt\u00f3k \u00e1ltal\u00e1nos teljes\u00edtm\u00e9ny\u00e9re.<\/p>","protected":false},"excerpt":{"rendered":"<h4>K\u00e9miai n\u00e9v: 2,2\u2032-dimorfolinodietil-\u00e9ter<\/h4>\n<h4>CAS: 6425-39-4<\/h4>\n<h4>Szinonim\u00e1ja:DMDEE;Niax\" kataliz\u00e1tor DMDEE;4,4\u2032-(oxidiet\u00e1n-2,1-diil)dimorfolin<\/h4>\n<h4>K\u00e9plet: C12H24N2O3<\/h4>\n<h4>Molekulat\u00f6meg: 244,33<\/h4>\n<h4>Tartalom:\uff1e99%<\/h4>","protected":false},"featured_media":4395,"comment_status":"open","ping_status":"closed","template":"","meta":[],"product_brand":[],"product_cat":[119],"product_tag":[],"class_list":{"0":"post-4800","1":"product","2":"type-product","3":"status-publish","4":"has-post-thumbnail","6":"product_cat-synocat-polyurethane-catalyst","8":"first","9":"instock","10":"shipping-taxable","11":"product-type-simple"},"yoast_head":"<!-- This site is optimized with the Yoast SEO plugin v25.3.1 - https:\/\/yoast.com\/wordpress\/plugins\/seo\/ -->\n<title>China PU Catalyst DMDEE \/ 2,2&#039;-Dimorpholinodiethyl ether \/ DMDEE manufacturer - Longchang Chemical<\/title>\n<meta name=\"description\" content=\"China 2,2&#039;-Dimorpholinodiethyl ether \/ DMDEE manufacturer. DMDEE (REACH covered )can be used as pu catalyst ,aka DMDEE;Niax\u00ab Catalyst DMDEE; and is the key product of Longchang chemical. We are the leading pu catalyst manufacturer and supplier in China with the best quanlity and competitive price.\" \/>\n<meta name=\"robots\" content=\"index, follow, max-snippet:-1, max-image-preview:large, max-video-preview:-1\" \/>\n<link rel=\"canonical\" href=\"https:\/\/longchangchemical.com\/hu\/product\/dmdee-cas-6425-39-4\/\" \/>\n<meta property=\"og:locale\" content=\"hu_HU\" \/>\n<meta property=\"og:type\" content=\"article\" \/>\n<meta property=\"og:title\" content=\"China PU Catalyst DMDEE \/ 2,2&#039;-Dimorpholinodiethyl ether \/ DMDEE manufacturer - Longchang Chemical\" \/>\n<meta property=\"og:description\" content=\"China 2,2&#039;-Dimorpholinodiethyl ether \/ DMDEE manufacturer. DMDEE (REACH covered )can be used as pu catalyst ,aka DMDEE;Niax\u00ab Catalyst DMDEE; and is the key product of Longchang chemical. We are the leading pu catalyst manufacturer and supplier in China with the best quanlity and competitive price.\" \/>\n<meta property=\"og:url\" content=\"https:\/\/longchangchemical.com\/hu\/product\/dmdee-cas-6425-39-4\/\" \/>\n<meta property=\"og:site_name\" content=\"Longchang Chemical\" \/>\n<meta property=\"article:modified_time\" content=\"2026-01-12T06:03:48+00:00\" \/>\n<meta property=\"og:image\" content=\"https:\/\/longchangchemical.com\/wp-content\/uploads\/2021\/02\/Triethyl-citrate-Appearance.jpg\" \/>\n\t<meta property=\"og:image:width\" content=\"600\" \/>\n\t<meta property=\"og:image:height\" content=\"800\" \/>\n\t<meta property=\"og:image:type\" content=\"image\/jpeg\" \/>\n<meta name=\"twitter:card\" content=\"summary_large_image\" \/>\n<script type=\"application\/ld+json\" class=\"yoast-schema-graph\">{\"@context\":\"https:\/\/schema.org\",\"@graph\":[{\"@type\":\"WebPage\",\"@id\":\"https:\/\/longchangchemical.com\/product\/dmdee-cas-6425-39-4\/\",\"url\":\"https:\/\/longchangchemical.com\/product\/dmdee-cas-6425-39-4\/\",\"name\":\"China PU Catalyst DMDEE \/ 2,2'-Dimorpholinodiethyl ether \/ DMDEE manufacturer - Longchang Chemical\",\"isPartOf\":{\"@id\":\"https:\/\/longchangchemical.com\/#website\"},\"primaryImageOfPage\":{\"@id\":\"https:\/\/longchangchemical.com\/product\/dmdee-cas-6425-39-4\/#primaryimage\"},\"image\":{\"@id\":\"https:\/\/longchangchemical.com\/product\/dmdee-cas-6425-39-4\/#primaryimage\"},\"thumbnailUrl\":\"https:\/\/longchangchemical.com\/wp-content\/uploads\/2021\/02\/Triethyl-citrate-Appearance.jpg\",\"datePublished\":\"2021-10-11T15:30:07+00:00\",\"dateModified\":\"2026-01-12T06:03:48+00:00\",\"description\":\"China 2,2'-Dimorpholinodiethyl ether \/ DMDEE manufacturer. DMDEE (REACH covered )can be used as pu catalyst ,aka DMDEE;Niax\u00ab Catalyst DMDEE; and is the key product of Longchang chemical. We are the leading pu catalyst manufacturer and supplier in China with the best quanlity and competitive price.\",\"breadcrumb\":{\"@id\":\"https:\/\/longchangchemical.com\/product\/dmdee-cas-6425-39-4\/#breadcrumb\"},\"inLanguage\":\"hu\",\"potentialAction\":[{\"@type\":\"ReadAction\",\"target\":[\"https:\/\/longchangchemical.com\/product\/dmdee-cas-6425-39-4\/\"]}]},{\"@type\":\"ImageObject\",\"inLanguage\":\"hu\",\"@id\":\"https:\/\/longchangchemical.com\/product\/dmdee-cas-6425-39-4\/#primaryimage\",\"url\":\"https:\/\/longchangchemical.com\/wp-content\/uploads\/2021\/02\/Triethyl-citrate-Appearance.jpg\",\"contentUrl\":\"https:\/\/longchangchemical.com\/wp-content\/uploads\/2021\/02\/Triethyl-citrate-Appearance.jpg\",\"width\":600,\"height\":800,\"caption\":\"Triethyl citrate Appearance\"},{\"@type\":\"BreadcrumbList\",\"@id\":\"https:\/\/longchangchemical.com\/product\/dmdee-cas-6425-39-4\/#breadcrumb\",\"itemListElement\":[{\"@type\":\"ListItem\",\"position\":1,\"name\":\"Home\",\"item\":\"https:\/\/longchangchemical.com\/\"},{\"@type\":\"ListItem\",\"position\":2,\"name\":\"Products Longchang\",\"item\":\"https:\/\/longchangchemical.com\/product\/\"},{\"@type\":\"ListItem\",\"position\":3,\"name\":\"Sinocat\u00ae DMDEE CAS 6425-39-4\"}]},{\"@type\":\"WebSite\",\"@id\":\"https:\/\/longchangchemical.com\/#website\",\"url\":\"https:\/\/longchangchemical.com\/\",\"name\":\"Longchang Chemical\",\"description\":\"China chemical manufacturer \uff06 supplier\",\"publisher\":{\"@id\":\"https:\/\/longchangchemical.com\/#organization\"},\"potentialAction\":[{\"@type\":\"SearchAction\",\"target\":{\"@type\":\"EntryPoint\",\"urlTemplate\":\"https:\/\/longchangchemical.com\/?s={search_term_string}\"},\"query-input\":{\"@type\":\"PropertyValueSpecification\",\"valueRequired\":true,\"valueName\":\"search_term_string\"}}],\"inLanguage\":\"hu\"},{\"@type\":\"Organization\",\"@id\":\"https:\/\/longchangchemical.com\/#organization\",\"name\":\"Longchang Chemical\",\"url\":\"https:\/\/longchangchemical.com\/\",\"logo\":{\"@type\":\"ImageObject\",\"inLanguage\":\"hu\",\"@id\":\"https:\/\/longchangchemical.com\/#\/schema\/logo\/image\/\",\"url\":\"https:\/\/longchangchemical.com\/wp-content\/uploads\/2020\/08\/cropped-longchang-logo.png\",\"contentUrl\":\"https:\/\/longchangchemical.com\/wp-content\/uploads\/2020\/08\/cropped-longchang-logo.png\",\"width\":512,\"height\":512,\"caption\":\"Longchang Chemical\"},\"image\":{\"@id\":\"https:\/\/longchangchemical.com\/#\/schema\/logo\/image\/\"}}]}<\/script>\n<!-- \/ Yoast SEO plugin. -->","yoast_head_json":{"title":"K\u00edna PU kataliz\u00e1tor DMDEE \/ 2,2'-Dimorfolinodietil-\u00e9ter \/ DMDEE gy\u00e1rt\u00f3 - Longchang Chemical","description":"K\u00edna 2,2'-Dimorfolinodietil-\u00e9ter \/ DMDEE gy\u00e1rt\u00f3. A DMDEE (a REACH hat\u00e1lya al\u00e1 tartozik) pu kataliz\u00e1tork\u00e9nt haszn\u00e1lhat\u00f3, m\u00e1s n\u00e9ven DMDEE; Niax\" kataliz\u00e1tor DMDEE; \u00e9s a Longchang vegyi anyag kulcsfontoss\u00e1g\u00fa term\u00e9ke. Mi vagyunk a vezet\u0151 pu kataliz\u00e1tor gy\u00e1rt\u00f3ja \u00e9s sz\u00e1ll\u00edt\u00f3ja K\u00edn\u00e1ban a legjobb min\u0151s\u00e9ggel \u00e9s versenyk\u00e9pes \u00e1rral.","robots":{"index":"index","follow":"follow","max-snippet":"max-snippet:-1","max-image-preview":"max-image-preview:large","max-video-preview":"max-video-preview:-1"},"canonical":"https:\/\/longchangchemical.com\/hu\/product\/dmdee-cas-6425-39-4\/","og_locale":"hu_HU","og_type":"article","og_title":"China PU Catalyst DMDEE \/ 2,2'-Dimorpholinodiethyl ether \/ DMDEE manufacturer - Longchang Chemical","og_description":"China 2,2'-Dimorpholinodiethyl ether \/ DMDEE manufacturer. DMDEE (REACH covered )can be used as pu catalyst ,aka DMDEE;Niax\u00ab Catalyst DMDEE; and is the key product of Longchang chemical. We are the leading pu catalyst manufacturer and supplier in China with the best quanlity and competitive price.","og_url":"https:\/\/longchangchemical.com\/hu\/product\/dmdee-cas-6425-39-4\/","og_site_name":"Longchang Chemical","article_modified_time":"2026-01-12T06:03:48+00:00","og_image":[{"width":600,"height":800,"url":"https:\/\/longchangchemical.com\/wp-content\/uploads\/2021\/02\/Triethyl-citrate-Appearance.jpg","type":"image\/jpeg"}],"twitter_card":"summary_large_image","schema":{"@context":"https:\/\/schema.org","@graph":[{"@type":"WebPage","@id":"https:\/\/longchangchemical.com\/product\/dmdee-cas-6425-39-4\/","url":"https:\/\/longchangchemical.com\/product\/dmdee-cas-6425-39-4\/","name":"K\u00edna PU kataliz\u00e1tor DMDEE \/ 2,2'-Dimorfolinodietil-\u00e9ter \/ DMDEE gy\u00e1rt\u00f3 - Longchang Chemical","isPartOf":{"@id":"https:\/\/longchangchemical.com\/#website"},"primaryImageOfPage":{"@id":"https:\/\/longchangchemical.com\/product\/dmdee-cas-6425-39-4\/#primaryimage"},"image":{"@id":"https:\/\/longchangchemical.com\/product\/dmdee-cas-6425-39-4\/#primaryimage"},"thumbnailUrl":"https:\/\/longchangchemical.com\/wp-content\/uploads\/2021\/02\/Triethyl-citrate-Appearance.jpg","datePublished":"2021-10-11T15:30:07+00:00","dateModified":"2026-01-12T06:03:48+00:00","description":"K\u00edna 2,2'-Dimorfolinodietil-\u00e9ter \/ DMDEE gy\u00e1rt\u00f3. A DMDEE (a REACH hat\u00e1lya al\u00e1 tartozik) pu kataliz\u00e1tork\u00e9nt haszn\u00e1lhat\u00f3, m\u00e1s n\u00e9ven DMDEE; Niax\" kataliz\u00e1tor DMDEE; \u00e9s a Longchang vegyi anyag kulcsfontoss\u00e1g\u00fa term\u00e9ke. Mi vagyunk a vezet\u0151 pu kataliz\u00e1tor gy\u00e1rt\u00f3ja \u00e9s sz\u00e1ll\u00edt\u00f3ja K\u00edn\u00e1ban a legjobb min\u0151s\u00e9ggel \u00e9s versenyk\u00e9pes \u00e1rral.","breadcrumb":{"@id":"https:\/\/longchangchemical.com\/product\/dmdee-cas-6425-39-4\/#breadcrumb"},"inLanguage":"hu","potentialAction":[{"@type":"ReadAction","target":["https:\/\/longchangchemical.com\/product\/dmdee-cas-6425-39-4\/"]}]},{"@type":"ImageObject","inLanguage":"hu","@id":"https:\/\/longchangchemical.com\/product\/dmdee-cas-6425-39-4\/#primaryimage","url":"https:\/\/longchangchemical.com\/wp-content\/uploads\/2021\/02\/Triethyl-citrate-Appearance.jpg","contentUrl":"https:\/\/longchangchemical.com\/wp-content\/uploads\/2021\/02\/Triethyl-citrate-Appearance.jpg","width":600,"height":800,"caption":"Triethyl citrate Appearance"},{"@type":"BreadcrumbList","@id":"https:\/\/longchangchemical.com\/product\/dmdee-cas-6425-39-4\/#breadcrumb","itemListElement":[{"@type":"ListItem","position":1,"name":"Home","item":"https:\/\/longchangchemical.com\/"},{"@type":"ListItem","position":2,"name":"Products Longchang","item":"https:\/\/longchangchemical.com\/product\/"},{"@type":"ListItem","position":3,"name":"Sinocat\u00ae DMDEE CAS 6425-39-4"}]},{"@type":"WebSite","@id":"https:\/\/longchangchemical.com\/#website","url":"https:\/\/longchangchemical.com\/","name":"Longchang Chemical","description":"K\u00edna k\u00e9miai gy\u00e1rt\u00f3 \uff06 sz\u00e1ll\u00edt\u00f3","publisher":{"@id":"https:\/\/longchangchemical.com\/#organization"},"potentialAction":[{"@type":"SearchAction","target":{"@type":"EntryPoint","urlTemplate":"https:\/\/longchangchemical.com\/?s={search_term_string}"},"query-input":{"@type":"PropertyValueSpecification","valueRequired":true,"valueName":"search_term_string"}}],"inLanguage":"hu"},{"@type":"Organization","@id":"https:\/\/longchangchemical.com\/#organization","name":"Longchang Chemical","url":"https:\/\/longchangchemical.com\/","logo":{"@type":"ImageObject","inLanguage":"hu","@id":"https:\/\/longchangchemical.com\/#\/schema\/logo\/image\/","url":"https:\/\/longchangchemical.com\/wp-content\/uploads\/2020\/08\/cropped-longchang-logo.png","contentUrl":"https:\/\/longchangchemical.com\/wp-content\/uploads\/2020\/08\/cropped-longchang-logo.png","width":512,"height":512,"caption":"Longchang Chemical"},"image":{"@id":"https:\/\/longchangchemical.com\/#\/schema\/logo\/image\/"}}]}},"_links":{"self":[{"href":"https:\/\/longchangchemical.com\/hu\/wp-json\/wp\/v2\/product\/4800","targetHints":{"allow":["GET"]}}],"collection":[{"href":"https:\/\/longchangchemical.com\/hu\/wp-json\/wp\/v2\/product"}],"about":[{"href":"https:\/\/longchangchemical.com\/hu\/wp-json\/wp\/v2\/types\/product"}],"replies":[{"embeddable":true,"href":"https:\/\/longchangchemical.com\/hu\/wp-json\/wp\/v2\/comments?post=4800"}],"wp:featuredmedia":[{"embeddable":true,"href":"https:\/\/longchangchemical.com\/hu\/wp-json\/wp\/v2\/media\/4395"}],"wp:attachment":[{"href":"https:\/\/longchangchemical.com\/hu\/wp-json\/wp\/v2\/media?parent=4800"}],"wp:term":[{"taxonomy":"product_brand","embeddable":true,"href":"https:\/\/longchangchemical.com\/hu\/wp-json\/wp\/v2\/product_brand?post=4800"},{"taxonomy":"product_cat","embeddable":true,"href":"https:\/\/longchangchemical.com\/hu\/wp-json\/wp\/v2\/product_cat?post=4800"},{"taxonomy":"product_tag","embeddable":true,"href":"https:\/\/longchangchemical.com\/hu\/wp-json\/wp\/v2\/product_tag?post=4800"}],"curies":[{"name":"wp","href":"https:\/\/api.w.org\/{rel}","templated":true}]}}