{"id":4790,"date":"2021-10-07T08:03:42","date_gmt":"2021-10-07T08:03:42","guid":{"rendered":"https:\/\/longchangchemical.com\/?post_type=product&#038;p=4790"},"modified":"2025-12-22T07:20:23","modified_gmt":"2025-12-22T07:20:23","slug":"liquid-sodium-silicate-cas-1344-09-8","status":"publish","type":"product","link":"https:\/\/longchangchemical.com\/hu\/product\/liquid-sodium-silicate-cas-1344-09-8\/","title":{"rendered":"Foly\u00e9kony n\u00e1trium-szilik\u00e1t CAS 1344-09-8"},"content":{"rendered":"<h1><strong>Foly\u00e9kony n\u00e1trium-szilik\u00e1t CAS 1344-09-8<\/strong><\/h1>\n<p><strong>Norm\u00e1l rakt\u00e1rk\u00e9szlet\u0171 modellek: 40BE, 42BE, 50BE.<\/strong><\/p>\n<p><strong>Molarit\u00e1s: 3,1-3,4; 3,1-3,35; 2,1-2,5<\/strong><\/p>\n<p><strong>K\u00fcl\u00f6nb\u00f6z\u0151 specifik\u00e1ci\u00f3k, k\u00fcl\u00f6nb\u00f6z\u0151 \u00e1rak, ha nem \u00e9rti a specifik\u00e1ci\u00f3kat, elmondhatja nek\u00fcnk a c\u00e9lt, \u00e9s mi aj\u00e1nljuk \u00d6nnek a megfelel\u0151 term\u00e9ket.<\/strong><\/p>\n<p>&nbsp;<\/p>\n<table width=\"288\">\n<tbody>\n<tr>\n<td width=\"191\">T\u00e9tel<\/td>\n<td width=\"97\">Mutat\u00f3k<\/td>\n<\/tr>\n<tr>\n<td>H\u0151m\u00e9rs\u00e9klet (20 \u2103-g\/ml)<\/td>\n<td>1.368-1.394<\/td>\n<\/tr>\n<tr>\n<td>N\u00e1trium-oxid (Na2O) tartalom%\u2265<\/td>\n<td>8.2<\/td>\n<\/tr>\n<tr>\n<td>Szil\u00edcium-dioxid (SiO2)-tartalom%\u2265<\/td>\n<td>26<\/td>\n<\/tr>\n<tr>\n<td>Modulus M<\/td>\n<td>3.10-3.40<\/td>\n<\/tr>\n<\/tbody>\n<\/table>\n<p>&nbsp;<\/p>\n<h2><strong>N\u00e1trium-szilik\u00e1t n\u00e9vmagyar\u00e1zat<\/strong><\/h2>\n<p>Molekul\u00e1ris k\u00e9plet: Na2O-mSiO2 m a modulust jelenti<br \/>\nAr\u00e1ny (Na2O: SiO2)<br \/>\nAr\u00e1ny (Na2O: SiO2)-A kvarc homok \u00e9s a l\u00fag ar\u00e1nya, azaz a SiO2 \u00e9s a Na2O mol\u00e1ris ar\u00e1nya hat\u00e1rozza meg a n\u00e1trium-szilik\u00e1t M modulus\u00e1t, \u00e9s a modulus mutatja a n\u00e1trium-szilik\u00e1t \u00f6sszet\u00e9tel\u00e9t.<br \/>\n\u00c1tlagos Na2O%-az \u00e1tlagos Na2O-tartalomra utal.<br \/>\n\u00c1tlagos SiO2 %-- a SiO2-tartalom \u00e1tlagos \u00e9rt\u00e9k\u00e9re utal.<br \/>\nTeljes oldhat\u00f3s\u00e1g (szilik\u00e1t %):-a n\u00e1trium-szilik\u00e1t oldhat\u00f3s\u00e1ga<br \/>\nV\u00edzben oldhatatlan anyag %: oldhatatlan anyagtartalom<\/p>\n<p>&nbsp;<\/p>\n<h2>Hogyan kell haszn\u00e1lni a n\u00e1trium-szilik\u00e1tot?<\/h2>\n<p>1. A 40BE-50BE n\u00e1trium-szilik\u00e1tot sz\u00e9les k\u00f6rben haszn\u00e1lj\u00e1k a g\u00e9piparban \u00f6nt\u00e9shez, csiszol\u00f3korongok gy\u00e1rt\u00e1s\u00e1hoz \u00e9s f\u00e9mkorr\u00f3zi\u00f3g\u00e1tl\u00f3hoz.<br \/>\n2. A n\u00e1trium-szilik\u00e1tot az \u00e9p\u00edt\u0151iparban gyorsan sz\u00e1rad\u00f3 cement, sav\u00e1ll\u00f3 cement \u00e9s v\u00edz\u00e1ll\u00f3 olaj, talajkem\u00e9ny\u00edt\u0151 anyag, t\u0171z\u00e1ll\u00f3 anyagok stb. gy\u00e1rt\u00e1s\u00e1ra haszn\u00e1lj\u00e1k.<br \/>\n3. A n\u00e1trium-szilik\u00e1tot a mez\u0151gazdas\u00e1gban szil\u00edcium-dioxid-m\u0171tr\u00e1gya el\u0151\u00e1ll\u00edt\u00e1s\u00e1ra haszn\u00e1lj\u00e1k.<br \/>\n4. Ezenk\u00edv\u00fcl a 42BE n\u00e1trium-szilik\u00e1tot ragaszt\u00f3k\u00e9nt sz\u00e9les k\u00f6rben haszn\u00e1lj\u00e1k nagy viszkozit\u00e1s\u00fa ragaszt\u00f3k\u00e9nt kartonpap\u00edr (hull\u00e1mpap\u00edr) kartondobozok \u00e9s pap\u00edrcs\u00f6vek eset\u00e9ben.<\/p>\n<p>&nbsp;<\/p>\n<p>1. a k\u0151olajiparban a k\u0151olaj katal\u00edzis\u00e9hez \u00e9s krakkol\u00e1s\u00e1hoz haszn\u00e1lt szil\u00edcium-dioxid-alum\u00ednium-dioxid kataliz\u00e1torok gy\u00e1rt\u00e1s\u00e1hoz.<\/p>\n<p>2. a vegyiparban szil\u00edcium-dioxid, zeolit molekulasz\u0171r\u0151, kicsapott szil\u00edcium-dioxid, k\u00fcl\u00f6nb\u00f6z\u0151 szilik\u00e1t t\u00edpusok el\u0151\u00e1ll\u00edt\u00e1s\u00e1ra haszn\u00e1lj\u00e1k, \u00e9s ez a szilicidek alapvet\u0151 nyersanyaga.<\/p>\n<p>3. A k\u00f6nny\u0171 vegyiparban a mos\u00f3szerek \u00e9s szappanok n\u00e9lk\u00fcl\u00f6zhetetlen t\u00f6lt\u0151anyaga, maga a n\u00e1trium-szilik\u00e1t pedig hat\u00e9kony mos\u00f3szer, l\u00e1gy\u00edt\u00f3szer \u00e9s a lakoss\u00e1g \u00e1ltal haszn\u00e1lt csapv\u00edz mosogat\u00f3t\u00e1mogat\u00f3ja.<\/p>\n<p>4. a textiliparban, fest\u00e9si seg\u00e9danyagk\u00e9nt, feh\u00e9r\u00edt\u00e9sre \u00e9s m\u00e9retez\u00e9shez haszn\u00e1lj\u00e1k.<\/p>\n<p>5. A g\u00e9piparban sz\u00e9les k\u00f6rben haszn\u00e1lj\u00e1k az \u00f6nt\u00e9sben, a prec\u00edzi\u00f3s \u00f6nt\u00e9sben, a csiszol\u00f3korongok gy\u00e1rt\u00e1s\u00e1ban \u00e9s f\u00e9mtart\u00f3s\u00edt\u00f3szerk\u00e9nt.<\/p>\n<p>6. az \u00e9p\u00edt\u0151iparban, gyorsan sz\u00e1rad\u00f3 cement, sav\u00e1ll\u00f3 cement, v\u00edz\u00e1ll\u00f3 olaj, talajkem\u00e9ny\u00edt\u0151 anyag, t\u0171z\u00e1ll\u00f3 anyag, hull\u00e1mkarton stb. gy\u00e1rt\u00e1s\u00e1hoz.<\/p>\n<p>7. b\u00e1ny\u00e1szatban, \u00e1sv\u00e1nyi anyagok feldolgoz\u00e1s\u00e1hoz, v\u00edzszigetel\u00e9shez \u00e9s dugul\u00e1selh\u00e1r\u00edt\u00e1shoz.<\/p>\n<p>8. a mez\u0151gazdas\u00e1gban, szil\u00edcium-dioxid m\u0171tr\u00e1gya gy\u00e1rt\u00e1s\u00e1hoz.<\/p>\n<p>9. A fa n\u00e1trium-szilik\u00e1tba m\u00e1rtva t\u0171z\u00e1ll\u00f3 tulajdons\u00e1gokkal rendelkezik.<\/p>\n<p>10. A toj\u00e1sok hossz\u00fa ideig t\u00e1rolhat\u00f3k roml\u00e1s n\u00e9lk\u00fcl, miut\u00e1n n\u00e1trium-szilik\u00e1tba m\u00e1rtott\u00e1k \u0151ket; a nagy modulus\u00fa n\u00e1trium-szilik\u00e1t a karton \u00e9s a karton k\u00f6t\u0151anyaga.<\/p>\n<p>&nbsp;<\/p>\n<h2><strong>N\u00e1trium-szilik\u00e1t Csomag<\/strong><\/h2>\n<p>200kg\/dob vagy 1000kg\/dob.<\/p>\n<p>Van egy flott\u00e1nyi sz\u00e1ll\u00edt\u00f3j\u00e1rm\u0171v\u00fcnk, \u00e9s a tartom\u00e1nyon bel\u00fcl h\u00e1zhoz sz\u00e1ll\u00edtjuk \u00d6nnek.<\/p>\n<p>&nbsp;<\/p>\n<h2><strong><b>L\u00e9pjen kapcsolatba vel\u00fcnk most!<\/b><\/strong><\/h2>\n<h4><strong><b>Ha COA, MSDS vagy TDS-re van sz\u00fcks\u00e9ge, k\u00e9rj\u00fck, t\u00f6ltse ki el\u00e9rhet\u0151s\u00e9g\u00e9t az al\u00e1bbi \u0171rlapon, \u00e1ltal\u00e1ban 24 \u00f3r\u00e1n bel\u00fcl felvessz\u00fck \u00d6nnel a kapcsolatot. \u00d6n is k\u00fcldhet nekem e-mailt <span style=\"color: #0000ff;\"><a style=\"color: #0000ff;\" href=\"mailto:info@longchangchemical.com\">info@longchangchemical.com<\/a><\/span> munkaid\u0151ben ( 8:30-18:00 UTC+8 H.-Szombat ) vagy haszn\u00e1lja a weboldal \u00e9l\u0151 chatj\u00e9t, hogy azonnali v\u00e1laszt kapjon.<\/b><\/strong><\/h4>","protected":false},"excerpt":{"rendered":"<p><strong>Term\u00e9k neve: N\u00e1trium-szilik\u00e1t<\/strong><\/p>\n<p><strong>CAS-sz\u00e1m: 1344-09-8<\/strong><\/p>\n<p><strong>Egy\u00e9b n\u00e9v: Foly\u00e9kony n\u00e1trium-szilik\u00e1t; v\u00edz\u00fcveg n\u00e1trium-szilik\u00e1t; n\u00e1trium-szilik\u00e1t v\u00edz\u00fcveg; n\u00e1trium-szilik\u00e1t folyad\u00e9k; n\u00e1trium-szilik\u00e1t foly\u00e9kony \u00fcveg<\/strong><\/p>\n<p><strong>Molekul\u00e1ris k\u00e9plet: Na2O3Si<\/strong><\/p>\n<p><strong>Molekulat\u00f6meg: 122,06<\/strong><\/p>\n<p><strong>Megjelen\u00e9s: Sz\u00edntelen vagy vil\u00e1goss\u00e1rga \u00e9s ci\u00e1nk\u00e9k ragacsos folyad\u00e9k<\/strong><\/p>\n<p><strong>Csomagol\u00e1s: 200 kg\/dob; 1 tonna\/dob<\/strong><\/p>\n<p><strong>Havi teljes\u00edtm\u00e9ny: tonna<\/strong><\/p>\n<p>&nbsp;<\/p>","protected":false},"featured_media":4792,"comment_status":"open","ping_status":"closed","template":"","meta":[],"product_brand":[],"product_cat":[103],"product_tag":[],"class_list":{"0":"post-4790","1":"product","2":"type-product","3":"status-publish","4":"has-post-thumbnail","6":"product_cat-cosmetic-additives","8":"first","9":"instock","10":"shipping-taxable","11":"product-type-simple"},"yoast_head":"<!-- This site is optimized with the Yoast SEO plugin v25.3.1 - https:\/\/yoast.com\/wordpress\/plugins\/seo\/ -->\n<title>China Liquid Sodium silicate manufacturer \uff06 CAS 1344-09-8 supplier - Longchang Chemical Co., Ltd.<\/title>\n<meta name=\"description\" content=\"China Liquid Sodium silicate CAS 1344-09-8 manufacturer and supplier. This product can replace Silicic acid, sodium salt, Sodium hydroxy(oxo)silanolate, sodium hydroxysilanoylolate, Sodium metasilicate, SODIUM SILICATE SOLUTION. Liquid Sodium silicate; water glass sodium silicate; sodium silicate water glass; Sodium silicate Liquid; Sodium silicate Liquid glass.\" \/>\n<meta name=\"robots\" content=\"index, follow, max-snippet:-1, max-image-preview:large, max-video-preview:-1\" \/>\n<link rel=\"canonical\" href=\"https:\/\/longchangchemical.com\/hu\/product\/liquid-sodium-silicate-cas-1344-09-8\/\" \/>\n<meta property=\"og:locale\" content=\"hu_HU\" \/>\n<meta property=\"og:type\" content=\"article\" \/>\n<meta property=\"og:title\" content=\"China Liquid Sodium silicate manufacturer \uff06 CAS 1344-09-8 supplier - Longchang Chemical Co., Ltd.\" \/>\n<meta property=\"og:description\" content=\"China Liquid Sodium silicate CAS 1344-09-8 manufacturer and supplier. This product can replace Silicic acid, sodium salt, Sodium hydroxy(oxo)silanolate, sodium hydroxysilanoylolate, Sodium metasilicate, SODIUM SILICATE SOLUTION. Liquid Sodium silicate; water glass sodium silicate; sodium silicate water glass; Sodium silicate Liquid; Sodium silicate Liquid glass.\" \/>\n<meta property=\"og:url\" content=\"https:\/\/longchangchemical.com\/hu\/product\/liquid-sodium-silicate-cas-1344-09-8\/\" \/>\n<meta property=\"og:site_name\" content=\"Longchang Chemical\" \/>\n<meta property=\"article:modified_time\" content=\"2025-12-22T07:20:23+00:00\" \/>\n<meta property=\"og:image\" content=\"https:\/\/longchangchemical.com\/wp-content\/uploads\/2021\/10\/Appearance.jpg\" \/>\n\t<meta property=\"og:image:width\" content=\"800\" \/>\n\t<meta property=\"og:image:height\" content=\"800\" \/>\n\t<meta property=\"og:image:type\" content=\"image\/jpeg\" \/>\n<meta name=\"twitter:card\" content=\"summary_large_image\" \/>\n<script type=\"application\/ld+json\" class=\"yoast-schema-graph\">{\"@context\":\"https:\/\/schema.org\",\"@graph\":[{\"@type\":\"WebPage\",\"@id\":\"https:\/\/longchangchemical.com\/product\/liquid-sodium-silicate-cas-1344-09-8\/\",\"url\":\"https:\/\/longchangchemical.com\/product\/liquid-sodium-silicate-cas-1344-09-8\/\",\"name\":\"China Liquid Sodium silicate manufacturer \uff06 CAS 1344-09-8 supplier - Longchang Chemical Co., Ltd.\",\"isPartOf\":{\"@id\":\"https:\/\/longchangchemical.com\/#website\"},\"primaryImageOfPage\":{\"@id\":\"https:\/\/longchangchemical.com\/product\/liquid-sodium-silicate-cas-1344-09-8\/#primaryimage\"},\"image\":{\"@id\":\"https:\/\/longchangchemical.com\/product\/liquid-sodium-silicate-cas-1344-09-8\/#primaryimage\"},\"thumbnailUrl\":\"https:\/\/longchangchemical.com\/wp-content\/uploads\/2021\/10\/Appearance.jpg\",\"datePublished\":\"2021-10-07T08:03:42+00:00\",\"dateModified\":\"2025-12-22T07:20:23+00:00\",\"description\":\"China Liquid Sodium silicate CAS 1344-09-8 manufacturer and supplier. This product can replace Silicic acid, sodium salt, Sodium hydroxy(oxo)silanolate, sodium hydroxysilanoylolate, Sodium metasilicate, SODIUM SILICATE SOLUTION. Liquid Sodium silicate; water glass sodium silicate; sodium silicate water glass; Sodium silicate Liquid; Sodium silicate Liquid glass.\",\"breadcrumb\":{\"@id\":\"https:\/\/longchangchemical.com\/product\/liquid-sodium-silicate-cas-1344-09-8\/#breadcrumb\"},\"inLanguage\":\"hu\",\"potentialAction\":[{\"@type\":\"ReadAction\",\"target\":[\"https:\/\/longchangchemical.com\/product\/liquid-sodium-silicate-cas-1344-09-8\/\"]}]},{\"@type\":\"ImageObject\",\"inLanguage\":\"hu\",\"@id\":\"https:\/\/longchangchemical.com\/product\/liquid-sodium-silicate-cas-1344-09-8\/#primaryimage\",\"url\":\"https:\/\/longchangchemical.com\/wp-content\/uploads\/2021\/10\/Appearance.jpg\",\"contentUrl\":\"https:\/\/longchangchemical.com\/wp-content\/uploads\/2021\/10\/Appearance.jpg\",\"width\":800,\"height\":800},{\"@type\":\"BreadcrumbList\",\"@id\":\"https:\/\/longchangchemical.com\/product\/liquid-sodium-silicate-cas-1344-09-8\/#breadcrumb\",\"itemListElement\":[{\"@type\":\"ListItem\",\"position\":1,\"name\":\"Home\",\"item\":\"https:\/\/longchangchemical.com\/\"},{\"@type\":\"ListItem\",\"position\":2,\"name\":\"Products Longchang\",\"item\":\"https:\/\/longchangchemical.com\/product\/\"},{\"@type\":\"ListItem\",\"position\":3,\"name\":\"Liquid Sodium silicate CAS 1344-09-8\"}]},{\"@type\":\"WebSite\",\"@id\":\"https:\/\/longchangchemical.com\/#website\",\"url\":\"https:\/\/longchangchemical.com\/\",\"name\":\"Longchang Chemical\",\"description\":\"China chemical manufacturer \uff06 supplier\",\"publisher\":{\"@id\":\"https:\/\/longchangchemical.com\/#organization\"},\"potentialAction\":[{\"@type\":\"SearchAction\",\"target\":{\"@type\":\"EntryPoint\",\"urlTemplate\":\"https:\/\/longchangchemical.com\/?s={search_term_string}\"},\"query-input\":{\"@type\":\"PropertyValueSpecification\",\"valueRequired\":true,\"valueName\":\"search_term_string\"}}],\"inLanguage\":\"hu\"},{\"@type\":\"Organization\",\"@id\":\"https:\/\/longchangchemical.com\/#organization\",\"name\":\"Longchang Chemical\",\"url\":\"https:\/\/longchangchemical.com\/\",\"logo\":{\"@type\":\"ImageObject\",\"inLanguage\":\"hu\",\"@id\":\"https:\/\/longchangchemical.com\/#\/schema\/logo\/image\/\",\"url\":\"https:\/\/longchangchemical.com\/wp-content\/uploads\/2020\/08\/cropped-longchang-logo.png\",\"contentUrl\":\"https:\/\/longchangchemical.com\/wp-content\/uploads\/2020\/08\/cropped-longchang-logo.png\",\"width\":512,\"height\":512,\"caption\":\"Longchang Chemical\"},\"image\":{\"@id\":\"https:\/\/longchangchemical.com\/#\/schema\/logo\/image\/\"}}]}<\/script>\n<!-- \/ Yoast SEO plugin. -->","yoast_head_json":{"title":"K\u00edna foly\u00e9kony n\u00e1trium-szilik\u00e1t gy\u00e1rt\u00f3 \uff06 CAS 1344-09-8 sz\u00e1ll\u00edt\u00f3 - Longchang Chemical Co., Ltd., Ltd.","description":"K\u00edna foly\u00e9kony n\u00e1trium-szilik\u00e1t CAS 1344-09-8 gy\u00e1rt\u00f3 \u00e9s sz\u00e1ll\u00edt\u00f3. Ez a term\u00e9k helyettes\u00edtheti a kovasav, n\u00e1triums\u00f3, n\u00e1trium-hidroxi-(oxo)szilanol\u00e1t, n\u00e1trium-hidroxiszilanoil\u00e1t, n\u00e1trium-metaszilik\u00e1t, n\u00e1trium-szilik\u00e1t-oldat. Foly\u00e9kony n\u00e1trium-szilik\u00e1t; v\u00edz\u00fcveg n\u00e1trium-szilik\u00e1t; n\u00e1trium-szilik\u00e1t v\u00edz\u00fcveg; n\u00e1trium-szilik\u00e1t folyad\u00e9k; n\u00e1trium-szilik\u00e1t foly\u00e9kony \u00fcveg.","robots":{"index":"index","follow":"follow","max-snippet":"max-snippet:-1","max-image-preview":"max-image-preview:large","max-video-preview":"max-video-preview:-1"},"canonical":"https:\/\/longchangchemical.com\/hu\/product\/liquid-sodium-silicate-cas-1344-09-8\/","og_locale":"hu_HU","og_type":"article","og_title":"China Liquid Sodium silicate manufacturer \uff06 CAS 1344-09-8 supplier - Longchang Chemical Co., Ltd.","og_description":"China Liquid Sodium silicate CAS 1344-09-8 manufacturer and supplier. This product can replace Silicic acid, sodium salt, Sodium hydroxy(oxo)silanolate, sodium hydroxysilanoylolate, Sodium metasilicate, SODIUM SILICATE SOLUTION. Liquid Sodium silicate; water glass sodium silicate; sodium silicate water glass; Sodium silicate Liquid; Sodium silicate Liquid glass.","og_url":"https:\/\/longchangchemical.com\/hu\/product\/liquid-sodium-silicate-cas-1344-09-8\/","og_site_name":"Longchang Chemical","article_modified_time":"2025-12-22T07:20:23+00:00","og_image":[{"width":800,"height":800,"url":"https:\/\/longchangchemical.com\/wp-content\/uploads\/2021\/10\/Appearance.jpg","type":"image\/jpeg"}],"twitter_card":"summary_large_image","schema":{"@context":"https:\/\/schema.org","@graph":[{"@type":"WebPage","@id":"https:\/\/longchangchemical.com\/product\/liquid-sodium-silicate-cas-1344-09-8\/","url":"https:\/\/longchangchemical.com\/product\/liquid-sodium-silicate-cas-1344-09-8\/","name":"K\u00edna foly\u00e9kony n\u00e1trium-szilik\u00e1t gy\u00e1rt\u00f3 \uff06 CAS 1344-09-8 sz\u00e1ll\u00edt\u00f3 - Longchang Chemical Co., Ltd., Ltd.","isPartOf":{"@id":"https:\/\/longchangchemical.com\/#website"},"primaryImageOfPage":{"@id":"https:\/\/longchangchemical.com\/product\/liquid-sodium-silicate-cas-1344-09-8\/#primaryimage"},"image":{"@id":"https:\/\/longchangchemical.com\/product\/liquid-sodium-silicate-cas-1344-09-8\/#primaryimage"},"thumbnailUrl":"https:\/\/longchangchemical.com\/wp-content\/uploads\/2021\/10\/Appearance.jpg","datePublished":"2021-10-07T08:03:42+00:00","dateModified":"2025-12-22T07:20:23+00:00","description":"K\u00edna foly\u00e9kony n\u00e1trium-szilik\u00e1t CAS 1344-09-8 gy\u00e1rt\u00f3 \u00e9s sz\u00e1ll\u00edt\u00f3. Ez a term\u00e9k helyettes\u00edtheti a kovasav, n\u00e1triums\u00f3, n\u00e1trium-hidroxi-(oxo)szilanol\u00e1t, n\u00e1trium-hidroxiszilanoil\u00e1t, n\u00e1trium-metaszilik\u00e1t, n\u00e1trium-szilik\u00e1t-oldat. Foly\u00e9kony n\u00e1trium-szilik\u00e1t; v\u00edz\u00fcveg n\u00e1trium-szilik\u00e1t; n\u00e1trium-szilik\u00e1t v\u00edz\u00fcveg; n\u00e1trium-szilik\u00e1t folyad\u00e9k; n\u00e1trium-szilik\u00e1t foly\u00e9kony \u00fcveg.","breadcrumb":{"@id":"https:\/\/longchangchemical.com\/product\/liquid-sodium-silicate-cas-1344-09-8\/#breadcrumb"},"inLanguage":"hu","potentialAction":[{"@type":"ReadAction","target":["https:\/\/longchangchemical.com\/product\/liquid-sodium-silicate-cas-1344-09-8\/"]}]},{"@type":"ImageObject","inLanguage":"hu","@id":"https:\/\/longchangchemical.com\/product\/liquid-sodium-silicate-cas-1344-09-8\/#primaryimage","url":"https:\/\/longchangchemical.com\/wp-content\/uploads\/2021\/10\/Appearance.jpg","contentUrl":"https:\/\/longchangchemical.com\/wp-content\/uploads\/2021\/10\/Appearance.jpg","width":800,"height":800},{"@type":"BreadcrumbList","@id":"https:\/\/longchangchemical.com\/product\/liquid-sodium-silicate-cas-1344-09-8\/#breadcrumb","itemListElement":[{"@type":"ListItem","position":1,"name":"Home","item":"https:\/\/longchangchemical.com\/"},{"@type":"ListItem","position":2,"name":"Products Longchang","item":"https:\/\/longchangchemical.com\/product\/"},{"@type":"ListItem","position":3,"name":"Liquid Sodium silicate CAS 1344-09-8"}]},{"@type":"WebSite","@id":"https:\/\/longchangchemical.com\/#website","url":"https:\/\/longchangchemical.com\/","name":"Longchang Chemical","description":"K\u00edna k\u00e9miai gy\u00e1rt\u00f3 \uff06 sz\u00e1ll\u00edt\u00f3","publisher":{"@id":"https:\/\/longchangchemical.com\/#organization"},"potentialAction":[{"@type":"SearchAction","target":{"@type":"EntryPoint","urlTemplate":"https:\/\/longchangchemical.com\/?s={search_term_string}"},"query-input":{"@type":"PropertyValueSpecification","valueRequired":true,"valueName":"search_term_string"}}],"inLanguage":"hu"},{"@type":"Organization","@id":"https:\/\/longchangchemical.com\/#organization","name":"Longchang Chemical","url":"https:\/\/longchangchemical.com\/","logo":{"@type":"ImageObject","inLanguage":"hu","@id":"https:\/\/longchangchemical.com\/#\/schema\/logo\/image\/","url":"https:\/\/longchangchemical.com\/wp-content\/uploads\/2020\/08\/cropped-longchang-logo.png","contentUrl":"https:\/\/longchangchemical.com\/wp-content\/uploads\/2020\/08\/cropped-longchang-logo.png","width":512,"height":512,"caption":"Longchang Chemical"},"image":{"@id":"https:\/\/longchangchemical.com\/#\/schema\/logo\/image\/"}}]}},"_links":{"self":[{"href":"https:\/\/longchangchemical.com\/hu\/wp-json\/wp\/v2\/product\/4790","targetHints":{"allow":["GET"]}}],"collection":[{"href":"https:\/\/longchangchemical.com\/hu\/wp-json\/wp\/v2\/product"}],"about":[{"href":"https:\/\/longchangchemical.com\/hu\/wp-json\/wp\/v2\/types\/product"}],"replies":[{"embeddable":true,"href":"https:\/\/longchangchemical.com\/hu\/wp-json\/wp\/v2\/comments?post=4790"}],"wp:featuredmedia":[{"embeddable":true,"href":"https:\/\/longchangchemical.com\/hu\/wp-json\/wp\/v2\/media\/4792"}],"wp:attachment":[{"href":"https:\/\/longchangchemical.com\/hu\/wp-json\/wp\/v2\/media?parent=4790"}],"wp:term":[{"taxonomy":"product_brand","embeddable":true,"href":"https:\/\/longchangchemical.com\/hu\/wp-json\/wp\/v2\/product_brand?post=4790"},{"taxonomy":"product_cat","embeddable":true,"href":"https:\/\/longchangchemical.com\/hu\/wp-json\/wp\/v2\/product_cat?post=4790"},{"taxonomy":"product_tag","embeddable":true,"href":"https:\/\/longchangchemical.com\/hu\/wp-json\/wp\/v2\/product_tag?post=4790"}],"curies":[{"name":"wp","href":"https:\/\/api.w.org\/{rel}","templated":true}]}}