{"id":4599,"date":"2021-05-08T06:05:10","date_gmt":"2021-05-08T06:05:10","guid":{"rendered":"https:\/\/longchangchemical.com\/?post_type=product&#038;p=4599"},"modified":"2025-12-22T08:39:48","modified_gmt":"2025-12-22T08:39:48","slug":"dimethyl-sulfoxide-cas-67-68-5","status":"publish","type":"product","link":"https:\/\/longchangchemical.com\/hu\/product\/dimethyl-sulfoxide-cas-67-68-5\/","title":{"rendered":"Dimetil-szulfoxid CAS 67-68-5"},"content":{"rendered":"<h1><strong>Dimetil-szulfoxid CAS 67-68-5<\/strong><\/h1>\n<table class=\"table-1\">\n<tbody>\n<tr>\n<td width=\"191\">\n<h4><strong><b>T\u00e9tel<\/b><\/strong><\/h4>\n<\/td>\n<td width=\"254\">\n<h4><strong><b>M\u0171szaki adatok<\/b><\/strong><\/h4>\n<\/td>\n<\/tr>\n<tr>\n<td width=\"191\">\n<h4>Megjelen\u00e9s<\/h4>\n<\/td>\n<td width=\"254\">\n<h4>Sz\u00edntelen folyad\u00e9k<\/h4>\n<\/td>\n<\/tr>\n<tr>\n<td width=\"191\">\n<h4>Tartalom (DMSO)<\/h4>\n<\/td>\n<td width=\"254\">\n<h4>\u226599.90%<\/h4>\n<\/td>\n<\/tr>\n<tr>\n<td width=\"191\">\n<h4>Krist\u00e1lypont<\/h4>\n<\/td>\n<td width=\"254\">\n<h4>\u226518.10\u2103<\/h4>\n<\/td>\n<\/tr>\n<tr>\n<td width=\"191\">\n<h4>Sav\u00e9rt\u00e9k (mgKOH\/G)<\/h4>\n<\/td>\n<td width=\"254\">\n<h4>\u22640.03<\/h4>\n<\/td>\n<\/tr>\n<tr>\n<td width=\"191\">\n<h4>Transzmittancia (400nm)<\/h4>\n<\/td>\n<td width=\"254\">\n<h4>\u226596.0%<\/h4>\n<\/td>\n<\/tr>\n<tr>\n<td width=\"191\">\n<h4>T\u00f6r\u00e9smutat\u00f3 (20 \u2103)<\/h4>\n<\/td>\n<td width=\"254\">\n<h4>1.4775-1.4790<\/h4>\n<\/td>\n<\/tr>\n<tr>\n<td width=\"191\">\n<h4>V\u00edztartalom<\/h4>\n<\/td>\n<td width=\"254\">\n<h4>\u22640,10%<\/h4>\n<\/td>\n<\/tr>\n<\/tbody>\n<\/table>\n<h2><\/h2>\n<h2><strong>Dimetil-szulfoxid felhaszn\u00e1l\u00e1sa<\/strong><\/h2>\n<h4>1. A dimetil-szulfoxidot sz\u00e9les k\u00f6rben haszn\u00e1lj\u00e1k old\u00f3szerk\u00e9nt \u00e9s reakci\u00f3reagensk\u00e9nt, k\u00fcl\u00f6n\u00f6sen az akrilnitril polimeriz\u00e1ci\u00f3j\u00e1ban, poliuret\u00e1n szint\u00e9zis \u00e9s fon\u00e1s old\u00f3szerk\u00e9nt, poliamid, poliimid \u00e9s poliszulfon gyanta szintetikus old\u00f3szerk\u00e9nt, valamint arom\u00e1s sz\u00e9nhidrog\u00e9nek, butadi\u00e9n extrakci\u00f3s old\u00f3szerek \u00e9s szintetikus kl\u00f3rfluoro-anilin old\u00f3szerek.<\/h4>\n<h4>2. A gy\u00f3gyszeriparban a dimetil-szulfoxidot k\u00f6zvetlen\u00fcl is haszn\u00e1lj\u00e1k egyes gy\u00f3gyszerek alapanyagak\u00e9nt \u00e9s hordoz\u00f3anyagak\u00e9nt. Maga a dimetil-szulfoxid gyullad\u00e1scs\u00f6kkent\u0151, f\u00e1jdalomcsillap\u00edt\u00f3, vizelethajt\u00f3, nyugtat\u00f3 \u00e9s egy\u00e9b hat\u00e1sokkal rendelkezik. \"Csodaszerk\u00e9nt\" is ismert, \u00e9s gyakran adj\u00e1k a gy\u00f3gyszerekhez a f\u00e1jdalomcsillap\u00edt\u00f3k akt\u00edv komponensek\u00e9nt. K\u00fcl\u00f6nleges tulajdons\u00e1ga, hogy k\u00f6nnyen behatol a b\u0151rbe, \u00e9s a felhaszn\u00e1l\u00f3 az osztrig\u00e1hoz hasonl\u00f3 \u00edzt \u00e9rez.<\/h4>\n<h4>3. A dimetil-szulfoxidot a vegyipari \u00e9s gy\u00f3gyszeripari v\u00e1llalatok t\u00f6bbs\u00e9ge extrakci\u00f3s anyagk\u00e9nt haszn\u00e1lja. A DMSO magas forr\u00e1spontja miatt azonban az \u00fczemi h\u0151m\u00e9rs\u00e9klet t\u00fal magas, ami az anyag elkokszol\u00f3d\u00e1s\u00e1t okozza, ami befoly\u00e1solja a dimetil-szulfoxid visszanyer\u00e9s\u00e9t \u00e9s a berendez\u00e9sek tiszt\u00edt\u00e1s\u00e1t. Ez n\u00f6veli az energiafogyaszt\u00e1st is. Ez\u00e9rt a dimetil-szulfoxid visszanyer\u00e9se sz\u0171k keresztmetszett\u00e9 v\u00e1lt a tov\u00e1bbi extrakci\u00f3s anyagk\u00e9nt val\u00f3 felhaszn\u00e1l\u00e1s szempontj\u00e1b\u00f3l.<\/h4>\n<h3><strong>4. Ez a term\u00e9k felhaszn\u00e1lhat\u00f3 a COVID-19 vakcina el\u0151\u00e1ll\u00edt\u00e1s\u00e1hoz.<\/strong><\/h3>\n<p>&nbsp;<\/p>\n<h2><strong>Dimetil-szulfoxid Csomagol\u00e1s \u00e9s sz\u00e1ll\u00edt\u00e1s<\/strong><\/h2>\n<h4>225kg\/dob vagy egyedi csomagban.<\/h4>\n<p>&nbsp;<\/p>\n<h2><strong>Dimetil-szulfoxid t\u00e1rol\u00e1sa<\/strong><\/h2>\n<h4>H\u0171v\u00f6s, sz\u00e1raz, j\u00f3l szell\u0151z\u0151 helyen, \u00f6sszef\u00e9rhetetlen anyagokt\u00f3l t\u00e1vol t\u00e1rolja.<\/h4>\n<h4>Ezt a term\u00e9ket a gy\u00e1rt\u00e1s ut\u00e1n lez\u00e1rj\u00e1k \u00e9s t\u00e1rolj\u00e1k, \u00e9s a term\u00e9knek v\u00edzg\u0151zfelsz\u00edv\u00f3 hat\u00e1sa van.<\/h4>\n<p>&nbsp;<\/p>\n<h2><strong><b>L\u00e9pjen kapcsolatba vel\u00fcnk most!<\/b><\/strong><\/h2>\n<h4><strong><b>Ha COA, MSDS vagy TDS-re van sz\u00fcks\u00e9ge, k\u00e9rj\u00fck, t\u00f6ltse ki el\u00e9rhet\u0151s\u00e9g\u00e9t az al\u00e1bbi \u0171rlapon, \u00e1ltal\u00e1ban 24 \u00f3r\u00e1n bel\u00fcl felvessz\u00fck \u00d6nnel a kapcsolatot. \u00d6n is k\u00fcldhet nekem e-mailt <span style=\"color: #0000ff;\"><a style=\"color: #0000ff;\" href=\"mailto:info@longchangchemical.com\">info@longchangchemical.com<\/a><\/span> munkaid\u0151ben ( 8:30-18:00 UTC+8 H.-Szombat ) vagy haszn\u00e1lja a weboldal \u00e9l\u0151 chatj\u00e9t, hogy azonnali v\u00e1laszt kapjon.<\/b><\/strong><\/h4>\n<p>&nbsp;<\/p>\n<h2>Ez a term\u00e9k is megv\u00e1s\u00e1rolhat\u00f3 az Amazonon<\/h2>\n<p><iframe style=\"width: 120px; height: 240px;\" src=\"\/\/ws-na.amazon-adsystem.com\/widgets\/q?ServiceVersion=20070822&amp;OneJS=1&amp;Operation=GetAdHtml&amp;MarketPlace=US&amp;source=ac&amp;ref=qf_sp_asin_til&amp;ad_type=product_link&amp;tracking_id=longchangchem-20&amp;marketplace=amazon&amp;region=US&amp;placement=B00ZNV5N8U&amp;asins=B00ZNV5N8U&amp;linkId=c59e87d268d292cde89ada64864d0da7&amp;show_border=true&amp;link_opens_in_new_window=true&amp;price_color=333333&amp;title_color=0066c0&amp;bg_color=ffffff\" frameborder=\"0\" marginwidth=\"0\" marginheight=\"0\" scrolling=\"no\"><br \/>\n<\/iframe><\/p>","protected":false},"excerpt":{"rendered":"<p>Anal\u00edzis: \u226599.90%<\/p>\n<p>Megjelen\u00e9s: Sz\u00edntelen folyad\u00e9k<\/p>\n<p>Kapacit\u00e1s: 3000MT\/\u00e9v<\/p>\n<p>Minta: rendelkez\u00e9sre \u00e1ll<\/p>","protected":false},"featured_media":4600,"comment_status":"open","ping_status":"closed","template":"","meta":[],"product_brand":[],"product_cat":[69],"product_tag":[],"class_list":{"0":"post-4599","1":"product","2":"type-product","3":"status-publish","4":"has-post-thumbnail","6":"product_cat-catalysts-chemical-auxiliary-agents","8":"first","9":"instock","10":"shipping-taxable","11":"product-type-simple"},"yoast_head":"<!-- This site is optimized with the Yoast SEO plugin v25.3.1 - https:\/\/yoast.com\/wordpress\/plugins\/seo\/ -->\n<title>China Dimethyl sulfoxide Manufacturer \uff06 DMSO Supplier - Longchang chemical Co., Ltd.<\/title>\n<meta name=\"description\" content=\"Longchang Chemical is a leading manufacturer and supplier of Dimethyl sulfoxide in China. Buy Dimethyl sulfoxide \/ DMSO in china. We can provide the best Dimethyl sulfoxide \/ DMSO price.\" \/>\n<meta name=\"robots\" content=\"index, follow, max-snippet:-1, max-image-preview:large, max-video-preview:-1\" \/>\n<link rel=\"canonical\" href=\"https:\/\/longchangchemical.com\/hu\/product\/dimethyl-sulfoxide-cas-67-68-5\/\" \/>\n<meta property=\"og:locale\" content=\"hu_HU\" \/>\n<meta property=\"og:type\" content=\"article\" \/>\n<meta property=\"og:title\" content=\"China Dimethyl sulfoxide Manufacturer \uff06 DMSO Supplier - Longchang chemical Co., Ltd.\" \/>\n<meta property=\"og:description\" content=\"Longchang Chemical is a leading manufacturer and supplier of Dimethyl sulfoxide in China. Buy Dimethyl sulfoxide \/ DMSO in china. We can provide the best Dimethyl sulfoxide \/ DMSO price.\" \/>\n<meta property=\"og:url\" content=\"https:\/\/longchangchemical.com\/hu\/product\/dimethyl-sulfoxide-cas-67-68-5\/\" \/>\n<meta property=\"og:site_name\" content=\"Longchang Chemical\" \/>\n<meta property=\"article:modified_time\" content=\"2025-12-22T08:39:48+00:00\" \/>\n<meta property=\"og:image\" content=\"https:\/\/longchangchemical.com\/wp-content\/uploads\/2021\/05\/Dimethyl-Sulfoxide-Appearance.jpg\" \/>\n\t<meta property=\"og:image:width\" content=\"600\" \/>\n\t<meta property=\"og:image:height\" content=\"800\" \/>\n\t<meta property=\"og:image:type\" content=\"image\/jpeg\" \/>\n<meta name=\"twitter:card\" content=\"summary_large_image\" \/>\n<script type=\"application\/ld+json\" class=\"yoast-schema-graph\">{\"@context\":\"https:\/\/schema.org\",\"@graph\":[{\"@type\":\"WebPage\",\"@id\":\"https:\/\/longchangchemical.com\/product\/dimethyl-sulfoxide-cas-67-68-5\/\",\"url\":\"https:\/\/longchangchemical.com\/product\/dimethyl-sulfoxide-cas-67-68-5\/\",\"name\":\"China Dimethyl sulfoxide Manufacturer \uff06 DMSO Supplier - Longchang chemical Co., Ltd.\",\"isPartOf\":{\"@id\":\"https:\/\/longchangchemical.com\/#website\"},\"primaryImageOfPage\":{\"@id\":\"https:\/\/longchangchemical.com\/product\/dimethyl-sulfoxide-cas-67-68-5\/#primaryimage\"},\"image\":{\"@id\":\"https:\/\/longchangchemical.com\/product\/dimethyl-sulfoxide-cas-67-68-5\/#primaryimage\"},\"thumbnailUrl\":\"https:\/\/longchangchemical.com\/wp-content\/uploads\/2021\/05\/Dimethyl-Sulfoxide-Appearance.jpg\",\"datePublished\":\"2021-05-08T06:05:10+00:00\",\"dateModified\":\"2025-12-22T08:39:48+00:00\",\"description\":\"Longchang Chemical is a leading manufacturer and supplier of Dimethyl sulfoxide in China. Buy Dimethyl sulfoxide \/ DMSO in china. We can provide the best Dimethyl sulfoxide \/ DMSO price.\",\"breadcrumb\":{\"@id\":\"https:\/\/longchangchemical.com\/product\/dimethyl-sulfoxide-cas-67-68-5\/#breadcrumb\"},\"inLanguage\":\"hu\",\"potentialAction\":[{\"@type\":\"ReadAction\",\"target\":[\"https:\/\/longchangchemical.com\/product\/dimethyl-sulfoxide-cas-67-68-5\/\"]}]},{\"@type\":\"ImageObject\",\"inLanguage\":\"hu\",\"@id\":\"https:\/\/longchangchemical.com\/product\/dimethyl-sulfoxide-cas-67-68-5\/#primaryimage\",\"url\":\"https:\/\/longchangchemical.com\/wp-content\/uploads\/2021\/05\/Dimethyl-Sulfoxide-Appearance.jpg\",\"contentUrl\":\"https:\/\/longchangchemical.com\/wp-content\/uploads\/2021\/05\/Dimethyl-Sulfoxide-Appearance.jpg\",\"width\":600,\"height\":800,\"caption\":\"Appearance\"},{\"@type\":\"BreadcrumbList\",\"@id\":\"https:\/\/longchangchemical.com\/product\/dimethyl-sulfoxide-cas-67-68-5\/#breadcrumb\",\"itemListElement\":[{\"@type\":\"ListItem\",\"position\":1,\"name\":\"Home\",\"item\":\"https:\/\/longchangchemical.com\/\"},{\"@type\":\"ListItem\",\"position\":2,\"name\":\"Products Longchang\",\"item\":\"https:\/\/longchangchemical.com\/product\/\"},{\"@type\":\"ListItem\",\"position\":3,\"name\":\"Dimethyl Sulfoxide CAS 67-68-5\"}]},{\"@type\":\"WebSite\",\"@id\":\"https:\/\/longchangchemical.com\/#website\",\"url\":\"https:\/\/longchangchemical.com\/\",\"name\":\"Longchang Chemical\",\"description\":\"China chemical manufacturer \uff06 supplier\",\"publisher\":{\"@id\":\"https:\/\/longchangchemical.com\/#organization\"},\"potentialAction\":[{\"@type\":\"SearchAction\",\"target\":{\"@type\":\"EntryPoint\",\"urlTemplate\":\"https:\/\/longchangchemical.com\/?s={search_term_string}\"},\"query-input\":{\"@type\":\"PropertyValueSpecification\",\"valueRequired\":true,\"valueName\":\"search_term_string\"}}],\"inLanguage\":\"hu\"},{\"@type\":\"Organization\",\"@id\":\"https:\/\/longchangchemical.com\/#organization\",\"name\":\"Longchang Chemical\",\"url\":\"https:\/\/longchangchemical.com\/\",\"logo\":{\"@type\":\"ImageObject\",\"inLanguage\":\"hu\",\"@id\":\"https:\/\/longchangchemical.com\/#\/schema\/logo\/image\/\",\"url\":\"https:\/\/longchangchemical.com\/wp-content\/uploads\/2020\/08\/cropped-longchang-logo.png\",\"contentUrl\":\"https:\/\/longchangchemical.com\/wp-content\/uploads\/2020\/08\/cropped-longchang-logo.png\",\"width\":512,\"height\":512,\"caption\":\"Longchang Chemical\"},\"image\":{\"@id\":\"https:\/\/longchangchemical.com\/#\/schema\/logo\/image\/\"}}]}<\/script>\n<!-- \/ Yoast SEO plugin. -->","yoast_head_json":{"title":"K\u00edna dimetil-szulfoxid gy\u00e1rt\u00f3 \uff06 DMSO sz\u00e1ll\u00edt\u00f3 - Longchang Chemical Co., Ltd.","description":"A Longchang Chemical vezet\u0151 gy\u00e1rt\u00f3ja \u00e9s sz\u00e1ll\u00edt\u00f3ja a dimetil-szulfoxidnak K\u00edn\u00e1ban. V\u00e1s\u00e1roljon dimetil-szulfoxidot \/ DMSO-t K\u00edn\u00e1ban. A legjobb dimetil-szulfoxid \/ DMSO \u00e1rat tudjuk biztos\u00edtani.","robots":{"index":"index","follow":"follow","max-snippet":"max-snippet:-1","max-image-preview":"max-image-preview:large","max-video-preview":"max-video-preview:-1"},"canonical":"https:\/\/longchangchemical.com\/hu\/product\/dimethyl-sulfoxide-cas-67-68-5\/","og_locale":"hu_HU","og_type":"article","og_title":"China Dimethyl sulfoxide Manufacturer \uff06 DMSO Supplier - Longchang chemical Co., Ltd.","og_description":"Longchang Chemical is a leading manufacturer and supplier of Dimethyl sulfoxide in China. Buy Dimethyl sulfoxide \/ DMSO in china. We can provide the best Dimethyl sulfoxide \/ DMSO price.","og_url":"https:\/\/longchangchemical.com\/hu\/product\/dimethyl-sulfoxide-cas-67-68-5\/","og_site_name":"Longchang Chemical","article_modified_time":"2025-12-22T08:39:48+00:00","og_image":[{"width":600,"height":800,"url":"https:\/\/longchangchemical.com\/wp-content\/uploads\/2021\/05\/Dimethyl-Sulfoxide-Appearance.jpg","type":"image\/jpeg"}],"twitter_card":"summary_large_image","schema":{"@context":"https:\/\/schema.org","@graph":[{"@type":"WebPage","@id":"https:\/\/longchangchemical.com\/product\/dimethyl-sulfoxide-cas-67-68-5\/","url":"https:\/\/longchangchemical.com\/product\/dimethyl-sulfoxide-cas-67-68-5\/","name":"K\u00edna dimetil-szulfoxid gy\u00e1rt\u00f3 \uff06 DMSO sz\u00e1ll\u00edt\u00f3 - Longchang Chemical Co., Ltd.","isPartOf":{"@id":"https:\/\/longchangchemical.com\/#website"},"primaryImageOfPage":{"@id":"https:\/\/longchangchemical.com\/product\/dimethyl-sulfoxide-cas-67-68-5\/#primaryimage"},"image":{"@id":"https:\/\/longchangchemical.com\/product\/dimethyl-sulfoxide-cas-67-68-5\/#primaryimage"},"thumbnailUrl":"https:\/\/longchangchemical.com\/wp-content\/uploads\/2021\/05\/Dimethyl-Sulfoxide-Appearance.jpg","datePublished":"2021-05-08T06:05:10+00:00","dateModified":"2025-12-22T08:39:48+00:00","description":"A Longchang Chemical vezet\u0151 gy\u00e1rt\u00f3ja \u00e9s sz\u00e1ll\u00edt\u00f3ja a dimetil-szulfoxidnak K\u00edn\u00e1ban. V\u00e1s\u00e1roljon dimetil-szulfoxidot \/ DMSO-t K\u00edn\u00e1ban. A legjobb dimetil-szulfoxid \/ DMSO \u00e1rat tudjuk biztos\u00edtani.","breadcrumb":{"@id":"https:\/\/longchangchemical.com\/product\/dimethyl-sulfoxide-cas-67-68-5\/#breadcrumb"},"inLanguage":"hu","potentialAction":[{"@type":"ReadAction","target":["https:\/\/longchangchemical.com\/product\/dimethyl-sulfoxide-cas-67-68-5\/"]}]},{"@type":"ImageObject","inLanguage":"hu","@id":"https:\/\/longchangchemical.com\/product\/dimethyl-sulfoxide-cas-67-68-5\/#primaryimage","url":"https:\/\/longchangchemical.com\/wp-content\/uploads\/2021\/05\/Dimethyl-Sulfoxide-Appearance.jpg","contentUrl":"https:\/\/longchangchemical.com\/wp-content\/uploads\/2021\/05\/Dimethyl-Sulfoxide-Appearance.jpg","width":600,"height":800,"caption":"Appearance"},{"@type":"BreadcrumbList","@id":"https:\/\/longchangchemical.com\/product\/dimethyl-sulfoxide-cas-67-68-5\/#breadcrumb","itemListElement":[{"@type":"ListItem","position":1,"name":"Home","item":"https:\/\/longchangchemical.com\/"},{"@type":"ListItem","position":2,"name":"Products Longchang","item":"https:\/\/longchangchemical.com\/product\/"},{"@type":"ListItem","position":3,"name":"Dimethyl Sulfoxide CAS 67-68-5"}]},{"@type":"WebSite","@id":"https:\/\/longchangchemical.com\/#website","url":"https:\/\/longchangchemical.com\/","name":"Longchang Chemical","description":"K\u00edna k\u00e9miai gy\u00e1rt\u00f3 \uff06 sz\u00e1ll\u00edt\u00f3","publisher":{"@id":"https:\/\/longchangchemical.com\/#organization"},"potentialAction":[{"@type":"SearchAction","target":{"@type":"EntryPoint","urlTemplate":"https:\/\/longchangchemical.com\/?s={search_term_string}"},"query-input":{"@type":"PropertyValueSpecification","valueRequired":true,"valueName":"search_term_string"}}],"inLanguage":"hu"},{"@type":"Organization","@id":"https:\/\/longchangchemical.com\/#organization","name":"Longchang Chemical","url":"https:\/\/longchangchemical.com\/","logo":{"@type":"ImageObject","inLanguage":"hu","@id":"https:\/\/longchangchemical.com\/#\/schema\/logo\/image\/","url":"https:\/\/longchangchemical.com\/wp-content\/uploads\/2020\/08\/cropped-longchang-logo.png","contentUrl":"https:\/\/longchangchemical.com\/wp-content\/uploads\/2020\/08\/cropped-longchang-logo.png","width":512,"height":512,"caption":"Longchang Chemical"},"image":{"@id":"https:\/\/longchangchemical.com\/#\/schema\/logo\/image\/"}}]}},"_links":{"self":[{"href":"https:\/\/longchangchemical.com\/hu\/wp-json\/wp\/v2\/product\/4599","targetHints":{"allow":["GET"]}}],"collection":[{"href":"https:\/\/longchangchemical.com\/hu\/wp-json\/wp\/v2\/product"}],"about":[{"href":"https:\/\/longchangchemical.com\/hu\/wp-json\/wp\/v2\/types\/product"}],"replies":[{"embeddable":true,"href":"https:\/\/longchangchemical.com\/hu\/wp-json\/wp\/v2\/comments?post=4599"}],"wp:featuredmedia":[{"embeddable":true,"href":"https:\/\/longchangchemical.com\/hu\/wp-json\/wp\/v2\/media\/4600"}],"wp:attachment":[{"href":"https:\/\/longchangchemical.com\/hu\/wp-json\/wp\/v2\/media?parent=4599"}],"wp:term":[{"taxonomy":"product_brand","embeddable":true,"href":"https:\/\/longchangchemical.com\/hu\/wp-json\/wp\/v2\/product_brand?post=4599"},{"taxonomy":"product_cat","embeddable":true,"href":"https:\/\/longchangchemical.com\/hu\/wp-json\/wp\/v2\/product_cat?post=4599"},{"taxonomy":"product_tag","embeddable":true,"href":"https:\/\/longchangchemical.com\/hu\/wp-json\/wp\/v2\/product_tag?post=4599"}],"curies":[{"name":"wp","href":"https:\/\/api.w.org\/{rel}","templated":true}]}}