{"id":4376,"date":"2021-02-09T14:11:51","date_gmt":"2021-02-09T14:11:51","guid":{"rendered":"https:\/\/longchangchemical.com\/?post_type=product&#038;p=4376"},"modified":"2022-02-17T02:51:52","modified_gmt":"2022-02-17T02:51:52","slug":"calcium-citrate-cas-813-94-5","status":"publish","type":"product","link":"https:\/\/longchangchemical.com\/hu\/product\/calcium-citrate-cas-813-94-5\/","title":{"rendered":"Kalcium-citr\u00e1t CAS 813-94-5"},"content":{"rendered":"<h1><strong>Kalcium-citr\u00e1t CAS 813-94-5<\/strong><\/h1>\n<table>\n<tbody>\n<tr>\n<td width=\"284\">\n<h4>T\u00e9tel<\/h4>\n<\/td>\n<td width=\"284\">\n<h4>Standard<\/h4>\n<\/td>\n<\/tr>\n<tr>\n<td width=\"284\">\n<h4>Megjelen\u00e9s<\/h4>\n<\/td>\n<td width=\"284\">\n<h4>Feh\u00e9r por<\/h4>\n<\/td>\n<\/tr>\n<tr>\n<td width=\"284\">\n<h4>Anal\u00edzis Ca3(C6H5O7)2<\/h4>\n<\/td>\n<td width=\"284\">\n<h4>97.5-100.5%<\/h4>\n<\/td>\n<\/tr>\n<tr>\n<td width=\"284\">\n<h4>Sz\u00e1r\u00edt\u00e1si vesztes\u00e9g<\/h4>\n<\/td>\n<td width=\"284\">\n<h4>10.0-13.3%<\/h4>\n<\/td>\n<\/tr>\n<tr>\n<td width=\"284\">\n<h4>Arz\u00e9n<\/h4>\n<\/td>\n<td width=\"284\">\n<h4>\u22640.0003%<\/h4>\n<\/td>\n<\/tr>\n<tr>\n<td width=\"284\">\n<h4>Lead<\/h4>\n<\/td>\n<td width=\"284\">\n<h4>\u226410 ppm<\/h4>\n<\/td>\n<\/tr>\n<tr>\n<td width=\"284\">\n<h4>Savban nem old\u00f3d\u00f3 anyagok<\/h4>\n<\/td>\n<td width=\"284\">\n<h4>\u22640,20%<\/h4>\n<\/td>\n<\/tr>\n<tr>\n<td width=\"284\">\n<h4>Neh\u00e9zf\u00e9mek<\/h4>\n<\/td>\n<td width=\"284\">\n<h4>\u22640,002%<\/h4>\n<\/td>\n<\/tr>\n<tr>\n<td width=\"284\">\n<h4>A fluorid hat\u00e1r\u00e9rt\u00e9ke<\/h4>\n<\/td>\n<td width=\"284\">\n<h4>\u22640,003%<\/h4>\n<\/td>\n<\/tr>\n<tr>\n<td width=\"284\">\n<h4>TPC<\/h4>\n<\/td>\n<td width=\"284\">\n<h4>\u22641000Cfu\/g<\/h4>\n<\/td>\n<\/tr>\n<tr>\n<td width=\"284\">\n<h4>\u00c9leszt\u0151 \u00e9s pen\u00e9sz<\/h4>\n<\/td>\n<td width=\"284\">\n<h4>\u2264100Cfu\/g<\/h4>\n<\/td>\n<\/tr>\n<tr>\n<td width=\"284\">\n<h4>Szalmonella<\/h4>\n<\/td>\n<td width=\"284\">\n<h4>Negat\u00edv<\/h4>\n<\/td>\n<\/tr>\n<tr>\n<td width=\"284\">\n<h4>E.coil<\/h4>\n<\/td>\n<td width=\"284\">\n<h4>Negat\u00edv<\/h4>\n<\/td>\n<\/tr>\n<tr>\n<td width=\"284\">\n<h4>Staphylococcus Aureus<\/h4>\n<\/td>\n<td width=\"284\">\n<h4>Negat\u00edv<\/h4>\n<\/td>\n<\/tr>\n<\/tbody>\n<\/table>\n<p><strong><b>\u00a0<\/b><\/strong><\/p>\n<h2><strong><b>Kalcium-citr\u00e1t<\/b><\/strong><strong><b>\u00a0<\/b><\/strong><strong><b>Haszn\u00e1lat<\/b><\/strong><\/h2>\n<h4>1. A kalcium-citr\u00e1t, mint \u00e9lelmiszer-kalcium d\u00fas\u00edt\u00f3, jobb felsz\u00edv\u00f3d\u00e1si hat\u00e1ssal rendelkezik, mint a szervetlen kalcium. haz\u00e1m el\u0151\u00edrja, hogy gabonaf\u00e9l\u00e9khez \u00e9s azok term\u00e9keihez haszn\u00e1lhat\u00f3, \u00e9s a felhaszn\u00e1l\u00e1si mennyis\u00e9g 8-16 g\/kg, tejitalokban \u00e9s iv\u00f3folyad\u00e9kokban 1,8-3,6 g\/kg.<\/h4>\n<h4>2. A kalcium-citr\u00e1t kel\u00e1tk\u00e9pz\u0151 anyagk\u00e9nt, pufferk\u00e9nt, sz\u00f6vetkoagul\u00e1nsk\u00e9nt, kalcium d\u00fas\u00edt\u00f3k\u00e9nt, emulge\u00e1l\u00f3 s\u00f3k\u00e9nt stb. haszn\u00e1lhat\u00f3.<\/h4>\n<h4>3. A kalcium-citr\u00e1t a citromsavb\u00f3l sz\u00e1rmaz\u00f3 kalciums\u00f3. T\u00e1pl\u00e1l\u00e9kkieg\u00e9sz\u00edt\u0151k\u00e9nt haszn\u00e1lj\u00e1k a kalciumhi\u00e1ny megel\u0151z\u00e9s\u00e9re \u00e9s kezel\u00e9s\u00e9re. El\u0151seg\u00edtheti a fogak \u00e9s a csontok eg\u00e9szs\u00e9g\u00e9t, \u00e9s seg\u00edthet a fogy\u00e1sban.<\/h4>\n<p>&nbsp;<\/p>\n<h2><b><\/b><strong><b>Kalcium-citr\u00e1t <\/b><\/strong><strong><b>Csomagol\u00e1s \u00e9s sz\u00e1ll\u00edt\u00e1s<\/b><\/strong><b><\/b><\/h2>\n<h4>Csomagol\u00e1s: 25kg\/dob<\/h4>\n<p>&nbsp;<\/p>\n<h2><strong><b>Kalcium-citr\u00e1t <\/b><\/strong><strong><b>T\u00e1rol\u00e1s<\/b><\/strong><\/h2>\n<h4>H\u0171v\u00f6s \u00e9s sz\u00e1raz helyen kell elhelyezni.<\/h4>\n<p>&nbsp;<\/p>\n<h2><strong>Ugyanazon sorozat term\u00e9kei<\/strong><\/h2>\n<table style=\"border-collapse: collapse; width: 312.02pt;\" border=\"0\" width=\"416\" cellspacing=\"0\" cellpadding=\"0\">\n<tbody>\n<tr style=\"height: 54.00pt;\">\n<td class=\"et4\" style=\"height: 54.00pt; width: 201.75pt;\" width=\"269\" height=\"72\">\n<h4><a href=\"https:\/\/longchangchemical.com\/hu\/product\/bismuth-citrate-cas-813-93-4\/\"><span style=\"color: #0000ff;\"><strong>Viszmut-citr\u00e1t<\/strong><\/span><\/a><\/h4>\n<\/td>\n<td class=\"et4\" style=\"width: 110.25pt;\" width=\"147\">\n<h4><a href=\"https:\/\/longchangchemical.com\/hu\/product\/bismuth-citrate-cas-813-93-4\/\"><span style=\"color: #0000ff;\"><strong>813-93-4<\/strong><\/span><\/a><\/h4>\n<\/td>\n<\/tr>\n<tr style=\"height: 54.00pt;\">\n<td class=\"et5\" style=\"height: 54.00pt; width: 201.75pt;\" width=\"269\" height=\"72\">\n<h4><a href=\"https:\/\/longchangchemical.com\/hu\/product\/boron-citrate-5\/\"><span style=\"color: #0000ff;\"><strong>B\u00f3r-citr\u00e1t<\/strong><\/span><\/a><\/h4>\n<\/td>\n<td class=\"et6\" style=\"width: 110.25pt;\" width=\"147\"><\/td>\n<\/tr>\n<tr style=\"height: 40.50pt;\">\n<td class=\"et7\" style=\"height: 40.50pt; width: 201.75pt;\" width=\"269\" height=\"54\">\n<h4><a href=\"https:\/\/longchangchemical.com\/hu\/product\/ferric-citrate-cas-3522-50-7\/\"><span style=\"color: #0000ff;\"><strong>Vas-citr\u00e1t<\/strong><\/span><\/a><\/h4>\n<\/td>\n<td class=\"et7\" style=\"width: 110.25pt;\" width=\"147\">\n<h4><a href=\"https:\/\/longchangchemical.com\/hu\/product\/ferric-citrate-cas-3522-50-7\/\"><span style=\"color: #0000ff;\"><strong>3522-50-7<\/strong><\/span><\/a><\/h4>\n<\/td>\n<\/tr>\n<tr style=\"height: 40.50pt;\">\n<td class=\"et7\" style=\"height: 40.50pt; width: 201.75pt;\" width=\"269\" height=\"54\">\n<h4><strong>Kalcium-citr\u00e1t<\/strong><\/h4>\n<\/td>\n<td class=\"et7\" style=\"width: 110.25pt;\" width=\"147\">\n<h4><strong>813-94-5<\/strong><\/h4>\n<\/td>\n<\/tr>\n<tr style=\"height: 40.50pt;\">\n<td class=\"et7\" style=\"height: 40.50pt; width: 201.75pt;\" width=\"269\" height=\"54\">\n<h4><a href=\"https:\/\/longchangchemical.com\/hu\/product\/trimagnesium-dicitrate-cas-3344-18-1\/\"><span style=\"color: #0000ff;\"><strong>Trimagn\u00e9zium-dicitr\u00e1t<\/strong><\/span><\/a><\/h4>\n<\/td>\n<td class=\"et7\" style=\"width: 110.25pt;\" width=\"147\">\n<h4><a href=\"https:\/\/longchangchemical.com\/hu\/product\/trimagnesium-dicitrate-cas-3344-18-1\/\"><span style=\"color: #0000ff;\"><strong>3344-18-1<\/strong><\/span><\/a><\/h4>\n<\/td>\n<\/tr>\n<tr style=\"height: 40.50pt;\">\n<td class=\"et7\" style=\"height: 40.50pt; width: 201.75pt;\" width=\"269\" height=\"54\">\n<h4><a href=\"https:\/\/longchangchemical.com\/hu\/product\/zinc-citrate-tribasic-dihydrate-cas-5990-32-9\/\"><span style=\"color: #0000ff;\">Cink-citr\u00e1t dib\u00e1zikus dihidr\u00e1t<\/span><\/a><\/h4>\n<\/td>\n<td class=\"et7\" style=\"width: 110.25pt;\" width=\"147\">\n<h4><a href=\"https:\/\/longchangchemical.com\/hu\/product\/zinc-citrate-tribasic-dihydrate-cas-5990-32-9\/\"><span style=\"color: #0000ff;\">5990-32-9<\/span><\/a><\/h4>\n<\/td>\n<\/tr>\n<tr style=\"height: 40.50pt;\">\n<td class=\"et7\" style=\"height: 40.50pt; width: 201.75pt;\" width=\"269\" height=\"54\">\n<h4><a href=\"https:\/\/longchangchemical.com\/hu\/product\/manganese-citrate-cas-10024-66-5\/\"><span style=\"color: #0000ff;\"><strong>Mang\u00e1n-citr\u00e1t<\/strong><\/span><\/a><\/h4>\n<\/td>\n<td class=\"et7\" style=\"width: 110.25pt;\" width=\"147\">\n<h4><a href=\"https:\/\/longchangchemical.com\/hu\/product\/manganese-citrate-cas-10024-66-5\/\"><span style=\"color: #0000ff;\"><strong>10024-66-5<\/strong><\/span><\/a><\/h4>\n<\/td>\n<\/tr>\n<tr style=\"height: 40.50pt;\">\n<td class=\"et7\" style=\"height: 40.50pt; width: 201.75pt;\" width=\"269\" height=\"54\">\n<h4><a href=\"https:\/\/longchangchemical.com\/hu\/product\/trimethyl-citrate-cas-1587-20-8\/\"><span style=\"color: #0000ff;\"><strong>Trimetil-citr\u00e1t<\/strong><\/span><\/a><\/h4>\n<\/td>\n<td class=\"et7\" style=\"width: 110.25pt;\" width=\"147\">\n<h4><a href=\"https:\/\/longchangchemical.com\/hu\/product\/trimethyl-citrate-cas-1587-20-8\/\"><span style=\"color: #0000ff;\"><strong>1587-20-8<\/strong><\/span><\/a><\/h4>\n<\/td>\n<\/tr>\n<tr style=\"height: 40.50pt;\">\n<td class=\"et7\" style=\"height: 40.50pt; width: 201.75pt;\" width=\"269\" height=\"54\">\n<h4><a href=\"https:\/\/longchangchemical.com\/hu\/product\/triethyl-citrate-cas-77-93-0\/\"><span style=\"color: #0000ff;\"><strong>Trietil-citr\u00e1t<\/strong><\/span><\/a><\/h4>\n<\/td>\n<td class=\"et7\" style=\"width: 110.25pt;\" width=\"147\">\n<h4><a href=\"https:\/\/longchangchemical.com\/hu\/product\/triethyl-citrate-cas-77-93-0\/\"><span style=\"color: #0000ff;\"><strong>77-93-0<\/strong><\/span><\/a><\/h4>\n<\/td>\n<\/tr>\n<\/tbody>\n<\/table>\n<p>&nbsp;<\/p>\n<h2><\/h2>\n<h2><strong><b>L\u00e9pjen kapcsolatba vel\u00fcnk most!<\/b><\/strong><\/h2>\n<h4><strong><b>Egyedi szolg\u00e1ltat\u00e1sokat ny\u00fajtunk, \u00e1ltal\u00e1ban 24 \u00f3r\u00e1n bel\u00fcl felvessz\u00fck \u00d6nnel a kapcsolatot. A munkaid\u0151ben ( 8:30-18:00 UTC+8 H.~Szombat ) az info@longchangchemical.com e-mail c\u00edmen is k\u00fcldhet e-mailt, vagy haszn\u00e1lhatja a weboldal \u00e9l\u0151 chatj\u00e9t, hogy gyors v\u00e1laszt kapjon.<\/b><\/strong><\/h4>","protected":false},"excerpt":{"rendered":"<p>K\u00e9miai n\u00e9v: Kalcium-citr\u00e1t<\/p>\n<p>CAS-sz\u00e1m: 5785-44-4<\/p>\n<p>Molekul\u00e1ris fomula: C12H18Ca3O18<\/p>\n<p>Molekulat\u00f6meg: 570,49<\/p>\n<p>Megjelen\u00e9s: Feh\u00e9r por<\/p>\n<p>Pr\u00f3ba: 97.5-100.5%<\/p>","protected":false},"featured_media":4377,"comment_status":"open","ping_status":"closed","template":"","meta":[],"product_brand":[],"product_cat":[113],"product_tag":[],"class_list":{"0":"post-4376","1":"product","2":"type-product","3":"status-publish","4":"has-post-thumbnail","6":"product_cat-organic-intermediate","8":"first","9":"instock","10":"shipping-taxable","11":"product-type-simple"},"yoast_head":"<!-- This site is optimized with the Yoast SEO plugin v25.3.1 - https:\/\/yoast.com\/wordpress\/plugins\/seo\/ -->\n<title>China Calcium citrate Manufacturer \uff06 813-94-5 Supplier - Longchang chemical Co., Ltd.<\/title>\n<meta name=\"description\" content=\"Longchang Chemical is a leading manufacturer and supplier of Calcium citrate in China. Buy Calcium citrate in china. We can provide the best Calcium citrate price.\" \/>\n<meta name=\"robots\" content=\"index, follow, max-snippet:-1, max-image-preview:large, max-video-preview:-1\" \/>\n<link rel=\"canonical\" href=\"https:\/\/longchangchemical.com\/hu\/product\/calcium-citrate-cas-813-94-5\/\" \/>\n<meta property=\"og:locale\" content=\"hu_HU\" \/>\n<meta property=\"og:type\" content=\"article\" \/>\n<meta property=\"og:title\" content=\"China Calcium citrate Manufacturer \uff06 813-94-5 Supplier - Longchang chemical Co., Ltd.\" \/>\n<meta property=\"og:description\" content=\"Longchang Chemical is a leading manufacturer and supplier of Calcium citrate in China. Buy Calcium citrate in china. We can provide the best Calcium citrate price.\" \/>\n<meta property=\"og:url\" content=\"https:\/\/longchangchemical.com\/hu\/product\/calcium-citrate-cas-813-94-5\/\" \/>\n<meta property=\"og:site_name\" content=\"Longchang Chemical\" \/>\n<meta property=\"article:modified_time\" content=\"2022-02-17T02:51:52+00:00\" \/>\n<meta property=\"og:image\" content=\"https:\/\/longchangchemical.com\/wp-content\/uploads\/2021\/02\/Calcium-citrate-Appearance.jpg\" \/>\n\t<meta property=\"og:image:width\" content=\"600\" \/>\n\t<meta property=\"og:image:height\" content=\"800\" \/>\n\t<meta property=\"og:image:type\" content=\"image\/jpeg\" \/>\n<meta name=\"twitter:card\" content=\"summary_large_image\" \/>\n<script type=\"application\/ld+json\" class=\"yoast-schema-graph\">{\"@context\":\"https:\/\/schema.org\",\"@graph\":[{\"@type\":\"WebPage\",\"@id\":\"https:\/\/longchangchemical.com\/product\/calcium-citrate-cas-813-94-5\/\",\"url\":\"https:\/\/longchangchemical.com\/product\/calcium-citrate-cas-813-94-5\/\",\"name\":\"China Calcium citrate Manufacturer \uff06 813-94-5 Supplier - Longchang chemical Co., Ltd.\",\"isPartOf\":{\"@id\":\"https:\/\/longchangchemical.com\/#website\"},\"primaryImageOfPage\":{\"@id\":\"https:\/\/longchangchemical.com\/product\/calcium-citrate-cas-813-94-5\/#primaryimage\"},\"image\":{\"@id\":\"https:\/\/longchangchemical.com\/product\/calcium-citrate-cas-813-94-5\/#primaryimage\"},\"thumbnailUrl\":\"https:\/\/longchangchemical.com\/wp-content\/uploads\/2021\/02\/Calcium-citrate-Appearance.jpg\",\"datePublished\":\"2021-02-09T14:11:51+00:00\",\"dateModified\":\"2022-02-17T02:51:52+00:00\",\"description\":\"Longchang Chemical is a leading manufacturer and supplier of Calcium citrate in China. Buy Calcium citrate in china. We can provide the best Calcium citrate price.\",\"breadcrumb\":{\"@id\":\"https:\/\/longchangchemical.com\/product\/calcium-citrate-cas-813-94-5\/#breadcrumb\"},\"inLanguage\":\"hu\",\"potentialAction\":[{\"@type\":\"ReadAction\",\"target\":[\"https:\/\/longchangchemical.com\/product\/calcium-citrate-cas-813-94-5\/\"]}]},{\"@type\":\"ImageObject\",\"inLanguage\":\"hu\",\"@id\":\"https:\/\/longchangchemical.com\/product\/calcium-citrate-cas-813-94-5\/#primaryimage\",\"url\":\"https:\/\/longchangchemical.com\/wp-content\/uploads\/2021\/02\/Calcium-citrate-Appearance.jpg\",\"contentUrl\":\"https:\/\/longchangchemical.com\/wp-content\/uploads\/2021\/02\/Calcium-citrate-Appearance.jpg\",\"width\":600,\"height\":800,\"caption\":\"Calcium citrate Appearance\"},{\"@type\":\"BreadcrumbList\",\"@id\":\"https:\/\/longchangchemical.com\/product\/calcium-citrate-cas-813-94-5\/#breadcrumb\",\"itemListElement\":[{\"@type\":\"ListItem\",\"position\":1,\"name\":\"Home\",\"item\":\"https:\/\/longchangchemical.com\/\"},{\"@type\":\"ListItem\",\"position\":2,\"name\":\"Products Longchang\",\"item\":\"https:\/\/longchangchemical.com\/product\/\"},{\"@type\":\"ListItem\",\"position\":3,\"name\":\"Calcium citrate CAS 813-94-5\"}]},{\"@type\":\"WebSite\",\"@id\":\"https:\/\/longchangchemical.com\/#website\",\"url\":\"https:\/\/longchangchemical.com\/\",\"name\":\"Longchang Chemical\",\"description\":\"China chemical manufacturer \uff06 supplier\",\"publisher\":{\"@id\":\"https:\/\/longchangchemical.com\/#organization\"},\"potentialAction\":[{\"@type\":\"SearchAction\",\"target\":{\"@type\":\"EntryPoint\",\"urlTemplate\":\"https:\/\/longchangchemical.com\/?s={search_term_string}\"},\"query-input\":{\"@type\":\"PropertyValueSpecification\",\"valueRequired\":true,\"valueName\":\"search_term_string\"}}],\"inLanguage\":\"hu\"},{\"@type\":\"Organization\",\"@id\":\"https:\/\/longchangchemical.com\/#organization\",\"name\":\"Longchang Chemical\",\"url\":\"https:\/\/longchangchemical.com\/\",\"logo\":{\"@type\":\"ImageObject\",\"inLanguage\":\"hu\",\"@id\":\"https:\/\/longchangchemical.com\/#\/schema\/logo\/image\/\",\"url\":\"https:\/\/longchangchemical.com\/wp-content\/uploads\/2020\/08\/cropped-longchang-logo.png\",\"contentUrl\":\"https:\/\/longchangchemical.com\/wp-content\/uploads\/2020\/08\/cropped-longchang-logo.png\",\"width\":512,\"height\":512,\"caption\":\"Longchang Chemical\"},\"image\":{\"@id\":\"https:\/\/longchangchemical.com\/#\/schema\/logo\/image\/\"}}]}<\/script>\n<!-- \/ Yoast SEO plugin. -->","yoast_head_json":{"title":"K\u00edna kalcium-citr\u00e1t gy\u00e1rt\u00f3 \uff06 813-94-5 sz\u00e1ll\u00edt\u00f3 - Longchang Chemical Co., Ltd.","description":"A Longchang Chemical vezet\u0151 gy\u00e1rt\u00f3ja \u00e9s sz\u00e1ll\u00edt\u00f3ja a kalcium-citr\u00e1tnak K\u00edn\u00e1ban. V\u00e1s\u00e1roljon kalcium-citr\u00e1tot K\u00edn\u00e1ban. A legjobb kalcium-citr\u00e1t \u00e1rat tudjuk biztos\u00edtani.","robots":{"index":"index","follow":"follow","max-snippet":"max-snippet:-1","max-image-preview":"max-image-preview:large","max-video-preview":"max-video-preview:-1"},"canonical":"https:\/\/longchangchemical.com\/hu\/product\/calcium-citrate-cas-813-94-5\/","og_locale":"hu_HU","og_type":"article","og_title":"China Calcium citrate Manufacturer \uff06 813-94-5 Supplier - Longchang chemical Co., Ltd.","og_description":"Longchang Chemical is a leading manufacturer and supplier of Calcium citrate in China. Buy Calcium citrate in china. We can provide the best Calcium citrate price.","og_url":"https:\/\/longchangchemical.com\/hu\/product\/calcium-citrate-cas-813-94-5\/","og_site_name":"Longchang Chemical","article_modified_time":"2022-02-17T02:51:52+00:00","og_image":[{"width":600,"height":800,"url":"https:\/\/longchangchemical.com\/wp-content\/uploads\/2021\/02\/Calcium-citrate-Appearance.jpg","type":"image\/jpeg"}],"twitter_card":"summary_large_image","schema":{"@context":"https:\/\/schema.org","@graph":[{"@type":"WebPage","@id":"https:\/\/longchangchemical.com\/product\/calcium-citrate-cas-813-94-5\/","url":"https:\/\/longchangchemical.com\/product\/calcium-citrate-cas-813-94-5\/","name":"K\u00edna kalcium-citr\u00e1t gy\u00e1rt\u00f3 \uff06 813-94-5 sz\u00e1ll\u00edt\u00f3 - Longchang Chemical Co., Ltd.","isPartOf":{"@id":"https:\/\/longchangchemical.com\/#website"},"primaryImageOfPage":{"@id":"https:\/\/longchangchemical.com\/product\/calcium-citrate-cas-813-94-5\/#primaryimage"},"image":{"@id":"https:\/\/longchangchemical.com\/product\/calcium-citrate-cas-813-94-5\/#primaryimage"},"thumbnailUrl":"https:\/\/longchangchemical.com\/wp-content\/uploads\/2021\/02\/Calcium-citrate-Appearance.jpg","datePublished":"2021-02-09T14:11:51+00:00","dateModified":"2022-02-17T02:51:52+00:00","description":"A Longchang Chemical vezet\u0151 gy\u00e1rt\u00f3ja \u00e9s sz\u00e1ll\u00edt\u00f3ja a kalcium-citr\u00e1tnak K\u00edn\u00e1ban. V\u00e1s\u00e1roljon kalcium-citr\u00e1tot K\u00edn\u00e1ban. A legjobb kalcium-citr\u00e1t \u00e1rat tudjuk biztos\u00edtani.","breadcrumb":{"@id":"https:\/\/longchangchemical.com\/product\/calcium-citrate-cas-813-94-5\/#breadcrumb"},"inLanguage":"hu","potentialAction":[{"@type":"ReadAction","target":["https:\/\/longchangchemical.com\/product\/calcium-citrate-cas-813-94-5\/"]}]},{"@type":"ImageObject","inLanguage":"hu","@id":"https:\/\/longchangchemical.com\/product\/calcium-citrate-cas-813-94-5\/#primaryimage","url":"https:\/\/longchangchemical.com\/wp-content\/uploads\/2021\/02\/Calcium-citrate-Appearance.jpg","contentUrl":"https:\/\/longchangchemical.com\/wp-content\/uploads\/2021\/02\/Calcium-citrate-Appearance.jpg","width":600,"height":800,"caption":"Calcium citrate Appearance"},{"@type":"BreadcrumbList","@id":"https:\/\/longchangchemical.com\/product\/calcium-citrate-cas-813-94-5\/#breadcrumb","itemListElement":[{"@type":"ListItem","position":1,"name":"Home","item":"https:\/\/longchangchemical.com\/"},{"@type":"ListItem","position":2,"name":"Products Longchang","item":"https:\/\/longchangchemical.com\/product\/"},{"@type":"ListItem","position":3,"name":"Calcium citrate CAS 813-94-5"}]},{"@type":"WebSite","@id":"https:\/\/longchangchemical.com\/#website","url":"https:\/\/longchangchemical.com\/","name":"Longchang Chemical","description":"K\u00edna k\u00e9miai gy\u00e1rt\u00f3 \uff06 sz\u00e1ll\u00edt\u00f3","publisher":{"@id":"https:\/\/longchangchemical.com\/#organization"},"potentialAction":[{"@type":"SearchAction","target":{"@type":"EntryPoint","urlTemplate":"https:\/\/longchangchemical.com\/?s={search_term_string}"},"query-input":{"@type":"PropertyValueSpecification","valueRequired":true,"valueName":"search_term_string"}}],"inLanguage":"hu"},{"@type":"Organization","@id":"https:\/\/longchangchemical.com\/#organization","name":"Longchang Chemical","url":"https:\/\/longchangchemical.com\/","logo":{"@type":"ImageObject","inLanguage":"hu","@id":"https:\/\/longchangchemical.com\/#\/schema\/logo\/image\/","url":"https:\/\/longchangchemical.com\/wp-content\/uploads\/2020\/08\/cropped-longchang-logo.png","contentUrl":"https:\/\/longchangchemical.com\/wp-content\/uploads\/2020\/08\/cropped-longchang-logo.png","width":512,"height":512,"caption":"Longchang Chemical"},"image":{"@id":"https:\/\/longchangchemical.com\/#\/schema\/logo\/image\/"}}]}},"_links":{"self":[{"href":"https:\/\/longchangchemical.com\/hu\/wp-json\/wp\/v2\/product\/4376","targetHints":{"allow":["GET"]}}],"collection":[{"href":"https:\/\/longchangchemical.com\/hu\/wp-json\/wp\/v2\/product"}],"about":[{"href":"https:\/\/longchangchemical.com\/hu\/wp-json\/wp\/v2\/types\/product"}],"replies":[{"embeddable":true,"href":"https:\/\/longchangchemical.com\/hu\/wp-json\/wp\/v2\/comments?post=4376"}],"wp:featuredmedia":[{"embeddable":true,"href":"https:\/\/longchangchemical.com\/hu\/wp-json\/wp\/v2\/media\/4377"}],"wp:attachment":[{"href":"https:\/\/longchangchemical.com\/hu\/wp-json\/wp\/v2\/media?parent=4376"}],"wp:term":[{"taxonomy":"product_brand","embeddable":true,"href":"https:\/\/longchangchemical.com\/hu\/wp-json\/wp\/v2\/product_brand?post=4376"},{"taxonomy":"product_cat","embeddable":true,"href":"https:\/\/longchangchemical.com\/hu\/wp-json\/wp\/v2\/product_cat?post=4376"},{"taxonomy":"product_tag","embeddable":true,"href":"https:\/\/longchangchemical.com\/hu\/wp-json\/wp\/v2\/product_tag?post=4376"}],"curies":[{"name":"wp","href":"https:\/\/api.w.org\/{rel}","templated":true}]}}