{"id":4373,"date":"2021-02-09T13:49:07","date_gmt":"2021-02-09T13:49:07","guid":{"rendered":"https:\/\/longchangchemical.com\/?post_type=product&#038;p=4373"},"modified":"2026-05-08T02:59:32","modified_gmt":"2026-05-08T02:59:32","slug":"ferric-citrate-cas-3522-50-7","status":"publish","type":"product","link":"https:\/\/longchangchemical.com\/hu\/product\/ferric-citrate-cas-3522-50-7\/","title":{"rendered":"Vas-citr\u00e1t CAS 3522-50-7"},"content":{"rendered":"<h2><strong>Vas-citr\u00e1t CAS 3522-50-7<\/strong><\/h2>\n<table>\n<tbody>\n<tr>\n<td width=\"202\">\n<h4><strong><b>T\u00e9tel<\/b><\/strong><\/h4>\n<\/td>\n<td width=\"287\">\n<h4><strong><b>Standard<\/b><\/strong><\/h4>\n<\/td>\n<td width=\"208\">\n<h4><strong><b>Eredm\u00e9nyek<\/b><\/strong><\/h4>\n<\/td>\n<\/tr>\n<tr>\n<td width=\"202\">\n<h4>Pr\u00f3ba(Fe)%<\/h4>\n<\/td>\n<td width=\"287\">\n<h4>16.5-18.5<\/h4>\n<\/td>\n<td width=\"208\">\n<h4>17.7%<\/h4>\n<\/td>\n<\/tr>\n<tr>\n<td width=\"202\">\n<h4>citr\u00e1t<\/h4>\n<\/td>\n<td width=\"287\">\n<h4>Megfelel a k\u00f6vetelm\u00e9nynek<\/h4>\n<\/td>\n<td width=\"208\">\n<h4>Megfelel a k\u00f6vetelm\u00e9nynek<\/h4>\n<\/td>\n<\/tr>\n<tr>\n<td width=\"202\">\n<h4>nitrog\u00e9n<\/h4>\n<\/td>\n<td width=\"287\">\n<h4>Megfelel a k\u00f6vetelm\u00e9nynek<\/h4>\n<\/td>\n<td width=\"208\">\n<h4>Megfelel a k\u00f6vetelm\u00e9nynek<\/h4>\n<\/td>\n<\/tr>\n<tr>\n<td width=\"202\">\n<h4>kloridion%<\/h4>\n<\/td>\n<td width=\"287\">\n<h4>\u22640,05%<\/h4>\n<\/td>\n<td width=\"208\">\n<h4>\uff1c0.05%<\/h4>\n<\/td>\n<\/tr>\n<tr>\n<td width=\"202\">\n<h4>K\u00e9n %<\/h4>\n<\/td>\n<td width=\"287\">\n<h4>\u22640,02%<\/h4>\n<\/td>\n<td width=\"208\">\n<h4>\uff1c0.02%<\/h4>\n<\/td>\n<\/tr>\n<tr>\n<td width=\"202\">\n<h4>Neh\u00e9zf\u00e9m<\/h4>\n<\/td>\n<td width=\"287\">\n<h4>\u226430 ppm<\/h4>\n<\/td>\n<td width=\"208\">\n<h4>\uff1c30ppm<\/h4>\n<\/td>\n<\/tr>\n<tr>\n<td width=\"202\">\n<h4>Alk\u00e1lif\u00e9m%<\/h4>\n<\/td>\n<td width=\"287\">\n<h4>\u22640,2%<\/h4>\n<\/td>\n<td width=\"208\">\n<h4>\uff1c0.2%<\/h4>\n<\/td>\n<\/tr>\n<tr>\n<td width=\"202\">\n<h4>K\u00f6vetkeztet\u00e9s<\/h4>\n<\/td>\n<td colspan=\"2\" width=\"495\">\n<h4>Megfelel a szabv\u00e1nynak.<\/h4>\n<\/td>\n<\/tr>\n<\/tbody>\n<\/table>\n<p>&nbsp;<\/p>\n<h2><strong>Vas-citr\u00e1t Haszn\u00e1lat<\/strong><\/h2>\n<h4>1. A vas-citr\u00e1t vasd\u00fas\u00edt\u00f3k\u00e9nt \u00e9s t\u00e1pl\u00e1l\u00e9kkieg\u00e9sz\u00edt\u0151k\u00e9nt haszn\u00e1lhat\u00f3.<\/h4>\n<h4>2. A vas-citr\u00e1t kekszekben, kalciumos tejporban stb. haszn\u00e1lhat\u00f3;<\/h4>\n<h4>3. A gy\u00f3gyszeriparban a vas-citr\u00e1t radioakt\u00edv gy\u00f3gyszerk\u00e9nt haszn\u00e1lhat\u00f3 a k\u00f3ros vasanyagcsere \u00e9s a v\u00e9rk\u00e9pz\u0151szervi m\u0171k\u00f6d\u00e9s ellen\u0151rz\u00e9s\u00e9re.<\/h4>\n<h4>4. A vas-citr\u00e1t takarm\u00e1ny-adal\u00e9kanyagk\u00e9nt haszn\u00e1lhat\u00f3.<\/h4>\n<h4>5.  Az \u00e9lelmiszer-adal\u00e9kanyagok k\u00f6z\u00fcl a vas-citr\u00e1t er\u0151s\u00edti a szervezetet \u00e9s megsz\u00fcnteti a f\u00e1radts\u00e1got. El\u0151seg\u00edtheti a zs\u00edrbont\u00e1st \u00e9s szab\u00e1lyozhatja a szervezet sav-b\u00e1zis egyens\u00faly\u00e1t. Enyh\u00edti az \u00e9tv\u00e1gytalans\u00e1gban, r\u00e9szleges fogyatkoz\u00e1sban, ritkul\u00f3 hajban, szellemi visszamaradotts\u00e1gban, k\u00e9s\u0151i fogz\u00e1sban, serd\u00fcl\u0151kori energiaveszt\u00e9sben, k\u00f6nny\u0171 f\u00e1radts\u00e1gban, h\u00e1tf\u00e1j\u00e1sban, legyeng\u00fclt immunit\u00e1sban, fogszuvasod\u00e1sban \u00e9s rossz fogfejl\u0151d\u00e9sben szenved\u0151 gyermekek \u00e1llapot\u00e1t. Valamint megel\u0151zi az id\u0151skori b\u0151rbetegs\u00e9geket, az \u00e1gy\u00e9ki \u00e9s nyaki f\u00e1jdalmakat, az em\u00e9szt\u00e9si fek\u00e9lyeket, az \u00e1lmatlans\u00e1got, az \u00e1lmokat, a sz\u00edvdobog\u00e1st, az ingerl\u00e9kenys\u00e9get, az ingerl\u00e9kenys\u00e9get, a v\u00e9rszeg\u00e9nys\u00e9get, a sz\u00e9d\u00fcl\u00e9st, az \u00edz\u00fcleti f\u00e1jdalmakat, a terhes n\u0151k szoptat\u00e1s alatti g\u00f6rcs\u00f6ket \u00e9s egy\u00e9b t\u00fcneteket.<\/h4>\n<p>&nbsp;<\/p>\n<h2><strong>Vas-citr\u00e1t Csomagol\u00e1s \u00e9s sz\u00e1ll\u00edt\u00e1s<\/strong><\/h2>\n<h4>Csomagol\u00e1s: 25 kg \/ 50 kg karton \/ zs\u00e1k \/ hord\u00f3; 500 kg-os zs\u00e1k<\/h4>\n<h4>Sz\u00e1ll\u00edt\u00e1s: Expresszel, tengeren, l\u00e9gi \u00faton.<\/h4>\n<p>&nbsp;<\/p>\n<h2><strong>Vas-citr\u00e1t T\u00e1rol\u00e1s<\/strong><\/h2>\n<h4>Tiszta, sz\u00e1raz, lez\u00e1rt tart\u00e1lyban t\u00e1rolja.<\/h4>\n<p>&nbsp;<\/p>\n<h2><strong>Ugyanazon sorozat term\u00e9kei<\/strong><\/h2>\n<table style=\"border-collapse: collapse; width: 312.02pt;\" border=\"0\" width=\"416\" cellspacing=\"0\" cellpadding=\"0\">\n<tbody>\n<tr style=\"height: 54.00pt;\">\n<td class=\"et4\" style=\"height: 54.00pt; width: 201.75pt;\" width=\"269\" height=\"72\">\n<h4><a href=\"https:\/\/longchangchemical.com\/hu\/product\/bismuth-citrate-cas-813-93-4\/\"><span style=\"color: #0000ff;\"><strong>Viszmut-citr\u00e1t<\/strong><\/span><\/a><\/h4>\n<\/td>\n<td class=\"et4\" style=\"width: 110.25pt;\" width=\"147\">\n<h4><a href=\"https:\/\/longchangchemical.com\/hu\/product\/bismuth-citrate-cas-813-93-4\/\"><span style=\"color: #0000ff;\"><strong>813-93-4<\/strong><\/span><\/a><\/h4>\n<\/td>\n<\/tr>\n<tr style=\"height: 54.00pt;\">\n<td class=\"et5\" style=\"height: 54.00pt; width: 201.75pt;\" width=\"269\" height=\"72\">\n<h4><a href=\"https:\/\/longchangchemical.com\/hu\/product\/boron-citrate-5\/\"><span style=\"color: #0000ff;\"><strong>B\u00f3r-citr\u00e1t<\/strong><\/span><\/a><\/h4>\n<\/td>\n<td class=\"et6\" style=\"width: 110.25pt;\" width=\"147\"><\/td>\n<\/tr>\n<tr style=\"height: 40.50pt;\">\n<td class=\"et7\" style=\"height: 40.50pt; width: 201.75pt;\" width=\"269\" height=\"54\">\n<h4><strong>Vas-citr\u00e1t<\/strong><\/h4>\n<\/td>\n<td class=\"et7\" style=\"width: 110.25pt;\" width=\"147\">\n<h4><strong>3522-50-7<\/strong><\/h4>\n<\/td>\n<\/tr>\n<tr style=\"height: 40.50pt;\">\n<td class=\"et7\" style=\"height: 40.50pt; width: 201.75pt;\" width=\"269\" height=\"54\">\n<h4><a href=\"https:\/\/longchangchemical.com\/hu\/product\/calcium-citrate-cas-813-94-5\/\"><span style=\"color: #0000ff;\"><strong>Kalcium-citr\u00e1t<\/strong><\/span><\/a><\/h4>\n<\/td>\n<td class=\"et7\" style=\"width: 110.25pt;\" width=\"147\">\n<h4><a href=\"https:\/\/longchangchemical.com\/hu\/product\/calcium-citrate-cas-813-94-5\/\"><span style=\"color: #0000ff;\"><strong>813-94-5<\/strong><\/span><\/a><\/h4>\n<\/td>\n<\/tr>\n<tr style=\"height: 40.50pt;\">\n<td class=\"et7\" style=\"height: 40.50pt; width: 201.75pt;\" width=\"269\" height=\"54\">\n<h4><a href=\"https:\/\/longchangchemical.com\/hu\/product\/trimagnesium-dicitrate-cas-3344-18-1\/\"><span style=\"color: #0000ff;\"><strong>Trimagn\u00e9zium-dicitr\u00e1t<\/strong><\/span><\/a><\/h4>\n<\/td>\n<td class=\"et7\" style=\"width: 110.25pt;\" width=\"147\">\n<h4><a href=\"https:\/\/longchangchemical.com\/hu\/product\/trimagnesium-dicitrate-cas-3344-18-1\/\"><span style=\"color: #0000ff;\"><strong>3344-18-1<\/strong><\/span><\/a><\/h4>\n<\/td>\n<\/tr>\n<tr style=\"height: 40.50pt;\">\n<td class=\"et7\" style=\"height: 40.50pt; width: 201.75pt;\" width=\"269\" height=\"54\">\n<h4><a href=\"https:\/\/longchangchemical.com\/hu\/product\/zinc-citrate-tribasic-dihydrate-cas-5990-32-9\/\"><span style=\"color: #0000ff;\">Cink-citr\u00e1t dib\u00e1zikus dihidr\u00e1t<\/span><\/a><\/h4>\n<\/td>\n<td class=\"et7\" style=\"width: 110.25pt;\" width=\"147\">\n<h4><a href=\"https:\/\/longchangchemical.com\/hu\/product\/zinc-citrate-tribasic-dihydrate-cas-5990-32-9\/\"><span style=\"color: #0000ff;\">5990-32-9<\/span><\/a><\/h4>\n<\/td>\n<\/tr>\n<tr style=\"height: 40.50pt;\">\n<td class=\"et7\" style=\"height: 40.50pt; width: 201.75pt;\" width=\"269\" height=\"54\">\n<h4><a href=\"https:\/\/longchangchemical.com\/hu\/product\/manganese-citrate-cas-10024-66-5\/\"><span style=\"color: #0000ff;\"><strong>Mang\u00e1n-citr\u00e1t<\/strong><\/span><\/a><\/h4>\n<\/td>\n<td class=\"et7\" style=\"width: 110.25pt;\" width=\"147\">\n<h4><a href=\"https:\/\/longchangchemical.com\/hu\/product\/manganese-citrate-cas-10024-66-5\/\"><span style=\"color: #0000ff;\"><strong>10024-66-5<\/strong><\/span><\/a><\/h4>\n<\/td>\n<\/tr>\n<tr style=\"height: 40.50pt;\">\n<td class=\"et7\" style=\"height: 40.50pt; width: 201.75pt;\" width=\"269\" height=\"54\">\n<h4><a href=\"https:\/\/longchangchemical.com\/hu\/product\/trimethyl-citrate-cas-1587-20-8\/\"><span style=\"color: #0000ff;\"><strong>Trimetil-citr\u00e1t<\/strong><\/span><\/a><\/h4>\n<\/td>\n<td class=\"et7\" style=\"width: 110.25pt;\" width=\"147\">\n<h4><a href=\"https:\/\/longchangchemical.com\/hu\/product\/trimethyl-citrate-cas-1587-20-8\/\"><span style=\"color: #0000ff;\"><strong>1587-20-8<\/strong><\/span><\/a><\/h4>\n<\/td>\n<\/tr>\n<tr style=\"height: 40.50pt;\">\n<td class=\"et7\" style=\"height: 40.50pt; width: 201.75pt;\" width=\"269\" height=\"54\">\n<h4><a href=\"https:\/\/longchangchemical.com\/hu\/product\/triethyl-citrate-cas-77-93-0\/\"><span style=\"color: #0000ff;\"><strong>Trietil-citr\u00e1t<\/strong><\/span><\/a><\/h4>\n<\/td>\n<td class=\"et7\" style=\"width: 110.25pt;\" width=\"147\">\n<h4><a href=\"https:\/\/longchangchemical.com\/hu\/product\/triethyl-citrate-cas-77-93-0\/\"><span style=\"color: #0000ff;\"><strong>77-93-0<\/strong><\/span><\/a><\/h4>\n<\/td>\n<\/tr>\n<\/tbody>\n<\/table>\n<p>&nbsp;<\/p>\n<h2><strong><b>L\u00e9pjen kapcsolatba vel\u00fcnk most!<\/b><\/strong><\/h2>\n<h4><strong><b>Egyedi szolg\u00e1ltat\u00e1sokat ny\u00fajtunk, \u00e1ltal\u00e1ban 24 \u00f3r\u00e1n bel\u00fcl felvessz\u00fck \u00d6nnel a kapcsolatot. A munkaid\u0151ben ( 8:30-18:00 UTC+8 H.~Szombat ) az info@longchangchemical.com e-mail c\u00edmen is k\u00fcldhet e-mailt, vagy haszn\u00e1lhatja a weboldal \u00e9l\u0151 chatj\u00e9t, hogy gyors v\u00e1laszt kapjon.<\/b><\/strong><\/h4>","protected":false},"excerpt":{"rendered":"<h4>K\u00e9miai n\u00e9v: Vas-citr\u00e1t<\/h4>\n<h4>Egy\u00e9b n\u00e9v: Vas (III) citr\u00e1t<\/h4>\n<h4>CAS-sz\u00e1m: 3522-50-7<\/h4>\n<h4>Molekul\u00e1ris fomula: C6H5FeO7<\/h4>\n<h4>Molekulat\u00f6meg: 244,94<\/h4>\n<h4>K\u00e9miai szerkezet:<img decoding=\"async\" title=\"CAS 3522-50-7 (vas(III)-citr\u00e1t) \" src=\"https:\/\/www.longchangchemical.com\/wp-content\/uploads\/product-details\/20200612073877.png\" alt=\"CAS 3522-50-7 (vas(III)-citr\u00e1t) \" width=\"145\" height=\"95\" border=\"0\" vspace=\"0\" \/><\/h4>\n<h4>Megjelen\u00e9s: Narancss\u00e1rga vagy barna por, feny\u0151barna szemcs\u00e9k.<\/h4>\n<h4>Pr\u00f3ba: 18%<\/h4>","protected":false},"featured_media":4374,"comment_status":"open","ping_status":"closed","template":"","meta":[],"product_brand":[],"product_cat":[113],"product_tag":[],"class_list":{"0":"post-4373","1":"product","2":"type-product","3":"status-publish","4":"has-post-thumbnail","6":"product_cat-organic-intermediate","8":"first","9":"instock","10":"shipping-taxable","11":"product-type-simple"},"yoast_head":"<!-- This site is optimized with the Yoast SEO plugin v25.3.1 - https:\/\/yoast.com\/wordpress\/plugins\/seo\/ -->\n<title>China Ferric citrate Manufacturer \uff06 Supplier - Longchang chemical Co., Ltd.<\/title>\n<meta name=\"description\" content=\"Longchang Chemical is a leading manufacturer and supplier of Ferric citrate in China. Buy Ferric citrate in china. We can provide the best Ferric citrate price.\" \/>\n<meta name=\"robots\" content=\"index, follow, max-snippet:-1, max-image-preview:large, max-video-preview:-1\" \/>\n<link rel=\"canonical\" href=\"https:\/\/longchangchemical.com\/hu\/product\/ferric-citrate-cas-3522-50-7\/\" \/>\n<meta property=\"og:locale\" content=\"hu_HU\" \/>\n<meta property=\"og:type\" content=\"article\" \/>\n<meta property=\"og:title\" content=\"China Ferric citrate Manufacturer \uff06 Supplier - Longchang chemical Co., Ltd.\" \/>\n<meta property=\"og:description\" content=\"Longchang Chemical is a leading manufacturer and supplier of Ferric citrate in China. Buy Ferric citrate in china. We can provide the best Ferric citrate price.\" \/>\n<meta property=\"og:url\" content=\"https:\/\/longchangchemical.com\/hu\/product\/ferric-citrate-cas-3522-50-7\/\" \/>\n<meta property=\"og:site_name\" content=\"Longchang Chemical\" \/>\n<meta property=\"article:modified_time\" content=\"2026-05-08T02:59:32+00:00\" \/>\n<meta property=\"og:image\" content=\"https:\/\/longchangchemical.com\/wp-content\/uploads\/2021\/02\/Ferric-citrate-Appearance.jpg\" \/>\n\t<meta property=\"og:image:width\" content=\"600\" \/>\n\t<meta property=\"og:image:height\" content=\"800\" \/>\n\t<meta property=\"og:image:type\" content=\"image\/jpeg\" \/>\n<meta name=\"twitter:card\" content=\"summary_large_image\" \/>\n<script type=\"application\/ld+json\" class=\"yoast-schema-graph\">{\"@context\":\"https:\/\/schema.org\",\"@graph\":[{\"@type\":\"WebPage\",\"@id\":\"https:\/\/longchangchemical.com\/product\/ferric-citrate-cas-3522-50-7\/\",\"url\":\"https:\/\/longchangchemical.com\/product\/ferric-citrate-cas-3522-50-7\/\",\"name\":\"China Ferric citrate Manufacturer \uff06 Supplier - Longchang chemical Co., Ltd.\",\"isPartOf\":{\"@id\":\"https:\/\/longchangchemical.com\/#website\"},\"primaryImageOfPage\":{\"@id\":\"https:\/\/longchangchemical.com\/product\/ferric-citrate-cas-3522-50-7\/#primaryimage\"},\"image\":{\"@id\":\"https:\/\/longchangchemical.com\/product\/ferric-citrate-cas-3522-50-7\/#primaryimage\"},\"thumbnailUrl\":\"https:\/\/longchangchemical.com\/wp-content\/uploads\/2021\/02\/Ferric-citrate-Appearance.jpg\",\"datePublished\":\"2021-02-09T13:49:07+00:00\",\"dateModified\":\"2026-05-08T02:59:32+00:00\",\"description\":\"Longchang Chemical is a leading manufacturer and supplier of Ferric citrate in China. Buy Ferric citrate in china. We can provide the best Ferric citrate price.\",\"breadcrumb\":{\"@id\":\"https:\/\/longchangchemical.com\/product\/ferric-citrate-cas-3522-50-7\/#breadcrumb\"},\"inLanguage\":\"hu\",\"potentialAction\":[{\"@type\":\"ReadAction\",\"target\":[\"https:\/\/longchangchemical.com\/product\/ferric-citrate-cas-3522-50-7\/\"]}]},{\"@type\":\"ImageObject\",\"inLanguage\":\"hu\",\"@id\":\"https:\/\/longchangchemical.com\/product\/ferric-citrate-cas-3522-50-7\/#primaryimage\",\"url\":\"https:\/\/longchangchemical.com\/wp-content\/uploads\/2021\/02\/Ferric-citrate-Appearance.jpg\",\"contentUrl\":\"https:\/\/longchangchemical.com\/wp-content\/uploads\/2021\/02\/Ferric-citrate-Appearance.jpg\",\"width\":600,\"height\":800,\"caption\":\"Ferric citrate Appearance\"},{\"@type\":\"BreadcrumbList\",\"@id\":\"https:\/\/longchangchemical.com\/product\/ferric-citrate-cas-3522-50-7\/#breadcrumb\",\"itemListElement\":[{\"@type\":\"ListItem\",\"position\":1,\"name\":\"Home\",\"item\":\"https:\/\/longchangchemical.com\/\"},{\"@type\":\"ListItem\",\"position\":2,\"name\":\"Products Longchang\",\"item\":\"https:\/\/longchangchemical.com\/product\/\"},{\"@type\":\"ListItem\",\"position\":3,\"name\":\"Ferric citrate CAS 3522-50-7\"}]},{\"@type\":\"WebSite\",\"@id\":\"https:\/\/longchangchemical.com\/#website\",\"url\":\"https:\/\/longchangchemical.com\/\",\"name\":\"Longchang Chemical\",\"description\":\"China chemical manufacturer \uff06 supplier\",\"publisher\":{\"@id\":\"https:\/\/longchangchemical.com\/#organization\"},\"potentialAction\":[{\"@type\":\"SearchAction\",\"target\":{\"@type\":\"EntryPoint\",\"urlTemplate\":\"https:\/\/longchangchemical.com\/?s={search_term_string}\"},\"query-input\":{\"@type\":\"PropertyValueSpecification\",\"valueRequired\":true,\"valueName\":\"search_term_string\"}}],\"inLanguage\":\"hu\"},{\"@type\":\"Organization\",\"@id\":\"https:\/\/longchangchemical.com\/#organization\",\"name\":\"Longchang Chemical\",\"url\":\"https:\/\/longchangchemical.com\/\",\"logo\":{\"@type\":\"ImageObject\",\"inLanguage\":\"hu\",\"@id\":\"https:\/\/longchangchemical.com\/#\/schema\/logo\/image\/\",\"url\":\"https:\/\/longchangchemical.com\/wp-content\/uploads\/2020\/08\/cropped-longchang-logo.png\",\"contentUrl\":\"https:\/\/longchangchemical.com\/wp-content\/uploads\/2020\/08\/cropped-longchang-logo.png\",\"width\":512,\"height\":512,\"caption\":\"Longchang Chemical\"},\"image\":{\"@id\":\"https:\/\/longchangchemical.com\/#\/schema\/logo\/image\/\"}}]}<\/script>\n<!-- \/ Yoast SEO plugin. -->","yoast_head_json":{"title":"K\u00edna vas-citr\u00e1t gy\u00e1rt\u00f3 \uff06 sz\u00e1ll\u00edt\u00f3 - Longchang Chemical Co., Ltd.","description":"A Longchang Chemical vezet\u0151 gy\u00e1rt\u00f3ja \u00e9s sz\u00e1ll\u00edt\u00f3ja a Vas-citr\u00e1tnak K\u00edn\u00e1ban. V\u00e1s\u00e1roljon vas-citr\u00e1tot K\u00edn\u00e1ban. A legjobb vas-citr\u00e1t \u00e1rat tudjuk biztos\u00edtani.","robots":{"index":"index","follow":"follow","max-snippet":"max-snippet:-1","max-image-preview":"max-image-preview:large","max-video-preview":"max-video-preview:-1"},"canonical":"https:\/\/longchangchemical.com\/hu\/product\/ferric-citrate-cas-3522-50-7\/","og_locale":"hu_HU","og_type":"article","og_title":"China Ferric citrate Manufacturer \uff06 Supplier - Longchang chemical Co., Ltd.","og_description":"Longchang Chemical is a leading manufacturer and supplier of Ferric citrate in China. Buy Ferric citrate in china. We can provide the best Ferric citrate price.","og_url":"https:\/\/longchangchemical.com\/hu\/product\/ferric-citrate-cas-3522-50-7\/","og_site_name":"Longchang Chemical","article_modified_time":"2026-05-08T02:59:32+00:00","og_image":[{"width":600,"height":800,"url":"https:\/\/longchangchemical.com\/wp-content\/uploads\/2021\/02\/Ferric-citrate-Appearance.jpg","type":"image\/jpeg"}],"twitter_card":"summary_large_image","schema":{"@context":"https:\/\/schema.org","@graph":[{"@type":"WebPage","@id":"https:\/\/longchangchemical.com\/product\/ferric-citrate-cas-3522-50-7\/","url":"https:\/\/longchangchemical.com\/product\/ferric-citrate-cas-3522-50-7\/","name":"K\u00edna vas-citr\u00e1t gy\u00e1rt\u00f3 \uff06 sz\u00e1ll\u00edt\u00f3 - Longchang Chemical Co., Ltd.","isPartOf":{"@id":"https:\/\/longchangchemical.com\/#website"},"primaryImageOfPage":{"@id":"https:\/\/longchangchemical.com\/product\/ferric-citrate-cas-3522-50-7\/#primaryimage"},"image":{"@id":"https:\/\/longchangchemical.com\/product\/ferric-citrate-cas-3522-50-7\/#primaryimage"},"thumbnailUrl":"https:\/\/longchangchemical.com\/wp-content\/uploads\/2021\/02\/Ferric-citrate-Appearance.jpg","datePublished":"2021-02-09T13:49:07+00:00","dateModified":"2026-05-08T02:59:32+00:00","description":"A Longchang Chemical vezet\u0151 gy\u00e1rt\u00f3ja \u00e9s sz\u00e1ll\u00edt\u00f3ja a Vas-citr\u00e1tnak K\u00edn\u00e1ban. V\u00e1s\u00e1roljon vas-citr\u00e1tot K\u00edn\u00e1ban. A legjobb vas-citr\u00e1t \u00e1rat tudjuk biztos\u00edtani.","breadcrumb":{"@id":"https:\/\/longchangchemical.com\/product\/ferric-citrate-cas-3522-50-7\/#breadcrumb"},"inLanguage":"hu","potentialAction":[{"@type":"ReadAction","target":["https:\/\/longchangchemical.com\/product\/ferric-citrate-cas-3522-50-7\/"]}]},{"@type":"ImageObject","inLanguage":"hu","@id":"https:\/\/longchangchemical.com\/product\/ferric-citrate-cas-3522-50-7\/#primaryimage","url":"https:\/\/longchangchemical.com\/wp-content\/uploads\/2021\/02\/Ferric-citrate-Appearance.jpg","contentUrl":"https:\/\/longchangchemical.com\/wp-content\/uploads\/2021\/02\/Ferric-citrate-Appearance.jpg","width":600,"height":800,"caption":"Ferric citrate Appearance"},{"@type":"BreadcrumbList","@id":"https:\/\/longchangchemical.com\/product\/ferric-citrate-cas-3522-50-7\/#breadcrumb","itemListElement":[{"@type":"ListItem","position":1,"name":"Home","item":"https:\/\/longchangchemical.com\/"},{"@type":"ListItem","position":2,"name":"Products Longchang","item":"https:\/\/longchangchemical.com\/product\/"},{"@type":"ListItem","position":3,"name":"Ferric citrate CAS 3522-50-7"}]},{"@type":"WebSite","@id":"https:\/\/longchangchemical.com\/#website","url":"https:\/\/longchangchemical.com\/","name":"Longchang Chemical","description":"K\u00edna k\u00e9miai gy\u00e1rt\u00f3 \uff06 sz\u00e1ll\u00edt\u00f3","publisher":{"@id":"https:\/\/longchangchemical.com\/#organization"},"potentialAction":[{"@type":"SearchAction","target":{"@type":"EntryPoint","urlTemplate":"https:\/\/longchangchemical.com\/?s={search_term_string}"},"query-input":{"@type":"PropertyValueSpecification","valueRequired":true,"valueName":"search_term_string"}}],"inLanguage":"hu"},{"@type":"Organization","@id":"https:\/\/longchangchemical.com\/#organization","name":"Longchang Chemical","url":"https:\/\/longchangchemical.com\/","logo":{"@type":"ImageObject","inLanguage":"hu","@id":"https:\/\/longchangchemical.com\/#\/schema\/logo\/image\/","url":"https:\/\/longchangchemical.com\/wp-content\/uploads\/2020\/08\/cropped-longchang-logo.png","contentUrl":"https:\/\/longchangchemical.com\/wp-content\/uploads\/2020\/08\/cropped-longchang-logo.png","width":512,"height":512,"caption":"Longchang Chemical"},"image":{"@id":"https:\/\/longchangchemical.com\/#\/schema\/logo\/image\/"}}]}},"_links":{"self":[{"href":"https:\/\/longchangchemical.com\/hu\/wp-json\/wp\/v2\/product\/4373","targetHints":{"allow":["GET"]}}],"collection":[{"href":"https:\/\/longchangchemical.com\/hu\/wp-json\/wp\/v2\/product"}],"about":[{"href":"https:\/\/longchangchemical.com\/hu\/wp-json\/wp\/v2\/types\/product"}],"replies":[{"embeddable":true,"href":"https:\/\/longchangchemical.com\/hu\/wp-json\/wp\/v2\/comments?post=4373"}],"wp:featuredmedia":[{"embeddable":true,"href":"https:\/\/longchangchemical.com\/hu\/wp-json\/wp\/v2\/media\/4374"}],"wp:attachment":[{"href":"https:\/\/longchangchemical.com\/hu\/wp-json\/wp\/v2\/media?parent=4373"}],"wp:term":[{"taxonomy":"product_brand","embeddable":true,"href":"https:\/\/longchangchemical.com\/hu\/wp-json\/wp\/v2\/product_brand?post=4373"},{"taxonomy":"product_cat","embeddable":true,"href":"https:\/\/longchangchemical.com\/hu\/wp-json\/wp\/v2\/product_cat?post=4373"},{"taxonomy":"product_tag","embeddable":true,"href":"https:\/\/longchangchemical.com\/hu\/wp-json\/wp\/v2\/product_tag?post=4373"}],"curies":[{"name":"wp","href":"https:\/\/api.w.org\/{rel}","templated":true}]}}