{"id":4279,"date":"2024-01-10T08:36:09","date_gmt":"2024-01-10T08:36:09","guid":{"rendered":"https:\/\/longchangchemical.com\/?post_type=product&#038;p=4279"},"modified":"2025-12-22T06:07:52","modified_gmt":"2025-12-22T06:07:52","slug":"polyoxyethylene-20-cetyl-ether-cas-9004-95-9","status":"publish","type":"product","link":"https:\/\/longchangchemical.com\/hu\/product\/polyoxyethylene-20-cetyl-ether-cas-9004-95-9\/","title":{"rendered":"CHLUMICRYL\u00ae polioxietil\u00e9n 20 cetil\u00e9ter cas 9004-95-9"},"content":{"rendered":"<h2><strong>Polioxietil\u00e9n 20 cetil-\u00e9ter Tulajdons\u00e1gok<\/strong><\/h2>\n<table class=\"table-1\" cellspacing=\"0\">\n<tbody>\n<tr>\n<td>T\u00e9tel<\/td>\n<td>M\u0171szaki adatok<\/td>\n<\/tr>\n<tr>\n<td>Megjelen\u00e9s<\/td>\n<td>Tejfeh\u00e9r szil\u00e1rd anyag<\/td>\n<\/tr>\n<tr>\n<td>Sz\u00ednes<\/td>\n<td>\u226430#(Pt-Co)<\/td>\n<\/tr>\n<tr>\n<td>PH<\/td>\n<td>5.0-7.0<\/td>\n<\/tr>\n<tr>\n<td>zavaross\u00e1gi pont, \u2103<\/td>\n<td>86-91<\/td>\n<\/tr>\n<tr>\n<td>V\u00edz<\/td>\n<td>\u22641.0%<\/td>\n<\/tr>\n<\/tbody>\n<\/table>\n<h2><strong>Polioxietil\u00e9n 20 cetil-\u00e9ter Haszn\u00e1lat<\/strong><\/h2>\n<p>A k\u00e9miai sz\u00e1liparban fon\u00f3olaj alkot\u00f3r\u00e9szek\u00e9nt \u00e9s emulge\u00e1l\u00f3szerk\u00e9nt haszn\u00e1lj\u00e1k.<\/p>\n<ol>\n<li><strong>Tenzid a kozmetikumokban:<\/strong> A 9004-95-9 CAS-sz\u00e1m\u00fa polioxietil\u00e9n-20-cetil-\u00e9tert a kozmetikai iparban \u00e1ltal\u00e1ban fel\u00fcletakt\u00edv anyagk\u00e9nt haszn\u00e1lj\u00e1k. Emulge\u00e1l\u00f3 \u00e9s tiszt\u00edt\u00f3 tulajdons\u00e1gai miatt b\u0151r\u00e1pol\u00f3 \u00e9s test\u00e1pol\u00e1si term\u00e9kekben is megtal\u00e1lhat\u00f3.<\/li>\n<li><strong>Emulge\u00e1l\u00f3szer:<\/strong> Ezt a vegy\u00fcletet emulge\u00e1l\u00f3szerk\u00e9nt haszn\u00e1lj\u00e1k. A polioxietil\u00e9n 20 cetil-\u00e9ter hozz\u00e1j\u00e1rulhat az emulzi\u00f3k stabilit\u00e1s\u00e1hoz \u00e9s text\u00far\u00e1j\u00e1hoz, \u00edgy \u00e9rt\u00e9kes az olyan k\u00e9sz\u00edtm\u00e9nyekben, mint a kr\u00e9mek \u00e9s test\u00e1pol\u00f3k.<\/li>\n<li><strong>Gy\u00f3gyszerk\u00e9sz\u00edtm\u00e9nyek:<\/strong> A polioxietil\u00e9n-20-cetil-\u00e9ter alkalmazhat\u00f3 gy\u00f3gyszer\u00e9szeti k\u00e9sz\u00edtm\u00e9nyekben. Bizonyos gy\u00f3gyszerformul\u00e1kba az oldhat\u00f3s\u00e1g fokoz\u00e1sa \u00e9s a gy\u00f3gyszerhat\u00f3anyagok bejuttat\u00e1s\u00e1nak jav\u00edt\u00e1sa \u00e9rdek\u00e9ben lehet beletenni.<\/li>\n<li><strong>Ipari alkalmaz\u00e1sok:<\/strong> Az ipari alkalmaz\u00e1sokban a polioxietil\u00e9n-20-cetil-\u00e9tert k\u00fcl\u00f6nb\u00f6z\u0151 emulge\u00e1l\u00e1st \u00e9s diszperg\u00e1l\u00e1st ig\u00e9nyl\u0151 folyamatokban haszn\u00e1lj\u00e1k, p\u00e9ld\u00e1ul tint\u00e1kban, bevonatokban \u00e9s ipari tiszt\u00edt\u00f3szerekben.<\/li>\n<\/ol>\n<h2><strong>Polioxietil\u00e9n 20 cetil-\u00e9ter Csomagol\u00e1s \u00e9s sz\u00e1ll\u00edt\u00e1s<\/strong><\/h2>\n<p>Csomagol\u00e1s: 25kg\/zs\u00e1k<\/p>\n<h2><strong>Polioxietil\u00e9n 20 cetil-\u00e9ter t\u00e1rol\u00e1s<\/strong><\/h2>\n<p>1.Storedin h\u0171v\u00f6s helyen.<\/p>\n<p>2.Keptin lez\u00e1rt tart\u00e1lyban, sz\u00e1raz \u00e9s j\u00f3l szell\u0151z\u0151 helyen<\/p>\n<h2><strong><b>L\u00e9pjen kapcsolatba vel\u00fcnk most!<\/b><\/strong><\/h2>\n<h4><strong><b>Ha COA, MSDS vagy TDS-re van sz\u00fcks\u00e9ge, k\u00e9rj\u00fck, t\u00f6ltse ki el\u00e9rhet\u0151s\u00e9g\u00e9t az al\u00e1bbi \u0171rlapon, \u00e1ltal\u00e1ban 24 \u00f3r\u00e1n bel\u00fcl felvessz\u00fck \u00d6nnel a kapcsolatot. \u00d6n is k\u00fcldhet nekem e-mailt <span style=\"color: #0000ff;\"><a style=\"color: #0000ff;\" href=\"mailto:info@longchangchemical.com\">info@longchangchemical.com<\/a><\/span> munkaid\u0151ben ( 8:30-18:00 UTC+8 H.-Szombat ) vagy haszn\u00e1lja a weboldal \u00e9l\u0151 chatj\u00e9t, hogy azonnali v\u00e1laszt kapjon.<\/b><\/strong><\/h4>","protected":false},"excerpt":{"rendered":"<h2><strong>Polioxietil\u00e9n 20 cetil-\u00e9ter Gyors r\u00e9szletek<\/strong><\/h2>\n<p>K\u00e9miai n\u00e9v: Cetil-\u00e9ter: Polioxietil\u00e9n 20 cetil-\u00e9ter<br \/>\nCAS-sz\u00e1m: 9004-95-9<br \/>\nMolekul\u00e1ris k\u00e9plet:C56 H114 O21<\/p>\n<p>K\u00e9miai szerkezet:<img decoding=\"async\" title=\"Polioxietil\u00e9n 20 cetil-\u00e9ter szerkezet\" src=\"https:\/\/www.longchangchemical.com\/wp-content\/uploads\/product-details\/20200611216678.png\" alt=\"Polioxietil\u00e9n 20 cetil-\u00e9ter szerkezet\" width=\"180\" height=\"179\" border=\"0\" vspace=\"0\" \/><\/p>\n<p>Molekulat\u00f6meg:1123,5<\/p>\n<p>Megjelen\u00e9s: Tejfeh\u00e9r szil\u00e1rd anyag<\/p>\n<p>Assay\uff1a99.0%min<\/p>","protected":false},"featured_media":6394,"comment_status":"open","ping_status":"closed","template":"","meta":[],"product_brand":[],"product_cat":[15,147],"product_tag":[],"class_list":{"0":"post-4279","1":"product","2":"type-product","3":"status-publish","4":"has-post-thumbnail","6":"product_cat-food-additives","7":"product_cat-fluorine-surfactant","9":"first","10":"instock","11":"shipping-taxable","12":"product-type-simple"},"yoast_head":"<!-- This site is optimized with the Yoast SEO plugin v25.3.1 - https:\/\/yoast.com\/wordpress\/plugins\/seo\/ -->\n<title>China Polyoxyethylene Cetyl Ether Manufacturer CAS 9004-95-9 -Longchang Chemical<\/title>\n<meta name=\"description\" content=\"polyoxyethylene 20 cetyl ether cas 9004-95-9 is key product of Longchang Chemical. We provide best price. We are the leading manufacturer and supplier in China with the best quanlity and competitive price.\" \/>\n<meta name=\"robots\" content=\"index, follow, max-snippet:-1, max-image-preview:large, max-video-preview:-1\" \/>\n<link rel=\"canonical\" href=\"https:\/\/longchangchemical.com\/hu\/product\/polyoxyethylene-20-cetyl-ether-cas-9004-95-9\/\" \/>\n<meta property=\"og:locale\" content=\"hu_HU\" \/>\n<meta property=\"og:type\" content=\"article\" \/>\n<meta property=\"og:title\" content=\"China Polyoxyethylene Cetyl Ether Manufacturer CAS 9004-95-9 -Longchang Chemical\" \/>\n<meta property=\"og:description\" content=\"polyoxyethylene 20 cetyl ether cas 9004-95-9 is key product of Longchang Chemical. We provide best price. We are the leading manufacturer and supplier in China with the best quanlity and competitive price.\" \/>\n<meta property=\"og:url\" content=\"https:\/\/longchangchemical.com\/hu\/product\/polyoxyethylene-20-cetyl-ether-cas-9004-95-9\/\" \/>\n<meta property=\"og:site_name\" content=\"Longchang Chemical\" \/>\n<meta property=\"article:modified_time\" content=\"2025-12-22T06:07:52+00:00\" \/>\n<meta property=\"og:image\" content=\"https:\/\/longchangchemical.com\/wp-content\/uploads\/2021\/01\/10.jpg\" \/>\n\t<meta property=\"og:image:width\" content=\"800\" \/>\n\t<meta property=\"og:image:height\" content=\"800\" \/>\n\t<meta property=\"og:image:type\" content=\"image\/jpeg\" \/>\n<meta name=\"twitter:card\" content=\"summary_large_image\" \/>\n<script type=\"application\/ld+json\" class=\"yoast-schema-graph\">{\"@context\":\"https:\/\/schema.org\",\"@graph\":[{\"@type\":\"WebPage\",\"@id\":\"https:\/\/longchangchemical.com\/product\/polyoxyethylene-20-cetyl-ether-cas-9004-95-9\/\",\"url\":\"https:\/\/longchangchemical.com\/product\/polyoxyethylene-20-cetyl-ether-cas-9004-95-9\/\",\"name\":\"China Polyoxyethylene Cetyl Ether Manufacturer CAS 9004-95-9 -Longchang Chemical\",\"isPartOf\":{\"@id\":\"https:\/\/longchangchemical.com\/#website\"},\"primaryImageOfPage\":{\"@id\":\"https:\/\/longchangchemical.com\/product\/polyoxyethylene-20-cetyl-ether-cas-9004-95-9\/#primaryimage\"},\"image\":{\"@id\":\"https:\/\/longchangchemical.com\/product\/polyoxyethylene-20-cetyl-ether-cas-9004-95-9\/#primaryimage\"},\"thumbnailUrl\":\"https:\/\/longchangchemical.com\/wp-content\/uploads\/2021\/01\/10.jpg\",\"datePublished\":\"2024-01-10T08:36:09+00:00\",\"dateModified\":\"2025-12-22T06:07:52+00:00\",\"description\":\"polyoxyethylene 20 cetyl ether cas 9004-95-9 is key product of Longchang Chemical. We provide best price. We are the leading manufacturer and supplier in China with the best quanlity and competitive price.\",\"breadcrumb\":{\"@id\":\"https:\/\/longchangchemical.com\/product\/polyoxyethylene-20-cetyl-ether-cas-9004-95-9\/#breadcrumb\"},\"inLanguage\":\"hu\",\"potentialAction\":[{\"@type\":\"ReadAction\",\"target\":[\"https:\/\/longchangchemical.com\/product\/polyoxyethylene-20-cetyl-ether-cas-9004-95-9\/\"]}]},{\"@type\":\"ImageObject\",\"inLanguage\":\"hu\",\"@id\":\"https:\/\/longchangchemical.com\/product\/polyoxyethylene-20-cetyl-ether-cas-9004-95-9\/#primaryimage\",\"url\":\"https:\/\/longchangchemical.com\/wp-content\/uploads\/2021\/01\/10.jpg\",\"contentUrl\":\"https:\/\/longchangchemical.com\/wp-content\/uploads\/2021\/01\/10.jpg\",\"width\":800,\"height\":800,\"caption\":\"polyoxyethylene 20 cetyl ether cas 9004-95-9\"},{\"@type\":\"BreadcrumbList\",\"@id\":\"https:\/\/longchangchemical.com\/product\/polyoxyethylene-20-cetyl-ether-cas-9004-95-9\/#breadcrumb\",\"itemListElement\":[{\"@type\":\"ListItem\",\"position\":1,\"name\":\"Home\",\"item\":\"https:\/\/longchangchemical.com\/\"},{\"@type\":\"ListItem\",\"position\":2,\"name\":\"Products Longchang\",\"item\":\"https:\/\/longchangchemical.com\/product\/\"},{\"@type\":\"ListItem\",\"position\":3,\"name\":\"CHLUMICRYL\u00ae polyoxyethylene 20 cetyl ether cas 9004-95-9\"}]},{\"@type\":\"WebSite\",\"@id\":\"https:\/\/longchangchemical.com\/#website\",\"url\":\"https:\/\/longchangchemical.com\/\",\"name\":\"Longchang Chemical\",\"description\":\"China chemical manufacturer \uff06 supplier\",\"publisher\":{\"@id\":\"https:\/\/longchangchemical.com\/#organization\"},\"potentialAction\":[{\"@type\":\"SearchAction\",\"target\":{\"@type\":\"EntryPoint\",\"urlTemplate\":\"https:\/\/longchangchemical.com\/?s={search_term_string}\"},\"query-input\":{\"@type\":\"PropertyValueSpecification\",\"valueRequired\":true,\"valueName\":\"search_term_string\"}}],\"inLanguage\":\"hu\"},{\"@type\":\"Organization\",\"@id\":\"https:\/\/longchangchemical.com\/#organization\",\"name\":\"Longchang Chemical\",\"url\":\"https:\/\/longchangchemical.com\/\",\"logo\":{\"@type\":\"ImageObject\",\"inLanguage\":\"hu\",\"@id\":\"https:\/\/longchangchemical.com\/#\/schema\/logo\/image\/\",\"url\":\"https:\/\/longchangchemical.com\/wp-content\/uploads\/2020\/08\/cropped-longchang-logo.png\",\"contentUrl\":\"https:\/\/longchangchemical.com\/wp-content\/uploads\/2020\/08\/cropped-longchang-logo.png\",\"width\":512,\"height\":512,\"caption\":\"Longchang Chemical\"},\"image\":{\"@id\":\"https:\/\/longchangchemical.com\/#\/schema\/logo\/image\/\"}}]}<\/script>\n<!-- \/ Yoast SEO plugin. -->","yoast_head_json":{"title":"K\u00edna polioxi-etil\u00e9n cetil-\u00e9ter gy\u00e1rt\u00f3 CAS 9004-95-9 - Longchang Chemical","description":"polioxietil\u00e9n 20 cetil \u00e9ter cas 9004-95-9 a Longchang Chemical kulcsfontoss\u00e1g\u00fa term\u00e9ke. A legjobb \u00e1rat biztos\u00edtjuk. Mi vagyunk a vezet\u0151 gy\u00e1rt\u00f3 \u00e9s sz\u00e1ll\u00edt\u00f3 K\u00edn\u00e1ban a legjobb min\u0151s\u00e9ggel \u00e9s versenyk\u00e9pes \u00e1rral.","robots":{"index":"index","follow":"follow","max-snippet":"max-snippet:-1","max-image-preview":"max-image-preview:large","max-video-preview":"max-video-preview:-1"},"canonical":"https:\/\/longchangchemical.com\/hu\/product\/polyoxyethylene-20-cetyl-ether-cas-9004-95-9\/","og_locale":"hu_HU","og_type":"article","og_title":"China Polyoxyethylene Cetyl Ether Manufacturer CAS 9004-95-9 -Longchang Chemical","og_description":"polyoxyethylene 20 cetyl ether cas 9004-95-9 is key product of Longchang Chemical. We provide best price. We are the leading manufacturer and supplier in China with the best quanlity and competitive price.","og_url":"https:\/\/longchangchemical.com\/hu\/product\/polyoxyethylene-20-cetyl-ether-cas-9004-95-9\/","og_site_name":"Longchang Chemical","article_modified_time":"2025-12-22T06:07:52+00:00","og_image":[{"width":800,"height":800,"url":"https:\/\/longchangchemical.com\/wp-content\/uploads\/2021\/01\/10.jpg","type":"image\/jpeg"}],"twitter_card":"summary_large_image","schema":{"@context":"https:\/\/schema.org","@graph":[{"@type":"WebPage","@id":"https:\/\/longchangchemical.com\/product\/polyoxyethylene-20-cetyl-ether-cas-9004-95-9\/","url":"https:\/\/longchangchemical.com\/product\/polyoxyethylene-20-cetyl-ether-cas-9004-95-9\/","name":"K\u00edna polioxi-etil\u00e9n cetil-\u00e9ter gy\u00e1rt\u00f3 CAS 9004-95-9 - Longchang Chemical","isPartOf":{"@id":"https:\/\/longchangchemical.com\/#website"},"primaryImageOfPage":{"@id":"https:\/\/longchangchemical.com\/product\/polyoxyethylene-20-cetyl-ether-cas-9004-95-9\/#primaryimage"},"image":{"@id":"https:\/\/longchangchemical.com\/product\/polyoxyethylene-20-cetyl-ether-cas-9004-95-9\/#primaryimage"},"thumbnailUrl":"https:\/\/longchangchemical.com\/wp-content\/uploads\/2021\/01\/10.jpg","datePublished":"2024-01-10T08:36:09+00:00","dateModified":"2025-12-22T06:07:52+00:00","description":"polioxietil\u00e9n 20 cetil \u00e9ter cas 9004-95-9 a Longchang Chemical kulcsfontoss\u00e1g\u00fa term\u00e9ke. A legjobb \u00e1rat biztos\u00edtjuk. Mi vagyunk a vezet\u0151 gy\u00e1rt\u00f3 \u00e9s sz\u00e1ll\u00edt\u00f3 K\u00edn\u00e1ban a legjobb min\u0151s\u00e9ggel \u00e9s versenyk\u00e9pes \u00e1rral.","breadcrumb":{"@id":"https:\/\/longchangchemical.com\/product\/polyoxyethylene-20-cetyl-ether-cas-9004-95-9\/#breadcrumb"},"inLanguage":"hu","potentialAction":[{"@type":"ReadAction","target":["https:\/\/longchangchemical.com\/product\/polyoxyethylene-20-cetyl-ether-cas-9004-95-9\/"]}]},{"@type":"ImageObject","inLanguage":"hu","@id":"https:\/\/longchangchemical.com\/product\/polyoxyethylene-20-cetyl-ether-cas-9004-95-9\/#primaryimage","url":"https:\/\/longchangchemical.com\/wp-content\/uploads\/2021\/01\/10.jpg","contentUrl":"https:\/\/longchangchemical.com\/wp-content\/uploads\/2021\/01\/10.jpg","width":800,"height":800,"caption":"polyoxyethylene 20 cetyl ether cas 9004-95-9"},{"@type":"BreadcrumbList","@id":"https:\/\/longchangchemical.com\/product\/polyoxyethylene-20-cetyl-ether-cas-9004-95-9\/#breadcrumb","itemListElement":[{"@type":"ListItem","position":1,"name":"Home","item":"https:\/\/longchangchemical.com\/"},{"@type":"ListItem","position":2,"name":"Products Longchang","item":"https:\/\/longchangchemical.com\/product\/"},{"@type":"ListItem","position":3,"name":"CHLUMICRYL\u00ae polyoxyethylene 20 cetyl ether cas 9004-95-9"}]},{"@type":"WebSite","@id":"https:\/\/longchangchemical.com\/#website","url":"https:\/\/longchangchemical.com\/","name":"Longchang Chemical","description":"K\u00edna k\u00e9miai gy\u00e1rt\u00f3 \uff06 sz\u00e1ll\u00edt\u00f3","publisher":{"@id":"https:\/\/longchangchemical.com\/#organization"},"potentialAction":[{"@type":"SearchAction","target":{"@type":"EntryPoint","urlTemplate":"https:\/\/longchangchemical.com\/?s={search_term_string}"},"query-input":{"@type":"PropertyValueSpecification","valueRequired":true,"valueName":"search_term_string"}}],"inLanguage":"hu"},{"@type":"Organization","@id":"https:\/\/longchangchemical.com\/#organization","name":"Longchang Chemical","url":"https:\/\/longchangchemical.com\/","logo":{"@type":"ImageObject","inLanguage":"hu","@id":"https:\/\/longchangchemical.com\/#\/schema\/logo\/image\/","url":"https:\/\/longchangchemical.com\/wp-content\/uploads\/2020\/08\/cropped-longchang-logo.png","contentUrl":"https:\/\/longchangchemical.com\/wp-content\/uploads\/2020\/08\/cropped-longchang-logo.png","width":512,"height":512,"caption":"Longchang Chemical"},"image":{"@id":"https:\/\/longchangchemical.com\/#\/schema\/logo\/image\/"}}]}},"_links":{"self":[{"href":"https:\/\/longchangchemical.com\/hu\/wp-json\/wp\/v2\/product\/4279","targetHints":{"allow":["GET"]}}],"collection":[{"href":"https:\/\/longchangchemical.com\/hu\/wp-json\/wp\/v2\/product"}],"about":[{"href":"https:\/\/longchangchemical.com\/hu\/wp-json\/wp\/v2\/types\/product"}],"replies":[{"embeddable":true,"href":"https:\/\/longchangchemical.com\/hu\/wp-json\/wp\/v2\/comments?post=4279"}],"wp:featuredmedia":[{"embeddable":true,"href":"https:\/\/longchangchemical.com\/hu\/wp-json\/wp\/v2\/media\/6394"}],"wp:attachment":[{"href":"https:\/\/longchangchemical.com\/hu\/wp-json\/wp\/v2\/media?parent=4279"}],"wp:term":[{"taxonomy":"product_brand","embeddable":true,"href":"https:\/\/longchangchemical.com\/hu\/wp-json\/wp\/v2\/product_brand?post=4279"},{"taxonomy":"product_cat","embeddable":true,"href":"https:\/\/longchangchemical.com\/hu\/wp-json\/wp\/v2\/product_cat?post=4279"},{"taxonomy":"product_tag","embeddable":true,"href":"https:\/\/longchangchemical.com\/hu\/wp-json\/wp\/v2\/product_tag?post=4279"}],"curies":[{"name":"wp","href":"https:\/\/api.w.org\/{rel}","templated":true}]}}