{"id":4274,"date":"2024-01-11T02:40:10","date_gmt":"2024-01-11T02:40:10","guid":{"rendered":"https:\/\/longchangchemical.com\/?post_type=product&#038;p=4274"},"modified":"2025-12-22T05:49:09","modified_gmt":"2025-12-22T05:49:09","slug":"fish-collagen-peptide-cas-9007-34-5","status":"publish","type":"product","link":"https:\/\/longchangchemical.com\/hu\/product\/fish-collagen-peptide-cas-9007-34-5\/","title":{"rendered":"hal kollag\u00e9n peptid cas 9007-34-5"},"content":{"rendered":"<h2><strong>Hal kollag\u00e9n peptid tipikus tulajdons\u00e1gai<\/strong><\/h2>\n<table class=\"table-1\">\n<tbody>\n<tr>\n<td colspan=\"1\" rowspan=\"1\" valign=\"top\">Tesztelem<\/td>\n<td colspan=\"1\" rowspan=\"1\" valign=\"top\">Specifik\u00e1ci\u00f3<\/td>\n<\/tr>\n<tr>\n<td valign=\"top\" width=\"647\">Szervezeti forma<\/td>\n<td valign=\"top\" width=\"647\">Egyenletes por, puha, nem csom\u00f3sodik<\/td>\n<\/tr>\n<tr>\n<td valign=\"top\" width=\"647\">Megjelen\u00e9s<\/td>\n<td valign=\"top\" width=\"647\">Feh\u00e9r vagy vil\u00e1goss\u00e1rga por<\/td>\n<\/tr>\n<tr>\n<td valign=\"top\" width=\"647\">\u00cdz \u00e9s szag<\/td>\n<td valign=\"top\" width=\"647\">Ezzel a term\u00e9kkel egyedi \u00edz \u00e9s illat, nincs saj\u00e1tos szaga<\/td>\n<\/tr>\n<tr>\n<td valign=\"top\" width=\"647\">Szennyez\u0151d\u00e9sek<\/td>\n<td valign=\"top\" width=\"647\">Nincs l\u00e1that\u00f3 exog\u00e9n szennyez\u0151d\u00e9s<\/td>\n<\/tr>\n<tr>\n<td valign=\"top\" width=\"647\">Halmoz\u00f3d\u00e1si s\u0171r\u0171s\u00e9g, g\/mol<\/td>\n<td valign=\"top\" width=\"647\">0.32<\/td>\n<\/tr>\n<tr>\n<td valign=\"top\" width=\"647\">Feh\u00e9rje (konverzi\u00f3s t\u00e9nyez\u0151 5,79), %<\/td>\n<td valign=\"top\" width=\"647\">\u226590.0<\/td>\n<\/tr>\n<tr>\n<td valign=\"top\" width=\"647\">Nedvess\u00e9g, %<\/td>\n<td valign=\"top\" width=\"647\">\u22647.0<\/td>\n<\/tr>\n<tr>\n<td valign=\"top\" width=\"647\">K\u0151ris, %<\/td>\n<td valign=\"top\" width=\"647\">\u22642.0<\/td>\n<\/tr>\n<tr>\n<td valign=\"top\" width=\"647\">pH(6.67% v\u00edzoldat)<\/td>\n<td valign=\"top\" width=\"647\">5.5-7.5<\/td>\n<\/tr>\n<tr>\n<td valign=\"top\" width=\"647\">Pb,mg\/kg<\/td>\n<td valign=\"top\" width=\"647\">\u22640.50<\/td>\n<\/tr>\n<tr>\n<td colspan=\"1\" rowspan=\"1\" valign=\"top\">As,mg\/kg<\/td>\n<td colspan=\"1\" rowspan=\"1\" valign=\"top\">\u22640.50<\/td>\n<\/tr>\n<tr>\n<td colspan=\"1\" rowspan=\"1\" valign=\"top\">Hg,mg\/kg<\/td>\n<td colspan=\"1\" rowspan=\"1\" valign=\"top\">\u22640.50<\/td>\n<\/tr>\n<tr>\n<td colspan=\"1\" rowspan=\"1\" valign=\"top\">Cr,mg\/kg<\/td>\n<td colspan=\"1\" rowspan=\"1\" valign=\"top\">\u22642.00<\/td>\n<\/tr>\n<tr>\n<td colspan=\"1\" rowspan=\"1\" valign=\"top\">Cd,mg\/kg<\/td>\n<td colspan=\"1\" rowspan=\"1\" valign=\"top\">\u22640.10<\/td>\n<\/tr>\n<tr>\n<td colspan=\"1\" rowspan=\"1\" valign=\"top\">\u00d6sszes bakt\u00e9rium, CFU\/g<\/td>\n<td colspan=\"1\" rowspan=\"1\" valign=\"top\">\u00d6sszes bakt\u00e9rium, CFU\/g<\/td>\n<\/tr>\n<tr>\n<td colspan=\"1\" rowspan=\"1\" valign=\"top\">Koliformok, MPN\/g<\/td>\n<td colspan=\"1\" rowspan=\"1\" valign=\"top\">\uff1c3<\/td>\n<\/tr>\n<tr>\n<td colspan=\"1\" rowspan=\"1\" valign=\"top\">Pen\u00e9sz \u00e9leszt\u0151, CFU\/g<\/td>\n<td colspan=\"1\" rowspan=\"1\" valign=\"top\">\u226450<\/td>\n<\/tr>\n<tr>\n<td colspan=\"1\" rowspan=\"1\" valign=\"top\">\u00c1rtalmas bakt\u00e9riumok\uff08Salmonella, Shigella, Vibrio parahaemolyticus, Staphylococcus aureus\uff09<\/td>\n<td colspan=\"1\" rowspan=\"1\" valign=\"top\">Negat\u00edv<\/td>\n<\/tr>\n<\/tbody>\n<\/table>\n<h2><strong>Hal kollag\u00e9n peptid haszn\u00e1lata<\/strong><\/h2>\n<p>A hal kollag\u00e9n peptidet szil\u00e1rd ital, tabletta, kapszula, or\u00e1lis folyad\u00e9k \u00e9s egy\u00e9b \u00e9lelmiszerek \u00e9s funkcion\u00e1lis \u00e9lelmiszerek, sampon, sminkv\u00edz, emulzi\u00f3, arckr\u00e9m \u00e9s egy\u00e9b kozmetikumok sz\u00e1m\u00e1ra haszn\u00e1lj\u00e1k.<\/p>\n<ol>\n<li><strong>Kozmetikai ipar:<\/strong> A 9007-34-5 CAS-sz\u00e1m\u00fa hal kollag\u00e9n peptidet a kozmetikai iparban gyakran haszn\u00e1lj\u00e1k. Hidrat\u00e1l\u00f3 \u00e9s \u00f6reged\u00e9sg\u00e1tl\u00f3 tulajdons\u00e1gai miatt n\u00e9pszer\u0171 \u00f6sszetev\u0151je a b\u0151r\u00e1pol\u00e1si term\u00e9keknek, hozz\u00e1j\u00e1rulva a b\u0151r rugalmass\u00e1g\u00e1nak jav\u00edt\u00e1s\u00e1hoz.<\/li>\n<li><strong>T\u00e1pl\u00e1l\u00e9kkieg\u00e9sz\u00edt\u0151k \u00e9s t\u00e1pl\u00e1l\u00e9kkieg\u00e9sz\u00edt\u0151k:<\/strong> Ezt a vegy\u00fcletet a t\u00e1pl\u00e1l\u00e9kkieg\u00e9sz\u00edt\u0151 \u00e9s \u00e9trend-kieg\u00e9sz\u00edt\u0151 iparban alkalmazz\u00e1k. A hal kollag\u00e9n peptidet gyakran haszn\u00e1lj\u00e1k az \u00edz\u00fcletek eg\u00e9szs\u00e9g\u00e9nek kieg\u00e9sz\u00edt\u0151jek\u00e9nt, el\u0151seg\u00edtve a kollag\u00e9ntermel\u00e9st a szervezetben.<\/li>\n<li><strong>\u00c9lelmiszer- \u00e9s italipar:<\/strong> A hal-kollag\u00e9n peptid alkalmazhat\u00f3 az \u00e9lelmiszer- \u00e9s italiparban. Bizonyos k\u00e9sz\u00edtm\u00e9nyekben a term\u00e9kek t\u00e1panyagtartalm\u00e1nak n\u00f6vel\u00e9s\u00e9re haszn\u00e1lj\u00e1k, k\u00fcl\u00f6n\u00f6sen az \u00edz\u00fcletek \u00e9s a b\u0151r eg\u00e9szs\u00e9g\u00e9t el\u0151seg\u00edt\u0151 term\u00e9kekben.<\/li>\n<li><strong>Orvosi \u00e9s gy\u00f3gyszer\u00e9szeti alkalmaz\u00e1sok:<\/strong> Az orvosi \u00e9s gy\u00f3gyszer\u00e9szeti alkalmaz\u00e1sokban a hal kollag\u00e9n peptidet potenci\u00e1lis ter\u00e1pi\u00e1s el\u0151nyei miatt haszn\u00e1lj\u00e1k. Be\u00e9p\u00edthet\u0151 olyan k\u00e9sz\u00edtm\u00e9nyekbe, amelyek c\u00e9lja a sebgy\u00f3gyul\u00e1s vagy a sz\u00f6vetek helyre\u00e1ll\u00edt\u00e1s\u00e1nak t\u00e1mogat\u00e1sa.<\/li>\n<\/ol>\n<h2><strong>Hal kollag\u00e9n peptid csomagol\u00e1s \u00e9s sz\u00e1ll\u00edt\u00e1s<\/strong><\/h2>\n<p>10 kg\/rekesz<\/p>\n<h2><strong>Hal kollag\u00e9n peptid t\u00e1rol\u00e1sa<\/strong><\/h2>\n<p>Sz\u00e1raz \u00e9s szell\u0151z\u0151 helyen, h\u0151t\u0151l \u00e9s v\u00edzt\u0151l t\u00e1vol t\u00e1roljuk.<\/p>\n<h2><strong><b>L\u00e9pjen kapcsolatba vel\u00fcnk most!<\/b><\/strong><\/h2>\n<h4><strong><b>Ha COA, MSDS vagy TDS-re van sz\u00fcks\u00e9ge, k\u00e9rj\u00fck, t\u00f6ltse ki el\u00e9rhet\u0151s\u00e9g\u00e9t az al\u00e1bbi \u0171rlapon, \u00e1ltal\u00e1ban 24 \u00f3r\u00e1n bel\u00fcl felvessz\u00fck \u00d6nnel a kapcsolatot. \u00d6n is k\u00fcldhet nekem e-mailt <span style=\"color: #0000ff;\"><a style=\"color: #0000ff;\" href=\"mailto:info@longchangchemical.com\">info@longchangchemical.com<\/a><\/span> munkaid\u0151ben ( 8:30-18:00 UTC+8 H.-Szombat ) vagy haszn\u00e1lja a weboldal \u00e9l\u0151 chatj\u00e9t, hogy azonnali v\u00e1laszt kapjon.<\/b><\/strong><\/h4>","protected":false},"excerpt":{"rendered":"<h2><strong>Hal kollag\u00e9n peptid gyors r\u00e9szletek<\/strong><\/h2>\n<p>K\u00e9miai n\u00e9v: Hal kollag\u00e9n peptid<\/p>\n<p>CAS-sz\u00e1m: 9064-67-9<\/p>\n<p>Molekula k\u00e9plet:C4H6N2O3R2.(C7H9N2O2R)n<\/p>\n<p>EINECS-sz\u00e1m: 618-608-5<\/p>","protected":false},"featured_media":6402,"comment_status":"open","ping_status":"closed","template":"","meta":[],"product_brand":[],"product_cat":[15],"product_tag":[],"class_list":{"0":"post-4274","1":"product","2":"type-product","3":"status-publish","4":"has-post-thumbnail","6":"product_cat-food-additives","8":"first","9":"instock","10":"shipping-taxable","11":"product-type-simple"},"yoast_head":"<!-- This site is optimized with the Yoast SEO plugin v25.3.1 - https:\/\/yoast.com\/wordpress\/plugins\/seo\/ -->\n<title>China Fish Collagen Peptide Manufacturer CAS 9007-34-5 -Longchang Chemical<\/title>\n<meta name=\"description\" content=\"fish collagen peptide cas 9007-34-5 is key product of Longchang Chemical. We provide best price. We are the leading manufacturer and supplier in China with the best quanlity and competitive price.\" \/>\n<meta name=\"robots\" content=\"index, follow, max-snippet:-1, max-image-preview:large, max-video-preview:-1\" \/>\n<link rel=\"canonical\" href=\"https:\/\/longchangchemical.com\/hu\/product\/fish-collagen-peptide-cas-9007-34-5\/\" \/>\n<meta property=\"og:locale\" content=\"hu_HU\" \/>\n<meta property=\"og:type\" content=\"article\" \/>\n<meta property=\"og:title\" content=\"China Fish Collagen Peptide Manufacturer CAS 9007-34-5 -Longchang Chemical\" \/>\n<meta property=\"og:description\" content=\"fish collagen peptide cas 9007-34-5 is key product of Longchang Chemical. We provide best price. We are the leading manufacturer and supplier in China with the best quanlity and competitive price.\" \/>\n<meta property=\"og:url\" content=\"https:\/\/longchangchemical.com\/hu\/product\/fish-collagen-peptide-cas-9007-34-5\/\" \/>\n<meta property=\"og:site_name\" content=\"Longchang Chemical\" \/>\n<meta property=\"article:modified_time\" content=\"2025-12-22T05:49:09+00:00\" \/>\n<meta property=\"og:image\" content=\"https:\/\/longchangchemical.com\/wp-content\/uploads\/2021\/01\/4.jpg\" \/>\n\t<meta property=\"og:image:width\" content=\"800\" \/>\n\t<meta property=\"og:image:height\" content=\"800\" \/>\n\t<meta property=\"og:image:type\" content=\"image\/jpeg\" \/>\n<meta name=\"twitter:card\" content=\"summary_large_image\" \/>\n<script type=\"application\/ld+json\" class=\"yoast-schema-graph\">{\"@context\":\"https:\/\/schema.org\",\"@graph\":[{\"@type\":\"WebPage\",\"@id\":\"https:\/\/longchangchemical.com\/product\/fish-collagen-peptide-cas-9007-34-5\/\",\"url\":\"https:\/\/longchangchemical.com\/product\/fish-collagen-peptide-cas-9007-34-5\/\",\"name\":\"China Fish Collagen Peptide Manufacturer CAS 9007-34-5 -Longchang Chemical\",\"isPartOf\":{\"@id\":\"https:\/\/longchangchemical.com\/#website\"},\"primaryImageOfPage\":{\"@id\":\"https:\/\/longchangchemical.com\/product\/fish-collagen-peptide-cas-9007-34-5\/#primaryimage\"},\"image\":{\"@id\":\"https:\/\/longchangchemical.com\/product\/fish-collagen-peptide-cas-9007-34-5\/#primaryimage\"},\"thumbnailUrl\":\"https:\/\/longchangchemical.com\/wp-content\/uploads\/2021\/01\/4.jpg\",\"datePublished\":\"2024-01-11T02:40:10+00:00\",\"dateModified\":\"2025-12-22T05:49:09+00:00\",\"description\":\"fish collagen peptide cas 9007-34-5 is key product of Longchang Chemical. We provide best price. We are the leading manufacturer and supplier in China with the best quanlity and competitive price.\",\"breadcrumb\":{\"@id\":\"https:\/\/longchangchemical.com\/product\/fish-collagen-peptide-cas-9007-34-5\/#breadcrumb\"},\"inLanguage\":\"hu\",\"potentialAction\":[{\"@type\":\"ReadAction\",\"target\":[\"https:\/\/longchangchemical.com\/product\/fish-collagen-peptide-cas-9007-34-5\/\"]}]},{\"@type\":\"ImageObject\",\"inLanguage\":\"hu\",\"@id\":\"https:\/\/longchangchemical.com\/product\/fish-collagen-peptide-cas-9007-34-5\/#primaryimage\",\"url\":\"https:\/\/longchangchemical.com\/wp-content\/uploads\/2021\/01\/4.jpg\",\"contentUrl\":\"https:\/\/longchangchemical.com\/wp-content\/uploads\/2021\/01\/4.jpg\",\"width\":800,\"height\":800,\"caption\":\"fish collagen peptide cas 9007-34-5\"},{\"@type\":\"BreadcrumbList\",\"@id\":\"https:\/\/longchangchemical.com\/product\/fish-collagen-peptide-cas-9007-34-5\/#breadcrumb\",\"itemListElement\":[{\"@type\":\"ListItem\",\"position\":1,\"name\":\"Home\",\"item\":\"https:\/\/longchangchemical.com\/\"},{\"@type\":\"ListItem\",\"position\":2,\"name\":\"Products Longchang\",\"item\":\"https:\/\/longchangchemical.com\/product\/\"},{\"@type\":\"ListItem\",\"position\":3,\"name\":\"fish collagen peptide cas 9007-34-5\"}]},{\"@type\":\"WebSite\",\"@id\":\"https:\/\/longchangchemical.com\/#website\",\"url\":\"https:\/\/longchangchemical.com\/\",\"name\":\"Longchang Chemical\",\"description\":\"China chemical manufacturer \uff06 supplier\",\"publisher\":{\"@id\":\"https:\/\/longchangchemical.com\/#organization\"},\"potentialAction\":[{\"@type\":\"SearchAction\",\"target\":{\"@type\":\"EntryPoint\",\"urlTemplate\":\"https:\/\/longchangchemical.com\/?s={search_term_string}\"},\"query-input\":{\"@type\":\"PropertyValueSpecification\",\"valueRequired\":true,\"valueName\":\"search_term_string\"}}],\"inLanguage\":\"hu\"},{\"@type\":\"Organization\",\"@id\":\"https:\/\/longchangchemical.com\/#organization\",\"name\":\"Longchang Chemical\",\"url\":\"https:\/\/longchangchemical.com\/\",\"logo\":{\"@type\":\"ImageObject\",\"inLanguage\":\"hu\",\"@id\":\"https:\/\/longchangchemical.com\/#\/schema\/logo\/image\/\",\"url\":\"https:\/\/longchangchemical.com\/wp-content\/uploads\/2020\/08\/cropped-longchang-logo.png\",\"contentUrl\":\"https:\/\/longchangchemical.com\/wp-content\/uploads\/2020\/08\/cropped-longchang-logo.png\",\"width\":512,\"height\":512,\"caption\":\"Longchang Chemical\"},\"image\":{\"@id\":\"https:\/\/longchangchemical.com\/#\/schema\/logo\/image\/\"}}]}<\/script>\n<!-- \/ Yoast SEO plugin. -->","yoast_head_json":{"title":"K\u00edna hal kollag\u00e9n peptid gy\u00e1rt\u00f3 CAS 9007-34-5 -Longchang Chemical","description":"a hal kollag\u00e9n peptid cas 9007-34-5 a Longchang Chemical kulcsfontoss\u00e1g\u00fa term\u00e9ke. A legjobb \u00e1rat biztos\u00edtjuk. Mi vagyunk a vezet\u0151 gy\u00e1rt\u00f3 \u00e9s sz\u00e1ll\u00edt\u00f3 K\u00edn\u00e1ban a legjobb min\u0151s\u00e9ggel \u00e9s versenyk\u00e9pes \u00e1rral.","robots":{"index":"index","follow":"follow","max-snippet":"max-snippet:-1","max-image-preview":"max-image-preview:large","max-video-preview":"max-video-preview:-1"},"canonical":"https:\/\/longchangchemical.com\/hu\/product\/fish-collagen-peptide-cas-9007-34-5\/","og_locale":"hu_HU","og_type":"article","og_title":"China Fish Collagen Peptide Manufacturer CAS 9007-34-5 -Longchang Chemical","og_description":"fish collagen peptide cas 9007-34-5 is key product of Longchang Chemical. We provide best price. We are the leading manufacturer and supplier in China with the best quanlity and competitive price.","og_url":"https:\/\/longchangchemical.com\/hu\/product\/fish-collagen-peptide-cas-9007-34-5\/","og_site_name":"Longchang Chemical","article_modified_time":"2025-12-22T05:49:09+00:00","og_image":[{"width":800,"height":800,"url":"https:\/\/longchangchemical.com\/wp-content\/uploads\/2021\/01\/4.jpg","type":"image\/jpeg"}],"twitter_card":"summary_large_image","schema":{"@context":"https:\/\/schema.org","@graph":[{"@type":"WebPage","@id":"https:\/\/longchangchemical.com\/product\/fish-collagen-peptide-cas-9007-34-5\/","url":"https:\/\/longchangchemical.com\/product\/fish-collagen-peptide-cas-9007-34-5\/","name":"K\u00edna hal kollag\u00e9n peptid gy\u00e1rt\u00f3 CAS 9007-34-5 -Longchang Chemical","isPartOf":{"@id":"https:\/\/longchangchemical.com\/#website"},"primaryImageOfPage":{"@id":"https:\/\/longchangchemical.com\/product\/fish-collagen-peptide-cas-9007-34-5\/#primaryimage"},"image":{"@id":"https:\/\/longchangchemical.com\/product\/fish-collagen-peptide-cas-9007-34-5\/#primaryimage"},"thumbnailUrl":"https:\/\/longchangchemical.com\/wp-content\/uploads\/2021\/01\/4.jpg","datePublished":"2024-01-11T02:40:10+00:00","dateModified":"2025-12-22T05:49:09+00:00","description":"a hal kollag\u00e9n peptid cas 9007-34-5 a Longchang Chemical kulcsfontoss\u00e1g\u00fa term\u00e9ke. A legjobb \u00e1rat biztos\u00edtjuk. Mi vagyunk a vezet\u0151 gy\u00e1rt\u00f3 \u00e9s sz\u00e1ll\u00edt\u00f3 K\u00edn\u00e1ban a legjobb min\u0151s\u00e9ggel \u00e9s versenyk\u00e9pes \u00e1rral.","breadcrumb":{"@id":"https:\/\/longchangchemical.com\/product\/fish-collagen-peptide-cas-9007-34-5\/#breadcrumb"},"inLanguage":"hu","potentialAction":[{"@type":"ReadAction","target":["https:\/\/longchangchemical.com\/product\/fish-collagen-peptide-cas-9007-34-5\/"]}]},{"@type":"ImageObject","inLanguage":"hu","@id":"https:\/\/longchangchemical.com\/product\/fish-collagen-peptide-cas-9007-34-5\/#primaryimage","url":"https:\/\/longchangchemical.com\/wp-content\/uploads\/2021\/01\/4.jpg","contentUrl":"https:\/\/longchangchemical.com\/wp-content\/uploads\/2021\/01\/4.jpg","width":800,"height":800,"caption":"fish collagen peptide cas 9007-34-5"},{"@type":"BreadcrumbList","@id":"https:\/\/longchangchemical.com\/product\/fish-collagen-peptide-cas-9007-34-5\/#breadcrumb","itemListElement":[{"@type":"ListItem","position":1,"name":"Home","item":"https:\/\/longchangchemical.com\/"},{"@type":"ListItem","position":2,"name":"Products Longchang","item":"https:\/\/longchangchemical.com\/product\/"},{"@type":"ListItem","position":3,"name":"fish collagen peptide cas 9007-34-5"}]},{"@type":"WebSite","@id":"https:\/\/longchangchemical.com\/#website","url":"https:\/\/longchangchemical.com\/","name":"Longchang Chemical","description":"K\u00edna k\u00e9miai gy\u00e1rt\u00f3 \uff06 sz\u00e1ll\u00edt\u00f3","publisher":{"@id":"https:\/\/longchangchemical.com\/#organization"},"potentialAction":[{"@type":"SearchAction","target":{"@type":"EntryPoint","urlTemplate":"https:\/\/longchangchemical.com\/?s={search_term_string}"},"query-input":{"@type":"PropertyValueSpecification","valueRequired":true,"valueName":"search_term_string"}}],"inLanguage":"hu"},{"@type":"Organization","@id":"https:\/\/longchangchemical.com\/#organization","name":"Longchang Chemical","url":"https:\/\/longchangchemical.com\/","logo":{"@type":"ImageObject","inLanguage":"hu","@id":"https:\/\/longchangchemical.com\/#\/schema\/logo\/image\/","url":"https:\/\/longchangchemical.com\/wp-content\/uploads\/2020\/08\/cropped-longchang-logo.png","contentUrl":"https:\/\/longchangchemical.com\/wp-content\/uploads\/2020\/08\/cropped-longchang-logo.png","width":512,"height":512,"caption":"Longchang Chemical"},"image":{"@id":"https:\/\/longchangchemical.com\/#\/schema\/logo\/image\/"}}]}},"_links":{"self":[{"href":"https:\/\/longchangchemical.com\/hu\/wp-json\/wp\/v2\/product\/4274","targetHints":{"allow":["GET"]}}],"collection":[{"href":"https:\/\/longchangchemical.com\/hu\/wp-json\/wp\/v2\/product"}],"about":[{"href":"https:\/\/longchangchemical.com\/hu\/wp-json\/wp\/v2\/types\/product"}],"replies":[{"embeddable":true,"href":"https:\/\/longchangchemical.com\/hu\/wp-json\/wp\/v2\/comments?post=4274"}],"wp:featuredmedia":[{"embeddable":true,"href":"https:\/\/longchangchemical.com\/hu\/wp-json\/wp\/v2\/media\/6402"}],"wp:attachment":[{"href":"https:\/\/longchangchemical.com\/hu\/wp-json\/wp\/v2\/media?parent=4274"}],"wp:term":[{"taxonomy":"product_brand","embeddable":true,"href":"https:\/\/longchangchemical.com\/hu\/wp-json\/wp\/v2\/product_brand?post=4274"},{"taxonomy":"product_cat","embeddable":true,"href":"https:\/\/longchangchemical.com\/hu\/wp-json\/wp\/v2\/product_cat?post=4274"},{"taxonomy":"product_tag","embeddable":true,"href":"https:\/\/longchangchemical.com\/hu\/wp-json\/wp\/v2\/product_tag?post=4274"}],"curies":[{"name":"wp","href":"https:\/\/api.w.org\/{rel}","templated":true}]}}